{"id":16482,"date":"2014-10-29T23:47:55","date_gmt":"2014-10-29T23:47:55","guid":{"rendered":"http:\/\/www.newmessage.org\/?page_id=16482"},"modified":"2024-02-06T06:12:22","modified_gmt":"2024-02-06T06:12:22","slug":"new-world","status":"publish","type":"page","link":"https:\/\/www.v6.newmessage.org\/tr\/the-message\/volume-1\/new-world\/","title":{"rendered":"Yeni D\u00fcnya"},"content":{"rendered":"<p>[vc_row][vc_column][vc_column_text]<\/p>\n<div id=\"attachment_23183\" style=\"width: 241px\" class=\"wp-caption alignright\"><img loading=\"lazy\" decoding=\"async\" aria-describedby=\"caption-attachment-23183\" class=\"imgborder\" src=\"\/wp-content\/uploads\/2014\/10\/the-new-world-205x300.jpg\" alt=\"The New World\" width=\"231\" height=\"339\" \/><p id=\"caption-attachment-23183\" class=\"wp-caption-text\"><\/p>\n<p><\/p><\/div>\n<p><em>The New World<\/em> reveals a warning of the great change coming to our world and a prophetic vision of a future world for which we must prepare.<\/p>\n<p><em>The New World<\/em> is a warning from God about humanity\u2019s rapid depletion and degradation of the Earth, its climate and its environment, and the urgent action we must take, individually and collectively, to both restore our planet and prepare for a new world condition in the future.<\/p>\n<p>This book reveals the grave plight of humanity and the deeper causes of a global tragedy of conflict, poverty and oppression now spreading worldwide. With this, it presents God\u2019s Plan for the world and what can save humanity as it faces its greatest trials in the future.<\/p>\n<p><em>The New World<\/em> is the prophetic prelude to <a href=\"\/\/www.newmessage.org\/the-message\/volume-4\/great-waves-change\">The Great Waves of Change<\/a>, which presents in greater detail the challenges we will face individually and the pathway of inner and outer preparation available now through the New Message to each person.<\/p>\n<p>Each chapter of <em>The New World<\/em> is a revelation given from the Source, compiled into this text by the Messenger, <a href=\"\/gods-messenger\">Marshall Vian Summers<\/a>. Several chapters of <em>The New World<\/em> were received in locations of growing conflict and instability, including in Beirut, Aleppo and Tehran.<\/p>\n<p><em>The New World<\/em> is the sixth book of <a href=\"\/the-message\/volume-1\">Volume 1<\/a> of The New Message from God.<\/p>\n<p style=\"text-align: left;\"><span style=\"color: #525252; line-height: 1.5;\"><div class=\"toggle toggle-white\"><h4 class=\"trigger \"><span class=\"t_ico\"><\/span><a href=\"#\">More about the volumes of the New Message from God<\/a><\/h4><div class=\"toggle_container \"><br \/>\n<div data-post-id='24520' class='insert-page insert-page-24520 '><\/div><br \/>\n<\/div><\/div><\/span><\/p>\n<h3 style=\"text-align: left;\"><span style=\"color: #525252; line-height: 1.5;\">Table of Contents<\/span><\/h3>\n<div class=\"background-color-bridesmaid padding-20\">\n<span class=\"hdark\" ><em>The New World<\/em> will be available online and in print in 2019 at <a href=\"\/\/www.newknowledgelibrary.org\">New Knowledge Library<\/a>. Prior to release, several chapters of <em>The New World<\/em> are being made available to the world.<\/span>\n<p><a href=\"https:\/\/www.newmessage.org\/tr\/the-message\/volume-1\/new-world\/the-global-emergency\/\">K\u00fcresel Acil Durum<\/a><\/p>\n<p><a title=\"Being Centered in a Crashing World\" href=\"\/the-message\/volume-1\/new-world\/being-centered-in-a-crashing-world\">Being Centered in a Crashing World<\/a><\/p>\n<p><a title=\"The Great Warning\" href=\"\/the-message\/volume-1\/new-world\/the-great-warning\">The Great Warning<\/a><\/p>\n<p><a title=\"The New World\" href=\"\/the-message\/volume-1\/new-world\/new-world\">Entering the New World<\/a><\/p>\n<p><a title=\"The Race to Save Human Civilization\" href=\"https:\/\/www.newmessage.org\/tr\/the-message\/volume-1\/new-world\/the-race-to-save-human-civilization\/\">\u0130nsan Uygarl\u0131\u011f\u0131n\u0131 Kurtarma Yar\u0131\u015f\u0131<\/a><\/p>\n<p><a title=\"The Shock of the Future\" href=\"\/tr\/the-message\/volume-1\/new-world\/the-shock-of-the-future\">Gelecekte \u015eok<\/a><\/p>\n<p><a title=\"Poverty\" href=\"\/the-message\/volume-1\/new-world\/poverty\">Poverty<\/a><\/p>\n<p><a title=\"What Will Save Humanity\" href=\"\/the-message\/volume-1\/new-world\/what-will-save-humanity\">What Will Save Humanity<\/a><\/p>\n<\/div>\n<p>[\/vc_column_text][\/vc_column][\/vc_row]<\/p>\n","protected":false},"excerpt":{"rendered":"<p>[vc_row][vc_column][vc_column_text] The New World reveals a warning of the great change coming to our world and a prophetic vision of a future world for which we must prepare. The New World is a warning from God about humanity\u2019s rapid depletion and degradation of the Earth, its climate and its environment, and the urgent action we\u2026 <a class=\"read-more\" href=\"https:\/\/www.v6.newmessage.org\/tr\/the-message\/volume-1\/new-world\/\"><span>Read More<\/span><\/a><\/p>\n","protected":false},"author":1,"featured_media":0,"parent":16287,"menu_order":5,"comment_status":"closed","ping_status":"closed","template":"template-leftsidebar.php","meta":{"_monsterinsights_skip_tracking":false,"_monsterinsights_sitenote_active":false,"_monsterinsights_sitenote_note":"","_monsterinsights_sitenote_category":0,"footnotes":""},"categories":[463,460],"tags":[639,630,777],"_links":{"self":[{"href":"https:\/\/www.v6.newmessage.org\/tr\/wp-json\/wp\/v2\/pages\/16482"}],"collection":[{"href":"https:\/\/www.v6.newmessage.org\/tr\/wp-json\/wp\/v2\/pages"}],"about":[{"href":"https:\/\/www.v6.newmessage.org\/tr\/wp-json\/wp\/v2\/types\/page"}],"author":[{"embeddable":true,"href":"https:\/\/www.v6.newmessage.org\/tr\/wp-json\/wp\/v2\/users\/1"}],"replies":[{"embeddable":true,"href":"https:\/\/www.v6.newmessage.org\/tr\/wp-json\/wp\/v2\/comments?post=16482"}],"version-history":[{"count":44,"href":"https:\/\/www.v6.newmessage.org\/tr\/wp-json\/wp\/v2\/pages\/16482\/revisions"}],"predecessor-version":[{"id":28271,"href":"https:\/\/www.v6.newmessage.org\/tr\/wp-json\/wp\/v2\/pages\/16482\/revisions\/28271"}],"up":[{"embeddable":true,"href":"https:\/\/www.v6.newmessage.org\/tr\/wp-json\/wp\/v2\/pages\/16287"}],"wp:attachment":[{"href":"https:\/\/www.v6.newmessage.org\/tr\/wp-json\/wp\/v2\/media?parent=16482"}],"wp:term":[{"taxonomy":"category","embeddable":true,"href":"https:\/\/www.v6.newmessage.org\/tr\/wp-json\/wp\/v2\/categories?post=16482"},{"taxonomy":"post_tag","embeddable":true,"href":"https:\/\/www.v6.newmessage.org\/tr\/wp-json\/wp\/v2\/tags?post=16482"}],"curies":[{"name":"wp","href":"https:\/\/api.w.org\/{rel}","templated":true}]}}