{"id":16358,"date":"2014-10-26T00:24:45","date_gmt":"2014-10-26T00:24:45","guid":{"rendered":"http:\/\/www.newmessage.org\/?page_id=16358"},"modified":"2019-01-09T02:58:41","modified_gmt":"2019-01-09T02:58:41","slug":"other-revelations","status":"publish","type":"page","link":"https:\/\/www.v6.newmessage.org\/tr\/the-message\/other-revelations\/","title":{"rendered":"Di\u011fer Vahiyler"},"content":{"rendered":"<h2>Tanr\u0131&#8217;dan Gelen Yeni Mesaj\u0131n di\u011fer vahiyleri:<br \/>\n<\/h2>\n<p>Burada, daha \u00f6nce Messenger taraf\u0131ndan hen\u00fcz ciltler ve kitaplara derlenmemi\u015f olan Yeni Mesaj&#8217;\u0131n di\u011fer vahiyleri mevcuttur.<br \/>\n\n\t    \n\t<article class=\"posts_listing blog_shortcode clearfix post-28319 page type-page status-publish hentry category-other-revelations category-revelations-about-the-messenger category-audio category-revelations tag-the-great-rays-of-initiation tag-yuce-baslatim-isinlari\" id=\"post-28319\">\n\n\t\t\t\t\n\t<h2 class=\"entry-title\"><a href=\"https:\/\/www.v6.newmessage.org\/tr\/the-message\/other-revelations\/the-great-rays-of-initiation\/\" rel=\"bookmark\" title=\"Permanent Link to Y\u00fcce Ba\u015flat\u0131m I\u015f\u0131nlar\u0131\">Y\u00fcce Ba\u015flat\u0131m I\u015f\u0131nlar\u0131<\/a><\/h2>\n\n\t\t\t\n\t\t<\/article>\n\t    \n\t<article class=\"posts_listing blog_shortcode clearfix post-28314 page type-page status-publish hentry category-other-revelations category-audio category-revelations tag-gece-meditasyonu tag-the-night-meditation\" id=\"post-28314\">\n\n\t\t\t\t\n\t<h2 class=\"entry-title\"><a href=\"https:\/\/www.v6.newmessage.org\/tr\/the-message\/other-revelations\/the-night-meditation\/\" rel=\"bookmark\" title=\"Permanent Link to Gece Meditasyonu\">Gece Meditasyonu<\/a><\/h2>\n\n\t\t\t\n\t\t<\/article>\n\t    \n\t<article class=\"posts_listing blog_shortcode clearfix post-28308 page type-page status-publish hentry category-other-revelations category-audio category-revelations tag-building-the-four-pillars-of-life tag-hayatinizin-dort-sutununu-insa-etmek\" id=\"post-28308\">\n\n\t\t\t\t\n\t<h2 class=\"entry-title\"><a href=\"https:\/\/www.v6.newmessage.org\/tr\/the-message\/other-revelations\/building-the-four-pillars\/\" rel=\"bookmark\" title=\"Permanent Link to Hayat\u0131n\u0131z\u0131n D\u00f6rt S\u00fctununu \u0130n\u015fa Etmek\">Hayat\u0131n\u0131z\u0131n D\u00f6rt S\u00fctununu \u0130n\u015fa Etmek<\/a><\/h2>\n\n\t\t\t\n\t\t<\/article>\n\t    \n\t<article class=\"posts_listing blog_shortcode clearfix post-28304 page type-page status-publish hentry category-other-revelations category-audio category-revelations tag-kisisel-vahyin-esigi tag-the-threshold-of-personal-revelation\" id=\"post-28304\">\n\n\t\t\t\t\n\t<h2 class=\"entry-title\"><a href=\"https:\/\/www.v6.newmessage.org\/tr\/the-message\/other-revelations\/the-threshold-of-personal-revelation\/\" rel=\"bookmark\" title=\"Permanent Link to Ki\u015fisel Vahyin E\u015fi\u011fi\">Ki\u015fisel Vahyin E\u015fi\u011fi<\/a><\/h2>\n\n\t\t\t\n\t\t<\/article>\n\t    \n\t<article class=\"posts_listing blog_shortcode clearfix post-27753 page type-page status-publish hentry category-other-revelations category-audio category-revelations tag-healing-relationships tag-iliskileri-iyilestirmek\" id=\"post-27753\">\n\n\t\t\t\t\n\t<h2 class=\"entry-title\"><a href=\"https:\/\/www.v6.newmessage.org\/tr\/the-message\/other-revelations\/healing-relationships\/\" rel=\"bookmark\" title=\"Permanent Link to \u0130li\u015fkileri \u0130yile\u015ftirmek\">\u0130li\u015fkileri \u0130yile\u015ftirmek<\/a><\/h2>\n\n\t\t\t\n\t\t<\/article>\n\t    \n\t<article class=\"posts_listing blog_shortcode clearfix post-27735 page type-page status-publish hentry category-other-revelations category-audio category-revelations tag-seyir-kulesi tag-the-watchtower\" id=\"post-27735\">\n\n\t\t\t\t\n\t<h2 class=\"entry-title\"><a href=\"https:\/\/www.v6.newmessage.org\/tr\/the-message\/other-revelations\/the-watchtower\/\" rel=\"bookmark\" title=\"Permanent Link to Seyir Kulesi\">Seyir Kulesi<\/a><\/h2>\n\n\t\t\t\n\t\t<\/article>\n\t    \n\t<article class=\"posts_listing blog_shortcode clearfix post-27733 page type-page status-publish hentry category-other-revelations category-audio category-revelations tag-ilk-sorumluluk tag-the-first-commitment\" id=\"post-27733\">\n\n\t\t\t\t\n\t<h2 class=\"entry-title\"><a href=\"https:\/\/www.v6.newmessage.org\/tr\/the-message\/other-revelations\/the-first-commitment\/\" rel=\"bookmark\" title=\"Permanent Link to \u0130lk Sorumluluk\">\u0130lk Sorumluluk<\/a><\/h2>\n\n\t\t\t\n\t\t<\/article>\n\t    \n\t<article class=\"posts_listing blog_shortcode clearfix post-27725 page type-page status-publish hentry category-other-revelations category-audio category-revelations tag-the-fate-of-nations tag-uluslarin-ve-insanlarin-inanclari\" id=\"post-27725\">\n\n\t\t\t\t\n\t<h2 class=\"entry-title\"><a href=\"https:\/\/www.v6.newmessage.org\/tr\/the-message\/other-revelations\/the-fate-of-nations\/\" rel=\"bookmark\" title=\"Permanent Link to Uluslar\u0131n ve \u0130nsanlar\u0131n \u0130nan\u00e7lar\u0131\">Uluslar\u0131n ve \u0130nsanlar\u0131n \u0130nan\u00e7lar\u0131<\/a><\/h2>\n\n\t\t\t\n\t\t<\/article>\n\t    \n\t<article class=\"posts_listing blog_shortcode clearfix post-27700 page type-page status-publish hentry category-other-revelations category-audio category-revelations tag-degisiminin-buyuk-dalgalarina-hazirlik tag-preparing-for-the-great-waves-of-change\" id=\"post-27700\">\n\n\t\t\t\t\n\t<h2 class=\"entry-title\"><a href=\"https:\/\/www.v6.newmessage.org\/tr\/the-message\/other-revelations\/preparing-for-the-great-waves-of-change\/\" rel=\"bookmark\" title=\"Permanent Link to De\u011fi\u015fiminin B\u00fcy\u00fck Dalgalar\u0131na Haz\u0131rl\u0131k\">De\u011fi\u015fiminin B\u00fcy\u00fck Dalgalar\u0131na Haz\u0131rl\u0131k<\/a><\/h2>\n\n\t\t\t\n\t\t<\/article>\n\t    \n\t<article class=\"posts_listing blog_shortcode clearfix post-27698 page type-page status-publish hentry category-other-revelations category-audio category-revelations tag-a-new-way-forward-for-humanity tag-insanlik-icin-ileriye-yeni-bir-yol\" id=\"post-27698\">\n\n\t\t\t\t\n\t<h2 class=\"entry-title\"><a href=\"https:\/\/www.v6.newmessage.org\/tr\/the-message\/other-revelations\/new-way-forward-for-humanity\/\" rel=\"bookmark\" title=\"Permanent Link to \u0130nsanl\u0131k i\u00e7in \u0130leriye Yeni bir Yol\">\u0130nsanl\u0131k i\u00e7in \u0130leriye Yeni bir Yol<\/a><\/h2>\n\n\t\t\t\n\t\t<\/article>\n\t    \n\t<article class=\"posts_listing blog_shortcode clearfix post-27696 page type-page status-publish hentry category-other-revelations category-audio category-revelations tag-deeper-recognition-in-relationships tag-iliskilerin-derinligini-tanimak\" id=\"post-27696\">\n\n\t\t\t\t\n\t<h2 class=\"entry-title\"><a href=\"https:\/\/www.v6.newmessage.org\/tr\/the-message\/other-revelations\/deeper-recognition-in-relationships\/\" rel=\"bookmark\" title=\"Permanent Link to \u0130li\u015fkilerin Derinli\u011fini Tan\u0131mak\">\u0130li\u015fkilerin Derinli\u011fini Tan\u0131mak<\/a><\/h2>\n\n\t\t\t\n\t\t<\/article>\n\t    \n\t<article class=\"posts_listing blog_shortcode clearfix post-27694 page type-page status-publish hentry category-other-revelations category-audio category-revelations tag-navigating-the-difficult-times-ahead tag-onumuzdeki-zor-zamanlari-yonetmek\" id=\"post-27694\">\n\n\t\t\t\t\n\t<h2 class=\"entry-title\"><a href=\"https:\/\/www.v6.newmessage.org\/tr\/the-message\/other-revelations\/navigating-the-difficult-times-ahead\/\" rel=\"bookmark\" title=\"Permanent Link to \u00d6n\u00fcm\u00fczdeki Zor Zamanlar\u0131 Y\u00f6netmek\">\u00d6n\u00fcm\u00fczdeki Zor Zamanlar\u0131 Y\u00f6netmek<\/a><\/h2>\n\n\t\t\t\n\t\t<\/article>\n\t    \n\t<article class=\"posts_listing blog_shortcode clearfix post-27692 page type-page status-publish hentry category-other-revelations category-audio category-revelations tag-dunya-dini-liderleri-icin-yeni-mesaj tag-the-new-message-for-the-religious-leaders-of-the-world\" id=\"post-27692\">\n\n\t\t\t\t\n\t<h2 class=\"entry-title\"><a href=\"https:\/\/www.v6.newmessage.org\/tr\/the-message\/other-revelations\/new-message-for-religious-leaders\/\" rel=\"bookmark\" title=\"Permanent Link to D\u00fcnya Dini Liderleri i\u00e7in Yeni Mesaj\">D\u00fcnya Dini Liderleri i\u00e7in Yeni Mesaj<\/a><\/h2>\n\n\t\t\t\n\t\t<\/article>\n\t    \n\t<article class=\"posts_listing blog_shortcode clearfix post-27690 page type-page status-publish hentry category-other-revelations category-audio category-revelations tag-the-reconciliation tag-uzlasma\" id=\"post-27690\">\n\n\t\t\t\t\n\t<h2 class=\"entry-title\"><a href=\"https:\/\/www.v6.newmessage.org\/tr\/the-message\/other-revelations\/the-reconciliation\/\" rel=\"bookmark\" title=\"Permanent Link to Uzla\u015fma\">Uzla\u015fma<\/a><\/h2>\n\n\t\t\t\n\t\t<\/article>\n\t    \n\t<article class=\"posts_listing blog_shortcode clearfix post-27687 page type-page status-publish hentry category-other-revelations category-audio category-revelations tag-kadinin-cagi tag-the-age-of-women\" id=\"post-27687\">\n\n\t\t\t\t\n\t<h2 class=\"entry-title\"><a href=\"https:\/\/www.v6.newmessage.org\/tr\/the-message\/other-revelations\/the-age-of-women\/\" rel=\"bookmark\" title=\"Permanent Link to Kad\u0131n\u0131n \u00c7a\u011f\u0131\">Kad\u0131n\u0131n \u00c7a\u011f\u0131<\/a><\/h2>\n\n\t\t\t\n\t\t<\/article>\n\t    \n\t<article class=\"posts_listing blog_shortcode clearfix post-27685 page type-page status-publish hentry category-other-revelations category-audio category-revelations tag-gezegendeki-istikrarsizlik tag-planetary-instability\" id=\"post-27685\">\n\n\t\t\t\t\n\t<h2 class=\"entry-title\"><a href=\"https:\/\/www.v6.newmessage.org\/tr\/the-message\/other-revelations\/planetary-instability\/\" rel=\"bookmark\" title=\"Permanent Link to Gezegendeki \u0130stikrars\u0131zl\u0131k\">Gezegendeki \u0130stikrars\u0131zl\u0131k<\/a><\/h2>\n\n\t\t\t\n\t\t<\/article>\n\t    \n\t<article class=\"posts_listing blog_shortcode clearfix post-27681 page type-page status-publish hentry category-other-revelations category-audio category-revelations tag-destiny tag-kader\" id=\"post-27681\">\n\n\t\t\t\t\n\t<h2 class=\"entry-title\"><a href=\"https:\/\/www.v6.newmessage.org\/tr\/the-message\/other-revelations\/destiny\/\" rel=\"bookmark\" title=\"Permanent Link to Kader\">Kader<\/a><\/h2>\n\n\t\t\t\n\t\t<\/article>\n\t    \n\t<article class=\"posts_listing blog_shortcode clearfix post-27485 page type-page status-publish hentry category-other-revelations category-revelations-about-the-messenger category-audio category-revelations tag-habercininin-yuku tag-the-burden-of-the-messenger\" id=\"post-27485\">\n\n\t\t\t\t\n\t<h2 class=\"entry-title\"><a href=\"https:\/\/www.v6.newmessage.org\/tr\/the-message\/other-revelations\/burden-of-the-messenger\/\" rel=\"bookmark\" title=\"Permanent Link to Habercininin Y\u00fck\u00fc\">Habercininin Y\u00fck\u00fc<\/a><\/h2>\n\n\t\t\t\n\t\t<\/article>\n\t    \t    <\/p>\n","protected":false},"excerpt":{"rendered":"<p>Tanr\u0131&#8217;dan Gelen Yeni Mesaj\u0131n di\u011fer vahiyleri: Burada, daha \u00f6nce Messenger taraf\u0131ndan hen\u00fcz ciltler ve kitaplara derlenmemi\u015f olan Yeni Mesaj&#8217;\u0131n di\u011fer vahiyleri mevcuttur.<\/p>\n","protected":false},"author":1,"featured_media":0,"parent":26942,"menu_order":11,"comment_status":"closed","ping_status":"closed","template":"template-leftsidebar.php","meta":{"_monsterinsights_skip_tracking":false,"_monsterinsights_sitenote_active":false,"_monsterinsights_sitenote_note":"","_monsterinsights_sitenote_category":0,"footnotes":""},"categories":[],"tags":[783,772],"_links":{"self":[{"href":"https:\/\/www.v6.newmessage.org\/tr\/wp-json\/wp\/v2\/pages\/16358"}],"collection":[{"href":"https:\/\/www.v6.newmessage.org\/tr\/wp-json\/wp\/v2\/pages"}],"about":[{"href":"https:\/\/www.v6.newmessage.org\/tr\/wp-json\/wp\/v2\/types\/page"}],"author":[{"embeddable":true,"href":"https:\/\/www.v6.newmessage.org\/tr\/wp-json\/wp\/v2\/users\/1"}],"replies":[{"embeddable":true,"href":"https:\/\/www.v6.newmessage.org\/tr\/wp-json\/wp\/v2\/comments?post=16358"}],"version-history":[{"count":23,"href":"https:\/\/www.v6.newmessage.org\/tr\/wp-json\/wp\/v2\/pages\/16358\/revisions"}],"predecessor-version":[{"id":27521,"href":"https:\/\/www.v6.newmessage.org\/tr\/wp-json\/wp\/v2\/pages\/16358\/revisions\/27521"}],"up":[{"embeddable":true,"href":"https:\/\/www.v6.newmessage.org\/tr\/wp-json\/wp\/v2\/pages\/26942"}],"wp:attachment":[{"href":"https:\/\/www.v6.newmessage.org\/tr\/wp-json\/wp\/v2\/media?parent=16358"}],"wp:term":[{"taxonomy":"category","embeddable":true,"href":"https:\/\/www.v6.newmessage.org\/tr\/wp-json\/wp\/v2\/categories?post=16358"},{"taxonomy":"post_tag","embeddable":true,"href":"https:\/\/www.v6.newmessage.org\/tr\/wp-json\/wp\/v2\/tags?post=16358"}],"curies":[{"name":"wp","href":"https:\/\/api.w.org\/{rel}","templated":true}]}}