{"id":16290,"date":"2014-10-25T01:17:35","date_gmt":"2014-10-25T01:17:35","guid":{"rendered":"http:\/\/www.newmessage.org\/?page_id=16290"},"modified":"2019-04-08T05:27:04","modified_gmt":"2019-04-08T05:27:04","slug":"god-spoken-again","status":"publish","type":"page","link":"https:\/\/www.v6.newmessage.org\/tr\/the-message\/volume-1\/god-spoken-again\/","title":{"rendered":"Tanr\u0131 Yeniden Konu\u015ftu"},"content":{"rendered":"<div id=\"attachment_20957\" style=\"width: 244px\" class=\"wp-caption alignright\"><a href=\"\/\/www.newmessage.org\/wp-content\/uploads\/2015\/08\/GHS-front-cover.jpg\"><img loading=\"lazy\" decoding=\"async\" aria-describedby=\"caption-attachment-20957\" src=\"\/\/www.newmessage.org\/wp-content\/uploads\/2015\/08\/GHS-front-cover-204x300.jpg\" alt=\"God Has Spoken again\" width=\"234\" height=\"344\" \/><\/a><p id=\"caption-attachment-20957\" class=\"wp-caption-text\"><\/p>\n<p><\/p><\/div>\n<p><em>Tanr\u0131 Yeniden Konu\u015ftu<\/em> Tanr\u0131\u2019dan insanl\u0131k i\u00e7in gelen Yeni Bir Mesaj\u0131n ba\u015flang\u0131c\u0131d\u0131r. Bu kitab\u0131n sayfalar\u0131nda ve b\u00f6l\u00fcmlerinde, Tanr\u0131, tekrardan bir uyar\u0131 ilan ediyor, yeni bir d\u00fcnya ger\u00e7ekli\u011fi i\u00e7in bir l\u00fctuf ve haz\u0131rl\u0131k sunuyor, Tanr\u0131\u2019n\u0131n Varl\u0131\u011f\u0131n\u0131n ger\u00e7ekli\u011fini ayd\u0131nlat\u0131yor ve d\u00fcnyada git gide b\u00fcy\u00fcyen sava\u015f, \u00e7evresel y\u0131k\u0131m, dini \u00e7at\u0131\u015fma, insanlar\u0131n \u00e7ekti\u011fi ac\u0131 ve yoksullu\u011fa \u0130lahi bir cevap sunuyor.<\/p>\n<p>Bu Tanr\u0131dan Gelen Yeni Bir Mesajd\u0131r. Sadece bir kabile, grup ya da millet i\u00e7in de\u011fildir. Bu ve gelecek zamanlar i\u00e7in D\u00fcnyadaki her erke\u011fin, kad\u0131n\u0131n ve \u00e7ocu\u011fun kalbine Tanr\u0131\u2019dan canl\u0131 bir ileti\u015fimdir. D\u00fcnyay\u0131 g\u00f6zeten ve eskiden beri insanl\u0131\u011fa rehberlik eden \u0130lahi Varl\u0131ktan gelen \u00f6zg\u00fcn bir ileti\u015fimdir.<\/p>\n<p>Eldeki bir kitap gibi g\u00f6r\u00fcnse de <em>Tanr\u0131 Yeniden Konu\u015ftu<\/em>, \u00e7ok daha b\u00fcy\u00fck bir \u015feydir. Bu Tanr\u0131\u2019dan size canl\u0131 bir ileti\u015fimin ba\u015flang\u0131c\u0131d\u0131r. Bu kitab\u0131n i\u00e7inde Tanr\u0131\u2019n\u0131n Varl\u0131\u011f\u0131 sizi ve t\u00fcm insanlar\u0131, zihninizin kadim koridorlar\u0131na seslenir, i\u00e7inizde ya\u015fayan ruhsal varl\u0131\u011fa \u00e7a\u011fr\u0131da bulunur. Bu, onu alabilecek herkesin yenilenmesi i\u00e7in baki bir g\u00fczellik, kuvvet ve g\u00fc\u00e7 Mesaj\u0131d\u0131r. \u00c7\u00fcnk\u00fc, Tanr\u0131 d\u00fcnyaya neyin yakla\u015fmakta oldu\u011funu bilir ve Tanr\u0131 sizin ve di\u011ferlerinin ge\u00e7mi\u015ften \u00e7ok farkl\u0131 bir gelece\u011fe haz\u0131rlamak i\u00e7in neden bu d\u00fcnyaya g\u00f6nderildi\u011fini bilir.<\/p>\n<p><em>Tanr\u0131 Yeniden Konu\u015ftu<\/em>, Tanr\u0131\u2019dan Gelen Yeni Mesaj\u2019\u0131n <a href=\"https:\/\/www.newmessage.org\/tr\/the-message\/volume-1\/\">1. Cildinin<\/a> ilk kitab\u0131d\u0131r.<\/p>\n<div class=\"toggle toggle-white\"><h4 class=\"trigger \"><span class=\"t_ico\"><\/span><a href=\"#\">Tanr\u0131'n\u0131n Yeni Mesaj'\u0131 Hakk\u0131nda daha fazla \u00f6\u011frenin.<\/a><\/h4><div class=\"toggle_container \"><br \/>\n<div data-post-id='24520' class='insert-page insert-page-24520 '><\/div><br \/>\n<\/div><\/div>\n<div class=\"background-color-bridesmaid padding-20\">\n<h2 style=\"text-align: left\"><span style=\"color: #525252\">\u0130\u00e7erik tablosu<\/span><\/h2>\n<p><a href=\"https:\/\/www.newmessage.org\/tr\/the-message\/volume-1\/god-spoken-again\/god-has-spoken-again-intro\/\">Giri\u015f<\/a><br \/>\n1-<a href=\"https:\/\/www.newmessage.org\/tr\/the-message\/volume-1\/god-spoken-again\/the-proclamation\/\">Bildiri<\/a><br \/>\n2-<a href=\"https:\/\/www.newmessage.org\/tr\/the-message\/volume-1\/god-spoken-again\/the-recitation\/\">Anlatim<\/a><br \/>\n3-<a href=\"https:\/\/www.newmessage.org\/tr\/the-message\/volume-1\/god-spoken-again\/the-engagement\/\">Taahh\u00fct<\/a><br \/>\n4-<a href=\"https:\/\/www.newmessage.org\/tr\/the-message\/volume-1\/god-spoken-again\/god-has-spoken\/\">Tanri Yeniden Konu\u015ftu<\/a><br \/>\n5-<a href=\"https:\/\/www.newmessage.org\/tr\/the-message\/volume-1\/god-spoken-again\/seal-of-the-prophets\/\">Peygamberlerin M\u00fchr\u00fc<\/a><br \/>\n6-<a href=\"https:\/\/www.newmessage.org\/tr\/the-message\/volume-1\/god-spoken-again\/mission-of-the-messenger\/\">El\u00e7inin G\u00f6revi<\/a><br \/>\n7-<a href=\"https:\/\/www.newmessage.org\/tr\/the-message\/volume-1\/god-spoken-again\/the-initiation\/\">Ba\u015flangi\u00e7<\/a><br \/>\n8-<a href=\"https:\/\/www.newmessage.org\/tr\/the-message\/volume-1\/god-spoken-again\/the-blessing\/\">L\u00fctuf<\/a><br \/>\n9-<a href=\"https:\/\/www.newmessage.org\/tr\/the-message\/volume-1\/god-spoken-again\/living-at-a-time-of-revelation\/\">Vahiy Zamaninda Ya\u015famak<\/a><br \/>\n10-<a href=\"https:\/\/www.newmessage.org\/tr\/the-message\/volume-1\/god-spoken-again\/the-assembly\/\">Meclis<\/a><br \/>\n11-<a href=\"https:\/\/www.newmessage.org\/tr\/the-message\/volume-1\/god-spoken-again\/gods-new-message-for-the-world\/\">Tanri\u2019nin D\u00fcnya\u2019ya Yeni Mesaji<\/a><br \/>\n12-<a href=\"https:\/\/www.newmessage.org\/tr\/the-message\/volume-1\/god-spoken-again\/god-is-moving-humanity-in-a-new-direction\/\">Tanri Insanli\u011fi Yeni Bir Y\u00f6ne G\u00f6t\u00fcr\u00fcyor<\/a><br \/>\n13-<a href=\"https:\/\/www.newmessage.org\/tr\/the-message\/volume-1\/god-spoken-again\/the-world-must-receive-gods-new-message\/\">D\u00fcnya Tanri\u2019nin Yeni Mesajini Almali<\/a><br \/>\n14-<a href=\"https:\/\/www.newmessage.org\/tr\/the-message\/volume-1\/god-spoken-again\/the-calling\/\">\u00c7a\u011fri<\/a><\/p>\n<\/div>\n","protected":false},"excerpt":{"rendered":"<p>Tanr\u0131 Yeniden Konu\u015ftu Tanr\u0131\u2019dan insanl\u0131k i\u00e7in gelen Yeni Bir Mesaj\u0131n ba\u015flang\u0131c\u0131d\u0131r. Bu kitab\u0131n sayfalar\u0131nda ve b\u00f6l\u00fcmlerinde, Tanr\u0131, tekrardan bir uyar\u0131 ilan ediyor, yeni bir d\u00fcnya ger\u00e7ekli\u011fi i\u00e7in bir l\u00fctuf ve haz\u0131rl\u0131k sunuyor, Tanr\u0131\u2019n\u0131n Varl\u0131\u011f\u0131n\u0131n ger\u00e7ekli\u011fini ayd\u0131nlat\u0131yor ve d\u00fcnyada git gide b\u00fcy\u00fcyen sava\u015f, \u00e7evresel y\u0131k\u0131m, dini \u00e7at\u0131\u015fma, insanlar\u0131n \u00e7ekti\u011fi ac\u0131 ve yoksullu\u011fa \u0130lahi bir cevap sunuyor.\u2026 <a class=\"read-more\" href=\"https:\/\/www.v6.newmessage.org\/tr\/the-message\/volume-1\/god-spoken-again\/\"><span>Read More<\/span><\/a><\/p>\n","protected":false},"author":1,"featured_media":0,"parent":16287,"menu_order":3,"comment_status":"closed","ping_status":"closed","template":"template-leftsidebar.php","meta":{"_monsterinsights_skip_tracking":false,"_monsterinsights_sitenote_active":false,"_monsterinsights_sitenote_note":"","_monsterinsights_sitenote_category":0,"footnotes":""},"categories":[461,460],"tags":[601],"_links":{"self":[{"href":"https:\/\/www.v6.newmessage.org\/tr\/wp-json\/wp\/v2\/pages\/16290"}],"collection":[{"href":"https:\/\/www.v6.newmessage.org\/tr\/wp-json\/wp\/v2\/pages"}],"about":[{"href":"https:\/\/www.v6.newmessage.org\/tr\/wp-json\/wp\/v2\/types\/page"}],"author":[{"embeddable":true,"href":"https:\/\/www.v6.newmessage.org\/tr\/wp-json\/wp\/v2\/users\/1"}],"replies":[{"embeddable":true,"href":"https:\/\/www.v6.newmessage.org\/tr\/wp-json\/wp\/v2\/comments?post=16290"}],"version-history":[{"count":120,"href":"https:\/\/www.v6.newmessage.org\/tr\/wp-json\/wp\/v2\/pages\/16290\/revisions"}],"predecessor-version":[{"id":27925,"href":"https:\/\/www.v6.newmessage.org\/tr\/wp-json\/wp\/v2\/pages\/16290\/revisions\/27925"}],"up":[{"embeddable":true,"href":"https:\/\/www.v6.newmessage.org\/tr\/wp-json\/wp\/v2\/pages\/16287"}],"wp:attachment":[{"href":"https:\/\/www.v6.newmessage.org\/tr\/wp-json\/wp\/v2\/media?parent=16290"}],"wp:term":[{"taxonomy":"category","embeddable":true,"href":"https:\/\/www.v6.newmessage.org\/tr\/wp-json\/wp\/v2\/categories?post=16290"},{"taxonomy":"post_tag","embeddable":true,"href":"https:\/\/www.v6.newmessage.org\/tr\/wp-json\/wp\/v2\/tags?post=16290"}],"curies":[{"name":"wp","href":"https:\/\/api.w.org\/{rel}","templated":true}]}}