{"id":16287,"date":"2014-10-25T01:14:16","date_gmt":"2014-10-25T01:14:16","guid":{"rendered":"http:\/\/www.newmessage.org\/?page_id=16287"},"modified":"2024-02-06T06:14:03","modified_gmt":"2024-02-06T06:14:03","slug":"volume-1","status":"publish","type":"page","link":"https:\/\/www.v6.newmessage.org\/tr\/the-message\/volume-1\/","title":{"rendered":"Cilt 1"},"content":{"rendered":"<p>&nbsp;<\/p>\n<h3><strong>Hakk\u0131nda Cilt 1<\/strong><\/h3>\n<p><img loading=\"lazy\" decoding=\"async\" class=\"imgborder alignright size-medium\" src=\"\/\/www.newmessage.org\/wp-content\/uploads\/2014\/10\/The-New-Message-from-God-Volume-1-214x300.png\" alt=\"\" width=\"214\" height=\"300\" \/><\/p>\n<p>Volume One of the New Message from God contains God\u2019s essential Revelation for the world at this time. Here begins a new communication from the heart of God to the world of humanity.<br \/>\nIn the seven books of Volume One, God proclaims God\u2019s New Revelation for the world and the great need for God\u2019s Revelation at this time and in the times to come.<\/p>\n<p>The books of Volume One reveal the greater reality of life, of the world and of the Greater Community of life in the universe. This greater reality is being revealed in the world for the first time in human history. Volume One warns us of the great dangers and pressing needs facing the world now and in the future. With this, it calls each of us to reclaim and express the undiscovered spiritual power which lives at the heart of humanity.<\/p>\n<p>Volume One first presents <em><a href=\"\/\/www.newmessage.org\/the-message\/volume-1\/god-spoken-again\">God Has Spoken Again<\/a><\/em>, which opens the door to the New Message from God for all people in the world. Following <em>God Has Spoken Again<\/em>, Volume One presents the books of <em><a title=\"The New God\" href=\"\/the-message\/volume-1\/one-god\">The One God<\/a><\/em> and <em><a title=\"The New Messenger\" href=\"\/the-message\/volume-1\/new-messenger\">The New Messenger<\/a><\/em>, further revealing the nature of God, God\u2019s Plan to end the Separation and the presence of the Angelic Assembly and its Messengers. Volume One then presents the books <em><a title=\"The Greater Community\" href=\"\/the-message\/volume-1\/greater-community\">The Greater Community<\/a>, <\/em><a title=\"The New Life\" href=\"\/the-message\/volume-1\/new-life\"><em>The New Life <\/em><\/a>and <em><a title=\"The New World\" href=\"\/the-message\/volume-1\/new-world\">The New World<\/a><\/em> which open before us a new reality of life in our world and our destiny in the universe beyond. Volume One ends with the book <em><a href=\"\/\/www.newmessage.org\/the-message\/volume-1\/pure-religion\">The Pure Religion<\/a><\/em>, which calls each person to the living presence of God in their lives.<\/p>\n<p>The books of Volume One contain the original spoken Revelations received by the Messenger Marshall Vian Summers. The Messenger has been directed by the Source of the New Message to gather the revelations of the New Message into the sacred books of Volume 1 of God\u2019s New Message.<br \/>\n<div class=\"toggle toggle-white\"><h4 class=\"trigger \"><span class=\"t_ico\"><\/span><a href=\"#\">More about the volumes of the New Message from God<\/a><\/h4><div class=\"toggle_container \"><br \/>\n<\/p>\n<p><\/div><\/div>\n<div class=\"clearfix\"><\/div>\n<h2 style=\"text-align: center;\">Yeni Mesaj K\u00fct\u00fcphanesi<\/h2>\n<div class=\"the-message-books-volumes background-tile-1\">\n<h2 class=\"text-align-center margin-bottom-20 margin-top-20\"><a class=\"text-color-gray-5 not-underlined\" title=\"Volume 1\" href=\"\/tr\/the-message\/volume-1\">Cilt 1<\/a><\/h2>\n<div class=\"one_third \" ><\/p>\n<div class=\"message-book-div\"><a class=\"message-book-link-to-post\" href=\"\/tr\/the-message\/volume-1\/god-spoken-again\" rel=\"bookmark\">Tanr\u0131 Yeniden Konu\u015ftu<\/a><\/div>\n<div class=\"toggle toggle-gray\"><h4 class=\"trigger \"><span class=\"t_ico\"><\/span><a href=\"#\">\u0130\u00e7erik tablosu<\/a><\/h4><div class=\"toggle_container \"><br \/>\n<a href=\"\/the-message\/volume-1\/god-spoken-again\/the-proclamation\">The Proclamation<\/a><br \/>\n<a href=\"\/the-message\/volume-1\/god-spoken-again\/the-recitation\">The Recitation<\/a><br \/>\n<a href=\"\/the-message\/volume-1\/god-spoken-again\/the-engagement\">The Engagement<\/a><br \/>\n<a href=\"\/the-message\/volume-1\/god-spoken-again\/god-has-spoken\">God Has Spoken Again<\/a><br \/>\n<a href=\"\/the-message\/volume-1\/god-spoken-again\/seal-of-the-prophets\">The Seal of the Prophets<\/a><br \/>\n<a href=\"\/the-message\/volume-1\/god-spoken-again\/mission-of-the-messenger\">The Mission of the Messenger<\/a><br \/>\n<a href=\"\/the-message\/volume-1\/god-spoken-again\/the-initiation\">The Initiation<\/a><br \/>\n<a href=\"\/the-message\/volume-1\/god-spoken-again\/the-blessing\">The Blessing<\/a><br \/>\n<a href=\"\/the-message\/volume-1\/god-spoken-again\/living-at-a-time-of-revelation\">Living at a Time of Revelation<\/a><br \/>\n<a href=\"\/the-message\/volume-1\/god-spoken-again\/the-assembly\">The Assembly<\/a><br \/>\n<a href=\"\/the-message\/volume-1\/god-spoken-again\/gods-new-message-for-the-world\">God\u2019s New Message for the World<\/a><br \/>\n<a href=\"\/the-message\/volume-1\/god-spoken-again\/god-is-moving-humanity-in-a-new-direction\">God Is Moving Humanity in a New Direction<\/a><br \/>\n<a href=\"\/the-message\/volume-1\/god-spoken-again\/the-world-must-receive-gods-new-message\">The World Must Receive God\u2019s New Message<\/a><br \/>\n<a href=\"\/the-message\/volume-1\/god-spoken-again\/the-calling\">The Calling<\/a><br \/>\n<\/div><\/div><br \/>\n<\/div>\n<div class=\"one_third \" ><\/p>\n<div class=\"message-book-div\"><a class=\"message-book-link-to-post\" title=\"The One God\" href=\"\/tr\/the-message\/volume-1\/one-god\" rel=\"bookmark\">Tek Tanr\u0131<\/a><\/div>\n<div class=\"toggle toggle-gray\"><h4 class=\"trigger \"><span class=\"t_ico\"><\/span><a href=\"#\">\u0130\u00e7erik tablosu<\/a><\/h4><div class=\"toggle_container \"><br \/>\n<a href=\"\/the-message\/volume-1\/one-god\/the-one-god-book-intro\">Giri\u015f<\/a><\/p>\n<p>B\u00f6l\u00fcm 1: <a href=\"\/tr\/the-message\/volume-1\/one-god\/comprehending-god\">Tanr\u0131\u2019y\u0131 Anlamak<\/a><\/p>\n<p>B\u00f6l\u00fcm 2: <a href=\"\/tr\/the-message\/volume-1\/one-god\/new-god-revelation\">Yeni Tanr\u0131 Vahyi<\/a><\/p>\n<p>B\u00f6l\u00fcm 3: <a href=\"\/tr\/the-message\/volume-1\/one-god\/the-origin\">K\u00f6ken<\/a><\/p>\n<p>B\u00f6l\u00fcm 4: <a href=\"\/tr\/the-message\/volume-1\/one-god\/the-separation\">Ayr\u0131l\u0131k<\/a><\/p>\n<p>B\u00f6l\u00fcm 5: <a href=\"\/tr\/the-message\/volume-1\/one-god\/what-is-creation\">Yarat\u0131l\u0131\u015f nedir?<\/a><\/p>\n<p>B\u00f6l\u00fcm 6: <a href=\"\/tr\/the-message\/volume-1\/one-god\/the-soul\">Ruh<\/a><\/p>\n<p>B\u00f6l\u00fcm 7: <a href=\"https:\/\/www.newmessage.org\/tr\/the-message\/volume-1\/one-god\/what-creates-evil\/\">K\u00f6t\u00fcl\u00fc\u011f\u00fc Ne Yarat\u0131r?<\/a><\/p>\n<p>B\u00f6l\u00fcm 8: <a href=\"https:\/\/www.newmessage.org\/tr\/the-message\/volume-1\/one-god\/the-redemption\/\">Kurtulu\u015f<\/a><\/p>\n<p>B\u00f6l\u00fcm 9: <a href=\"https:\/\/www.newmessage.org\/tr\/the-message\/volume-1\/one-god\/god-knowledge-and-the-angelic-presence\/\">Tanr\u0131, \u0130lim ve Melek Varl\u0131\u011f\u0131<\/a><\/p>\n<p>B\u00f6l\u00fcm 10: <a href=\"https:\/\/www.newmessage.org\/tr\/the-message\/volume-1\/one-god\/how-god-speaks-to-the-world\/\">Tanr\u0131 D\u00fcnyayla Nas\u0131l Konu\u015fur?<\/a><\/p>\n<p>B\u00f6l\u00fcm 11: <a href=\"https:\/\/www.newmessage.org\/tr\/the-message\/volume-1\/one-god\/gods-plan-is-to-save-everyone\/\">Tanr\u0131&#8217;n\u0131n Plan\u0131 Herkesi Kurtarmakt\u0131r<\/a><\/p>\n<p>B\u00f6l\u00fcm 12: <a href=\"https:\/\/www.newmessage.org\/tr\/the-message\/volume-1\/one-god\/the-heart-of-god\/\">Tanr\u0131&#8217;n\u0131n Kalbi<\/a><br \/>\n<\/div><\/div><br \/>\n<\/div>\n<div class=\"one_third last\" ><\/p>\n<div class=\"message-book-div\"><a class=\"message-book-link-to-post\" title=\"The New Messenger book\" href=\"\/tr\/the-message\/volume-1\/new-messenger\" rel=\"bookmark\">Yeni El\u00e7i<\/a><\/div>\n<div class=\"toggle toggle-gray\"><h4 class=\"trigger \"><span class=\"t_ico\"><\/span><a href=\"#\">\u0130\u00e7erik tablosu<\/a><\/h4><div class=\"toggle_container \"><br \/>\n1: <a href=\"https:\/\/www.newmessage.org\/tr\/the-message\/volume-1\/new-messenger\/the-will-of-heaven\/\">Cennetin \u0130radesi<\/a><br \/>\n2: <a href=\"https:\/\/www.newmessage.org\/tr\/the-message\/volume-1\/new-messenger\/the-origin-of-the-messenger\/\">El\u00e7i&#8217;nin K\u00f6keni<\/a><br \/>\n3: <a href=\"https:\/\/www.newmessage.org\/tr\/the-message\/volume-1\/new-messenger\/the-lineage-of-the-messenger\">El\u00e7inin K\u00f6keni<\/a><br \/>\n4: <a href=\"https:\/\/www.newmessage.org\/tr\/the-message\/volume-1\/new-messenger\/the-story-of-the-messenger\">El\u00e7inin Hikayesi<\/a><br \/>\n5: <a href=\"https:\/\/www.newmessage.org\/tr\/the-message\/volume-1\/new-messenger\/the-requirements-of-the-messenger\/\">El\u00e7i&#8217;nin Gereklilikleri<\/a><br \/>\n6: <a href=\"https:\/\/www.newmessage.org\/tr\/the-message\/volume-1\/new-messenger\/the-veil-of-the-messenger\/\">El\u00e7inin Pe\u00e7esi<\/a><br \/>\n7: <a href=\"https:\/\/www.newmessage.org\/tr\/the-message\/volume-1\/new-messenger\/understanding-the-new-messenger\/\">Yeni El\u00e7iyi Anlamak<\/a><br \/>\n8: <a href=\"https:\/\/www.newmessage.org\/tr\/the-message\/volume-1\/new-messenger\/facing-the-light-of-revelation\/\">Vahiy I\u015f\u0131\u011f\u0131yla Y\u00fczle\u015fmek<\/a><br \/>\n9: <a href=\"https:\/\/www.newmessage.org\/tr\/the-message\/volume-1\/new-messenger\/the-journey-of-the-messenger\/\">El\u00e7i&#8217;nin Yolculu\u011fu<\/a><br \/>\n10: <a href=\"https:\/\/www.newmessage.org\/tr\/the-message\/volume-1\/new-messenger\/the-prophet\/\">Peygamber<\/a><br \/>\n11: <a href=\"https:\/\/www.newmessage.org\/tr\/the-message\/volume-1\/new-messenger\/the-consequence-of-revelation\/\">Vahiy&#8217;in Sonu\u00e7lar\u0131<\/a><br \/>\n12: <a href=\"https:\/\/www.newmessage.org\/tr\/the-message\/volume-1\/new-messenger\/the-messengers-calling\/\">El\u00e7i&#8217;nin \u00c7a\u011fr\u0131s\u0131<\/a><br \/>\n13: <a href=\"https:\/\/www.newmessage.org\/tr\/the-message\/volume-1\/new-messenger\/walking-with-the-messenger\/\">El\u00e7i\u0307 i\u0307le bi\u0307rli\u0307kte y\u00fcr\u00fcmek<\/a><br \/>\n<\/div><\/div><br \/>\n<\/div>\n<div class=\"clearfix\"><\/div>\n<div class=\"one_third \" ><\/p>\n<div class=\"message-book-div\"><a class=\"message-book-link-to-post\" title=\"The Greater Community\" href=\"\/tr\/the-message\/volume-1\/greater-community\" rel=\"bookmark\">B\u00fcy\u00fck Camia<\/a><\/div>\n<div class=\"toggle toggle-gray\"><h4 class=\"trigger \"><span class=\"t_ico\"><\/span><a href=\"#\">\u0130\u00e7erik tablosu<\/a><\/h4><div class=\"toggle_container \"><\/p>\n<p><a title=\"Humanity's Emergence into the Greater Community\" href=\"\/the-message\/volume-1\/greater-community\/humanitys-emergence-into-the-greater-community\">Humanity&#8217;s Emergence into the Greater Community<\/a><br \/>\n<a href=\"\/the-message\/volume-1\/greater-community\/intelligent-life-in-the-universe\">Contact with Intelligent Life in the Universe<\/a><br \/>\n<a href=\"\/the-message\/volume-1\/greater-community\/free-energy-alien-technologies\">Facing the Greater Community<\/a><br \/>\nB\u00f6l\u00fcm 4: <a href=\"https:\/\/www.newmessage.org\/tr\/the-message\/volume-1\/greater-community\/entering-the-greater-community\/\">B\u00fcy\u00fck Camiaya Giri\u015f<\/a><br \/>\nB\u00f6l\u00fcm 5: <a href=\"https:\/\/www.newmessage.org\/tr\/the-message\/volume-1\/greater-community\/who-are-the-allies-of-humanity\/\">\u0130nsanl\u0131\u011f\u0131n M\u00fcttefikleri Kimlerdir?<\/a><br \/>\n<a href=\"\/the-message\/volume-1\/greater-community\/enemies-human-family\">The Enemies of Humanity<\/a><br \/>\n<a title=\"Humanity's Destiny in the Greater Community\" href=\"\/the-message\/volume-1\/greater-community\/humanitys-destiny-in-the-greater-community\">Humanity&#8217;s Destiny in the Greater Community<\/a><br \/>\n<a title=\"Preparing for the Greater Community\" href=\"\/the-message\/volume-1\/greater-community\/preparing-for-the-greater-community\">Preparing for the Greater Community<\/a><br \/>\n<a href=\"\/the-message\/volume-1\/greater-community\/protecting-the-world\">Protecting the World<\/a><br \/>\n<a title=\"The Importance of the Greater Community\" href=\"\/the-message\/volume-1\/greater-community\/importance-greater-community\">The Importance of the Greater Community<\/a><br \/>\n<a href=\"\/the-message\/volume-1\/greater-community\/uncertain-future\">The New Revelation<\/a><\/p>\n<p><\/div><\/div>\n<p><\/div>\n<div class=\"one_third \" ><\/p>\n<div class=\"message-book-div\"><a class=\"message-book-link-to-post\" title=\"The Power of Knowledge\" href=\"https:\/\/www.newmessage.org\/tr\/the-message\/volume-1\/power-of-knowledge\" rel=\"bookmark\">The Power of Knowledge<\/a><\/div>\n<div class=\"toggle toggle-gray\"><h4 class=\"trigger \"><span class=\"t_ico\"><\/span><a href=\"#\">\u0130\u00e7erik tablosu<\/a><\/h4><div class=\"toggle_container \"><br \/>\n<a href=\"\/the-message\/volume-1\/the-power-of-knowledge-introduction\">Introduction<\/a><\/p>\n<p>Chapter 1: <a href=\"\/the-message\/volume-1\/power-of-knowledge\/greater-power\">The Greater Power within You<\/a><\/p>\n<p>Chapter 2: <a href=\"\/the-message\/volume-1\/power-of-knowledge\/power-of-knowledge-other\">The Power of Knowledge<\/a><\/p>\n<p>Chapter 3: <a href=\"\/the-message\/volume-1\/power-of-knowledge\/souls-journey-through-life\">The Soul&#8217;s Journey on Earth<\/a><\/p>\n<p>Chapter 4: <a href=\"\/the-message\/volume-1\/power-of-knowledge\/living-separation-alone-afraid\">Living in Separation<\/a><\/p>\n<p>Chapter 5: <a href=\"\/the-message\/volume-1\/power-of-knowledge\/the-crisis\">The Crisis<\/a><\/p>\n<p>Chapter 6: <a href=\"\/the-message\/volume-1\/power-of-knowledge\/experiencing-presence-god\">The Presence<\/a><\/p>\n<p>Chapter 7: <a href=\"\/the-message\/volume-1\/power-of-knowledge\/the-reconciliation\">The Reconciliation<\/a><\/p>\n<p>Chapter 8: <a href=\"\/the-message\/volume-1\/power-of-knowledge\/you-are-not-your-mind\">Who You Are Is Not Your Mind<\/a><\/p>\n<p>Chapter 9: <a href=\"\/the-message\/volume-1\/power-of-knowledge\/ideas-beliefs-god\">Knowledge and the Limits of Belief<\/a><\/p>\n<p>Chapter 10: <a href=\"\/the-message\/volume-1\/power-of-knowledge\/the-greater-intelligence\">The Greater Intelligence<\/a><\/p>\n<p>Chapter 11: <a href=\"\/the-message\/volume-1\/power-of-knowledge\/bridge-two-minds\">The Bridge<\/a><\/p>\n<p>Chapter 12: <a href=\"\/the-message\/volume-1\/power-of-knowledge\/following-presence-god\">Following the Presence<\/a><\/p>\n<p>13: <a href=\"https:\/\/www.newmessage.org\/tr\/the-message\/volume-1\/power-of-knowledge\/the-spiritual-fire\/\">Manevi Ate\u015f<\/a><\/p>\n<p>Chapter 14: <a href=\"\/the-message\/volume-1\/power-of-knowledge\/remembrance-eternal-life\">The Remembrance<\/a><br \/>\n<\/div><\/div>\n<p><\/div>\n<div class=\"one_third last\" ><\/p>\n<div class=\"message-book-div\"><a class=\"message-book-link-to-post\" title=\"Yeni Bir Ya\u015fama Yolculuk\" href=\"\/tr\/the-message\/volume-1\/the-new-life\" rel=\"bookmark\">Yeni Bir Ya\u015fama Yolculuk<\/a><\/div>\n<div class=\"toggle toggle-gray\"><h4 class=\"trigger \"><span class=\"t_ico\"><\/span><a href=\"#\">\u0130\u00e7erik tablosu<\/a><\/h4><div class=\"toggle_container \"><br \/>\n<a class=\"text-align-center font-size-13 text-color-gray-9\">(<em>The New Life<\/em> book is forthcoming. Prior to release, several chapters are being made available to the world.)<\/a><br \/>\nGiri\u015f<br \/>\nB\u00f6l\u00fcm 1: Uyan\u0131\u015f<br \/>\nB\u00f6l\u00fcm 2: \u00d6zg\u00fcrl\u00fck Yolculu\u011fu<br \/>\nB\u00f6l\u00fcm 3: Hapishane<br \/>\nB\u00f6l\u00fcm 4: Devrim<br \/>\nB\u00f6l\u00fcm 5: D\u00f6n\u00fcm Noktas\u0131<br \/>\nB\u00f6l\u00fcm 6: <a href=\"https:\/\/www.newmessage.org\/tr\/the-message\/volume-1\/the-new-life\/the-gift-of-a-new-life\/\">Yeni Bir Ya\u015fam Hediyesi<\/a><br \/>\nB\u00f6l\u00fcm 7: <a href=\"https:\/\/www.newmessage.org\/tr\/the-message\/volume-1\/the-new-life\/the-journey-to-a-new-life\/\">Yeni Bir Hayata Yolculuk<\/a><br \/>\nB\u00f6l\u00fcm 8: Amac\u0131n\u0131z ve Kaderiniz<br \/>\nB\u00f6l\u00fcm 9: Yeni Bir Hayata K\u00f6pr\u00fc Kurmak<br \/>\nB\u00f6l\u00fcm 10: Cesaret ve Haz\u0131rlanma \u0130radesi<br \/>\nB\u00f6l\u00fcm 11: G\u00fc\u00e7 ve Diren\u00e7 Geli\u015ftirmek<br \/>\nB\u00f6l\u00fcm 12: D\u00fcnyada Daha B\u00fcy\u00fck Bir Role Haz\u0131rlanmak<br \/>\nB\u00f6l\u00fcm 13: B\u00fcy\u00fck Ger\u00e7ek<br \/>\nB\u00f6l\u00fcm 14: Daha B\u00fcy\u00fck Bir Ama\u00e7 i\u00e7in Buradas\u0131n\u0131z<br \/>\n<\/div><\/div>\n<p><\/div>\n<div class=\"clearfix\"><\/div>\n<div class=\"one_third \" ><\/p>\n<div class=\"message-book-div\"><a class=\"message-book-link-to-post\" title=\"The New World\" href=\"\/tr\/the-message\/volume-1\/new-world\" rel=\"bookmark\">Yeni D\u00fcnya<\/a><\/div>\n<div class=\"toggle toggle-gray\"><h4 class=\"trigger \"><span class=\"t_ico\"><\/span><a href=\"#\">\u0130\u00e7erik tablosu<\/a><\/h4><div class=\"toggle_container \"><br \/>\n<a class=\"text-align-center font-size-13 text-color-gray-9\">(<em>The New World<\/em> book is forthcoming. Prior to release, several chapters are being made available to the world.)<\/a><\/p>\n<p><a href=\"https:\/\/www.newmessage.org\/tr\/the-message\/volume-1\/new-world\/the-global-emergency\/\">K\u00fcresel Acil Durum<\/a><br \/>\n<a href=\"https:\/\/www.newmessage.org\/the-message\/volume-1\/new-world\/being-centered-in-a-crashing-world\">Being Centered in a Crashing World<\/a><br \/>\n<a href=\"https:\/\/www.newmessage.org\/the-message\/volume-1\/new-world\/the-great-warning\">The Great Warning<\/a><br \/>\n<a title=\"Entering the New World\" href=\"\/\/www.newmessage.org\/the-message\/volume-1\/new-world\/new-world\">Entering the New World<\/a><br \/>\n<a title=\"The Race to Save Human Civilization\" href=\"https:\/\/www.newmessage.org\/tr\/the-message\/volume-1\/new-world\/the-race-to-save-human-civilization\/\">\u0130nsan Uygarl\u0131\u011f\u0131n\u0131 Kurtarma Yar\u0131\u015f\u0131<\/a><br \/>\n<a title=\"The Shock of the Future\" href=\"\/\/www.newmessage.org\/the-message\/volume-1\/new-world\/the-shock-of-the-future\">The Shock of The Future<\/a><br \/>\n<a title=\"Poverty\" href=\"\/\/www.newmessage.org\/the-message\/volume-1\/new-world\/poverty\">Poverty<\/a><br \/>\n<a title=\"What Will Save Humanity\" href=\"\/\/www.newmessage.org\/the-message\/volume-1\/new-world\/what-will-save-humanity\">What Will Save Humanity<\/a><br \/>\n<\/div><\/div><br \/>\n<\/div>\n<div class=\"one_third \" ><\/p>\n<div class=\"message-book-div\"><a class=\"message-book-link-to-post\" title=\"The Pure Religion\" href=\"\/tr\/the-message\/volume-1\/pure-religion\" rel=\"bookmark\">Saf Din<\/a><\/div>\n<div class=\"toggle toggle-gray\"><h4 class=\"trigger \"><span class=\"t_ico\"><\/span><a href=\"#\">\u0130\u00e7erik tablosu<\/a><\/h4><div class=\"toggle_container \"><br \/>\n<a href=\"https:\/\/www.newmessage.org\/tr\/the-message\/volume-1\/pure-religion\/introduction\/\">Giri\u015f<\/a><br \/>\n1: <a href=\"https:\/\/www.newmessage.org\/tr\/the-message\/volume-1\/pure-religion\/the-pure-religion\/\">Saf Din<\/a><br \/>\n2: <a href=\"https:\/\/www.newmessage.org\/tr\/the-message\/volume-1\/pure-religion\/the-great-faith\/\">B\u00fcy\u00fck \u0130nan\u00e7<\/a><br \/>\n3: <a href=\"https:\/\/www.newmessage.org\/tr\/the-message\/volume-1\/pure-religion\/the-sacred\/\">Kutsal<\/a><br \/>\n4: <a href=\"\/the-message\/volume-1\/pure-religion\/gods-ancient-covenant-with-humanity\">God&#8217;s Ancient Covenant with Humanity<\/a><br \/>\n5: <a href=\"https:\/\/www.newmessage.org\/tr\/the-message\/volume-1\/pure-religion\/the-purpose-of-religion\/\">Dinin Amac\u0131<\/a><br \/>\n6: <a href=\"https:\/\/www.newmessage.org\/tr\/the-message\/volume-1\/pure-religion\/gods-new-message-for-the-worlds-religions\/\">Tanr\u0131\u2019n\u0131n D\u00fcnya Dinleri \u0130\u00e7in Yeni Mesaji<\/a><br \/>\n7: <a href=\"https:\/\/www.newmessage.org\/tr\/the-message\/volume-1\/pure-religion\/religious-fundamentalism\/\">K\u00f6ktendincilik<\/a><br \/>\n8: <a href=\"https:\/\/www.newmessage.org\/tr\/the-message\/volume-1\/pure-religion\/religious-violence\/\">Dini \u015eiddet<\/a><br \/>\n9: <a href=\"https:\/\/www.newmessage.org\/tr\/the-message\/volume-1\/pure-religion\/heaven-and-hell\/\">Cennet ve Cehennem<\/a><br \/>\n10: <a href=\"https:\/\/www.newmessage.org\/tr\/the-message\/volume-1\/pure-religion\/sin-error-and-redemption\/\">G\u00fcnah, Hata ve Kefaret<\/a><br \/>\n11: <a href=\"https:\/\/www.newmessage.org\/tr\/the-message\/volume-1\/pure-religion\/the-miracle\/\">Mucize<\/a><br \/>\n12: <a href=\"https:\/\/www.newmessage.org\/tr\/the-message\/volume-1\/pure-religion\/spiritual-families\/\">Manevi Aileler ve Tanr\u0131&#8217;n\u0131n Plan\u0131<\/a><br \/>\n13: <a href=\"https:\/\/www.newmessage.org\/tr\/the-message\/volume-1\/pure-religion\/the-redeemer\/\">Kef\u00e2ret<\/a><\/p>\n<p><\/div><\/div><br \/>\n<\/div>\n<div class=\"one_third last\" ><\/p>\n<div class=\"message-book-div more\"><a class=\"message-book-link-to-post\" title=\"Devam\u0131 gelecek...\" href=\"\/tr\/the-message\/the-revelation-continues-to-this-day\" rel=\"bookmark\">Devam\u0131 gelecek&#8230;<\/a><\/div>\n<p><\/div>\n<\/div>\n","protected":false},"excerpt":{"rendered":"<p>&nbsp; Hakk\u0131nda Cilt 1 Volume One of the New Message from God contains God\u2019s essential Revelation for the world at this time. Here begins a new communication from the heart of God to the world of humanity. In the seven books of Volume One, God proclaims God\u2019s New Revelation for the world and the great\u2026 <a class=\"read-more\" href=\"https:\/\/www.v6.newmessage.org\/tr\/the-message\/volume-1\/\"><span>Read More<\/span><\/a><\/p>\n","protected":false},"author":1,"featured_media":0,"parent":26942,"menu_order":15,"comment_status":"closed","ping_status":"closed","template":"template-leftsidebar.php","meta":{"_monsterinsights_skip_tracking":false,"_monsterinsights_sitenote_active":false,"_monsterinsights_sitenote_note":"","_monsterinsights_sitenote_category":0,"footnotes":""},"categories":[460],"tags":[776,599],"_links":{"self":[{"href":"https:\/\/www.v6.newmessage.org\/tr\/wp-json\/wp\/v2\/pages\/16287"}],"collection":[{"href":"https:\/\/www.v6.newmessage.org\/tr\/wp-json\/wp\/v2\/pages"}],"about":[{"href":"https:\/\/www.v6.newmessage.org\/tr\/wp-json\/wp\/v2\/types\/page"}],"author":[{"embeddable":true,"href":"https:\/\/www.v6.newmessage.org\/tr\/wp-json\/wp\/v2\/users\/1"}],"replies":[{"embeddable":true,"href":"https:\/\/www.v6.newmessage.org\/tr\/wp-json\/wp\/v2\/comments?post=16287"}],"version-history":[{"count":100,"href":"https:\/\/www.v6.newmessage.org\/tr\/wp-json\/wp\/v2\/pages\/16287\/revisions"}],"predecessor-version":[{"id":28272,"href":"https:\/\/www.v6.newmessage.org\/tr\/wp-json\/wp\/v2\/pages\/16287\/revisions\/28272"}],"up":[{"embeddable":true,"href":"https:\/\/www.v6.newmessage.org\/tr\/wp-json\/wp\/v2\/pages\/26942"}],"wp:attachment":[{"href":"https:\/\/www.v6.newmessage.org\/tr\/wp-json\/wp\/v2\/media?parent=16287"}],"wp:term":[{"taxonomy":"category","embeddable":true,"href":"https:\/\/www.v6.newmessage.org\/tr\/wp-json\/wp\/v2\/categories?post=16287"},{"taxonomy":"post_tag","embeddable":true,"href":"https:\/\/www.v6.newmessage.org\/tr\/wp-json\/wp\/v2\/tags?post=16287"}],"curies":[{"name":"wp","href":"https:\/\/api.w.org\/{rel}","templated":true}]}}