{"id":159,"date":"2011-04-23T16:20:35","date_gmt":"2011-04-23T16:20:35","guid":{"rendered":"http:\/\/wp.www.newmessage.org\/?p=159"},"modified":"2019-02-25T13:32:20","modified_gmt":"2019-02-25T13:32:20","slug":"grace-from-god","status":"publish","type":"page","link":"https:\/\/www.v6.newmessage.org\/tr\/about-new-message\/faq\/grace-from-god\/","title":{"rendered":"Yeni Mesaj Neden Buradad\u0131r?"},"content":{"rendered":"<blockquote><p><em>Siz ba\u015f\u0131n\u0131z \u00f6nde olarak ge\u00e7mi\u015ften farkl\u0131 olacak bir gelece\u011fe do\u011fru gitmektesiniz ve gelece\u011fe haz\u0131rl\u0131kl\u0131 de\u011filsiniz.<br \/>\nBu nedenle Tanr\u0131\u2019dan Yeni mesaj buradad\u0131r.<\/em><\/p><\/blockquote>\n<p>S\u0131n\u0131rl\u0131 kaynaklar\u0131n d\u00fcnyas\u0131nda b\u00fcy\u00fcyen bir n\u00fcfusla yay\u0131lan insanl\u0131k, yoksulluk tehdidi, \u00e7at\u0131\u015fma ve sava\u015f tehlikesi ile kar\u015f\u0131 kar\u015f\u0131ya olup, bu tehlike \u015fimdiye kadar oldu\u011fundan \u00e7ok daha b\u00fcy\u00fckt\u00fcr.<\/p>\n<p>Bu nedenle Tanr\u0131&#8217;dan yeni bir mesaj buradad\u0131r.<\/p>\n<p>\u0130nsanl\u0131k, k\u00fcresel \u0131s\u0131nman\u0131n artan y\u0131k\u0131c\u0131 etkileri, iklim de\u011fi\u015fikli\u011fi ve \u00e7evresel bozulma ile kar\u015f\u0131 kar\u015f\u0131yad\u0131r.<\/p>\n<p>Bu nedenle Tanr\u0131\u2019dan yeni mesaj buradad\u0131r.<\/p>\n<p>\u0130nsanl\u0131k, b\u00fcy\u00fck de\u011fi\u015fimin ve \u015f\u00fcpheli bir gelece\u011fin e\u015fi\u011finde durmaktad\u0131r.<\/p>\n<p>Ge\u00e7mi\u015f odakl\u0131, rekabet eden, par\u00e7alanm\u0131\u015f d\u00fcnya dinleri, birbirini uyarmak, insan ailesini haz\u0131rlamak ve gelmekte olan \u015fey i\u00e7indir. Bu, nedenle Tanr\u0131\u2019dan yeni mesaj buradad\u0131r.<\/p>\n<p>\u0130nsanl\u0131k, birlik ruhundan b\u00f6l\u00fcnm\u00fc\u015f ve dini g\u00f6reneklerin kayna\u011f\u0131ndan habersizdir. Bu nedenle Tanr\u0131\u2019dan yeni mesaj buradad\u0131r.<\/p>\n<p>\u0130nsanlar, zalimce korkun\u00e7 eylemleri, intikam\u0131 hakl\u0131 \u00e7\u0131karmak i\u00e7in Tanr\u0131 ve dini kullan\u0131yorlar. Bu daha fazla, insan birli\u011fi ve i\u015fbirli\u011finin, zorunlu oldu\u011fu bir zamanda insan ailesini ay\u0131rmaktad\u0131r.<\/p>\n<p>\u0130nsanl\u0131k d\u00fcnya d\u0131\u015f\u0131ndan zeki \u0131rklar ile ileti\u015fimin e\u015fi\u011finde duruyor. Bu bizim kaderimizdir. Bu insanl\u0131k tarihinin en b\u00fcy\u00fck olay\u0131d\u0131r. Buna hen\u00fcz insanl\u0131k haz\u0131r de\u011fildir. Bu nedenle Tanr\u0131\u2019dan yeni mesaj buradad\u0131r.<\/p>\n<p>Bu zamanda bile, zay\u0131f ve b\u00f6l\u00fcnm\u00fc\u015f olan bir insan ailesinden faydalanmak isteyen d\u00fcnya \u00f6tesi g\u00fc\u00e7ler vard\u0131r. Lakin insanl\u0131k habersiz ve haz\u0131rl\u0131ks\u0131zd\u0131r. Bu nedenle Tanr\u0131\u2019dan yeni mesaj buradad\u0131r.<\/p>\n<p>D\u00fcnyaya gelmekte olan de\u011fi\u015fimin b\u00fcy\u00fck dalgalar\u0131 ile gelecekte \u00f6zg\u00fcr bir \u0131rk olarak ya\u015fama yetene\u011fi ve insanl\u0131\u011f\u0131n hayatta kal\u0131\u015f\u0131 riske girmektedir. Bu nedenle Tanr\u0131\u2019dan yeni mesaj buradad\u0131r.<\/p>\n<p>Her bir bireyin i\u00e7indeki ger\u00e7eklik ve Bilgi g\u00fcc\u00fcn\u00fcn rehberli\u011fi ve her ki\u015fiye yarat\u0131c\u0131m\u0131z\u0131n b\u00fcy\u00fck ba\u011f\u0131\u015f\u0131yla, korunmas\u0131 i\u00e7in kendisine verilenin fark\u0131nda de\u011fildir. Bu nedenle Tanr\u0131\u2019dan yeni mesaj buradad\u0131r.<\/p>\n<p>\u0130nsanlar\u0131n i\u00e7inde her yerde ilahi olanla, yeni bir ili\u015fki i\u00e7in derin bir ihtiya\u00e7 vard\u0131r. Bu nedenle Tanr\u0131\u2019dan yeni mesaj buradad\u0131r.<\/p>\n<p>Bir \u00e7ok insan kendi ruhunun b\u00fcy\u00fck amac\u0131na uyanmaktad\u0131r. Ya\u015famlar\u0131n\u0131n anlam ve y\u00f6n\u00fc i\u00e7in ve de d\u00fcnyaya bir katk\u0131 yapmak i\u00e7indir.<\/p>\n<p>Bu nedenle Tanr\u0131\u2019dan yeni mesaj buradad\u0131r.<\/p>\n<p>Yeni mesaj Tanr\u0131 taraf\u0131ndan kutsanmak, t\u00fcm insanl\u0131k ailesini haz\u0131rlamak ve uyarmak i\u00e7in g\u00f6nderildi. Yeni mesaj, geni\u015f kapsaml\u0131 b\u00fcy\u00fck bir mesajd\u0131r. Hayat\u0131m\u0131z\u0131n hemen her y\u00f6n\u00fcne konu\u015fmaktad\u0131r. 25 y\u0131l\u0131 a\u015fk\u0131n bir s\u00fcredir, Haberci bu insanl\u0131\u011fa verilen hediyeyi almaktad\u0131r. Ve vahiy bu g\u00fcn devam etmektedir.<\/p>\n","protected":false},"excerpt":{"rendered":"<p>Siz ba\u015f\u0131n\u0131z \u00f6nde olarak ge\u00e7mi\u015ften farkl\u0131 olacak bir gelece\u011fe do\u011fru gitmektesiniz ve gelece\u011fe haz\u0131rl\u0131kl\u0131 de\u011filsiniz. Bu nedenle Tanr\u0131\u2019dan Yeni mesaj buradad\u0131r. S\u0131n\u0131rl\u0131 kaynaklar\u0131n d\u00fcnyas\u0131nda b\u00fcy\u00fcyen bir n\u00fcfusla yay\u0131lan insanl\u0131k, yoksulluk tehdidi, \u00e7at\u0131\u015fma ve sava\u015f tehlikesi ile kar\u015f\u0131 kar\u015f\u0131ya olup, bu tehlike \u015fimdiye kadar oldu\u011fundan \u00e7ok daha b\u00fcy\u00fckt\u00fcr. Bu nedenle Tanr\u0131&#8217;dan yeni bir mesaj buradad\u0131r. \u0130nsanl\u0131k,\u2026 <a class=\"read-more\" href=\"https:\/\/www.v6.newmessage.org\/tr\/about-new-message\/faq\/grace-from-god\/\"><span>Read More<\/span><\/a><\/p>\n","protected":false},"author":1,"featured_media":0,"parent":12778,"menu_order":5,"comment_status":"closed","ping_status":"closed","template":"template-leftsidebar.php","meta":{"_monsterinsights_skip_tracking":false,"_monsterinsights_sitenote_active":false,"_monsterinsights_sitenote_note":"","_monsterinsights_sitenote_category":0,"footnotes":""},"categories":[61],"tags":[846,433,851],"_links":{"self":[{"href":"https:\/\/www.v6.newmessage.org\/tr\/wp-json\/wp\/v2\/pages\/159"}],"collection":[{"href":"https:\/\/www.v6.newmessage.org\/tr\/wp-json\/wp\/v2\/pages"}],"about":[{"href":"https:\/\/www.v6.newmessage.org\/tr\/wp-json\/wp\/v2\/types\/page"}],"author":[{"embeddable":true,"href":"https:\/\/www.v6.newmessage.org\/tr\/wp-json\/wp\/v2\/users\/1"}],"replies":[{"embeddable":true,"href":"https:\/\/www.v6.newmessage.org\/tr\/wp-json\/wp\/v2\/comments?post=159"}],"version-history":[{"count":14,"href":"https:\/\/www.v6.newmessage.org\/tr\/wp-json\/wp\/v2\/pages\/159\/revisions"}],"predecessor-version":[{"id":27903,"href":"https:\/\/www.v6.newmessage.org\/tr\/wp-json\/wp\/v2\/pages\/159\/revisions\/27903"}],"up":[{"embeddable":true,"href":"https:\/\/www.v6.newmessage.org\/tr\/wp-json\/wp\/v2\/pages\/12778"}],"wp:attachment":[{"href":"https:\/\/www.v6.newmessage.org\/tr\/wp-json\/wp\/v2\/media?parent=159"}],"wp:term":[{"taxonomy":"category","embeddable":true,"href":"https:\/\/www.v6.newmessage.org\/tr\/wp-json\/wp\/v2\/categories?post=159"},{"taxonomy":"post_tag","embeddable":true,"href":"https:\/\/www.v6.newmessage.org\/tr\/wp-json\/wp\/v2\/tags?post=159"}],"curies":[{"name":"wp","href":"https:\/\/api.w.org\/{rel}","templated":true}]}}