{"id":157,"date":"2011-04-23T16:18:29","date_gmt":"2011-04-23T16:18:29","guid":{"rendered":"http:\/\/wp.www.newmessage.org\/?p=157"},"modified":"2019-01-17T02:36:38","modified_gmt":"2019-01-17T02:36:38","slug":"what-is-the-new-message-from-god","status":"publish","type":"page","link":"https:\/\/www.v6.newmessage.org\/tr\/about-new-message\/faq\/what-is-the-new-message-from-god\/","title":{"rendered":"Tanr\u0131\u2019n\u0131n yeni mesaj\u0131 nedir?"},"content":{"rendered":"<blockquote><p>\u00a0<em>&#8220;Yeni mesaj, t\u00fcm ya\u015fam\u0131n yarat\u0131c\u0131s\u0131ndan yolland\u0131. Bireyi haz\u0131rlamas\u0131, ve insanl\u0131\u011f\u0131 bekleyen b\u00fcy\u00fck tehlikelerden kurtulmak ve ilerlemek i\u00e7in d\u00fcnya insanlar\u0131n\u0131 haz\u0131rlamak i\u00e7in bir mesajd\u0131r. Bir acil ihtiya\u00e7 kar\u015f\u0131s\u0131nda b\u00fcy\u00fck bir hediyedir.&#8221;<\/em><\/p><\/blockquote>\n<p>Tanr\u0131&#8217;n\u0131n D\u00fcnyaya yeni bir mesaj\u0131 var. T\u00fcm ya\u015fam\u0131n yarat\u0131c\u0131s\u0131ndan koruma ve insanl\u0131\u011f\u0131n ilerlemesi i\u00e7in bir hediyedir. Bir uyar\u0131, bir nimet ve d\u00fcnyan\u0131n t\u00fcm insanlar\u0131 i\u00e7in bir haz\u0131rl\u0131k i\u00e7erir.<\/p>\n<p>Yeni Mesaj herhangi bir mevcut dini gelenek veya manevi \u00f6\u011fretime ba\u011fl\u0131 de\u011fildir. B\u00fct\u00fcn milletler ve inan\u00e7lara sahip insanlar i\u00e7in bir hediyedir. Onurland\u0131r\u0131lan b\u00fcy\u00fck mesajlardaki kal\u0131c\u0131 ger\u00e7ek, yarat\u0131c\u0131n\u0131n \u015fimdiye kadar d\u00fcnyaya verdi\u011fi, insanl\u0131\u011fa g\u00f6sterilen herhangi bir \u015feyden farkl\u0131d\u0131r.<\/p>\n<p>Tanr\u0131&#8217;n\u0131n yeni mesaj\u0131, b\u00fcy\u00fck de\u011fi\u015fim, \u00e7at\u0131\u015fma ve kar\u0131\u015f\u0131kl\u0131\u011f\u0131n bir zaman\u0131nda d\u00fcnyaya yollanan, yarat\u0131c\u0131dan gelen ger\u00e7ek bir ileti\u015fimdir. Yeni mesaj, insanl\u0131\u011f\u0131n kar\u015f\u0131la\u015ft\u0131\u011f\u0131 b\u00fcy\u00fck meydan okumalar\u0131 kar\u015f\u0131lamak i\u00e7in, kendi i\u00e7in \u015fimdi sa\u011flayamad\u0131\u011f\u0131 bilgi, ak\u0131ll\u0131l\u0131k ve y\u00f6n\u00fc sa\u011flar.<\/p>\n<p>Yeni mesaj, b\u00fct\u00fcn uluslardan insanlar\u0131n samimi dualar\u0131na bir cevap ve \u00f6zg\u00fcrl\u00fck, g\u00fcvenlik ve kurtarma i\u00e7inir. \u0130nsanl\u0131\u011f\u0131n dinselli\u011fi hakk\u0131nda yeni bir if\u015fa, d\u00fcnyan\u0131n korunmas\u0131 ve evrendeki zeki ya\u015fam\u0131n daha b\u00fcy\u00fck bir toplumunun i\u00e7inde insanl\u0131\u011f\u0131n gelece\u011fi ve kaderidir.<\/p>\n<p>Tanr\u0131&#8217;dan yeni mesaj, dinsel metinler ve \u00f6\u011fretilerin bir dizilerini i\u00e7erir. Bir yirmi-be\u015f y\u0131l d\u00f6neminin \u00fczerinde g\u00f6sterildi. Vahiy, bug\u00fcne kadar devam etmektedir.<\/p>\n","protected":false},"excerpt":{"rendered":"<p>\u00a0&#8220;Yeni mesaj, t\u00fcm ya\u015fam\u0131n yarat\u0131c\u0131s\u0131ndan yolland\u0131. Bireyi haz\u0131rlamas\u0131, ve insanl\u0131\u011f\u0131 bekleyen b\u00fcy\u00fck tehlikelerden kurtulmak ve ilerlemek i\u00e7in d\u00fcnya insanlar\u0131n\u0131 haz\u0131rlamak i\u00e7in bir mesajd\u0131r. Bir acil ihtiya\u00e7 kar\u015f\u0131s\u0131nda b\u00fcy\u00fck bir hediyedir.&#8221; Tanr\u0131&#8217;n\u0131n D\u00fcnyaya yeni bir mesaj\u0131 var. T\u00fcm ya\u015fam\u0131n yarat\u0131c\u0131s\u0131ndan koruma ve insanl\u0131\u011f\u0131n ilerlemesi i\u00e7in bir hediyedir. Bir uyar\u0131, bir nimet ve d\u00fcnyan\u0131n t\u00fcm insanlar\u0131 i\u00e7in\u2026 <a class=\"read-more\" href=\"https:\/\/www.v6.newmessage.org\/tr\/about-new-message\/faq\/what-is-the-new-message-from-god\/\"><span>Read More<\/span><\/a><\/p>\n","protected":false},"author":1,"featured_media":0,"parent":12778,"menu_order":6,"comment_status":"closed","ping_status":"closed","template":"template-leftsidebar.php","meta":{"_monsterinsights_skip_tracking":false,"_monsterinsights_sitenote_active":false,"_monsterinsights_sitenote_note":"","_monsterinsights_sitenote_category":0,"footnotes":""},"categories":[61],"tags":[846,852,422],"_links":{"self":[{"href":"https:\/\/www.v6.newmessage.org\/tr\/wp-json\/wp\/v2\/pages\/157"}],"collection":[{"href":"https:\/\/www.v6.newmessage.org\/tr\/wp-json\/wp\/v2\/pages"}],"about":[{"href":"https:\/\/www.v6.newmessage.org\/tr\/wp-json\/wp\/v2\/types\/page"}],"author":[{"embeddable":true,"href":"https:\/\/www.v6.newmessage.org\/tr\/wp-json\/wp\/v2\/users\/1"}],"replies":[{"embeddable":true,"href":"https:\/\/www.v6.newmessage.org\/tr\/wp-json\/wp\/v2\/comments?post=157"}],"version-history":[{"count":6,"href":"https:\/\/www.v6.newmessage.org\/tr\/wp-json\/wp\/v2\/pages\/157\/revisions"}],"predecessor-version":[{"id":27668,"href":"https:\/\/www.v6.newmessage.org\/tr\/wp-json\/wp\/v2\/pages\/157\/revisions\/27668"}],"up":[{"embeddable":true,"href":"https:\/\/www.v6.newmessage.org\/tr\/wp-json\/wp\/v2\/pages\/12778"}],"wp:attachment":[{"href":"https:\/\/www.v6.newmessage.org\/tr\/wp-json\/wp\/v2\/media?parent=157"}],"wp:term":[{"taxonomy":"category","embeddable":true,"href":"https:\/\/www.v6.newmessage.org\/tr\/wp-json\/wp\/v2\/categories?post=157"},{"taxonomy":"post_tag","embeddable":true,"href":"https:\/\/www.v6.newmessage.org\/tr\/wp-json\/wp\/v2\/tags?post=157"}],"curies":[{"name":"wp","href":"https:\/\/api.w.org\/{rel}","templated":true}]}}