{"id":14756,"date":"2014-08-23T22:51:24","date_gmt":"2014-08-23T22:51:24","guid":{"rendered":"http:\/\/www.newmessage.org\/?page_id=14756"},"modified":"2019-01-30T07:49:29","modified_gmt":"2019-01-30T07:49:29","slug":"supporting-the-new-message","status":"publish","type":"page","link":"https:\/\/www.v6.newmessage.org\/tr\/about-the-worldwide-community\/society\/supporting-the-new-message\/","title":{"rendered":"Yeni Mesaj&#8217;a Destek Olun"},"content":{"rendered":"<div class=\"donate2018background\">\n<div class=\"one_third \" ><\/p>\n<div class=\"donate2018radiousleft\">\n<h2 class=\"donate2018font\"><strong>BA\u011eI\u015eTA BULUNANLARA KATILIN<\/strong><\/h2>\n<p>Tanr\u0131\u2019dan Gelen Yeni Mesaj\u0131 d\u00fcnyaya sunmak misyonunda Derne\u011fi finansal olarak destekleyen d\u00fcnya \u00e7ap\u0131ndaki toplulu\u011fa kat\u0131l\u0131n. Hediyeniz, \u015fu anda ve bu zaman\u0131n \u00f6tesinde yapaca\u011f\u0131m\u0131z her \u015feyin temelini olu\u015fturacakt\u0131r.<\/p>\n<h2 class=\"donate2018font\"><strong>YEN\u0130 MESAJI DESTEKLEME YOLLARI<\/strong><\/h2>\n<div class=\"toggle toggle-white\"><h4 class=\"trigger \"><span class=\"t_ico\"><\/span><a href=\"#\">Bir S\u00fctun ya da Arkada\u015f olun<\/a><\/h4><div class=\"toggle_container \"><br \/>\nYeni Mesaj\u0131n S\u00fctunlar\u0131, Derne\u011fin e\u011fitim ve sosyal yard\u0131m misyonunun temelinin ayr\u0131lmaz bir par\u00e7as\u0131d\u0131r. Yeni Mesaj\u0131n Bir Ba\u015fl\u0131\u011f\u0131 her ay 100 $ veya daha fazla vermeyi taahh\u00fct eder. Y\u0131ll\u0131k maliyetleri kar\u015f\u0131lamak i\u00e7in 300 s\u00fctun gereklidir.<\/p>\n<p>Bir S\u00fctun olmak, Yeni Mesaj, El\u00e7i ve d\u00fcnyaya olan acil hediyesi ile ili\u015fkinizin bir ifadesidir. Geli\u015fmekte olan d\u00fcnyada ama\u00e7lar\u0131n\u0131 ger\u00e7ekle\u015ftirmek ve ilham verici hayatlar ya\u015famak isteyen ki\u015filere bir \u00f6nc\u00fc ve m\u00fcjdeci olun.<\/p>\n<p>Yeni Mesaj\u0131n Dostlar\u0131, Toplulu\u011fun ana \u00e7al\u0131\u015fmas\u0131na ayl\u0131k olarak katk\u0131da bulunurlar. Y\u0131llard\u0131r, Dostlar, Derne\u011fin b\u00fcy\u00fcyen \u00e7al\u0131\u015fmalar\u0131 i\u00e7in sa\u011flam bir temel olu\u015fturmu\u015ftur. Yeni Mesaj\u0131n Dostlar\u0131, onlar i\u00e7in m\u00fcmk\u00fcn olan herhangi bir d\u00fczeyde vermeyi taahh\u00fct eden bireylerdir.<br \/>\n<\/div><\/div>\n<div class=\"toggle toggle-white\"><h4 class=\"trigger \"><span class=\"t_ico\"><\/span><a href=\"#\">Miras Vermek<\/a><\/h4><div class=\"toggle_container \"><br \/>\nE\u011fer ya\u015fam size bir Hay\u0131rsever olmak i\u00e7in mali imkanlar sa\u011flad\u0131ysa, Tanr\u0131&#8217;dan Gelen Yeni Mesaj\u0131n ba\u015far\u0131s\u0131n\u0131 ve korunmas\u0131n\u0131 uzak bir gelece\u011fe ta\u015f\u0131mak i\u00e7in tarihi bir rol\u00fcn\u00fcz olabilir. Miras Vermek, s\u00fcrekli ya da tekli ba\u011f\u0131\u015flarda veya a\u015fa\u011f\u0131daki yollarla yap\u0131labilir:<\/p>\n<ul>\n<li>Bir Vakf\u0131n Kurulmas\u0131<\/li>\n<li>Hisse senedi veya gayrimenkul hediyesi<\/li>\n<li>Miras\u0131n\u0131zda Derne\u011fe hay\u0131r yap\u0131lmas\u0131<\/li>\n<li>Bir sigorta poli\u00e7esinin veya emeklilik plan\u0131n\u0131n faydalan\u0131c\u0131s\u0131 olarak Derne\u011fi g\u00f6stermek<\/li>\n<\/ul>\n<p><strong>Hay\u0131rseverlik i\u00e7in bu ve di\u011fer se\u00e7enekleri tart\u0131\u015fmak i\u00e7in, l\u00fctfen (800) 938-3891 numaras\u0131ndan Will Burrows ile ileti\u015fime ge\u00e7in.<\/strong><\/p>\n<p>Tanr\u0131\u2019dan Gelen Yeni Mesaj\u0131 Derne\u011fi, Tanr\u0131&#8217;dan Gelen Yeni Mesaj&#8217;\u0131n kutsal metinlerini ve kay\u0131tlar\u0131n\u0131 sunmaya ve muhafaza etmeye adanm\u0131\u015f, Birle\u015fik Devletler&#8217;de tescilli, dini kar amac\u0131 g\u00fctmeyen bir 501 (c) (3) \u00f6rg\u00fct\u00fcd\u00fcr.<\/p>\n<p><\/div><\/div>\n<div class=\"toggle toggle-white\"><h4 class=\"trigger \"><span class=\"t_ico\"><\/span><a href=\"#\">Kripto Para Birimi ve \u00c7ekler<\/a><\/h4><div class=\"toggle_container \"><\/p>\n<p>Telefonla kredi kart\u0131 ile katk\u0131da bulunmak i\u00e7in l\u00fctfen 1-800-938-3891 numaral\u0131 telefonu aray\u0131n.<\/p>\n<p>\u00c7ek ile ba\u011f\u0131\u015fta bulunmak i\u00e7in l\u00fctfen \u00e7ekinizi m\u00fch\u00fcrl\u00fc bir zarf i\u00e7erisinde a\u015fa\u011f\u0131daki adrese g\u00f6nderin:<\/p>\n<p>THE SOCIETY FOR THE NEW MESSAGE FROM GOD<br \/>\n<strong> P.O. Kutu 1724<\/strong><br \/>\n<strong> Boulder, CO 80306-1724<\/strong><\/p>\n<p>\u00c7ekler ayr\u0131ca \u201c<strong><u>Society for the GCWK.<\/u><\/strong>\u201d i\u00e7in yaz\u0131labilir.<\/p>\n<p>Ba\u011f\u0131\u015flar ayr\u0131ca (303) 938-1214 arac\u0131l\u0131\u011f\u0131yla bize fakslanabilir. L\u00fctfen ad\u0131n\u0131z\u0131, adresinizi ve telefon numaran\u0131z\u0131, vermek istedi\u011finiz tutar\u0131, kart numaran\u0131z\u0131 ve son kullanma tarihini belirtin.<\/p>\n<p>Di\u011fer ba\u011f\u0131\u015f y\u00f6ntemleri hakk\u0131nda bilgi almak i\u00e7in l\u00fctfen Society@NewMessage.org Tel. (303) 938-8401 ile ileti\u015fime ge\u00e7in.<\/p>\n<hr \/>\n<p>Yeni Mesaj i\u00e7in <strong>Topluma<\/strong> <strong>Bitcoin<\/strong> ba\u011f\u0131\u015flar\u0131n\u0131 buraya g\u00f6nderebilirsiniz:<br \/>\n<strong>12HE4k8erJBvd7zjCqzrFHQpmhUD4YKQ9h<\/strong><br \/>\nMakbuz almak ve ba\u011f\u0131\u015f\u0131n\u0131z\u0131n al\u0131nd\u0131\u011f\u0131n\u0131 do\u011frulamak i\u00e7in Bitcoins g\u00f6nderdikten sonra l\u00fctfen Dernek ile ileti\u015fime ge\u00e7in.<br \/>\n<img decoding=\"async\" class=\"alignnone size-full wp-image-35169 imgborder\" src=\"https:\/\/www.newmessage.org\/wp-content\/uploads\/2018\/06\/btc-donations-icon-298x300.jpg\" alt=\"\" \/><\/p>\n<p>Yeni Mesaj i\u00e7in <strong>Topluma Ethereum<\/strong> ba\u011f\u0131\u015flar\u0131n\u0131 buraya g\u00f6nderebilirsiniz:<br \/>\n<strong>0x2aBe894Dc922E9Bb5537f4bc31d5C01BA7f380c2<\/strong><\/p>\n<p>Bir makbuz almak ve ba\u011f\u0131\u015f\u0131n\u0131z\u0131n al\u0131nd\u0131\u011f\u0131n\u0131 teyit etmek i\u00e7in l\u00fctfen eternum g\u00f6nderdikten sonra The Society ile ileti\u015fime ge\u00e7in.<img decoding=\"async\" class=\"alignnone size-full wp-image-35170 imgborder\" src=\"https:\/\/www.newmessage.org\/wp-content\/uploads\/2018\/06\/eth-donations-icon-300x298.png\" alt=\"\" \/><\/p>\n<hr \/>\n<p class=\"\"><strong>T\u00fcm ba\u011f\u0131\u015flar yasalar \u00e7er\u00e7evesinde uygulanabilir oldu\u011funda vergiden d\u00fc\u015f\u00fclebilir.<\/strong><\/p>\n<p><\/div><\/div>\n<div class=\"toggle toggle-white\"><h4 class=\"trigger \"><span class=\"t_ico\"><\/span><a href=\"#\">Online Al\u0131\u015fveri\u015f<\/a><\/h4><div class=\"toggle_container \"><\/p>\n<p><strong>Online al\u0131\u015fveri\u015f yap\u0131yor musunuz ve Yeni Mesaj Derne\u011fi i\u00e7in para toplamak istiyor musunuz?<\/strong> Linkler i\u00e7in a\u015fa\u011f\u0131daki web sayfas\u0131n\u0131 t\u0131klay\u0131n. Dernek, a\u015fa\u011f\u0131daki ma\u011fazalarda ve perakendecilerde sat\u0131n alma de\u011ferinizin% 2-% 12&#8217;sini alacakt\u0131r. Bu \u015fekilde Yeni Mesaj\u0131n \u00f6\u011frencileri normal al\u0131\u015fveri\u015f se\u00e7enekleriyle Derne\u011fe fayda sa\u011flayabilirler.<\/p>\n<p>Daha fazla bilgi edinin: <a href=\"https:\/\/www.newmessage.org\/community\/community-fundraising.html\" target=\"_blank\" rel=\"noopener\">https:\/\/www.newmessage.org\/community\/community-fundraising.html<\/a><br \/>\n<\/div><\/div>\n<\/div>\n<p><\/div>\n<div class=\"two_third last\" ><\/p>\n<div class=\"donate2018radiousright\">\n<h1 class=\"donate2018font\"><strong>Ba\u011f\u0131\u015fta Bulunun<\/strong><\/h1>\n<p>[raw][give_form id=&#8221;27807&#8243;][\/raw]<\/p>\n<div>\n<p><\/div>\n<\/div>\n<\/div>\n<\/div>\n","protected":false},"excerpt":{"rendered":"BA\u011eI\u015eTA BULUNANLARA KATILIN Tanr\u0131\u2019dan Gelen Yeni Mesaj\u0131 d\u00fcnyaya sunmak misyonunda Derne\u011fi finansal olarak destekleyen d\u00fcnya \u00e7ap\u0131ndaki toplulu\u011fa kat\u0131l\u0131n. Hediyeniz, \u015fu anda ve bu zaman\u0131n \u00f6tesinde yapaca\u011f\u0131m\u0131z her \u015feyin temelini olu\u015fturacakt\u0131r. YEN\u0130 MESAJI DESTEKLEME YOLLARI Bir S\u00fctun ya da Arkada\u015f olun Yeni Mesaj\u0131n S\u00fctunlar\u0131, Derne\u011fin e\u011fitim ve sosyal yard\u0131m misyonunun temelinin ayr\u0131lmaz bir par\u00e7as\u0131d\u0131r. Yeni Mesaj\u0131n\u2026 <a class=\"read-more\" href=\"https:\/\/www.v6.newmessage.org\/tr\/about-the-worldwide-community\/society\/supporting-the-new-message\/\"><span>Read More<\/span><\/a>","protected":false},"author":1,"featured_media":0,"parent":12810,"menu_order":5,"comment_status":"closed","ping_status":"closed","template":"","meta":{"_monsterinsights_skip_tracking":false,"_monsterinsights_sitenote_active":false,"_monsterinsights_sitenote_note":"","_monsterinsights_sitenote_category":0,"footnotes":""},"categories":[],"tags":[637,789],"_links":{"self":[{"href":"https:\/\/www.v6.newmessage.org\/tr\/wp-json\/wp\/v2\/pages\/14756"}],"collection":[{"href":"https:\/\/www.v6.newmessage.org\/tr\/wp-json\/wp\/v2\/pages"}],"about":[{"href":"https:\/\/www.v6.newmessage.org\/tr\/wp-json\/wp\/v2\/types\/page"}],"author":[{"embeddable":true,"href":"https:\/\/www.v6.newmessage.org\/tr\/wp-json\/wp\/v2\/users\/1"}],"replies":[{"embeddable":true,"href":"https:\/\/www.v6.newmessage.org\/tr\/wp-json\/wp\/v2\/comments?post=14756"}],"version-history":[{"count":93,"href":"https:\/\/www.v6.newmessage.org\/tr\/wp-json\/wp\/v2\/pages\/14756\/revisions"}],"predecessor-version":[{"id":27812,"href":"https:\/\/www.v6.newmessage.org\/tr\/wp-json\/wp\/v2\/pages\/14756\/revisions\/27812"}],"up":[{"embeddable":true,"href":"https:\/\/www.v6.newmessage.org\/tr\/wp-json\/wp\/v2\/pages\/12810"}],"wp:attachment":[{"href":"https:\/\/www.v6.newmessage.org\/tr\/wp-json\/wp\/v2\/media?parent=14756"}],"wp:term":[{"taxonomy":"category","embeddable":true,"href":"https:\/\/www.v6.newmessage.org\/tr\/wp-json\/wp\/v2\/categories?post=14756"},{"taxonomy":"post_tag","embeddable":true,"href":"https:\/\/www.v6.newmessage.org\/tr\/wp-json\/wp\/v2\/tags?post=14756"}],"curies":[{"name":"wp","href":"https:\/\/api.w.org\/{rel}","templated":true}]}}