{"id":13099,"date":"2014-07-24T22:13:19","date_gmt":"2014-07-24T22:13:19","guid":{"rendered":"http:\/\/www.newmessage.org\/?page_id=13099"},"modified":"2019-04-08T05:35:08","modified_gmt":"2019-04-08T05:35:08","slug":"great-waves-change","status":"publish","type":"page","link":"https:\/\/www.v6.newmessage.org\/tr\/the-message\/volume-4\/great-waves-change\/","title":{"rendered":"De\u011fi\u015fimin B\u00fcy\u00fck Dalglar\u0131"},"content":{"rendered":"<div id=\"attachment_20957\" style=\"width: 244px\" class=\"wp-caption alignright\"><a href=\"\/\/www.newmessage.org\/wp-content\/uploads\/2014\/07\/GWC-cover.jpg\"><img loading=\"lazy\" decoding=\"async\" aria-describedby=\"caption-attachment-20957\" src=\"\/\/www.newmessage.org\/wp-content\/uploads\/2014\/07\/GWC-cover-200x300.jpg\" alt=\"Great Waves of Change book\" width=\"234\" height=\"344\" \/><\/a><p id=\"caption-attachment-20957\" class=\"wp-caption-text\"><\/p>\n<p class=\"font-size-13\"><a href=\"\/\/newknowledgelibrary.org\/books\/the-great-waves-of-change-navigating-the-difficult-times-ahead\/\">Order the Print Book<\/a> | <a href=\"\/\/newknowledgelibrary.org\/e-books\/the-great-waves-of-change-navigating-the-difficult-times-ahead-english-ebook\/\">Order the eBook<\/a><\/p>\n<p>&nbsp;<br \/><\/p><\/div><br \/>\n<i><span style=\"font-weight: 400;\">The Great Waves of Change<\/span><\/i><span style=\"font-weight: 400;\"> presents a prophecy of the difficult times ahead and the steps you can take to navigate an increasingly turbulent and uncertain future. <\/span><\/p>\n<p><span style=\"font-weight: 400;\">In the face of such uncertainty, <\/span><i><span style=\"font-weight: 400;\">The Great Waves of Change<\/span><\/i><span style=\"font-weight: 400;\"> presents a revolutionary new way of gaining certainty and life direction, a unique process that can be applied by people everywhere. By understanding the Great Waves and by connecting to Knowledge, the deeper authority within, you can find the strength, courage and inner certainty to adapt and to become a contributor, not a victim, to a rapidly changing world.<\/span><\/p>\n<p><i><span style=\"font-weight: 400;\">The Great Waves <\/span><\/i><span style=\"font-weight: 400;\">is the essential resource each person needs to prepare themselves mentally, emotionally and practically for the great change that is coming. If enough people can undertake this preparation, humanity will have the strength, compassion and resilience to pass through the difficult period ahead into a New World reality.<\/span><\/p>\n<p><span style=\"line-height: 1.5;\"><i>The Great Waves of Change<\/i>\u00a0is the first book of <\/span><a style=\"line-height: 1.5;\" title=\"Volume 2\" href=\"\/the-message\/volume-4\">Volume 4<\/a><span style=\"line-height: 1.5;\">\u00a0of The New Message from God.<\/span><\/p>\n<p style=\"text-align: left;\"><span style=\"color: #525252; line-height: 1.5;\"><div class=\"toggle toggle-white\"><h4 class=\"trigger \"><span class=\"t_ico\"><\/span><a href=\"#\">More about the volumes of the New Message from God<\/a><\/h4><div class=\"toggle_container \"><br \/>\n<div data-post-id='24520' class='insert-page insert-page-24520 '><\/div><br \/>\n<\/div><\/div><br \/>\n<strong>\u0130\u00e7erik tablosu<\/strong><\/span><\/p>\n<div class=\"background-color-bridesmaid padding-20\">\nGiri\u015f<\/p>\n<p>B\u00f6l\u00fcm 1: <a href=\"\/tr\/the-message\/volume-4\/great-waves-change\/the-great-waves-of-change\">De\u011fi\u015fimin B\u00fcy\u00fck Dalglar\u0131<\/a><\/p>\n<p>B\u00f6l\u00fcm 2: <a href=\"\/tr\/the-message\/volume-4\/great-waves-change\/the-great-waves-and-your-life\">B\u00fcy\u00fck Dalgalar ve Ya\u015fam\u0131n\u0131z<\/a><\/p>\n<p>B\u00f6l\u00fcm 3: <a href=\"\/tr\/the-message\/volume-4\/great-waves-change\/escaping-the-past\">Ge\u00e7mi\u015ften Ka\u00e7\u0131\u015f<\/a><\/p>\n<p>B\u00f6l\u00fcm 4: <a href=\"\/tr\/the-message\/volume-4\/great-waves-change\/the-freedom-to-move-with-knowledge\">Bilgiyle hareket \u00f6zg\u00fcrl\u00fc\u011f\u00fc<\/a><\/p>\n<p>B\u00f6l\u00fcm 5: Derin De\u011ferlendirme<\/p>\n<p>B\u00f6l\u00fcm 6: \u0130li\u015fkiler ve B\u00fcy\u00fck Dalgalar<\/p>\n<p>B\u00f6l\u00fcm 7: Ailenizi Haz\u0131rlamak<\/p>\n<p>B\u00f6l\u00fcm 8: \u0130zolasyon Tehlikesi<\/p>\n<p>B\u00f6l\u00fcm 9: B\u00fcy\u00fck Dalgalar\u0131n Kehaneti<\/p>\n<p>B\u00f6l\u00fcm 10: B\u00fcy\u00fck Dalgalar ve \u0130li\u015fkilerin gizli ger\u00e7e\u011fi<\/p>\n<p>B\u00f6l\u00fcm 11: \u0130nanc\u0131n\u0131z\u0131 nereye yerle\u015ftireceksiniz?<\/p>\n<p>B\u00f6l\u00fcm 12: De\u011fi\u015fen d\u00fcnyada amac\u0131n\u0131z ve kaderiniz<\/p>\n<p>B\u00f6l\u00fcm 13: Yeni Mesaj\u0131n umudu<\/p>\n<p>B\u00f6l\u00fcm 14: G\u00f6rmek, Bilmek ve Harekete Ge\u00e7mek<\/p>\n<p><a href=\"https:\/\/www.newmessage.org\/tr\/the-message\/volume-4\/great-waves-change\/recommendations\">B\u00fcy\u00fck Dalgalar D\u00fcnyas\u0131nda Ya\u015fam i\u00e7in \u00d6neriler<\/a><\/p>\n<\/div>\n","protected":false},"excerpt":{"rendered":"<p>The Great Waves of Change presents a prophecy of the difficult times ahead and the steps you can take to navigate an increasingly turbulent and uncertain future. In the face of such uncertainty, The Great Waves of Change presents a revolutionary new way of gaining certainty and life direction, a unique process that can be\u2026 <a class=\"read-more\" href=\"https:\/\/www.v6.newmessage.org\/tr\/the-message\/volume-4\/great-waves-change\/\"><span>Read More<\/span><\/a><\/p>\n","protected":false},"author":1,"featured_media":0,"parent":16316,"menu_order":0,"comment_status":"closed","ping_status":"closed","template":"template-leftsidebar.php","meta":{"_monsterinsights_skip_tracking":false,"_monsterinsights_sitenote_active":false,"_monsterinsights_sitenote_note":"","_monsterinsights_sitenote_category":0,"footnotes":""},"categories":[473,471],"tags":[809,793],"_links":{"self":[{"href":"https:\/\/www.v6.newmessage.org\/tr\/wp-json\/wp\/v2\/pages\/13099"}],"collection":[{"href":"https:\/\/www.v6.newmessage.org\/tr\/wp-json\/wp\/v2\/pages"}],"about":[{"href":"https:\/\/www.v6.newmessage.org\/tr\/wp-json\/wp\/v2\/types\/page"}],"author":[{"embeddable":true,"href":"https:\/\/www.v6.newmessage.org\/tr\/wp-json\/wp\/v2\/users\/1"}],"replies":[{"embeddable":true,"href":"https:\/\/www.v6.newmessage.org\/tr\/wp-json\/wp\/v2\/comments?post=13099"}],"version-history":[{"count":22,"href":"https:\/\/www.v6.newmessage.org\/tr\/wp-json\/wp\/v2\/pages\/13099\/revisions"}],"predecessor-version":[{"id":27927,"href":"https:\/\/www.v6.newmessage.org\/tr\/wp-json\/wp\/v2\/pages\/13099\/revisions\/27927"}],"up":[{"embeddable":true,"href":"https:\/\/www.v6.newmessage.org\/tr\/wp-json\/wp\/v2\/pages\/16316"}],"wp:attachment":[{"href":"https:\/\/www.v6.newmessage.org\/tr\/wp-json\/wp\/v2\/media?parent=13099"}],"wp:term":[{"taxonomy":"category","embeddable":true,"href":"https:\/\/www.v6.newmessage.org\/tr\/wp-json\/wp\/v2\/categories?post=13099"},{"taxonomy":"post_tag","embeddable":true,"href":"https:\/\/www.v6.newmessage.org\/tr\/wp-json\/wp\/v2\/tags?post=13099"}],"curies":[{"name":"wp","href":"https:\/\/api.w.org\/{rel}","templated":true}]}}