{"id":13085,"date":"2014-07-24T22:00:33","date_gmt":"2014-07-24T22:00:33","guid":{"rendered":"http:\/\/www.newmessage.org\/?page_id=13085"},"modified":"2019-01-09T06:26:26","modified_gmt":"2019-01-09T06:26:26","slug":"relationships-higher-purpose","status":"publish","type":"page","link":"https:\/\/www.v6.newmessage.org\/tr\/the-message\/volume-2\/relationships-higher-purpose\/","title":{"rendered":"\u0130li\u015fkiler ve Y\u00fcksek Ama\u00e7"},"content":{"rendered":"<div id=\"attachment_17768\" style=\"width: 244px\" class=\"wp-caption alignright\"><img loading=\"lazy\" decoding=\"async\" aria-describedby=\"caption-attachment-17768\" class=\"\" src=\"https:\/\/www.newmessage.org\/wp-content\/uploads\/2014\/07\/RHP-Cover-blk.jpg\" alt=\"Relationships and Higher Purpose\" width=\"234\" height=\"350\" \/><p id=\"caption-attachment-17768\" class=\"wp-caption-text\"><\/p>\n<p class=\"font-size-13\"><a href=\"http:\/\/newknowledgelibrary.org\/books\/relationships-and-higher-purpose\/ \">Order the Print Book <\/a> | Order the eBook<\/p>\n<p>&nbsp;<\/p>\n<p><\/p><\/div>\n<p><i><span style=\"font-weight: 400;\">Relationships and Higher Purpose<\/span><\/i><span style=\"font-weight: 400;\"> takes you beyond the normal parameters of human relationships to a deeper experience of union, purpose and meaning with those individuals with whom you share a greater destiny in life. It is the seminal teaching in the New Message on discovering your greater relationship with yourself, with others and with the world. <\/span><\/p>\n<p><i><span style=\"font-weight: 400;\">Relationships and Higher Purpose<\/span><\/i><span style=\"font-weight: 400;\"> expands the context of relationships to include your relationship with Knowledge (<a href=\"https:\/\/www.newmessage.org\/the-message\/volume-2\/greater-community-spirituality\/what-is-knowledge\">What is Knowledge?<\/a>), with your <\/span><span style=\"font-weight: 400;\">Spiritual Family (<a href=\"https:\/\/www.newmessage.org\/the-message\/volume-2\/relationships-higher-purpose\/relationship-spiritual-family\">Your Relationship with your Spiritual Family<\/a>) <\/span><span style=\"font-weight: 400;\">and with the Greater Forces which are shaping your life and the world.<\/span><\/p>\n<p><i><span style=\"font-weight: 400;\">Relationships and Higher Purpose<\/span><\/i><span style=\"font-weight: 400;\"> is the essential component to finding and fulfilling a greater life of purpose, meaning and destiny.  <\/span><\/p>\n<p><em>Relationships and Higher Purpose<\/em> is the second book of <a title=\"Volume 2\" href=\"\/the-message\/volume-2\">Volume 2<\/a> of The New Message from God.<\/p>\n<div class=\"toggle toggle-white\"><h4 class=\"trigger \"><span class=\"t_ico\"><\/span><a href=\"#\">More about the volumes of the New Message from God<\/a><\/h4><div class=\"toggle_container \"><br \/>\n<div data-post-id='24520' class='insert-page insert-page-24520 '><\/div><br \/>\n<\/div><\/div>\n<div class=\"background-color-bridesmaid padding-20\">\n<h2 style=\"text-align: left;\"><span style=\"color: #525252;\">Table of Contents<\/span><\/h2>\n<p>PART ONE: RELATIONSHIPS AND HIGHER PURPOSE<\/p>\n<p>Chapter 1: <a title=\"Chapter 1: Your Most Primary Relationship\" href=\"\/the-message\/volume-2\/relationships-higher-purpose\/your-most-primary-relationship\">Your Most Primary Relationship<\/a><\/p>\n<p>Chapter 2: <a href=\"\/the-message\/volume-2\/relationships-higher-purpose\/your-relationship-with-yourself\">Your Relationship with Yourself<\/a><\/p>\n<p>Chapter 3: <a href=\"\/the-message\/volume-2\/relationships-higher-purpose\/your-relationship-with-others\">Your Relationship with Others<\/a><\/p>\n<p>Chapter 4: <a href=\"\/the-message\/volume-2\/relationships-higher-purpose\/your-relationship-with-the-world\">Your Relationship with the World<\/a><\/p>\n<p>Chapter 5: Your Relationship with Your Spiritual Family<\/p>\n<p>Chapter 6: Your Relationship with Knowledge<\/p>\n<p>Chapter 7: Your Relationship with the Unknown<\/p>\n<p>Chapter 8: The Problem of Evil and the Forces of Dissonance<\/p>\n<p>Chapter 9: Stages of Development<\/p>\n<p>Chapter 10: <a href=\"\/the-message\/volume-2\/relationships-higher-purpose\/marriage\">Marriage<\/a><\/p>\n<p>Chapter 11: <a href=\"\/the-message\/volume-2\/relationships-higher-purpose\/your-purpose-and-spiritual-calling\">Your Purpose and Spiritual Calling<\/a><\/p>\n<p>PART ONE: PRACTICAL QUESTIONS<\/p>\n<p>Chapter 12: Establishing Relationships<\/p>\n<p>Chapter 13: Maintaining Relationships<\/p>\n<p>Chapter 14: Completing Relationships<\/p>\n<p>Chapter 15: Conclusion<\/p>\n<\/div>\n","protected":false},"excerpt":{"rendered":"<p>Relationships and Higher Purpose takes you beyond the normal parameters of human relationships to a deeper experience of union, purpose and meaning with those individuals with whom you share a greater destiny in life. It is the seminal teaching in the New Message on discovering your greater relationship with yourself, with others and with the\u2026 <a class=\"read-more\" href=\"https:\/\/www.v6.newmessage.org\/tr\/the-message\/volume-2\/relationships-higher-purpose\/\"><span>Read More<\/span><\/a><\/p>\n","protected":false},"author":1,"featured_media":0,"parent":16312,"menu_order":1,"comment_status":"closed","ping_status":"closed","template":"template-leftsidebar.php","meta":{"_monsterinsights_skip_tracking":false,"_monsterinsights_sitenote_active":false,"_monsterinsights_sitenote_note":"","_monsterinsights_sitenote_category":0,"footnotes":""},"categories":[469,467],"tags":[806,801],"_links":{"self":[{"href":"https:\/\/www.v6.newmessage.org\/tr\/wp-json\/wp\/v2\/pages\/13085"}],"collection":[{"href":"https:\/\/www.v6.newmessage.org\/tr\/wp-json\/wp\/v2\/pages"}],"about":[{"href":"https:\/\/www.v6.newmessage.org\/tr\/wp-json\/wp\/v2\/types\/page"}],"author":[{"embeddable":true,"href":"https:\/\/www.v6.newmessage.org\/tr\/wp-json\/wp\/v2\/users\/1"}],"replies":[{"embeddable":true,"href":"https:\/\/www.v6.newmessage.org\/tr\/wp-json\/wp\/v2\/comments?post=13085"}],"version-history":[{"count":66,"href":"https:\/\/www.v6.newmessage.org\/tr\/wp-json\/wp\/v2\/pages\/13085\/revisions"}],"predecessor-version":[{"id":27562,"href":"https:\/\/www.v6.newmessage.org\/tr\/wp-json\/wp\/v2\/pages\/13085\/revisions\/27562"}],"up":[{"embeddable":true,"href":"https:\/\/www.v6.newmessage.org\/tr\/wp-json\/wp\/v2\/pages\/16312"}],"wp:attachment":[{"href":"https:\/\/www.v6.newmessage.org\/tr\/wp-json\/wp\/v2\/media?parent=13085"}],"wp:term":[{"taxonomy":"category","embeddable":true,"href":"https:\/\/www.v6.newmessage.org\/tr\/wp-json\/wp\/v2\/categories?post=13085"},{"taxonomy":"post_tag","embeddable":true,"href":"https:\/\/www.v6.newmessage.org\/tr\/wp-json\/wp\/v2\/tags?post=13085"}],"curies":[{"name":"wp","href":"https:\/\/api.w.org\/{rel}","templated":true}]}}