{"id":12778,"date":"2014-07-19T02:35:55","date_gmt":"2014-07-19T02:35:55","guid":{"rendered":"http:\/\/www.newmessage.org\/?page_id=12778"},"modified":"2019-01-17T01:55:49","modified_gmt":"2019-01-17T01:55:49","slug":"faq","status":"publish","type":"page","link":"https:\/\/www.v6.newmessage.org\/tr\/about-new-message\/faq\/","title":{"rendered":"S\u0131k\u00e7a Sorulan Sorular"},"content":{"rendered":"<p><!--div class=\"text-align-right\"><img decoding=\"async\" src=\"https:\/\/www.newmessage.org\/wp-content\/uploads\/2015\/04\/shapeimage_15-228x300.png\" alt=\"Frequently Asked Questions about the New Message\" class=\"alignright size-medium \" \/><\/div-->\n<div class=\"home_feed_featured\">\n\t    \n\t<article class=\"posts_listing blog_shortcode clearfix post-157 page type-page status-publish hentry category-questions-and-answers tag-faq tag-tanrinin-yeni-mesaji-nedir tag-what-is-the-new-message-from-god\" id=\"post-157\">\n\n\t\t\t\t\n\t<h2 class=\"entry-title\"><a href=\"https:\/\/www.v6.newmessage.org\/tr\/about-new-message\/faq\/what-is-the-new-message-from-god\/\" rel=\"bookmark\" title=\"Permanent Link to Tanr\u0131\u2019n\u0131n yeni mesaj\u0131 nedir?\">Tanr\u0131\u2019n\u0131n yeni mesaj\u0131 nedir?<\/a><\/h2>\n\n<div class=\"entry-content\">\n<p>\u00a0&#8220;Yeni mesaj, t\u00fcm ya\u015fam\u0131n yarat\u0131c\u0131s\u0131ndan yolland\u0131. Bireyi haz\u0131rlamas\u0131, ve insanl\u0131\u011f\u0131 bekleyen b\u00fcy\u00fck tehlikelerden kurtulmak ve ilerlemek i\u00e7in d\u00fcnya insanlar\u0131n\u0131 haz\u0131rlamak i\u00e7in bir mesajd\u0131r. Bir acil ihtiya\u00e7 kar\u015f\u0131s\u0131nda b\u00fcy\u00fck bir hediyedir.&#8221; Tanr\u0131&#8217;n\u0131n D\u00fcnyaya yeni bir mesaj\u0131 var....<\/p><\/div>\t\t\t\n\t\t<\/article>\n\t    \n\t<article class=\"posts_listing blog_shortcode clearfix post-159 page type-page status-publish hentry category-questions-and-answers tag-faq tag-why-is-the-new-message-here tag-yeni-mesaj-neden-buradadir\" id=\"post-159\">\n\n\t\t\t\t\n\t<h2 class=\"entry-title\"><a href=\"https:\/\/www.v6.newmessage.org\/tr\/about-new-message\/faq\/grace-from-god\/\" rel=\"bookmark\" title=\"Permanent Link to Yeni Mesaj Neden Buradad\u0131r?\">Yeni Mesaj Neden Buradad\u0131r?<\/a><\/h2>\n\n<div class=\"entry-content\">\n<p>Siz ba\u015f\u0131n\u0131z \u00f6nde olarak ge\u00e7mi\u015ften farkl\u0131 olacak bir gelece\u011fe do\u011fru gitmektesiniz ve gelece\u011fe haz\u0131rl\u0131kl\u0131 de\u011filsiniz. Bu nedenle Tanr\u0131?dan Yeni mesaj buradad\u0131r. S\u0131n\u0131rl\u0131 kaynaklar\u0131n d\u00fcnyas\u0131nda b\u00fcy\u00fcyen bir n\u00fcfusla yay\u0131lan insanl\u0131k, yoksulluk tehdidi, \u00e7at\u0131\u015fma ve sava\u015f tehlikesi ile...<\/p><\/div>\t\t\t\n\t\t<\/article>\n\t    \n\t<article class=\"posts_listing blog_shortcode clearfix post-12460 page type-page status-publish hentry category-questions-and-answers tag-faq tag-tanri-nedir tag-what-is-god\" id=\"post-12460\">\n\n\t\t\t\t\n\t<h2 class=\"entry-title\"><a href=\"https:\/\/www.v6.newmessage.org\/tr\/what-is-god\/\" rel=\"bookmark\" title=\"Permanent Link to Tanr\u0131 nedir?\">Tanr\u0131 nedir?<\/a><\/h2>\n\n<div class=\"entry-content\">\n<p>&#8220;Burada sizin zaman\u0131n\u0131z\u0131n d\u00fcnyas\u0131ndaki tanr\u0131s\u0131na de\u011fil, t\u00fcm d\u00fcnyalar\u0131n ve t\u00fcm zamanlar\u0131n tanr\u0131s\u0131 \u00fczerine odaklan\u0131lacakt\u0131r.&#8221; Yeni mesajda Tanr\u0131, sadece bu d\u00fcnya yerine, evrenin tam ve daha b\u00fcy\u00fck ba\u011flam\u0131n i\u00e7inde d\u00fc\u015f\u00fcn\u00fcl\u00fcr. Zeki ya\u015fam\u0131n bu daha b\u00fcy\u00fck toplumunun ortaya...<\/p><\/div>\t\t\t\n\t\t<\/article>\n\t    \n\t<article class=\"posts_listing blog_shortcode clearfix post-221 page type-page status-publish hentry category-questions-and-answers tag-faq tag-what-does-the-new-message-advocate tag-yeni-mesaj-neyin-savunucusudur\" id=\"post-221\">\n\n\t\t\t\t\n\t<h2 class=\"entry-title\"><a href=\"https:\/\/www.v6.newmessage.org\/tr\/about-new-message\/faq\/human-freedom\/\" rel=\"bookmark\" title=\"Permanent Link to Yeni Mesaj neyin savunucusudur?\">Yeni Mesaj neyin savunucusudur?<\/a><\/h2>\n\n<div class=\"entry-content\">\n<p>1. \u00d6zg\u00fcrl\u00fck \u00d6\u011frenmeyi in\u015fa etmek, s\u00fcrd\u00fcrmek ve korumak i\u00e7in bireysel \u00f6zg\u00fcrl\u00fck ve insanl\u0131\u011f\u0131n toplu \u00f6zg\u00fcrl\u00fc\u011f\u00fc ve benzeri g\u00f6r\u00fclmemi\u015f zorluklar kar\u015f\u0131s\u0131ndaki \u00f6zg\u00fcrl\u00fc\u011f\u00fc i\u00e7indir. 2. \u0130nsan birli\u011fi, i\u015fbirli\u011fi ve sava\u015f ve \u00e7at\u0131\u015fmalar\u0131n durmas\u0131, d\u0131\u015far\u0131da olan y\u00fcksek ahlak ve...<\/p><\/div>\t\t\t\n\t\t<\/article>\n\t    \n\t<article class=\"posts_listing blog_shortcode clearfix post-225 page type-page status-publish hentry category-questions-and-answers tag-bu-yeni-bir-din-midir-dunyada-yeni-bir-dine-ihtiyac-mi-var tag-faq tag-is-this-a-new-religion-why-does-the-world-need-a-new-religion\" id=\"post-225\">\n\n\t\t\t\t\n\t<h2 class=\"entry-title\"><a href=\"https:\/\/www.v6.newmessage.org\/tr\/about-new-message\/faq\/new-religion\/\" rel=\"bookmark\" title=\"Permanent Link to Bu yeni bir din midir? D\u00fcnyada yeni bir dine ihtiya\u00e7 m\u0131 var?\">Bu yeni bir din midir? D\u00fcnyada yeni bir dine ihtiya\u00e7 m\u0131 var?<\/a><\/h2>\n\n<div class=\"entry-content\">\n<p>D\u00fcnyada yeni bir anlay\u0131\u015f ve yeni bir bilin\u00e7 gerekmektedir. Bunun d\u0131\u015f\u0131nda, ruhsal uygulama bi\u00e7imleri ve topluluklar ortaya \u00e7\u0131kacakt\u0131r ve bu anlamda, evet, bu yeni bir din gibidir. Ama Yeni Mesaj\u0131n amac\u0131, rekabet ya da di\u011fer t\u00fcm...<\/p><\/div>\t\t\t\n\t\t<\/article>\n\t    \n\t<article class=\"posts_listing blog_shortcode clearfix post-227 page type-page status-publish hentry category-questions-and-answers tag-bir-seyi-degistirmeli-miyim-ya-da-yeni-mesaj-takipcisi-olmam-gerekir-mi tag-do-i-have-to-become-a-convert-or-follower-of-the-new-message-in-order-to-receive-the-new-message tag-faq tag-yeni-mesaji-almak-icin\" id=\"post-227\">\n\n\t\t\t\t\n\t<h2 class=\"entry-title\"><a href=\"https:\/\/www.v6.newmessage.org\/tr\/about-new-message\/faq\/new-perspective-on-life\/\" rel=\"bookmark\" title=\"Permanent Link to Yeni Mesaj\u0131 almak i\u00e7in,  bir \u015feyi de\u011fi\u015ftirmeli miyim ya da Yeni Mesaj takip\u00e7isi olmam gerekir mi?\">Yeni Mesaj\u0131 almak i\u00e7in,  bir \u015feyi de\u011fi\u015ftirmeli miyim ya da Yeni Mesaj takip\u00e7isi olmam gerekir mi?<\/a><\/h2>\n\n<div class=\"entry-content\">\n<p>Hay\u0131r.\u00a0Yeni Mesaj, \u00f6zBilgi, ama\u00e7, ili\u015fki, birlik, i\u015fbirli\u011fi ve Evren&#8217;de zeki ya\u015fam\u0131n B\u00fcy\u00fck Toplulu\u011fu i\u00e7inde insanl\u0131\u011f\u0131n ortaya \u00e7\u0131k\u0131\u015f\u0131 konusundaki bilgelik ve \u00f6\u011fretimi almakt\u0131r. Yeni Mesaj\u0131 al\u0131n\u0131z ve sonra ulusunuza, insanlar\u0131n\u0131za, kabilenize, dininize bunu veriniz, Bu d\u00fcnyan\u0131n i\u00e7inde...<\/p><\/div>\t\t\t\n\t\t<\/article>\n\t    \n\t<article class=\"posts_listing blog_shortcode clearfix post-223 page type-page status-publish hentry category-questions-and-answers tag-bana-ne-sormaktadir tag-faq tag-what-does-the-new-message-ask-of-me tag-yeni-mesaj\" id=\"post-223\">\n\n\t\t\t\t\n\t<h2 class=\"entry-title\"><a href=\"https:\/\/www.v6.newmessage.org\/tr\/about-new-message\/faq\/what-the-world-needs-now\/\" rel=\"bookmark\" title=\"Permanent Link to Yeni Mesaj, bana ne sormaktad\u0131r?\">Yeni Mesaj, bana ne sormaktad\u0131r?<\/a><\/h2>\n\n<div class=\"entry-content\">\n<p>Yeni Mesaj sizden d\u00fcr\u00fcstl\u00fck, samimiyet, sorumluluk ve ba\u011fl\u0131l\u0131kla, herkesin kendi ya\u015fam\u0131n\u0131 kurmas\u0131 gerekti\u011fini her \u015feyi topluluklar, k\u00f6yler, \u015fehirler ve D\u00fcnyada uluslar\u0131 aras\u0131nda kurmas\u0131n\u0131 talep eder. Yeni Mesaj, kendi ve d\u00fcnyan\u0131n ihtiya\u00e7lar\u0131n\u0131 onurland\u0131rman\u0131z\u0131, t\u00fcm d\u00fcnyan\u0131n ihtiya\u00e7 duydu\u011fu...<\/p><\/div>\t\t\t\n\t\t<\/article>\n\t    \t    <\/div>\n","protected":false},"excerpt":{"rendered":"Yeni Mesaj sizden d\u00fcr\u00fcstl\u00fck, samimiyet, sorumluluk ve ba\u011fl\u0131l\u0131kla, herkesin kendi ya\u015fam\u0131n\u0131 kurmas\u0131 gerekti\u011fini her \u015feyi topluluklar, k\u00f6yler, \u015fehirler ve D\u00fcnyada uluslar\u0131 aras\u0131nda kurmas\u0131n\u0131 talep eder. Yeni Mesaj, kendi ve d\u00fcnyan\u0131n ihtiya\u00e7lar\u0131n\u0131 onurland\u0131rman\u0131z\u0131, t\u00fcm d\u00fcnyan\u0131n ihtiya\u00e7 duydu\u011fu ve t\u00fcm insanl\u0131\u011f\u0131n yarar\u0131na olan, yarat\u0131c\u0131n\u0131n d\u00fcnyaya g\u00f6nderdi\u011fi bereket ve haz\u0131rl\u0131\u011f\u0131n\u0131 tan\u0131man\u0131z ve alman\u0131z\u0131 istemektedir. Bu herkese \u00e7ok g\u00f6r\u00fcn\u00fcyorsa,\u2026 <a class=\"read-more\" href=\"https:\/\/www.v6.newmessage.org\/tr\/about-new-message\/faq\/what-the-world-needs-now\/\"><span>Read More<\/span><\/a>","protected":false},"author":1,"featured_media":0,"parent":12748,"menu_order":0,"comment_status":"closed","ping_status":"closed","template":"template-leftsidebar.php","meta":{"_monsterinsights_skip_tracking":false,"_monsterinsights_sitenote_active":false,"_monsterinsights_sitenote_note":"","_monsterinsights_sitenote_category":0,"footnotes":""},"categories":[1],"tags":[846,845],"_links":{"self":[{"href":"https:\/\/www.v6.newmessage.org\/tr\/wp-json\/wp\/v2\/pages\/12778"}],"collection":[{"href":"https:\/\/www.v6.newmessage.org\/tr\/wp-json\/wp\/v2\/pages"}],"about":[{"href":"https:\/\/www.v6.newmessage.org\/tr\/wp-json\/wp\/v2\/types\/page"}],"author":[{"embeddable":true,"href":"https:\/\/www.v6.newmessage.org\/tr\/wp-json\/wp\/v2\/users\/1"}],"replies":[{"embeddable":true,"href":"https:\/\/www.v6.newmessage.org\/tr\/wp-json\/wp\/v2\/comments?post=12778"}],"version-history":[{"count":15,"href":"https:\/\/www.v6.newmessage.org\/tr\/wp-json\/wp\/v2\/pages\/12778\/revisions"}],"predecessor-version":[{"id":27657,"href":"https:\/\/www.v6.newmessage.org\/tr\/wp-json\/wp\/v2\/pages\/12778\/revisions\/27657"}],"up":[{"embeddable":true,"href":"https:\/\/www.v6.newmessage.org\/tr\/wp-json\/wp\/v2\/pages\/12748"}],"wp:attachment":[{"href":"https:\/\/www.v6.newmessage.org\/tr\/wp-json\/wp\/v2\/media?parent=12778"}],"wp:term":[{"taxonomy":"category","embeddable":true,"href":"https:\/\/www.v6.newmessage.org\/tr\/wp-json\/wp\/v2\/categories?post=12778"},{"taxonomy":"post_tag","embeddable":true,"href":"https:\/\/www.v6.newmessage.org\/tr\/wp-json\/wp\/v2\/tags?post=12778"}],"curies":[{"name":"wp","href":"https:\/\/api.w.org\/{rel}","templated":true}]}}