{"id":12766,"date":"2014-07-19T02:33:59","date_gmt":"2014-07-19T02:33:59","guid":{"rendered":"http:\/\/www.newmessage.org\/?page_id=12766"},"modified":"2019-04-08T04:31:59","modified_gmt":"2019-04-08T04:31:59","slug":"who-is-marshallviansummers","status":"publish","type":"page","link":"https:\/\/www.v6.newmessage.org\/tr\/who-is-marshallviansummers\/","title":{"rendered":"Marshall Vian Summers Kimdir?"},"content":{"rendered":"<div style=\"float: right;\">\n<p><img loading=\"lazy\" decoding=\"async\" class=\"imgborder\" src=\"\/wp-content\/uploads\/2015\/08\/DSC_0146-copy-300x200.jpg\" alt=\"Who is Marshall Vian Summers?\" width=\"300\" height=\"200\" \/><\/p>\n<div align=\"center\">Marshall Vian Summers<\/div>\n<\/div>\n<p>Marshall Vian Summers, Tanr\u0131\u2019dan Gelen Yeni Mesaj\u0131n El\u00e7isidir. \u0130nsanl\u0131\u011f\u0131, d\u00fcnyaya yakla\u015fmakta olan b\u00fcy\u00fck ekonomik, sosyal ve \u00e7evresel de\u011fi\u015fiklikleri ve ak\u0131ll\u0131 ya\u015fam dolu bir evrene \u00e7\u0131kmas\u0131na haz\u0131rlamak i\u00e7in, otuz y\u0131l\u0131 a\u015fk\u0131n bir s\u00fcredir verilen geni\u015f bir Yeni Vahyin al\u0131c\u0131s\u0131 olmu\u015ftur.<\/p>\n<p>1981 sonbahar\u0131nda, 32 ya\u015f\u0131nda, Marshall Vian Summers d\u00fcnyay\u0131 g\u00f6zeten <u><a href=\"https:\/\/www.newmessage.org\/tr\/important-terms\/\">Melekler Meclisi <\/a><\/u>ile do\u011frudan bir kar\u015f\u0131la\u015fma ya\u015fad\u0131. Bu kar\u015f\u0131la\u015fma sonsuza dek hayat\u0131n\u0131n gidi\u015fat\u0131n\u0131 de\u011fi\u015ftirdi ve Meclisi ile hayat\u0131n\u0131 Tanr\u0131&#8217;ya teslim etmesini gerektiren daha derin bir ili\u015fki ba\u015flatt\u0131. Ve b\u00f6ylece Tanr\u0131&#8217;n\u0131n \u0130nsanl\u0131k i\u00e7in Yeni Mesaj\u0131\u2019n\u0131 alman\u0131n uzun ve gizemli s\u00fcrecine ba\u015flad\u0131.<\/p>\n<p>Bu esrarengiz ba\u015flay\u0131\u015fa takiben, 33 ya\u015f\u0131ndayken, <u><a href=\"https:\/\/www.newmessage.org\/tr\/important-terms#aa\">Melekler Meclisi<\/a><\/u> ile ikinci bir kar\u015f\u0131la\u015fmas\u0131 oldu ve burada D\u00fcnya i\u00e7in mesajlar\u0131n\u0131 almaya ve kaydetmeye ba\u015flad\u0131.<\/p>\n<p>O g\u00fcnden bu yana, insanl\u0131k i\u00e7in b\u00fcy\u00fck bir Vahiy, zaman zaman yava\u015f yava\u015f ve bazen de b\u00fcy\u00fck seller gibi ortaya \u00e7\u0131kt\u0131. Bu uzun y\u0131llar\u0131n \u00e7o\u011funda, bu Vahyin ne kadar b\u00fcy\u00fcyece\u011fini ve nihayetinde nereye y\u00f6nlendirilece\u011fini bilmeden sadece bir ka\u00e7 ki\u015finin deste\u011fiyle ilerlemek zorunda kald\u0131.<\/p>\n<p>Y\u0131l\u0131n b\u00fcy\u00fck bir k\u0131sm\u0131nda, Marshall, Amerika Birle\u015fik Devletleri&#8217;nin Rocky Da\u011flar\u0131&#8217;nda, ailesi ve <u><a href=\"https:\/\/www.newmessage.org\/tr\/about-the-worldwide-community\/society\/\">Yeni Mesaj Toplulu\u011fu<\/a><\/u> \u00fcyeleri taraf\u0131ndan desteklenen g\u00f6receli bir inzivada ya\u015f\u0131yor. Orada Tanr\u0131&#8217;dan D\u00fcnyaya Yeni Mesaj\u0131 alma, haz\u0131rlama ve sunma misyonunu s\u00fcrd\u00fcr\u00fcyor.<\/p>\n<p>Nadir durumlarda Marshall, Yeni Mesaj\u0131n Kayna\u011f\u0131 taraf\u0131ndan, d\u00fcnyan\u0131n \u00e7evresindeki belirli yerlerine, o yer ve zaman i\u00e7inde Tanr\u0131\u2019n\u0131n Vahiylerini almak i\u00e7in (<u><a href=\"https:\/\/www.newmessage.org\/gods-messenger\/journeys-messenger\">Seyahatler<\/a><\/u>) ve D\u00fcnya Toplulu\u011fu\u2019nun \u00f6zel toplant\u0131lar\u0131nda (<u><a href=\"https:\/\/www.newmessage.org\/worldwide-community\/events\">Etkinlikler<\/a><\/u>) Tanr\u0131\u2019n\u0131n Yeni Mesaj\u0131n\u0131n i\u00e7erdi\u011fi derin ger\u00e7ekleri a\u00e7\u0131klamak i\u00e7in seyahat etmeye y\u00f6nlendiriliyor.<\/p>\n<p>El\u00e7i, insanl\u0131k ailesine \u015fimdiye kadar verilen en b\u00fcy\u00fck Vahyi almak ve sunmak i\u00e7in uzun ve zorlu bir yol y\u00fcr\u00fcd\u00fc. Bug\u00fcn hala, Tanr\u0131n\u0131n Yeni Vahyini s\u0131k\u0131nt\u0131l\u0131 ve b\u00f6l\u00fcnm\u00fc\u015f bu d\u00fcnyaya getirmenin zorluklar\u0131 ile kar\u015f\u0131la\u015f\u0131rken, <u><a href=\"https:\/\/www.newmessage.org\/tr\/important-terms#voice\">Vahyin Sesi<\/a><\/u> kendisinden akmaya devam ediyor.<\/p>\n<ul>\n<li><u><a href=\"https:\/\/www.newmessage.org\/tr\/who-is-marshall-vian-summers\/\">El\u00e7i\u2019nin hikayesini okuyun.<\/a><\/u><\/li>\n<li>El\u00e7i\u2019nin sesli \u00f6\u011fretilerini dinleyin.<\/li>\n<li>El\u00e7i&#8217;nin k\u00f6keni, misyonu ve kaderi hakk\u0131nda<u><a href=\"https:\/\/www.newmessage.org\/the-message\/revelations\/revelations-messenger\"> Yeni Mesaj\u0131n vahiylerini<\/a><\/u> okuyun ve dinleyin.<\/li>\n<li>El\u00e7i\u2019nin Yeni Mesaj\u0131n ahitini derlemesi hakk\u0131nda daha fazla \u00f6\u011frenin.<\/li>\n<li>El\u00e7i\u2019nin D\u00fcnyadaki <u><a href=\"https:\/\/www.newmessage.org\/gods-messenger\/journeys-messenger\">Yolculu\u011fu <\/a><\/u>hakk\u0131nda \u00f6\u011frenin.<\/li>\n<\/ul>\n","protected":false},"excerpt":{"rendered":"<p>Marshall Vian Summers Marshall Vian Summers, Tanr\u0131\u2019dan Gelen Yeni Mesaj\u0131n El\u00e7isidir. \u0130nsanl\u0131\u011f\u0131, d\u00fcnyaya yakla\u015fmakta olan b\u00fcy\u00fck ekonomik, sosyal ve \u00e7evresel de\u011fi\u015fiklikleri ve ak\u0131ll\u0131 ya\u015fam dolu bir evrene \u00e7\u0131kmas\u0131na haz\u0131rlamak i\u00e7in, otuz y\u0131l\u0131 a\u015fk\u0131n bir s\u00fcredir verilen geni\u015f bir Yeni Vahyin al\u0131c\u0131s\u0131 olmu\u015ftur. 1981 sonbahar\u0131nda, 32 ya\u015f\u0131nda, Marshall Vian Summers d\u00fcnyay\u0131 g\u00f6zeten Melekler Meclisi ile do\u011frudan\u2026 <a class=\"read-more\" href=\"https:\/\/www.v6.newmessage.org\/tr\/who-is-marshallviansummers\/\"><span>Read More<\/span><\/a><\/p>\n","protected":false},"author":1,"featured_media":0,"parent":0,"menu_order":3,"comment_status":"closed","ping_status":"closed","template":"template-leftsidebar.php","meta":{"_monsterinsights_skip_tracking":false,"_monsterinsights_sitenote_active":false,"_monsterinsights_sitenote_note":"","_monsterinsights_sitenote_category":0,"footnotes":""},"categories":[81],"tags":[888,430],"_links":{"self":[{"href":"https:\/\/www.v6.newmessage.org\/tr\/wp-json\/wp\/v2\/pages\/12766"}],"collection":[{"href":"https:\/\/www.v6.newmessage.org\/tr\/wp-json\/wp\/v2\/pages"}],"about":[{"href":"https:\/\/www.v6.newmessage.org\/tr\/wp-json\/wp\/v2\/types\/page"}],"author":[{"embeddable":true,"href":"https:\/\/www.v6.newmessage.org\/tr\/wp-json\/wp\/v2\/users\/1"}],"replies":[{"embeddable":true,"href":"https:\/\/www.v6.newmessage.org\/tr\/wp-json\/wp\/v2\/comments?post=12766"}],"version-history":[{"count":27,"href":"https:\/\/www.v6.newmessage.org\/tr\/wp-json\/wp\/v2\/pages\/12766\/revisions"}],"predecessor-version":[{"id":27917,"href":"https:\/\/www.v6.newmessage.org\/tr\/wp-json\/wp\/v2\/pages\/12766\/revisions\/27917"}],"wp:attachment":[{"href":"https:\/\/www.v6.newmessage.org\/tr\/wp-json\/wp\/v2\/media?parent=12766"}],"wp:term":[{"taxonomy":"category","embeddable":true,"href":"https:\/\/www.v6.newmessage.org\/tr\/wp-json\/wp\/v2\/categories?post=12766"},{"taxonomy":"post_tag","embeddable":true,"href":"https:\/\/www.v6.newmessage.org\/tr\/wp-json\/wp\/v2\/tags?post=12766"}],"curies":[{"name":"wp","href":"https:\/\/api.w.org\/{rel}","templated":true}]}}