{"id":12748,"date":"2014-07-19T02:31:12","date_gmt":"2014-07-19T02:31:12","guid":{"rendered":"http:\/\/www.newmessage.org\/?page_id=12748"},"modified":"2019-04-08T04:28:35","modified_gmt":"2019-04-08T04:28:35","slug":"about-new-message","status":"publish","type":"page","link":"https:\/\/www.v6.newmessage.org\/tr\/about-new-message\/","title":{"rendered":"Yeni Mesaj Hakk\u0131nda &#8211; Giri\u015f"},"content":{"rendered":"<p>[vc_row][vc_column][vc_column_text]<a href=\"\/wp-content\/uploads\/2014\/08\/God-has-spoken-again-1.jpg\"><img loading=\"lazy\" decoding=\"async\" class=\"imgborder alignright\" src=\"\/wp-content\/uploads\/2014\/08\/God-has-spoken-again-1-400x600.jpg\" alt=\"God Has Spoken Again. The Word and the Sound are in the world.\" width=\"330\" height=\"495\" \/><\/a><\/p>\n<h3 style=\"text-align: center;\">Yeni Mesaj Hakk\u0131nda<\/h3>\n<p>Tanr\u0131\u2019dan Gelen Yeni Mesaj\u2019a ho\u015fgeldiniz. Fevkalade bir \u015fekilde, zaman ve ya\u015fam\u0131n i\u00e7inde uzun ve belki de gizemli bir yolculukla, buraya geldiniz. Tanr\u0131\u2019dan Gelen Yeni Mesaji buldunuz belki de o sizi buldu. Bunun b\u00f6yle olmas\u0131 bir tesad\u00fcf de\u011fil.<\/p>\n<p>Tanr\u0131 yeniden konu\u015ftu. D\u00fcnyada Tanr\u0131\u2019dan Gelen Yeni bir Mesaj var. Bu, Tanr\u0131&#8217;n\u0131n sevgisi ve insanl\u0131\u011fa y\u00f6nelik ileti\u015fiminin zaman\u0131m\u0131zda ortaya \u00e7\u0131kmas\u0131 mucizesidir ve siz bunu ilk bilenler aras\u0131ndas\u0131n\u0131z.<\/p>\n<p>Tanr\u0131\u2019dan Gelen Yeni Mesaj, Tanr\u0131\u2019dan t\u00fcm insanlara y\u00f6nelik \u00f6zg\u00fcn bir ileti\u015fimdir. Bu,  okuryazar bir d\u00fcnyaya verilen ve b\u00fcy\u00fcyen k\u00fcresel fark\u0131ndal\u0131k i\u00e7inde olan t\u00fcm milletlerin ve inan\u00e7lar\u0131n insanlar\u0131 i\u00e7in bir ileti\u015fim ve vahiy hediyesidir.<\/p>\n<p>Yeni Mesaj tek bir kabile, bir millet ya da tek inan\u00e7 grubu i\u00e7in de\u011fildir. O Tanr\u0131&#8217;n\u0131n t\u00fcm d\u00fcnyayla ileti\u015fimidir.<\/p>\n<p>Bu ileti\u015fim, insanl\u0131\u011f\u0131n ruhani kalbini tutu\u015fturmak, Tanr\u0131&#8217;n\u0131n d\u00fcnya uluslar\u0131 ve dinleri aras\u0131nda birlik \u00e7a\u011fr\u0131s\u0131nda bulunmak ve insanl\u0131\u011f\u0131 radikal olarak de\u011fi\u015fen bir d\u00fcnya i\u00e7in ve ak\u0131ll\u0131 ya\u015fam ile dolu olan daha geni\u015f bir evrendeki kaderini belirlemeye haz\u0131rlamak g\u00fcc\u00fcne sahiptir.<\/p>\n<p>Yeni Mesaj 36 y\u0131ldan fazla bir s\u00fcrede <u><a href=\"https:\/\/www.newmessage.org\/tr\/gods-messenger\/\">Marshall Vian Summers<\/a><\/u> adam\u0131na teslim edildi. Tanr\u0131\u2019dan Gelen Yeni Mesaj\u0131\u2019\u0131 almak ve onu size onu alabilecek herkese ula\u015ft\u0131rabilmek i\u00e7in uzun ve zahmetli bir yolculuk yapt\u0131. Bu ama\u00e7la d\u00fcnyaya dan g\u00f6nderilen m\u00fctevazi bir adam, Tanr\u0131&#8217;dan Gelen Yeni Mesaj\u0131n El\u00e7isidir.<\/p>\n<h3 style=\"text-align: center;\"><strong>Neden Siz?<\/strong><\/h3>\n<p>Buraya neden geldiniz? Tanr\u0131\u2019dan Gelen Yeni Mesaj\u0131 neden buldunuz? Bu size gizem ya da rastgele bir \u015fans gibi g\u00f6r\u00fcnebilir. Ama asl\u0131nda Yeni Mesaj\u0131 \u015fu anda bulman\u0131z\u0131n bir nedeni var.<\/p>\n<p>\u00c7\u00fcnk\u00fc Tanr\u0131, d\u00fcnya \u00e7ap\u0131nda bir \u00e7ok insan\u0131, ihtiya\u00e7 i\u00e7inde olan bir d\u00fcnyaya ama\u00e7, ilgi ve katk\u0131 dolu bir hayata, yeni ve y\u00fcce bir hayata haz\u0131rlamak ve uyand\u0131rmak i\u00e7in \u00e7a\u011f\u0131r\u0131yor. Tanr\u0131 ve <u><a href=\"https:\/\/www.newmessage.org\/tr\/important-terms#aa\">Melekler Meclisi<\/a><\/u> bir\u00e7ok insan\u0131 y\u00fcksek ama\u00e7lar\u0131n\u0131 bulmaya ve zor zamanlar bekleyen insanl\u0131\u011fa \u015fimdi ve ileride hizmet etmeye \u00e7a\u011f\u0131r\u0131yor.<\/p>\n<p>Siz bu insanlardan biri misiniz? Hayat\u0131n\u0131z\u0131n s\u0131radan ko\u015fullar\u0131n\u0131n \u00f6tesinde daha b\u00fcy\u00fck bir ama\u00e7 ve kadere sahip oldu\u011funu hissediyor musunuz? Amac\u0131n\u0131z ve kaderinizin sizinkilerle ba\u011flant\u0131l\u0131 olan ba\u015fkalar\u0131n\u0131 bulma ihtiyac\u0131n\u0131 hissediyor musunuz? D\u00fcnyan\u0131n zor bir gelece\u011fe do\u011fru gitti\u011fini ve bunun ne anlama geldi\u011fini ve nas\u0131l haz\u0131rlanabilece\u011finizi \u00f6\u011frenmeniz gerekti\u011fini d\u00fc\u015f\u00fcn\u00fcyor musunuz?<\/p>\n<p>E\u011fer \u00f6yleyse, Yeni Mesaj\u0131 ke\u015ffiniz kaderiniz ile bir bulu\u015fma olabilir. \u00c7\u00fcnk\u00fc Yeni Mesaj bu sorulara ve \u00e7ok daha fazlas\u0131na cevap veriyor.<\/p>\n<p>Yeni Mesaj, i\u00e7inizdeki derin ak\u0131l olan ve bu d\u00fcnyadaki y\u00fcksek amac\u0131n\u0131z\u0131 ve kader ili\u015fkilerinizi ortaya \u00e7\u0131karabilecek, <u><a href=\"https:\/\/www.newmessage.org\/tr\/important-terms#knowledge\">\u0130lim<\/a><\/u>\u2019i geli\u015ftirmek i\u00e7in a\u00e7\u0131k bir yol sa\u011flar.<\/p>\n<h3 style=\"text-align: center;\"><strong>Neden \u015eimdi?<\/strong><\/h3>\n<p>Fevkalade bir \u015fekilde insanl\u0131k tarihindeki b\u00fcy\u00fck bir d\u00f6n\u00fcm noktas\u0131nda ya\u015f\u0131yorsunuz. Bu her yerdeki insanlar\u0131n kar\u015f\u0131la\u015faca\u011f\u0131 g\u00f6r\u00fclmemi\u015f bir de\u011fi\u015fim, meydan okuma ve f\u0131rsat zaman\u0131d\u0131r.<\/p>\n<p>Daha \u00f6nce hi\u00e7bir zaman sava\u015f riski, dinsel \u00e7at\u0131\u015fma, felaket iklim de\u011fi\u015fikli\u011fi ve insan \u0131st\u0131raplar\u0131 bu kadar b\u00fcy\u00fck de\u011fildi. Ve yine de ba\u015fka bir zamanda d\u00fcnya birli\u011fi ve k\u00fcresel i\u015fbirli\u011fi i\u00e7in f\u0131rsat daha b\u00fcy\u00fck olmam\u0131\u015ft\u0131r.<\/p>\n<p>Nerede do\u011fmu\u015f olursan\u0131z olun, nas\u0131l b\u00fcy\u00fcd\u00fc\u011f\u00fcn\u00fcz veya mevcut ko\u015fullar\u0131n\u0131z ne olursa olsun, tarihin bu tan\u0131mlay\u0131c\u0131 b\u00f6l\u00fcm\u00fcn\u00fcn bir par\u00e7as\u0131s\u0131n\u0131z. Yeni Mesaj, insanl\u0131\u011fa hizmet etmek ve katk\u0131da bulunmak, insanl\u0131\u011f\u0131n kalbindeki manevi ate\u015fi canl\u0131 tutmak ve <u><a href=\"https:\/\/www.newmessage.org\/tr\/important-terms#home\">Kadim Yurdumuzdan<\/a><\/u> l\u00fctuf ve bilgelik arma\u011fan\u0131n\u0131 getirmek i\u00e7in, en zor imtihan\u0131ndan ge\u00e7en d\u00fcnyaya gelmeyi kendimizin se\u00e7ti\u011fini \u00f6\u011fretir. D\u00fc\u015f\u00fcn\u00fcp ta\u015f\u0131n\u0131n: bu y\u00fczden mi buradas\u0131n\u0131z?<\/p>\n<p>\u00d6n\u00fcm\u00fczdeki on y\u0131llar insanl\u0131\u011f\u0131n kaderini belirleyecek. Hem \u015fimdi hem de \u00f6n\u00fcm\u00fczdeki y\u0131llarda, insanl\u0131k ailesinin kaderini ve gelece\u011fini belirleyecek olan her insan\u0131n eylemi ve kararlar\u0131d\u0131r. \u00d6n\u00fcm\u00fczdeki y\u0131llarda, insanl\u0131k ya birlik ve i\u015fbirli\u011fi i\u00e7in yeni bir yol ya da kal\u0131c\u0131 \u00e7at\u0131\u015fma ve \u00e7\u00f6k\u00fc\u015f\u00fcn oldu\u011fu bir gelecek se\u00e7ecektir. \u00c7\u00fcnk\u00fc Tanr\u0131&#8217;n\u0131n tekrar konu\u015ftu\u011fu bu b\u00fcy\u00fck e\u015fikte duruyoruz.<\/p>\n<h3 style=\"text-align: center;\"><strong>Neden Yeni Bir Mesaj?<\/strong><\/h3>\n<p>Tanr\u0131\u2019dan Gelen Yeni Mesaj d\u00fcnyada ortaya \u00e7\u0131kan d\u00f6rt temel kriz y\u00fcz\u00fcnden geldi;<\/p>\n<ol>\n<li>\u00c7evresel, sosyal ve ekonomik de\u011fi\u015fimin ve ayaklanman\u0131n <u><a href=\"https:\/\/www.newmessage.org\/tr\/important-terms#gwoc\">B\u00fcy\u00fck Dalgalar\u0131<\/a><\/u> art\u0131k insanl\u0131k \u00fczerinde birle\u015fiyor, onlarla birlikte daha \u00f6nce hi\u00e7 g\u00f6r\u00fclmemi\u015f bir \u00f6l\u00e7ekte sava\u015f ve insanl\u0131k \u0131st\u0131rab\u0131 riskini beraberinde getiriyor. \u0130nsanl\u0131k, bildi\u011fimiz d\u00fcnyan\u0131 de\u011fi\u015ftirme g\u00fcc\u00fcne sahip k\u00fcresel bir felaket yaratt\u0131. Bunun i\u00e7in haz\u0131rl\u0131ks\u0131z\u0131z. Yeni Mesaj arac\u0131l\u0131\u011f\u0131yla, Tanr\u0131 insanl\u0131k i\u00e7in yeni bir yol ve her ki\u015finin \u00fcstlenebilece\u011fi i\u00e7 ve d\u0131\u015f haz\u0131rl\u0131k yolunu sa\u011fl\u0131yor.<\/li>\n<li>\u0130nsanl\u0131k, ak\u0131ll\u0131 hayatla dolu olan evrende bir <u><a href=\"https:\/\/www.newmessage.org\/tr\/important-terms#gc\">B\u00fcy\u00fck Camiaya<\/a><\/u> kat\u0131l\u0131yor. Zay\u0131f ve b\u00f6l\u00fcnm\u00fc\u015f bir insanl\u0131ktan faydalanmak isteyen canl\u0131lar temasa ba\u015flad\u0131. Bunun i\u00e7in insanl\u0131k haz\u0131r de\u011fil. \u0130lk defa, Tanr\u0131 bu temas\u0131n ger\u00e7ek do\u011fas\u0131n\u0131 ve bununla birlikte evrende ya\u015fam\u0131n ger\u00e7ekli\u011fi ve maneviyat\u0131n\u0131 a\u00e7\u0131\u011fa \u00e7\u0131karmaktad\u0131r. Bu, insanl\u0131\u011f\u0131n evrimini ve kaderini anlama ve Tanr\u0131&#8217;n\u0131n bu d\u00fcnyada ve her d\u00fcnyada nas\u0131l i\u015fledi\u011finin anla\u015f\u0131lmas\u0131 i\u00e7in daha b\u00fcy\u00fck bir ba\u011flamd\u0131r.<\/li>\n<li>D\u00fcnyan\u0131n dinleri, birbirleriyle ve hatta kendi i\u00e7lerinde birbirleriyle rekabet halindedir. Bu artan rekabet ve \u00e7at\u0131\u015fma nedeniyle, insan ailesini zay\u0131flat\u0131yorlar ve insan birli\u011finin kurulmas\u0131n\u0131n en b\u00fcy\u00fck \u00f6neme sahip oldu\u011fu bir zamanda b\u00fcy\u00fck bir \u00e7at\u0131\u015fma ve b\u00f6l\u00fcnmeye neden oluyorlar. Yeni Mesaj, Tanr\u0131&#8217;n\u0131n t\u00fcm d\u00fcnya dinlerini ba\u015flatt\u0131\u011f\u0131n\u0131 ve hepsinin insan taraf\u0131ndan de\u011fi\u015ftirildi\u011fini \u00f6\u011fretir.<\/li>\n<li>Yoksul ve fakir t\u00fcm \u00fclkelerdeki insanlar taraf\u0131ndan, ya\u015famda y\u00fcce bir anlam, ili\u015fki ve y\u00f6n duygusundan kopar\u0131lm\u0131\u015fl\u0131k ve b\u00fcy\u00fck bir i\u00e7sel yoksulluk hissediliyor, ya\u015famda daha b\u00fcy\u00fck bir anlam, ili\u015fki ve y\u00f6n duygusundan kopar\u0131l\u0131r. D\u00fcnyadaki insanlar derin bir ruhani \u00f6zlemle ya\u015f\u0131yor ve ac\u0131 \u00e7ekiyor. Tanr\u0131, bu ihtiyaca ve \u00f6zleme, cevap verebilen her bir ki\u015fide<u><a href=\"https:\/\/www.newmessage.org\/tr\/important-terms#knowledge\"> \u0130lim<\/a><\/u>&#8216;in ruhsal g\u00fcc\u00fcn\u00fc uyand\u0131rarak cevap vermi\u015ftir. \u0130lim bizim Tanr\u0131 ile ba\u011flant\u0131m\u0131zd\u0131r. D\u00fcnyam\u0131z\u0131n kaderini ve gelece\u011fini belirleyen ve t\u00fcm farkl\u0131l\u0131\u011f\u0131 yaratacak olan \u0130lim\u2019in rehberlik etti\u011fi bireyler olacakt\u0131r.<\/li>\n<\/ol>\n<p>Bu d\u00f6rt krizin bir sonucu olarak, Tanr\u0131, t\u00fcm uluslar\u0131, kabileleri ve insanl\u0131k dinleri i\u00e7in bir uyar\u0131, bir nimet ve haz\u0131rl\u0131k ile tekrar d\u00fcnyaya konu\u015ftu.<\/p>\n<h3 style=\"text-align: center;\"><strong>Kaderimiz<\/strong><\/h3>\n<p>Yeni Mesaj, insanl\u0131\u011f\u0131n d\u00fcnyam\u0131zda ve <u><a href=\"https:\/\/www.newmessage.org\/tr\/important-terms#gc\">Evren&#8217;deki B\u00fcy\u00fck Camiada<\/a><\/u> \u00f6zg\u00fcr ve birle\u015fik bir \u0131rk olarak daha y\u00fcce bir kaderi oldu\u011funu ortaya koymaktad\u0131r. \u0130nsanl\u0131\u011f\u0131n, \u00e7at\u0131\u015fmay\u0131 \u00e7\u00f6zme ve D\u00fcnya \u00e7evresini, kal\u0131c\u0131 bir gelece\u011fe d\u00f6n\u00fc\u015ft\u00fcrecek g\u00fcc\u00fc var. \u0130nsanl\u0131\u011f\u0131n, korunmal\u0131, d\u00fcnyaya getirilmesi ve yeti\u015ftirilmesi gereken b\u00fcy\u00fck ruhsal arma\u011fan ve yetenekleri vard\u0131r. Bu, \u015fimdi bizim i\u00e7in \u00f6n\u00fcm\u00fczde duran b\u00fcy\u00fck bir f\u0131rsat ve b\u00fcy\u00fck zorunluluk.<\/p>\n<p>Fakat bu nas\u0131l yap\u0131labilir? \u0130nsanl\u0131k halihaz\u0131rda gitti\u011fi pervas\u0131z ve felakete giden yoldan nas\u0131l uzakla\u015fabilir? \u00c7evresel, politik ve ekonomik <u><a href=\"https:\/\/www.newmessage.org\/tr\/important-terms#gwoc\">De\u011fi\u015fimin B\u00fcy\u00fck Dalgalar\u0131<\/a><\/u>, t\u00fcm insanlar\u0131n ki\u015fisel \u00e7\u0131karlar\u0131n\u0131 ve ki\u015fisel g\u00fcvenli\u011fini tehdit ediyor, insanl\u0131k ailesine ne motivasyon ve ilham kayna\u011f\u0131 olabilir ve ilham verebilir?<\/p>\n<p>Sonu\u00e7da, t\u00fcm insanlardaki daha derin manevi g\u00fc\u00e7 olan <u><a href=\"https:\/\/www.newmessage.org\/tr\/important-terms#knowledge\">\u0130lim<\/a><\/u>, her bireyin ya\u015fam\u0131ndaki y\u00fcce  ama\u00e7lar\u0131n\u0131 bulmak ve sonu\u00e7ta insanl\u0131\u011f\u0131n rekabet, b\u00f6l\u00fcnme ve sava\u015f yerine berberlik ve i\u015fbirli\u011fini se\u00e7mesi i\u00e7in gerekli olan eylem ve motivasyonlara ilham kayna\u011f\u0131 olabilir.<\/p>\n<p>Tanr\u0131, t\u00fcm insanlardaki manevi g\u00fcc\u00fc uyand\u0131rmak ve ge\u00e7mi\u015fimizden \u00e7ok daha iyi bir gelecek in\u015fa etmeye insanlara y\u00fcce bir vizyon ve yetenek vermek i\u00e7in Yeni bir Vahiy teslim etti. Burada, Tanr\u0131 t\u00fcm durumlardaki, t\u00fcm inan\u00e7 geleneklerinden ve t\u00fcm milletlerden insanlarla i\u00e7li d\u0131\u015fl\u0131 \u00e7al\u0131\u015f\u0131r.<\/p>\n<p>\u015eimdi Tanr\u0131&#8217;n\u0131n iradesini insan diline ve anlay\u0131\u015fa \u00e7eviren <u><a href=\"https:\/\/www.newmessage.org\/tr\/important-terms#aa\">Melekler Meclisi<\/a><\/u> ve Tanr\u0131 taraf\u0131ndan d\u00fcnyaya b\u00fcy\u00fck destek verildi. Yard\u0131m geldi. Tanr\u0131 tekrar konu\u015ftu. Sizin i\u00e7in ve t\u00fcm d\u00fcnyan\u0131n ilerlemesi i\u00e7in yeni bir yol var.<\/p>\n<h3 style=\"text-align: center;\"><strong>Nereden Ba\u015flamal\u0131?<\/strong><\/h3>\n<p>Tanr\u0131&#8217;dan Gelen Yeni Mesaj&#8217;\u0131 buldunuz ama bu ne anlama geliyor? Sonra ne yapacaks\u0131n\u0131z? Bu ke\u015ffin \u00f6nemiyle biraz zaman ge\u00e7irin ve a\u015fa\u011f\u0131da bulunan atabilece\u011finiz ad\u0131mlar\u0131 de\u011ferlendirin:<\/p>\n<div class=\"one_third \" ><a class='simple_button_link ' style='background-color: #4f8fd6' href='\/tr\/the-message\/volume-1\/god-spoken-again\/the-proclamation'   ><span>Vahyin Sesini Okuyun ve Dinleyin<\/span><\/a><\/p>\n<ul class=\"list-vertical diamond\">\n<li><u><a href=\"https:\/\/www.newmessage.org\/tr\/the-message\/volume-1\/god-spoken-again\/the-proclamation\/\">Bildiri<\/a><\/u>\u2019yi okuyun ve Yeni Mesaj\u2019\u0131n \u00f6zg\u00fcn vahiylerini dinleyin:\n<ul>\n<li><u><a href=\"https:\/\/www.newmessage.org\/tr\/the-message\/volume-1\/god-spoken-again\/the-recitation\/\">Anlat\u0131m<\/a><\/u><\/li>\n<li><u><a href=\"https:\/\/www.newmessage.org\/tr\/the-message\/volume-1\/god-spoken-again\/the-engagement\/\">Taahh\u00fct<\/a><\/u><\/li>\n<li><u><a href=\"https:\/\/www.newmessage.org\/tr\/the-message\/volume-1\/god-spoken-again\/the-initiation\/\">Ba\u015flang\u0131\u00e7<\/a><\/u><\/li>\n<\/ul>\n<\/li>\n<\/ul>\n<p><\/div>\n<div class=\"one_third \" ><a class='simple_button_link ' style='background-color: #4f8fd6' href='\/tr\/introduction-new-message\/faq'   ><span>S\u0131k\u00e7a Sorulan Sorlarla \u0130lgili Cevaplar\u0131 Okuyun<\/span><\/a><\/p>\n<p>Tanr\u0131\u2019dan Gelen Yeni Mesaj\u0131 ile ilgili ne oldu\u011fu, neden burada oldu\u011fu ve nas\u0131l al\u0131nd\u0131\u011f\u0131 ile ilgili <u><a href=\"https:\/\/www.newmessage.org\/tr\/about-new-message\/faq\/\">genel sorular\u0131n cevaplar\u0131n\u0131 <\/a><\/u>okuyun.<br \/>\n<\/div>\n<div class=\"one_third last\" > <a class='simple_button_link ' style='background-color: #4f8fd6' href='\/tr\/the-message\/volume-1\/new-messenger\/the-story-of-the-messenger'   ><span>El\u00e7i\u2019nin Hikayesini Okuyun<\/span><\/a><\/p>\n<p>Marshall Vian Summers, hayat\u0131n\u0131n son 44 y\u0131l\u0131n\u0131 Tanr\u0131&#8217;dan Yeni Mesaj almaya verdi. <u><a href=\"https:\/\/www.newmessage.org\/tr\/the-message\/volume-1\/new-messenger\/the-story-of-the-messenger\">El\u00e7i\u2019nin hikayesini <\/a><\/u>okuyun ve Yeni Mesaj\u0131 D\u00fcnya&#8217;ya getirmekten sorumlu olan ki\u015fi hakk\u0131nda daha fazla bilgi edinin.<\/p>\n<p><\/div><br \/>\n<div class=\"clearfix\"><\/div><br \/>\n<div class=\"one_third \" > <a class='simple_button_link ' style='background-color: #4f8fd6' href='\/tr\/gods-messenger\/the-messenger-speaks'   ><span>El\u00e7i\u2019nin Konu\u015fmas\u0131n\u0131 Duyun<\/span><\/a><\/p>\n<p>El\u00e7i bug\u00fcn d\u00fcnyada ya\u015f\u0131yor. Periyodik olarak, d\u00fcnya ve Yeni Mesaj\u2019\u0131n \u00f6\u011frencileri i\u00e7in bir mesajla sunar. <u><a href=\"https:\/\/www.newmessage.org\/tr\/gods-messenger\/the-messenger-speaks\">El\u00e7i\u2019nin Yay\u0131n\u0131n\u0131<\/a><\/u> dinleyin.<\/p>\n<p><\/div>\n<div class=\"one_third \" > <a class='simple_button_link ' style='background-color: #4f8fd6' href='\/tr\/the-message\/volume-3\/steps-knowledge'   ><span>\u0130lim\u2019e Do\u011fru Ad\u0131mlar Yolculu\u011funa Ba\u015flay\u0131n<\/span><\/a><\/p>\n<p>Tanr\u0131, her insan\u0131n ya\u015fam\u0131ndaki esas g\u00fcc\u00fc ve b\u00fcy\u00fck yetene\u011fi in\u015fa edebilmesi i\u00e7in alabilece\u011fi bir yol olarak \u0130<u><a href=\"https:\/\/www.newmessage.org\/tr\/the-message\/volume-3\/steps-knowledge\">lim\u2019e Do\u011fru Ad\u0131mlar<\/a><\/u>\u2019\u0131 sa\u011flad\u0131. Ad\u0131mlar \u00e7evrimi\u00e7i olarak herkes i\u00e7in \u00fccretsizdir.<\/p>\n<p><\/div>\n<div class=\"one_third last\" > <a class='simple_button_link ' style='background-color: #4f8fd6' href='\/free-school'   ><span>Yeni Mesaj\u2019\u0131n D\u00fcnya Toplulu\u011funa Kat\u0131l<\/span><\/a><\/p>\n<p>Tanr\u0131\u2019dan Gelen Yeni Mesaj\u0131&#8217;\u0131 \u00f6\u011frenen ve ya\u015fayan 70&#8217;in \u00fczerinde \u00fclkeden gelen <u><a href=\"http:\/\/www.community.newmessage.org\">Yeni Mesaj\u0131n D\u00fcnya Toplulu\u011fu<\/a><\/u>na Kat\u0131l\u0131n. Haftal\u0131k Kamp Ate\u015fi sohbetine ve Ate\u015fyan\u0131 Yay\u0131n canl\u0131 \u00f6\u011fretisine kat\u0131l\u0131n.<\/p>\n<p><\/div><br \/>\n<div class=\"clearfix\"><\/div><br \/>\n<a href=\"\/tr\/the-message\/\"><em>Tanr\u0131&#8217;n\u0131n Yeni Mesaj&#8217;\u0131 Hakk\u0131nda daha fazla \u00f6\u011frenin&#8230;<\/em><\/a>[\/vc_column_text][\/vc_column][\/vc_row]<\/p>\n","protected":false},"excerpt":{"rendered":"<p>[vc_row][vc_column][vc_column_text] Yeni Mesaj Hakk\u0131nda Tanr\u0131\u2019dan Gelen Yeni Mesaj\u2019a ho\u015fgeldiniz. Fevkalade bir \u015fekilde, zaman ve ya\u015fam\u0131n i\u00e7inde uzun ve belki de gizemli bir yolculukla, buraya geldiniz. Tanr\u0131\u2019dan Gelen Yeni Mesaji buldunuz belki de o sizi buldu. Bunun b\u00f6yle olmas\u0131 bir tesad\u00fcf de\u011fil. Tanr\u0131 yeniden konu\u015ftu. D\u00fcnyada Tanr\u0131\u2019dan Gelen Yeni bir Mesaj var. Bu, Tanr\u0131&#8217;n\u0131n sevgisi ve\u2026 <a class=\"read-more\" href=\"https:\/\/www.v6.newmessage.org\/tr\/about-new-message\/\"><span>Read More<\/span><\/a><\/p>\n","protected":false},"author":1,"featured_media":0,"parent":0,"menu_order":25,"comment_status":"closed","ping_status":"closed","template":"template-leftsidebar.php","meta":{"_monsterinsights_skip_tracking":false,"_monsterinsights_sitenote_active":false,"_monsterinsights_sitenote_note":"","_monsterinsights_sitenote_category":0,"footnotes":""},"categories":[],"tags":[617],"_links":{"self":[{"href":"https:\/\/www.v6.newmessage.org\/tr\/wp-json\/wp\/v2\/pages\/12748"}],"collection":[{"href":"https:\/\/www.v6.newmessage.org\/tr\/wp-json\/wp\/v2\/pages"}],"about":[{"href":"https:\/\/www.v6.newmessage.org\/tr\/wp-json\/wp\/v2\/types\/page"}],"author":[{"embeddable":true,"href":"https:\/\/www.v6.newmessage.org\/tr\/wp-json\/wp\/v2\/users\/1"}],"replies":[{"embeddable":true,"href":"https:\/\/www.v6.newmessage.org\/tr\/wp-json\/wp\/v2\/comments?post=12748"}],"version-history":[{"count":73,"href":"https:\/\/www.v6.newmessage.org\/tr\/wp-json\/wp\/v2\/pages\/12748\/revisions"}],"predecessor-version":[{"id":27916,"href":"https:\/\/www.v6.newmessage.org\/tr\/wp-json\/wp\/v2\/pages\/12748\/revisions\/27916"}],"wp:attachment":[{"href":"https:\/\/www.v6.newmessage.org\/tr\/wp-json\/wp\/v2\/media?parent=12748"}],"wp:term":[{"taxonomy":"category","embeddable":true,"href":"https:\/\/www.v6.newmessage.org\/tr\/wp-json\/wp\/v2\/categories?post=12748"},{"taxonomy":"post_tag","embeddable":true,"href":"https:\/\/www.v6.newmessage.org\/tr\/wp-json\/wp\/v2\/tags?post=12748"}],"curies":[{"name":"wp","href":"https:\/\/api.w.org\/{rel}","templated":true}]}}