{"id":12460,"date":"2011-04-23T16:25:57","date_gmt":"2011-04-23T16:25:57","guid":{"rendered":"http:\/\/wp.www.newmessage.org\/?p=163"},"modified":"2019-01-17T02:12:56","modified_gmt":"2019-01-17T02:12:56","slug":"what-is-god","status":"publish","type":"page","link":"https:\/\/www.v6.newmessage.org\/tr\/what-is-god\/","title":{"rendered":"Tanr\u0131 nedir?"},"content":{"rendered":"<blockquote><p><em>&#8220;Burada sizin zaman\u0131n\u0131z\u0131n d\u00fcnyas\u0131ndaki tanr\u0131s\u0131na de\u011fil, t\u00fcm d\u00fcnyalar\u0131n ve t\u00fcm zamanlar\u0131n tanr\u0131s\u0131 \u00fczerine odaklan\u0131lacakt\u0131r.&#8221;<\/em><\/p><\/blockquote>\n<p>Yeni mesajda Tanr\u0131, sadece bu d\u00fcnya yerine, evrenin tam ve daha b\u00fcy\u00fck ba\u011flam\u0131n i\u00e7inde d\u00fc\u015f\u00fcn\u00fcl\u00fcr. Zeki ya\u015fam\u0131n bu daha b\u00fcy\u00fck toplumunun ortaya \u00e7\u0131kmas\u0131 insanl\u0131\u011f\u0131n kaderidir.<\/p>\n<p>Daha b\u00fcy\u00fck toplum dinselli\u011finde, teolojinin yeni mesaj kitab\u0131nda, Tanr\u0131, bu \u015fekilde tan\u0131mlam\u0131\u015ft\u0131r:<br \/>\n\u201cDaha b\u00fcy\u00fck toplumda, Tanr\u0131, tamd\u0131r. D\u00fcnyan\u0131zda Tanr\u0131, d\u00fcnyan\u0131z\u0131n bir tanr\u0131s\u0131d\u0131r kendi \u0131rk\u0131n\u0131z\u0131n bir Tanr\u0131s\u0131, ge\u00e7mi\u015finizin bir Tanr\u0131s\u0131, yarad\u0131l\u0131\u015f\u0131n\u0131z\u0131n bir Tanr\u0131s\u0131, korkular\u0131n\u0131z ve beklentilerinizin bir Tanr\u0131s\u0131, b\u00fcy\u00fck kahramanlar\u0131n\u0131z\u0131n bir Tanr\u0131s\u0131, b\u00fcy\u00fck trajedilerinizin bir Tanr\u0131s\u0131, kavminiz ve zaman\u0131n\u0131za anlat\u0131lan bir Tanr\u0131d\u0131r. Ancak B\u00fcy\u00fck Toplulukta, Tanr\u0131, \u00e7ok daha b\u00fcy\u00fckt\u00fcr bu y\u00fczden tamd\u0131r. Herhangi bir \u0131rk\u0131n tan\u0131mlar\u0131n\u0131n \u00f6tesinde, herhangi bir \u0131rk tarihinin \u00f6tesinde, miza\u00e7, korkular ve herhangi bir \u0131rk\u0131n \u00f6zlemleri, herhangi bir bireysel veya toplu felsefe kavramlar\u0131n\u0131n \u00f6tesindedir.<\/p>\n<p>Siz, saf bir uyar\u0131da Tanr\u0131\u2019y\u0131 bulursunuz zamans\u0131z bir tan\u0131ma an\u0131nda, kendi arzular\u0131n\u0131z\u0131n \u00f6tesinde bir hareketle, kendi ki\u015fisel ilgi ve motivasyonlar\u0131n\u0131z\u0131n, ba\u015fkalar\u0131n\u0131 tan\u0131man\u0131n, yak\u0131nl\u0131\u011f\u0131n a\u00e7\u0131klanamaz tecr\u00fcbesindedir.<\/p>\n<p>Bunlar, d\u00f6n\u00fc\u015ft\u00fcr\u00fclebilirdir. Tanr\u0131 eylemcidir. Sizin i\u00e7in, bu Tanr\u0131\u2019d\u0131r.<br \/>\n\u015eimdi daha b\u00fcy\u00fck toplumda Tanr\u0131\u2019y\u0131 d\u00fc\u015f\u00fcn\u00fcn \u2014 \u0130nsan olmayan bir Tanr\u0131, sizin yaz\u0131l\u0131 tarihinizin bir Tanr\u0131s\u0131 de\u011fil sizin yarg\u0131lar\u0131n\u0131z\u0131n ve felaketlerinizin bir Tanr\u0131s\u0131 de\u011fil, ama b\u00fct\u00fcn zamanlar\u0131n bir Tanr\u0131s\u0131, b\u00fct\u00fcn \u0131rklar i\u00e7in, b\u00fct\u00fcn boyutlar i\u00e7in, ilkel olanlar i\u00e7in ve ilerleyenler i\u00e7in, sizin gibi ve farkl\u0131 \u015fekilde d\u00fc\u015f\u00fcnenler i\u00e7in, inananlar i\u00e7in, a\u00e7\u0131klanamazd\u0131r.<\/p>\n<p>Bu, daha b\u00fcy\u00fck toplumda Tanr\u0131\u2019d\u0131r. Ve bu, sizin, ba\u015flaman\u0131z gereken yerdir.\u201d<\/p>\n<p><a title=\"Chapter 1: What is God?\" href=\"\/turkish\/the-message\/volume-2\/greater-community-spirituality\/what-is-god\">B\u00f6l\u00fcm 1: Tanr\u0131 nedir?<\/a><\/p>\n","protected":false},"excerpt":{"rendered":"<p>&#8220;Burada sizin zaman\u0131n\u0131z\u0131n d\u00fcnyas\u0131ndaki tanr\u0131s\u0131na de\u011fil, t\u00fcm d\u00fcnyalar\u0131n ve t\u00fcm zamanlar\u0131n tanr\u0131s\u0131 \u00fczerine odaklan\u0131lacakt\u0131r.&#8221; Yeni mesajda Tanr\u0131, sadece bu d\u00fcnya yerine, evrenin tam ve daha b\u00fcy\u00fck ba\u011flam\u0131n i\u00e7inde d\u00fc\u015f\u00fcn\u00fcl\u00fcr. Zeki ya\u015fam\u0131n bu daha b\u00fcy\u00fck toplumunun ortaya \u00e7\u0131kmas\u0131 insanl\u0131\u011f\u0131n kaderidir. Daha b\u00fcy\u00fck toplum dinselli\u011finde, teolojinin yeni mesaj kitab\u0131nda, Tanr\u0131, bu \u015fekilde tan\u0131mlam\u0131\u015ft\u0131r: \u201cDaha b\u00fcy\u00fck toplumda, Tanr\u0131,\u2026 <a class=\"read-more\" href=\"https:\/\/www.v6.newmessage.org\/tr\/what-is-god\/\"><span>Read More<\/span><\/a><\/p>\n","protected":false},"author":1,"featured_media":0,"parent":0,"menu_order":0,"comment_status":"closed","ping_status":"closed","template":"template-leftsidebar.php","meta":{"_monsterinsights_skip_tracking":false,"_monsterinsights_sitenote_active":false,"_monsterinsights_sitenote_note":"","_monsterinsights_sitenote_category":0,"footnotes":""},"categories":[61],"tags":[846,847,418],"_links":{"self":[{"href":"https:\/\/www.v6.newmessage.org\/tr\/wp-json\/wp\/v2\/pages\/12460"}],"collection":[{"href":"https:\/\/www.v6.newmessage.org\/tr\/wp-json\/wp\/v2\/pages"}],"about":[{"href":"https:\/\/www.v6.newmessage.org\/tr\/wp-json\/wp\/v2\/types\/page"}],"author":[{"embeddable":true,"href":"https:\/\/www.v6.newmessage.org\/tr\/wp-json\/wp\/v2\/users\/1"}],"replies":[{"embeddable":true,"href":"https:\/\/www.v6.newmessage.org\/tr\/wp-json\/wp\/v2\/comments?post=12460"}],"version-history":[{"count":9,"href":"https:\/\/www.v6.newmessage.org\/tr\/wp-json\/wp\/v2\/pages\/12460\/revisions"}],"predecessor-version":[{"id":27660,"href":"https:\/\/www.v6.newmessage.org\/tr\/wp-json\/wp\/v2\/pages\/12460\/revisions\/27660"}],"wp:attachment":[{"href":"https:\/\/www.v6.newmessage.org\/tr\/wp-json\/wp\/v2\/media?parent=12460"}],"wp:term":[{"taxonomy":"category","embeddable":true,"href":"https:\/\/www.v6.newmessage.org\/tr\/wp-json\/wp\/v2\/categories?post=12460"},{"taxonomy":"post_tag","embeddable":true,"href":"https:\/\/www.v6.newmessage.org\/tr\/wp-json\/wp\/v2\/tags?post=12460"}],"curies":[{"name":"wp","href":"https:\/\/api.w.org\/{rel}","templated":true}]}}