{"id":5192,"date":"2018-02-20T22:19:24","date_gmt":"2018-02-20T22:19:24","guid":{"rendered":"http:\/\/www.newmessage.org\/sq\/?page_id=5192"},"modified":"2021-08-04T15:31:21","modified_gmt":"2021-08-04T15:31:21","slug":"shpallja","status":"publish","type":"page","link":"https:\/\/www.v6.newmessage.org\/sv\/","title":{"rendered":"V\u00e4lkommen. Du har funnit det Nya Budskapet fr\u00e5n Gud."},"content":{"rendered":"<h1>Om det Nya Budskapet<\/h1>\n<p>Det nya Budskapet fr\u00e5n Gud \u00e4r en genuin kommunikation fr\u00e5n Skaparen som har kommit i en tid av stor f\u00f6r\u00e4ndring, konflikt och omst\u00f6rtning. Denna uppenbarelse, som togs emot under en 30-\u00e5rsperiod av Budb\u00e4raren Marshall Vian Summers \u00e4r inte baserad p\u00e5 n\u00e5gon existerande religi\u00f6s tradition eller andlig l\u00e4ra. Det Nya Budskapet hedrar den varaktiga sanningen i alla de stora Budskapen som Skaparen n\u00e5gonsin har givit v\u00e4rlden, likv\u00e4l \u00e4r det olikt allt som har uppenbarats till m\u00e4nskligheten f\u00f6rut. Det \u00e4r en ny uppenbarelse om m\u00e4nsklig andlighets sanna natur, den stora f\u00f6r\u00e4ndring som kommer till v\u00e4rlden och m\u00e4nsklighetens framtid och \u00f6de inom ett St\u00f6rre Samfund av intelligent liv i universum.<\/p>\n<p><iframe loading=\"lazy\" title=\"N\u00e4sta \u00c5rtionde f\u00f6r M\u00e4nskligheten\" width=\"625\" height=\"352\" src=\"https:\/\/www.youtube.com\/embed\/SjlWzdghREs?feature=oembed&#038;enablejsapi=1&#038;origin=https:\/\/www.newmessage.org\" frameborder=\"0\" allow=\"accelerometer; autoplay; clipboard-write; encrypted-media; gyroscope; picture-in-picture\" allowfullscreen><\/iframe><\/p>\n<hr \/>\n<h2>Kung\u00f6relsen<\/h2>\n<p><em>Uppenbarat f\u00f6r<br \/>\nMarshall Vian Summers<br \/>\nden 7 juli 2006<br \/>\ni Boulder Colorado<\/em><\/p>\n<p>Det finns ett Nytt Budskap fr\u00e5n Gud i V\u00e4rlden.<\/p>\n<p>Det har kommit fr\u00e5n Skaparen av allt liv.<\/p>\n<p>Det har \u00f6versatts till m\u00e4nskligt spr\u00e5k och m\u00e4nsklig f\u00f6rst\u00e5else genom den \u00c4nglan\u00e4rvaro som vakar \u00f6ver denna v\u00e4rld.<\/p>\n<p>Det \u00e4r en forts\u00e4ttning p\u00e5 den stora r\u00e4ckan av meddelanden fr\u00e5n Skaparen som har f\u00f6rmedlats \u00f6ver \u00e5rhundraden och \u00e5rtusenden.<\/p>\n<p>Det \u00e4r ett Nytt Budskap f\u00f6r denna tid och f\u00f6r de tider som kommer.<\/p>\n<p>Det fullf\u00f6ljer de stora tidigare Budskap som har givits m\u00e4nskligheten. Men det avsl\u00f6jar saker som aldrig har visats m\u00e4nskligheten tidigare. Ty m\u00e4nskligheten st\u00e5r nu inf\u00f6r en allvarlig och riskfylld upps\u00e4ttning utmaningar, b\u00e5de inom v\u00e4rlden och fr\u00e5n bortom v\u00e4rlden.<\/p>\n<p>Det Nya Budskapet fr\u00e5n Gud \u00e4r h\u00e4r f\u00f6r att varna, f\u00f6r att st\u00e4rka och f\u00f6r att f\u00f6rbereda den m\u00e4nskliga familjen \u2013 m\u00e4nniskor fr\u00e5n alla nationer och religi\u00f6sa traditioner, m\u00e4nniskor fr\u00e5n alla stammar, grupper och orienteringar.<\/p>\n<p>Det har kommit i en tid av stort behov, en tid av avg\u00f6rande betydelse.<\/p>\n<p>Det f\u00f6rbereder m\u00e4nniskor f\u00f6r saker som inte ens har uppm\u00e4rksammats.<\/p>\n<p>Det \u00e4r profetiskt i det att det varnar folk b\u00e5de f\u00f6r de Stora V\u00e5gor av F\u00f6r\u00e4ndring som kommer till v\u00e4rlden och f\u00f6r m\u00e4nsklighetens bel\u00e4genhet i Universum, s\u00e4rskilt med avseende p\u00e5 dess kontakt med andra sl\u00e4kten.<\/p>\n<p>Det Nya Budskapet kallar p\u00e5 den andliga n\u00e4rvaron inom varje m\u00e4nniska \u2013 den stora g\u00e5van av Kunskap som har sk\u00e4nkts hela den m\u00e4nskliga familjen och som nu m\u00e5ste odlas, st\u00e4rkas och frambringas.<\/p>\n<p>Det talar om individens stora andliga behov \u2013 behovet av syfte, mening och riktning.<\/p>\n<p>Det talar om de stora relationer som m\u00e4nniskor kan etablera sinsemellan, relationer som representerar deras h\u00f6gre syfte i livet.<\/p>\n<p>Det talar till v\u00e4rldens behov och framtidens behov. Genom detta medf\u00f6r det syfte och igenk\u00e4nnande, enighet och samarbete, vishet och styrka till alla som kan motta det, l\u00e4ra det, f\u00f6lja dess steg, f\u00f6rmedla det till andra och dela dess visdom i tj\u00e4nst f\u00f6r andra individer, familjer, samh\u00e4llsgrupper, nationer och hela v\u00e4rlden.<\/p>\n<p>Ta emot denna v\u00e4lsignelse.<\/p>\n<p>L\u00e4r k\u00e4nna Det Nya Budskapet fr\u00e5n Gud.<\/p>\n<p>Inse att det kommer att bekr\u00e4fta allt som \u00e4r sant inom era nuvarande traditioner och att det kommer att tala till den djupare vishet som ni redan besitter.<\/p>\n<p>Det kommer att tala till ert hj\u00e4rta, till och med bortom era tankar och trosuppfattningar och tankarna och trosuppfattningarna av er kultur och er nation.<\/p>\n<p>Ta emot denna g\u00e5va och l\u00e4r k\u00e4nna den t\u00e5lmodigt. Ta Stegen till Kunskap. L\u00e4r er visdom fr\u00e5n det St\u00f6rre Samfundet. Igenk\u00e4nn hur kraften av m\u00e4nsklighetens Enda Andlighet kan f\u00e5 den att enas, st\u00e4rkas och f\u00f6rberedas till att se och kunna navigera de sv\u00e5ra tider som stundar.<\/p>\n<p>Ta emot Det Nya Budskapet, som uppmanar till bevarandet och st\u00e4rkandet av m\u00e4nsklig frihet, m\u00e4nskligt samarbete, och m\u00e4nskligt ansvar. Ty utan detta Nya Budskap st\u00e5r m\u00e4nskligheten inf\u00f6r en allvarlig och tv\u00e4rbrant nedg\u00e5ng.<\/p>\n<p>M\u00e4nskligheten st\u00e5r inf\u00f6r att f\u00f6rlora sin frihet och sitt sj\u00e4lvbest\u00e4mmande inom denna v\u00e4rld till ingripande krafter fr\u00e5n Universum.<\/p>\n<p>Utan detta Budskap kommer den m\u00e4nskliga anden att f\u00f6rbli slumrande och m\u00e4nniskor kommer att leva liv av desperation, konkurrens och konflikt.<\/p>\n<p>Det \u00e4r Skaparens vilja att m\u00e4nskligheten skall tr\u00e4da in i det St\u00f6rre Samfundet av intelligent liv i Universum som ett fritt och sj\u00e4lvst\u00e4ndigt sl\u00e4kte \u2013 som ett starkt sl\u00e4kte, ett enat sl\u00e4kte, ett sl\u00e4kte som \u00e4r f\u00f6rm\u00f6get att bibeh\u00e5lla sin kulturella m\u00e5ngfald samtidigt som det \u00e4rar den djupare styrka och det djupare syfte som kommer att h\u00e5lla m\u00e4nskligheten stark, som kommer att h\u00e5lla den m\u00e4nskliga familjen vital, aktiv och kreativ.<\/p>\n<p>Det Nya Budskapet fr\u00e5n Gud presenterar en ny m\u00f6jlighet till fortskridande i framtiden. Men f\u00f6r att avancera m\u00e5ste ni \u00f6verleva. Ni m\u00e5ste \u00f6verleva de sv\u00e5ra tider som stundar, och ni m\u00e5ste \u00f6verleva konkurrens fr\u00e5n bortom v\u00e4rlden om vem som kommer att kontrollera denna v\u00e4rld och dess \u00f6de.<\/p>\n<p>Varje individ m\u00e5ste se att de har ett stort tillf\u00e4lle att uppt\u00e4cka den djupare Kunskap som Gud har givit dem \u2013 den Kunskap som inneh\u00e5ller deras syfte, mening och riktning samt kriterierna f\u00f6r alla deras meningsfulla relationer.<\/p>\n<p>Det finns ett Nytt Budskap fr\u00e5n Gud f\u00f6r individen, och det finns ett Nytt Budskap fr\u00e5n Gud f\u00f6r hela v\u00e4rlden.<\/p>\n<p>Det \u00e4r h\u00e4r nu.<\/p>\n<p>Det har tagit l\u00e5ng tid f\u00f6r Budb\u00e4raren att motta det, ty Budskapet \u00e4r mycket stort.<\/p>\n<p>Hedra s\u00e5 den som har kommit f\u00f6r att medf\u00f6ra det Nya Budskapet till v\u00e4rlden.<\/p>\n<p>Han \u00e4r en \u00f6dmjuk man.<\/p>\n<p>Han har utvecklat den n\u00f6dv\u00e4ndiga visheten f\u00f6r att ta p\u00e5 sig en s\u00e5 stor roll, och han har s\u00e4nts in i v\u00e4rlden f\u00f6r detta syfte.<\/p>\n<p>Ta emot honom.<\/p>\n<p>F\u00f6rst\u00e5 honom.<\/p>\n<p>Men upph\u00f6j honom inte.<\/p>\n<p>Han \u00e4r inte en gud. Han \u00e4r en Budb\u00e4rare som f\u00f6r fram det Nya Budskapet fr\u00e5n Gud till v\u00e4rlden.<\/p>\n<p>Detta \u00e4r nu \u00f6gonblicket.<\/p>\n<p>Detta \u00e4r den stora m\u00f6jligheten.<\/p>\n<p>Detta \u00e4r svaret p\u00e5 folks b\u00f6ner \u00f6ver hela jorden \u2013 b\u00f6ner genom varje religion, genom varje nation och kultur, b\u00f6ner f\u00f6r visdom, styrka, enighet, frihet och \u00e5terl\u00f6sning.<\/p>\n<p>Ta emot detta Nya Budskap nu.<\/p>\n<p>Det har kommit, och det har kommit precis i r\u00e4tt \u00f6gonblick.<\/p>\n<p>&nbsp;<\/p>\n","protected":false},"excerpt":{"rendered":"<p>Om det Nya Budskapet Det nya Budskapet fr\u00e5n Gud \u00e4r en genuin kommunikation fr\u00e5n Skaparen som har kommit i en tid av stor f\u00f6r\u00e4ndring, konflikt och omst\u00f6rtning. Denna uppenbarelse, som togs emot under en 30-\u00e5rsperiod av Budb\u00e4raren Marshall Vian Summers \u00e4r inte baserad p\u00e5 n\u00e5gon existerande religi\u00f6s tradition eller andlig l\u00e4ra. Det Nya Budskapet hedrar [&hellip;]<\/p>\n","protected":false},"author":22,"featured_media":0,"parent":0,"menu_order":0,"comment_status":"closed","ping_status":"closed","template":"","meta":{"_monsterinsights_skip_tracking":false,"_monsterinsights_sitenote_active":false,"_monsterinsights_sitenote_note":"","_monsterinsights_sitenote_category":0,"footnotes":""},"categories":[65],"tags":[67],"_links":{"self":[{"href":"https:\/\/www.v6.newmessage.org\/sv\/wp-json\/wp\/v2\/pages\/5192"}],"collection":[{"href":"https:\/\/www.v6.newmessage.org\/sv\/wp-json\/wp\/v2\/pages"}],"about":[{"href":"https:\/\/www.v6.newmessage.org\/sv\/wp-json\/wp\/v2\/types\/page"}],"author":[{"embeddable":true,"href":"https:\/\/www.v6.newmessage.org\/sv\/wp-json\/wp\/v2\/users\/22"}],"replies":[{"embeddable":true,"href":"https:\/\/www.v6.newmessage.org\/sv\/wp-json\/wp\/v2\/comments?post=5192"}],"version-history":[{"count":29,"href":"https:\/\/www.v6.newmessage.org\/sv\/wp-json\/wp\/v2\/pages\/5192\/revisions"}],"predecessor-version":[{"id":5573,"href":"https:\/\/www.v6.newmessage.org\/sv\/wp-json\/wp\/v2\/pages\/5192\/revisions\/5573"}],"wp:attachment":[{"href":"https:\/\/www.v6.newmessage.org\/sv\/wp-json\/wp\/v2\/media?parent=5192"}],"wp:term":[{"taxonomy":"category","embeddable":true,"href":"https:\/\/www.v6.newmessage.org\/sv\/wp-json\/wp\/v2\/categories?post=5192"},{"taxonomy":"post_tag","embeddable":true,"href":"https:\/\/www.v6.newmessage.org\/sv\/wp-json\/wp\/v2\/tags?post=5192"}],"curies":[{"name":"wp","href":"https:\/\/api.w.org\/{rel}","templated":true}]}}