{"id":5192,"date":"2018-02-20T22:19:24","date_gmt":"2018-02-20T22:19:24","guid":{"rendered":"http:\/\/www.newmessage.org\/sq\/?page_id=5192"},"modified":"2021-12-21T00:30:50","modified_gmt":"2021-12-21T00:30:50","slug":"sq","status":"publish","type":"page","link":"https:\/\/www.v6.newmessage.org\/sq\/","title":{"rendered":"Mir\u00ebsevini! Keni gjetur Mesazhin e Ri."},"content":{"rendered":"<h1>Rreth Mesazhit t\u00eb Ri<\/h1>\n<p>Mrekullisht, p\u00ebrmes koh\u00ebs dhe nj\u00eb udh\u00ebtimi t\u00eb gjat\u00eb dhe ndoshta misterioz n\u00eb jet\u00eb, keni arritur k\u00ebtu. E gjet\u00ebt Mesazhin e Ri nga Zoti, ose ndoshta ju gjeti ai. Nuk \u00ebsht\u00eb aksident q\u00eb \u00ebsht\u00eb k\u00ebshtu.<\/p>\n<p>Zoti ka folur p\u00ebrs\u00ebri. Ka nj\u00eb Mesazh t\u00eb Ri nga Zoti n\u00eb bot\u00eb. Kjo \u00ebsht\u00eb mrekullia e dashuris\u00eb dhe komunikimit t\u00eb Zotit p\u00ebr njer\u00ebzimin q\u00eb po ndodh n\u00eb koh\u00ebn ton\u00eb dhe jeni nd\u00ebr t\u00eb par\u00ebt q\u00eb e dini k\u00ebt\u00eb.<\/p>\n<p>Mesazhi i Ri nga Zoti \u00ebsht\u00eb nj\u00eb komunikim origjinal nga Per\u00ebndia p\u00ebr t\u00eb gjith\u00eb popujt e bot\u00ebs. \u00cbsht\u00eb nj\u00eb dhurat\u00eb komunikimi dhe zbulese p\u00ebr njer\u00ebzit e t\u00eb gjith\u00eb kombeve dhe feve, i dh\u00ebn\u00eb tani nj\u00eb bote t\u00eb shkolluar m\u00eb komunikim global dhe nd\u00ebrgjegje globale n\u00eb rritje.<\/p>\n<p>Mesazhi i Ri nuk \u00ebsht\u00eb p\u00ebr nj\u00eb fis, nj\u00eb komb ose nj\u00eb grup fetar vet\u00ebm. \u00cbsht\u00eb komunikimi i Zotit p\u00ebr t\u00eb gjith\u00eb bot\u00ebn.<\/p>\n<p>Ky komunikim ka fuqin\u00eb p\u00ebr t\u00eb ndezur zemr\u00ebn shpirt\u00ebrore t\u00eb njer\u00ebzimit, p\u00ebr t\u00eb ting\u00eblluar thirrjen e Zotit p\u00ebr unitet midis kombeve dhe feve t\u00eb bot\u00ebs dhe p\u00ebr t\u00eb p\u00ebrgatitur njer\u00ebzimin p\u00ebr nj\u00eb bot\u00eb t\u00eb ndryshuar n\u00eb m\u00ebnyr\u00eb radikale dhe p\u00ebr fatin e tij n\u00eb nj\u00eb univers t\u00eb gjer\u00eb me jet\u00eb inteligjente.<\/p>\n<p><iframe loading=\"lazy\" title=\"The Next Decade for Humanity\" width=\"625\" height=\"352\" src=\"https:\/\/www.youtube.com\/embed\/EPqKsI5dIYk?feature=oembed&#038;enablejsapi=1&#038;origin=https:\/\/www.newmessage.org\" frameborder=\"0\" allow=\"accelerometer; autoplay; clipboard-write; encrypted-media; gyroscope; picture-in-picture\" allowfullscreen><\/iframe><\/p>\n<hr \/>\n<h2>Shpallja<\/h2>\n<p><em>Si\u00e7 i \u00ebsht\u00eb shpallur<\/em><br \/>\n<em> Lajm\u00ebtarit t\u00eb Zotit<\/em><br \/>\n<em> Marshall Vian Summers<\/em><br \/>\n<em> m\u00eb 7 korrik 2006<\/em><br \/>\n<em> n\u00eb Boulder, Kolorado<\/em><\/p>\n<p>Ka nj\u00eb Mesazh t\u00eb ri nga Zoti n\u00eb bot\u00eb. Ka ardhur nga Krijuesi i t\u00eb gjith\u00eb jet\u00ebs.<\/p>\n<p>\u00cbsht\u00eb p\u00ebrkthyer n\u00eb gjuh\u00eb dhe kuptueshm\u00ebri njer\u00ebzore p\u00ebrmes Pranis\u00eb Engj\u00ebllore q\u00eb mbik\u00ebqyr k\u00ebt\u00eb bot\u00eb.<\/p>\n<p>Vazhdon serin\u00eb e madhe t\u00eb transmetimeve nga Krijuesi q\u00eb kan\u00eb ndodhur gjat\u00eb shekujve dhe mij\u00ebvje\u00e7ar\u00ebve.<\/p>\n<p>\u00cbsht\u00eb nj\u00eb Mesazh i Ri p\u00ebr k\u00ebt\u00eb koh\u00eb dhe p\u00ebr koh\u00ebt q\u00eb do t\u00eb vijn\u00eb.<\/p>\n<p>I plot\u00ebson Mesazhet e m\u00ebparshme q\u00eb i jan\u00eb dh\u00ebn\u00eb njer\u00ebzimit dhe nj\u00ebkoh\u00ebsisht zbulon gj\u00ebra q\u00eb nuk i jan\u00eb treguar ndonj\u00ebher\u00eb njer\u00ebzimit m\u00eb par\u00eb. Sepse njer\u00ebzimi tani po p\u00ebrballon nj\u00eb seri sfidash t\u00eb r\u00ebnda dhe t\u00eb rrezikshme, si brenda dhe nga matan\u00eb bot\u00ebs.<\/p>\n<p>Mesazhi i Ri nga Zoti \u00ebsht\u00eb k\u00ebtu p\u00ebr t\u00eb paralajm\u00ebruar, p\u00ebr t\u00eb fuqizuar dhe p\u00ebr t\u00eb p\u00ebrgatitur familjen njer\u00ebzore &#8211; njer\u00ebzit nga t\u00eb gjitha kombet dhe traditat fetare, nga t\u00eb gjitha fiset, grupet dhe drejtimet.<\/p>\n<p>Ka ardhur n\u00eb koh\u00ebn e nj\u00eb nevoje t\u00eb madhe, nj\u00eb koh\u00eb m\u00eb pasoja t\u00eb m\u00ebdha. I p\u00ebrgatit njer\u00ebzit p\u00ebr gj\u00ebra q\u00eb as nuk jan\u00eb kuptuar.<\/p>\n<p>\u00cbsht\u00eb profetik n\u00eb paralajm\u00ebrimin e njer\u00ebzve p\u00ebr Dallg\u00ebt e M\u00ebdha t\u00eb ndryshimit q\u00eb po vijn\u00eb n\u00eb bot\u00eb dhe p\u00ebr pozicionin e njer\u00ebzimit n\u00eb univers, sidomos n\u00eb lidhje me kontaktin me raca t\u00eb tjera.<\/p>\n<p>I b\u00ebn thirrje pranis\u00eb s\u00eb madhe shpirt\u00ebrore brenda \u00e7do personi &#8211; dhurat\u00ebs s\u00eb madhe t\u00eb Dijes q\u00eb i \u00ebsht\u00eb dh\u00ebne t\u00eb gjith\u00eb familjes njer\u00ebzore, e cila tani duhet t\u00eb kultivohet, t\u00eb p\u00ebrforcohet dhe t\u00eb sillet p\u00ebrpara.<\/p>\n<p>I flet nevoj\u00ebs s\u00eb madhe shpirt\u00ebrore t\u00eb individit \u2013 nevoj\u00ebs p\u00ebr q\u00ebllim, kuptim dhe drejtim.<\/p>\n<p>I flet marr\u00ebdh\u00ebnieve t\u00eb m\u00ebdha q\u00eb njer\u00ebzit mund t\u00eb krijojn\u00eb me nj\u00ebri-tjetrin, marr\u00ebdh\u00ebniet q\u00eb p\u00ebrfaq\u00ebsojn\u00eb q\u00ebllimin e tyre t\u00eb madh n\u00eb jet\u00eb.<\/p>\n<p>I flet nevojave t\u00eb bot\u00ebs dhe nevojave t\u00eb s\u00eb ardhmes. N\u00eb k\u00ebt\u00eb m\u00ebnyr\u00eb, sjell q\u00ebllim dhe pranim, unitet dhe bashk\u00ebpunim, urt\u00ebsi dhe fuqi, p\u00ebr t\u00eb gjith\u00eb ata q\u00eb mund ta marrin, q\u00eb mund ta m\u00ebsojn\u00eb, q\u00eb mund t\u2019i ndjekin hapat e tij, q\u00eb mund t\u2019ia kontribuojn\u00eb t\u00eb tjer\u00ebve dhe q\u00eb mund t\u00eb p\u00ebrhapin urt\u00ebsin\u00eb e tij n\u00eb sh\u00ebrbim t\u00eb njer\u00ebzve t\u00eb tjer\u00eb, familjeve, komuniteteve, kombeve dhe t\u00eb gjith\u00eb bot\u00ebs.<\/p>\n<p>Merreni k\u00ebt\u00eb bekim. M\u00ebsoni nga Mesazhi i Ri nga Zoti. Kuptojeni se do t\u00eb afirmoj\u00eb gjith\u00e7ka q\u00eb \u00ebsht\u00eb e v\u00ebrtet\u00eb n\u00eb traditat tuaja aktuale dhe do t\u2019i flas\u00eb urtesis\u00eb suaj t\u00eb thell\u00eb q\u00eb ju tashm\u00eb keni. Do t\u2019i flas\u00eb zemr\u00ebs suaj, madje matan\u00eb mendimeve dhe besimeve tuaja dhe mendimeve dhe besimeve t\u00eb kultur\u00ebs dhe t\u00eb kombit tuaj.<\/p>\n<p>Merreni k\u00ebt\u00eb dhurat\u00eb dhe mesoni nga ajo me durim, duke marr\u00eb Hapat drejt Dijes, duke m\u00ebsuar urt\u00ebsin\u00eb e Komunitetit t\u00eb Madh dhe duke kuptuar fuqin\u00eb e Spiritualitetit t\u00eb Vet\u00ebm t\u00eb njer\u00ebzimit p\u00ebr ta bashkuar njer\u00ebzimin, p\u00ebr ta p\u00ebrforcuar njer\u00ebzimin dhe p\u00ebr ta p\u00ebrgatitur njer\u00ebzimin p\u00ebr t\u2019i dalluar dhe p\u00ebr t\u2019i lundruar koh\u00ebt e v\u00ebshtira p\u00ebrpara.<\/p>\n<p>Merreni Mesazhin e Ri n\u00eb thirrjen e tij p\u00ebr ruajtjen dhe p\u00ebrforcimin e liris\u00eb, bashk\u00ebpunimit dhe p\u00ebrgjegj\u00ebsis\u00eb njer\u00ebzore.<\/p>\n<p>Sepse pa k\u00ebt\u00eb Mesazh t\u00eb Ri, njer\u00ebzimi po p\u00ebrballon nj\u00eb r\u00ebnie t\u00eb r\u00ebnd\u00eb dhe t\u00eb papritur.<\/p>\n<p>Po p\u00ebrballon humbjen e liris\u00eb dhe t\u00eb sovranitetit t\u00eb tij n\u00eb k\u00ebt\u00eb bot\u00eb ndaj forca t\u00eb tjera nd\u00ebrhyr\u00ebse nga universi rreth jush.<\/p>\n<p>Pa k\u00ebt\u00eb Masazh t\u00eb Ri, shpirti njer\u00ebzor do t\u00eb ngelet n\u00eb gjum\u00eb dhe njer\u00ebzit do t\u00eb jetojn\u00eb jeta d\u00ebshp\u00ebrimi, konkurrence dhe konflikti.<\/p>\n<p>\u00cbsht\u00eb Vullneti i Krijuesit q\u00eb njer\u00ebzimi t\u00eb hyj\u00eb n\u00eb Komunitetin e Madh t\u00eb jet\u00ebs n\u00eb univers si nj\u00eb rac\u00eb e lir\u00eb dhe sovrane \u2013 si nj\u00eb rac\u00eb e fort\u00eb, si nj\u00eb rac\u00eb e bashkuar, si nj\u00eb rac\u00eb q\u00eb mund t\u00eb mbaj\u00eb diversitetin e saj kulturor dhe n\u00eb t\u00eb nj\u00ebjt\u00ebn koh\u00eb t\u00eb nderoj\u00eb forc\u00ebn dhe q\u00ebllimin e saj t\u00eb thell\u00eb, t\u00eb cilat do ta mbajn\u00eb familjen njer\u00ebzore t\u00eb gjall\u00eb<i>, <\/i>aktive dhe kreative, duke paraqitur nj\u00eb opotunitet t\u00eb ri p\u00ebr p\u00ebrparim n\u00eb t\u00eb ardhmen.<\/p>\n<p>Por p\u00ebr t\u00eb ecur duhet q\u00eb t\u00eb mbijetoni. Duhet t\u00eb mbijetoni koh\u00ebt e v\u00ebshtira p\u00ebrpara dhe duhet t\u00eb mbijetoni konkurrenc\u00ebn nga matan\u00eb bot\u00ebs n\u00eb lidhje me at\u00eb se kush do t\u00eb kontrolloj\u00eb k\u00ebt\u00eb bot\u00eb dhe fatin e saj.<\/p>\n<p>\u00c7do individ duhet ta dij\u00eb se ka nj\u00eb oportunitet t\u00eb madh p\u00ebr t\u00eb zbuluar Dijen e thell\u00eb q\u00eb Zoti i ka dh\u00ebn\u00eb \u2013 Dija q\u00eb p\u00ebrmban q\u00ebllimin, kuptimin dhe drejtimin e tij dhe kriteret p\u00ebr t\u00eb gjitha marr\u00ebdh\u00ebniet dometh\u00ebn\u00ebse.<\/p>\n<p>Prandaj, ka nj\u00eb Mesazh t\u00eb Ri nga Zoti p\u00ebr individin dhe ka nj\u00eb Mesazh t\u00eb Ri nga Zoti p\u00ebr t\u00eb gjith\u00eb bot\u00ebn. \u00cbsht\u00eb k\u00ebtu tani.<\/p>\n<p>I \u00ebsht\u00eb dashur nj\u00eb koh\u00eb e gjat\u00eb Lajm\u00ebtarit p\u00ebr ta marr\u00eb, sepse Mesazhi \u00ebsht\u00eb shum\u00eb i madh.<\/p>\n<p>Nderojeni at\u00ebher\u00eb at\u00eb q\u00eb ka ardhur p\u00ebr t\u00eb sjell\u00eb Mesazhin e Ri n\u00eb bot\u00eb.<\/p>\n<p>Ai \u00ebsht\u00eb nj\u00eb burr\u00eb i p\u00ebrulur. E ka zhvilluar urt\u00ebsin\u00eb e duhur p\u00ebr t\u00eb nd\u00ebrmarr\u00eb nj\u00eb rol kaq t\u00eb madh, dhe \u00ebsht\u00eb d\u00ebrguar n\u00eb bot\u00eb p\u00ebr k\u00ebt\u00eb q\u00ebllim.<\/p>\n<p>Pranojeni at\u00eb. Kuptojeni at\u00eb. Por mos e adhuroni. Ai nuk \u00ebsht\u00eb zot. Ai \u00ebsht\u00eb Lajm\u00ebtari q\u00eb po sjell Mesazhin e Ri nga Zoti n\u00eb bot\u00eb.<\/p>\n<p>Tani \u00ebsht\u00eb koha. Ky \u00ebsht\u00eb oportuniteti i madh. Kjo \u00ebsht\u00eb p\u00ebrgjigja e lutjeve t\u00eb njer\u00ebzve n\u00ebp\u00ebr bot\u00eb \u2013 lutje n\u00ebp\u00ebr \u00e7do tradit\u00eb fetare, n\u00ebp\u00ebr \u00e7do komb dhe kultur\u00eb, lutje p\u00ebr urt\u00ebsi, fuqi, unitet, liri dhe shp\u00ebtim.<\/p>\n<p>Merreni tani k\u00ebt\u00eb Mesazh t\u00eb Ri. Ka ardhur, dhe ka ardhur tamam n\u00eb koh\u00ebn e duhur.<\/p>\n<p>&nbsp;<\/p>\n<div id=\"s3gt_translate_tooltip_mini\" class=\"s3gt_translate_tooltip_mini_box\" style=\"background: initial !important; border: initial !important; border-radius: initial !important; border-spacing: initial !important; border-collapse: initial !important; direction: ltr !important; flex-direction: initial !important; font-weight: initial !important; height: initial !important; letter-spacing: initial !important; min-width: initial !important; max-width: initial !important; min-height: initial !important; max-height: initial !important; margin: auto !important; outline: initial !important; padding: initial !important; position: absolute; table-layout: initial !important; text-align: initial !important; text-shadow: initial !important; width: initial !important; word-break: initial !important; word-spacing: initial !important; overflow-wrap: initial !important; box-sizing: initial !important; display: initial !important; color: inherit !important; font-size: 13px !important; font-family: X-LocaleSpecific, sans-serif, Tahoma, Helvetica !important; line-height: 13px !important; vertical-align: top !important; white-space: inherit !important; left: 6px; top: 47px; opacity: 0.85;\">\n<div id=\"s3gt_translate_tooltip_mini_logo\" class=\"s3gt_translate_tooltip_mini\" title=\"Translate selected text\"><\/div>\n<div id=\"s3gt_translate_tooltip_mini_sound\" class=\"s3gt_translate_tooltip_mini\" title=\"Play\"><\/div>\n<div id=\"s3gt_translate_tooltip_mini_copy\" class=\"s3gt_translate_tooltip_mini\" title=\"Copy text to Clipboard\"><\/div>\n<\/div>\n","protected":false},"excerpt":{"rendered":"<p>Rreth Mesazhit t\u00eb Ri Mrekullisht, p\u00ebrmes koh\u00ebs dhe nj\u00eb udh\u00ebtimi t\u00eb gjat\u00eb dhe ndoshta misterioz n\u00eb jet\u00eb, keni arritur k\u00ebtu. E gjet\u00ebt Mesazhin e Ri nga Zoti, ose ndoshta ju gjeti ai. Nuk \u00ebsht\u00eb aksident q\u00eb \u00ebsht\u00eb k\u00ebshtu. Zoti ka folur p\u00ebrs\u00ebri. Ka nj\u00eb Mesazh t\u00eb Ri nga Zoti n\u00eb bot\u00eb. Kjo \u00ebsht\u00eb mrekullia e [&hellip;]<\/p>\n","protected":false},"author":22,"featured_media":0,"parent":0,"menu_order":0,"comment_status":"closed","ping_status":"closed","template":"","meta":{"_monsterinsights_skip_tracking":false,"_monsterinsights_sitenote_active":false,"_monsterinsights_sitenote_note":"","_monsterinsights_sitenote_category":0,"footnotes":""},"categories":[65],"tags":[32],"_links":{"self":[{"href":"https:\/\/www.v6.newmessage.org\/sq\/wp-json\/wp\/v2\/pages\/5192"}],"collection":[{"href":"https:\/\/www.v6.newmessage.org\/sq\/wp-json\/wp\/v2\/pages"}],"about":[{"href":"https:\/\/www.v6.newmessage.org\/sq\/wp-json\/wp\/v2\/types\/page"}],"author":[{"embeddable":true,"href":"https:\/\/www.v6.newmessage.org\/sq\/wp-json\/wp\/v2\/users\/22"}],"replies":[{"embeddable":true,"href":"https:\/\/www.v6.newmessage.org\/sq\/wp-json\/wp\/v2\/comments?post=5192"}],"version-history":[{"count":17,"href":"https:\/\/www.v6.newmessage.org\/sq\/wp-json\/wp\/v2\/pages\/5192\/revisions"}],"predecessor-version":[{"id":5424,"href":"https:\/\/www.v6.newmessage.org\/sq\/wp-json\/wp\/v2\/pages\/5192\/revisions\/5424"}],"wp:attachment":[{"href":"https:\/\/www.v6.newmessage.org\/sq\/wp-json\/wp\/v2\/media?parent=5192"}],"wp:term":[{"taxonomy":"category","embeddable":true,"href":"https:\/\/www.v6.newmessage.org\/sq\/wp-json\/wp\/v2\/categories?post=5192"},{"taxonomy":"post_tag","embeddable":true,"href":"https:\/\/www.v6.newmessage.org\/sq\/wp-json\/wp\/v2\/tags?post=5192"}],"curies":[{"name":"wp","href":"https:\/\/api.w.org\/{rel}","templated":true}]}}