{"id":27621,"date":"2017-10-17T01:19:21","date_gmt":"2017-10-17T01:19:21","guid":{"rendered":"http:\/\/www.newmessage.org\/romanian-international\/?page_id=27621"},"modified":"2017-10-30T09:11:30","modified_gmt":"2017-10-30T09:11:30","slug":"volumul-5","status":"publish","type":"page","link":"https:\/\/www.v6.newmessage.org\/ro\/mesajul\/volumul-5\/","title":{"rendered":"Volumul 5"},"content":{"rendered":"<h2><strong><img loading=\"lazy\" decoding=\"async\" class=\"imgborder alignright size-medium\" src=\"\/wp-content\/uploads\/2014\/10\/The-New-Message-from-God-Volume-5-214x300.png\" alt=\"Volume 5\" width=\"214\" height=\"300\" \/><\/strong>Despre Volumul 5<\/h2>\n<p>Volume Five is home to the Wisdom Teachings of the New Message from God.<\/p>\n<p>From the earliest days of Revelation to the present, God has revealed a vast wealth of wisdom, speaking on nearly every topic of concern and importance, providing spiritual and practical guidance to meet the needs of people around the world both today and deep into the future. Ultimately, Volume Five will contain a number of Books of Wisdom compiled by the Messenger.<\/p>\n<p>For a further resource of New Message Wisdom, see the list of <a href=\"\/the-message\/other-revelations\">Other Revelations<\/a> not yet compiled into books and also the New Message <a href=\"\/wiki\">Wiki<\/a>, an ever expanding online encyclopedia of quotes from the New Message organized by topic.<\/p>\n<div class=\"toggle toggle-white\"><h4 class=\"trigger \"><span class=\"t_ico\"><\/span><a href=\"#\">Exploreaz\u0103 mai multe din Biblioteca Noului Mesaj<\/a><\/h4><div class=\"toggle_container \"><br \/>\n<p>Noul Mesaj de la Dumnezeu va figura \u00eentr-un final \u00een \u0219ase volume individuale. Fiecare volum cuprinde dou\u0103 sau mai multe c\u0103r\u021bi, iar fiecare carte este organizat\u0103 \u00een capitole.<\/p>\n<p>A\u0219adar, structura viitoare a Noului Mesaj de la Dumnezeu poate fi exprimat\u0103 \u00een felul acesta: <strong> Volum &gt; Carte &gt; Capitol &gt; Vers <\/strong>.<\/p>\n<p>Noul Mesaj de la Dumnezeu cuprinde cel mai mare volum de Revela\u021bii oferit vreodat\u0103 lumii. El abordeaz\u0103 aproape fiecare aspect al vie\u021bilor noastre, \u00een vreme ce prezint\u0103 realit\u0103\u021bi noi nedezv\u0103luite p\u00e2n\u0103 acum. <a href=\"https:\/\/www.newmessage.org\/ro\/despre-the-society\/\">The Society<\/a> se str\u0103duie\u0219te s\u0103 pun\u0103 la dispozi\u021bia lumii c\u00e2t mai multe din c\u0103r\u021bile \u0219i revela\u021biile rostite ale Noului Mesaj. <\/p>\n<p>\u00cen prezent, The Society poate oferi un num\u0103r mare de \u00eenregistr\u0103ri originale ale <a href=\"https:\/\/www.newmessage.org\/ro\/mesajul\/termeni-importanti\/\">Vocii Revela\u021biei<\/a>. Aici e\u0219ti invitat s\u0103 experimentezi puterea \u0219i misterul \u201eVocii\u201d, a\u0219a cum a vorbit ini\u021bial prin Mesager \u00eentr-o stare de Revela\u021bie. Nu a fost posibil p\u00e2n\u0103 acum s\u0103 auzim <a href=\"https:\/\/www.newmessage.org\/ro\/mesajul\/termeni-importanti\/\">Vocea original\u0103 a Revela\u021biei<\/a>.<\/p>\n<p>Elaborarea \u00eentregului Nou Mesaj este un proiect \u00een desf\u0103\u0219urare, care va fi \u00eentreprins pe parcursul unei perioade lungi. De asemenea, Revela\u021bia continu\u0103 \u0219i \u00een ziua de azi, revela\u021bii noi fiind oferite \u00een fiecare an. Ca urmare, selec\u021bia \u00eenv\u0103\u021b\u0103turilor din fiecare carte se poate schimba. A\u0219adar, este posibil ca \u0219i titlurile c\u0103r\u021bilor s\u0103 se schimbe pentru a reflecta dezvoltarea fiec\u0103rei c\u0103r\u021bi. Tr\u0103i\u021bi \u00een vremuri de Revela\u021bie \u0219i sunte\u021bi martori la procesul Revela\u021biei care se desf\u0103\u0219oar\u0103 sub privirile voastre.   <\/p>\n<p><strong>C\u0103r\u021bi online <\/strong><br \/>\n<a href=\"https:\/\/www.newmessage.org\/ro\/despre-the-society\/\">The Society<\/a> se str\u0103duie\u0219te s\u0103 fac\u0103 Noul Mesaj disponibil gratuit, online, pentru \u00eentreaga lume. \u00cen prezent, mai multe c\u0103r\u021bi din Noul Mesaj sunt disponibile gratuit pe www.NewMessage.org. Po\u021bi explora biblioteca ce con\u021bine c\u0103r\u021bi online gratuite <a href=\"https:\/\/www.newmessage.org\/ro\/mesajul\/\">aici<\/a>. <\/p>\n<p><strong>C\u0103r\u021bi tip\u0103rite <\/strong><br \/>\nThe Society ofer\u0103 \u00een prezent c\u00e2teva c\u0103r\u021bi tip\u0103rite din Noul Mesaj. \u00cens\u0103, din cauza m\u0103rimii imense a Noului Mesaj dezv\u0103luit, momentan The Society nu poate s\u0103 tip\u0103reasc\u0103 toate cele \u0219ase volume ale Noului Mesaj. Pentru a cump\u0103ra un exemplar tip\u0103rit din c\u0103r\u021bile Noului Mesaj disponibile \u00een prezent, v\u0103 rug\u0103m s\u0103 vizita\u021bi <a href=\"https:\/\/newknowledgelibrary.org\">magazinul Bibliotecii New Knowledge<\/a>.  <\/p>\n<p><strong>CD-uri \u0219i mp3-uri audio <\/strong><br \/>\nAnumite revela\u021bii despre studen\u021bia \u00een Noul Mesaj sunt disponibile ca CD-uri \u0219i mp3-uri pl\u0103tite. Din cauza realit\u0103\u021bilor financiare de a-i aduce \u00eentregii lumi un Mesaj Nou, <a href=\"https:\/\/www.newmessage.org\/ro\/despre-the-society\/\">The Society<\/a> ofer\u0103 anumite \u00cenv\u0103\u021b\u0103turi cu plat\u0103 la un pre\u021b modest \u00een <a href=\"https:\/\/newknowledgelibrary.org\">magazinul Bibliotecii New Knowledge<\/a>. <\/p>\n<p><strong>Proiectul c\u0103r\u021bilor gratuite <\/strong><br \/>\nPe m\u0103sur\u0103 ce sprijinul financiar cre\u0219te, The Society va putea face disponibile online, gratuit, mai multe dintre aceste \u00eenv\u0103\u021b\u0103turi pline de \u00een\u021belepciune. De asemenea, <a href=\"https:\/\/www.newmessage.org\/the-message\/free-book-project\">Proiectul c\u0103r\u021bilor gratuite<\/a> al organiza\u021biei The Society ofer\u0103 un exemplar personal gratuit din c\u0103r\u021bile \u0219i mp3-urile revela\u021biilor din Noul Mesaj disponibile \u00een present, pentru cei care nu au posibilitatea s\u0103 le cumpere. V\u0103 invit\u0103m s\u0103 face\u021bi o dona\u021bie pentru a sus\u021bine \u201eProiectul c\u0103r\u021bilor gratuite\u201d, ca din ce \u00een ce mai mul\u021bi oameni s\u0103 poat\u0103 avea acces la Noul Mesaj de la Dumnezeu.  <\/p>\n<p><strong>Public\u0103ri viitoare <\/strong><br \/>\nThe Society continu\u0103 s\u0103-\u0219i duc\u0103 mai departe viziunea de a publica \u00eentregul Nou Mesaj de la Dumnezeu at\u00e2t \u00een volume, c\u00e2t \u0219i \u00een c\u0103r\u021bi, iar poate c\u0103 \u00eentr-o bun\u0103 zi va publica o singur\u0103 carte, numit\u0103 pur \u0219i simplu: \u201eNoul Mesaj de la Dumnezeu\u201d. Acesta este un efort enorm pentru care The Society are nevoie de contribu\u021bia \u0219i participarea voastr\u0103. V\u0103 rug\u0103m s\u0103 lua\u021bi \u00een considerare o <a href=\"https:\/\/www.newmessage.org\/ro\/despre-the-society\/sustinerea-noului-mesaj\">dona\u021bie<\/a> sau s\u0103 deveni\u021bi <a href=\"https:\/\/www.newmessage.org\/ro\/despre-the-society\/sustinerea-noului-mesaj\">un Pilon al Noului Mesaj<\/a> pentru a sus\u021bine aceast\u0103 cauz\u0103 sf\u00e2nt\u0103. V\u0103 mul\u021bumim pentru sprijin.<\/p>\n<br \/>\n<\/div><\/div>\n<div class=\"clearfix\"><\/div>\n<div class=\"the-message-books-volumes panel-30 background-tile-1 margin-bottom-20\">\n<h2 class=\"text-align-center margin-bottom-20\"><a class=\"text-color-gray-5 not-underlined\" title=\"Volume 5\" href=\"\/the-message\/volume-5\">Volume 5<\/a><\/h2>\n<div class=\"one_third \" ><\/p>\n<div class=\"message-book-div\"><a class=\"message-book-link-to-post\" href=\"\/the-message\/volume-5\/wisdom-greater-community-volume-1\" rel=\"bookmark\">Wisdom from<br \/>\nthe Greater Community, Volume I<\/a><\/div>\n<div class=\"toggle toggle-gray\"><h4 class=\"trigger \"><span class=\"t_ico\"><\/span><a href=\"#\">Table of Contents<\/a><\/h4><div class=\"toggle_container \"><br \/>\n<a class=\"text-color-gray-9\" title=\"The Greater Religion\">The Greater Religion<\/a><br \/>\n<a href=\"\/the-message\/volume-5\/wisdom-greater-community-volume-1\/relationships-and-sexuality\">Relationships and Sexuality<\/a><br \/>\n<a class=\"text-color-gray-9\" title=\"Greater Community\">Greater Community<\/a><br \/>\n<a class=\"text-color-gray-9\" title=\"Trust\">Trust<\/a><br \/>\n<a class=\"text-color-gray-9\" title=\"Marriage\">Marriage<\/a><br \/>\n<a class=\"text-color-gray-9\" title=\"Health\">Health<\/a><br \/>\n<a class=\"text-color-gray-9\" title=\"Freedom\">Freedom<\/a><br \/>\n<a class=\"text-color-gray-9\" title=\"Preparing for the Future\">Preparing for the Future<\/a><br \/>\n<a class=\"text-color-gray-9\" title=\"Spiritual Truths\">Spiritual Truths<\/a><br \/>\n<a href=\"\/the-message\/volume-5\/wisdom-greater-community-volume-1\/service-in-the-world\" target=\"_self\">Service in the World<\/a><br \/>\n<a class=\"text-color-gray-9\" title=\"Power and Responsibility\">Power and Responsibility<\/a><br \/>\n<a href=\"\/the-message\/volume-5\/wisdom-greater-community-volume-1\/love\" target=\"_self\">Love<\/a><br \/>\n<a class=\"text-color-gray-9\" title=\"Spiritual Community\">Spiritual Community<\/a><br \/>\n<a class=\"text-color-gray-9\" title=\"World Evolution\">World Evolution<\/a><br \/>\n<a href=\"\/the-message\/volume-5\/wisdom-greater-community-volume-1\/giving-i\" target=\"_self\">Giving I<\/a><br \/>\n<a href=\"\/the-message\/volume-5\/wisdom-greater-community-volume-1\/giving-ii\" target=\"_self\">Giving II<\/a><br \/>\n<a class=\"text-color-gray-9\" title=\"Mastery\">Mastery<\/a><br \/>\n<a class=\"text-color-gray-9\" title=\"Higher Education\">Higher Education<\/a><br \/>\n<a class=\"text-color-gray-9\" title=\"Fulfillment\">Fulfillment<\/a><br \/>\n<a class=\"text-color-gray-9\" title=\"Inner Listening\">Inner Listening<\/a><br \/>\n<a class=\"text-color-gray-9\" title=\"Enduring Happiness\">Enduring Happiness<\/a><br \/>\n<a class=\"text-color-gray-9\" title=\"Escaping Suffering\">Escaping Suffering<\/a><br \/>\n<a class=\"text-color-gray-9\" title=\"Forgiveness\">Forgiveness<\/a><br \/>\n<a class=\"text-color-gray-9\" title=\"Happiness in the World\">Happiness in the World<\/a><br \/>\n<a class=\"text-color-gray-9\" title=\"Escaping Fear\">Escaping Fear<\/a><br \/>\n<a class=\"text-color-gray-9\" title=\"Stillness\">Stillness<\/a><br \/>\n<a class=\"text-color-gray-9\" title=\"Disappointment\">Disappointment<\/a><br \/>\n<a class=\"text-color-gray-9\" title=\"Using Power for Good\">Using Power for Good<\/a><br \/>\n<a class=\"text-color-gray-9\" title=\"Faith and Fear\">Faith and Fear<\/a><br \/>\n<a class=\"text-color-gray-9\" title=\"Perception\">Perception<\/a><br \/>\n<a class=\"text-color-gray-9\" title=\"Healing\">Healing<\/a><br \/>\n<a class=\"text-color-gray-9\" title=\"Achievement\">Achievement<\/a><br \/>\n<a class=\"text-color-gray-9\" title=\"Provoking Change\">Provoking Change<\/a><br \/>\n<a class=\"text-color-gray-9\" title=\"Religion as Education\">Religion as Education<\/a><br \/>\n<a class=\"text-color-gray-9\" title=\"Achieving Peace\">Achieving Peace<\/a><br \/>\n<\/div><\/div><br \/>\n<\/div>\n<div class=\"one_third \" ><\/p>\n<div class=\"message-book-div\"><a class=\"message-book-link-to-post\" href=\"\/the-message\/volume-5\/wisdom-greater-community-volume-2\" rel=\"bookmark\">Wisdom from<br \/>\nthe Greater Community, Volume II<\/a><\/div>\n<div class=\"toggle toggle-gray\"><h4 class=\"trigger \"><span class=\"t_ico\"><\/span><a href=\"#\">Table of Contents<\/a><\/h4><div class=\"toggle_container \"><br \/>\n<a class=\"text-color-gray-9\" title=\"Ambition\">Ambition<\/a><br \/>\n<a title=\"Wisdom from the Greater Community volume 2\" href=\"\/the-message\/volume-5\/wisdom-greater-community-volume-2\/possessions\" target=\"_self\">Possessions<\/a><br \/>\n<a class=\"text-color-gray-9\" title=\"Pleasure\">Pleasure<\/a><br \/>\n<a class=\"text-color-gray-9\" title=\"Serving Others\">Serving Others<\/a><br \/>\n<a class=\"text-color-gray-9\" title=\"Working with the Mind\">Working with the Mind<\/a><br \/>\n<a title=\"Wisdom from the Greater Community volume 2\" href=\"\/the-message\/volume-5\/wisdom-greater-community-volume-2\/discernment\" target=\"_self\">Discernment<\/a><br \/>\n<a title=\"Wisdom from the Greater Community volume 2\" href=\"\/the-message\/volume-5\/wisdom-greater-community-volume-2\/discretion\" target=\"_self\">Discretion<\/a><br \/>\n<a title=\"Wisdom from the Greater Community volume 2\" href=\"\/the-message\/volume-5\/wisdom-greater-community-volume-2\/solving-problems\" target=\"_self\">Solving Problems<\/a><br \/>\n<a title=\"Wisdom from the Greater Community volume 2\" href=\"\/the-message\/volume-5\/wisdom-greater-community-volume-2\/honesty\" target=\"_self\">Honesty<\/a><br \/>\n<a class=\"text-color-gray-9\" title=\"Greater Community Visitations\">Greater Community Visitations<\/a><br \/>\n<a title=\"Wisdom from The Greater Community Volume 2\" href=\"\/the-message\/volume-5\/wisdom-greater-community-volume-2\/spiritual-practice\" target=\"_self\">Spiritual Practice<\/a><br \/>\n<a title=\"Wisdom from the Greater Community volume 2\" href=\"\/the-message\/volume-5\/wisdom-greater-community-volume-2\/self-expression-the-mental-environment\" target=\"_self\">Self-Expression and the Mental Environment<\/a><br \/>\n<a title=\"Wisdom from the Greater Community volume 2\" href=\"\/the-message\/volume-5\/wisdom-greater-community-volume-2\/religion-as-mystery\" target=\"_self\">Religion as Mystery<\/a><br \/>\n<a class=\"text-color-gray-9\" title=\"Intelligence\">Intelligence<\/a><br \/>\n<a class=\"text-color-gray-9\" title=\"Responding to the Greater Community\">Responding to the Greater Community<\/a><br \/>\n<a href=\"\/the-message\/volume-5\/wisdom-greater-community-volume2\/thresholds\">Thresholds<\/a><br \/>\n<a class=\"text-color-gray-9\" title=\"Visitors\u2019 Perception of Humanity\">Visitors\u2019 Perception of Humanity<\/a><br \/>\n<a title=\"Wisdom from the Greater Community volume 2\" href=\"\/the-message\/volume-5\/wisdom-greater-community-volume-2\/compassion\" target=\"_self\">Compassion<\/a><br \/>\n<a class=\"text-color-gray-9\" title=\"Courage\">Courage<\/a><br \/>\n<a class=\"text-color-gray-9\" title=\"Learning from Others\">Learning from Others<\/a><br \/>\n<a title=\"Wisdom from the Greater Community volume 2\" href=\"\/the-message\/volume-5\/wisdom-greater-community-volume-2\/devotion-commitment\">Devotion and Commitment<br \/>\n<\/a><a class=\"text-color-gray-9\" title=\"Money\">Money<br \/>\n<\/a><a class=\"text-color-gray-9\" title=\"Becoming Wise\">Becoming Wise<br \/>\n<\/a><a class=\"text-color-gray-9\" style=\"line-height: 1.5\" title=\"Environments\">Work<br \/>\n<\/a><a class=\"text-color-gray-9\" style=\"line-height: 1.5\" title=\"Environments\">Environments<br \/>\n<\/a><a class=\"text-color-gray-9\" title=\"Conflict\">Conflict<br \/>\n<\/a><a class=\"text-color-gray-9\" title=\"Self-Doubt\">Self-Doubt<br \/>\n<\/a><a class=\"text-color-gray-9\" style=\"line-height: 1.5\" title=\"Greater Community Realities\">Greater Community Realities<br \/>\n<\/a><a class=\"text-color-gray-9\" style=\"line-height: 1.5\" title=\"Inspiration\">Inspiration<br \/>\n<\/a><a class=\"text-color-gray-9\" style=\"line-height: 1.5\" title=\"Kindness\">Kindness<br \/>\n<\/a><a class=\"text-color-gray-9\" style=\"line-height: 1.5\" title=\"Concentration\">Concentration<br \/>\n<\/a><a class=\"text-color-gray-9\" title=\"Pride\">Pride<br \/>\n<\/a><a class=\"text-color-gray-9\" style=\"line-height: 1.5\" title=\"Perseverance\">Perseverance<br \/>\n<\/a><a class=\"text-color-gray-9\" style=\"line-height: 1.5\" title=\"Walking the Way of Knowledge\">Walking The Way of Knowledge<\/a><\/p>\n<p><\/div><\/div><br \/>\n<\/div>\n<div class=\"one_third last\" ><\/p>\n<div class=\"message-book-div more\"><a class=\"message-book-link-to-post\" title=\"More to Come\u2026\" href=\"\/the-message\/the-revelation-continues-to-this-day\" rel=\"bookmark\">More to Come\u2026<\/a><\/div>\n<p><\/div>\n<\/div>\n","protected":false},"excerpt":{"rendered":"<p>Despre Volumul 5 Volume Five is home to the Wisdom Teachings of the New Message from God. From the earliest days of Revelation to the present, God has revealed a vast wealth of wisdom, speaking on nearly every topic of concern and importance, providing spiritual and practical guidance to meet the needs of people around\u2026 <a class=\"read-more\" href=\"https:\/\/www.v6.newmessage.org\/ro\/about-volumes-shortcode\/\"><span>Read More<\/span><\/a><\/p>\n","protected":false},"author":8,"featured_media":0,"parent":26942,"menu_order":0,"comment_status":"closed","ping_status":"closed","template":"template-leftsidebar.php","meta":{"_monsterinsights_skip_tracking":false,"_monsterinsights_sitenote_active":false,"_monsterinsights_sitenote_note":"","_monsterinsights_sitenote_category":0,"footnotes":""},"categories":[],"tags":[733,732],"_links":{"self":[{"href":"https:\/\/www.v6.newmessage.org\/ro\/wp-json\/wp\/v2\/pages\/27621"}],"collection":[{"href":"https:\/\/www.v6.newmessage.org\/ro\/wp-json\/wp\/v2\/pages"}],"about":[{"href":"https:\/\/www.v6.newmessage.org\/ro\/wp-json\/wp\/v2\/types\/page"}],"author":[{"embeddable":true,"href":"https:\/\/www.v6.newmessage.org\/ro\/wp-json\/wp\/v2\/users\/8"}],"replies":[{"embeddable":true,"href":"https:\/\/www.v6.newmessage.org\/ro\/wp-json\/wp\/v2\/comments?post=27621"}],"version-history":[{"count":2,"href":"https:\/\/www.v6.newmessage.org\/ro\/wp-json\/wp\/v2\/pages\/27621\/revisions"}],"predecessor-version":[{"id":27679,"href":"https:\/\/www.v6.newmessage.org\/ro\/wp-json\/wp\/v2\/pages\/27621\/revisions\/27679"}],"up":[{"embeddable":true,"href":"https:\/\/www.v6.newmessage.org\/ro\/wp-json\/wp\/v2\/pages\/26942"}],"wp:attachment":[{"href":"https:\/\/www.v6.newmessage.org\/ro\/wp-json\/wp\/v2\/media?parent=27621"}],"wp:term":[{"taxonomy":"category","embeddable":true,"href":"https:\/\/www.v6.newmessage.org\/ro\/wp-json\/wp\/v2\/categories?post=27621"},{"taxonomy":"post_tag","embeddable":true,"href":"https:\/\/www.v6.newmessage.org\/ro\/wp-json\/wp\/v2\/tags?post=27621"}],"curies":[{"name":"wp","href":"https:\/\/api.w.org\/{rel}","templated":true}]}}