{"id":27615,"date":"2017-10-17T01:07:00","date_gmt":"2017-10-17T01:07:00","guid":{"rendered":"http:\/\/www.newmessage.org\/romanian-international\/?page_id=27615"},"modified":"2017-10-30T09:10:47","modified_gmt":"2017-10-30T09:10:47","slug":"volumul-4","status":"publish","type":"page","link":"https:\/\/www.v6.newmessage.org\/ro\/mesajul\/volumul-4\/","title":{"rendered":"Volumul 4"},"content":{"rendered":"<h2><strong><img loading=\"lazy\" decoding=\"async\" class=\"alignright size-medium\" src=\"\/\/www.newmessage.org\/wp-content\/uploads\/2014\/10\/The-New-Message-from-God-Volume-4-215x300.png\" alt=\"\" width=\"215\" height=\"300\" \/><\/strong>Despre Volumul 4<\/h2>\n<p>Volume Four contains books of prophecy and further revelation of the New Message from God.<\/p>\n<p>Central in the books of this volume are the two great events of our time: <a href=\"\/the-message\/volume-1\/greater-community\/humanitys-emergence-into-the-greater-community\">Humanity\u2019s Emergence into the Greater Community<\/a> (Book 4 &#8211; <a href=\"\/the-message\/volume-1\/greater-community\">The Greater Community<\/a>) and the converging <a href=\"\/\/www.newmessage.org\/the-message\/volume-4\/great-waves-change\">Great Waves of change<\/a> now striking the world. These two converging events have the power to reshape our world and will affect the lives of every man, woman and child on Earth, both now and in the times to come.<\/p>\n<p>The books of Volume Four, <a href=\"\/\/www.newmessage.org\/the-message\/volume-4\/great-waves-change\">The Great Waves of Change<\/a> and <a href=\"\/\/www.newmessage.org\/the-message\/volume-4\/life-universe\">Life in the Universe<\/a>, are a direct gift from God to awaken, alert and prepare the human family for the Great Change that is coming.<\/p>\n<p>Here God is revealing what humanity cannot see or know on its own. Only Divine Revelation can awaken humanity to the perils of its present and future situation. Only a prophetic vision can turn our eyes to the great promise and potential of the human family, even as we face our greatest trials.<\/p>\n<div class=\"toggle toggle-white\"><h4 class=\"trigger \"><span class=\"t_ico\"><\/span><a href=\"#\">Exploreaz\u0103 mai multe din Biblioteca Noului Mesaj<\/a><\/h4><div class=\"toggle_container \"><br \/>\n<p>Noul Mesaj de la Dumnezeu va figura \u00eentr-un final \u00een \u0219ase volume individuale. Fiecare volum cuprinde dou\u0103 sau mai multe c\u0103r\u021bi, iar fiecare carte este organizat\u0103 \u00een capitole.<\/p>\n<p>A\u0219adar, structura viitoare a Noului Mesaj de la Dumnezeu poate fi exprimat\u0103 \u00een felul acesta: <strong> Volum &gt; Carte &gt; Capitol &gt; Vers <\/strong>.<\/p>\n<p>Noul Mesaj de la Dumnezeu cuprinde cel mai mare volum de Revela\u021bii oferit vreodat\u0103 lumii. El abordeaz\u0103 aproape fiecare aspect al vie\u021bilor noastre, \u00een vreme ce prezint\u0103 realit\u0103\u021bi noi nedezv\u0103luite p\u00e2n\u0103 acum. <a href=\"https:\/\/www.newmessage.org\/ro\/despre-the-society\/\">The Society<\/a> se str\u0103duie\u0219te s\u0103 pun\u0103 la dispozi\u021bia lumii c\u00e2t mai multe din c\u0103r\u021bile \u0219i revela\u021biile rostite ale Noului Mesaj. <\/p>\n<p>\u00cen prezent, The Society poate oferi un num\u0103r mare de \u00eenregistr\u0103ri originale ale <a href=\"https:\/\/www.newmessage.org\/ro\/mesajul\/termeni-importanti\/\">Vocii Revela\u021biei<\/a>. Aici e\u0219ti invitat s\u0103 experimentezi puterea \u0219i misterul \u201eVocii\u201d, a\u0219a cum a vorbit ini\u021bial prin Mesager \u00eentr-o stare de Revela\u021bie. Nu a fost posibil p\u00e2n\u0103 acum s\u0103 auzim <a href=\"https:\/\/www.newmessage.org\/ro\/mesajul\/termeni-importanti\/\">Vocea original\u0103 a Revela\u021biei<\/a>.<\/p>\n<p>Elaborarea \u00eentregului Nou Mesaj este un proiect \u00een desf\u0103\u0219urare, care va fi \u00eentreprins pe parcursul unei perioade lungi. De asemenea, Revela\u021bia continu\u0103 \u0219i \u00een ziua de azi, revela\u021bii noi fiind oferite \u00een fiecare an. Ca urmare, selec\u021bia \u00eenv\u0103\u021b\u0103turilor din fiecare carte se poate schimba. A\u0219adar, este posibil ca \u0219i titlurile c\u0103r\u021bilor s\u0103 se schimbe pentru a reflecta dezvoltarea fiec\u0103rei c\u0103r\u021bi. Tr\u0103i\u021bi \u00een vremuri de Revela\u021bie \u0219i sunte\u021bi martori la procesul Revela\u021biei care se desf\u0103\u0219oar\u0103 sub privirile voastre.   <\/p>\n<p><strong>C\u0103r\u021bi online <\/strong><br \/>\n<a href=\"https:\/\/www.newmessage.org\/ro\/despre-the-society\/\">The Society<\/a> se str\u0103duie\u0219te s\u0103 fac\u0103 Noul Mesaj disponibil gratuit, online, pentru \u00eentreaga lume. \u00cen prezent, mai multe c\u0103r\u021bi din Noul Mesaj sunt disponibile gratuit pe www.NewMessage.org. Po\u021bi explora biblioteca ce con\u021bine c\u0103r\u021bi online gratuite <a href=\"https:\/\/www.newmessage.org\/ro\/mesajul\/\">aici<\/a>. <\/p>\n<p><strong>C\u0103r\u021bi tip\u0103rite <\/strong><br \/>\nThe Society ofer\u0103 \u00een prezent c\u00e2teva c\u0103r\u021bi tip\u0103rite din Noul Mesaj. \u00cens\u0103, din cauza m\u0103rimii imense a Noului Mesaj dezv\u0103luit, momentan The Society nu poate s\u0103 tip\u0103reasc\u0103 toate cele \u0219ase volume ale Noului Mesaj. Pentru a cump\u0103ra un exemplar tip\u0103rit din c\u0103r\u021bile Noului Mesaj disponibile \u00een prezent, v\u0103 rug\u0103m s\u0103 vizita\u021bi <a href=\"https:\/\/newknowledgelibrary.org\">magazinul Bibliotecii New Knowledge<\/a>.  <\/p>\n<p><strong>CD-uri \u0219i mp3-uri audio <\/strong><br \/>\nAnumite revela\u021bii despre studen\u021bia \u00een Noul Mesaj sunt disponibile ca CD-uri \u0219i mp3-uri pl\u0103tite. Din cauza realit\u0103\u021bilor financiare de a-i aduce \u00eentregii lumi un Mesaj Nou, <a href=\"https:\/\/www.newmessage.org\/ro\/despre-the-society\/\">The Society<\/a> ofer\u0103 anumite \u00cenv\u0103\u021b\u0103turi cu plat\u0103 la un pre\u021b modest \u00een <a href=\"https:\/\/newknowledgelibrary.org\">magazinul Bibliotecii New Knowledge<\/a>. <\/p>\n<p><strong>Proiectul c\u0103r\u021bilor gratuite <\/strong><br \/>\nPe m\u0103sur\u0103 ce sprijinul financiar cre\u0219te, The Society va putea face disponibile online, gratuit, mai multe dintre aceste \u00eenv\u0103\u021b\u0103turi pline de \u00een\u021belepciune. De asemenea, <a href=\"https:\/\/www.newmessage.org\/the-message\/free-book-project\">Proiectul c\u0103r\u021bilor gratuite<\/a> al organiza\u021biei The Society ofer\u0103 un exemplar personal gratuit din c\u0103r\u021bile \u0219i mp3-urile revela\u021biilor din Noul Mesaj disponibile \u00een present, pentru cei care nu au posibilitatea s\u0103 le cumpere. V\u0103 invit\u0103m s\u0103 face\u021bi o dona\u021bie pentru a sus\u021bine \u201eProiectul c\u0103r\u021bilor gratuite\u201d, ca din ce \u00een ce mai mul\u021bi oameni s\u0103 poat\u0103 avea acces la Noul Mesaj de la Dumnezeu.  <\/p>\n<p><strong>Public\u0103ri viitoare <\/strong><br \/>\nThe Society continu\u0103 s\u0103-\u0219i duc\u0103 mai departe viziunea de a publica \u00eentregul Nou Mesaj de la Dumnezeu at\u00e2t \u00een volume, c\u00e2t \u0219i \u00een c\u0103r\u021bi, iar poate c\u0103 \u00eentr-o bun\u0103 zi va publica o singur\u0103 carte, numit\u0103 pur \u0219i simplu: \u201eNoul Mesaj de la Dumnezeu\u201d. Acesta este un efort enorm pentru care The Society are nevoie de contribu\u021bia \u0219i participarea voastr\u0103. V\u0103 rug\u0103m s\u0103 lua\u021bi \u00een considerare o <a href=\"https:\/\/www.newmessage.org\/ro\/despre-the-society\/sustinerea-noului-mesaj\">dona\u021bie<\/a> sau s\u0103 deveni\u021bi <a href=\"https:\/\/www.newmessage.org\/ro\/despre-the-society\/sustinerea-noului-mesaj\">un Pilon al Noului Mesaj<\/a> pentru a sus\u021bine aceast\u0103 cauz\u0103 sf\u00e2nt\u0103. V\u0103 mul\u021bumim pentru sprijin.<\/p>\n<br \/>\n<\/div><\/div>\n<div class=\"clearfix\"><\/div>\n<div class=\"the-message-books-volumes panel-30 background-tile-1 margin-bottom-20\">\n<h2 class=\"text-align-center margin-bottom-20\"><a class=\"text-color-gray-5 not-underlined\" title=\"Volume 4\" href=\"\/the-message\/volume-4\">Volume 4<\/a><\/h2>\n<div class=\"one_third \" ><\/p>\n<div class=\"message-book-div\"><a class=\"message-book-link-to-post\" href=\"\/the-message\/volume-4\/great-waves-change\" rel=\"bookmark\">The Great Waves of Change<\/a><\/div>\n<div class=\"toggle toggle-gray\"><h4 class=\"trigger \"><span class=\"t_ico\"><\/span><a href=\"#\">Table of Contents<\/a><\/h4><div class=\"toggle_container \"><br \/>\n<a href=\"\/the-message\/volume-4\/great-waves-change\/the-great-waves-and-your-life\">The Great Waves and Your Life<\/a><br \/>\n<a href=\"https:\/\/www.newmessage.org\/the-message\/volume-4\/great-waves-change\/escaping-the-past\">Escaping the Past<\/a><br \/>\n<a href=\"\/the-message\/volume-4\/great-waves-change\/the-freedom-to-move-with-knowledge\">The Freedom to Move with Knowledge<\/a><br \/>\n<a class=\"text-color-gray-9\" title=\"The Deep Evaluation\" href=\"https:\/\/www.newmessage.org\/the-message\/volume-4\/great-waves-change\/the-deep-evaluation\">The Deep Evaluation<\/a><br \/>\n<a class=\"text-color-gray-9\" title=\"Relationships and the Great Waves\" href=\"https:\/\/www.newmessage.org\/the-message\/volume-4\/great-waves-change\/relationships-and-the-great-waves\">Relationships and the Great Waves<\/a><br \/>\n<a class=\"text-color-gray-9\" title=\"Preparing Your Family\" href=\"https:\/\/www.newmessage.org\/the-message\/volume-4\/great-waves-change\/preparing-your-family\">Preparing Your Family<\/a><br \/>\n<a class=\"text-color-gray-9\" title=\"The Danger of Isolation\" href=\"https:\/\/www.newmessage.org\/the-message\/volume-4\/great-waves-change\/the-danger-of-isolation\">The Danger of Isolation<\/a><br \/>\n<a class=\"text-color-gray-9\" title=\"The Great Waves Prophecy\" href=\"https:\/\/www.newmessage.org\/the-message\/volume-4\/great-waves-change\/the-great-waves-prophecy\">The Great Waves Prophecy<\/a><br \/>\n<a class=\"text-color-gray-9\" title=\"The Great Waves and the Hidden Reality of Contact\" href=\"https:\/\/www.newmessage.org\/the-message\/volume-4\/great-waves-change\/the-great-waves-and-the-hidden-reality-of-contact\">The Great Waves and the Hidden Reality of Contact<\/a><br \/>\n<a class=\"text-color-gray-9\" title=\"Where Will You Place Your Faith?\" href=\"https:\/\/www.newmessage.org\/the-message\/volume-4\/great-waves-change\/where-will-you-place-your-faith\">Where Will You Place Your Faith?<\/a><br \/>\n<a class=\"text-color-gray-9\" title=\"Your Purpose and Destiny in a Changing World\" href=\"https:\/\/www.newmessage.org\/the-message\/volume-4\/great-waves-change\/your-purpose-and-destiny-in-a-changing-world\">Your Purpose and Destiny in a Changing World<\/a><br \/>\n<a class=\"text-color-gray-9\" title=\"A New Message of Hope\" href=\"https:\/\/www.newmessage.org\/the-message\/volume-4\/great-waves-change\/a-new-message-of-hope\">A New Message of Hope<\/a><br \/>\n<a class=\"text-color-gray-9\" title=\"Seeing, Knowing and Taking Action\" href=\"https:\/\/www.newmessage.org\/the-message\/volume-4\/great-waves-change\/seeing-knowing-and-taking-action\">Seeing, Knowing and Taking Action<\/a><br \/>\n<\/div><\/div><br \/>\n<\/div>\n<div class=\"one_third \" ><\/p>\n<div class=\"message-book-div\"><a class=\"message-book-link-to-post\" href=\"\/the-message\/volume-4\/life-universe\" rel=\"bookmark\">Life in the Universe<\/a><\/div>\n<div class=\"toggle toggle-gray\"><h4 class=\"trigger \"><span class=\"t_ico\"><\/span><a href=\"#\">Table of Contents<\/a><\/h4><div class=\"toggle_container \"><br \/>\n<a href=\"\/the-message\/volume-4\/life-universe\/facing-greater-community-life\">Facing a Greater Community of Life<\/a><br \/>\n<a class=\"text-color-gray-9\" title=\"A Brief History of Visitation to the Earth\" href=\"https:\/\/www.newmessage.org\/the-message\/volume-4\/life-universe\/a-brief-history-of-visitation-to-earth\">A Brief History of Visitation to the Earth<\/a><br \/>\n<a class=\"text-color-gray-9\" title=\"The Limits of Space Travel\" href=\"https:\/\/www.newmessage.org\/the-message\/volume-4\/life-universe\/the-limits-of-space-travel\">The Limits of Space Travel<\/a><br \/>\n<a class=\"text-color-gray-9\" title=\"Trade and Commerce in This Region of Space \" href=\"https:\/\/www.newmessage.org\/the-message\/volume-4\/life-universe\/trade-and-commerce-in-this-region-of-space\">Trade and Commerce in This Region of Space<\/a><br \/>\n<a class=\"text-color-gray-9\" title=\"Technology and the Different Paths to Stability \" href=\"https:\/\/www.newmessage.org\/the-message\/volume-4\/life-universe\/technology-and-the-different-paths-to-stability\">Technology and the Different Paths to Stability<\/a><br \/>\n<a class=\"text-color-gray-9\" title=\"Families and Genetic Manipulation\" href=\"https:\/\/www.newmessage.org\/the-message\/volume-4\/life-universe\/families-and-genetic-manipulation\">Families and Genetic Manipulation<\/a><br \/>\n<a class=\"text-color-gray-9\" title=\"Competition, Influence and the Mental Environment\" href=\"https:\/\/www.newmessage.org\/the-message\/volume-4\/life-universe\/competition-influence-and-the-mental-environment\">Competition, Influence and the Mental Environment<\/a><br \/>\n<a class=\"text-color-gray-9\" title=\"Freedom in the Greater Community\" href=\"https:\/\/www.newmessage.org\/the-message\/volume-4\/life-universe\/freedom-in-the-greater-community\">Freedom in the Greater Community<\/a><br \/>\n<a class=\"text-color-gray-9\" title=\"Religion in the Greater Community\" href=\"https:\/\/www.newmessage.org\/the-message\/volume-4\/life-universe\/religion-in-the-greater-community\">Religion in the Greater Community<\/a><br \/>\n<a class=\"text-color-gray-9\" title=\"The Power of Knowledge\" href=\"https:\/\/www.newmessage.org\/the-message\/volume-4\/life-universe\/power-knowledge\">The Power of Knowledge<\/a><br \/>\n<a href=\"\/the-message\/volume-4\/life-universe\/unseen-forces-universe\">Unseen Forces in the Universe<\/a><br \/>\n<a class=\"text-color-gray-9\" title=\"Creation and Destiny\" href=\"https:\/\/www.newmessage.org\/the-message\/volume-4\/life-universe\/creation-and-destiny\">Creation and Destiny<\/a><br \/>\n<a class=\"text-color-gray-9\" title=\"God of the Greater Community\" href=\"https:\/\/www.newmessage.org\/the-message\/volume-4\/life-universe\/god-of-the-greater-community\">God of the Greater Community<\/a><br \/>\n<a class=\"text-color-gray-9\" title=\"Your Relationship with the Greater Community\" href=\"https:\/\/www.newmessage.org\/the-message\/volume-4\/life-universe\/your-relationship-with-the-greater-community\">Your Relationship with the Greater Community<\/a><\/p>\n<p><\/div><\/div><br \/>\n<\/div>\n<div class=\"one_third last\" ><\/p>\n<div class=\"message-book-div more\"><a class=\"message-book-link-to-post\" title=\"More to Come\u2026\" href=\"\/the-message\/the-revelation-continues-to-this-day\" rel=\"bookmark\">More to Come\u2026<\/a><\/div>\n<p><\/div>\n<\/div>\n","protected":false},"excerpt":{"rendered":"<p>Despre Volumul 4 Volume Four contains books of prophecy and further revelation of the New Message from God. Central in the books of this volume are the two great events of our time: Humanity\u2019s Emergence into the Greater Community (Book 4 &#8211; The Greater Community) and the converging Great Waves of change now striking the\u2026 <a class=\"read-more\" href=\"https:\/\/www.v6.newmessage.org\/ro\/about-volumes-shortcode\/\"><span>Read More<\/span><\/a><\/p>\n","protected":false},"author":8,"featured_media":0,"parent":26942,"menu_order":0,"comment_status":"closed","ping_status":"closed","template":"template-leftsidebar.php","meta":{"_monsterinsights_skip_tracking":false,"_monsterinsights_sitenote_active":false,"_monsterinsights_sitenote_note":"","_monsterinsights_sitenote_category":0,"footnotes":""},"categories":[],"tags":[731,730],"_links":{"self":[{"href":"https:\/\/www.v6.newmessage.org\/ro\/wp-json\/wp\/v2\/pages\/27615"}],"collection":[{"href":"https:\/\/www.v6.newmessage.org\/ro\/wp-json\/wp\/v2\/pages"}],"about":[{"href":"https:\/\/www.v6.newmessage.org\/ro\/wp-json\/wp\/v2\/types\/page"}],"author":[{"embeddable":true,"href":"https:\/\/www.v6.newmessage.org\/ro\/wp-json\/wp\/v2\/users\/8"}],"replies":[{"embeddable":true,"href":"https:\/\/www.v6.newmessage.org\/ro\/wp-json\/wp\/v2\/comments?post=27615"}],"version-history":[{"count":6,"href":"https:\/\/www.v6.newmessage.org\/ro\/wp-json\/wp\/v2\/pages\/27615\/revisions"}],"predecessor-version":[{"id":27678,"href":"https:\/\/www.v6.newmessage.org\/ro\/wp-json\/wp\/v2\/pages\/27615\/revisions\/27678"}],"up":[{"embeddable":true,"href":"https:\/\/www.v6.newmessage.org\/ro\/wp-json\/wp\/v2\/pages\/26942"}],"wp:attachment":[{"href":"https:\/\/www.v6.newmessage.org\/ro\/wp-json\/wp\/v2\/media?parent=27615"}],"wp:term":[{"taxonomy":"category","embeddable":true,"href":"https:\/\/www.v6.newmessage.org\/ro\/wp-json\/wp\/v2\/categories?post=27615"},{"taxonomy":"post_tag","embeddable":true,"href":"https:\/\/www.v6.newmessage.org\/ro\/wp-json\/wp\/v2\/tags?post=27615"}],"curies":[{"name":"wp","href":"https:\/\/api.w.org\/{rel}","templated":true}]}}