{"id":27582,"date":"2017-10-13T04:15:40","date_gmt":"2017-10-13T04:15:40","guid":{"rendered":"http:\/\/www.newmessage.org\/romanian-international\/?page_id=27582"},"modified":"2018-07-06T02:43:10","modified_gmt":"2018-07-06T02:43:10","slug":"cine-este-marshall-vian-summers","status":"publish","type":"page","link":"https:\/\/www.v6.newmessage.org\/ro\/cine-este-marshall-vian-summers\/","title":{"rendered":"Cine este Marshall Vian Summers?"},"content":{"rendered":"<div style=\"width: 310px\" class=\"wp-caption alignright\"><img loading=\"lazy\" decoding=\"async\" class=\"imgborder\" src=\"\/wp-content\/uploads\/2015\/08\/DSC_0146-copy-300x200.jpg\" alt=\"Who is Marshall Vian Summers?\" width=\"300\" height=\"200\" \/><p class=\"wp-caption-text\">Marshall Vian Summers <\/p>\n<div class=\"text-align-center\">\n<div id=\"fb-root\"><\/div>\n<\/div>\n<p><\/p><\/div>\n<h3 style=\"text-align: center\">Cine este Marshall Vian Summers? <\/h3>\n<p>Marshall Vian Summers este Mesagerul Noului Mesaj de la Dumnezeu. De peste trei decenii, el este \u00een procesul de a primi o Revela\u021bie Nou\u0103 vast\u0103, oferit\u0103 s\u0103 preg\u0103teasc\u0103 umanitatea pentru marea schimbare economic\u0103, social\u0103 \u0219i climatic\u0103 ce vine \u00een lume \u0219i pentru apari\u021bia umanit\u0103\u021bii \u00eentr-un univers plin de via\u021b\u0103 inteligent\u0103. <\/p>\n<p>\u00cen toamna anului 1981, la v\u00e2rsta de 32 de ani, Marshall Vian Summers a avut o \u00eent\u00e2lnire direct\u0103 cu <a href=\"https:\/\/www.newmessage.org\/ro\/mesajul\/termeni-importanti#aa\">Mul\u021bimea Angelic\u0103<\/a> ce vegheaz\u0103 asupra lumii. Aceast\u0103 \u00eent\u00e2lnire i-a schimbat cursul vie\u021bii pentru totdeauna \u0219i l-a ini\u021biat \u00eentr-o rela\u021bie mai profund\u0103 cu Mul\u021bimea, necesit\u00e2nd s\u0103 \u00ee\u0219i ofere via\u021ba lui Dumnezeu. \u0218i a\u0219a a \u00eenceput procesul lung \u0219i misterios de a primi Noul Mesaj al lui Dumnezeu pentru umanitate. <\/p>\n<p>Dup\u0103 aceast\u0103 ini\u021biere misterioas\u0103, la v\u00e2rsta de 33 de ani, el a avut o a doua \u00eent\u00e2lnire cu <a href=\"https:\/\/www.newmessage.org\/ro\/mesajul\/termeni-importanti#aa\">Mul\u021bimea Angelic\u0103<\/a>, \u00een care a fost instruit s\u0103 \u00eenceap\u0103 s\u0103 primeasc\u0103 \u0219i s\u0103 \u201e\u00eenregistreze\u201d Mesajul lor pentru lume. <\/p>\n<p>\u00cen deceniile ce au urmat, o Revela\u021bie vast\u0103 pentru umanitate a fost dezv\u0103luit\u0103, uneori \u00eencet, alteori \u00een \u0219uvoaie puternice. \u00cen majoritatea acestor ani lungi, el a trebuit s\u0103 mearg\u0103 mai departe doar cu sprijinul a c\u00e2torva persoane, ne\u0219tiind ce va \u00eensemna aceast\u0103 Revela\u021bie cresc\u00e2nd\u0103 \u0219i la ce va duce \u00een cele din urm\u0103. <\/p>\n<p>O mare parte a anului, Marshall locuie\u0219te \u00een Mun\u021bii St\u00e2nco\u0219i din Statele Unite, unde tr\u0103ie\u0219te \u00een relativ\u0103 izolare, asistat de familia sa \u0219i de membrii organiza\u021biei <a href=\"https:\/\/www.newmessage.org\/worldwide-community\/society\">The Society for the New Message<\/a>. Acolo \u00ee\u0219i duce mai departe misiunea de a primi, de a preg\u0103ti \u0219i de a prezenta lumii Noul Mesaj de la Dumnezeu. <\/p>\n<p>Cu rare ocazii, Marshall este \u00eendrumat de Sursa Noului Mesaj s\u0103 c\u0103l\u0103toreasc\u0103 \u00een anumile locuri \u00een jurul lumii (<a href=\"https:\/\/www.newmessage.org\/gods-messenger\/journeys-messenger\">C\u0103l\u0103torii<\/a>) pentru a primi Revela\u021bia Domnului pentru acea vreme \u0219i acel loc \u0219i pentru a dezv\u0103lui adev\u0103rul mai ad\u00e2nc cuprins \u00een Noul Mesaj al lui Dumnezeu la \u00eentruniri speciale ale Comunit\u0103\u021bii Globale (<a href=\"https:\/\/www.newmessage.org\/worldwide-community\/events\">Evenimente<\/a>).<\/p>\n<p>Mesagerul a parcurs un drum lung \u0219i dificil pentru a primi \u0219i prezenta cea mai vast\u0103 Revela\u021bie oferit\u0103 vreodat\u0103 familiei umane. P\u00e2n\u0103 \u0219i ast\u0103zi, <a href=\"https:\/\/www.newmessage.org\/ro\/mesajul\/termeni-importanti#voice\">Vocea Revela\u021biei<\/a> continu\u0103 s\u0103 curg\u0103 prin el, pe m\u0103sur\u0103 ce se confrunt\u0103 cu marea dificultate de a aduce Noul Mesaj al lui Dumnezeu unei lumi dezbinate \u0219i aflate \u00een dificult\u0103\u021bi. <\/p>\n<p>\u25cf\tCite\u0219te <a href=\"https:\/\/www.newmessage.org\/ro\/povestea-lui-marshall-vian-summers\/\">Povestea Mesagerului<\/a><br \/>\n\u25cf\tAscult\u0103 \u00eenv\u0103\u021b\u0103turile audio ale Mesagerului (\u00een cur\u00e2nd)<br \/>\n\u25cf\tCite\u0219te \u0219i ascult\u0103 <a href=\"https:\/\/www.newmessage.org\/ro\/mesajul\/\">revela\u021biile Noului Mesaj<\/a> despre originea, misiunea \u0219i destinul Mesagerului<br \/>\n\u25cf\tAfl\u0103 mai multe despre lucrarea Mesagerului de a elabora testamentul Noului Mesaj (mai multe pe viitor&#8230;)<br \/>\n\u25cf\tCite\u0219te despre <a href=\"https:\/\/www.newmessage.org\/gods-messenger\/journeys-messenger\">C\u0103l\u0103toriile<\/a> Mesagerului \u00een lume<\/p>\n","protected":false},"excerpt":{"rendered":"<p>Cine este Marshall Vian Summers? Marshall Vian Summers este Mesagerul Noului Mesaj de la Dumnezeu. De peste trei decenii, el este \u00een procesul de a primi o Revela\u021bie Nou\u0103 vast\u0103, oferit\u0103 s\u0103 preg\u0103teasc\u0103 umanitatea pentru marea schimbare economic\u0103, social\u0103 \u0219i climatic\u0103 ce vine \u00een lume \u0219i pentru apari\u021bia umanit\u0103\u021bii \u00eentr-un univers plin de via\u021b\u0103 inteligent\u0103.\u2026 <a class=\"read-more\" href=\"https:\/\/www.v6.newmessage.org\/ro\/cine-este-marshall-vian-summers\/\"><span>Read More<\/span><\/a><\/p>\n","protected":false},"author":8,"featured_media":0,"parent":0,"menu_order":0,"comment_status":"closed","ping_status":"closed","template":"template-leftsidebar.php","meta":{"_monsterinsights_skip_tracking":false,"_monsterinsights_sitenote_active":false,"_monsterinsights_sitenote_note":"","_monsterinsights_sitenote_category":0,"footnotes":""},"categories":[81],"tags":[727,429],"_links":{"self":[{"href":"https:\/\/www.v6.newmessage.org\/ro\/wp-json\/wp\/v2\/pages\/27582"}],"collection":[{"href":"https:\/\/www.v6.newmessage.org\/ro\/wp-json\/wp\/v2\/pages"}],"about":[{"href":"https:\/\/www.v6.newmessage.org\/ro\/wp-json\/wp\/v2\/types\/page"}],"author":[{"embeddable":true,"href":"https:\/\/www.v6.newmessage.org\/ro\/wp-json\/wp\/v2\/users\/8"}],"replies":[{"embeddable":true,"href":"https:\/\/www.v6.newmessage.org\/ro\/wp-json\/wp\/v2\/comments?post=27582"}],"version-history":[{"count":9,"href":"https:\/\/www.v6.newmessage.org\/ro\/wp-json\/wp\/v2\/pages\/27582\/revisions"}],"predecessor-version":[{"id":27841,"href":"https:\/\/www.v6.newmessage.org\/ro\/wp-json\/wp\/v2\/pages\/27582\/revisions\/27841"}],"wp:attachment":[{"href":"https:\/\/www.v6.newmessage.org\/ro\/wp-json\/wp\/v2\/media?parent=27582"}],"wp:term":[{"taxonomy":"category","embeddable":true,"href":"https:\/\/www.v6.newmessage.org\/ro\/wp-json\/wp\/v2\/categories?post=27582"},{"taxonomy":"post_tag","embeddable":true,"href":"https:\/\/www.v6.newmessage.org\/ro\/wp-json\/wp\/v2\/tags?post=27582"}],"curies":[{"name":"wp","href":"https:\/\/api.w.org\/{rel}","templated":true}]}}