{"id":27569,"date":"2017-10-12T23:46:41","date_gmt":"2017-10-12T23:46:41","guid":{"rendered":"http:\/\/www.newmessage.org\/romanian-international\/?page_id=27569"},"modified":"2017-11-20T02:30:35","modified_gmt":"2017-11-20T02:30:35","slug":"despre-procesul-revelatiei","status":"publish","type":"page","link":"https:\/\/www.v6.newmessage.org\/ro\/mesajul\/despre-procesul-revelatiei\/","title":{"rendered":"Despre Procesul Revela\u021biei"},"content":{"rendered":"<p>Textele Noului Mesaj de la Dumnezeu au fost rostite ini\u021bial de Vocea <a href=\"https:\/\/www.newmessage.org\/ro\/mesajul\/termeni-importanti#aa\">Mul\u021bimii Angelice<\/a> prin Mesagerul Marshall Vian Summers. Acest proces al Revela\u021biei Divine are loc din 1983. Revela\u021bia continu\u0103 \u0219i \u00een ziua de azi. <\/p>\n<p>Aici, comunicarea original\u0103 a lui Dumnezeu, care exist\u0103 dincolo de cuvinte, este tradus\u0103 \u00een limba \u0219i \u00een\u021belegerea uman\u0103 de c\u0103tre <a href=\"https:\/\/www.newmessage.org\/ro\/mesajul\/termeni-importanti#aa\">Mul\u021bimea Angelic\u0103<\/a> ce vegheaz\u0103 asupra lumii. Apoi, Mul\u021bimea roste\u0219te Mesajul Domnului prin Mesager, care este \u00eenregistrat \u00een form\u0103 audio, transcris \u0219i pus la dispozi\u021bia tuturor acum \u00een vasta bibliotec\u0103 a revela\u021biilor scrise pe www.NewMessage.org.<\/p>\n<p>De asemenea, pentru prima dat\u0103 \u00een istorie, po\u021bi auzi \u00eenregistr\u0103rile originale ale <a href=\"https:\/\/www.newmessage.org\/ro\/mesajul\/termeni-importanti#voice\">Vocii Revela\u021biei<\/a>, aceea\u0219i Voce care le-a vorbit profe\u021bilor \u0219i Mesagerilor din trecut \u0219i care vorbe\u0219te din nou printr-un Mesager Nou care se afl\u0103 ast\u0103zi pe p\u0103m\u00e2nt. Revela\u021bia original\u0103 nu a fost \u00eenregistrat\u0103 \u0219i f\u0103cut\u0103 disponibil\u0103 \u00een forma sa pur\u0103 p\u00e2n\u0103 acum.<\/p>\n<p>Cuv\u00e2ntul \u0219i Sunetul se afl\u0103 pe p\u0103m\u00e2nt. Pentru prima dat\u0103 \u00een istorie, tu \u0219i to\u021bi ceilal\u021bi pute\u021bi asculta \u00eenregistrarea Vocii originale a Revela\u021biei. Aceast\u0103 Voce nu este vocea unui singur individ, ci a \u00eentregii <a href=\"https:\/\/www.newmessage.org\/ro\/mesajul\/termeni-importanti#aa\">Mul\u021bimi Angelice<\/a> vorbind to\u021bi odat\u0103, to\u021bi ca unul. <\/p>\n<p>Aici umanitatea are \u0219ansa de a primi testamentul original al <a href=\"https:\/\/www.newmessage.org\/ro\/mesajul\/termeni-importanti#revelation\">Revela\u021biei Domnului<\/a>, care a fost \u00eenregistrat \u00een forma sa rostit\u0103, transcris, elaborat de c\u0103tre Mesagerul s\u0103u \u0219i prezentat acum lumii. <\/p>\n<p>Pentru a asculta <a href=\"https:\/\/www.newmessage.org\/ro\/mesajul\/termeni-importanti#voice\">Vocea Revela\u021biei<\/a>, care este sursa textelor cuprinse \u00een toate c\u0103r\u021bile Noului Mesaj, v\u0103 rug\u0103m s\u0103 vizita\u021bi www.NewMessage.org\/experience (\u00een englez\u0103). \u00cenregistr\u0103rile audio originale ale Vocii sunt puse acum la dispozi\u021bia tuturor oamenilor. <\/p>\n<p>Fie s\u0103 prime\u0219ti darul Revela\u021biei \u0219i fii deschis s\u0103 prime\u0219ti Mesajul s\u0103u puternic pentru tine \u0219i pentru via\u021ba ta.<\/p>\n","protected":false},"excerpt":{"rendered":"<p>Textele Noului Mesaj de la Dumnezeu au fost rostite ini\u021bial de Vocea Mul\u021bimii Angelice prin Mesagerul Marshall Vian Summers. Acest proces al Revela\u021biei Divine are loc din 1983. Revela\u021bia continu\u0103 \u0219i \u00een ziua de azi. Aici, comunicarea original\u0103 a lui Dumnezeu, care exist\u0103 dincolo de cuvinte, este tradus\u0103 \u00een limba \u0219i \u00een\u021belegerea uman\u0103 de c\u0103tre\u2026 <a class=\"read-more\" href=\"https:\/\/www.v6.newmessage.org\/ro\/mesajul\/despre-procesul-revelatiei\/\"><span>Read More<\/span><\/a><\/p>\n","protected":false},"author":8,"featured_media":0,"parent":26942,"menu_order":0,"comment_status":"closed","ping_status":"closed","template":"template-leftsidebar.php","meta":{"_monsterinsights_skip_tracking":false,"_monsterinsights_sitenote_active":false,"_monsterinsights_sitenote_note":"","_monsterinsights_sitenote_category":0,"footnotes":""},"categories":[1],"tags":[723,722],"_links":{"self":[{"href":"https:\/\/www.v6.newmessage.org\/ro\/wp-json\/wp\/v2\/pages\/27569"}],"collection":[{"href":"https:\/\/www.v6.newmessage.org\/ro\/wp-json\/wp\/v2\/pages"}],"about":[{"href":"https:\/\/www.v6.newmessage.org\/ro\/wp-json\/wp\/v2\/types\/page"}],"author":[{"embeddable":true,"href":"https:\/\/www.v6.newmessage.org\/ro\/wp-json\/wp\/v2\/users\/8"}],"replies":[{"embeddable":true,"href":"https:\/\/www.v6.newmessage.org\/ro\/wp-json\/wp\/v2\/comments?post=27569"}],"version-history":[{"count":5,"href":"https:\/\/www.v6.newmessage.org\/ro\/wp-json\/wp\/v2\/pages\/27569\/revisions"}],"predecessor-version":[{"id":27804,"href":"https:\/\/www.v6.newmessage.org\/ro\/wp-json\/wp\/v2\/pages\/27569\/revisions\/27804"}],"up":[{"embeddable":true,"href":"https:\/\/www.v6.newmessage.org\/ro\/wp-json\/wp\/v2\/pages\/26942"}],"wp:attachment":[{"href":"https:\/\/www.v6.newmessage.org\/ro\/wp-json\/wp\/v2\/media?parent=27569"}],"wp:term":[{"taxonomy":"category","embeddable":true,"href":"https:\/\/www.v6.newmessage.org\/ro\/wp-json\/wp\/v2\/categories?post=27569"},{"taxonomy":"post_tag","embeddable":true,"href":"https:\/\/www.v6.newmessage.org\/ro\/wp-json\/wp\/v2\/tags?post=27569"}],"curies":[{"name":"wp","href":"https:\/\/api.w.org\/{rel}","templated":true}]}}