{"id":27491,"date":"2017-10-11T08:34:58","date_gmt":"2017-10-11T08:34:58","guid":{"rendered":"http:\/\/www.newmessage.org\/romanian-international\/?page_id=27491"},"modified":"2025-06-26T23:25:52","modified_gmt":"2025-06-26T23:25:52","slug":"meditatia-de-noapte","status":"publish","type":"page","link":"https:\/\/www.v6.newmessage.org\/ro\/mesajul\/alte-revelatii\/meditatia-de-noapte\/","title":{"rendered":"Medita\u021bia de Noapte"},"content":{"rendered":"<div><!-- Version 3.2 (aka The Sacred Experience) --><\/div>\n\n<div class=\"tabgroup \"><ul class=\"tabs\"><li><a href=\"#tabs-1\">Ascult\u0103<\/a><\/li>\n<li><a href=\"#tabs-2\">Not\u0103<\/a><\/li><\/ul>\n <div id=\"tabs-1\"><\/p>\n<p>Ascult\u0103 revela\u021bia original\u0103 rostit\u0103 \u00een englez\u0103:<\/p>\n<div id=\"jquery_jplayer_1\" class=\"jp-jplayer\"><\/div>\n\t\t\t\t<div id=\"jp_container_1\" class=\"jp-audio\">\n\t\t\t\t<div class=\"jp-type-single\"><div class=\"jp-control\"><a href=\"javascript:;\" class=\"jp-play\" tabindex=\"1\">play<\/a><a href=\"javascript:;\" class=\"jp-pause\" tabindex=\"1\">pause<\/a><\/div> <div class=\"jp-gui jp-interface\"><div class=\"jp-volume\"><div class=\"jp-volume-bar\"><div class=\"jp-volume-bar-value\"><\/div><\/div><\/div><div class=\"jp-progress\"><div class=\"jp-seek-bar\"><div class=\"jp-play-bar\"><\/div><\/div><\/div><\/div>\t\t\t\t\t<div class=\"jp-no-solution\"><span>Update Required<\/span>To play the media you will need to either update your browser to a recent version or update your <a href=\"http:\/\/get.adobe.com\/flashplayer\/\" target=\"_blank\">Flash plugin<\/a>.<\/div><\/div><\/div>\n\t\t\t<script type='text\/javascript'>\n\t\t\t\tjQuery(document).ready(function() {\n\t\t\t\t\tif (typeof (sermonMedia) == 'function') {\n\t\t\t\t\t\tsermonMedia.addAudio('', \"jquery_jplayer_1\");\n\t\t\t\t\t}\n\t\t\t\t\tjQuery.jPlayer.timeFormat.showHour = true;\n\t\t\t\t\tjQuery(\"#jquery_jplayer_1\").jPlayer({\n\t\t\t\t\t\tready: function(event) {\n\t\t\t\t\t\t\tjQuery(this).jPlayer(\"setMedia\", {mp3: 'https:\/\/newmessage.org\/av\/the-night-meditation.mp3'});\n\t\t\t\t\t\t},\n\t\t\t\t\t\tplay: function() {\n\t\t\t\t\t\t\tjQuery(this).jPlayer(\"pauseOthers\");\n\t\t\t\t\t\t},\n\t\t\t\t\t\tswfPath: ThemeData.directory_uri+\"\/swf\",\n\t\t\t\t\t\tsolution: \"html, flash\",\n\t\t\t\t\t\tpreload: \"metadata\",\n\t\t\t\t\t\twmode: \"window\",\n\t\t\t\t\t\tsupplied: \"mp3\",\n\t\t\t\t\t\tcssSelectorAncestor: '#jp_container_1'\n\t\t\t\t\t});\n\t\t\t\t});\n\t\t\t<\/script><\/p>\n<p><a title=\"The Night Meditation\" href=\"\/av\/the-night-meditation.mp3\">Descarc\u0103<\/a> (click dreapta pentru a desc\u0103rca)<\/p>\n<p><a title=\"The Night Meditation\" href=\"\/\/www.newmessage.org\/av\/nightmeditation.htm\"> Vizioneaz\u0103 <\/a><\/p>\n<p class=\"revelation_details\"><em> Dup\u0103 cum i-a fost dezv\u0103luit<br \/>\nMesagerului lui Dumnezeu<br \/>\nMarshall Vian Summers<br \/>\npe 8 Aprilie 2011<br \/>\nin Boulder, Colorado<\/em><\/p>\n<div class=\"toggle toggle-white\"><h4 class=\"trigger \"><span class=\"t_ico\"><\/span><a href=\"#\">Despre aceast\u0103 \u00eenregistrare<\/a><\/h4><div class=\"toggle_container \"><br \/>\n<div id=\"yui_3_16_0_ym19_1_1467955126517_3327\" dir=\"ltr\"><span id=\"yui_3_16_0_ym19_1_1467955126517_3177\"><span id=\"yui_3_16_0_ym19_1_1467955126517_3178\">Ceea ce auzi\u021bi \u00een aceast\u0103 \u00eenregistrare audio este vocea Mul\u021bimii Angelice vorbind prin Mesagerul Marshall Vian Summers.<br \/>\n<\/span><\/span><\/div>\n<div dir=\"ltr\"><span id=\"yui_3_16_0_ym19_1_1467955126517_3177\"><span id=\"yui_3_16_0_ym19_1_1467955126517_3178\">\u00a0<\/span><\/span><\/div>\n<div id=\"yui_3_16_0_ym19_1_1467955126517_3359\" dir=\"ltr\"><span id=\"yui_3_16_0_ym19_1_1467955126517_3177\"><span id=\"yui_3_16_0_ym19_1_1467955126517_3178\"> Aici, comunicarea original\u0103 a lui Dumnezeu, care exist\u0103 dincolo de cuvinte, este tradus\u0103 \u00een limba \u0219i \u00een\u021belegerea uman\u0103 de c\u0103tre Mul\u021bimea Angelic\u0103 ce vegheaz\u0103 asupra lumii. Apoi, Mul\u021bimea transmite Mesajul Domnului prin Mesager.<br \/>\n<\/span><\/span><\/div>\n<div id=\"yui_3_16_0_ym19_1_1467955126517_3369\" dir=\"ltr\"><span id=\"yui_3_16_0_ym19_1_1467955126517_3177\"><span id=\"yui_3_16_0_ym19_1_1467955126517_3178\">\u00a0<\/span><\/span><\/div>\n<div id=\"yui_3_16_0_ym19_1_1467955126517_3370\" dir=\"ltr\"><span id=\"yui_3_16_0_ym19_1_1467955126517_3177\"><span id=\"yui_3_16_0_ym19_1_1467955126517_3178\">\u00cen acest proces remarcabil, Vocea Revela\u021biei vorbe\u0219te din nou. Cuv\u00e2ntul \u0219i Sunetul se afl\u0103 pe p\u0103m\u00e2nt. Pentru prima oar\u0103 \u00een istorie, \u00eenregistrarea revela\u021biei originale rostite v\u0103 este oferit\u0103 \u021bie \u0219i lumii pentru a o experimenta.<br \/>\n<\/span><\/span><\/div>\n<div id=\"yui_3_16_0_ym19_1_1467955126517_3436\" dir=\"ltr\"><span id=\"yui_3_16_0_ym19_1_1467955126517_3177\"><span id=\"yui_3_16_0_ym19_1_1467955126517_3178\">\u00a0<\/span><\/span><\/div>\n<div id=\"yui_3_16_0_ym19_1_1467955126517_3435\" dir=\"ltr\"><span id=\"yui_3_16_0_ym19_1_1467955126517_3177\"><span id=\"yui_3_16_0_ym19_1_1467955126517_3178\">Fie s\u0103 prime\u0219ti acest dar al Revela\u021biei \u0219i fie s\u0103 te deschizi la primirea Mesajului s\u0103u unic pentru tine \u0219i pentru via\u021ba ta.<\/span><\/span><\/div>\n<br \/>\n<\/div><\/div>\n<p><\/div>\n<div id=\"tabs-2\"><br \/>\n<em>Not\u0103 cititorului:<br \/>\nAceast\u0103 traducere i-a fost furnizat\u0103 organiza\u021biei The Society de c\u0103tre studen\u021bii Noului Mesaj, care s-au oferit \u00een mod voluntar s\u0103 traduc\u0103 textul original din englez\u0103. Noi punem la dispozi\u021bie aceast\u0103 traducere \u00een forma ei timpurie ca oamenii s\u0103 aib\u0103 \u0219ansa de a experimenta o parte din Noul Mesaj \u00een propria limb\u0103.<\/em><br \/>\n<\/div>\n\t\t\t\t<div align=\"right\">\n\t\t\t<div class=\"fb-like\" data-href=\"\" data-layout=\"button_count\" data-action=\"like\" data-show-faces=\"false\" data-share=\"false\"><\/div>\n\t\t\t<div class=\"fb-share-button\" data-layout=\"button_count\"> <\/div>\n\t\t\t<div class=\"fb_iframe_widget\"><a href=\"https:\/\/twitter.com\/godsnewmessage?ref_src=twsrc%5Etfw\" class=\"twitter-follow-button\" data-show-count=\"false\">Follow @godsnewmessage<\/a><script async src=\"https:\/\/platform.twitter.com\/widgets.js\" charset=\"utf-8\"><\/script><\/div>\n\t\t\t<\/div> <\/div> \n\n<p>Apropie-te de Puterea \u0219i Prezen\u021ba din\u0103untrul t\u0103u. Este at\u00e2t de aproape, dac\u0103 doar \u021bi-ai l\u0103sa g\u00e2ndurile s\u0103 se lini\u0219teasc\u0103.<\/p>\n<p>Prezen\u021ba este aici. Este cu tine. Este mereu cu tine, c\u0103ci nu po\u021bi sc\u0103pa de Originea ta \u0219i de realitatea vie\u021bii.<\/p>\n<p>Creatorul este cu tine, \u00eempreun\u0103 cu Prezen\u021ba. Intr\u0103 \u00een aceast\u0103 Prezen\u021b\u0103. Intr\u0103 \u00een aceast\u0103 Putere. Ia-\u021bi un r\u0103gaz aici. Fii \u00eemp\u0103cat \u00een acest loc. G\u0103se\u0219te pace \u0219i t\u0103rie \u00een acest loc, c\u0103ci aceast\u0103 Prezen\u021b\u0103 nu este amenin\u021bat\u0103 de lume \u0219i nu poate fi distrus\u0103.<\/p>\n<p>Este invulnerabil\u0103, iar pe m\u0103sur\u0103 ce te apropii de ea \u00een experien\u021ba ta, invulnerabilitatea sa va \u00eencepe s\u0103 te \u00eent\u0103reasc\u0103, s\u0103 te fortifice \u0219i s\u0103 te preg\u0103teasc\u0103.<\/p>\n<p>\u00cen vreme ce lucrurile sunt t\u0103cute, vino la ceea ce este invulnerabil. Nu este intelectul t\u0103u. Nu este corpul t\u0103u fizic. Este izvorul \u0219i centrul Fiin\u021bei tale. Este partea din tine care nu l-a p\u0103r\u0103sit pe Dumnezeu niciodat\u0103.<\/p>\n<p>Intr\u0103 \u00een aceast\u0103 Prezen\u021b\u0103 \u0219i aceast\u0103 Putere. Las-o s\u0103 \u00ee\u021bi re\u00eemprosp\u0103teze mintea. Las-o s\u0103 \u00ee\u021bi dea libertate \u0219i r\u0103gaz de la \u00eengrijor\u0103ri \u0219i analiz\u0103 constant\u0103. C\u0103ci atunci c\u00e2nd e\u0219ti cu Prezen\u021ba, nu e nevoie s\u0103 te \u00eengrijorezi.<\/p>\n<p>Dumnezeu te cheam\u0103 s\u0103 fii de ajutor pe p\u0103m\u00e2nt, iar acesta este motivul pentru care ai venit. Dumnezeu, de asemenea, \u021bi-a oferit Prezen\u021ba.<\/p>\n<p>\u00cen vreme ce lucrurile sunt t\u0103cute, vino \u00een aceast\u0103 Prezen\u021b\u0103 ca s\u0103 po\u021bi fi puternic \u0219i limpede c\u00e2nd lucrurile nu sunt t\u0103cute. \u00cen fa\u021ba turbulen\u021belor, dificult\u0103\u021bilor, situa\u021biilor de conflict \u0219i activit\u0103\u021bilor, s\u0103-\u021bi po\u021bi aminti Prezen\u021ba.<\/p>\n<p>\u00cen orele lini\u0219tite ale nop\u021bii, las\u0103-\u021bi mintea s\u0103 fie t\u0103cut\u0103 \u0219i s\u0103 fie \u00een Prezen\u021b\u0103. \u00ce\u021bi va oferi mai mult\u0103 odihn\u0103 dec\u00e2t somnul. Dac\u0103 te treze\u0219ti \u00een noapte, vino la ceea ce este invulnerabil.<\/p>\n<p>C\u00e2nd abia te treze\u0219ti diminea\u021ba, \u00eenainte s\u0103 te implici \u00een lucruri, prinde aceste momente s\u0103 fii cu Prezen\u021ba. G\u00e2nde\u0219te-te la ea. Simte-o \u00een atmosfera camerei. Ascult-o. Las\u0103-\u021bi mintea s\u0103 fie t\u0103cut\u0103. Las\u0103-\u021bi mintea concentrat\u0103 \u00een ascultare.<\/p>\n<p>C\u00e2nd ai atins momentul descoperirii, c\u00e2nd \u00eencepi s\u0103-\u021bi descoperi lucrarea mai mare pe p\u0103m\u00e2nt, vei avea nevoie de puterea acestei Prezen\u021be s\u0103 \u00ee\u021bi ofere t\u0103rie \u0219i \u00eencredere. Vei avea nevoie de r\u0103gazul s\u0103u, pacea sa, profunzimea sa \u0219i puterea rela\u021biei sale cu tine. \u00ce\u021bi va da curaj \u0219i o determinare superioar\u0103.<\/p>\n<p>Simte Prezen\u021ba. G\u00e2nde\u0219te-te la Prezen\u021b\u0103. Sesizeaz\u0103 Prezen\u021ba. Folose\u0219te minunatul instrument al min\u021bii tale \u0219i al corpului t\u0103u s\u0103 devii receptiv la Prezen\u021b\u0103.<\/p>\n<p>E\u0219ti \u00een rela\u021bie cu invulnerabilul, ceea ce \u00eenseamn\u0103 c\u0103 ai o permanen\u021b\u0103 superioar\u0103 dincolo de sfera intelectului, care este preocupat de lucrurile p\u0103m\u00e2nte\u0219ti \u00een primul r\u00e2nd, \u0219i dincolo de corpul t\u0103u fizic, care este un mijloc prin care te afli \u00een acest loc.<\/p>\n<p>Ai venit din alt\u0103 realitate \u00een aceast\u0103 lume. \u0218i te vei \u00eentoarce \u00een acea realitate ca s\u0103-\u021bi a\u0219tep\u021bi urm\u0103toarea sarcin\u0103.<\/p>\n<p>Este \u00een \u00eentregime misterioas\u0103 \u0219i dincolo de imagina\u021bia ta pentru c\u0103 este o realitate diferit\u0103, iar imagina\u021bia nu-\u021bi poate func\u021biona dec\u00e2t \u00een limitele lucrurilor pe care sim\u021burile tale le raporteaz\u0103 aici pe P\u0103m\u00e2nt. Numai cele mai str\u0103vechi dintre memoriile tale \u00ee\u021bi pot oferi o senza\u021bie, o \u00eenclina\u021bie, c\u0103tre Prezen\u021b\u0103.<\/p>\n<p>\u00cen\u0103untrul Prezen\u021bei, exist\u0103 glasuri. Exist\u0103 rela\u021bii. Este Familia ta Spiritual\u0103. Sunt memoriile str\u0103vechi. Este o realitate superioar\u0103. Este o permanen\u021b\u0103. Este invulnerabilul.<\/p>\n<p>Nu vei tr\u0103i acest lucru \u00een fiecare moment pentru c\u0103 atrac\u021bia este prea mare. \u00ce\u021bi poate distruge capacitatea de a fi \u00een lume dac\u0103 \u021bi s-ar oferi prea mult din aceast\u0103 experien\u021b\u0103, numai suficient c\u00e2t s\u0103 \u00ee\u021bi ofere curajul \u0219i t\u0103ria de a urma calea pe care trebuie s-o urmezi aici \u00eentr-o lume dificil\u0103.<\/p>\n<p>Nu vei intra \u00een contact cu Familia ta Spiritual\u0103, dec\u00e2t din c\u00e2nd \u00een c\u00e2nd, ca s\u0103 po\u021bi r\u0103m\u00e2ne concentrat pe scopul t\u0103u de aici \u0219i pe rela\u021biile tale de aici.<\/p>\n<p>Nu-i vei sim\u021bi pe \u00cenv\u0103\u021b\u0103torii t\u0103i dec\u00e2t foarte rar. Iar \u00een majoritatea cazurilor, nu \u021bi se vor dezv\u0103lui pentru c\u0103 rela\u021biile tale de pe p\u0103m\u00e2nt sunt cele pe care trebuie s\u0103 te concentrezi \u2013 construindu-\u021bi alian\u021bele aici, g\u0103sindu-\u021bi alia\u021bii de aici, g\u0103sindu-i pe cei care vor fi importan\u021bi \u0219i care sunt meni\u021bi s\u0103 fac\u0103 parte din lucrarea \u0219i misiunea ta mai mare de aici.<\/p>\n<p>Aici Prezen\u021ba serve\u0219te ca o reamintire a motivului pentru care ai venit \u0219i a puterii Cunoa\u0219terii pe care ai adus-o cu tine.<\/p>\n<p>Intr\u0103 \u00een Prezen\u021b\u0103. Ascult\u0103-Ne Glasul. Nu este Glasul unui individ ci Glasul unei asocieri superioare. Ascult\u0103-Ne cuvintele. \u021ai le punem la dispozi\u021bie.<\/p>\n<p>Las\u0103 puterea acestor cuvinte s\u0103 \u00ee\u021bi re\u00eemprosp\u0103teze mintea, l\u0103s\u00e2ndu-\u021bi \u00eentreb\u0103rile deoparte, pun\u00e2ndu-\u021bi nevoile deoparte, pun\u00e2ndu-\u021bi temerile \u0219i grijile deoparte pentru acest moment de leg\u0103tur\u0103 pre\u021bioas\u0103.<\/p>\n<p>Las\u0103 toate lucrurile s\u0103 fie cum sunt. Las\u0103 via\u021ba de pe p\u0103m\u00e2nt s\u0103 fie cum este. Las\u0103-\u021bi via\u021ba s\u0103 fie a\u0219a cum este pentru aceste momente de r\u0103gaz.<\/p>\n<p>Nu sunt probleme de rezolvat, niciun plan de f\u0103cut, nicio amintire de luat \u00een considerare, nicio persoan\u0103 de mul\u021bumit.<\/p>\n<p>Nu trebuie dec\u00e2t s\u0103 fii cu Prezen\u021ba. Nu trebuie s\u0103 \u00eei pui \u00eentreb\u0103ri. Nu trebuie s\u0103 \u00eei spui lucruri dec\u00e2t dac\u0103 sim\u021bi c\u0103 trebuie. \u0218i dac\u0103 e a\u0219a, atunci este \u00een regul\u0103. \u00ce\u021bi po\u021bi \u00eemp\u0103rt\u0103\u0219i g\u00e2ndurile, frustr\u0103rile, totul, cu Prezen\u021ba, \u0219i va fi doar Prezen\u021ba p\u00e2n\u0103 c\u00e2nd mintea \u00ee\u021bi devine t\u0103cut\u0103 din nou.<\/p>\n<p>Te po\u021bi chiar \u0219i pl\u00e2nge Prezen\u021bei. Ea nu te va judeca.<\/p>\n<p>Doar continu\u0103 s\u0103 te deschizi. Permite-i min\u021bii tale s\u0103 vorbeasc\u0103 ce trebuie s\u0103 vorbeasc\u0103. Dar apoi va deveni t\u0103cut\u0103 din nou, c\u0103ci Prezen\u021ba nu intr\u0103 \u00een conversa\u021bie. Invulnerabilul nu se \u00eengrijoreaz\u0103. Este aici doar pentru tine \u00een acest moment pre\u021bios, momente pre\u021bioase de participare sf\u00e2nt\u0103.<\/p>\n<p>Las\u0103 totul s\u0103 fie a\u0219a cum este. Dumnezeu las\u0103 totul s\u0103 fie a\u0219a cum este.<\/p>\n<p>Este Voin\u021ba lui Dumnezeu cea care mi\u0219c\u0103 lucrurile s\u0103 se schimbe \u0219i s\u0103 se \u00eembun\u0103t\u0103\u021beasc\u0103, s\u0103 devin\u0103 ref\u0103cute \u0219i re\u00eennoite. Este deja \u00een mi\u0219care. Nu e nevoie s\u0103 o creezi. A fost creat\u0103.<\/p>\n<p>Este omniprezent\u0103. Este aici \u00een aceast\u0103 lume. Este \u00een alte lumi. De-ar fi s\u0103 te afli \u00een spa\u021biu undeva pe o nav\u0103, ar fi \u0219i acolo. Ar fi \u00een\u0103untrul t\u0103u \u0219i \u00een jurul t\u0103u.<\/p>\n<p>Chiar dac\u0103 te-ai afla departe de orice planet\u0103 \u00een c\u0103l\u0103toriile tale, Prezen\u021ba ar fi accesibil\u0103. Chiar dac\u0103 ai fi departe de cas\u0103, chiar dac\u0103 ai fi \u00eentr-o lume extraterestr\u0103, un loc foarte str\u0103in, Prezen\u021ba ar fi acolo.<\/p>\n<p>\u021ai se ofer\u0103 aceste lic\u0103riri \u0219i aceste momente sfinte c\u0103 s\u0103 te refaci \u0219i s\u0103 reiei leg\u0103tura cu Originea ta.<\/p>\n<p>Nu e nevoie s\u0103 crezi. Nu e nevoie s\u0103 urmezi re\u021beta religiei pe care o ai \u00een aceste momente. Nu e nevoie s\u0103 te compor\u021bi \u00eentr-un mod anume, c\u0103ci \u00een momentul sf\u00e2nt, nu trebuie dec\u00e2t s\u0103 fii prezent, deschis s\u0103 prime\u0219ti, deschis la rela\u021bie.<\/p>\n<p>La \u00eenceput, vei fi speriat, nelini\u0219tit, agitat, \u0219i nu vei putea sim\u021bi Prezen\u021ba dec\u00e2t pentru c\u00e2teva momente. Dar pe m\u0103sur\u0103 ce revii, vei putea s\u0103 r\u0103m\u00e2i cu Prezen\u021ba pu\u021bin mai mult cu fiecare pas \u00eenainte. Pe m\u0103sur\u0103 ce reu\u0219e\u0219ti s\u0103 te lini\u0219te\u0219ti \u0219i s\u0103 te eliberezi de starea de spirit \u00eengrijorat\u0103 \u0219i nesigur\u0103, vei putea s\u0103 r\u0103m\u00e2i cu Prezen\u021ba.<\/p>\n<p>Prezen\u021ba \u021bi se va d\u0103rui, va fuziona cu tine. Este o \u00eent\u00e2lnire sf\u00e2nt\u0103, care s\u0103 nu fie discutat\u0103 cu alte persoane, care s\u0103 nu fie analizat\u0103 ca apoi s\u0103 faci presupuneri \u00een privin\u021ba ei, ci s\u0103 fie profund respectat\u0103 f\u0103r\u0103 judec\u0103\u021bi \u0219i evalu\u0103ri.<\/p>\n<p>Este un dar incomparabil chiar \u0219i pentru un moment.<\/p>\n<p>\u00cen vreme ce lucrurile sunt t\u0103cute, poate fi mai u\u0219or. C\u00e2nd marele ora\u0219 doarme \u0219i restul oamenilor nu se afl\u0103 \u00een stare de veghe, poate fi mai u\u0219or.<\/p>\n<p>Este \u00eent\u00e2lnirea ta cea sf\u00e2nt\u0103. Fii cu Noi. Fii cu Ea. Suntem cu to\u021bii \u00een leg\u0103tur\u0103 \u00een Prezen\u021b\u0103.<\/p>\n<p>Aici, sim\u021bi o parte diferit\u0103 a naturii \u0219i a realit\u0103\u021bii tale pe care nu o po\u021bi g\u0103si \u00een lume, dec\u00e2t \u00een momentele de ac\u021biune altruist\u0103 \u00een care tr\u0103ie\u0219ti Gra\u021bia, \u00een momente de recuno\u0219tin\u021b\u0103 \u0219i de recunoa\u0219tere a altor persoane, \u00een care tr\u0103ie\u0219ti Gra\u021bia.<\/p>\n<p>A\u0219a arat\u0103 Gra\u021bia \u2013 este o experien\u021b\u0103, nu o idee, nu un concept, nu o convingere. Este aceasta. Vino s\u0103 fii cu Noi. De\u0219i Noi tr\u0103im \u00een Prezen\u021b\u0103, tu tr\u0103ie\u0219ti \u00een afara Prezen\u021bei, dar Prezen\u021ba \u00ee\u021bi este al\u0103turi.<\/p>\n<p>Hai, vino. Vino \u0219i las\u0103-\u021bi mintea s\u0103 fie deschis\u0103 \u0219i liber\u0103. Las\u0103-\u021bi inima s\u0103 fie hr\u0103nit\u0103. Las\u0103-\u021bi via\u021ba s\u0103 se re\u00eennoiasc\u0103 \u0219i s\u0103 se regenereze pentru a te putea \u00eentoarce la munca \u0219i implic\u0103rile tale \u00een lumea exterioar\u0103.<\/p>\n<p>Fii aici acum. Adu-te la ea. Recheam\u0103-te la ea.<\/p>\n<p>Prime\u0219te-o, c\u0103ci e\u0219ti vrednic s\u0103 o prime\u0219ti. Indiferent de ceea ce ai f\u0103cut sau nu ai f\u0103cut \u00een via\u021ba ta, e\u0219ti vrednic s\u0103 prime\u0219ti Gra\u021bia.<\/p>\n<p>Hot\u0103r\u00e2rea vredniciei tale sau a valorii tale nu depinde de tine. Nu \u00ee\u021bi cuno\u0219ti \u00eenc\u0103 valoarea real\u0103, rostul t\u0103u mai mare de pe p\u0103m\u00e2nt.<\/p>\n<p>Acesta este darul pentru tine. A\u0219a te regenereaz\u0103 Dumnezeu f\u0103r\u0103 s\u0103 te cople\u0219easc\u0103.<\/p>\n<p>A\u0219a ia Dumnezeu leg\u0103tura cu tine f\u0103r\u0103 s\u0103 creeze confuzie mare.<\/p>\n<p>A\u0219a te hr\u0103ne\u0219te Dumnezeu.<\/p>\n<p>Ai nevoie de aceast\u0103 hran\u0103 acum.<\/p>\n<p>\u0218tii c\u0103 este adev\u0103rat.<\/p>\n<p>Vino s\u0103 fii cu Gra\u021bia.<\/p>\n<p>Mavran, Mavran, Couria Sy.<br \/>\nOntaya Lok No.<\/p>\n<p>Las\u0103 limba str\u0103veche a lumii l\u0103untrice s\u0103 te fac\u0103 s\u0103 rezonezi \u0219i s\u0103 ro\u0219e\u0219ti.<\/p>\n<p>Las-o s\u0103 te loveasc\u0103 ca \u0219i cum ai fi un clopot \u0219i ea ar fi \u2013 r\u0103sunat \u00een tine cu bl\u00e2nde\u021be. Las-o s\u0103 te str\u0103bat\u0103 precum v\u00e2ntul prin boabele de gr\u00e2u.<\/p>\n<p>Fii at\u00e2t de deschis la Gra\u021bie, ca atunci c\u00e2nd te \u00eentorci la lumea exterioar\u0103, aceast\u0103 Gra\u021bie s\u0103 poat\u0103 trece prin tine spre al\u021bii care o cheam\u0103, care o caut\u0103 \u0219i o doresc.<\/p>\n<p>\u00cen vreme ce lucrurile sunt t\u0103cute \u00een orele lini\u0219tite ale nop\u021bii, vino s\u0103 fii cu Prezen\u021ba.<\/p>\n<p>Aceasta este medita\u021bia ta de noapte \u2013 nimic de c\u0103utat, nimic de c\u00e2\u0219tigat, nimic de controlat, nicio problem\u0103 de rezolvat. Doar s\u0103 fii cu Prezen\u021ba este de ajuns.<\/p>\n<p>C\u00e2nd ai terminat, \u00eentoarce-te, mergi s\u0103 te odihne\u0219ti, mergi s\u0103 faci orice ar fi necesar. Dar nu face presupuneri, nu evalua \u0219i nu vorbi despre aceast\u0103 experien\u021b\u0103 sf\u00e2nt\u0103 cu alte persoane.<\/p>\n<p>Las-o s\u0103 creasc\u0103 \u00een tine precum o s\u0103m\u00e2n\u021b\u0103 ad\u00e2nc \u00een p\u0103m\u00e2nt. Las-o s\u0103 aib\u0103 propria via\u021b\u0103 \u00een interiorul t\u0103u. Las-o s\u0103 fie hr\u0103nit\u0103 de reveren\u021ba \u0219i discre\u021bia ta. N-o \u00eemp\u0103rt\u0103\u0219i dec\u00e2t cu cel mai apropiat aliat, iar asta numai rareori.<\/p>\n<p>Lumea nu va recunoa\u0219te a\u0219a ceva. Al\u021bi oameni vor fi orbi \u0219i nes\u0103bui\u021bi. Recunoa\u0219te acest lucru.<\/p>\n<p>\u00cen lume, trebuie s\u0103 fii limpede. Trebuie s\u0103 ai discern\u0103m\u00e2nt \u0219i discre\u021bie. Dar cu Prezen\u021ba \u00een experien\u021ba sf\u00e2nt\u0103, te po\u021bi deschide \u00een \u00eentregime.<\/p>\n<p>Ceea ce este sf\u00e2nt nu are form\u0103. Nu este o carte. Nu este un loc. Nu este un idol. Nu este un obiect. Nu este o poveste.<\/p>\n<p>Aceste lucruri te pot chema c\u0103tre o experien\u021b\u0103 mai mare, dar ceea ce este sf\u00e2nt se afl\u0103 dincolo de ele. Se afl\u0103 dincolo de \u00een\u021belegere. Se afl\u0103 dincolo de sim\u021buri. Se afl\u0103 dincolo de convingeri.<\/p>\n<p>Este ceea ce exist\u0103 \u00eenainte \u0219i dup\u0103 via\u021ba ta de pe p\u0103m\u00e2nt \u0219i \u00een fiecare moment c\u00e2t e\u0219ti aici.<\/p>\n<p>P\u0103streaz\u0103 sf\u00e2nta experien\u021b\u0103, sf\u00e2nt\u0103. Las-o s\u0103 fie o flac\u0103r\u0103 \u00een inima ta. Permite-i s\u0103 te mi\u0219te \u00een anumite perioade s\u0103 spui anumite lucruri sau s\u0103 faci anumite lucruri.<\/p>\n<p>Fii receptiv la \u00eendrumarea sa \u0219i fiind a\u0219a, aminte\u0219te-\u021bi experien\u021ba sf\u00e2nt\u0103 care te-a ini\u021biat \u00eentr-o via\u021b\u0103 mai mare.<\/p>\n","protected":false},"excerpt":{"rendered":"<p>Apropie-te de Puterea \u0219i Prezen\u021ba din\u0103untrul t\u0103u. Este at\u00e2t de aproape, dac\u0103 doar \u021bi-ai l\u0103sa g\u00e2ndurile s\u0103 se lini\u0219teasc\u0103. Prezen\u021ba este aici. Este cu tine. Este mereu cu tine, c\u0103ci nu po\u021bi sc\u0103pa de Originea ta \u0219i de realitatea vie\u021bii. Creatorul este cu tine, \u00eempreun\u0103 cu Prezen\u021ba. Intr\u0103 \u00een aceast\u0103 Prezen\u021b\u0103. Intr\u0103 \u00een aceast\u0103 Putere.\u2026 <a class=\"read-more\" href=\"https:\/\/www.v6.newmessage.org\/ro\/about-recording-shortcode\/\"><span>Read More<\/span><\/a><\/p>\n","protected":false},"author":8,"featured_media":0,"parent":16358,"menu_order":0,"comment_status":"closed","ping_status":"closed","template":"template-leftsidebar.php","meta":{"_monsterinsights_skip_tracking":false,"_monsterinsights_sitenote_active":false,"_monsterinsights_sitenote_note":"","_monsterinsights_sitenote_category":0,"footnotes":""},"categories":[501,76],"tags":[718,650,616,385],"_links":{"self":[{"href":"https:\/\/www.v6.newmessage.org\/ro\/wp-json\/wp\/v2\/pages\/27491"}],"collection":[{"href":"https:\/\/www.v6.newmessage.org\/ro\/wp-json\/wp\/v2\/pages"}],"about":[{"href":"https:\/\/www.v6.newmessage.org\/ro\/wp-json\/wp\/v2\/types\/page"}],"author":[{"embeddable":true,"href":"https:\/\/www.v6.newmessage.org\/ro\/wp-json\/wp\/v2\/users\/8"}],"replies":[{"embeddable":true,"href":"https:\/\/www.v6.newmessage.org\/ro\/wp-json\/wp\/v2\/comments?post=27491"}],"version-history":[{"count":2,"href":"https:\/\/www.v6.newmessage.org\/ro\/wp-json\/wp\/v2\/pages\/27491\/revisions"}],"predecessor-version":[{"id":27493,"href":"https:\/\/www.v6.newmessage.org\/ro\/wp-json\/wp\/v2\/pages\/27491\/revisions\/27493"}],"up":[{"embeddable":true,"href":"https:\/\/www.v6.newmessage.org\/ro\/wp-json\/wp\/v2\/pages\/16358"}],"wp:attachment":[{"href":"https:\/\/www.v6.newmessage.org\/ro\/wp-json\/wp\/v2\/media?parent=27491"}],"wp:term":[{"taxonomy":"category","embeddable":true,"href":"https:\/\/www.v6.newmessage.org\/ro\/wp-json\/wp\/v2\/categories?post=27491"},{"taxonomy":"post_tag","embeddable":true,"href":"https:\/\/www.v6.newmessage.org\/ro\/wp-json\/wp\/v2\/tags?post=27491"}],"curies":[{"name":"wp","href":"https:\/\/api.w.org\/{rel}","templated":true}]}}