{"id":27445,"date":"2017-10-11T03:59:40","date_gmt":"2017-10-11T03:59:40","guid":{"rendered":"http:\/\/www.newmessage.org\/romanian-international\/?page_id=27445"},"modified":"2019-03-27T01:47:01","modified_gmt":"2019-03-27T01:47:01","slug":"lampa","status":"publish","type":"page","link":"https:\/\/www.v6.newmessage.org\/ro\/mesajul\/alte-revelatii\/lampa\/","title":{"rendered":"Lampa"},"content":{"rendered":"<div><!-- Version 3.1 --><\/div>\n\n<div class=\"tabgroup \"><ul class=\"tabs\"><li><a href=\"#tabs-1\">Ascult\u0103<\/a><\/li>\n<li><a href=\"#tabs-2\">Not\u0103<\/a><\/li><\/ul>\n <div id=\"tabs-1\"><\/p>\n<p>Ascult\u0103 revela\u021bia original\u0103 rostit\u0103 \u00een englez\u0103:<\/p>\n<div id=\"jquery_jplayer_1\" class=\"jp-jplayer\"><\/div>\n\t\t\t\t<div id=\"jp_container_1\" class=\"jp-audio\">\n\t\t\t\t<div class=\"jp-type-single\"><div class=\"jp-control\"><a href=\"javascript:;\" class=\"jp-play\" tabindex=\"1\">play<\/a><a href=\"javascript:;\" class=\"jp-pause\" tabindex=\"1\">pause<\/a><\/div> <div class=\"jp-gui jp-interface\"><div class=\"jp-volume\"><div class=\"jp-volume-bar\"><div class=\"jp-volume-bar-value\"><\/div><\/div><\/div><div class=\"jp-progress\"><div class=\"jp-seek-bar\"><div class=\"jp-play-bar\"><\/div><\/div><\/div><\/div>\t\t\t\t\t<div class=\"jp-no-solution\"><span>Update Required<\/span>To play the media you will need to either update your browser to a recent version or update your <a href=\"http:\/\/get.adobe.com\/flashplayer\/\" target=\"_blank\">Flash plugin<\/a>.<\/div><\/div><\/div>\n\t\t\t<script type='text\/javascript'>\n\t\t\t\tjQuery(document).ready(function() {\n\t\t\t\t\tif (typeof (sermonMedia) == 'function') {\n\t\t\t\t\t\tsermonMedia.addAudio('', \"jquery_jplayer_1\");\n\t\t\t\t\t}\n\t\t\t\t\tjQuery.jPlayer.timeFormat.showHour = true;\n\t\t\t\t\tjQuery(\"#jquery_jplayer_1\").jPlayer({\n\t\t\t\t\t\tready: function(event) {\n\t\t\t\t\t\t\tjQuery(this).jPlayer(\"setMedia\", {mp3: 'https:\/\/www.newmessage.org\/av\/the-lamp.mp3'});\n\t\t\t\t\t\t},\n\t\t\t\t\t\tplay: function() {\n\t\t\t\t\t\t\tjQuery(this).jPlayer(\"pauseOthers\");\n\t\t\t\t\t\t},\n\t\t\t\t\t\tswfPath: ThemeData.directory_uri+\"\/swf\",\n\t\t\t\t\t\tsolution: \"html, flash\",\n\t\t\t\t\t\tpreload: \"metadata\",\n\t\t\t\t\t\twmode: \"window\",\n\t\t\t\t\t\tsupplied: \"mp3\",\n\t\t\t\t\t\tcssSelectorAncestor: '#jp_container_1'\n\t\t\t\t\t});\n\t\t\t\t});\n\t\t\t<\/script><\/p>\n<p><a title=\"The Lamp\" href=\"https:\/\/www.newmessage.org\/av\/the-lamp.mp3\">Descarc\u0103<\/a> (click dreapta pentru a desc\u0103rca)<\/p>\n<p class=\"revelation_details\"><em> Dup\u0103 cum i-a fost dezv\u0103luit<br \/>\nMesagerului lui Dumnezeu<br \/>\nMarshall Vian Summers<br \/>\npe 16 februarie, 2014<br \/>\n\u00een Boulder, Colorado <\/em><\/p>\n<p><\/div>\n<div id=\"tabs-2\"><br \/>\n<em>Not\u0103 cititorului:<br \/>\nAceast\u0103 traducere i-a fost furnizat\u0103 organiza\u021biei The Society de c\u0103tre studen\u021bii Noului Mesaj, care s-au oferit \u00een mod voluntar s\u0103 traduc\u0103 textul original din englez\u0103. Noi punem la dispozi\u021bie aceast\u0103 traducere \u00een forma ei timpurie ca oamenii s\u0103 aib\u0103 \u0219ansa de a experimenta o parte din Noul Mesaj \u00een propria limb\u0103.<\/em><br \/>\n<\/div>\n\t\t\t\t<div align=\"right\">\n\t\t\t<div class=\"fb-like\" data-href=\"\" data-layout=\"button_count\" data-action=\"like\" data-show-faces=\"false\" data-share=\"false\"><\/div>\n\t\t\t<div class=\"fb-share-button\" data-layout=\"button_count\"> <\/div>\n\t\t\t<div class=\"fb_iframe_widget\"><a href=\"https:\/\/twitter.com\/godsnewmessage?ref_src=twsrc%5Etfw\" class=\"twitter-follow-button\" data-show-count=\"false\">Follow @godsnewmessage<\/a><script async src=\"https:\/\/platform.twitter.com\/widgets.js\" charset=\"utf-8\"><\/script><\/div>\n\t\t\t<\/div> <\/div> \n\n<p>\u00cen mod sigur por\u021bi o Lamp\u0103 m\u0103rea\u021b\u0103 \u00een\u0103untrul t\u0103u, o Lamp\u0103 mereu \u00eenfl\u0103c\u0103rat\u0103, mereu aprins\u0103, mereu str\u0103lucitoare, c\u0103ci nu poate fi stins\u0103 de nimic \u00een lumea aceasta, o Lamp\u0103, pur\u0103, mereu arz\u00e2nd, vezi tu, mereu luminat\u0103. Era luminat\u0103 \u00een\u0103untrul t\u0103u \u00eenainte s\u0103 vii \u00een aceast\u0103 lume. Va fi luminat\u0103 odat\u0103 ce vei pleca. Este lumina vie\u021bii din tine pe care Dumnezeu \u021bi-a d\u0103ruit-o s\u0103 o ai pentru totdeauna.<\/p>\n<p>\u00cen aceast\u0103 via\u021b\u0103 temporar\u0103, \u00een aceast\u0103 vizit\u0103 pe P\u0103m\u00e2nt, Lampa este ad\u00e2nc \u00een\u0103untrul t\u0103u &#8211; uitat\u0103, acoperit\u0103 de un v\u0103l, a\u0219a c\u0103 atunci c\u00e2nd \u00ee\u021bi \u00eenchizi ochii, este \u00eentuneric \u00een\u0103untru, ca \u0219i cum n-ar exista nimic acolo care s\u0103-\u021bi ilumineze via\u021ba l\u0103untric\u0103. Dar Focul \u00eenc\u0103 arde \u00een\u0103untrul t\u0103u de\u0219i \u00eenc\u0103 nu-l sim\u021bi sau nu-l recuno\u0219ti suficient. Focul este \u00een tine pentru c\u0103 e\u0219ti \u00een via\u021b\u0103.<\/p>\n<p>De unde vine acest lucru, de a fi \u00een via\u021b\u0103, acest Foc? Dac\u0103 ar fi doar focul corpului t\u0103u, ar \u00eenceta odat\u0103 ce via\u021ba ta s-a sf\u00e2r\u0219it, dar acest Foc nu se opre\u0219te. Nu este stins cu pierderea corpului, c\u0103ci atunci c\u00e2nd p\u0103r\u0103se\u0219ti aceast\u0103 lume, este ca \u0219i cum te-ai trezi dintr-un vis foarte lung, \u0219i te \u00eentorci la aceia care te-au trimis. \u0218i \u0219tii c\u0103 ai fost undeva, \u0219i ai anumite amintiri, dar locul \u00een care te vei \u00eentoarce este at\u00e2t de familiar, mult mai familiar dec\u00e2t tot ce-\u021bi po\u021bi aminti aici pe P\u0103m\u00e2nt.<\/p>\n<p>Simte Lampa din\u0103untrul t\u0103u. Dovada sa este c\u0103 e\u0219ti \u00een via\u021b\u0103. Dovada sa este c\u0103 e\u0219ti conectat la ceva cu mult mai mare dec\u00e2t ce-\u021bi pot raporta sim\u021burile. Dovada sa este c\u0103 ad\u00e2nc \u00een\u0103untrul t\u0103u, e\u0219ti aici cu un scop mai mare. Dac\u0103 via\u021ba ta era temporar\u0103 \u00een aceast\u0103 lume, nu ar fi niciun scop mai mare. Singurul t\u0103u scop ar fi s\u0103 supravie\u021buie\u0219ti, s\u0103 fii confortabil \u0219i s\u0103-\u021bi \u00eempline\u0219ti anumite dorin\u021be \u0219i nevoi. Dar acesta este un fel diferit de scop, ini\u021biat \u00eenainte s\u0103 fi venit \u00een lume \u0219i va fi revizuit odat\u0103 ce ai plecat, c\u0103ci aceea este singura Zi a Judec\u0103\u021bii \u00een mod real. Nu exist\u0103 condamnare. Este numai o clarificare, dac\u0103 \u021bi-ai \u00eendeplinit suficient misiunea aici pe P\u0103m\u00e2nt. Nu exist\u0103 niciun Iad sau damnare sau pedeaps\u0103. Dar exist\u0103 o \u00een\u021belegere perfect\u0103 legat\u0103 de ce-a fost realizat \u0219i ce nu a fost realizat.<\/p>\n<p>Scopul t\u0103u mai mare, atunci, nu poate fi real dec\u00e2t dac\u0103 a fost ini\u021biat de dincolo de lume \u0219i dac\u0103 poate fi rev\u0103zut dincolo de lume. Nu-l po\u021bi revedea. E\u0219ti \u00een mijlocul lui. Este ca \u0219i cum ai fi \u00een mijlocul oceanului. Ei bine, nu faci dec\u00e2t s\u0103 te ocupi de toate lucrurile din jurul t\u0103u. Nu ai ajuns pe cel\u0103lalt \u021b\u0103rm. E\u0219ti \u00een deriv\u0103 \u0219i \u00een voia valurilor.<\/p>\n<p>Singura certitudine pe care o ai \u00een via\u021b\u0103 este Lampa. Este singurul lucru ne\u0219ov\u0103itor, neclintit, nealterabil din\u0103untrul t\u0103u. Nu o po\u021bi \u00eendrepta c\u0103tre dorin\u021bele tale sau planurile tale. Nu o po\u021bi folosi pentru a te \u00eembog\u0103\u021bi. Nu o po\u021bi folosi s\u0103 faci miracole sau trucuri pentru a-i impresiona pe al\u021bii. Este dincolo de atingerea ta \u00een aceast\u0103 privin\u021b\u0103. Lampa este cea care trebuie s\u0103 te \u00eendrume, c\u0103ci tu nu o po\u021bi \u00eendruma. Lampa este cea care trebuie s\u0103 te direc\u021bioneze, c\u0103ci tu nu o po\u021bi direc\u021biona. Lampa este cea care te va izb\u0103vi, c\u0103ci nu te po\u021bi izb\u0103vi singur.<\/p>\n<p>\u00cen aceast\u0103 Lamp\u0103 se afl\u0103 Focul Cunoa\u0219terii \u2013 mintea mai ad\u00e2nc\u0103, partea din tine care nu l-a p\u0103r\u0103sit niciodat\u0103 pe Dumnezeu \u0219i care \u00eenc\u0103 este conectat\u0103 la Crea\u021bie dincolo de sfera vizibil\u0103. Fii religios sau nereligios. Crede sau nu crede. Acest lucru nu face dec\u00e2t s\u0103 determine dac\u0103 vei fi capabil s\u0103 recuno\u0219ti puterea care tr\u0103ie\u0219te \u00een\u0103untrul t\u0103u \u0219i s\u0103 urmezi aceast\u0103 putere, s\u0103-i permi\u021bi s\u0103-\u021bi remodeleze via\u021ba \u0219i priorit\u0103\u021bile, s\u0103-i permi\u021bi s\u0103 te elibereze de umbrele \u0219i constr\u00e2ngerile trecutului, s\u0103-i permi\u021bi s\u0103 deschid\u0103 \u00eenaintea ta o cale c\u0103tre o nou\u0103 via\u021b\u0103.<\/p>\n<p>Numai aici \u00eencepi s\u0103 vezi c\u0103 cine e\u0219ti tu nu este mintea ta sau intelectul t\u0103u \u0219i c\u0103 ideile tale ori te servesc ori nu, c\u0103ci ele sunt mijloacele c\u0103tre un scop mai mare. Aici vezi c\u0103 cine e\u0219ti tu este ceva mult mai profund, mai puternic, mai autentic \u0219i mai pur.<\/p>\n<p>Oamenii tr\u0103iesc \u00een g\u00e2ndurile lor pentru c\u0103 ei tr\u0103iesc \u00een separa\u021bie, c\u0103ci cum po\u021bi s\u0103 nu sim\u021bi Lampa? Cum po\u021bi fi, aparent, separat de aceasta? Cum poate fi faptul c\u0103 e\u0219ti \u00eenstr\u0103inat de tine \u00eensu\u021bi, tr\u0103ind \u00een mintea ta, g\u00e2ndurile tale, planurile tale, amintirile tale, dorin\u021bele tale, fanteziile tale, proiec\u021biile tale \u2013 totul consum\u00e2ndu-te \u00een fiecare minut al zilei \u00een timp ce r\u0103m\u00e2i at\u00e2t de ocupat \u0219i prins \u00eenc\u00e2t nu ai un moment s\u0103 cuge\u021bi?<\/p>\n<p>Lampa a\u0219teapt\u0103, vezi tu, a\u0219teapt\u0103 s\u0103 vii la ea, nu cu cereri sau comploturi sau planuri, ci cu o nevoie pur\u0103 pentru ea \u0219i cu recunoa\u0219terea faptului c\u0103 nu te po\u021bi \u00eemplini singur, indiferent de ce ob\u021bii sau ce avantaj ai putea s\u0103 realizezi. Lampa doar a\u0219teapt\u0103.<\/p>\n<p>Ai putea s\u0103 te rogi la Dumnezeu pentru multe lucruri \u2013 mereu cer\u00e2nd, mereu vr\u00e2nd, mereu av\u00e2nd nevoie \u2013 dar Dumnezeu \u021bi-a d\u0103ruit totul deja, \u00een mod real. Dumnezeu \u021bi-a d\u0103ruit Lampa. Lampa este cea care te va direc\u021biona, care te va re\u021bine de la lucruri ce vor fi nes\u0103n\u0103toase pentru tine sau care-\u021bi vor \u00eempiedica progresul. Lampa este cea care va chema anumi\u021bi oameni la tine \u0219i te va duce departe de al\u021bii. Lampa este cea care \u00ee\u021bi va ar\u0103ta adev\u0103ratul \u00een\u021beles al iubirii, al angajamentului, al rela\u021biei \u0219i al devotamentului. Numai Lampa poate face acest lucru. \u00cen compara\u021bie cu acest lucru, credin\u021bele tale, chiar \u0219i aparent cele mai \u00eenalte valori ale tale, sunt doar simple umbre, c\u0103ci puterea real\u0103 a revela\u021biei este \u00een\u0103untrul t\u0103u pentru c\u0103 Dumnezeu a pus-o acolo.<\/p>\n<p>Nu po\u021bi dec\u00e2t s\u0103 am\u00e2ni. Nu po\u021bi dec\u00e2t s\u0103 evi\u021bi. Nu po\u021bi dec\u00e2t s\u0103 fii pierdut \u00een lume cu planurile tale ne\u00eencetate pentru \u00eemplinire, dar ceea ce ar putea s\u0103 te restaureze \u0219i s\u0103 te izb\u0103veasc\u0103 cu adev\u0103rat a\u0219teapt\u0103 s\u0103 vii la ea, cu umilitate \u0219i r\u0103bdare \u0219i determinare.<\/p>\n<p>Lampa este simbolul speran\u021bei \u0219i al n\u0103dejdei. Este simbolul naturii perpetue a lui Dumnezeu. \u00censeamn\u0103 chiar \u0219i lucruri pe care oamenii le-ar putea venera ca simbol sau ca idol. Dar adev\u0103rata sa semnifica\u021bie \u0219i eficien\u021b\u0103 rezid\u0103 \u00een\u0103untrul t\u0103u, c\u0103ci Lampa nu este vreun obiect pe care s\u0103-l lauzi sau s\u0103-l venerezi. Nu este vreun suvenir religios, revendicat numai de o credin\u021b\u0103. Este Lampa care tr\u0103ie\u0219te \u00een\u0103untrul fiec\u0103rei persoane \u2013 a\u0219tept\u00e2ndu-i s\u0103 vin\u0103, a\u0219tept\u00e2ndu-i s\u0103 se \u00eentoarc\u0103, a\u0219tept\u00e2ndu-i s\u0103 caute acel unic lucru care \u00eei poate restaura \u0219i care le poate da putere, umilitate \u0219i compasiune.<\/p>\n<p>.Lumea e \u00een fl\u0103c\u0103ri. Arde tot mai mult pe zi ce trece. Marile Valuri ale schimb\u0103rii vin acum, lovind aici \u0219i acolo \u0219i dincolo \u0219i dincolo \u0219i a\u0219a mai departe. Necru\u021b\u0103tor este acest lucru, dar este numai \u00eenceputul unei mari schimb\u0103ri. Oamenii vor fi cople\u0219i\u021bi. Vor fi \u00een negare. Vor fugi. Se vor preface. Tot felul de stupidit\u0103\u021bi vor r\u0103s\u0103ri. Vor pretinde c\u0103 toate pot fi rezolvate de lucruri simple \u2013 de tehnologie sau de vreo alt\u0103 for\u021b\u0103. Ei \u00eenc\u0103 nu au curajul s\u0103 \u00eenfrunte ceea ce vine pentru c\u0103 nu au Lampa.<\/p>\n<p>F\u0103r\u0103 Lamp\u0103, curajul t\u0103u este prostesc, dac\u0103 exist\u0103 m\u0103car. Ai putea crede c\u0103 curajul \u00eenseamn\u0103 s\u0103-\u021bi arunci via\u021ba pentru vreun obiectiv politic sau pentru vreo cauz\u0103 nobil\u0103 care este distructiv\u0103 \u00een natur\u0103. Dar curajul real \u00eenseamn\u0103 s\u0103 prive\u0219ti \u0219i s\u0103 vezi ce vine orice ar fi, \u0219i Lampa este cea care \u00ee\u021bi d\u0103 aceast\u0103 t\u0103rie. Aici a\u0219tep\u021bi ca \u00een\u021belegerea s\u0103 se formeze mai degrab\u0103 dec\u00e2t s-o pretinzi pentru tine \u2013 cl\u0103dit\u0103 pe presupuneri slabe \u0219i no\u021biuni proste\u0219ti care nu au fost examinate vreodat\u0103 cu adev\u0103rat.<\/p>\n<p>F\u0103r\u0103 Lamp\u0103, oamenii sunt slabi. Sunt nes\u0103bui\u021bi. Sunt simplistici. Se aga\u021b\u0103 de anumite idei pentru c\u0103 \u00eenc\u0103 nu au t\u0103ria, curajul sau \u00eendr\u0103zneala de a \u00eenfrunta ceva cu adev\u0103rat mare \u0219i semnificativ care va m\u0103tura \u00eentreaga lume, ce va schimba lumea voastr\u0103 \u0219i o schimb\u0103 chiar \u0219i \u00een acest moment.<\/p>\n<p>Umanitatea se confrunt\u0103 cu interven\u021bie din partea raselor din univers, care sunt aici s\u0103 profite de sl\u0103biciunea, a\u0219tept\u0103rile \u0219i conflictele umane. Dar f\u0103r\u0103 Lamp\u0103, nu po\u021bi \u00eenfrunta nici acest lucru. Te vei preface c\u0103 nu se \u00eent\u00e2mpl\u0103, sau dac\u0103 nu te mai po\u021bi preface legat de asta, te vei preface c\u0103 totul este pentru bine, c\u0103 universul este interesat \u00een mod special de bun\u0103starea uman\u0103. Te vei preface aici \u0219i acolo pentru c\u0103 \u00eenc\u0103 nu ai t\u0103ria de a \u00eenfrunta asta, cel\u0103lalt mare eveniment care se \u00eent\u00e2mpl\u0103 \u00een lume, ce va remodela viitorul umanit\u0103\u021bii \u0219i face a\u0219a chiar \u0219i \u00een acest moment.<\/p>\n<p>F\u0103r\u0103 Lamp\u0103, este dificil chiar \u0219i s\u0103 \u00ee\u021bi dai seama de adev\u0103r \u00een privin\u021ba propriei vie\u021bi \u0219i circumstan\u021be \u0219i s\u0103 iei \u00een considerare dac\u0103 tr\u0103ie\u0219ti via\u021ba ce \u021bi-a fost menit s-o tr\u0103ie\u0219ti cu adev\u0103rat. R\u0103spunsul la acest lucru tr\u0103ie\u0219te \u00een\u0103untrul t\u0103u \u00een acest moment, dar cine are curajul s\u0103 ia acest lucru \u00een considerare \u0219i s\u0103-l \u00eenfrunte \u0219i s\u0103 r\u0103m\u00e2n\u0103 cu el p\u00e2n\u0103 c\u00e2nd o cale se poate deschide, o cale de rezolu\u021bie?<\/p>\n<p>Nu po\u021bi s\u0103 revendici Lampa \u0219i s-o folose\u0219ti ca s\u0103 profi\u021bi tu, c\u0103ci este mai mare dec\u00e2t e\u0219ti tu, mai mare dec\u00e2t cine crezi c\u0103 e\u0219ti \u0219i mai mare dec\u00e2t toate lucrurile \u00een care ai investit \u00een via\u021b\u0103, mai mare dec\u00e2t orice ai ob\u021binut pentru tine. Nu po\u021bi veni la ea dec\u00e2t cu o rug\u0103minte onest\u0103. Aici trebuie s\u0103 fii dispus s\u0103 prime\u0219ti sfatul s\u0103u \u0219i s\u0103 urmezi recomand\u0103rile sale, ceea ce \u00ee\u021bi este \u00eenc\u0103 necunoscut \u00een acest moment. Aceast\u0103 umilitate \u0219i bun\u0103voin\u021b\u0103 este cea care trimite un mesaj c\u0103tre Rai c\u0103 e\u0219ti preg\u0103tit s\u0103 \u00eencepi \u00eentoarcerea. E\u0219ti preg\u0103tit acum s\u0103 \u00eencepi apropierea c\u0103tre o via\u021b\u0103 nou\u0103 \u0219i s\u0103 treci peste podul pe care va trebui s\u0103 p\u0103\u0219e\u0219ti, pas cu pas, pentru a ajunge la aceast\u0103 via\u021b\u0103 nou\u0103, s\u0103 tr\u0103ie\u0219ti \u00een cadrul ei cu success.<\/p>\n<p>\u00cen acest moment, po\u021bi chiar \u0219i s\u0103-\u021bi imaginezi c\u0103 exist\u0103 o lamp\u0103 ce arde \u00een\u0103untrul t\u0103u, \u0219i este s\u0103n\u0103tos pentru tine s\u0103 faci acest lucru. Nu este ceva care s\u0103 poat\u0103 fi asociat cu alte lucruri, alte religii, alte idei, c\u0103ci este numai ceea ce este. \u00ce\u021bi po\u021bi imagina acest lucru ca fiind o lamp\u0103, c\u0103 \u00een\u021belegi ce este o lamp\u0103. \u00ce\u021bi poate fi de folos acum, s\u0103-\u021bi extinzi mintea, s\u0103-\u021bi dea confort \u0219i certitudinea c\u0103 nu e\u0219ti pierdut \u00een aceast\u0103 lume, c\u0103 via\u021ba ta nu a fost irosit\u0103 pe lucruri nefericite sau f\u0103r\u0103 \u00een\u021beles, c\u0103 o Putere Mai Mare te a\u0219teapt\u0103 odat\u0103 ce e\u0219ti preg\u0103tit s\u0103 te apropii.<\/p>\n<p>F\u0103r\u0103 Lamp\u0103, oamenii \u00eencearc\u0103 s\u0103 aib\u0103 toate lucrurile de valoare, chiar \u0219i lucruri care sunt nobile, chiar \u0219i lucruri despre care se propov\u0103duie\u0219te \u00een marile predici \u0219i discursuri \u00een religie \u2013 adev\u0103r, credin\u021b\u0103, iubire, altruism, curaj, devotament, iertare \u0219i toate lucrurile care sunt asociate cu acestea, ce sunt at\u00e2t de pre\u021buite de mul\u021bi oameni, \u00een toate tradi\u021biile de credin\u021b\u0103. Dar f\u0103r\u0103 Lamp\u0103, nu ai t\u0103ria de a realiza \u0219i de a men\u021bine cu adev\u0103rat asemenea lucruri \u00eentr-un mod onest \u0219i eficient. C\u0103ci nu te po\u021bi preface c\u0103 ai aceste calit\u0103\u021bi, c\u0103ci acest lucru cu siguran\u021b\u0103 nu va \u021bine \u00een momente de presiune sau cump\u0103n\u0103. Dar ceea ce tr\u0103ie\u0219te \u00een\u0103untrul t\u0103u formeaz\u0103 aceste lucruri \u0219i este sursa expresiei lor adev\u0103rate. Nu le po\u021bi fabrica sau crea separat de aceasta, sau, vezi tu, este mai mult imaginar \u00een mod real. Nu este centrul vie\u021bii tale. Nu este izvorul Fiin\u021bei tale. Nu are puterea Raiului \u00een\u0103untrul lui.<\/p>\n<p>Lampa este precum marele stejar pe versantul de munte, rezist\u00e2nd la orice \u2013 orice vreme, climat, catastrof\u0103. Dar este chiar mai mare dec\u00e2t asta, vezi tu, c\u0103ci stejarul va muri, p\u00e2n\u0103 la urm\u0103. Va ceda la ceva, p\u00e2n\u0103 la urm\u0103 \u2013 dep\u0103\u0219it de mediul \u00eenconjur\u0103tor, de boal\u0103 sau b\u0103tr\u00e2ne\u021be. Dar Lampa este ve\u0219nic t\u00e2n\u0103r\u0103. Nu poate fi stins\u0103.<\/p>\n<p>Aceasta, atunci, trebuie s\u0103 devin\u0103 funda\u021bia ta. Este mai mult dec\u00e2t o idee sau o imagine. Este o experien\u021b\u0103 rezonant\u0103 \u00een\u0103untrul t\u0103u. Cu aceasta, po\u021bi \u00eenfrunta Marile Valuri ale schimb\u0103rii \u0219i s\u0103 fii direc\u021bionat c\u0103tre cum s\u0103 te preg\u0103te\u0219ti, cum s\u0103 creezi stabilitate nu numai pentru tine sau pentru cei dragi \u021bie, dar s\u0103 fii o surs\u0103 de t\u0103rie \u0219i direc\u021bie pentru al\u021bii. Cu aceasta, po\u021bi \u00eenfrunta un univers plin cu via\u021b\u0103 inteligent\u0103 \u0219i s\u0103 prime\u0219ti Revela\u021bia lui Dumnezeu, care, pentru prima dat\u0103 \u00een istorie, dezv\u0103luie cum este via\u021ba \u00een univers cu adev\u0103rat, \u00een partea voastr\u0103 de univers, \u0219i ce trebuie s\u0103 \u0219tii ca s\u0103 te po\u021bi preg\u0103ti pentru el \u0219i s\u0103 \u00een\u021belegi.<\/p>\n<p>Cu aceasta, vei vedea limitele propriilor tale idei sau ale convingerilor tale fixe, \u0219i vei vedea cu mare claritate cum al\u021bii sunt at\u00e2t de profund asocia\u021bi cu aceste lucruri, dar care nu au nicio t\u0103rie sau putere real\u0103 sub asta. Nu exist\u0103 nicio funda\u021bie. Vei vedea at\u00e2t de multe lucruri cu compasiune. Vei vedea Cunoa\u0219terea \u00een al\u021bii. Vei vedea nevoia pentru Cunoa\u0219tere peste tot. \u0218i toate cuvintele Noastre vor avea un \u00een\u021beles perfect \u00een sf\u00e2r\u0219it, c\u0103ci vei vedea c\u0103 ele sunt adev\u0103rate pretutindeni.<\/p>\n<p>Dumnezeu a furnizat Pa\u0219ii c\u0103tre Cunoa\u0219tere s\u0103 te aduc\u0103 spre Lamp\u0103. Te a\u0219teapt\u0103. Va deveni o rela\u021bie foarte important\u0103, c\u0103ci toate rela\u021biile \u00een via\u021b\u0103 sunt menite s\u0103 realizeze anumite lucruri. Dumnezeu \u0219tie c\u0103 f\u0103r\u0103 Lamp\u0103, nu vei avea t\u0103ria sau claritatea de a \u00een\u021belege \u0219i de a continua. Vei deveni pierdut \u00een lume, o victim\u0103 a circumstan\u021belor, o victim\u0103 a propriilor decizii ne\u00een\u021belepte sau a deciziilor ne\u00een\u021belepte ale altora, prins ca \u0219i cum ai fi \u00eentr-un potop, \u00een ridicare \u0219i \u00een c\u0103dere pe furtunile de deasupra m\u0103rii, \u00een mica ta plut\u0103.<\/p>\n<p>Acesta nu este scopul \u0219i destinul t\u0103u. Nu de asta ai venit. Dar ca s\u0103 dep\u0103\u0219e\u0219ti aceste lucruri, vei avea nevoie de puterea aceasta mai mare. Vei avea nevoie de conexiunea ta cu Raiul. Fie c\u0103 e\u0219ti de orice tradi\u021bie de credin\u021b\u0103 sau de nicio tradi\u021bie de credin\u021b\u0103, este acela\u0219i lucru. Este pentru c\u0103 Lampa se afl\u0103 \u00een\u0103untrul t\u0103u. Acesta este cel mai important lucru.<\/p>\n","protected":false},"excerpt":{"rendered":"<p>\u00cen mod sigur por\u021bi o Lamp\u0103 m\u0103rea\u021b\u0103 \u00een\u0103untrul t\u0103u, o Lamp\u0103 mereu \u00eenfl\u0103c\u0103rat\u0103, mereu aprins\u0103, mereu str\u0103lucitoare, c\u0103ci nu poate fi stins\u0103 de nimic \u00een lumea aceasta, o Lamp\u0103, pur\u0103, mereu arz\u00e2nd, vezi tu, mereu luminat\u0103. Era luminat\u0103 \u00een\u0103untrul t\u0103u \u00eenainte s\u0103 vii \u00een aceast\u0103 lume. Va fi luminat\u0103 odat\u0103 ce vei pleca. Este lumina\u2026 <a class=\"read-more\" href=\"https:\/\/www.v6.newmessage.org\/ro\/about-recording-shortcode\/\"><span>Read More<\/span><\/a><\/p>\n","protected":false},"author":8,"featured_media":0,"parent":16358,"menu_order":0,"comment_status":"closed","ping_status":"closed","template":"template-leftsidebar.php","meta":{"_monsterinsights_skip_tracking":false,"_monsterinsights_sitenote_active":false,"_monsterinsights_sitenote_note":"","_monsterinsights_sitenote_category":0,"footnotes":""},"categories":[501,76],"tags":[696,697,609,634],"_links":{"self":[{"href":"https:\/\/www.v6.newmessage.org\/ro\/wp-json\/wp\/v2\/pages\/27445"}],"collection":[{"href":"https:\/\/www.v6.newmessage.org\/ro\/wp-json\/wp\/v2\/pages"}],"about":[{"href":"https:\/\/www.v6.newmessage.org\/ro\/wp-json\/wp\/v2\/types\/page"}],"author":[{"embeddable":true,"href":"https:\/\/www.v6.newmessage.org\/ro\/wp-json\/wp\/v2\/users\/8"}],"replies":[{"embeddable":true,"href":"https:\/\/www.v6.newmessage.org\/ro\/wp-json\/wp\/v2\/comments?post=27445"}],"version-history":[{"count":1,"href":"https:\/\/www.v6.newmessage.org\/ro\/wp-json\/wp\/v2\/pages\/27445\/revisions"}],"predecessor-version":[{"id":27446,"href":"https:\/\/www.v6.newmessage.org\/ro\/wp-json\/wp\/v2\/pages\/27445\/revisions\/27446"}],"up":[{"embeddable":true,"href":"https:\/\/www.v6.newmessage.org\/ro\/wp-json\/wp\/v2\/pages\/16358"}],"wp:attachment":[{"href":"https:\/\/www.v6.newmessage.org\/ro\/wp-json\/wp\/v2\/media?parent=27445"}],"wp:term":[{"taxonomy":"category","embeddable":true,"href":"https:\/\/www.v6.newmessage.org\/ro\/wp-json\/wp\/v2\/categories?post=27445"},{"taxonomy":"post_tag","embeddable":true,"href":"https:\/\/www.v6.newmessage.org\/ro\/wp-json\/wp\/v2\/tags?post=27445"}],"curies":[{"name":"wp","href":"https:\/\/api.w.org\/{rel}","templated":true}]}}