{"id":27383,"date":"2017-10-02T07:28:37","date_gmt":"2017-10-02T07:28:37","guid":{"rendered":"http:\/\/www.newmessage.org\/romanian-international\/?page_id=27383"},"modified":"2017-11-21T00:05:28","modified_gmt":"2017-11-21T00:05:28","slug":"trebuie-sa-devin-un-convertit-sau-discipol-al-noului-mesaj-pentru-a-putea-primi-noul-mesaj","status":"publish","type":"page","link":"https:\/\/www.v6.newmessage.org\/ro\/introducerea-noului-mesaj\/intrebari-frecvente\/trebuie-sa-devin-un-convertit-sau-discipol-al-noului-mesaj-pentru-a-putea-primi-noul-mesaj\/","title":{"rendered":"Trebuie s\u0103 devin un convertit sau discipol al Noului Mesaj pentru a putea primi Noul Mesaj?"},"content":{"rendered":"<p>Nu. S\u0103 prime\u0219ti Noul Mesaj \u00eenseamn\u0103 s\u0103-i prime\u0219ti \u00een\u021belepciunea \u0219i \u00eenv\u0103\u021b\u0103tura  \u00een ceea ce prive\u0219te Cunoa\u0219terea, scopul, rela\u021biile, unitatea, cooperarea \u0219i apari\u021bia umanit\u0103\u021bii \u00eentr-o <a href=\"https:\/\/www.newmessage.org\/ro\/mesajul\/termeni-importanti#gc\">Comunitate Mare<\/a> a vie\u021bii inteligente din univers.<\/p>\n<p>A\u0219adar, ia Noul Mesaj \u0219i ofer\u0103-i-l poporului t\u0103u, na\u021biunii tale, tribului t\u0103u, religiei tale, \u0219i ia \u00een seam\u0103 marile for\u021be care amenin\u021b\u0103 s\u0103 submineze supravie\u021buirea, libertatea \u0219i suveranitatea umanit\u0103\u021bii \u00een aceast\u0103 lume. Trebuie s\u0103 existe un nou angajament pentru cl\u0103direa libert\u0103\u021bii \u0219i unit\u0103\u021bii umane \u0219i pentru ocrotirea planetei. Acest angajament poate s\u0103 r\u0103sar\u0103 numai din <a href=\"https:\/\/www.newmessage.org\/ro\/mesajul\/termeni-importanti#knowledge\">Cunoa\u0219terea<\/a> profund\u0103 pe care Dumnezeu a pus-o \u00een interiorul fiec\u0103rei persoane.<\/p>\n<p>Apoi po\u021bi fi un budist cu o con\u0219tien\u021b\u0103 \u0219i dedicare la nivelul <a href=\"https:\/\/www.newmessage.org\/ro\/mesajul\/termeni-importanti#gc\">Marii Comunitati<\/a>. Po\u021bi fi un musulman cu o con\u0219tien\u021b\u0103 \u0219i dedicare la nivelul Marii Comunit\u0103\u021bi. Po\u021bi fi catolic sau protestant sau s\u0103 practici orice alt\u0103 religie sau cale spiritual\u0103 pe care ai ales-o, dar cu o perspectiv\u0103 superioar\u0103. C\u0103ci este important s\u0103 \u00een\u021belegi faptul c\u0103 Dumnezeu nu dore\u0219te s\u0103 creeze o nou\u0103 religie, ci o nou\u0103 \u00een\u021belegere, o nou\u0103 con\u0219tien\u021b\u0103 \u0219i o nou\u0103 dedicare. Aceste lucruri trebuie s\u0103 existe \u00een toate na\u021biunile \u0219i religiile umanit\u0103\u021bii. <\/p>\n<p>\u00cens\u0103, exist\u0103 unii oameni pentru care Noul Mesaj le va fi drumul \u0219i calea, iar ei vor deveni primii care s\u0103-l primeasc\u0103 \u0219i care s\u0103-l practice. Ei vor sim\u021bi c\u0103 li s-a oferit ceea ce au c\u0103utat, ceea ce reprezint\u0103 o nou\u0103 cale. Pentru to\u021bi ceilal\u021bi, Noul Mesaj \u00eei ofer\u0103 umanit\u0103\u021bii o con\u0219tien\u021b\u0103, \u00een\u021belegere, putere \u0219i implicare superioare, ce trebuie exprimate \u00een \u00eentreaga familie uman\u0103.<\/p>\n<p>Prime\u0219te, a\u0219adar, Noul Mesaj. Adu-l \u00een inima ta, \u00een mintea ta, \u00een familia ta, \u00een comunitatea ta, \u00een tradi\u021bia ta religioas\u0103, \u00een \u021bara ta \u0219i \u00een modul t\u0103u de a \u00een\u021belege lumea \u0219i vei fi primit Noul Mesaj de la Dumnezeu.<\/p>\n","protected":false},"excerpt":{"rendered":"<p>Nu. S\u0103 prime\u0219ti Noul Mesaj \u00eenseamn\u0103 s\u0103-i prime\u0219ti \u00een\u021belepciunea \u0219i \u00eenv\u0103\u021b\u0103tura \u00een ceea ce prive\u0219te Cunoa\u0219terea, scopul, rela\u021biile, unitatea, cooperarea \u0219i apari\u021bia umanit\u0103\u021bii \u00eentr-o Comunitate Mare a vie\u021bii inteligente din univers. A\u0219adar, ia Noul Mesaj \u0219i ofer\u0103-i-l poporului t\u0103u, na\u021biunii tale, tribului t\u0103u, religiei tale, \u0219i ia \u00een seam\u0103 marile for\u021be care amenin\u021b\u0103 s\u0103 submineze\u2026 <a class=\"read-more\" href=\"https:\/\/www.v6.newmessage.org\/ro\/introducerea-noului-mesaj\/intrebari-frecvente\/trebuie-sa-devin-un-convertit-sau-discipol-al-noului-mesaj-pentru-a-putea-primi-noul-mesaj\/\"><span>Read More<\/span><\/a><\/p>\n","protected":false},"author":8,"featured_media":0,"parent":27356,"menu_order":0,"comment_status":"closed","ping_status":"closed","template":"template-leftsidebar.php","meta":{"_monsterinsights_skip_tracking":false,"_monsterinsights_sitenote_active":false,"_monsterinsights_sitenote_note":"","_monsterinsights_sitenote_category":0,"footnotes":""},"categories":[61],"tags":[157,679,680,611,690],"_links":{"self":[{"href":"https:\/\/www.v6.newmessage.org\/ro\/wp-json\/wp\/v2\/pages\/27383"}],"collection":[{"href":"https:\/\/www.v6.newmessage.org\/ro\/wp-json\/wp\/v2\/pages"}],"about":[{"href":"https:\/\/www.v6.newmessage.org\/ro\/wp-json\/wp\/v2\/types\/page"}],"author":[{"embeddable":true,"href":"https:\/\/www.v6.newmessage.org\/ro\/wp-json\/wp\/v2\/users\/8"}],"replies":[{"embeddable":true,"href":"https:\/\/www.v6.newmessage.org\/ro\/wp-json\/wp\/v2\/comments?post=27383"}],"version-history":[{"count":5,"href":"https:\/\/www.v6.newmessage.org\/ro\/wp-json\/wp\/v2\/pages\/27383\/revisions"}],"predecessor-version":[{"id":27814,"href":"https:\/\/www.v6.newmessage.org\/ro\/wp-json\/wp\/v2\/pages\/27383\/revisions\/27814"}],"up":[{"embeddable":true,"href":"https:\/\/www.v6.newmessage.org\/ro\/wp-json\/wp\/v2\/pages\/27356"}],"wp:attachment":[{"href":"https:\/\/www.v6.newmessage.org\/ro\/wp-json\/wp\/v2\/media?parent=27383"}],"wp:term":[{"taxonomy":"category","embeddable":true,"href":"https:\/\/www.v6.newmessage.org\/ro\/wp-json\/wp\/v2\/categories?post=27383"},{"taxonomy":"post_tag","embeddable":true,"href":"https:\/\/www.v6.newmessage.org\/ro\/wp-json\/wp\/v2\/tags?post=27383"}],"curies":[{"name":"wp","href":"https:\/\/api.w.org\/{rel}","templated":true}]}}