{"id":27143,"date":"2017-07-01T14:59:01","date_gmt":"2017-07-01T14:59:01","guid":{"rendered":"http:\/\/www.newmessage.org\/romanian-international\/?page_id=27143"},"modified":"2017-11-06T04:51:41","modified_gmt":"2017-11-06T04:51:41","slug":"termeni-importanti","status":"publish","type":"page","link":"https:\/\/www.v6.newmessage.org\/ro\/mesajul\/termeni-importanti\/","title":{"rendered":"Termeni importan\u021bi"},"content":{"rendered":"<p>Noul Mesaj de la Dumnezeu dezv\u0103luie c\u0103 planeta noastr\u0103 se afl\u0103 \u00een cel mai important prag din istoria \u0219i evolu\u021bia omenirii. \u00cen acest prag, un Mesaj Nou de la Dumnezeu a sosit. El dezv\u0103luie marea schimbare ce vine \u00een lume \u0219i destinul nostru \u00een Marea Comunitate a vie\u021bii de dincolo de lumea noastr\u0103, de care nu suntem con\u0219tien\u021bi \u0219i pentru care nu suntem preg\u0103ti\u021bi. <\/p>\n<p>Aici, Revela\u021bia redefine\u0219te anumi\u021bi termeni familiari, dar \u00eentr-un context mai mare, \u0219i introduce al\u021bi termeni care sunt noi pentru familia uman\u0103. Este important s\u0103 \u00een\u021belegi ace\u0219ti termeni c\u00e2nd cite\u0219ti textele Noului Mesaj. <\/p>\n<p><a name=\"god\"><\/a><br \/>\n<strong>Dumnezeu <\/strong>este dezv\u0103luit \u00een Noul Mesaj ca fiind Izvorul \u0219i Creatorul vie\u021bii de pretutindeni \u0219i a nenum\u0103ratelor rase din univers. Aici, realitatea superioar\u0103 a lui Dumnezeu este dezv\u0103luit\u0103 \u00een contextul extins al tuturor formelor de via\u021b\u0103 de pe aceast\u0103 planet\u0103 \u0219i din univers. Acest context superior redefine\u0219te sensul \u00een\u021belegerii noastre a lui Dumnezeu \u0219i a Puterii \u0219i Prezen\u021bei lui Dumnezeu \u00een vie\u021bile noastre. Noul Mesaj spune c\u0103 pentru a \u00een\u021belege ceea ce Dumnezeu s\u0103v\u00e2r\u0219e\u0219te \u00een lumea noastr\u0103, trebuie s\u0103 \u00een\u021belegem ceea ce Dumnezeu s\u0103v\u00e2r\u0219e\u0219te \u00een universul \u00eentreg. Acest lucru este dezv\u0103luit acum pentru prima oar\u0103 printr-un Mesaj Nou de la Dumnezeu. \u00cen Noul Mesaj, Dumnezeu nu este un personaj sau o con\u0219tiin\u021b\u0103 singular\u0103, ci o for\u021b\u0103 \u0219i o realitate omniprezent\u0103 ce cuprinde via\u021ba de pretutindeni, exist\u00e2nd dincolo de limitele tuturor teologiilor \u0219i \u00een\u021belegerilor religioase. Dumnezeu \u00eei vorbe\u0219te celei mai ad\u00e2nci p\u0103r\u021bi din fiecare persoan\u0103 prin puterea Cunoa\u0219terii ce tr\u0103ie\u0219te \u00een\u0103untrul acestora. <a href=\"https:\/\/www.newmessage.org\/ro\/mesajul\/volumul-1\/unicul-dumnezeu\/\">Afl\u0103 mai multe&#8230;<\/a><\/p>\n<p> <a name=\"separation\"><\/a><br \/>\n<strong>Separa\u021bia <\/strong>este starea \u0219i condi\u021bia continu\u0103 de a fi separat de Dumnezeu. Separa\u021bia a \u00eenceput c\u00e2nd o parte din Crea\u021bie a dorit s\u0103 aib\u0103 libertatea de a fi separat\u0103 de Dumnezeu, s\u0103 tr\u0103iasc\u0103 \u00eentr-o stare de Separa\u021bie. Ca urmare, Dumnezeu a creat lumea noastr\u0103 aflat\u0103 \u00een evoluare \u0219i universul ce se extinde ca un loc \u00een care cei separa\u021bi s\u0103 tr\u0103iasc\u0103 \u00een nenum\u0103rate forme \u0219i locuri. \u00cenainte de Separa\u021bie, \u00eentreaga via\u021b\u0103 se afla \u00eentr-o stare ve\u0219nic\u0103 de pur\u0103 uniune. Aceasta este starea original\u0103 de uniune cu Dumnezeu la care to\u021bi ce tr\u0103iesc \u00een Separa\u021bie sunt chema\u021bi s\u0103 se \u00eentoarc\u0103 \u00een cele din urm\u0103\u2014prin serviciu, contribu\u021bie \u0219i descoperirea Cunoa\u0219terii. Este misiunea Domnului \u00een lumea noastr\u0103 \u0219i \u00een \u00eentregul univers de a-i recupera pe cei separa\u021bi prin Cunoa\u0219tere, partea din fiecare individ care \u00eenc\u0103 este \u00een leg\u0103tur\u0103 cu Dumnezeu. <a href=\"https:\/\/www.newmessage.org\/ro\/mesajul\/volumul-1\/unicul-dumnezeu\/separatia\/\">Afl\u0103 mai multe&#8230;<\/a><\/p>\n<p> <a name=\"knowledge\"><\/a><br \/>\n<strong>Cunoa\u0219terea <\/strong>este cugetul \u0219i inteligen\u021ba spiritual\u0103 mai ad\u00e2nc\u0103 din\u0103untrul fiec\u0103rei persoane, ce a\u0219teapt\u0103 s\u0103 fie descoperit\u0103. Cunoa\u0219terea reprezint\u0103 partea etern\u0103 din noi care nu L-a p\u0103r\u0103sit niciodat\u0103 pe Dumnezeu. Noul Mesaj vorbe\u0219te de Cunoa\u0219tere ca fiind cea mai mare speran\u021b\u0103 a umanit\u0103\u021bii, o putere l\u0103untric\u0103 \u00een inima fiec\u0103rei persoane pe care Noul Mesaj al lui Dumnezeu este aici s\u0103 o dezv\u0103luie \u0219i s\u0103 o cheme. Cunoa\u0219terea exist\u0103 dincolo de intelect. Ea singur\u0103 are puterea de a ne \u00eendruma pe fiecare spre scopul nostru mai \u00eenalt \u0219i rela\u021biile ce ne sunt predestinate \u00een via\u021b\u0103. <a href=\"https:\/\/www.newmessage.org\/ro\/mesajul\/volumul-2\/spiritualitatea-din-marea-comunitate\/ce-este-cunoasterea\/\">Afl\u0103 mai multe&#8230;<\/a> <\/p>\n<p> <a name=\"aa\"><\/a><br \/>\n<strong>Mul\u021bimea Angelic\u0103 <\/strong>este marea Prezen\u021b\u0103 Angelic\u0103 ce vegheaz\u0103 asupra lumii. Aceasta face parte din ierarhia serviciului \u0219i a rela\u021biilor stabilit\u0103 de Dumnezeu pentru a supraveghea izb\u0103virea \u0219i \u00eentoarcerea \u00eentregii vie\u021bi separate din univers. Fiecare lume \u00een care exist\u0103 via\u021b\u0103 con\u0219tient\u0103 este supravegheat\u0103 de o Mul\u021bime Angelic\u0103. Mul\u021bimea care ne supravegheaz\u0103 lumea a tradus Voin\u021ba Domnului pentru vremurile noastre \u00een limba \u0219i \u00een\u021belegerea uman\u0103, care este dezv\u0103luit\u0103 acum prin Noul Mesaj de la Dumnezeu. Termenul Mul\u021bimea Angelic\u0103 este sinonim cu termenii Prezen\u021ba Angelic\u0103 \u0219i Oastea Angelic\u0103. <a href=\"https:\/\/www.newmessage.org\/ro\/mesajul\/volumul-1\/dumnezeu-a-vorbit-din-nou\/multimea\/\">Afl\u0103 mai multe&#8230;<\/a><\/p>\n<p><a name=\"nmfg\"><\/a><br \/>\n<strong>Noul Mesaj de la Dumnezeu <\/strong>este o Revela\u021bie \u0219i comunicare original\u0103 de la Dumnezeu pentru to\u021bi oamenii din lume, at\u00e2t pentru vremurile noastre, c\u00e2t \u0219i pentru vremurile ce vor veni. Noul Mesaj este un dar de la Creatorul tuturor formelor de via\u021b\u0103 pentru oamenii din toate na\u021biunile \u0219i religiile \u0219i reprezint\u0103 urm\u0103toarea mare expresie a Voin\u021bei \u0219i a Planului Domnului pentru familia uman\u0103. Noul Mesaj este de peste 9000 de pagini lungime \u0219i este cea mai vast\u0103 Revela\u021bie oferit\u0103 vreodat\u0103 lumii, oferit\u0103 acum unei lumi educate cu comunicare global\u0103 \u0219i cu o con\u0219tiin\u021b\u0103 global\u0103 cresc\u00e2nd\u0103. Noul Mesaj nu este o ramur\u0103 sau o reform\u0103 a niciunei tradi\u021bii religioase din trecut. Este un Mesaj Nou de la Dumnezeu pentru umanitate, care \u00eenfrunt\u0103 acum o mare instabilitate \u0219i schimbare \u00een lume \u0219i marele prag de a-\u0219i face apari\u021bia \u00eentr-o Comunitate Mare a vie\u021bii inteligente din univers. <a href=\"https:\/\/www.newmessage.org\/ro\/mesajul\/\">Afl\u0103 mai multe&#8230;<\/a><\/p>\n<p> <a name=\"voice\"><\/a><br \/>\n<strong>Vocea Revela\u021biei <\/strong>este vocea unit\u0103 a Mul\u021bimii Angelice, care transmite Mesajul Domnului printr-un Mesager trimis pe lume cu aceast\u0103 sarcin\u0103. Aici, Mul\u021bimea vorbe\u0219te ca o singur\u0103 Voce, cei mul\u021bi vorbind la unison. Pentru prima oar\u0103 \u00een istorie, ai posibilitatea de a auzi adevarata Voce a Revela\u021biei vorbind prin Mesagerul Domnului. Aceasta este Vocea care a vorbit tuturor Mesagerilor Domnului din trecut. Cuv\u00e2ntul \u0219i Sunetul Vocii Revela\u021biei se afl\u0103 din nou \u00een lume. <a href=\"https:\/\/www.newmessage.org\/ro\/mesajul\/volumul-1\/religia-cea-pura\/vocea-revelatiei\/\">Afl\u0103 mai multe\u2026<\/a> <\/p>\n<p><a name=\"messenger\"><\/a><br \/>\n<strong>Mesagerul <\/strong>este cel ales, preg\u0103tit \u0219i trimis pe lume de c\u0103tre Mul\u021bimea Angelic\u0103 pentru a primi Noul Mesaj de la Dumnezeu. Mesagerul acestor vremuri este Marshall Vian Summers. El este un om umil f\u0103r\u0103 niciun statut \u00een lume, care a trecut printr-o preg\u0103tire lung\u0103 \u0219i dificil\u0103 pentru a putea \u00eemplini un asemenea rol \u0219i o asemenea misiune important\u0103 \u00een via\u021b\u0103. El este \u00eens\u0103rcinat cu o mare povar\u0103, binecuv\u00e2ntare \u0219i responsabilitate de a primi Revela\u021bia pur\u0103 a lui Dumnezeu \u0219i de a o proteja \u0219i prezenta lumii. El este primul dintre Mesagerii Domnului ce dezv\u0103luie realitatea unei Comunit\u0103\u021bi Mari a vie\u021bii inteligente din univers. Mesagerul este implicat \u00eentr-un process al Revela\u021biei de peste 30 de ani. El este \u00een via\u021b\u0103 ast\u0103zi \u00een lume. <a href=\"https:\/\/www.newmessage.org\/ro\/povestea-lui-marshall-vian-summers\/\">Afl\u0103 mai multe&#8230;<\/a><\/p>\n<p> <a name=\"seal\"><\/a><br \/>\n<strong>Sigiliul Profe\u021bilor <\/strong>este un sigiliu stabilit de Dumnezeu la sf\u00e2r\u0219itul vie\u021bii unui Mesager. El sigileaz\u0103 Revela\u021bia \u00een puritate, protej\u00e2nd-o de ad\u0103ug\u0103ri sau modific\u0103ri a comunic\u0103rii Domnului. Sigiliul Profe\u021bilor este stabilit doar de Dumnezeu \u0219i doar Dumnezeu poate rupe Sigiliul \u00een acele praguri din evolu\u021bia \u0219i emergen\u021ba omenirii, c\u00e2nd Dumnezeu se hot\u0103r\u0103\u0219te s\u0103 vorbeasc\u0103 din nou. <a href=\"https:\/\/www.newmessage.org\/ro\/mesajul\/volumul-1\/dumnezeu-a-vorbit-din-nou\/sigiliul-profetilor\/\">Alf\u0103 mai multe&#8230;<\/a><\/p>\n<p><a name=\"presence\"><\/a><br \/>\n<strong>Prezen\u021ba <\/strong>se poate referi la prezen\u021ba Cunoa\u0219terii din\u0103untrul individului, la Prezen\u021ba Mul\u021bimii Angelice sau, \u00eentr-un final, la Prezen\u021ba lui Dumnezeu. Prezen\u021ba acestor trei realit\u0103\u021bi ofer\u0103 o experien\u021b\u0103 a gra\u021biei \u0219i a rela\u021biei care \u00ee\u021bi poate schimba via\u021ba \u0219i care poate fi descoperit\u0103 prin urmarea misterului \u00een via\u021b\u0103 \u0219i prin studierea \u0219i practicarea uneia dintre Revela\u021biile anterioare ale lui Dumnezeu sau a Noii Revela\u021bii a lui Dumnezeu pentru lume. Noua Revela\u021bie ofer\u0103 o cale modern\u0103 de a experimenta puterea acestei Prezen\u021be din via\u021ba ta. <a href=\"https:\/\/www.newmessage.org\/ro\/mesajul\/alte-revelatii\/meditatia-de-noapte\/\">Alf\u0103 mai multe&#8230;<\/a><\/p>\n<p> <a name=\"stk\"><\/a><br \/>\n<strong>Pa\u0219i c\u0103tre Cunoa\u0219tere <\/strong>este o carte str\u0103veche de practic\u0103 spiritual\u0103 oferit\u0103 acum lumii de c\u0103tre Dumnezeu pentru prima oar\u0103. Prin a face aceast\u0103 c\u0103l\u0103torie misterioas\u0103, fiecare persoan\u0103 este \u00eendrumat\u0103 spre descoperirea puterii Cunoa\u0219terii \u0219i spre experien\u021ba cunoa\u0219terii l\u0103untrice profunde, care \u00eei poate \u00eendruma spre scopul \u0219i chemarea lor mai \u00eenalt\u0103 \u00een via\u021b\u0103. <a href=\"https:\/\/www.newmessage.org\/ro\/mesajul\/volumul-3\/pasi-catre-cunoastere\/\">Afl\u0103 mai multe&#8230;<\/a><\/p>\n<p> <a name=\"gc\"><\/a><br \/>\n<strong>Marea Comunitate <\/strong>este universul vast al vie\u021bii inteligente \u00een care lumea noastr\u0103 a existat dintotdeauna. Aceast\u0103 Mare Comunitate cuprinde toate lumile din univers \u00een care exist\u0103 via\u021b\u0103 con\u0219tient\u0103, \u00een toate stadiile de evolu\u021bie \u0219i dezvoltare. Noul Mesaj dezv\u0103luie c\u0103 umanitatea este \u00eentr-o faz\u0103 timpurie de adolescen\u021b\u0103 \u00een dezvoltarea sa \u0219i c\u0103 a sosit timpul ca umanitatea s\u0103 se preg\u0103teasc\u0103 pentru apari\u021bia sa \u00een Marea Comunitate. Aici, afl\u00e2ndu-se \u00een pragul spa\u021biului, umanitatea va descoperi c\u0103 nu este singur\u0103 \u00een univers, nici m\u0103car \u00een propria sa lume. <a href=\"https:\/\/www.newmessage.org\/ro\/mesajul\/volumul-1\/marea-comunitate\/\">Afl\u0103 mai multe&#8230;<\/a><\/p>\n<p><a name=\"darkness\"><\/a><br \/>\n<strong>Marele \u00centuneric <\/strong>este o Interven\u021bie \u00een desf\u0103\u0219urare de c\u0103tre anumite rase din Marea Comunitate, care sunt aici s\u0103 profite de o umanitate sl\u0103bit\u0103 \u0219i divizat\u0103. Acest lucru se petrece \u00een vreme ce familia uman\u0103 intr\u0103 intr-o perioad\u0103 de colaps \u0219i dezordine cresc\u00e2nd\u0103, \u00een fa\u021ba Marilor Valuri de schimb\u0103ri. Interven\u021bia se prezint\u0103 ca fiind o for\u021b\u0103 benefic\u0103 \u0219i izb\u0103vitoare, pe c\u00e2nd, \u00een realitate, obiectivul ei final este de a submina libertatea \u0219i autonomia uman\u0103 \u0219i de a prelua conducerea lumii \u0219i a resurselor acesteia. Noul Mesaj dezv\u0103luie c\u0103 Interven\u021bia dore\u0219te s\u0103-\u0219i stabileasc\u0103 \u00een secret influen\u021ba aici, \u00een min\u021bile \u0219i \u00een inimile oamenilor, \u00een vremuri cu confuzie, conflicte \u0219i vulnerabilitate cresc\u00e2de. Fiind popula\u021bia nativ\u0103 a acestei lumi, suntem chema\u021bi s\u0103 ne opunem acestei Interven\u021bii \u0219i s\u0103-i avertiz\u0103m \u0219i educ\u0103m pe ceilal\u021bi, astfel unind familia uman\u0103 cu un mare scop comun \u0219i preg\u0103tindu-ne lumea pentru \u00eencerc\u0103rile \u0219i oportunit\u0103\u021bile vie\u021bii din Marea Comunitate. <a href=\"https:\/\/www.newmessage.org\/the-message\/volume-1\/greater-community\/enemies-human-family\">Afl\u0103 mai multe&#8230;<\/a><\/p>\n<p><a name=\"gwoc\"><\/a><br \/>\n<strong>Marile Valuri de Schimb\u0103ri <\/strong>sunt un set de for\u021be climatice, economice \u0219i sociale puternice care se n\u0103pustesc acum asupra lumii. Marile Valuri sunt rezultatul abuzului \u0219i al utiliz\u0103rii excesive a p\u0103m\u00e2ntului, a resurselor \u0219i a mediului acestuia de c\u0103tre umanitate. Marile Valuri au puterea de a schimba drastic fa\u021ba p\u0103m\u00e2ntului, produc\u00e2nd instabilitate economic\u0103, schimb\u0103ri climatice drastice, vreme violent\u0103 \u0219i pierderea terenului arabil \u0219i a resurselor de ap\u0103 curat\u0103, amenin\u021b\u00e2nd s\u0103 produc\u0103 o condi\u021bie \u00een lume cu mari dificult\u0103\u021bi \u0219i suferin\u021b\u0103 uman\u0103. Marile Valuri nu reprezint\u0103 sf\u00e2r\u0219itul vremurilor sau un eveniment apocaliptic, ci o perioad\u0103 de tranzi\u021bie c\u0103tre condi\u021bia unei lumi noi. Noul Mesaj dezv\u0103luie ce ne a\u0219teapt\u0103 \u0219i marea preg\u0103tire care trebuie \u00eentreprins\u0103 de suficien\u021bi oameni. Solicit\u0103 unitatea \u0219i cooperarea uman\u0103, n\u0103scute acum din simpla necesitate pentru men\u021binerea \u0219i protejarea civiliza\u021biei umane. <a href=\"https:\/\/www.newmessage.org\/ro\/mesajul\/volumul-1\/lumea-cea-noua\/urgenta-globala\/\">Alf\u0103 mai multe\u2026<\/a>   <\/p>\n<p><a name=\"me\"><\/a><br \/>\n<strong>Mediul Mental <\/strong>este un mediu al g\u00e2ndurilor \u0219i al emo\u021biilor ce exist\u0103 \u00een paralel cu mediul fizic. Mediul mental con\u021bine for\u021be ce ne afecteaz\u0103 g\u00e2ndirea \u0219i emo\u021biile \u0219i ce ne domin\u0103 p\u00e2n\u0103 c\u00e2nd devenim puternici \u00een Cunoa\u0219tere. <a href=\"https:\/\/www.newmessage.org\/ro\/mesajul\/volumul-1\/lumea-cea-noua\/\">Afl\u0103 mai multe&#8230;<\/a><\/p>\n<p> <a name=\"purpose\"><\/a><br \/>\n<strong>Menirea Mai \u00cenalt\u0103 <\/strong>se refer\u0103 la contribu\u021bia specific\u0103 pe care fiecare person\u0103 a fost trimis\u0103 pe p\u0103m\u00e2nt s\u0103 o s\u0103v\u00e2r\u0219ea\u0219c\u0103 \u0219i rela\u021biile unice care vor face posibil\u0103 \u00eendeplinirea acestei meniri. Cunoa\u0219terea din\u0103untrul individului de\u021bine aceast\u0103 menire \u0219i acest destin mai \u00eenalt pentru el. Nu poate fi stabilit\u0103 de intelect. Trebuie descoperit\u0103, urmat\u0103 \u0219i exprimat\u0103 \u00een slujba celorlal\u021bi pentru a fi realizat\u0103 complet. Lumea are nevoie de demonstrarea acestei meniri mai \u00eenalte de c\u0103tre c\u00e2t mai mul\u021bi oameni posibil. <a href=\"https:\/\/www.newmessage.org\/ro\/mesajul\/volumul-2\/spiritualitatea-din-marea-comunitate\/care-este-scopul-uman\/\">Afl\u0103 mai multe&#8230;<\/a><\/p>\n<p> <a name=\"family\"><\/a><br \/>\n<strong>Familia Spiritual\u0103<\/strong> se refer\u0103 la micile grupuri de lucru formate ca urmare a Separa\u021biei pentru a le oferi indivizilor posibilitatea de a lucra \u00eempreun\u0103 s\u0103 ating\u0103 st\u0103ri mai \u00eenalte de uniune \u0219i rela\u021bie, av\u00e2nd loc de-a lungul unei perioade lungi de timp, culmin\u00e2nd \u00een \u00eentoarcerea lor final\u0103 la Dumnezeu. Familia ta Spiritual\u0103 reprezint\u0103 rela\u021biile pe care le-ai recuperat prin Cunoa\u0219tere de-a lungul c\u0103l\u0103toriei tale \u00eendelungate prin Separa\u021bie. Unii membrii din Familia ta Spiritual\u0103 sunt \u00een lume, iar al\u021bii se afl\u0103 dincolo de lume. Familiile Spirituale fac parte din Planul misterios al lui Dumnezeu de a libera \u0219i de a reuni pe to\u021bi ce tr\u0103iesc \u00een Separa\u021bie. <a href=\"https:\/\/www.newmessage.org\/ro\/mesajul\/volumul-1\/unicul-dumnezeu\/separatia\/\">Afl\u0103 mai multe&#8230;<\/a><\/p>\n<p><a name=\"home\"><\/a><br \/>\n<strong>C\u0103minul Str\u0103vechi<\/strong> se refer\u0103 la realitatea vie\u021bii \u0219i la starea de con\u0219tiint\u0103 \u0219i rela\u021bie pe care ai avut-o \u00eenainte de a veni pe lume \u0219i la care te vei \u00eentoarce dup\u0103 via\u021ba ta \u00een lume. C\u0103minul t\u0103u Str\u0103vechi este o stare de leg\u0103tur\u0103 \u0219i rela\u021bie cu Familia ta Spiritual\u0103, cu Mul\u021bimea \u0219i cu Dumnezeu. <a href=\"https:\/\/www.newmessage.org\/ro\/mesajul\/volumul-1\/unicul-dumnezeu\/separatia\/\">Afl\u0103 mai multe&#8230;<\/a><\/p>\n","protected":false},"excerpt":{"rendered":"<p>Noul Mesaj de la Dumnezeu dezv\u0103luie c\u0103 planeta noastr\u0103 se afl\u0103 \u00een cel mai important prag din istoria \u0219i evolu\u021bia omenirii. \u00cen acest prag, un Mesaj Nou de la Dumnezeu a sosit. El dezv\u0103luie marea schimbare ce vine \u00een lume \u0219i destinul nostru \u00een Marea Comunitate a vie\u021bii de dincolo de lumea noastr\u0103, de care\u2026 <a class=\"read-more\" href=\"https:\/\/www.v6.newmessage.org\/ro\/mesajul\/termeni-importanti\/\"><span>Read More<\/span><\/a><\/p>\n","protected":false},"author":22,"featured_media":0,"parent":26942,"menu_order":0,"comment_status":"closed","ping_status":"closed","template":"template-leftsidebar.php","meta":{"_monsterinsights_skip_tracking":false,"_monsterinsights_sitenote_active":false,"_monsterinsights_sitenote_note":"","_monsterinsights_sitenote_category":0,"footnotes":""},"categories":[],"tags":[254,629],"_links":{"self":[{"href":"https:\/\/www.v6.newmessage.org\/ro\/wp-json\/wp\/v2\/pages\/27143"}],"collection":[{"href":"https:\/\/www.v6.newmessage.org\/ro\/wp-json\/wp\/v2\/pages"}],"about":[{"href":"https:\/\/www.v6.newmessage.org\/ro\/wp-json\/wp\/v2\/types\/page"}],"author":[{"embeddable":true,"href":"https:\/\/www.v6.newmessage.org\/ro\/wp-json\/wp\/v2\/users\/22"}],"replies":[{"embeddable":true,"href":"https:\/\/www.v6.newmessage.org\/ro\/wp-json\/wp\/v2\/comments?post=27143"}],"version-history":[{"count":14,"href":"https:\/\/www.v6.newmessage.org\/ro\/wp-json\/wp\/v2\/pages\/27143\/revisions"}],"predecessor-version":[{"id":27739,"href":"https:\/\/www.v6.newmessage.org\/ro\/wp-json\/wp\/v2\/pages\/27143\/revisions\/27739"}],"up":[{"embeddable":true,"href":"https:\/\/www.v6.newmessage.org\/ro\/wp-json\/wp\/v2\/pages\/26942"}],"wp:attachment":[{"href":"https:\/\/www.v6.newmessage.org\/ro\/wp-json\/wp\/v2\/media?parent=27143"}],"wp:term":[{"taxonomy":"category","embeddable":true,"href":"https:\/\/www.v6.newmessage.org\/ro\/wp-json\/wp\/v2\/categories?post=27143"},{"taxonomy":"post_tag","embeddable":true,"href":"https:\/\/www.v6.newmessage.org\/ro\/wp-json\/wp\/v2\/tags?post=27143"}],"curies":[{"name":"wp","href":"https:\/\/api.w.org\/{rel}","templated":true}]}}