{"id":27062,"date":"2017-01-30T04:01:26","date_gmt":"2017-01-30T04:01:26","guid":{"rendered":"http:\/\/www.newmessage.org\/romanian-international\/?page_id=27062"},"modified":"2017-11-26T03:02:48","modified_gmt":"2017-11-26T03:02:48","slug":"introducerea-noului-mesaj","status":"publish","type":"page","link":"https:\/\/www.v6.newmessage.org\/ro\/introducerea-noului-mesaj\/","title":{"rendered":"Introducerea Noului Mesaj"},"content":{"rendered":"<p><a href=\"\/wp-content\/uploads\/2014\/08\/God-has-spoken-again-1.jpg\"><img loading=\"lazy\" decoding=\"async\" class=\"imgborder alignright\" src=\"\/wp-content\/uploads\/2014\/08\/God-has-spoken-again-1-400x600.jpg\" alt=\"God Has Spoken Again. The Word and the Sound are in the world.\" width=\"330\" height=\"495\" \/><\/a><\/p>\n<h3 style=\"text-align: center\">Despre Noul Mesaj<\/h3>\n<p>Bun venit la Noul Mesaj de la Dumnezeu. \u00cen mod remarcabil, de-a lungul timpului \u0219i de-a lungul  unei c\u0103l\u0103torii lungi \u0219i, probabil, misterioase \u00een via\u021b\u0103, ai sosit aici. Ai g\u0103sit Noul Mesaj de la Dumnezeu sau poate el te-a g\u0103sit pe tine. Acest lucru nu este \u00eent\u00e2mpl\u0103tor.<\/p>\n<p>Dumnezeu a vorbit din nou. Un Mesaj Nou de la Dumnezeu se afl\u0103 pe p\u0103m\u00e2nt. Acesta este miracolul dragostei \u0219i al comunic\u0103rii lui Dumnezeu pentru umanitate, desf\u0103\u0219ur\u00e2ndu-se \u00een vremea noastr\u0103, iar tu e\u0219ti printre primii care \u0219tiu de acest lucru.<\/p>\n<p>Noul Mesaj de la Dumnezeu este o comunicare original\u0103 de la Dumnezeu pentru to\u021bi oamenii din lume. Este darul comunic\u0103rii \u0219i al revela\u021biei pentru oamenii din toate na\u021biunile \u0219i religiile, oferit acum unei lumi educate cu comunica\u021bii globale \u0219i o con\u0219tien\u021b\u0103 global\u0103 tot mai mare. <\/p>\n<p>Noul Mesaj nu \u00eei este menit unui singur trib, unei singure na\u021biuni sau unui singur grup religios. Este comunicarea Domnului pentru lumea \u00eentreag\u0103. <\/p>\n<p>Aceast\u0103 comunicare are puterea s\u0103 aprind\u0103 inima spiritual\u0103 a umanit\u0103\u021bii, s\u0103 sune chemarea Domnului la unitate \u00eentre na\u021biunile \u0219i religiile lumii \u0219i s\u0103 preg\u0103teasc\u0103 umanitatea pentru o lume ce se schimb\u0103 \u00een mod radical \u0219i pentru destinul s\u0103u \u00eentr-un vast univers plin cu via\u021b\u0103 inteligent\u0103. <\/p>\n<p>Noul Mesaj i-a fost transmis lui <a href=\"https:\/\/www.newmessage.org\/ro\/cine-este-marshall-vian-summers\/\">Marshall Vian Summers<\/a> \u00een decursul unei perioade de peste 35 de ani. El a str\u0103b\u0103tut o c\u0103l\u0103torie lung\u0103 \u0219i dificil\u0103 pentru a primi Noul Mesaj al lui Dumnezeu \u0219i pentru a \u021bi-l aduce \u021bie \u0219i tuturor celor ce \u00eel pot primi. Este un om umil, trimis pe lume cu acest scop, s\u0103 fie Mesagerul unui Mesaj Nou de la Dumnezeu. <\/p>\n<h3 style=\"text-align: center\">De ce tu? <\/h3>\n<p>Oare de ce ai sosit aici? Oare de ce ai g\u0103sit Noul Mesaj de la Dumnezeu? Poate p\u0103rea un mister sau o simpl\u0103 \u00eent\u00e2mplare. \u00cens\u0103 exist\u0103 de fapt un motiv pentru care ai g\u0103sit Noul Mesaj \u00een aceast\u0103 vreme. <\/p>\n<p>C\u0103ci Dumnezeu \u00eei cheam\u0103 pe mul\u021bi oameni \u00een \u00eentreaga lume s\u0103 se trezeasc\u0103 \u0219i s\u0103 se preg\u0103teasc\u0103 pentru o via\u021b\u0103 nou\u0103 \u0219i mai \u00eenalt\u0103 \u2013 o via\u021b\u0103 tr\u0103it\u0103 cu scop, o via\u021b\u0103 cu rela\u021bii importante, tr\u0103it\u0103 \u00een slujba unei lumi aflate \u00een dificult\u0103\u021bi. Dumnezeu \u0219i <a href=\"https:\/\/www.newmessage.org\/ro\/mesajul\/termeni-importanti#aa\">Mul\u021bimea Angelic\u0103<\/a> \u00eei cheam\u0103 pe mul\u021bi oameni s\u0103 \u00ee\u0219i descopere scopul mai \u00eenalt \u0219i s\u0103 se pun\u0103 \u00een slujba umanit\u0103\u021bii acum \u0219i \u00een vremurile dificile din viitor.  <\/p>\n<p>E\u0219ti unul dintre ace\u0219ti oameni? Sim\u021bi c\u0103 via\u021ba ta are un scop \u0219i un destin mai \u00eenalt dincolo de circumstan\u021bele tale lume\u0219ti? Sim\u021bi c\u0103 sunt al\u021bii pe care trebuie s\u0103 \u00eei g\u0103se\u0219ti, ale c\u0103ror scop \u0219i destin sunt legate de ale tale? Sim\u021bi c\u0103 lumea se \u00eendreapt\u0103 spre un viitor dificil \u0219i c\u0103 trebuie s\u0103 afli ce \u00eenseamn\u0103 \u0219i cum s\u0103 te preg\u0103te\u0219ti?<\/p>\n<p>Dac\u0103 da, atunci faptul c\u0103 ai descoperit Noul Mesaj poate fi o \u00eent\u00e2lnire cu destinul. C\u0103ci Noul Mesaj ofer\u0103 un r\u0103spuns la aceste \u00eentreb\u0103ri \u0219i mult mai mult. <\/p>\n<p>Noul Mesaj ofer\u0103 o cale clar\u0103 pentru a cultiva <a href=\"https:\/\/www.newmessage.org\/ro\/mesajul\/termeni-importanti#knowledge\">Cunoa\u0219tere<\/a>, inteligen\u021ba mai ad\u00e2nc\u0103 ce tr\u0103ie\u0219te \u00een\u0103untrul t\u0103u, care \u00ee\u021bi poate dezv\u0103lui scopul mai \u00eenalt \u0219i rela\u021biile predestinate pe p\u0103m\u00e2nt. <\/p>\n<h3 style=\"text-align: center\">De ce acum?<\/h3>\n<p>\u00cen mod remarcabil, tr\u0103ie\u0219ti \u00eentr-un moment decisiv \u00een istoria omenirii. Acestea sunt vremuri cu schimb\u0103ri, dificult\u0103\u021bi \u0219i oportunit\u0103\u021bi nemaipomenite cu care toat\u0103 lumea se va confrunta. <\/p>\n<p>Riscul r\u0103zboaielor, al conflictelor religioase, al schimb\u0103rilor climatice catastrofice \u0219i al suferin\u021bei umane nu a fost niciodat\u0103 at\u00e2t de grav. \u0218i totu\u0219i, oportunitatea pentru unitate \u0219i cooperare global\u0103 nu a fost niciodat\u0103 at\u00e2t de mare. <\/p>\n<p>Indiferent de locul \u00een care te-ai n\u0103scut, de modul \u00een care ai fost crescut sau de circumstan\u021bele tale actuale, faci parte din acest capitol decisiv din istorie. Noul Mesaj ne \u00eenva\u021b\u0103 c\u0103 am fost cu to\u021bii ale\u0219i s\u0103 venim pe lume \u00een aceste vremuri, pentru a-i fi de ajutor unei umanit\u0103\u021bi aflate \u00een dificult\u0103\u021bi, pentru a \u021bine \u00een via\u021b\u0103 focul spiritual din inima umanit\u0103\u021bii \u0219i pentru a aduce darul gra\u021biei \u0219i al \u00een\u021belepciunii din <a href=\"https:\/\/www.newmessage.org\/ro\/mesajul\/termeni-importanti#home\">C\u0103minul nostru Str\u0103vechi<\/a> s\u0103 slujeasc\u0103 lumea, \u00een vreme ce se confrunt\u0103 cu cele mai mari \u00eencerc\u0103ri ale sale. Ia \u00een considerare: S\u0103 fie acesta motivul pentru care te afli aici?<\/p>\n<p>Deceniile ce vor urma vor determina destinul umanit\u0103\u021bii. Ac\u021biunile \u0219i deciziile fiec\u0103rei persoane, at\u00e2t acum, c\u00e2t \u0219i \u00een urm\u0103torii ani, vor determina soarta \u0219i viitorul familiei umane. In urm\u0103torii ani, umanitatea va alege fie o nou\u0103 cale a uniunii \u0219i a cooper\u0103rii, fie un viitor cu conflicte \u0219i declin permanent. Dumnezeu a vorbit din nou pentru c\u0103 ne afl\u0103m \u00een acest prag important.<\/p>\n<h3 style=\"text-align: center\">De ce un Mesaj Nou? <\/h3>\n<p>Noul Mesaj de la Dumnezeu a venit datorit\u0103 celor patru crize fundamentale \u00een curs de dezvoltare pe p\u0103m\u00e2nt: <\/p>\n<p>1.\t<a href=\"https:\/\/www.newmessage.org\/ro\/mesajul\/volumul-4\/marile-valuri-de-schimbari\/\">Valuri Mari<\/a> de schimb\u0103ri \u0219i tulbur\u0103ri climatice, sociale \u0219i economice se n\u0103pustesc acum asupra umanit\u0103\u021bii, aduc\u00e2nd cu ele riscul r\u0103zboiului \u0219i al suferin\u021bei umane la scar\u0103 nemaiv\u0103zut\u0103. Umanitatea a creat o calamitate global\u0103 care are puterea s\u0103 schimbe lumea a\u0219a cum o \u0219tim. Suntem nepreg\u0103ti\u021bi pentru asta. Prin intermediul Noului Mesaj, Dumnezeu \u00eei ofer\u0103 umanit\u0103\u021bii un f\u0103ga\u0219 nou \u0219i o cale a preg\u0103tirii interioare \u0219i exterioare pe care fiecare persoan\u0103 o poate urma. <\/p>\n<p>2.\tUmanitatea \u00ee\u0219i face apari\u021bia \u00eentr-o <a href=\"https:\/\/www.newmessage.org\/ro\/mesajul\/volumul-1\/marea-comunitate\/\">Comunitate Mare<\/a> a vie\u021bii inteligente din univers. Contactul a fost ini\u021biat de cei ce caut\u0103 s\u0103 profite de o ras\u0103 sl\u0103bit\u0103 \u0219i divizat\u0103. Umanitatea este nepreg\u0103tit\u0103 pentru acest lucru. Pentru prima oar\u0103, Dumnezeu dezv\u0103luie adev\u0103rata natur\u0103 a acestui contact \u0219i, al\u0103turi de ea, realitatea \u0219i spiritualitatea vie\u021bii din univers. Acesta este contextul mai larg pentru a \u00een\u021belege evolu\u021bia \u0219i destinul umanit\u0103\u021bii \u0219i modul \u00een care Dumnezeu lucreaz\u0103 \u00een aceast\u0103 lume \u0219i \u00een toate lumile.<\/p>\n<p>3.\tReligiile lumii sunt divizate \u0219i concureaz\u0103 \u00eentre ele, chiar \u0219i \u00een sinea lor. Din cauza acestor competi\u021bii \u0219i conflicte tot mai mare, ele sl\u0103besc familia uman\u0103 \u0219i creaz\u0103 mare vrajb\u0103 \u0219i divizare, \u00een vreme ce cl\u0103direa unit\u0103\u021bii umane are cea mai mare importan\u021b\u0103. Noul Mesaj ne \u00eenva\u021b\u0103 c\u0103 Dumnezeu a ini\u021biat toate religiile lumii \u0219i c\u0103 toate au fost schimbate de om.<\/p>\n<p>4.\tO mare s\u0103r\u0103cie l\u0103untric\u0103 este sim\u021bit\u0103 de toat\u0103 lumea, \u00een \u021b\u0103rile bogate \u0219i \u00een cele s\u0103race, o ruptur\u0103 \u00een con\u0219tien\u021ba unui sens, a unor rela\u021bii \u0219i a unei direc\u021bii mai \u00eenalte \u00een via\u021b\u0103. Oamenii din jurul lumii tr\u0103iesc \u0219i sufer\u0103 cu un dor spiritual profund. Dumnezeu a r\u0103spuns la aceast\u0103 nevoie \u0219i la acest dor prin trezirea puterii spirituale a <a href=\"https:\/\/www.newmessage.org\/ro\/mesajul\/termeni-importanti#knowledge\">Cunoa\u0219terii<\/a> din\u0103untrul fiec\u0103rei persoane ce poate r\u0103spunde. Cunoa\u0219terea este leg\u0103tura noastr\u0103 cu Dumnezeu. Persoanele c\u0103l\u0103uzite de Cunoa\u0219tere vor face toat\u0103 diferen\u021ba \u00een determinarea sor\u021bii \u0219i a viitorului lumii noastre.    <\/p>\n<p>Ca urmare a acestor patru crize, Dumnezeu i-a vorbit din nou lumii, oferind un avertisment, o binecuv\u00e2ntare \u0219i o preg\u0103tire pentru toate na\u021biunile, triburile \u0219i religiile umanit\u0103\u021bii.<\/p>\n<h3 style=\"text-align: center\">Destinul nostru<\/h3>\n<p>Noul Mesaj dezv\u0103luie faptul c\u0103 umanitatea are un destin mai \u00eenalt ca ras\u0103 liber\u0103 \u0219i unit\u0103 \u00een lumea noastr\u0103 \u0219i \u00een Marea Comunitate a vie\u021bii din univers. Umanitatea de\u021bine puterea de a rezolva conflictele \u0219i de a restaura mediul de pe P\u0103m\u00e2nt pentru a fi un c\u0103min statornic pe viitor. Umanitatea de\u021bine mari daruri \u0219i abilit\u0103\u021bi spirituale ce trebuiesc protejate, scoase la lumin\u0103 \u0219i cultivate peste tot \u00een lume. Aceasta este marea oportunitate \u0219i marea necesitate ce ni se afl\u0103 acum \u00een fa\u021ba ochilor.  <\/p>\n<p>Dar cum putem face asta? Cum poate umanitatea s\u0103 se \u00eendep\u0103rteze de cursul nes\u0103buit \u0219i dezastruos pe care se afl\u0103 acum? \u00cen vreme ce Valuri Mari de schimb\u0103ri climatice, politice \u0219i economice amenin\u021b\u0103 interesele \u0219i siguran\u021ba personal\u0103 a tuturor oamenilor, ce poate inspira \u0219i insufla o motiva\u021bie \u0219i o inspira\u021bie superioar\u0103 \u00een familia uman\u0103? <\/p>\n<p>\u00cen cele din urm\u0103, Cunoa\u0219terea, puterea spiritual\u0103 mai ad\u00e2nc\u0103 din\u0103untrul tuturor oamenilor, este cea care poate inspira ac\u021biunile \u0219i motiva\u021bia necesar\u0103 ca fiecare persoan\u0103 s\u0103 \u00ee\u0219i g\u0103seasc\u0103 scopul mai \u00eenalt \u00een via\u021b\u0103 \u0219i, \u00een ultima instan\u021b\u0103, ca umanitatea s\u0103 aleag\u0103 unitatea \u0219i cooperarea \u00een locul competi\u021biei, diviz\u0103rii \u0219i r\u0103zboiului. <\/p>\n<p>Dumnezeu a trimis o Revela\u021bie Nou\u0103 s\u0103 trezeasc\u0103 aceast\u0103 putere spiritual\u0103 \u00een to\u021bi oamenii \u0219i s\u0103 inspire o viziune \u0219i o abilitate superioar\u0103 pentru a cl\u0103di un viitor mult mai bun fa\u021b\u0103 de trecutul nostru. Aici, Dumnezeu lucreaz\u0103 prin oamenii din toate na\u021biunile \u0219i tradi\u021biile religioase, \u00een toate situa\u021biile, lucr\u00e2nd din\u0103untru \u00een afar\u0103. <\/p>\n<p>Un mare ajutor \u00eei este oferit acum lumii din partea lui Dumnezeu \u0219i a <a href=\"https:\/\/www.newmessage.org\/ro\/mesajul\/termeni-importanti#aa\">Mul\u021bimii Angelice<\/a>, care traduce voin\u021ba lui Dumnezeu \u00een limba \u0219i \u00een\u021belegerea uman\u0103. Ajutorul a sosit. Dumnezeu a vorbit din nou. Exist\u0103 un f\u0103ga\u0219 nou pentru tine \u0219i pentru lumea \u00eentreag\u0103. <\/p>\n<h3 style=\"text-align: center\">De unde \u00eencepi? <\/h3>\n<p>Ai g\u0103sit Noul Mesaj de la Dumnezeu, dar ce \u00eenseamn\u0103 acest lucru? Ce faci \u00een continuare? Ia-\u021bi timp s\u0103 fii cu importan\u021ba acestei descoperiri \u0219i ia \u00een considerare urm\u0103torii pa\u0219i pe care \u00eei po\u021bi urma: <\/p>\n<p><a href=\"https:\/\/www.newmessage.org\/ro\/mesajul\/volumul-1\/dumnezeu-a-vorbit-din-nou\/\">Cite\u0219te \u0219i ascult\u0103 Vocea Revela\u021biei<\/a><br \/>\nCite\u0219te <a href=\"https:\/\/www.newmessage.org\/ro\/mesajul\/volumul-1\/dumnezeu-a-vorbit-din-nou\/\">Proclama\u021bia<\/a>, apoi ascult\u0103 revela\u021biile originale ale Noului Mesaj:<br \/>\n\u25cf\t<a href=\"https:\/\/www.newmessage.org\/ro\/mesajul\/volumul-1\/dumnezeu-a-vorbit-din-nou\/recitarea\/\">Recitarea<\/a><br \/>\n\u25cf\t<a href=\"https:\/\/www.newmessage.org\/ro\/mesajul\/volumul-1\/dumnezeu-a-vorbit-din-nou\/implicarea\/\">Implicarea<\/a><br \/>\n\u25cf\t<a href=\"https:\/\/www.newmessage.org\/ro\/mesajul\/volumul-1\/dumnezeu-a-vorbit-din-nou\/initierea\/\">Ini\u021bierea<\/a><\/p>\n<p><a href=\"https:\/\/www.newmessage.org\/ro\/introducere-a-noului-mesaj\/intrebari-frecvente\/\">Cite\u0219te r\u0103spunsurile la \u00eentreb\u0103rile frecvente<\/a><br \/>\nCite\u0219te r\u0103spunsurile la <a href=\"https:\/\/www.newmessage.org\/ro\/introducere-a-noului-mesaj\/intrebari-frecvente\/\">\u00eentreb\u0103rile generale despre Noul Mesaj de la Dumnezeu<\/a>: ce reprezint\u0103, de ce se afl\u0103 aici \u0219i cum a fost primit. <\/p>\n<p><a href=\"https:\/\/www.newmessage.org\/ro\/cine-este-marshall-vian-summers\/\">Cite\u0219te Povestea Mesagerului<\/a><br \/>\nMarshall Vian Summers \u0219i-a oferit ultimii 35 de ani din via\u021b\u0103 pentru a primi Noul Mesaj de la Dumnezeu. Cite\u0219te <a href=\"https:\/\/www.newmessage.org\/ro\/cine-este-marshall-vian-summers\/\">povestea Mesagerului<\/a> \u0219i afl\u0103 mai multe despre omul responsabil pentru aducerea Noului Mesaj pe P\u0103m\u00e2nt. <\/p>\n<p><a href=\"https:\/\/www.newmessage.org\/gods-messenger\/the-messenger-speaks\">Ascult\u0103-l pe Mesager vorbind<\/a><br \/>\nMesagerul este \u00een via\u021b\u0103 ast\u0103zi \u00een lume. Periodic, el p\u0103\u0219e\u0219te \u00een fa\u021b\u0103 cu un mesaj pentru \u00eentreaga lume \u0219i pentru studen\u021bii Noului Mesaj. <a href=\"https:\/\/www.newmessage.org\/gods-messenger\/the-messenger-speaks\">Ascult\u0103 transmisiunea Mesagerului<\/a>. <\/p>\n<p><a href=\"https:\/\/www.newmessage.org\/ro\/mesajul\/volumul-3\/pasi-catre-cunoastere\/\">F\u0103 c\u0103l\u0103toria din Pa\u0219i c\u0103tre Cunoa\u0219tere<\/a><br \/>\nDumnezeu a furnizat <a href=\"https:\/\/www.newmessage.org\/ro\/mesajul\/volumul-3\/pasi-catre-cunoastere\/\">Pa\u0219i c\u0103tre Cunoa\u0219tere<\/a> ca o cale pe care fiecare persoan\u0103 o poate urma pentru a cultiva aceast\u0103 putere l\u0103untric\u0103 \u0219i abilitate superioar\u0103 \u00een via\u021b\u0103. <\/p>\n<p><a href=\"https:\/\/www.newmessage.org\/free-school\">Al\u0103tur\u0103-te \u0218colii Gratuite a Noului Mesaj<\/a><br \/>\nAl\u0103tur\u0103-te \u0218colii Gratuite a Noului Mesaj, format\u0103 din studen\u021bi din peste 70 de \u021b\u0103ri, care \u00eenva\u021b\u0103 \u0219i tr\u0103iesc Noul Mesaj de la Dumnezeu. Particip\u0103 s\u0103pt\u0103m\u00e2nal la \u201eCampfire Chat\u201d \u0219i la \u00eenv\u0103\u021b\u0103turile live ale difuz\u0103rii \u201eFireside Broadcast\u201d.  <\/p>\n<div class=\"toggle toggle-white\"><h4 class=\"trigger \"><span class=\"t_ico\"><\/span><a href=\"#\">Exploreaz\u0103 mai multe din Biblioteca Noului Mesaj<\/a><\/h4><div class=\"toggle_container \"><br \/>\n<div data-post-id='more-about-the-volumes' class='insert-page insert-page-more-about-the-volumes '><\/div><br \/>\n<\/div><\/div>\n","protected":false},"excerpt":{"rendered":"<p>Despre Noul Mesaj Bun venit la Noul Mesaj de la Dumnezeu. \u00cen mod remarcabil, de-a lungul timpului \u0219i de-a lungul unei c\u0103l\u0103torii lungi \u0219i, probabil, misterioase \u00een via\u021b\u0103, ai sosit aici. Ai g\u0103sit Noul Mesaj de la Dumnezeu sau poate el te-a g\u0103sit pe tine. Acest lucru nu este \u00eent\u00e2mpl\u0103tor. Dumnezeu a vorbit din nou.\u2026 <a class=\"read-more\" href=\"https:\/\/www.v6.newmessage.org\/ro\/introducerea-noului-mesaj\/\"><span>Read More<\/span><\/a><\/p>\n","protected":false},"author":22,"featured_media":0,"parent":0,"menu_order":0,"comment_status":"closed","ping_status":"closed","template":"template-leftsidebar.php","meta":{"_monsterinsights_skip_tracking":false,"_monsterinsights_sitenote_active":false,"_monsterinsights_sitenote_note":"","_monsterinsights_sitenote_category":0,"footnotes":""},"categories":[1],"tags":[745,611],"_links":{"self":[{"href":"https:\/\/www.v6.newmessage.org\/ro\/wp-json\/wp\/v2\/pages\/27062"}],"collection":[{"href":"https:\/\/www.v6.newmessage.org\/ro\/wp-json\/wp\/v2\/pages"}],"about":[{"href":"https:\/\/www.v6.newmessage.org\/ro\/wp-json\/wp\/v2\/types\/page"}],"author":[{"embeddable":true,"href":"https:\/\/www.v6.newmessage.org\/ro\/wp-json\/wp\/v2\/users\/22"}],"replies":[{"embeddable":true,"href":"https:\/\/www.v6.newmessage.org\/ro\/wp-json\/wp\/v2\/comments?post=27062"}],"version-history":[{"count":16,"href":"https:\/\/www.v6.newmessage.org\/ro\/wp-json\/wp\/v2\/pages\/27062\/revisions"}],"predecessor-version":[{"id":27825,"href":"https:\/\/www.v6.newmessage.org\/ro\/wp-json\/wp\/v2\/pages\/27062\/revisions\/27825"}],"wp:attachment":[{"href":"https:\/\/www.v6.newmessage.org\/ro\/wp-json\/wp\/v2\/media?parent=27062"}],"wp:term":[{"taxonomy":"category","embeddable":true,"href":"https:\/\/www.v6.newmessage.org\/ro\/wp-json\/wp\/v2\/categories?post=27062"},{"taxonomy":"post_tag","embeddable":true,"href":"https:\/\/www.v6.newmessage.org\/ro\/wp-json\/wp\/v2\/tags?post=27062"}],"curies":[{"name":"wp","href":"https:\/\/api.w.org\/{rel}","templated":true}]}}