{"id":27026,"date":"2017-01-23T17:11:41","date_gmt":"2017-01-23T17:11:41","guid":{"rendered":"http:\/\/www.newmessage.org\/romanian-international\/?page_id=27026"},"modified":"2019-03-27T05:22:04","modified_gmt":"2019-03-27T05:22:04","slug":"viata-cea-noua","status":"publish","type":"page","link":"https:\/\/www.v6.newmessage.org\/ro\/mesajul\/volumul-1\/viata-cea-noua\/","title":{"rendered":"C\u0103l\u0103toria c\u0103tre o via\u021b\u0103 nou\u0103"},"content":{"rendered":"<p><img decoding=\"async\" class=\"alignright size-full wp-image-38318 imgborder\" src=\"https:\/\/www.newmessage.org\/wp-content\/uploads\/2019\/03\/Book-5_JNL_color.jpg\" alt=\"\" \/><\/p>\n<p><em>C\u0103l\u0103toria c\u0103tre o via\u021b\u0103 nou\u0103<\/em> \u00ee\u021bi prezint\u0103 c\u0103l\u0103toria c\u0103tre descoperirea scopului t\u0103u mai \u00eenalt \u0219i a marilor tale rela\u021bii \u00een via\u021b\u0103. Astfel, <em>C\u0103l\u0103toria c\u0103tre o via\u021b\u0103 nou\u0103<\/em> dezv\u0103luie adev\u0103rata cauz\u0103 a confuziei, a izol\u0103rii \u0219i a suferin\u021bei l\u0103untrice sim\u021bite de to\u021bi oamenii din lume \u0219i calea rezolv\u0103rii pe care Creatorul vie\u021bii o ofer\u0103 acum. <\/p>\n<p>Aici Dumnezeu te cheam\u0103 s\u0103 te treze\u0219ti din visul \u0219i co\u0219marul Separa\u021biei \u0219i s\u0103 \u00eencepi o c\u0103l\u0103torie nou\u0103 \u00een via\u021b\u0103, \u00een care \u00ee\u021bi vei descoperi \u0219i cultiva leg\u0103tura cu Cunoa\u0219terea, cugetul spiritual mai ad\u00e2nc pe care Dumnezeu l-a pus \u00een\u0103untrul t\u0103u pentru a te c\u0103l\u0103uzi \u0219i a te proteja. Aceast\u0103 c\u0103l\u0103torie a trezirii \u0219i a \u00eentoarcerii te va aduce la scopul t\u0103u ini\u021bial cu care ai venit pe lume, la amintirea celor care te-au trimis \u0219i la marea contribu\u021bie pe care e\u0219ti menit s\u0103 o oferi.  <\/p>\n<p>Aici \u00eencepe un proces sf\u00e2nt care are puterea s\u0103 te elibereze de trecut \u0219i s\u0103 te preg\u0103teasc\u0103 pentru o via\u021b\u0103 nou\u0103 \u0219i mai \u00eenalt\u0103 \u00een viitor. <\/p>\n<p>Fiecare capitol din <em>C\u0103l\u0103toria c\u0103tre o via\u021b\u0103 nou\u0103<\/em> este o revela\u021bie oferit\u0103 din partea Sursei, elaborat\u0103 \u00een forma acestui text de Mesagerul Marshall Vian Summers.<\/p>\n<p><em>C\u0103l\u0103toria c\u0103tre o via\u021b\u0103 nou\u0103<\/em> este cartea a cincea din <a href=\"https:\/\/www.newmessage.org\/ro\/mesajul\/volumul-1\/\">Volumul 1<\/a> al Noului Mesaj de la Dumnezeu.<\/p>\n<div class=\"toggle toggle-white\"><h4 class=\"trigger \"><span class=\"t_ico\"><\/span><a href=\"#\">Exploreaz\u0103 mai multe din Biblioteca Noului Mesaj<\/a><\/h4><div class=\"toggle_container \"><br \/>\n<div data-post-id='more-about-the-volumes' class='insert-page insert-page-more-about-the-volumes '><\/div><br \/>\n<\/div><\/div>\n<div class=\"background-color-bridesmaid padding-20\">\n<h2 style=\"text-align: left\"><span style=\"color: #525252\">Cuprins<\/span><\/h2>\n<p>Capitolul 1: Trezirea<br \/>\nCapitolul 2: <a href=\"https:\/\/www.newmessage.org\/ro\/mesajul\/volumul-1\/viata-cea-noua\/calatoria-catre-libertate\/\">C\u0103l\u0103toria c\u0103tre libertate<\/a><br \/>\nCapitolul 3: \u00cenchisoarea<br \/>\nCapitolul 4: Revolu\u021bia<br \/>\nCapitolul 5: Punctul de cotitur\u0103<br \/>\nCapitolul 6: <a href=\"https:\/\/www.newmessage.org\/ro\/mesajul\/volumul-1\/viata-cea-noua\/darul-unei-vieti-noi\/\">Darul unei Vie\u021bi Noi<\/a><br \/>\nCapitolul 7: C\u0103l\u0103toria c\u0103tre o via\u021b\u0103 nou\u0103<br \/>\nCapitolul 8: Scopul \u0219i destinul t\u0103u<br \/>\nCapitolul 9: Construirea pun\u021bii c\u0103tre o via\u021b\u0103 nou\u0103<br \/>\nCapitolul 10: Curajul \u0219i voin\u021ba de a te preg\u0103ti<br \/>\nCapitolul 11: Cultivarea t\u0103riei \u0219i a rezisten\u021bei<br \/>\nCapitolul 12: Preg\u0103tirea pentru un rol mai mare \u00een lume<br \/>\nCapitolul 13: Marele adev\u0103r<br \/>\nCapitolul 14: E\u0219ti aici cu un scop mai \u00eenalt<\/p>\n<\/div>\n","protected":false},"excerpt":{"rendered":"<p>C\u0103l\u0103toria c\u0103tre o via\u021b\u0103 nou\u0103 \u00ee\u021bi prezint\u0103 c\u0103l\u0103toria c\u0103tre descoperirea scopului t\u0103u mai \u00eenalt \u0219i a marilor tale rela\u021bii \u00een via\u021b\u0103. Astfel, C\u0103l\u0103toria c\u0103tre o via\u021b\u0103 nou\u0103 dezv\u0103luie adev\u0103rata cauz\u0103 a confuziei, a izol\u0103rii \u0219i a suferin\u021bei l\u0103untrice sim\u021bite de to\u021bi oamenii din lume \u0219i calea rezolv\u0103rii pe care Creatorul vie\u021bii o ofer\u0103 acum. Aici\u2026 <a class=\"read-more\" href=\"https:\/\/www.v6.newmessage.org\/ro\/mesajul\/volumul-1\/viata-cea-noua\/\"><span>Read More<\/span><\/a><\/p>\n","protected":false},"author":22,"featured_media":0,"parent":16287,"menu_order":0,"comment_status":"closed","ping_status":"closed","template":"template-leftsidebar.php","meta":{"_monsterinsights_skip_tracking":false,"_monsterinsights_sitenote_active":false,"_monsterinsights_sitenote_note":"","_monsterinsights_sitenote_category":0,"footnotes":""},"categories":[462,460],"tags":[756,609,634],"_links":{"self":[{"href":"https:\/\/www.v6.newmessage.org\/ro\/wp-json\/wp\/v2\/pages\/27026"}],"collection":[{"href":"https:\/\/www.v6.newmessage.org\/ro\/wp-json\/wp\/v2\/pages"}],"about":[{"href":"https:\/\/www.v6.newmessage.org\/ro\/wp-json\/wp\/v2\/types\/page"}],"author":[{"embeddable":true,"href":"https:\/\/www.v6.newmessage.org\/ro\/wp-json\/wp\/v2\/users\/22"}],"replies":[{"embeddable":true,"href":"https:\/\/www.v6.newmessage.org\/ro\/wp-json\/wp\/v2\/comments?post=27026"}],"version-history":[{"count":17,"href":"https:\/\/www.v6.newmessage.org\/ro\/wp-json\/wp\/v2\/pages\/27026\/revisions"}],"predecessor-version":[{"id":27909,"href":"https:\/\/www.v6.newmessage.org\/ro\/wp-json\/wp\/v2\/pages\/27026\/revisions\/27909"}],"up":[{"embeddable":true,"href":"https:\/\/www.v6.newmessage.org\/ro\/wp-json\/wp\/v2\/pages\/16287"}],"wp:attachment":[{"href":"https:\/\/www.v6.newmessage.org\/ro\/wp-json\/wp\/v2\/media?parent=27026"}],"wp:term":[{"taxonomy":"category","embeddable":true,"href":"https:\/\/www.v6.newmessage.org\/ro\/wp-json\/wp\/v2\/categories?post=27026"},{"taxonomy":"post_tag","embeddable":true,"href":"https:\/\/www.v6.newmessage.org\/ro\/wp-json\/wp\/v2\/tags?post=27026"}],"curies":[{"name":"wp","href":"https:\/\/api.w.org\/{rel}","templated":true}]}}