{"id":20897,"date":"2015-08-12T17:43:27","date_gmt":"2015-08-12T17:43:27","guid":{"rendered":"http:\/\/www.newmessage.org\/?page_id=20897"},"modified":"2017-11-26T03:05:44","modified_gmt":"2017-11-26T03:05:44","slug":"mai-multe-pe-viitor","status":"publish","type":"page","link":"https:\/\/www.v6.newmessage.org\/ro\/mai-multe-pe-viitor\/","title":{"rendered":"Mai multe pe viitor&#8230;"},"content":{"rendered":"<p>\u00cen acest moment, Mesagerul <a href=\"https:\/\/www.newmessage.org\/ro\/cine-este-marshall-vian-summers\/\">Marshall Vian Summers<\/a> este implicat \u00een proiectul istoric de elaborare complet\u0103 a c\u0103r\u021bilor \u0219i volumelor din Noul Mesaj de la Dumnezeu. \u00cen acela\u0219i timp, procesul misterios al Revela\u021biei continu\u0103. Dumnezeu continu\u0103, prin <a href=\"https:\/\/www.newmessage.org\/ro\/mesajul\/termeni-importanti#aa\">Mul\u021bimea Angelic\u0103<\/a>, s\u0103 transmit\u0103 Revela\u021bii noi prin Mesagerul acestor vremuri, care, \u00eentr-un final, \u00ee\u0219i vor g\u0103si locul \u00een c\u0103r\u021bile \u0219i volumele Noului Mesaj.<\/p>\n<p>A\u0219adar, pe m\u0103sur\u0103 ce Mesagerul continu\u0103 aceast\u0103 lucrare istoric\u0103 de elaborare, iar pe m\u0103sur\u0103 ce Dumnezeu \u0219i <a href=\"https:\/\/www.newmessage.org\/ro\/mesajul\/termeni-importanti#aa\">Mul\u021bimea Angelic\u0103<\/a> continu\u0103 s\u0103 dezv\u0103luie mai multe prin Mesagerul lor, c\u0103r\u021bile \u0219i volumele disponibile aici pe NewMessage.org vor continua s\u0103 creasc\u0103, deschiz\u00e2nd dimensiuni noi, \u00eendrum\u00e2ndu-ne \u0219i preg\u0103tindu-ne pentru vremurile ce vor veni. <\/p>\n<p>Acum tr\u0103im \u00een vremuri de Revela\u021bie. Suntem binecuv\u00e2nta\u021bi s\u0103 fim martori la procesul Revela\u021biei, care are loc sub privirile noastre. Suntem privilegia\u021bi s\u0103 fim martori la elaborarea unui testament nou pentru umanitate de c\u0103tre Mesagerul Domnului, \u00een timpul vie\u021bii sale \u0219i conform \u00eendrum\u0103rii ce i-a fost oferit\u0103 de Creator. Acest lucru se deosebe\u0219te de faptul c\u0103 vechile c\u0103r\u021bi de Revela\u021bie nu au fost elaborate \u0219i prezentate de Mesageri \u00een timpul vie\u021bii acestora, duc\u00e2nd a\u0219adar la probleme \u00een interpretare \u0219i la coruperea textelor originale de-a lungul timpului.  <\/p>\n<p><strong>Mai multe despre procesul de revela\u021bie \u0219i elaborare<\/strong><br \/>\nCu peste 9,000 de pagini de text (cu aproape 1,000 de revela\u021bii audio la baz\u0103), Noul Mesaj de la Dumnezeu este cea mai vast\u0103 \u0219i cea mai cuprinz\u0103toare Revela\u021bie oferit\u0103 vreodat\u0103 umanit\u0103\u021bii, oferit\u0103 acum unei lumi educate cu comunica\u021bii globale \u0219i cu o con\u0219tien\u021b\u0103 global\u0103 tot mai mare. Amploarea \u0219i profunzimea acestui volum de texte sfinte le dep\u0103\u0219esc pe cele ale oric\u0103rei Revela\u021bii anterioare \u0219i a fost oferit pentru a r\u0103spunde la setul complex de necesit\u0103\u021bi \u0219i \u00eencerc\u0103ri globale cu care se confrunt\u0103 lumea modern\u0103 at\u00e2t \u00een prezent, c\u00e2t \u0219i pe viitor.<\/p>\n<p>\u00cen fiecare zi, <a href=\"https:\/\/www.newmessage.org\/ro\/despre-the-society\/\">The Society for the New Message from God<\/a>, printre multele alte sarcini importante ale sale \u0219i cu resurse limitate, lucreaz\u0103 pentru a oferi aceast\u0103 mare Revela\u021bie, pun\u00e2nd-o la dispozi\u021bia lumii \u00een c\u00e2t mai multe limbi posibil (21 de limbi \u00een prezent pe l\u00e2ng\u0103 limba englez\u0103), \u00een formate multiple (online, c\u0103r\u021bi tip\u0103rite, c\u0103r\u021bi electronice, videoclipuri), lucr\u00e2nd pentru a o pune la dispozi\u021bia oamenilor de pe fiecare continent, din fiecare \u021bar\u0103.    <\/p>\n<p>\u00cens\u0103 \u00een spatele scenei are loc un proiect \u0219i mai mare. Acum \u0219i \u00een urm\u0103torii ani, Mesagerul se aproprie de s\u0103v\u00e2r\u0219irea marii sale misiuni de a elabora Noul Mesaj de la Dumnezeu \u00een Singura Carte \u0219i de a-i prezenta lumii acest testament nou.<\/p>\n<h4>Singura Carte a Noului Mesaj<\/h4>\n<h4><a href=\"https:\/\/www.newmessage.org\/wp-content\/uploads\/2015\/08\/Volume-1-CD-Cover.jpg\"><img decoding=\"async\" class=\"size-medium  imgborder alignright\" src=\"https:\/\/www.newmessage.org\/wp-content\/uploads\/2015\/08\/Volume-1-CD-Cover-172x300.jpg\" alt=\"The New Message from God\" \/><\/a><\/h4>\n<h4><\/h4>\n<p><a href=\"https:\/\/www.newmessage.org\/ro\/mesajul\/termeni-importanti#aa\">Mul\u021bimea Angelic\u0103<\/a> l-a \u00eendrumat pe Mesager s\u0103 unifice Noul Mesaj \u00eentr-un singur testament pentru omenire. Acest testament va fi \u00eemp\u0103r\u021bit \u00een volume: fiecare volum este \u00eemp\u0103r\u021bit \u00een c\u0103r\u021bi; fiecare carte este \u00eemp\u0103r\u021bit\u0103 \u00een capitole, iar textul fiec\u0103rui capitol este prezentat \u00een versuri.<\/p>\n<p>A\u0219adar, structura viitoare a Noului Mesaj ar putea fi exprimat\u0103 \u00een acest fel: <strong>Volum &gt; Carte &gt; Capitol &gt; Vers <\/strong>. \u00cen \u00eentregimea lor, aceste volume, c\u0103r\u021bi \u0219i capitole vor fi unificate, \u00eentr-un final, \u00eentr-un singur testament: Noul Mesaj de la Dumnezeu.<\/p>\n<p>\u00cen Noul Mesaj, exist\u0103 dou\u0103 feluri de c\u0103r\u021bi: cele oferite drept c\u0103r\u021bi din partea Sursei \u0219i cele elaborate sub form\u0103 de c\u0103r\u021bi de c\u0103tre Mesager din sutele de revela\u021bii individuale.<\/p>\n<p>Revela\u021biile individuale au fost oferite \u00een decursul unei perioade de 43 de ani \u0219i, \u00een ultimii ani, \u00een <a href=\"https:\/\/www.newmessage.org\/ro\/despre-comunitatea-globala\/\">loca\u021bii din \u00eentreaga lume<\/a>. Aceste revela\u021bii individuale sunt elaborate acum sub form\u0103 de c\u0103r\u021bi de c\u0103tre Mesager, care este singurul \u00eens\u0103rcinat cu organizarea \u0219i prezentarea Noului <a href=\"https:\/\/www.newmessage.org\/wp-content\/uploads\/2015\/08\/Volumes-Books-InfoGraphic.001.jpg\"><img loading=\"lazy\" decoding=\"async\" class=\" imgborder alignright \" src=\"https:\/\/www.newmessage.org\/wp-content\/uploads\/2015\/08\/Volumes-Books-InfoGraphic.001-279x300.jpg\" alt=\"About the Volumes and Books of the New Message from God\" width=\"250\" height=\"269\" \/><\/a>Mesaj de la Dumnezeu. A\u0219adar, este sarcina Mesagerului s\u0103 str\u00e2ng\u0103 revela\u021biile individuale \u0219i s\u0103 le uneasc\u0103 cu c\u0103r\u021bile existente ale Noului Mesaj pentru a fi un testament complet pentru umanitate. \u00cen acela\u0219i timp, el trebuie s\u0103-i prezinte umanit\u0103\u021bii acest testament \u0219i s\u0103-l aduc\u0103 la oamenii din jurul lumii care sunt preg\u0103ti\u021bi s\u0103-l primeasc\u0103. Aceasta este o sarcin\u0103 colosal\u0103.<\/p>\n<p>Elaborarea \u00eentregului Mesaj Nou este un proiect \u00een desf\u0103\u0219urare, care va fi \u00eentreprins pe parcursul unei perioade lungi. \u00cen acela\u0219i timp, Revela\u021bia continu\u0103 s\u0103 fie primit\u0103, \u00eenv\u0103\u021b\u0103turi noi fiind oferite \u00een fiecare an. Ca urmare, selec\u021bia capitolelor din fiecare carte se poate schimba. A\u0219adar, este posibil ca \u0219i titlul c\u0103r\u021bilor s\u0103 se schimbe pentru a reflecta amploarea cresc\u00e2nd\u0103 a fiec\u0103rei c\u0103r\u021bi. <\/p>\n<p>C\u0103r\u021bile Noului Mesaj vor fi cuprinse \u00een \u0219ase volume \u00een cele din urm\u0103. Fiecare volum va cre\u0219te \u00een dimensiune cu timpul, pe m\u0103sur\u0103 ce noi revela\u021bii vor fi oferite din partea Sursei \u0219i pe m\u0103sur\u0103 ce Mesagerul va elabora c\u0103r\u021bi noi \u0219i le va plasa \u00een volumul corespunz\u0103tor. <\/p>\n<p>\u00cen cele din urm\u0103, cele \u0219ase volume vor fi unite \u00eentr-un singur testament pentru umanitate. Acest testament nou va cuprinde fiecare cuv\u00e2nt din Noul Mesaj de la Dumnezeu pentru aceast\u0103 lume. <\/p>\n<p>Pentru prima dat\u0103 \u00een istorie, \u00eensu\u0219i Mesagerul elaboreaz\u0103 \u0219i prezint\u0103 textul pur al Revela\u021biei Domnului. Aici Mesagerul sigileaz\u0103 \u00een puritate textele Noului Mesaj de la Dumnezeu \u0219i vi le ofer\u0103 \u021bie, lumii \u0219i tuturor oamenilor \u00een viitor. Fie c\u0103 aceste texte vor fi citite ast\u0103zi, fie \u00een 500 de ani de acum, comunicarea original\u0103 a Domnului va vorbi din aceste pagini cu aceea\u0219i intimitate, puritate \u0219i putere ca \u00een ziua \u00een care a fost rostit\u0103. <\/p>\n<p>De asemenea, un num\u0103r mare de \u00eenregistr\u0103ri audio ale acestor Revela\u021bii rostite vor fi f\u0103cute disponibile al\u0103turi de texte. Acestea \u00eei va oferi individului un loc pentru intimitate \u0219i apropiere personal\u0103 fa\u021b\u0103 de transmiterea original\u0103 a comunic\u0103rii Domnului pentru aceast\u0103 lume, \u00een ziua, \u00een locul, \u00een momentul \u00een care a fost rostit\u0103. \u00cen mod remarcabil, pentru prima dat\u0103 \u00een istorie, <a href=\"https:\/\/www.newmessage.org\/ro\/mesajul\/termeni-importanti#voice\">Vocea Revela\u021biei<\/a> a fost p\u0103strat\u0103 \u0219i va fi disponibil\u0103 pe viitor ca to\u021bi oamenii s\u0103 o experimenteze. <\/p>\n<p>Acest dar \u00eei este oferit acum \u00eentregii lumi. S-a n\u0103scut din dragostea Creatorului, o mare dragoste ce are puterea de a trezi <a href=\"https:\/\/www.newmessage.org\/ro\/mesajul\/termeni-importanti#knowledge\">Cunoa\u0219terea<\/a> din inima familiei umane \u0219i de a preg\u0103ti \u0219i proteja umanitatea, pe m\u0103sur\u0103 ce se confrunt\u0103 cu cele mai mari \u00eencerc\u0103ri ale sale \u00een viitor. <\/p>\n<p><strong>C\u0103r\u021bi online <\/strong><br \/>\nThe Society se str\u0103duie\u0219te s\u0103 fac\u0103 Noul Mesaj disponibil gratuit, online, pentru \u00eentreaga lume. \u00cen prezent, mai multe c\u0103r\u021bi din Noul Mesaj sunt disponibile gratuit pe www.NewMessage.org. Po\u021bi <a href=\"https:\/\/www.newmessage.org\/ro\/mesajul\/\">explora biblioteca ce con\u021bine c\u0103r\u021bi online gratuite aici<\/a>.<\/p>\n<p><strong>C\u0103r\u021bi tip\u0103rite <\/strong><br \/>\n<a href=\"https:\/\/www.newmessage.org\/ro\/despre-the-society\/\">The Society<\/a> ofer\u0103 \u00een prezent c\u00e2teva c\u0103r\u021bi tip\u0103rite din Noul Mesaj. \u00cens\u0103, din cauza m\u0103rimii imense a Noului Mesaj dezv\u0103luit, momentan The Society nu poate s\u0103 tip\u0103reasc\u0103 cele \u0219ase volume ale Noului Mesaj \u00een \u00eentregime. Pentru a cump\u0103ra un exemplar tip\u0103rit din c\u0103r\u021bile Noului Mesaj disponibile \u00een prezent, v\u0103 rug\u0103m s\u0103 vizita\u021bi <a href=\"https:\/\/newknowledgelibrary.org\">magazinul Bibliotecii New Knowledge<\/a>.  <\/p>\n<p><strong>CD-uri \u0219i mp3-uri audio <\/strong><br \/>\nAnumite revela\u021bii despre studen\u021bia \u00een Noul Mesaj sunt disponibile ca CD-uri \u0219i mp3-uri pl\u0103tite. Din cauza realit\u0103\u021bilor financiare de a-i aduce \u00eentregii lumi un Mesaj Nou, <a href=\"https:\/\/www.newmessage.org\/ro\/despre-the-society\/\">The Society<\/a> ofer\u0103 anumite \u00cenv\u0103\u021b\u0103turi cu plat\u0103 la un pre\u021b modest \u00een magazinul Bibliotecii New Knowledge. <\/p>\n<p><strong>Proiectul c\u0103r\u021bilor gratuite <\/strong><br \/>\nPe m\u0103sur\u0103 ce sprijinul financiar cre\u0219te, The Society va putea face disponibile online, gratuit, mai multe dintre aceste \u00eenv\u0103\u021b\u0103turi pline de \u00een\u021belepciune. De asemenea, <a href=\"https:\/\/www.newmessage.org\/the-message\/free-book-project\">Proiectul c\u0103r\u021bilor gratuite<\/a> al organiza\u021biei The Society ofer\u0103 un exemplar personal gratuit din c\u0103r\u021bile \u0219i mp3-urile revela\u021biilor Noului Mesaj disponibile \u00een present, pentru cei care nu au posibilitatea s\u0103 le cumpere. V\u0103 invit\u0103m s\u0103 face\u021bi o <a href=\"https:\/\/www.newmessage.org\/worldwide-community\/society\/supporting-the-new-message\">dona\u021bie<\/a> pentru a sus\u021bine \u201eProiectul c\u0103r\u021bilor gratuite\u201d, ca din ce \u00een ce mai mul\u021bi oameni s\u0103 poat\u0103 avea acces la Noul Mesaj de la Dumnezeu.  <\/p>\n<p><strong>Public\u0103ri viitoare <\/strong><br \/>\nThe Society continu\u0103 s\u0103-\u0219i duc\u0103 mai departe viziunea de a publica \u00eentregul Nou Mesaj de la Dumnezeu at\u00e2t \u00een volume, c\u00e2t \u0219i \u00een c\u0103r\u021bi, iar poate c\u0103 \u00eentr-o bun\u0103 zi va publica o singur\u0103 carte, numit\u0103 pur \u0219i simplu: \u201eNoul Mesaj de la Dumnezeu\u201d. Acesta este un efort enorm pentru care The Society are nevoie de contribu\u021bia \u0219i participarea voastr\u0103. V\u0103 rug\u0103m s\u0103 lua\u021bi \u00een considerare o <a href=\"https:\/\/www.newmessage.org\/worldwide-community\/society\/supporting-the-new-message\">dona\u021bie<\/a> sau s\u0103 deveni\u021bi un Pilon al Noului Mesaj pentru a sus\u021bine aceast\u0103 cauz\u0103 sf\u00e2nt\u0103. V\u0103 mul\u021bumim pentru sprijin. <\/p>\n","protected":false},"excerpt":{"rendered":"<p>\u00cen acest moment, Mesagerul Marshall Vian Summers este implicat \u00een proiectul istoric de elaborare complet\u0103 a c\u0103r\u021bilor \u0219i volumelor din Noul Mesaj de la Dumnezeu. \u00cen acela\u0219i timp, procesul misterios al Revela\u021biei continu\u0103. Dumnezeu continu\u0103, prin Mul\u021bimea Angelic\u0103, s\u0103 transmit\u0103 Revela\u021bii noi prin Mesagerul acestor vremuri, care, \u00eentr-un final, \u00ee\u0219i vor g\u0103si locul \u00een c\u0103r\u021bile\u2026 <a class=\"read-more\" href=\"https:\/\/www.v6.newmessage.org\/ro\/mai-multe-pe-viitor\/\"><span>Read More<\/span><\/a><\/p>\n","protected":false},"author":24,"featured_media":0,"parent":0,"menu_order":14,"comment_status":"closed","ping_status":"closed","template":"template-leftsidebar.php","meta":{"_monsterinsights_skip_tracking":false,"_monsterinsights_sitenote_active":false,"_monsterinsights_sitenote_note":"","_monsterinsights_sitenote_category":0,"footnotes":""},"categories":[1],"tags":[637,638],"_links":{"self":[{"href":"https:\/\/www.v6.newmessage.org\/ro\/wp-json\/wp\/v2\/pages\/20897"}],"collection":[{"href":"https:\/\/www.v6.newmessage.org\/ro\/wp-json\/wp\/v2\/pages"}],"about":[{"href":"https:\/\/www.v6.newmessage.org\/ro\/wp-json\/wp\/v2\/types\/page"}],"author":[{"embeddable":true,"href":"https:\/\/www.v6.newmessage.org\/ro\/wp-json\/wp\/v2\/users\/24"}],"replies":[{"embeddable":true,"href":"https:\/\/www.v6.newmessage.org\/ro\/wp-json\/wp\/v2\/comments?post=20897"}],"version-history":[{"count":32,"href":"https:\/\/www.v6.newmessage.org\/ro\/wp-json\/wp\/v2\/pages\/20897\/revisions"}],"predecessor-version":[{"id":27826,"href":"https:\/\/www.v6.newmessage.org\/ro\/wp-json\/wp\/v2\/pages\/20897\/revisions\/27826"}],"wp:attachment":[{"href":"https:\/\/www.v6.newmessage.org\/ro\/wp-json\/wp\/v2\/media?parent=20897"}],"wp:term":[{"taxonomy":"category","embeddable":true,"href":"https:\/\/www.v6.newmessage.org\/ro\/wp-json\/wp\/v2\/categories?post=20897"},{"taxonomy":"post_tag","embeddable":true,"href":"https:\/\/www.v6.newmessage.org\/ro\/wp-json\/wp\/v2\/tags?post=20897"}],"curies":[{"name":"wp","href":"https:\/\/api.w.org\/{rel}","templated":true}]}}