{"id":16489,"date":"2014-10-29T23:51:33","date_gmt":"2014-10-29T23:51:33","guid":{"rendered":"http:\/\/www.newmessage.org\/?page_id=16489"},"modified":"2019-03-27T06:02:13","modified_gmt":"2019-03-27T06:02:13","slug":"noul-mesager","status":"publish","type":"page","link":"https:\/\/www.v6.newmessage.org\/ro\/mesajul\/volumul-1\/noul-mesager\/","title":{"rendered":"Noul Mesager"},"content":{"rendered":"<p><img loading=\"lazy\" decoding=\"async\" class=\"alignright wp-image-29650\" src=\"\/wp-content\/uploads\/2016\/09\/The-New-Messenger-ebook-cover.jpg\" width=\"225\" height=\"338\" \/><\/p>\n<p><em>Noul Mesager<\/em> este o carte de revela\u021bie cu privire la originea, descenden\u021ba \u0219i misiunea Mesagerilor lui Dumnezeu care, \u00een vremuri diferite din istoria omenirii, au venit pe lume pentru a primi \u0219i prezenta Revela\u021bii Noi pentru umanitate.<\/p>\n<p>Noul Mesaj ne \u00eenva\u021b\u0103 faptul c\u0103 to\u021bi Mesagerii anteriori ai lui Dumnezeu erau membri ai Mul\u021bimii Angelice care vegheaz\u0103 asupra lumii. De-a lungul istoriei, aceast\u0103 Mul\u021bime, r\u0103spunz\u00e2nd la Voin\u021ba Domnului, a trimis pe lume c\u00e2te unul de-al lor \u00een vremuri \u0219i locuri specifice pentru a servi necesit\u0103\u021bile tot mai mari ale umanit\u0103\u021bii. <\/p>\n<p>Venirea unui Mesager Nou reprezint\u0103 urm\u0103torul capitol din Revela\u021bia progresiv\u0103 a Voin\u021bei \u0219i Planului lui Dumnezeu pentru umanitate. Acum Dumnezeu a vorbit din nou, dezv\u0103luind ceea ce nu s-a dezv\u0103luit p\u00e2n\u0103 acum, vorbind printr-un Mesager Nou, un om numit <a href=\"https:\/\/www.newmessage.org\/ro\/cine-este-marshall-vian-summers\/\">Marshall Vian Summers<\/a>.<\/p>\n<p><em>Noul Mesager<\/em> cuprinde revela\u021bii de la Surs\u0103 despre \u00eensu\u0219i Mesagerul. Cine este el? De ce a fost ales? Cum po\u021bi \u0219ti dac\u0103 el este real \u0219i autentic? \u0218i ce leg\u0103tur\u0103 are el cu Mesagerii din trecut?<\/p>\n<p>Acestea sunt \u00eentreb\u0103ri pe care to\u021bi oamenii de bun\u0103 credin\u021b\u0103 le-ar putea pune. Acum Dumnezeu a vorbit din nou printr-o serie de revela\u021bii pentru a ne eleva \u00een\u021belegerea legat\u0103 de Mesagerii Domnului, de selectarea lor, de identitatea lor superioar\u0103, de rela\u021bia lor unul cu cel\u0103lalt \u0219i de consecin\u021bele apari\u021biei lor pe p\u0103m\u00e2nt.<\/p>\n<p>Fiecare capitol din <em>Noul Mesager<\/em> este o revela\u021bie individual\u0103 oferit\u0103 de Dumnezeu pentru umanitate. Aici ai oportunitatea de a-l \u00een\u021belege cu adev\u0103rat pe acest om Marshall Vian Summers, care a primit cele peste 9000 de pagini de revela\u021bie ale Noului Mesaj de la Dumnezeu. <a href=\"https:\/\/www.newmessage.org\/ro\/mesajul\/volumul-1\/dumnezeu-a-vorbit-din-nou\/\">Vocea Revela\u021biei<\/a> continu\u0103 s\u0103 vorbeasc\u0103 prin Mesager, iar Cuv\u00e2ntul \u0219i Sunetul comunic\u0103rii Domnului sunt auzite acum peste tot \u00een lume. Revela\u021bia continu\u0103 \u0219i \u00een ziua de azi. <\/p>\n<p><em>Noul Mesager<\/em> este cartea a treia din <a href=\"https:\/\/www.newmessage.org\/ro\/mesajul\/volumul-1\/\">Volumul 1<\/a> al Noului Mesaj de la Dumnezeu.<\/p>\n<div class=\"toggle toggle-white\"><h4 class=\"trigger \"><span class=\"t_ico\"><\/span><a href=\"#\">Exploreaz\u0103 mai multe din Biblioteca Noului Mesaj<\/a><\/h4><div class=\"toggle_container \"><br \/>\n<div data-post-id='more-about-the-volumes' class='insert-page insert-page-more-about-the-volumes '><\/div><br \/>\n<\/div><\/div>\n<div class=\"background-color-bridesmaid padding-20\">\n<h2 style=\"text-align: left\"><span style=\"color: #525252\">Table of Contents<\/span><\/h2>\n<p><a href=\"\/the-message\/volume-1\/new-messenger\/introduction\">Introduction<\/a><\/p>\n<p>Chapter 1: <a href=\"\/the-message\/volume-1\/new-messenger\/the-will-of-heaven\">The Will of Heaven<\/a><\/p>\n<p>Capitolul 2: <a href=\"https:\/\/www.newmessage.org\/ro\/mesajul\/volumul-1\/noul-mesager\/originea-mesagerului\/\">Originea Mesagerului<\/a><\/p>\n<p>Chapter 3: <a href=\"\/the-message\/volume-1\/new-messenger\/lineage-messenger\">The Lineage of The Messenger<\/a><\/p>\n<p>Chapter 4: <a href=\"\/the-message\/volume-1\/new-messenger\/the-story-of-the-messenger\">The Story of The Messenger<\/a><\/p>\n<p>Capitolul 5: <a href=\"https:\/\/www.newmessage.org\/ro\/mesajul\/volumul-1\/noul-mesager\/cerintele-mesagerului\/\">Cerin\u021bele Mesagerului<\/a><\/p>\n<p>Chapter 6: <a href=\"\/the-message\/volume-1\/new-messenger\/the-veil-of-the-messenger\">The Veil of the Messenger<\/a><\/p>\n<p>Chapter 7: <a href=\"\/the-message\/volume-1\/new-messenger\/understanding-the-new-messenger\">Understanding the New Messenger<\/a><\/p>\n<p>Capitolul 8: <a href=\"https:\/\/www.newmessage.org\/ro\/mesajul\/volumul-1\/noul-mesager\/a-te-afla-in-lumina-revelatiei\/\">A te afla \u00een lumina Revela\u021biei<\/a><\/p>\n<p>Chapter 9: <a href=\"\/the-message\/volume-1\/new-messenger\/the-journey-of-the-messenger\">The Journey of the Messenger<\/a><\/p>\n<p>Chapter 10: <a href=\"\/the-message\/volume-1\/new-messenger\/the-prophet\">The Prophet<\/a><\/p>\n<p>Chapter 11: <a href=\"\/the-message\/volume-1\/new-messenger\/the-consequence-of-revelation\">The Consequence of Revelation<\/a><\/p>\n<p>Chapter 12: <a href=\"\/the-message\/volume-1\/new-messenger\/the-messengers-calling\">The Messenger&#8217;s Calling<\/a><\/p>\n<p>Chapter 13: <a href=\"\/the-message\/volume-1\/new-messenger\/walking-with-the-messenger\">Walking with the Messenger<\/a><\/p>\n<\/div>\n","protected":false},"excerpt":{"rendered":"<p>Noul Mesager este o carte de revela\u021bie cu privire la originea, descenden\u021ba \u0219i misiunea Mesagerilor lui Dumnezeu care, \u00een vremuri diferite din istoria omenirii, au venit pe lume pentru a primi \u0219i prezenta Revela\u021bii Noi pentru umanitate. Noul Mesaj ne \u00eenva\u021b\u0103 faptul c\u0103 to\u021bi Mesagerii anteriori ai lui Dumnezeu erau membri ai Mul\u021bimii Angelice care\u2026 <a class=\"read-more\" href=\"https:\/\/www.v6.newmessage.org\/ro\/mesajul\/volumul-1\/noul-mesager\/\"><span>Read More<\/span><\/a><\/p>\n","protected":false},"author":1,"featured_media":0,"parent":16287,"menu_order":6,"comment_status":"closed","ping_status":"closed","template":"template-leftsidebar.php","meta":{"_monsterinsights_skip_tracking":false,"_monsterinsights_sitenote_active":false,"_monsterinsights_sitenote_note":"","_monsterinsights_sitenote_category":0,"footnotes":""},"categories":[465,460],"tags":[632,606],"_links":{"self":[{"href":"https:\/\/www.v6.newmessage.org\/ro\/wp-json\/wp\/v2\/pages\/16489"}],"collection":[{"href":"https:\/\/www.v6.newmessage.org\/ro\/wp-json\/wp\/v2\/pages"}],"about":[{"href":"https:\/\/www.v6.newmessage.org\/ro\/wp-json\/wp\/v2\/types\/page"}],"author":[{"embeddable":true,"href":"https:\/\/www.v6.newmessage.org\/ro\/wp-json\/wp\/v2\/users\/1"}],"replies":[{"embeddable":true,"href":"https:\/\/www.v6.newmessage.org\/ro\/wp-json\/wp\/v2\/comments?post=16489"}],"version-history":[{"count":40,"href":"https:\/\/www.v6.newmessage.org\/ro\/wp-json\/wp\/v2\/pages\/16489\/revisions"}],"predecessor-version":[{"id":27911,"href":"https:\/\/www.v6.newmessage.org\/ro\/wp-json\/wp\/v2\/pages\/16489\/revisions\/27911"}],"up":[{"embeddable":true,"href":"https:\/\/www.v6.newmessage.org\/ro\/wp-json\/wp\/v2\/pages\/16287"}],"wp:attachment":[{"href":"https:\/\/www.v6.newmessage.org\/ro\/wp-json\/wp\/v2\/media?parent=16489"}],"wp:term":[{"taxonomy":"category","embeddable":true,"href":"https:\/\/www.v6.newmessage.org\/ro\/wp-json\/wp\/v2\/categories?post=16489"},{"taxonomy":"post_tag","embeddable":true,"href":"https:\/\/www.v6.newmessage.org\/ro\/wp-json\/wp\/v2\/tags?post=16489"}],"curies":[{"name":"wp","href":"https:\/\/api.w.org\/{rel}","templated":true}]}}