{"id":16486,"date":"2014-10-29T23:48:58","date_gmt":"2014-10-29T23:48:58","guid":{"rendered":"http:\/\/www.newmessage.org\/?page_id=16486"},"modified":"2019-03-27T06:03:56","modified_gmt":"2019-03-27T06:03:56","slug":"marea-comunitate","status":"publish","type":"page","link":"https:\/\/www.v6.newmessage.org\/ro\/mesajul\/volumul-1\/marea-comunitate\/","title":{"rendered":"Marea Comunitate"},"content":{"rendered":"<p><img loading=\"lazy\" decoding=\"async\" class=\"alignright wp-image-32642\" src=\"https:\/\/www.newmessage.org\/wp-content\/uploads\/2014\/10\/The-Greater-Community-UFOs-Alien-Contact-400x600.png\" alt=\"\" width=\"225\" height=\"338\" \/><\/p>\n<p>Lumea noastr\u0103 \u00ee\u0219i face apari\u021bia \u00eentr-o Comunitate Mare a vie\u021bii inteligente din univers. Umanitatea \u00ee\u0219i face apari\u021bia \u00eentr-o Comunitate Mare de lumi. Contactul a \u00eenceput, iar izolarea noastr\u0103 din univers a luat sf\u00e2r\u0219it. Acesta este cel mai mare eveniment din istoria omenirii, \u00eens\u0103 noi nu suntem con\u0219tien\u021bi \u0219i preg\u0103ti\u021bi.<\/p>\n<p>Umanitatea a ajuns \u00eentr-un prag critic \u00een evolu\u021bia sa, o vreme de convergen\u021b\u0103 \u00een care enormele for\u021be politice, sociale \u0219i climatice se ciocnesc cu realitatea contactului extraterestru ce va schimba lumea. <\/p>\n<p><em>Marea Comunitate<\/em> prezint\u0103 un set revolu\u021bionar de \u00eenv\u0103\u021b\u0103turi pentru a preg\u0103ti oamenii de pretutindeni pentru marea schimbare \u00een curs de desf\u0103\u0219urare \u0219i pentru a oferi adev\u0103rul curat \u0219i necorupt despre realitatea contactului ce are loc \u00een lumea de ast\u0103zi.<\/p>\n<p><em>Marea Comunitate<\/em> dezv\u0103luie:<br \/>\n&#8211;\tCine ne viziteaz\u0103 lumea, de ce sunt aici \u0219i ce vor<br \/>\n&#8211;\tAgenda extraterestr\u0103 ce se desf\u0103\u0219oar\u0103 \u00een lume \u0219i modul \u00een care \u00eei afecteaz\u0103 pe oamenii de pretutindeni<br \/>\n&#8211;\tCine sunt alia\u021bii no\u0219tri adev\u0103ra\u021bi \u0219i \u00een ce fel sunt diferi\u021bi de acele for\u021be ce intervin \u00een lumea noastr\u0103<br \/>\n&#8211;\tRela\u021bia dintre spiritualitatea noastr\u0103 l\u0103untric\u0103 \u0219i contactul cu alte forme inteligente de via\u021b\u0103<br \/>\n&#8211;\tCum s\u0103 ne preg\u0103tim pentru realitatea contactului utiliz\u00e2nd puterea inerent\u0103 a Cunoa\u0219terii ce tr\u0103ie\u0219te \u00een\u0103untrul nostru<\/p>\n<p>Contactul cu via\u021ba inteligent\u0103 din univers este un eveniment mondial nemai\u00eent\u00e2lnit. E urm\u0103torul mare pas din dezvoltarea \u0219i evolu\u021bia familiei umane. Este de neoprit. Este inevitabil. Are loc acum. \u0218i sunt oameni \u00een jurul lumii care \u0219tiu c\u0103 este adev\u0103rat\u2014faptul c\u0103 via\u021ba extraterestr\u0103 este o realitate \u0219i c\u0103 nu suntem singuri \u00een univers, nici m\u0103car \u00een propria noastr\u0103 lume.<\/p>\n<p>Aceast\u0103 carte este aici pentru a-\u021bi oferi o imagine de ansamblu complet\u0103 \u0219i o perspectiv\u0103 mai larg\u0103 a st\u0103rii lumii noastre, a realit\u0103\u021bii contactului \u0219i a \u00een\u021belesului mai profund al vie\u021bii tale \u00een acest moment decisiv \u0219i critic din istorie. Revela\u021biile prezentate aici au fost elaborate \u00een forma acestei c\u0103r\u021bi de c\u0103tre Mesagerul Marshall Vian Summers. Alte revela\u021bii \u0219i profe\u021bii cu privire la Marea Comunitate sunt prezentate \u00een cartea <a href=\"https:\/\/www.newmessage.org\/the-message\/volume-4\/life-universe\"><em>Via\u021ba \u00een univers<\/em><\/a> \u0219i \u00een multe alte texte din Noul Mesaj.<\/p>\n<p><em>Marea Comunitate<\/em> este cartea a patra din <a href=\"https:\/\/www.newmessage.org\/ro\/mesajul\/volumul-1\/\">Volumul 1<\/a> al Noului Mesaj de la Dumnezeu.<\/p>\n<div class=\"toggle toggle-white\"><h4 class=\"trigger \"><span class=\"t_ico\"><\/span><a href=\"#\">Exploreaz\u0103 mai multe din Biblioteca Noului Mesaj<\/a><\/h4><div class=\"toggle_container \"><br \/>\n<p>Noul Mesaj de la Dumnezeu va figura \u00eentr-un final \u00een \u0219ase volume individuale. Fiecare volum cuprinde dou\u0103 sau mai multe c\u0103r\u021bi, iar fiecare carte este organizat\u0103 \u00een capitole.<\/p>\n<p>A\u0219adar, structura viitoare a Noului Mesaj de la Dumnezeu poate fi exprimat\u0103 \u00een felul acesta: <strong> Volum &gt; Carte &gt; Capitol &gt; Vers <\/strong>.<\/p>\n<p>Noul Mesaj de la Dumnezeu cuprinde cel mai mare volum de Revela\u021bii oferit vreodat\u0103 lumii. El abordeaz\u0103 aproape fiecare aspect al vie\u021bilor noastre, \u00een vreme ce prezint\u0103 realit\u0103\u021bi noi nedezv\u0103luite p\u00e2n\u0103 acum. <a href=\"https:\/\/www.newmessage.org\/ro\/despre-the-society\/\">The Society<\/a> se str\u0103duie\u0219te s\u0103 pun\u0103 la dispozi\u021bia lumii c\u00e2t mai multe din c\u0103r\u021bile \u0219i revela\u021biile rostite ale Noului Mesaj. <\/p>\n<p>\u00cen prezent, The Society poate oferi un num\u0103r mare de \u00eenregistr\u0103ri originale ale <a href=\"https:\/\/www.newmessage.org\/ro\/mesajul\/termeni-importanti\/\">Vocii Revela\u021biei<\/a>. Aici e\u0219ti invitat s\u0103 experimentezi puterea \u0219i misterul \u201eVocii\u201d, a\u0219a cum a vorbit ini\u021bial prin Mesager \u00eentr-o stare de Revela\u021bie. Nu a fost posibil p\u00e2n\u0103 acum s\u0103 auzim <a href=\"https:\/\/www.newmessage.org\/ro\/mesajul\/termeni-importanti\/\">Vocea original\u0103 a Revela\u021biei<\/a>.<\/p>\n<p>Elaborarea \u00eentregului Nou Mesaj este un proiect \u00een desf\u0103\u0219urare, care va fi \u00eentreprins pe parcursul unei perioade lungi. De asemenea, Revela\u021bia continu\u0103 \u0219i \u00een ziua de azi, revela\u021bii noi fiind oferite \u00een fiecare an. Ca urmare, selec\u021bia \u00eenv\u0103\u021b\u0103turilor din fiecare carte se poate schimba. A\u0219adar, este posibil ca \u0219i titlurile c\u0103r\u021bilor s\u0103 se schimbe pentru a reflecta dezvoltarea fiec\u0103rei c\u0103r\u021bi. Tr\u0103i\u021bi \u00een vremuri de Revela\u021bie \u0219i sunte\u021bi martori la procesul Revela\u021biei care se desf\u0103\u0219oar\u0103 sub privirile voastre.   <\/p>\n<p><strong>C\u0103r\u021bi online <\/strong><br \/>\n<a href=\"https:\/\/www.newmessage.org\/ro\/despre-the-society\/\">The Society<\/a> se str\u0103duie\u0219te s\u0103 fac\u0103 Noul Mesaj disponibil gratuit, online, pentru \u00eentreaga lume. \u00cen prezent, mai multe c\u0103r\u021bi din Noul Mesaj sunt disponibile gratuit pe www.NewMessage.org. Po\u021bi explora biblioteca ce con\u021bine c\u0103r\u021bi online gratuite <a href=\"https:\/\/www.newmessage.org\/ro\/mesajul\/\">aici<\/a>. <\/p>\n<p><strong>C\u0103r\u021bi tip\u0103rite <\/strong><br \/>\nThe Society ofer\u0103 \u00een prezent c\u00e2teva c\u0103r\u021bi tip\u0103rite din Noul Mesaj. \u00cens\u0103, din cauza m\u0103rimii imense a Noului Mesaj dezv\u0103luit, momentan The Society nu poate s\u0103 tip\u0103reasc\u0103 toate cele \u0219ase volume ale Noului Mesaj. Pentru a cump\u0103ra un exemplar tip\u0103rit din c\u0103r\u021bile Noului Mesaj disponibile \u00een prezent, v\u0103 rug\u0103m s\u0103 vizita\u021bi <a href=\"https:\/\/newknowledgelibrary.org\">magazinul Bibliotecii New Knowledge<\/a>.  <\/p>\n<p><strong>CD-uri \u0219i mp3-uri audio <\/strong><br \/>\nAnumite revela\u021bii despre studen\u021bia \u00een Noul Mesaj sunt disponibile ca CD-uri \u0219i mp3-uri pl\u0103tite. Din cauza realit\u0103\u021bilor financiare de a-i aduce \u00eentregii lumi un Mesaj Nou, <a href=\"https:\/\/www.newmessage.org\/ro\/despre-the-society\/\">The Society<\/a> ofer\u0103 anumite \u00cenv\u0103\u021b\u0103turi cu plat\u0103 la un pre\u021b modest \u00een <a href=\"https:\/\/newknowledgelibrary.org\">magazinul Bibliotecii New Knowledge<\/a>. <\/p>\n<p><strong>Proiectul c\u0103r\u021bilor gratuite <\/strong><br \/>\nPe m\u0103sur\u0103 ce sprijinul financiar cre\u0219te, The Society va putea face disponibile online, gratuit, mai multe dintre aceste \u00eenv\u0103\u021b\u0103turi pline de \u00een\u021belepciune. De asemenea, <a href=\"https:\/\/www.newmessage.org\/the-message\/free-book-project\">Proiectul c\u0103r\u021bilor gratuite<\/a> al organiza\u021biei The Society ofer\u0103 un exemplar personal gratuit din c\u0103r\u021bile \u0219i mp3-urile revela\u021biilor din Noul Mesaj disponibile \u00een present, pentru cei care nu au posibilitatea s\u0103 le cumpere. V\u0103 invit\u0103m s\u0103 face\u021bi o dona\u021bie pentru a sus\u021bine \u201eProiectul c\u0103r\u021bilor gratuite\u201d, ca din ce \u00een ce mai mul\u021bi oameni s\u0103 poat\u0103 avea acces la Noul Mesaj de la Dumnezeu.  <\/p>\n<p><strong>Public\u0103ri viitoare <\/strong><br \/>\nThe Society continu\u0103 s\u0103-\u0219i duc\u0103 mai departe viziunea de a publica \u00eentregul Nou Mesaj de la Dumnezeu at\u00e2t \u00een volume, c\u00e2t \u0219i \u00een c\u0103r\u021bi, iar poate c\u0103 \u00eentr-o bun\u0103 zi va publica o singur\u0103 carte, numit\u0103 pur \u0219i simplu: \u201eNoul Mesaj de la Dumnezeu\u201d. Acesta este un efort enorm pentru care The Society are nevoie de contribu\u021bia \u0219i participarea voastr\u0103. V\u0103 rug\u0103m s\u0103 lua\u021bi \u00een considerare o <a href=\"https:\/\/www.newmessage.org\/ro\/despre-the-society\/sustinerea-noului-mesaj\">dona\u021bie<\/a> sau s\u0103 deveni\u021bi <a href=\"https:\/\/www.newmessage.org\/ro\/despre-the-society\/sustinerea-noului-mesaj\">un Pilon al Noului Mesaj<\/a> pentru a sus\u021bine aceast\u0103 cauz\u0103 sf\u00e2nt\u0103. V\u0103 mul\u021bumim pentru sprijin.<\/p>\n<br \/>\n<\/div><\/div>\n<div class=\"background-color-bridesmaid padding-20\">\n<h2 style=\"text-align: left\"><span style=\"color: #525252\">Cuprins<\/span><\/h2>\n<p><span><a href=\"https:\/\/www.newmessage.org\/the-message\/volume-1\/greater-community\/introduction-to-the-greater-community\">Introduction<\/a><\/span><\/p>\n<p>Capitolul 1: <a href=\"https:\/\/www.newmessage.org\/ro\/mesajul\/volumul-1\/marea-comunitate\/aparitia-umanitatii-in-marea-comunitate\/\">Apari\u021bia Umanit\u0103\u021bii \u00een Marea Comunitate<\/a><\/p>\n<p>Chapter 2: <a href=\"\/the-message\/volume-1\/greater-community\/intelligent-life-in-the-universe\">Contact with Intelligent Life in the Universe<\/a><\/p>\n<p>Chapter 3: <a href=\"\/the-message\/volume-1\/greater-community\/free-energy-alien-technologies\">Facing the Greater Community<\/a><\/p>\n<p>Chapter 4: <a title=\"Entering the Greater Community\" href=\"\/\/www.newmessage.org\/the-message\/volume-1\/greater-community\/human-unity\">Entering the Greater Community<\/a><\/p>\n<p>Capitolul 5: <a href=\"https:\/\/www.newmessage.org\/ro\/mesajul\/volumul-1\/marea-comunitate\/cine-sunt-aliatii-umanitatii\/\">Cine sunt Alia\u021bii Umanit\u0103\u021bii<\/a><\/p>\n<p>Chapter 6: <a href=\"\/\/www.newmessage.org\/the-message\/volume-1\/greater-community\/enemies-human-family\">The Enemies of Humanity<\/a><\/p>\n<p>Chapter 7: <a title=\"Humanity's Destiny in the Greater Community\" href=\"\/\/www.newmessage.org\/the-message\/volume-1\/greater-community\/humanitys-destiny-in-the-greater-community\">Humanity&#8217;s Destiny in the Greater Community<\/a><\/p>\n<p>Chapter 8: <a title=\"Preparing for the Greater Community\" href=\"\/\/www.newmessage.org\/the-message\/volume-1\/greater-community\/preparing-for-the-greater-community\">Preparing for the Greater Community<\/a><\/p>\n<p>Chapter 9: <a href=\"\/\/www.newmessage.org\/the-message\/volume-1\/greater-community\/protecting-the-world\">Protecting the World<\/a><\/p>\n<p>Chapter 10: <a title=\"The Importance of the Greater Community\" href=\"\/\/www.newmessage.org\/the-message\/volume-1\/greater-community\/importance-greater-community\">The Importance of the Greater Community<\/a><\/p>\n<p>Chapter 11: <a href=\"\/\/www.newmessage.org\/the-message\/volume-1\/greater-community\/uncertain-future\">The New Revelation<\/a><\/p>\n<\/div>\n","protected":false},"excerpt":{"rendered":"<p>Lumea noastr\u0103 \u00ee\u0219i face apari\u021bia \u00eentr-o Comunitate Mare a vie\u021bii inteligente din univers. Umanitatea \u00ee\u0219i face apari\u021bia \u00eentr-o Comunitate Mare de lumi. Contactul a \u00eenceput, iar izolarea noastr\u0103 din univers a luat sf\u00e2r\u0219it. Acesta este cel mai mare eveniment din istoria omenirii, \u00eens\u0103 noi nu suntem con\u0219tien\u021bi \u0219i preg\u0103ti\u021bi. Umanitatea a ajuns \u00eentr-un prag critic\u2026 <a class=\"read-more\" href=\"https:\/\/www.v6.newmessage.org\/ro\/about-volumes-shortcode\/\"><span>Read More<\/span><\/a><\/p>\n","protected":false},"author":1,"featured_media":0,"parent":16287,"menu_order":0,"comment_status":"closed","ping_status":"closed","template":"template-leftsidebar.php","meta":{"_monsterinsights_skip_tracking":false,"_monsterinsights_sitenote_active":false,"_monsterinsights_sitenote_note":"","_monsterinsights_sitenote_category":0,"footnotes":""},"categories":[464,460],"tags":[635,621,620],"_links":{"self":[{"href":"https:\/\/www.v6.newmessage.org\/ro\/wp-json\/wp\/v2\/pages\/16486"}],"collection":[{"href":"https:\/\/www.v6.newmessage.org\/ro\/wp-json\/wp\/v2\/pages"}],"about":[{"href":"https:\/\/www.v6.newmessage.org\/ro\/wp-json\/wp\/v2\/types\/page"}],"author":[{"embeddable":true,"href":"https:\/\/www.v6.newmessage.org\/ro\/wp-json\/wp\/v2\/users\/1"}],"replies":[{"embeddable":true,"href":"https:\/\/www.v6.newmessage.org\/ro\/wp-json\/wp\/v2\/comments?post=16486"}],"version-history":[{"count":45,"href":"https:\/\/www.v6.newmessage.org\/ro\/wp-json\/wp\/v2\/pages\/16486\/revisions"}],"predecessor-version":[{"id":27912,"href":"https:\/\/www.v6.newmessage.org\/ro\/wp-json\/wp\/v2\/pages\/16486\/revisions\/27912"}],"up":[{"embeddable":true,"href":"https:\/\/www.v6.newmessage.org\/ro\/wp-json\/wp\/v2\/pages\/16287"}],"wp:attachment":[{"href":"https:\/\/www.v6.newmessage.org\/ro\/wp-json\/wp\/v2\/media?parent=16486"}],"wp:term":[{"taxonomy":"category","embeddable":true,"href":"https:\/\/www.v6.newmessage.org\/ro\/wp-json\/wp\/v2\/categories?post=16486"},{"taxonomy":"post_tag","embeddable":true,"href":"https:\/\/www.v6.newmessage.org\/ro\/wp-json\/wp\/v2\/tags?post=16486"}],"curies":[{"name":"wp","href":"https:\/\/api.w.org\/{rel}","templated":true}]}}