{"id":16358,"date":"2014-10-26T00:24:45","date_gmt":"2014-10-26T00:24:45","guid":{"rendered":"http:\/\/www.newmessage.org\/?page_id=16358"},"modified":"2019-03-27T08:05:40","modified_gmt":"2019-03-27T08:05:40","slug":"alte-revelatii","status":"publish","type":"page","link":"https:\/\/www.v6.newmessage.org\/ro\/mesajul\/alte-revelatii\/","title":{"rendered":"Alte Revela\u021bii"},"content":{"rendered":"<h2>Alte Revela\u021bii a Noului Mesaj:<\/h2>\n<p>Revela\u021bii care \u00eenc\u0103 nu au fost elaborate \u00een volume \u0219i c\u0103r\u021bi de c\u0103tre Mesagerul Marshall Vian Summers. <a href=\"https:\/\/www.newmessage.org\/ro\/mai-multe-pe-viitor\/\">Afl\u0103 mai multe&#8230;<\/a><br \/>\n\n\t    \n\t<article class=\"posts_listing blog_shortcode clearfix post-27872 page type-page status-publish hentry category-other-revelations category-revelations category-revelations-about-the-messenger tag-other-r tag-other-revelations tag-pelerinajul tag-the-pilgrimage\" id=\"post-27872\">\n\n\t\t\t\t\n\t<h2 class=\"entry-title\"><a href=\"https:\/\/www.v6.newmessage.org\/ro\/mesajul\/alte-revelatii\/pelerinajul\/\" rel=\"bookmark\" title=\"Permanent Link to Pelerinajul\">Pelerinajul<\/a><\/h2>\n\n\t\t\t\n\t\t<\/article>\n\t    \n\t<article class=\"posts_listing blog_shortcode clearfix post-27859 page type-page status-publish hentry category-other-revelations category-revelations tag-ce-va-salva-omenirea tag-what-will-save-humanity\" id=\"post-27859\">\n\n\t\t\t\t\n\t<h2 class=\"entry-title\"><a href=\"https:\/\/www.v6.newmessage.org\/ro\/mesajul\/alte-revelatii\/ce-va-salva-omenirea\/\" rel=\"bookmark\" title=\"Permanent Link to Ce va salva omenirea\">Ce va salva omenirea<\/a><\/h2>\n\n\t\t\t\n\t\t<\/article>\n\t    \n\t<article class=\"posts_listing blog_shortcode clearfix post-27491 page type-page status-publish hentry category-other-revelations category-revelations tag-meditatia-de-noapte tag-other-r tag-other-revelations tag-the-night-meditation\" id=\"post-27491\">\n\n\t\t\t\t\n\t<h2 class=\"entry-title\"><a href=\"https:\/\/www.v6.newmessage.org\/ro\/mesajul\/alte-revelatii\/meditatia-de-noapte\/\" rel=\"bookmark\" title=\"Permanent Link to Medita\u021bia de Noapte\">Medita\u021bia de Noapte<\/a><\/h2>\n\n\t\t\t\n\t\t<\/article>\n\t    \n\t<article class=\"posts_listing blog_shortcode clearfix post-27489 page type-page status-publish hentry category-other-revelations category-revelations tag-era-femeilor tag-other-r tag-other-revelations tag-the-age-of-women\" id=\"post-27489\">\n\n\t\t\t\t\n\t<h2 class=\"entry-title\"><a href=\"https:\/\/www.v6.newmessage.org\/ro\/mesajul\/alte-revelatii\/era-femeilor\/\" rel=\"bookmark\" title=\"Permanent Link to Era Femeilor\">Era Femeilor<\/a><\/h2>\n\n\t\t\t\n\t\t<\/article>\n\t    \n\t<article class=\"posts_listing blog_shortcode clearfix post-27483 page type-page status-publish hentry category-other-revelations category-revelations tag-randevuurile-sacre tag-sacred-rendezvous tag-the-new-life tag-tnl tag-viata-cea-noua\" id=\"post-27483\">\n\n\t\t\t\t\n\t<h2 class=\"entry-title\"><a href=\"https:\/\/www.v6.newmessage.org\/ro\/mesajul\/alte-revelatii\/randevuurile-sacre\/\" rel=\"bookmark\" title=\"Permanent Link to Randevuurile Sacre\">Randevuurile Sacre<\/a><\/h2>\n\n\t\t\t\n\t\t<\/article>\n\t    \n\t<article class=\"posts_listing blog_shortcode clearfix post-27478 page type-page status-publish hentry category-other-revelations category-revelations tag-the-voice-of-the-revelation tag-vocea-revelatiei\" id=\"post-27478\">\n\n\t\t\t\t\n\t<h2 class=\"entry-title\"><a href=\"https:\/\/www.v6.newmessage.org\/ro\/mesajul\/alte-revelatii\/vocea-revelatiei\/\" rel=\"bookmark\" title=\"Permanent Link to Vocea Revela\u021biei\">Vocea Revela\u021biei<\/a><\/h2>\n\n\t\t\t\n\t\t<\/article>\n\t    \n\t<article class=\"posts_listing blog_shortcode clearfix post-27475 page type-page status-publish hentry category-other-revelations category-revelations tag-marea-iubire tag-other-r tag-other-revelations tag-the-great-love\" id=\"post-27475\">\n\n\t\t\t\t\n\t<h2 class=\"entry-title\"><a href=\"https:\/\/www.v6.newmessage.org\/ro\/mesajul\/alte-revelatii\/marea-iubire\/\" rel=\"bookmark\" title=\"Permanent Link to Marea Iubire\">Marea Iubire<\/a><\/h2>\n\n\t\t\t\n\t\t<\/article>\n\t    \n\t<article class=\"posts_listing blog_shortcode clearfix post-27462 page type-page status-publish hentry category-other-revelations category-interviews tag-interview-with-the-messenger-marshall-vian-summers tag-interviu-cu-mesagerul-marshall-vian-summers tag-other-revelations\" id=\"post-27462\">\n\n\t\t\t\t\n\t<h2 class=\"entry-title\"><a href=\"https:\/\/www.v6.newmessage.org\/ro\/mesajul\/alte-revelatii\/interviu-cu-mesagerul-marshall-vian-summers\/\" rel=\"bookmark\" title=\"Permanent Link to Interviu cu Mesagerul Marshall Vian Summers\">Interviu cu Mesagerul Marshall Vian Summers<\/a><\/h2>\n\n\t\t\t\n\t\t<\/article>\n\t    \n\t<article class=\"posts_listing blog_shortcode clearfix post-27445 page type-page status-publish hentry category-other-revelations category-revelations tag-lampa tag-the-lamp tag-the-new-life tag-viata-cea-noua\" id=\"post-27445\">\n\n\t\t\t\t\n\t<h2 class=\"entry-title\"><a href=\"https:\/\/www.v6.newmessage.org\/ro\/mesajul\/alte-revelatii\/lampa\/\" rel=\"bookmark\" title=\"Permanent Link to Lampa\">Lampa<\/a><\/h2>\n\n\t\t\t\n\t\t<\/article>\n\t    \n\t<article class=\"posts_listing blog_shortcode clearfix post-16358 page type-page status-publish hentry category-other-revelations tag-alte-revelatii tag-other-revelations\" id=\"post-16358\">\n\n\t\t\t\t\n\t<h2 class=\"entry-title\"><a href=\"https:\/\/www.v6.newmessage.org\/ro\/mesajul\/alte-revelatii\/\" rel=\"bookmark\" title=\"Permanent Link to Alte Revela\u021bii\">Alte Revela\u021bii<\/a><\/h2>\n\n\t\t\t\n\t\t<\/article>\n\t    \t    <br \/>\n<a name=\"audiodownloads\"><\/a><\/p>\n<p>&nbsp;<\/p>\n<h2>Audio Downloads Available at New Knowledge Library:<\/h2>\n<style>\nh3.hungryfeed_feed_title {}\r\ndiv.hungryfeed_feed_description {}\r\ndiv.hungryfeed_feed_content {}\r\ndiv.hungryfeed_items {}\r\ndiv.hungryfeed_item {margin-bottom: 10px;}\r\ndiv.hungryfeed_item_title {font-weight: bold;}\r\ndiv.hungryfeed_item_description {}\r\ndiv.hungryfeed_item_author {}\r\ndiv.hungryfeed_item_date {}\n<\/style>\n<script type=\"text\/javascript\">\r\n\/\/ Custom Javascript here...\r\n<\/script>\n<div class=\"hungryfeed_items\">\n<div class=\"hungryfeed_item\">\n<div class=\"hungryfeed_item_title\"><a href=\"https:\/\/newknowledgelibrary.org\/audio-mp3-free\/expanding-your-steps-practice-mp3-audio-file\/\" >Expanding Your Steps Practice (MP3 audio file)<\/a><\/div>\n<\/div>\n<\/div>\n\n<p>&nbsp;<\/p>\n<h2>Latest Available Audio Download:<\/h2>\n<style>\nh3.hungryfeed_feed_title {}\r\ndiv.hungryfeed_feed_description {}\r\ndiv.hungryfeed_feed_content {}\r\ndiv.hungryfeed_items {}\r\ndiv.hungryfeed_item {margin-bottom: 10px;}\r\ndiv.hungryfeed_item_title {font-weight: bold;}\r\ndiv.hungryfeed_item_description {}\r\ndiv.hungryfeed_item_author {}\r\ndiv.hungryfeed_item_date {}\n<\/style>\n<script type=\"text\/javascript\">\r\n\/\/ Custom Javascript here...\r\n<\/script>\n<div class=\"hungryfeed_items\">\n<div class=\"hungryfeed_item\">\n<div class=\"hungryfeed_item_title\"><a href=\"https:\/\/newknowledgelibrary.org\/audio-mp3-free\/expanding-your-steps-practice-mp3-audio-file\/\" target='_blank'>Expanding Your Steps Practice (MP3 audio file)<\/a><\/div>\n<div class=\"hungryfeed_item_description\"><div><a target='_blank' href=\"https:\/\/newknowledgelibrary.org\/audio-mp3-free\/expanding-your-steps-practice-mp3-audio-file\/\"><img decoding=\"async\" src=\"https:\/\/cdn11.bigcommerce.com\/s-932c8\/products\/609\/images\/1301\/unnamed__20951.1769282612.215.215.png?c=2\" alt=\"Expanding Your Steps Practice (MP3 audio file)\"><\/a><\/div><p><span>43 minute MP3 audio file<br>\"Expanding Your Steps Practice\"\u00a0<br>by Marshall Vian Summers<br>recorded on February 3, 2000\u00a0<\/span><\/p>\r\n<div><span><\/span><\/div><\/div>\n<\/div>\n<\/div>\n\n","protected":false},"excerpt":{"rendered":"<p>Alte Revela\u021bii a Noului Mesaj: Revela\u021bii care \u00eenc\u0103 nu au fost elaborate \u00een volume \u0219i c\u0103r\u021bi de c\u0103tre Mesagerul Marshall Vian Summers. Afl\u0103 mai multe&#8230; &nbsp; Audio Downloads Available at New Knowledge Library: &nbsp; Latest Available Audio Download:<\/p>\n","protected":false},"author":1,"featured_media":0,"parent":26942,"menu_order":11,"comment_status":"closed","ping_status":"closed","template":"template-leftsidebar.php","meta":{"_monsterinsights_skip_tracking":false,"_monsterinsights_sitenote_active":false,"_monsterinsights_sitenote_note":"","_monsterinsights_sitenote_category":0,"footnotes":""},"categories":[501],"tags":[628,616],"_links":{"self":[{"href":"https:\/\/www.v6.newmessage.org\/ro\/wp-json\/wp\/v2\/pages\/16358"}],"collection":[{"href":"https:\/\/www.v6.newmessage.org\/ro\/wp-json\/wp\/v2\/pages"}],"about":[{"href":"https:\/\/www.v6.newmessage.org\/ro\/wp-json\/wp\/v2\/types\/page"}],"author":[{"embeddable":true,"href":"https:\/\/www.v6.newmessage.org\/ro\/wp-json\/wp\/v2\/users\/1"}],"replies":[{"embeddable":true,"href":"https:\/\/www.v6.newmessage.org\/ro\/wp-json\/wp\/v2\/comments?post=16358"}],"version-history":[{"count":29,"href":"https:\/\/www.v6.newmessage.org\/ro\/wp-json\/wp\/v2\/pages\/16358\/revisions"}],"predecessor-version":[{"id":27740,"href":"https:\/\/www.v6.newmessage.org\/ro\/wp-json\/wp\/v2\/pages\/16358\/revisions\/27740"}],"up":[{"embeddable":true,"href":"https:\/\/www.v6.newmessage.org\/ro\/wp-json\/wp\/v2\/pages\/26942"}],"wp:attachment":[{"href":"https:\/\/www.v6.newmessage.org\/ro\/wp-json\/wp\/v2\/media?parent=16358"}],"wp:term":[{"taxonomy":"category","embeddable":true,"href":"https:\/\/www.v6.newmessage.org\/ro\/wp-json\/wp\/v2\/categories?post=16358"},{"taxonomy":"post_tag","embeddable":true,"href":"https:\/\/www.v6.newmessage.org\/ro\/wp-json\/wp\/v2\/tags?post=16358"}],"curies":[{"name":"wp","href":"https:\/\/api.w.org\/{rel}","templated":true}]}}