{"id":16314,"date":"2014-10-25T22:27:22","date_gmt":"2014-10-25T22:27:22","guid":{"rendered":"http:\/\/www.newmessage.org\/?page_id=16314"},"modified":"2019-03-27T07:53:10","modified_gmt":"2019-03-27T07:53:10","slug":"volumul-3","status":"publish","type":"page","link":"https:\/\/www.v6.newmessage.org\/ro\/mesajul\/volumul-3\/","title":{"rendered":"Volumul 3"},"content":{"rendered":"<h2><strong><img loading=\"lazy\" decoding=\"async\" class=\"imgborder alignright size-medium\" src=\"https:\/\/www.newmessage.org\/wp-content\/uploads\/2014\/10\/The-New-Message-from-God-Volume-3-215x300.png\" alt=\"\" width=\"215\" height=\"300\" \/><\/strong>Despre Volumul 3<\/h2>\n<p>Volumul 3 cuprinde c\u0103r\u021bile practicii spirituale a Noului Mesaj de la Dumnezeu. Aici se g\u0103se\u0219te textul <a href=\"https:\/\/www.newmessage.org\/ro\/mesajul\/volumul-3\/pasi-catre-cunoastere\/\"><em>Pa\u0219i c\u0103tre Cunoa\u0219tere<\/em><\/a>, una dintre cele mai timpurii c\u0103r\u021bi ale Revela\u021biei, oferit\u0103 Mesagerului din partea Sursei \u00een 1989. Pa\u0219ii sunt acum baza unei c\u0103i noi de practic\u0103, izb\u0103vire \u0219i \u00eentoarcere, oferit\u0103 de Dumnezeu pentru umanitate \u00een aceast\u0103 vreme. <\/p>\n<p>Dup\u0103 studiul din <a href=\"https:\/\/www.newmessage.org\/ro\/mesajul\/volumul-3\/pasi-catre-cunoastere\/\"><em>Pa\u0219i c\u0103tre Cunoa\u0219tere<\/em><\/a> urmeaz\u0103 <em>Pa\u0219i c\u0103tre Cunoa\u0219tere: Preg\u0103tirea Continu\u0103<\/em>, ce extinde c\u0103l\u0103toria din Pa\u0219i \u00een noi sfere importante. Aceste dou\u0103 c\u0103r\u021bi ofer\u0103 o cale esen\u021bial\u0103 de a tr\u0103i o via\u021b\u0103 \u00eemplinit\u0103 \u0219i inspirat\u0103. <\/p>\n<p>De asemenea, \u00een Volumul 3 se g\u0103se\u0219te cartea <a href=\"https:\/\/www.newmessage.org\/ro\/mesajul\/volumul-3\/a-trai-calea-cunoasterii\"><em>A tr\u0103i Calea Cunoa\u0219terii<\/em><\/a>, ce prezint\u0103 \u00eenv\u0103\u021b\u0103tura privind cei Patru Piloni ai vie\u021bii: Pilonul Rela\u021biilor, Pilonul Muncii, Pilonul S\u0103n\u0103t\u0103\u021bii \u0219i Pilonul Dezvolt\u0103rii Spirituale. <\/p>\n<p>Pe viitor, \u00een acest volum vor fi cuprinse \u0219i alte c\u0103r\u021bi, pe m\u0103sur\u0103 ce Mesagerul elaboreaz\u0103 \u0219i preg\u0103te\u0219te profunda bog\u0103\u021bie a \u00eenv\u0103\u021b\u0103turilor \u0219i a textelor cu privire la aceast\u0103 cale spiritual\u0103 pentru to\u021bi oamenii. <\/p>\n<div class=\"toggle toggle-white\"><h4 class=\"trigger \"><span class=\"t_ico\"><\/span><a href=\"#\">Exploreaz\u0103 mai multe din Biblioteca Noului Mesaj<\/a><\/h4><div class=\"toggle_container \"><br \/>\n<p>Noul Mesaj de la Dumnezeu va figura \u00eentr-un final \u00een \u0219ase volume individuale. Fiecare volum cuprinde dou\u0103 sau mai multe c\u0103r\u021bi, iar fiecare carte este organizat\u0103 \u00een capitole.<\/p>\n<p>A\u0219adar, structura viitoare a Noului Mesaj de la Dumnezeu poate fi exprimat\u0103 \u00een felul acesta: <strong> Volum &gt; Carte &gt; Capitol &gt; Vers <\/strong>.<\/p>\n<p>Noul Mesaj de la Dumnezeu cuprinde cel mai mare volum de Revela\u021bii oferit vreodat\u0103 lumii. El abordeaz\u0103 aproape fiecare aspect al vie\u021bilor noastre, \u00een vreme ce prezint\u0103 realit\u0103\u021bi noi nedezv\u0103luite p\u00e2n\u0103 acum. <a href=\"https:\/\/www.newmessage.org\/ro\/despre-the-society\/\">The Society<\/a> se str\u0103duie\u0219te s\u0103 pun\u0103 la dispozi\u021bia lumii c\u00e2t mai multe din c\u0103r\u021bile \u0219i revela\u021biile rostite ale Noului Mesaj. <\/p>\n<p>\u00cen prezent, The Society poate oferi un num\u0103r mare de \u00eenregistr\u0103ri originale ale <a href=\"https:\/\/www.newmessage.org\/ro\/mesajul\/termeni-importanti\/\">Vocii Revela\u021biei<\/a>. Aici e\u0219ti invitat s\u0103 experimentezi puterea \u0219i misterul \u201eVocii\u201d, a\u0219a cum a vorbit ini\u021bial prin Mesager \u00eentr-o stare de Revela\u021bie. Nu a fost posibil p\u00e2n\u0103 acum s\u0103 auzim <a href=\"https:\/\/www.newmessage.org\/ro\/mesajul\/termeni-importanti\/\">Vocea original\u0103 a Revela\u021biei<\/a>.<\/p>\n<p>Elaborarea \u00eentregului Nou Mesaj este un proiect \u00een desf\u0103\u0219urare, care va fi \u00eentreprins pe parcursul unei perioade lungi. De asemenea, Revela\u021bia continu\u0103 \u0219i \u00een ziua de azi, revela\u021bii noi fiind oferite \u00een fiecare an. Ca urmare, selec\u021bia \u00eenv\u0103\u021b\u0103turilor din fiecare carte se poate schimba. A\u0219adar, este posibil ca \u0219i titlurile c\u0103r\u021bilor s\u0103 se schimbe pentru a reflecta dezvoltarea fiec\u0103rei c\u0103r\u021bi. Tr\u0103i\u021bi \u00een vremuri de Revela\u021bie \u0219i sunte\u021bi martori la procesul Revela\u021biei care se desf\u0103\u0219oar\u0103 sub privirile voastre.   <\/p>\n<p><strong>C\u0103r\u021bi online <\/strong><br \/>\n<a href=\"https:\/\/www.newmessage.org\/ro\/despre-the-society\/\">The Society<\/a> se str\u0103duie\u0219te s\u0103 fac\u0103 Noul Mesaj disponibil gratuit, online, pentru \u00eentreaga lume. \u00cen prezent, mai multe c\u0103r\u021bi din Noul Mesaj sunt disponibile gratuit pe www.NewMessage.org. Po\u021bi explora biblioteca ce con\u021bine c\u0103r\u021bi online gratuite <a href=\"https:\/\/www.newmessage.org\/ro\/mesajul\/\">aici<\/a>. <\/p>\n<p><strong>C\u0103r\u021bi tip\u0103rite <\/strong><br \/>\nThe Society ofer\u0103 \u00een prezent c\u00e2teva c\u0103r\u021bi tip\u0103rite din Noul Mesaj. \u00cens\u0103, din cauza m\u0103rimii imense a Noului Mesaj dezv\u0103luit, momentan The Society nu poate s\u0103 tip\u0103reasc\u0103 toate cele \u0219ase volume ale Noului Mesaj. Pentru a cump\u0103ra un exemplar tip\u0103rit din c\u0103r\u021bile Noului Mesaj disponibile \u00een prezent, v\u0103 rug\u0103m s\u0103 vizita\u021bi <a href=\"https:\/\/newknowledgelibrary.org\">magazinul Bibliotecii New Knowledge<\/a>.  <\/p>\n<p><strong>CD-uri \u0219i mp3-uri audio <\/strong><br \/>\nAnumite revela\u021bii despre studen\u021bia \u00een Noul Mesaj sunt disponibile ca CD-uri \u0219i mp3-uri pl\u0103tite. Din cauza realit\u0103\u021bilor financiare de a-i aduce \u00eentregii lumi un Mesaj Nou, <a href=\"https:\/\/www.newmessage.org\/ro\/despre-the-society\/\">The Society<\/a> ofer\u0103 anumite \u00cenv\u0103\u021b\u0103turi cu plat\u0103 la un pre\u021b modest \u00een <a href=\"https:\/\/newknowledgelibrary.org\">magazinul Bibliotecii New Knowledge<\/a>. <\/p>\n<p><strong>Proiectul c\u0103r\u021bilor gratuite <\/strong><br \/>\nPe m\u0103sur\u0103 ce sprijinul financiar cre\u0219te, The Society va putea face disponibile online, gratuit, mai multe dintre aceste \u00eenv\u0103\u021b\u0103turi pline de \u00een\u021belepciune. De asemenea, <a href=\"https:\/\/www.newmessage.org\/the-message\/free-book-project\">Proiectul c\u0103r\u021bilor gratuite<\/a> al organiza\u021biei The Society ofer\u0103 un exemplar personal gratuit din c\u0103r\u021bile \u0219i mp3-urile revela\u021biilor din Noul Mesaj disponibile \u00een present, pentru cei care nu au posibilitatea s\u0103 le cumpere. V\u0103 invit\u0103m s\u0103 face\u021bi o dona\u021bie pentru a sus\u021bine \u201eProiectul c\u0103r\u021bilor gratuite\u201d, ca din ce \u00een ce mai mul\u021bi oameni s\u0103 poat\u0103 avea acces la Noul Mesaj de la Dumnezeu.  <\/p>\n<p><strong>Public\u0103ri viitoare <\/strong><br \/>\nThe Society continu\u0103 s\u0103-\u0219i duc\u0103 mai departe viziunea de a publica \u00eentregul Nou Mesaj de la Dumnezeu at\u00e2t \u00een volume, c\u00e2t \u0219i \u00een c\u0103r\u021bi, iar poate c\u0103 \u00eentr-o bun\u0103 zi va publica o singur\u0103 carte, numit\u0103 pur \u0219i simplu: \u201eNoul Mesaj de la Dumnezeu\u201d. Acesta este un efort enorm pentru care The Society are nevoie de contribu\u021bia \u0219i participarea voastr\u0103. V\u0103 rug\u0103m s\u0103 lua\u021bi \u00een considerare o <a href=\"https:\/\/www.newmessage.org\/ro\/despre-the-society\/sustinerea-noului-mesaj\">dona\u021bie<\/a> sau s\u0103 deveni\u021bi <a href=\"https:\/\/www.newmessage.org\/ro\/despre-the-society\/sustinerea-noului-mesaj\">un Pilon al Noului Mesaj<\/a> pentru a sus\u021bine aceast\u0103 cauz\u0103 sf\u00e2nt\u0103. V\u0103 mul\u021bumim pentru sprijin.<\/p>\n<br \/>\n<\/div><\/div>\n<div class=\"clearfix\"><\/div>\n<div class=\"the-message-books-volumes panel-30 background-tile-1 margin-bottom-20\">\n<h2 class=\"text-align-center margin-bottom-20\"><a class=\"text-color-gray-5 not-underlined\" title=\"Volumul 3\" href=\"https:\/\/www.newmessage.org\/ro\/mesajul\/volumul-3\/\">Volumul 3<\/a><\/h2>\n<div class=\"one_third \" ><\/p>\n<div class=\"message-book-div\"><a class=\"message-book-link-to-post\" title=\"Pa\u0219i c\u0103tre Cunoa\u0219tere\" href=\"https:\/\/www.newmessage.org\/ro\/mesajul\/volumul-3\/pasi-catre-cunoastere\/\" rel=\"bookmark\">Pa\u0219i c\u0103tre Cunoa\u0219tere<\/a><\/div>\n<p><\/div>\n<div class=\"one_third \" ><\/p>\n<div class=\"message-book-div\"><a class=\"message-book-link-to-post\" title=\"Pa\u0219i c\u0103tre Cunoa\u0219tere: Preg\u0103tirea Continu\u0103\" href=\"\/the-message\/volume-3\/steps-knowledge-continuation-training\" rel=\"bookmark\">Pa\u0219i c\u0103tre Cunoa\u0219tere: Preg\u0103tirea Continu\u0103<\/a><\/div>\n<p><\/div>\n<div class=\"one_third last\" ><\/p>\n<div class=\"message-book-div\"><a class=\"message-book-link-to-post\" title=\"A tr\u0103i Calea Cunoa\u0219terii\" href=\"\/the-message\/volume-3\/living-way-knowledge\" rel=\"bookmark\">A tr\u0103i Calea Cunoa\u0219terii<\/a><\/div>\n<div class=\"toggle toggle-gray\"><h4 class=\"trigger \"><span class=\"t_ico\"><\/span><a href=\"#\">Cuprins<\/a><\/h4><div class=\"toggle_container \"><br \/>\n<a href=\"\/the-message\/volume-3\/living-way-knowledge\/living-in-an-emerging-world\">Living in an Emerging World<\/a><br \/>\n<a href=\"\/the-message\/volume-3\/living-way-knowledge\/the-four-pillars-of-life\">The Four Pillars of Life<\/a><br \/>\n<a class=\"text-color-gray-9\" title=\"The Pillar of Relationships\">The Pillar of Relationships<\/a><br \/>\n<a class=\"text-color-gray-9\" title=\"The Pillar of Health\">The Pillar of Health<\/a><br \/>\n<a class=\"text-color-gray-9\" title=\"The Pillar of Work\">The Pillar of Work<\/a><br \/>\n<a class=\"text-color-gray-9\" title=\"The Pillar of Spiritual Development\">The Pillar of Spiritual Development<\/a><br \/>\n<a href=\"\/the-message\/volume-3\/living-way-knowledge\/your-relationship-with-your-spiritual-family\">Your Relationship with Your Spiritual Family<\/a><br \/>\n<a class=\"text-color-gray-9\" title=\"Building Spiritual Community\">Building Spiritual Community<\/a><br \/>\n<a href=\"\/the-message\/volume-3\/living-way-knowledge\/sharing-the-way-of-knowledge-with-others\">Sharing The Way of Knowledge with Others<\/a><br \/>\n<a class=\"text-color-gray-9\" title=\"Being Present in the World\">Being Present in the World<\/a><br \/>\n<a href=\"\/the-message\/volume-3\/living-way-knowledge\/preparing-for-the-future\">Preparing for the Future<\/a><br \/>\n<\/div><\/div><br \/>\n<\/div>\n<div class=\"one_third \" ><\/p>\n<div class=\"message-book-div more\"><a class=\"message-book-link-to-post\" title=\"More to Come\u2026\" href=\"https:\/\/www.newmessage.org\/ro\/mai-multe-pe-viitor\/\" rel=\"bookmark\">Mai multe pe viitor\u2026<\/a><\/div>\n<p><\/div>\n<\/div>\n","protected":false},"excerpt":{"rendered":"<p>Despre Volumul 3 Volumul 3 cuprinde c\u0103r\u021bile practicii spirituale a Noului Mesaj de la Dumnezeu. Aici se g\u0103se\u0219te textul Pa\u0219i c\u0103tre Cunoa\u0219tere, una dintre cele mai timpurii c\u0103r\u021bi ale Revela\u021biei, oferit\u0103 Mesagerului din partea Sursei \u00een 1989. Pa\u0219ii sunt acum baza unei c\u0103i noi de practic\u0103, izb\u0103vire \u0219i \u00eentoarcere, oferit\u0103 de Dumnezeu pentru umanitate \u00een\u2026 <a class=\"read-more\" href=\"https:\/\/www.v6.newmessage.org\/ro\/about-volumes-shortcode\/\"><span>Read More<\/span><\/a><\/p>\n","protected":false},"author":1,"featured_media":0,"parent":26942,"menu_order":8,"comment_status":"closed","ping_status":"closed","template":"template-leftsidebar.php","meta":{"_monsterinsights_skip_tracking":false,"_monsterinsights_sitenote_active":false,"_monsterinsights_sitenote_note":"","_monsterinsights_sitenote_category":0,"footnotes":""},"categories":[],"tags":[729,602],"_links":{"self":[{"href":"https:\/\/www.v6.newmessage.org\/ro\/wp-json\/wp\/v2\/pages\/16314"}],"collection":[{"href":"https:\/\/www.v6.newmessage.org\/ro\/wp-json\/wp\/v2\/pages"}],"about":[{"href":"https:\/\/www.v6.newmessage.org\/ro\/wp-json\/wp\/v2\/types\/page"}],"author":[{"embeddable":true,"href":"https:\/\/www.v6.newmessage.org\/ro\/wp-json\/wp\/v2\/users\/1"}],"replies":[{"embeddable":true,"href":"https:\/\/www.v6.newmessage.org\/ro\/wp-json\/wp\/v2\/comments?post=16314"}],"version-history":[{"count":32,"href":"https:\/\/www.v6.newmessage.org\/ro\/wp-json\/wp\/v2\/pages\/16314\/revisions"}],"predecessor-version":[{"id":27929,"href":"https:\/\/www.v6.newmessage.org\/ro\/wp-json\/wp\/v2\/pages\/16314\/revisions\/27929"}],"up":[{"embeddable":true,"href":"https:\/\/www.v6.newmessage.org\/ro\/wp-json\/wp\/v2\/pages\/26942"}],"wp:attachment":[{"href":"https:\/\/www.v6.newmessage.org\/ro\/wp-json\/wp\/v2\/media?parent=16314"}],"wp:term":[{"taxonomy":"category","embeddable":true,"href":"https:\/\/www.v6.newmessage.org\/ro\/wp-json\/wp\/v2\/categories?post=16314"},{"taxonomy":"post_tag","embeddable":true,"href":"https:\/\/www.v6.newmessage.org\/ro\/wp-json\/wp\/v2\/tags?post=16314"}],"curies":[{"name":"wp","href":"https:\/\/api.w.org\/{rel}","templated":true}]}}