{"id":16312,"date":"2014-10-25T22:25:11","date_gmt":"2014-10-25T22:25:11","guid":{"rendered":"http:\/\/www.newmessage.org\/?page_id=16312"},"modified":"2019-03-27T07:37:32","modified_gmt":"2019-03-27T07:37:32","slug":"volumul-2","status":"publish","type":"page","link":"https:\/\/www.v6.newmessage.org\/ro\/mesajul\/volumul-2\/","title":{"rendered":"Volumul 2"},"content":{"rendered":"<h3><strong>Despre Volumul 2<\/strong><\/h3>\n<p><strong><img loading=\"lazy\" decoding=\"async\" class=\"imgborder alignright  size-medium\" src=\"https:\/\/www.newmessage.org\/wp-content\/uploads\/2014\/10\/The-New-Message-from-God-Volume-2-214x300.png\" alt=\"\" width=\"214\" height=\"300\" \/><\/strong><\/p>\n<p>Volumul al doilea al Noului Mesaj de la Dumnezeu cuprinde ad\u00e2nca tradi\u021bie spiritual\u0103 din inima Noii Revela\u021bii a lui Dumnezeu pentru umanitate. <\/p>\n<p>Aici sunt cuprinse textele de baz\u0103 a teologiei \u0219i spiritualit\u0103\u021bii Noului Mesaj al lui Dumnezeu. Acestea cuprind c\u0103r\u021bile <a href=\"https:\/\/www.newmessage.org\/ro\/mesajul\/volumul-2\/spiritualitatea-din-marea-comunitate\/\"><em>Spiritualitatea din Marea Comunitate<\/em><\/a> \u0219i <a href=\"https:\/\/www.newmessage.org\/the-message\/volume-2\/relationships-higher-purpose\"><em>Rela\u021biile \u0219i scopul \u00eenalt<\/em><\/a> ale Noului Mesaj. Aceste texte unice \u0219i sfinte au fost primite de Mesager \u00eentr-un proces continuu de Revela\u021bie. <\/p>\n<p>Aceste texte prezint\u0103 Revela\u021bia de baz\u0103 a Domnului pentru omenire cu privire la <a href=\"https:\/\/www.newmessage.org\/ro\/mesajul\/volumul-2\/spiritualitatea-din-marea-comunitate\/ce-este-cunoasterea\/\">Cunoa\u0219tere<\/a>, la <a href=\"https:\/\/www.newmessage.org\/ro\/mesajul\/volumul-1\/marea-comunitate\/\">Marea Comunitate<\/a> \u0219i la <a href=\"https:\/\/www.newmessage.org\/the-message\/volume-2\/relationships-higher-purpose\"><em>rela\u021biile \u0219i scopul \u00eenalt<\/em><\/a>, precum \u0219i \u00eenv\u0103\u021b\u0103turi fundamentale cu privire la natura Prezen\u021bei \u0219i Scopului lui Dumnezeu \u00een lume \u0219i \u00een univers.<\/p>\n<p>\u00cen aceste texte, Calea Cunoa\u0219terii din Marea Comunitate \u00eei este prezentat\u0103 umanit\u0103\u021bii, calea practicii spirituale \u0219i a dezvolt\u0103rii l\u0103untrice practicat\u0103 \u00een \u00eentregul univers de la \u00eenceputul timpurilor. Calea Cunoa\u0219terii din Marea Comunitate este prezentat\u0103 acum \u00een lumea noastr\u0103 pentru prima dat\u0103. <\/p>\n<p>\u00cen timp ce aceste texte continu\u0103 s\u0103 cl\u0103deasc\u0103 baza spiritual\u0103 a Noului Mesaj, ele sun\u0103, de asemenea, o chemare foarte intim\u0103 de la Dumnezeu c\u0103tre individ &#8211; o chemare foarte puternic\u0103 \u0219i misterioas\u0103. Aceast\u0103 chemare r\u0103sun\u0103 pentru tine, chem\u00e2nd prin coridoarele str\u0103vechi ale min\u021bii tale, chem\u00e2nd o Cunoa\u0219tere mai profund\u0103 \u0219i o amintire str\u0103veche ce tr\u0103iesc \u00een\u0103untrul t\u0103u \u0219i a\u0219teapt\u0103 s\u0103 fie descoperite.<\/p>\n<div class=\"toggle toggle-white\"><h4 class=\"trigger \"><span class=\"t_ico\"><\/span><a href=\"#\">Exploreaz\u0103 mai multe din Biblioteca Noului Mesaj<\/a><\/h4><div class=\"toggle_container \"><br \/>\n<p>Noul Mesaj de la Dumnezeu va figura \u00eentr-un final \u00een \u0219ase volume individuale. Fiecare volum cuprinde dou\u0103 sau mai multe c\u0103r\u021bi, iar fiecare carte este organizat\u0103 \u00een capitole.<\/p>\n<p>A\u0219adar, structura viitoare a Noului Mesaj de la Dumnezeu poate fi exprimat\u0103 \u00een felul acesta: <strong> Volum &gt; Carte &gt; Capitol &gt; Vers <\/strong>.<\/p>\n<p>Noul Mesaj de la Dumnezeu cuprinde cel mai mare volum de Revela\u021bii oferit vreodat\u0103 lumii. El abordeaz\u0103 aproape fiecare aspect al vie\u021bilor noastre, \u00een vreme ce prezint\u0103 realit\u0103\u021bi noi nedezv\u0103luite p\u00e2n\u0103 acum. <a href=\"https:\/\/www.newmessage.org\/ro\/despre-the-society\/\">The Society<\/a> se str\u0103duie\u0219te s\u0103 pun\u0103 la dispozi\u021bia lumii c\u00e2t mai multe din c\u0103r\u021bile \u0219i revela\u021biile rostite ale Noului Mesaj. <\/p>\n<p>\u00cen prezent, The Society poate oferi un num\u0103r mare de \u00eenregistr\u0103ri originale ale <a href=\"https:\/\/www.newmessage.org\/ro\/mesajul\/termeni-importanti\/\">Vocii Revela\u021biei<\/a>. Aici e\u0219ti invitat s\u0103 experimentezi puterea \u0219i misterul \u201eVocii\u201d, a\u0219a cum a vorbit ini\u021bial prin Mesager \u00eentr-o stare de Revela\u021bie. Nu a fost posibil p\u00e2n\u0103 acum s\u0103 auzim <a href=\"https:\/\/www.newmessage.org\/ro\/mesajul\/termeni-importanti\/\">Vocea original\u0103 a Revela\u021biei<\/a>.<\/p>\n<p>Elaborarea \u00eentregului Nou Mesaj este un proiect \u00een desf\u0103\u0219urare, care va fi \u00eentreprins pe parcursul unei perioade lungi. De asemenea, Revela\u021bia continu\u0103 \u0219i \u00een ziua de azi, revela\u021bii noi fiind oferite \u00een fiecare an. Ca urmare, selec\u021bia \u00eenv\u0103\u021b\u0103turilor din fiecare carte se poate schimba. A\u0219adar, este posibil ca \u0219i titlurile c\u0103r\u021bilor s\u0103 se schimbe pentru a reflecta dezvoltarea fiec\u0103rei c\u0103r\u021bi. Tr\u0103i\u021bi \u00een vremuri de Revela\u021bie \u0219i sunte\u021bi martori la procesul Revela\u021biei care se desf\u0103\u0219oar\u0103 sub privirile voastre.   <\/p>\n<p><strong>C\u0103r\u021bi online <\/strong><br \/>\n<a href=\"https:\/\/www.newmessage.org\/ro\/despre-the-society\/\">The Society<\/a> se str\u0103duie\u0219te s\u0103 fac\u0103 Noul Mesaj disponibil gratuit, online, pentru \u00eentreaga lume. \u00cen prezent, mai multe c\u0103r\u021bi din Noul Mesaj sunt disponibile gratuit pe www.NewMessage.org. Po\u021bi explora biblioteca ce con\u021bine c\u0103r\u021bi online gratuite <a href=\"https:\/\/www.newmessage.org\/ro\/mesajul\/\">aici<\/a>. <\/p>\n<p><strong>C\u0103r\u021bi tip\u0103rite <\/strong><br \/>\nThe Society ofer\u0103 \u00een prezent c\u00e2teva c\u0103r\u021bi tip\u0103rite din Noul Mesaj. \u00cens\u0103, din cauza m\u0103rimii imense a Noului Mesaj dezv\u0103luit, momentan The Society nu poate s\u0103 tip\u0103reasc\u0103 toate cele \u0219ase volume ale Noului Mesaj. Pentru a cump\u0103ra un exemplar tip\u0103rit din c\u0103r\u021bile Noului Mesaj disponibile \u00een prezent, v\u0103 rug\u0103m s\u0103 vizita\u021bi <a href=\"https:\/\/newknowledgelibrary.org\">magazinul Bibliotecii New Knowledge<\/a>.  <\/p>\n<p><strong>CD-uri \u0219i mp3-uri audio <\/strong><br \/>\nAnumite revela\u021bii despre studen\u021bia \u00een Noul Mesaj sunt disponibile ca CD-uri \u0219i mp3-uri pl\u0103tite. Din cauza realit\u0103\u021bilor financiare de a-i aduce \u00eentregii lumi un Mesaj Nou, <a href=\"https:\/\/www.newmessage.org\/ro\/despre-the-society\/\">The Society<\/a> ofer\u0103 anumite \u00cenv\u0103\u021b\u0103turi cu plat\u0103 la un pre\u021b modest \u00een <a href=\"https:\/\/newknowledgelibrary.org\">magazinul Bibliotecii New Knowledge<\/a>. <\/p>\n<p><strong>Proiectul c\u0103r\u021bilor gratuite <\/strong><br \/>\nPe m\u0103sur\u0103 ce sprijinul financiar cre\u0219te, The Society va putea face disponibile online, gratuit, mai multe dintre aceste \u00eenv\u0103\u021b\u0103turi pline de \u00een\u021belepciune. De asemenea, <a href=\"https:\/\/www.newmessage.org\/the-message\/free-book-project\">Proiectul c\u0103r\u021bilor gratuite<\/a> al organiza\u021biei The Society ofer\u0103 un exemplar personal gratuit din c\u0103r\u021bile \u0219i mp3-urile revela\u021biilor din Noul Mesaj disponibile \u00een present, pentru cei care nu au posibilitatea s\u0103 le cumpere. V\u0103 invit\u0103m s\u0103 face\u021bi o dona\u021bie pentru a sus\u021bine \u201eProiectul c\u0103r\u021bilor gratuite\u201d, ca din ce \u00een ce mai mul\u021bi oameni s\u0103 poat\u0103 avea acces la Noul Mesaj de la Dumnezeu.  <\/p>\n<p><strong>Public\u0103ri viitoare <\/strong><br \/>\nThe Society continu\u0103 s\u0103-\u0219i duc\u0103 mai departe viziunea de a publica \u00eentregul Nou Mesaj de la Dumnezeu at\u00e2t \u00een volume, c\u00e2t \u0219i \u00een c\u0103r\u021bi, iar poate c\u0103 \u00eentr-o bun\u0103 zi va publica o singur\u0103 carte, numit\u0103 pur \u0219i simplu: \u201eNoul Mesaj de la Dumnezeu\u201d. Acesta este un efort enorm pentru care The Society are nevoie de contribu\u021bia \u0219i participarea voastr\u0103. V\u0103 rug\u0103m s\u0103 lua\u021bi \u00een considerare o <a href=\"https:\/\/www.newmessage.org\/ro\/despre-the-society\/sustinerea-noului-mesaj\">dona\u021bie<\/a> sau s\u0103 deveni\u021bi <a href=\"https:\/\/www.newmessage.org\/ro\/despre-the-society\/sustinerea-noului-mesaj\">un Pilon al Noului Mesaj<\/a> pentru a sus\u021bine aceast\u0103 cauz\u0103 sf\u00e2nt\u0103. V\u0103 mul\u021bumim pentru sprijin.<\/p>\n<\/p>\n<p><\/div><\/div>\n<div class=\"clearfix\"><\/div>\n<div class=\"the-message-books-volumes panel-30 background-tile-1 margin-bottom-20\">\n<h2 class=\"text-align-center margin-bottom-20\"><a class=\"text-color-gray-5 not-underlined\" title=\"Volumul 2\" href=\"https:\/\/www.newmessage.org\/ro\/mesajul\/volumul-2\/\">Volumul 2<\/a><\/h2>\n<div class=\"one_third \" ><\/p>\n<div class=\"message-book-div\"><a class=\"message-book-link-to-post\" title=\"Spiritualitatea din Marea Comunitate\" href=\"https:\/\/www.newmessage.org\/ro\/mesajul\/volumul-2\/spiritualitatea-din-marea-comunitate\/\" rel=\"bookmark\">Spiritualitatea din Marea Comunitate<\/a><\/div>\n<div class=\"toggle toggle-gray\"><h4 class=\"trigger \"><span class=\"t_ico\"><\/span><a href=\"#\">Cuprins<\/a><\/h4><div class=\"toggle_container \"><br \/>\n<a class=\"font-size-15\" href=\"\/the-message\/volume-2\/greater-community-spirituality\/what-is-god-3\">What is God?<\/a><br \/>\n<a class=\"font-size-15\" href=\"\/the-message\/volume-2\/greater-community-spirituality\/what-is-the-world\">What is the World?<\/a><br \/>\n<a class=\"font-size-15\" href=\"\/the-message\/volume-2\/greater-community-spirituality\/what-is-life-force\">What is Life Force?<\/a><br \/>\n<a class=\"font-size-15\" href=\"\/the-message\/volume-2\/greater-community-spirituality\/what-is-knowledge\">What is Knowledge?<\/a><br \/>\n<a class=\"font-size-15\" href=\"\/the-message\/volume-2\/greater-community-spirituality\/what-is-human-purpose\">What is Human Purpose?<\/a><br \/>\n<a class=\"font-size-15\" href=\"\/the-message\/volume-2\/greater-community-spirituality\/what-is-the-greater-community\">What is the Greater Community?<\/a><br \/>\n<a class=\"font-size-15\" href=\"\/the-message\/volume-2\/greater-community-spirituality\/how-is-wisdom-achieved-in-life\">How is Wisdom achieved in life?<\/a><br \/>\n<a class=\"font-size-15\" href=\"\/the-message\/volume-2\/greater-community-spirituality\/who-is-wisdom-meant-for\">Who is Wisdom meant for?<\/a><br \/>\n<a class=\"font-size-15\" href=\"\/the-message\/volume-2\/greater-community-spirituality\/false-expectations-of-god\">How does God participate in the world?<\/a><br \/>\n<a class=\"font-size-15\" href=\"\/the-message\/volume-2\/greater-community-spirituality\/how-do-you-prepare\">How do you prepare?<\/a><br \/>\n<a class=\"font-size-15\" href=\"\/the-message\/volume-2\/greater-community-spirituality\/what-is-your-preparation-for\">What is your preparation for?<\/a><br \/>\n<a class=\"font-size-15\" href=\"\/the-message\/volume-2\/greater-community-spirituality\/whom-will-you-meet\">Whom will you meet?<\/a><br \/>\n<a class=\"font-size-15\" href=\"\/the-message\/volume-2\/greater-community-spirituality\/what-must-be-unlearned\">What must be unlearned?<\/a><br \/>\n<a class=\"font-size-15\" href=\"\/the-message\/volume-2\/greater-community-spirituality\/what-must-be-avoided\">What must be avoided?<\/a><br \/>\n<a class=\"font-size-15\" href=\"\/the-message\/volume-2\/greater-community-spirituality\/who-serves-humanity\">Who serves humanity?<\/a><br \/>\n<a class=\"font-size-15\" href=\"\/the-message\/volume-2\/greater-community-spirituality\/who-are-the-unseen-ones\">Who are the Unseen Ones?<\/a><br \/>\n<a class=\"font-size-15\" href=\"\/the-message\/volume-2\/greater-community-spirituality\/how-does-revelation-occur-in-human-life\">How does revelation occur in human life?<\/a><br \/>\n<a class=\"font-size-15\" href=\"\/the-message\/volume-2\/greater-community-spirituality\/what-is-human-destiny\">What is human destiny?<\/a><br \/>\n<a class=\"font-size-15\" href=\"\/the-message\/volume-2\/greater-community-spirituality\/what-is-religion\">What is religion?<\/a><br \/>\n<a class=\"font-size-15\" href=\"\/the-message\/volume-2\/greater-community-spirituality\/what-is-religious-education-and-who-is-it-for\">What is religious education and who is it for?<\/a><br \/>\n<a class=\"font-size-15\" href=\"\/the-message\/volume-2\/greater-community-spirituality\/what-is-the-greater-community-way-of-knowledge\">What is The Greater Community Way of Knowledge?<\/a><br \/>\n<a class=\"font-size-15\" href=\"\/the-message\/volume-2\/greater-community-spirituality\/where-can-knowledge-be-found\">Where can Knowledge be found?<\/a><br \/>\n<a class=\"font-size-15\" href=\"\/the-message\/volume-2\/greater-community-spirituality\/how-is-knowledge-translated-in-the-greater-community\">How is Knowledge translated in the Greater Community?<\/a><br \/>\n<a class=\"font-size-15\" href=\"\/the-message\/volume-2\/greater-community-spirituality\/what-is-steps-to-knowledge\">What is Steps to Knowledge?<\/a><br \/>\n<a class=\"font-size-15\" href=\"\/the-message\/volume-2\/greater-community-spirituality\/what-is-grace\">What is grace?<\/a><br \/>\n<a class=\"font-size-15\" href=\"\/the-message\/volume-2\/greater-community-spirituality\/who-is-jesus\">Who is Jesus?<\/a><br \/>\n<a class=\"font-size-15\" href=\"\/the-message\/volume-2\/greater-community-spirituality\/what-is-the-evolution-of-religion-in-the-world\">What is the evolution of religion in the world?<\/a><\/p>\n<p><\/div><\/div><br \/>\n<\/div>\n<div class=\"one_third \" ><\/p>\n<div class=\"message-book-div\"><a class=\"message-book-link-to-post\" title=\"Rela\u021biile \u0219i scopul \u00eenalt\" href=\"\/the-message\/volume-2\/relationships-higher-purpose\" rel=\"bookmark\">Rela\u021biile \u0219i scopul \u00eenalt<\/a><\/div>\n<div class=\"toggle toggle-gray\"><h4 class=\"trigger \"><span class=\"t_ico\"><\/span><a href=\"#\">Cuprins<\/a><\/h4><div class=\"toggle_container \"><br \/>\n<a class=\"font-size-15\" title=\"Your Most Primary Relationship\" href=\"\/the-message\/volume-2\/relationships-higher-purpose\/your-most-primary-relationship\">Your Most Primary Relationship<\/a><br \/>\n<a class=\"font-size-15\" href=\"\/the-message\/volume-2\/relationships-higher-purpose\/your-relationship-with-yourself\">Your Relationship with Yourself<\/a><br \/>\n<a class=\"font-size-15\" href=\"\/the-message\/volume-2\/relationships-higher-purpose\/your-relationship-with-others\">Your Relationship with Others<\/a><br \/>\n<a class=\"font-size-15 padding_bottom_zero\" href=\"\/the-message\/volume-2\/relationships-higher-purpose\/your-relationship-with-the-world\">Your Relationship with the World <\/a><br \/>\n<a class=\"text-color-gray-9\" title=\"Your Relationship with Your Spiritual Family\">Your Relationship with Your Spiritual Family<\/a><br \/>\n<a class=\"text-color-gray-9\" title=\"Your Relationship with Knowledge\">Your Relationship with Knowledge<\/a><br \/>\n<a class=\"text-color-gray-9\" title=\"Your Relationship with the Unknown\">Your Relationship with the Unknown<\/a><br \/>\n<a class=\"text-color-gray-9\" title=\"The Problem of Evil and the Forces of Dissonance\">The Problem of Evil and the Forces of Dissonance<\/a><br \/>\n<a class=\"text-color-gray-9\" title=\"Stages of Development\">Stages of Development<\/a><br \/>\n<a class=\"font-size-15\" href=\"\/the-message\/volume-2\/relationships-higher-purpose\/marriage\">Marriage<\/a><br \/>\n<a class=\"font-size-15\" href=\"\/the-message\/volume-2\/relationships-higher-purpose\/your-purpose-and-spiritual-calling\">Your Purpose and Spiritual Calling<\/a><br \/>\n<a class=\"text-color-gray-9\" title=\"Establishing Relationships\">Establishing Relationships<\/a><br \/>\n<a class=\"text-color-gray-9\" title=\"Maintaining Relationships\">Maintaining Relationships<\/a><br \/>\n<a class=\"text-color-gray-9\" title=\"Completing Relationships\">Completing Relationships<\/a><br \/>\n<a class=\"text-color-gray-9\" title=\"Conclusion\">Conclusion<\/a><br \/>\n<\/div><\/div><br \/>\n<\/div>\n<div class=\"one_third last\" ><\/p>\n<div class=\"message-book-div more\"><a class=\"message-book-link-to-post\" title=\"More to Come\u2026\" href=\"https:\/\/www.newmessage.org\/ro\/mai-multe-pe-viitor\/\" rel=\"bookmark\">Mai multe pe viitor\u2026<\/a><\/div>\n<p><\/div>\n<\/div>\n","protected":false},"excerpt":{"rendered":"<p>Despre Volumul 2 Volumul al doilea al Noului Mesaj de la Dumnezeu cuprinde ad\u00e2nca tradi\u021bie spiritual\u0103 din inima Noii Revela\u021bii a lui Dumnezeu pentru umanitate. Aici sunt cuprinse textele de baz\u0103 a teologiei \u0219i spiritualit\u0103\u021bii Noului Mesaj al lui Dumnezeu. Acestea cuprind c\u0103r\u021bile Spiritualitatea din Marea Comunitate \u0219i Rela\u021biile \u0219i scopul \u00eenalt ale Noului Mesaj.\u2026 <a class=\"read-more\" href=\"https:\/\/www.v6.newmessage.org\/ro\/about-volumes-shortcode\/\"><span>Read More<\/span><\/a><\/p>\n","protected":false},"author":1,"featured_media":0,"parent":26942,"menu_order":7,"comment_status":"closed","ping_status":"closed","template":"template-leftsidebar.php","meta":{"_monsterinsights_skip_tracking":false,"_monsterinsights_sitenote_active":false,"_monsterinsights_sitenote_note":"","_monsterinsights_sitenote_category":0,"footnotes":""},"categories":[],"tags":[699,698],"_links":{"self":[{"href":"https:\/\/www.v6.newmessage.org\/ro\/wp-json\/wp\/v2\/pages\/16312"}],"collection":[{"href":"https:\/\/www.v6.newmessage.org\/ro\/wp-json\/wp\/v2\/pages"}],"about":[{"href":"https:\/\/www.v6.newmessage.org\/ro\/wp-json\/wp\/v2\/types\/page"}],"author":[{"embeddable":true,"href":"https:\/\/www.v6.newmessage.org\/ro\/wp-json\/wp\/v2\/users\/1"}],"replies":[{"embeddable":true,"href":"https:\/\/www.v6.newmessage.org\/ro\/wp-json\/wp\/v2\/comments?post=16312"}],"version-history":[{"count":53,"href":"https:\/\/www.v6.newmessage.org\/ro\/wp-json\/wp\/v2\/pages\/16312\/revisions"}],"predecessor-version":[{"id":27927,"href":"https:\/\/www.v6.newmessage.org\/ro\/wp-json\/wp\/v2\/pages\/16312\/revisions\/27927"}],"up":[{"embeddable":true,"href":"https:\/\/www.v6.newmessage.org\/ro\/wp-json\/wp\/v2\/pages\/26942"}],"wp:attachment":[{"href":"https:\/\/www.v6.newmessage.org\/ro\/wp-json\/wp\/v2\/media?parent=16312"}],"wp:term":[{"taxonomy":"category","embeddable":true,"href":"https:\/\/www.v6.newmessage.org\/ro\/wp-json\/wp\/v2\/categories?post=16312"},{"taxonomy":"post_tag","embeddable":true,"href":"https:\/\/www.v6.newmessage.org\/ro\/wp-json\/wp\/v2\/tags?post=16312"}],"curies":[{"name":"wp","href":"https:\/\/api.w.org\/{rel}","templated":true}]}}