{"id":16297,"date":"2014-10-25T22:08:36","date_gmt":"2014-10-25T22:08:36","guid":{"rendered":"http:\/\/www.newmessage.org\/?page_id=16297"},"modified":"2018-09-05T01:11:28","modified_gmt":"2018-09-05T01:11:28","slug":"unicul-dumnezeu","status":"publish","type":"page","link":"https:\/\/www.v6.newmessage.org\/ro\/mesajul\/volumul-1\/unicul-dumnezeu\/","title":{"rendered":"Unicul Dumnezeu"},"content":{"rendered":"<p><img loading=\"lazy\" decoding=\"async\" width=\"200\" height=\"300\" class=\"size-medium wp-image-27139 imgborder alignright\" src=\"https:\/\/www.newmessage.org\/romanian-international\/wp-content\/uploads\/sites\/55\/2014\/10\/TOG_v.7.0_ebook-cover-1-400x600-200x300.jpg\" alt=\"\" srcset=\"https:\/\/www.v6.newmessage.org\/ro\/wp-content\/uploads\/sites\/55\/2014\/10\/TOG_v.7.0_ebook-cover-1-400x600-200x300.jpg 200w, https:\/\/www.v6.newmessage.org\/ro\/wp-content\/uploads\/sites\/55\/2014\/10\/TOG_v.7.0_ebook-cover-1-400x600.jpg 400w\" sizes=\"(max-width: 200px) 100vw, 200px\" \/><\/p>\n<p><em>Unicul Dumnezeu<\/em> este o carte de revela\u021bie ce ofer\u0103 o nou\u0103 \u00een\u021belegere a naturii \u0219i realit\u0103\u021bii lui Dumnezeu \u0219i a Planului \u0219i Scopului lui Dumnezeu pe p\u0103m\u00e2nt \u0219i \u00een Marea Comunitate a vie\u021bii din univers. Aici \u00eencepe urm\u0103torul capitol din Revela\u021bia progresiv\u0103 a Prezen\u021bei \u0219i Voin\u021bei lui Dumnezeu pentru umanitate.<\/p>\n<p>Prin marii Mesageri \u0219i marile \u00cenv\u0103\u021b\u0103turi din trecut, aceast\u0103 Revela\u021bie continu\u0103 a curs de-a lungul timpului, sporindu-ne \u00een\u021belegerea Unicului Dumnezeu \u0219i trezindu-ne rela\u021bia personal\u0103 cu Prezen\u021ba Divin\u0103 din via\u021ba noastr\u0103. Acum, aceast\u0103 Revela\u021bie progresiv\u0103 continu\u0103 din nou printr-un Mesaj Nou de la Dumnezeu. <\/p>\n<p>Cuv\u00e2ntul \u0219i Sunetul se afl\u0103 acum pe p\u0103m\u00e2nt. Fiecare capitol din <em>Unicul Dumnezeu<\/em> este o revela\u021bie d\u0103ruit\u0103 pentru a oferi o nou\u0103 \u00eenv\u0103\u021b\u0103tur\u0103 despre Sursa vie\u021bii noastre \u0219i despre scopul cu care suntem \u00een lume \u00een aceast\u0103 vreme. Fiecare capitol prezint\u0103 un punct nou de vedere din care po\u021bi arunca o privire fugar\u0103 \u00een inima lui Dumnezeu, \u00eenapoi la originile universului \u0219i \u00eenainte, la Planul lui Dumnezeu \u00een desf\u0103\u0219urare pentru aceste vremuri \u0219i pentru vremurile ce vor veni. <\/p>\n<p>Fiecare capitol din <em>Unicul Dumnezeu<\/em> este o revela\u021bie oferit\u0103 din partea Sursei, elaborat\u0103 \u00een forma acestui text de Mesagerul Marshall Vian Summers.<\/p>\n<p><em>Unicul Dumnezeu<\/em> este cartea a doua din <a href=\"https:\/\/www.newmessage.org\/ro\/mesajul\/volumul-1\/\">Volumul 1<\/a> al Noului Mesaj de la Dumnezeu.<\/p>\n<div class=\"toggle toggle-white\"><h4 class=\"trigger \"><span class=\"t_ico\"><\/span><a href=\"#\">Afl\u0103 mai multe despre Biblioteca Noului Mesaj<\/a><\/h4><div class=\"toggle_container \"><br \/>\n<div data-post-id='more-about-the-volumes' class='insert-page insert-page-more-about-the-volumes '><\/div><br \/>\n<\/div><\/div>\n<div class=\"menu-books\">\n<strong><a href=\"\/the-message\/volume-1\/one-god\/\" style=\"text-decoration:none\"><\/p>\n<h2>Unicul Dumnezeu<\/h2>\n<p><\/a><\/strong><br \/>\n<strong>Cuprins<\/strong><\/p>\n<p><\/br><\/p>\n<p><a href=\"\/the-message\/volume-1\/one-god\/the-one-god-book-intro\">Introduction<\/a><\/p>\n<p>Capitolul 1: <a href=\"https:\/\/www.newmessage.org\/ro\/mesajul\/volumul-1\/unicul-dumnezeu\/a-l-intelege-pe-dumnezeu\/\">A-l \u00een\u021belege pe Dumnezeu<\/a><\/p>\n<p>Capitolul 2: <a href=\"https:\/\/www.newmessage.org\/ro\/mesajul\/volumul-1\/unicul-dumnezeu\/noul-dumnezeu\/\">Noul Dumnezeu<\/a><\/p>\n<p>Chapter 3: <a href=\"\/the-message\/volume-1\/one-god\/the-origin\">The Origin<\/a><\/p>\n<p>Capitolul 4: <a href=\"https:\/\/www.newmessage.org\/ro\/mesajul\/volumul-1\/unicul-dumnezeu\/separatia\/\">Separa\u021bia<\/a><\/p>\n<p>Chapter 5: <a href=\"\/the-message\/volume-1\/one-god\/what-is-creation\">What is Creation?<\/a><\/p>\n<p>Chapter 6: <a href=\"\/the-message\/volume-1\/one-god\/the-soul\">The Soul<\/a><\/p>\n<p>Chapter 7: <a href=\"\/the-message\/volume-1\/one-god\/what-creates-evil\">What Creates Evil?<\/a><\/p>\n<p>Chapter 8: <a href=\"\/the-message\/volume-1\/one-god\/what-is-redemption\">The Redemption<\/a><\/p>\n<p>Chapter 9: <a href=\"\/the-message\/volume-1\/one-god\/god-knowledge-and-the-angelic-presence\">God, Knowledge and the Angelic Presence<\/a><\/p>\n<p>Chapter 10: <a href=\"\/the-message\/volume-1\/one-god\/how-god-speaks-to-the-world\">How God Speaks to the World<\/a><\/p>\n<p>Capitolul 11: <a href=\"https:\/\/www.newmessage.org\/ro\/mesajul\/volumul-1\/unicul-dumnezeu\/planul-lui-dumnezeu-are-in-vedere-salvarea-tuturor\/\">Planul lui Dumnezeu are \u00een vedere salvarea tuturor<\/a><\/p>\n<p>Chapter 12: <a href=\"\/the-message\/volume-1\/one-god\/the-heart-of-god\">The Heart of God<\/a><\/p>\n<\/div>\n","protected":false},"excerpt":{"rendered":"<p>Unicul Dumnezeu este o carte de revela\u021bie ce ofer\u0103 o nou\u0103 \u00een\u021belegere a naturii \u0219i realit\u0103\u021bii lui Dumnezeu \u0219i a Planului \u0219i Scopului lui Dumnezeu pe p\u0103m\u00e2nt \u0219i \u00een Marea Comunitate a vie\u021bii din univers. Aici \u00eencepe urm\u0103torul capitol din Revela\u021bia progresiv\u0103 a Prezen\u021bei \u0219i Voin\u021bei lui Dumnezeu pentru umanitate. Prin marii Mesageri \u0219i marile\u2026 <a class=\"read-more\" href=\"https:\/\/www.v6.newmessage.org\/ro\/mesajul\/volumul-1\/unicul-dumnezeu\/\"><span>Read More<\/span><\/a><\/p>\n","protected":false},"author":1,"featured_media":0,"parent":16287,"menu_order":2,"comment_status":"closed","ping_status":"closed","template":"template-leftsidebar.php","meta":{"_monsterinsights_skip_tracking":false,"_monsterinsights_sitenote_active":false,"_monsterinsights_sitenote_note":"","_monsterinsights_sitenote_category":0,"footnotes":""},"categories":[379],"tags":[605,631],"_links":{"self":[{"href":"https:\/\/www.v6.newmessage.org\/ro\/wp-json\/wp\/v2\/pages\/16297"}],"collection":[{"href":"https:\/\/www.v6.newmessage.org\/ro\/wp-json\/wp\/v2\/pages"}],"about":[{"href":"https:\/\/www.v6.newmessage.org\/ro\/wp-json\/wp\/v2\/types\/page"}],"author":[{"embeddable":true,"href":"https:\/\/www.v6.newmessage.org\/ro\/wp-json\/wp\/v2\/users\/1"}],"replies":[{"embeddable":true,"href":"https:\/\/www.v6.newmessage.org\/ro\/wp-json\/wp\/v2\/comments?post=16297"}],"version-history":[{"count":73,"href":"https:\/\/www.v6.newmessage.org\/ro\/wp-json\/wp\/v2\/pages\/16297\/revisions"}],"predecessor-version":[{"id":27867,"href":"https:\/\/www.v6.newmessage.org\/ro\/wp-json\/wp\/v2\/pages\/16297\/revisions\/27867"}],"up":[{"embeddable":true,"href":"https:\/\/www.v6.newmessage.org\/ro\/wp-json\/wp\/v2\/pages\/16287"}],"wp:attachment":[{"href":"https:\/\/www.v6.newmessage.org\/ro\/wp-json\/wp\/v2\/media?parent=16297"}],"wp:term":[{"taxonomy":"category","embeddable":true,"href":"https:\/\/www.v6.newmessage.org\/ro\/wp-json\/wp\/v2\/categories?post=16297"},{"taxonomy":"post_tag","embeddable":true,"href":"https:\/\/www.v6.newmessage.org\/ro\/wp-json\/wp\/v2\/tags?post=16297"}],"curies":[{"name":"wp","href":"https:\/\/api.w.org\/{rel}","templated":true}]}}