{"id":16290,"date":"2014-10-25T01:17:35","date_gmt":"2014-10-25T01:17:35","guid":{"rendered":"http:\/\/www.newmessage.org\/?page_id=16290"},"modified":"2019-05-05T16:22:51","modified_gmt":"2019-05-05T16:22:51","slug":"dumnezeu-a-vorbit-din-nou","status":"publish","type":"page","link":"https:\/\/www.v6.newmessage.org\/ro\/mesajul\/volumul-1\/dumnezeu-a-vorbit-din-nou\/","title":{"rendered":"Dumnezeu a vorbit din nou"},"content":{"rendered":"<p><img loading=\"lazy\" decoding=\"async\" class=\"imgborder alignright wp-image-27177 size-medium\" src=\"https:\/\/www.newmessage.org\/ro\/wp-content\/uploads\/sites\/55\/2012\/06\/GHS-Romanian-frontcover-6x9-200x300.jpg\" alt=\"Dumnezeu a vorbit din nou\" width=\"200\" height=\"300\" srcset=\"https:\/\/www.v6.newmessage.org\/ro\/wp-content\/uploads\/sites\/55\/2012\/06\/GHS-Romanian-frontcover-6x9-200x300.jpg 200w, https:\/\/www.v6.newmessage.org\/ro\/wp-content\/uploads\/sites\/55\/2012\/06\/GHS-Romanian-frontcover-6x9-400x600.jpg 400w, https:\/\/www.v6.newmessage.org\/ro\/wp-content\/uploads\/sites\/55\/2012\/06\/GHS-Romanian-frontcover-6x9-500x750.jpg 500w, https:\/\/www.v6.newmessage.org\/ro\/wp-content\/uploads\/sites\/55\/2012\/06\/GHS-Romanian-frontcover-6x9.jpg 660w\" sizes=\"(max-width: 200px) 100vw, 200px\" \/><\/p>\n<p><em>Dumnezeu a vorbit din nou<\/em> este \u00eenceputul unui Mesaj Nou de la Dumnezeu pentru umanitate. \u00cen paginile \u0219i capitolele acestei c\u0103r\u021bi, Dumnezeu \u00eei vorbe\u0219te din nou umanit\u0103\u021bii, proclam\u00e2nd un avertisment, o binecuv\u00e2ntare \u0219i o preg\u0103tire pentru realitatea unei lumi noi, clarific\u00e2nd realitatea Prezen\u021bei lui Dumnezeu \u0219i oferind un r\u0103spuns Divin la crizele cresc\u00e2nde de r\u0103zboi, de distrugere a mediului, de conflicte religioase, de suferin\u021b\u0103 \u0219i s\u0103r\u0103cie uman\u0103 ce se agraveaz\u0103 peste tot \u00een lume.<\/p>\n<p>Acesta este un Mesaj Nou de la Dumnezeu. Nu \u00eei este menit unui singur trib, unei singure na\u021biuni sau unui singur grup religios. Este o comunicare vie de la Dumnezeu c\u0103tre inima fiec\u0103rui b\u0103rbat, a fiec\u0103rei femei \u0219i a fiec\u0103rui copil de pe P\u0103m\u00e2nt, pentru aceste vremuri \u0219i pentru vremurile ce vor veni. Este o comunicare original\u0103 de la Prezen\u021ba Divin\u0103 ce vegheaz\u0103 asupra lumii \u0219i care c\u0103l\u0103uze\u0219te umanitatea de la \u00eenceputul timpurilor.<\/p>\n<p>De\u0219i pare a fi o simpl\u0103 carte, <em>Dumnezeu a vorbit din nou<\/em> este ceva m\u0103re\u021b. Este \u00eenceputul unei comunic\u0103ri vii de la Dumnezeu c\u0103tre tine. \u00cen aceast\u0103 carte, Prezen\u021ba Domnului v\u0103 cheam\u0103 pe tine \u0219i pe toat\u0103 lumea, evoc\u00e2nd prezen\u021ba spiritual\u0103 ce tr\u0103ie\u0219te \u00een\u0103untrul vostru, prin coridoarele str\u0103vechi ale min\u021bilor voastre. Acesta este un Mesaj de o frumuse\u021be, t\u0103rie \u0219i putere trainic\u0103 pentru izb\u0103virea tuturor celor ce \u00eel pot primi. C\u0103ci Dumnezeu \u0219tie ce ne asteapt\u0103, iar Dumnezeu \u0219tie de ce tu \u0219i ceilal\u021bi a\u021bi fost trimi\u0219i pe lume \u00een aceast\u0103 vreme, pentru a v\u0103 preg\u0103ti pentru un viitor care nu va sem\u0103na cu trecutul.<\/p>\n<p><em>Dumnezeu a vorbit din nou<\/em> este prima cartea din <a href=\"https:\/\/www.newmessage.org\/ro\/mesajul\/volumul-1\/\">Volumul 1<\/a> al Noului Mesaj de la Dumnezeu.<\/p>\n<div class=\"toggle toggle-white\"><h4 class=\"trigger \"><span class=\"t_ico\"><\/span><a href=\"#\">Afl\u0103 mai multe despre Biblioteca Noului Mesaj<\/a><\/h4><div class=\"toggle_container \"><br \/>\n<div data-post-id='more-about-the-volumes' class='insert-page insert-page-more-about-the-volumes '><\/div><br \/>\n<\/div><\/div>\n<div class=\"background-color-bridesmaid padding-20\">\n<h2 style=\"text-align: left;\"><span style=\"color: #525252;\">Cuprins<\/span><\/h2>\n<p><a href=\"https:\/\/www.newmessage.org\/ro\/mesajul\/volumul-1\/dumnezeu-a-vorbit-din-nou\/introducere\/\">Introducere<\/a><\/p>\n<p>Capitolul 1: <a href=\"https:\/\/www.newmessage.org\/ro\/mesajul\/volumul-1\/dumnezeu-a-vorbit-din-nou\/proclamatia\/\">Proclama\u021bia<\/a><\/p>\n<p>Capitolul 2: <a href=\"https:\/\/www.newmessage.org\/ro\/mesajul\/volumul-1\/dumnezeu-a-vorbit-din-nou\/recitarea\/\">Recitarea<\/a><\/p>\n<p>Capitolul 3: <a href=\"https:\/\/www.newmessage.org\/ro\/mesajul\/volumul-1\/dumnezeu-a-vorbit-din-nou\/implicarea\/\">Implicarea<\/a><\/p>\n<p>Capitolul 4: <a href=\"https:\/\/www.newmessage.org\/ro\/mesajul\/volumul-1\/dumnezeu-a-vorbit-din-nou\/dumnezeu-a-vorbit-din-nou\/\">Dumnezeu a vorbit din nou<\/a><\/p>\n<p>Capitolul 5: <a href=\"https:\/\/www.newmessage.org\/ro\/mesajul\/volumul-1\/dumnezeu-a-vorbit-din-nou\/sigiliul-profetilor\/\">Sigiliul profe\u021bilor<\/a><\/p>\n<p>Capitolul 6: <a href=\"https:\/\/www.newmessage.org\/ro\/mesajul\/volumul-1\/dumnezeu-a-vorbit-din-nou\/misiunea-mesagerului\/\">Misiunea Mesagerului<\/a><\/p>\n<p>Capitolul 7: <a href=\"https:\/\/www.newmessage.org\/ro\/mesajul\/volumul-1\/dumnezeu-a-vorbit-din-nou\/initierea\/\">Ini\u021bierea<\/a><\/p>\n<p>Capitolul 8: <a href=\"https:\/\/www.newmessage.org\/ro\/mesajul\/volumul-1\/dumnezeu-a-vorbit-din-nou\/binecuvantarea\/\">Binecuv\u00e2ntarea<\/a><\/p>\n<p>Capitolul 9: <a href=\"https:\/\/www.newmessage.org\/ro\/mesajul\/volumul-1\/dumnezeu-a-vorbit-din-nou\/traind-in-vremuri-de-revelatie\/\">Tr\u0103ind \u00een vremuri de Revela\u021bie<\/a><\/p>\n<p>Capitolul 10: <a href=\"https:\/\/www.newmessage.org\/ro\/mesajul\/volumul-1\/dumnezeu-a-vorbit-din-nou\/multimea\/\">Mul\u021bimea<\/a><\/p>\n<p>Capitolul 11: <a href=\"https:\/\/www.newmessage.org\/ro\/mesajul\/volumul-1\/dumnezeu-a-vorbit-din-nou\/noul-mesaj-al-lui-dumnezeu-pentru-lumea-intreaga\/\">Noul Mesaj al lui Dumnezeu pentru lumea \u00eentreag\u0103<\/a><\/p>\n<p>Capitolul 12: <a href=\"https:\/\/www.newmessage.org\/ro\/mesajul\/volumul-1\/dumnezeu-a-vorbit-din-nou\/dumnezeu-indruma-umanitatea-spre-un-fagas-nou\/\">Dumnezeu \u00eendrum\u0103 omenirea spre un f\u0103ga\u0219 nou<\/a><\/p>\n<p>Capitolul 13: <a href=\"https:\/\/www.newmessage.org\/ro\/mesajul\/volumul-1\/dumnezeu-a-vorbit-din-nou\/lumea-trebuie-sa-primeasca-noul-mesaj-al-lui-dumnezeu\/\">Lumea trebuie s\u0103 primeasc\u0103 Noul Mesaj al lui Dumnezeu<\/a><\/p>\n<p>Capitolul 14: <a href=\"https:\/\/www.newmessage.org\/ro\/mesajul\/volumul-1\/dumnezeu-a-vorbit-din-nou\/chemarea\/\">Chemarea<\/a><\/p>\n<\/div>\n","protected":false},"excerpt":{"rendered":"<p>Dumnezeu a vorbit din nou este \u00eenceputul unui Mesaj Nou de la Dumnezeu pentru umanitate. \u00cen paginile \u0219i capitolele acestei c\u0103r\u021bi, Dumnezeu \u00eei vorbe\u0219te din nou umanit\u0103\u021bii, proclam\u00e2nd un avertisment, o binecuv\u00e2ntare \u0219i o preg\u0103tire pentru realitatea unei lumi noi, clarific\u00e2nd realitatea Prezen\u021bei lui Dumnezeu \u0219i oferind un r\u0103spuns Divin la crizele cresc\u00e2nde de r\u0103zboi,\u2026 <a class=\"read-more\" href=\"https:\/\/www.v6.newmessage.org\/ro\/mesajul\/volumul-1\/dumnezeu-a-vorbit-din-nou\/\"><span>Read More<\/span><\/a><\/p>\n","protected":false},"author":1,"featured_media":0,"parent":16287,"menu_order":3,"comment_status":"closed","ping_status":"closed","template":"template-leftsidebar.php","meta":{"_monsterinsights_skip_tracking":false,"_monsterinsights_sitenote_active":false,"_monsterinsights_sitenote_note":"","_monsterinsights_sitenote_category":0,"footnotes":""},"categories":[461,460],"tags":[630,601],"_links":{"self":[{"href":"https:\/\/www.v6.newmessage.org\/ro\/wp-json\/wp\/v2\/pages\/16290"}],"collection":[{"href":"https:\/\/www.v6.newmessage.org\/ro\/wp-json\/wp\/v2\/pages"}],"about":[{"href":"https:\/\/www.v6.newmessage.org\/ro\/wp-json\/wp\/v2\/types\/page"}],"author":[{"embeddable":true,"href":"https:\/\/www.v6.newmessage.org\/ro\/wp-json\/wp\/v2\/users\/1"}],"replies":[{"embeddable":true,"href":"https:\/\/www.v6.newmessage.org\/ro\/wp-json\/wp\/v2\/comments?post=16290"}],"version-history":[{"count":128,"href":"https:\/\/www.v6.newmessage.org\/ro\/wp-json\/wp\/v2\/pages\/16290\/revisions"}],"predecessor-version":[{"id":27934,"href":"https:\/\/www.v6.newmessage.org\/ro\/wp-json\/wp\/v2\/pages\/16290\/revisions\/27934"}],"up":[{"embeddable":true,"href":"https:\/\/www.v6.newmessage.org\/ro\/wp-json\/wp\/v2\/pages\/16287"}],"wp:attachment":[{"href":"https:\/\/www.v6.newmessage.org\/ro\/wp-json\/wp\/v2\/media?parent=16290"}],"wp:term":[{"taxonomy":"category","embeddable":true,"href":"https:\/\/www.v6.newmessage.org\/ro\/wp-json\/wp\/v2\/categories?post=16290"},{"taxonomy":"post_tag","embeddable":true,"href":"https:\/\/www.v6.newmessage.org\/ro\/wp-json\/wp\/v2\/tags?post=16290"}],"curies":[{"name":"wp","href":"https:\/\/api.w.org\/{rel}","templated":true}]}}