{"id":16287,"date":"2014-10-25T01:14:16","date_gmt":"2014-10-25T01:14:16","guid":{"rendered":"http:\/\/www.newmessage.org\/?page_id=16287"},"modified":"2019-06-17T05:02:26","modified_gmt":"2019-06-17T05:02:26","slug":"volumul-1","status":"publish","type":"page","link":"https:\/\/www.v6.newmessage.org\/ro\/mesajul\/volumul-1\/","title":{"rendered":"Volumul 1"},"content":{"rendered":"<h3><strong>Despre Volumul 1<\/strong><\/h3>\n<p><img loading=\"lazy\" decoding=\"async\" class=\"imgborder alignright size-medium\" src=\"https:\/\/www.newmessage.org\/wp-content\/uploads\/2014\/10\/The-New-Message-from-God-Volume-1-214x300.png\" alt=\"\" width=\"214\" height=\"300\" \/><\/p>\n<p>Primul volum din Noul Mesaj de la Dumnezeu cuprinde Revela\u021bia esen\u021bial\u0103 a lui Dumnezeu pentru lumea de ast\u0103zi. Aici \u00eencepe o nou\u0103 comunicare din inima lui Dumnezeu pentru lumea umanit\u0103\u021bii. \u00cen cele \u0219apte c\u0103r\u021bi din Volumul 1, Dumnezeu proclam\u0103 Noua Revela\u021bie pentru lume \u0219i marea nevoie pentru Revela\u021bia Domnului \u00een aceste vremuri \u0219i \u00een vremurile ce vor veni.<\/p>\n<p>C\u0103r\u021bile din Volumul 1 dezv\u0103luie realitatea mai mare a vie\u021bii, a lumii \u0219i a Marii Comunit\u0103\u021bi a vie\u021bii din univers. Aceast\u0103 realitate mai mare este dezv\u0103luit\u0103 pe p\u0103m\u00e2nt pentru prima oar\u0103 \u00een istoria omenirii. Volumui 1 ne avertizeaz\u0103 cu privire la marile pericole \u0219i nevoi urgente pe care lumea le \u00eenfrunt\u0103 acum \u0219i \u00een viitor. A\u0219adar, ne cheam\u0103 pe fiecare dintre noi s\u0103 redob\u00e2ndim \u0219i s\u0103 exprim\u0103m puterea spiritual\u0103 nedescoperit\u0103 ce tr\u0103ie\u0219te \u00een inima umanit\u0103\u021bii.<\/p>\n<p>Volumul 1 prezint\u0103 mai \u00eent\u00e2i cartea <a href=\"https:\/\/www.newmessage.org\/ro\/mesajul\/volumul-1\/dumnezeu-a-vorbit-din-nou\/\"><em>Dumnezeu a vorbit din nou<\/em><\/a>, care deschide u\u0219a c\u0103tre Noul Mesaj de la Dumnezeu pentru to\u021bi oamenii de pe p\u0103m\u00e2nt. Dup\u0103 <em>Dumnezeu a vorbit din nou<\/em>, Volumul \u00cent\u00e2i prezint\u0103 c\u0103r\u021bile <a href=\"https:\/\/www.newmessage.org\/ro\/mesajul\/volumul-1\/unicul-dumnezeu\/\"><em>Unicul Dumnezeu<\/em><\/a> \u0219i <a href=\"https:\/\/www.newmessage.org\/ro\/mesajul\/volumul-1\/noul-mesager\/\"><em>Noul Mesager<\/em><\/a>, dezv\u0103luind \u00een continuare natura lui Dumnezeu, Planul Domnului de a-i pune cap\u0103t Separa\u021biei \u0219i prezen\u021ba Mul\u021bimii Angelice \u0219i a Mesagerilor s\u0103i.<\/p>\n<p>Volumul 1 prezint\u0103 apoi c\u0103r\u021bile <a href=\"https:\/\/www.newmessage.org\/ro\/mesajul\/volumul-1\/marea-comunitate\/\"><em>Marea Comunitate<\/em><\/a>, <a href=\"https:\/\/www.newmessage.org\/ro\/mesajul\/volumul-1\/viata-cea-noua\/\"><em>C\u0103l\u0103toria c\u0103tre o via\u021b\u0103 nou\u0103<\/em><\/a> \u0219i <a href=\"https:\/\/www.newmessage.org\/ro\/mesajul\/volumul-1\/lumea-cea-noua\/\"><em>Lumea cea nou\u0103<\/em><\/a>, care ne dezv\u0103luie o nou\u0103 realitate a vie\u021bii \u00een lumea noastr\u0103 \u0219i destinul nostru \u00een univers. Volumul 1 se \u00eencheie cu cartea <a href=\"https:\/\/www.newmessage.org\/ro\/mesajul\/volumul-1\/religia-cea-pura\/\"><em>Religia cea pur\u0103<\/em><\/a>, care o cheam\u0103 pe fiecare persoan\u0103 \u00een parte la prezen\u021ba vie a lui Dumnezeu \u00een via\u021ba ei.<\/p>\n<p>C\u0103r\u021bile din Volumul 1 con\u021bin Revela\u021biile originale rostite, primite de c\u0103tre Mesagerul Marshall Vian Summers. Mesagerul a fost \u00eendrumat de Sursa Noului Mesaj s\u0103 elaboreze revela\u021biile Noului Mesaj \u00een forma c\u0103r\u021bilor sfinte din Volumul 1 al Noului Mesaj de la Dumnezeu.<\/p>\n<div class=\"toggle toggle-white\"><h4 class=\"trigger \"><span class=\"t_ico\"><\/span><a href=\"#\">Exploreaz\u0103 mai multe din Biblioteca Noului Mesaj<\/a><\/h4><div class=\"toggle_container \"><br \/>\n<p>Noul Mesaj de la Dumnezeu va figura \u00eentr-un final \u00een \u0219ase volume individuale. Fiecare volum cuprinde dou\u0103 sau mai multe c\u0103r\u021bi, iar fiecare carte este organizat\u0103 \u00een capitole.<\/p>\n<p>A\u0219adar, structura viitoare a Noului Mesaj de la Dumnezeu poate fi exprimat\u0103 \u00een felul acesta: <strong> Volum &gt; Carte &gt; Capitol &gt; Vers <\/strong>.<\/p>\n<p>Noul Mesaj de la Dumnezeu cuprinde cel mai mare volum de Revela\u021bii oferit vreodat\u0103 lumii. El abordeaz\u0103 aproape fiecare aspect al vie\u021bilor noastre, \u00een vreme ce prezint\u0103 realit\u0103\u021bi noi nedezv\u0103luite p\u00e2n\u0103 acum. <a href=\"https:\/\/www.newmessage.org\/ro\/despre-the-society\/\">The Society<\/a> se str\u0103duie\u0219te s\u0103 pun\u0103 la dispozi\u021bia lumii c\u00e2t mai multe din c\u0103r\u021bile \u0219i revela\u021biile rostite ale Noului Mesaj. <\/p>\n<p>\u00cen prezent, The Society poate oferi un num\u0103r mare de \u00eenregistr\u0103ri originale ale <a href=\"https:\/\/www.newmessage.org\/ro\/mesajul\/termeni-importanti\/\">Vocii Revela\u021biei<\/a>. Aici e\u0219ti invitat s\u0103 experimentezi puterea \u0219i misterul \u201eVocii\u201d, a\u0219a cum a vorbit ini\u021bial prin Mesager \u00eentr-o stare de Revela\u021bie. Nu a fost posibil p\u00e2n\u0103 acum s\u0103 auzim <a href=\"https:\/\/www.newmessage.org\/ro\/mesajul\/termeni-importanti\/\">Vocea original\u0103 a Revela\u021biei<\/a>.<\/p>\n<p>Elaborarea \u00eentregului Nou Mesaj este un proiect \u00een desf\u0103\u0219urare, care va fi \u00eentreprins pe parcursul unei perioade lungi. De asemenea, Revela\u021bia continu\u0103 \u0219i \u00een ziua de azi, revela\u021bii noi fiind oferite \u00een fiecare an. Ca urmare, selec\u021bia \u00eenv\u0103\u021b\u0103turilor din fiecare carte se poate schimba. A\u0219adar, este posibil ca \u0219i titlurile c\u0103r\u021bilor s\u0103 se schimbe pentru a reflecta dezvoltarea fiec\u0103rei c\u0103r\u021bi. Tr\u0103i\u021bi \u00een vremuri de Revela\u021bie \u0219i sunte\u021bi martori la procesul Revela\u021biei care se desf\u0103\u0219oar\u0103 sub privirile voastre.   <\/p>\n<p><strong>C\u0103r\u021bi online <\/strong><br \/>\n<a href=\"https:\/\/www.newmessage.org\/ro\/despre-the-society\/\">The Society<\/a> se str\u0103duie\u0219te s\u0103 fac\u0103 Noul Mesaj disponibil gratuit, online, pentru \u00eentreaga lume. \u00cen prezent, mai multe c\u0103r\u021bi din Noul Mesaj sunt disponibile gratuit pe www.NewMessage.org. Po\u021bi explora biblioteca ce con\u021bine c\u0103r\u021bi online gratuite <a href=\"https:\/\/www.newmessage.org\/ro\/mesajul\/\">aici<\/a>. <\/p>\n<p><strong>C\u0103r\u021bi tip\u0103rite <\/strong><br \/>\nThe Society ofer\u0103 \u00een prezent c\u00e2teva c\u0103r\u021bi tip\u0103rite din Noul Mesaj. \u00cens\u0103, din cauza m\u0103rimii imense a Noului Mesaj dezv\u0103luit, momentan The Society nu poate s\u0103 tip\u0103reasc\u0103 toate cele \u0219ase volume ale Noului Mesaj. Pentru a cump\u0103ra un exemplar tip\u0103rit din c\u0103r\u021bile Noului Mesaj disponibile \u00een prezent, v\u0103 rug\u0103m s\u0103 vizita\u021bi <a href=\"https:\/\/newknowledgelibrary.org\">magazinul Bibliotecii New Knowledge<\/a>.  <\/p>\n<p><strong>CD-uri \u0219i mp3-uri audio <\/strong><br \/>\nAnumite revela\u021bii despre studen\u021bia \u00een Noul Mesaj sunt disponibile ca CD-uri \u0219i mp3-uri pl\u0103tite. Din cauza realit\u0103\u021bilor financiare de a-i aduce \u00eentregii lumi un Mesaj Nou, <a href=\"https:\/\/www.newmessage.org\/ro\/despre-the-society\/\">The Society<\/a> ofer\u0103 anumite \u00cenv\u0103\u021b\u0103turi cu plat\u0103 la un pre\u021b modest \u00een <a href=\"https:\/\/newknowledgelibrary.org\">magazinul Bibliotecii New Knowledge<\/a>. <\/p>\n<p><strong>Proiectul c\u0103r\u021bilor gratuite <\/strong><br \/>\nPe m\u0103sur\u0103 ce sprijinul financiar cre\u0219te, The Society va putea face disponibile online, gratuit, mai multe dintre aceste \u00eenv\u0103\u021b\u0103turi pline de \u00een\u021belepciune. De asemenea, <a href=\"https:\/\/www.newmessage.org\/the-message\/free-book-project\">Proiectul c\u0103r\u021bilor gratuite<\/a> al organiza\u021biei The Society ofer\u0103 un exemplar personal gratuit din c\u0103r\u021bile \u0219i mp3-urile revela\u021biilor din Noul Mesaj disponibile \u00een present, pentru cei care nu au posibilitatea s\u0103 le cumpere. V\u0103 invit\u0103m s\u0103 face\u021bi o dona\u021bie pentru a sus\u021bine \u201eProiectul c\u0103r\u021bilor gratuite\u201d, ca din ce \u00een ce mai mul\u021bi oameni s\u0103 poat\u0103 avea acces la Noul Mesaj de la Dumnezeu.  <\/p>\n<p><strong>Public\u0103ri viitoare <\/strong><br \/>\nThe Society continu\u0103 s\u0103-\u0219i duc\u0103 mai departe viziunea de a publica \u00eentregul Nou Mesaj de la Dumnezeu at\u00e2t \u00een volume, c\u00e2t \u0219i \u00een c\u0103r\u021bi, iar poate c\u0103 \u00eentr-o bun\u0103 zi va publica o singur\u0103 carte, numit\u0103 pur \u0219i simplu: \u201eNoul Mesaj de la Dumnezeu\u201d. Acesta este un efort enorm pentru care The Society are nevoie de contribu\u021bia \u0219i participarea voastr\u0103. V\u0103 rug\u0103m s\u0103 lua\u021bi \u00een considerare o <a href=\"https:\/\/www.newmessage.org\/ro\/despre-the-society\/sustinerea-noului-mesaj\">dona\u021bie<\/a> sau s\u0103 deveni\u021bi <a href=\"https:\/\/www.newmessage.org\/ro\/despre-the-society\/sustinerea-noului-mesaj\">un Pilon al Noului Mesaj<\/a> pentru a sus\u021bine aceast\u0103 cauz\u0103 sf\u00e2nt\u0103. V\u0103 mul\u021bumim pentru sprijin.<\/p>\n<br \/>\n<\/div><\/div>\n<div class=\"clearfix\"><\/div>\n<h2 style=\"text-align: center;\">Biblioteca Noului Mesaj<\/h2>\n<div class=\"the-message-books-volumes background-tile-1\">\n<h2 class=\"text-align-center margin-bottom-20\"><a class=\"text-color-gray-5 not-underlined\" title=\"Volumul 1\" href=\"https:\/\/www.newmessage.org\/ro\/mesajul\/volumul-1\/\">Volumul 1<\/a><\/h2>\n<div class=\"one_third \" ><\/p>\n<div class=\"message-book-div\"><a class=\"message-book-link-to-post\" title=\"Dumnezeu a vorbit din nou\" href=\"https:\/\/www.newmessage.org\/ro\/mesajul\/volumul-1\/dumnezeu-a-vorbit-din-nou\/\" rel=\"bookmark\">Dumnezeu a vorbit din nou<\/a><\/div>\n<div class=\"toggle toggle-gray\"><h4 class=\"trigger \"><span class=\"t_ico\"><\/span><a href=\"#\">Cuprins<\/a><\/h4><div class=\"toggle_container \"><\/p>\n<p><a href=\"https:\/\/www.newmessage.org\/ro\/mesajul\/volumul-1\/dumnezeu-a-vorbit-din-nou\/introducere\/\">Introducere<\/a><\/p>\n<p>Capitolul 1: <a href=\"https:\/\/www.newmessage.org\/ro\/mesajul\/volumul-1\/dumnezeu-a-vorbit-din-nou\/proclamatia\/\">Proclama\u021bia<\/a><\/p>\n<p>Capitolul 2: <a href=\"https:\/\/www.newmessage.org\/ro\/mesajul\/volumul-1\/dumnezeu-a-vorbit-din-nou\/recitarea\/\">Recitarea<\/a><\/p>\n<p>Capitolul 3: <a href=\"https:\/\/www.newmessage.org\/ro\/mesajul\/volumul-1\/dumnezeu-a-vorbit-din-nou\/implicarea\/\">Implicarea<\/a><\/p>\n<p>Capitolul 4: <a href=\"https:\/\/www.newmessage.org\/ro\/mesajul\/volumul-1\/dumnezeu-a-vorbit-din-nou\/dumnezeu-a-vorbit-din-nou\/\">Dumnezeu a vorbit din nou<\/a><\/p>\n<p>Capitolul 5: <a href=\"https:\/\/www.newmessage.org\/ro\/mesajul\/volumul-1\/dumnezeu-a-vorbit-din-nou\/sigiliul-profetilor\/\">Sigiliul profe\u021bilor<\/a><\/p>\n<p>Capitolul 6: <a href=\"https:\/\/www.newmessage.org\/ro\/mesajul\/volumul-1\/dumnezeu-a-vorbit-din-nou\/misiunea-mesagerului\/\">Misiunea Mesagerului<\/a><\/p>\n<p>Capitolul 7: <a href=\"https:\/\/www.newmessage.org\/ro\/mesajul\/volumul-1\/dumnezeu-a-vorbit-din-nou\/initierea\/\">Ini\u021bierea<\/a><\/p>\n<p>Capitolul 8: <a href=\"https:\/\/www.newmessage.org\/ro\/mesajul\/volumul-1\/dumnezeu-a-vorbit-din-nou\/binecuvantarea\/\">Binecuv\u00e2ntarea<\/a><\/p>\n<p>Capitolul 9: <a href=\"https:\/\/www.newmessage.org\/ro\/mesajul\/volumul-1\/dumnezeu-a-vorbit-din-nou\/traind-in-vremuri-de-revelatie\/\">Tr\u0103ind \u00een vremuri de Revela\u021bie<\/a><\/p>\n<p>Capitolul 10: <a href=\"https:\/\/www.newmessage.org\/ro\/mesajul\/volumul-1\/dumnezeu-a-vorbit-din-nou\/multimea\/\">Mul\u021bimea<\/a><\/p>\n<p>Capitolul 11: <a href=\"https:\/\/www.newmessage.org\/ro\/mesajul\/volumul-1\/dumnezeu-a-vorbit-din-nou\/noul-mesaj-al-lui-dumnezeu-pentru-lumea-intreaga\/\">Noul Mesaj al lui Dumnezeu pentru lumea \u00eentreag\u0103<\/a><\/p>\n<p>Capitolul 12: <a href=\"https:\/\/www.newmessage.org\/ro\/mesajul\/volumul-1\/dumnezeu-a-vorbit-din-nou\/dumnezeu-indruma-umanitatea-spre-un-fagas-nou\/\">Dumnezeu \u00eendrum\u0103 omenirea spre un f\u0103ga\u0219 nou<\/a><\/p>\n<p>Capitolul 13: <a href=\"https:\/\/www.newmessage.org\/ro\/mesajul\/volumul-1\/dumnezeu-a-vorbit-din-nou\/lumea-trebuie-sa-primeasca-noul-mesaj-al-lui-dumnezeu\/\">Lumea trebuie s\u0103 primeasc\u0103 Noul Mesaj al lui Dumnezeu<\/a><\/p>\n<p>Capitolul 14: <a href=\"https:\/\/www.newmessage.org\/ro\/mesajul\/volumul-1\/dumnezeu-a-vorbit-din-nou\/chemarea\/\">Chemarea<\/a><\/p>\n<p><\/div><\/div><br \/>\n<\/div>\n<div class=\"one_third \" ><\/p>\n<div class=\"message-book-div\"><a class=\"message-book-link-to-post\" title=\"Unicul Dumnezeu\" href=\"https:\/\/www.newmessage.org\/ro\/mesajul\/volumul-1\/unicul-dumnezeu\/\" rel=\"bookmark\">Unicul Dumnezeu<\/a><\/div>\n<div class=\"toggle toggle-gray\"><h4 class=\"trigger \"><span class=\"t_ico\"><\/span><a href=\"#\">Cuprins<\/a><\/h4><div class=\"toggle_container \"><\/p>\n<p><a href=\"\/the-message\/volume-1\/one-god\/the-one-god-book-intro\">Introduction<\/a><\/p>\n<p>Capitolul 1: <a href=\"https:\/\/www.newmessage.org\/ro\/mesajul\/volumul-1\/unicul-dumnezeu\/a-l-intelege-pe-dumnezeu\/\">A \u00een\u021belege pe Dumnezeu<\/a><\/p>\n<p>Capitolul 2: <a href=\"https:\/\/www.newmessage.org\/ro\/mesajul\/volumul-1\/unicul-dumnezeu\/noul-dumnezeu\/\">Noul Dumnezeu<\/a><\/p>\n<p>Chapter 3: <a href=\"\/the-message\/volume-1\/one-god\/the-origin\">The Origin<\/a><\/p>\n<p>Capitolul 4: <a href=\"https:\/\/www.newmessage.org\/ro\/mesajul\/volumul-1\/unicul-dumnezeu\/separatia\/\">Separa\u021bia<\/a><\/p>\n<p>Chapter 5: <a href=\"\/the-message\/volume-1\/one-god\/what-is-creation\">What is Creation?<\/a><\/p>\n<p>Chapter 6: <a href=\"\/the-message\/volume-1\/one-god\/the-soul\">The Soul<\/a><\/p>\n<p>Chapter 7: <a href=\"\/the-message\/volume-1\/one-god\/what-creates-evil\">What Creates Evil?<\/a><\/p>\n<p>Chapter 8: <a href=\"\/the-message\/volume-1\/one-god\/what-is-redemption\">The Redemption<\/a><\/p>\n<p>Chapter 9: <a href=\"\/the-message\/volume-1\/one-god\/god-knowledge-and-the-angelic-presence\">God, Knowledge and the Angelic Presence<\/a><\/p>\n<p>Chapter 10: <a href=\"\/the-message\/volume-1\/one-god\/how-god-speaks-to-the-world\">How God Speaks to the World<\/a><\/p>\n<p>Capitolul 11: <a href=\"https:\/\/www.newmessage.org\/ro\/mesajul\/volumul-1\/unicul-dumnezeu\/planul-lui-dumnezeu-are-in-vedere-salvarea-tuturor\/\">Planul lui Dumnezeu are \u00een vedere salvarea tuturor<\/a><\/p>\n<p>Chapter 12: <a href=\"\/the-message\/volume-1\/one-god\/the-heart-of-god\">The Heart of God<\/a><\/p>\n<p><\/div><\/div><br \/>\n<\/div>\n<div class=\"one_third last\" ><\/p>\n<div class=\"message-book-div\"><a class=\"message-book-link-to-post\" title=\"Noul Mesager\" href=\"https:\/\/www.newmessage.org\/ro\/mesajul\/volumul-1\/noul-mesager\/\" rel=\"bookmark\">Noul Mesager<\/a><\/div>\n<div class=\"toggle toggle-gray\"><h4 class=\"trigger \"><span class=\"t_ico\"><\/span><a href=\"#\">Cuprins<\/a><\/h4><div class=\"toggle_container \"><\/p>\n<p><a href=\"\/the-message\/volume-1\/new-messenger\/introduction\">Introduction<\/a><\/p>\n<p>Chapter 1: <a href=\"\/the-message\/volume-1\/new-messenger\/the-will-of-heaven\">The Will of Heaven<\/a><\/p>\n<p>Capitolul 2: <a href=\"https:\/\/www.newmessage.org\/ro\/mesajul\/volumul-1\/noul-mesager\/originea-mesagerului\/\">Originea Mesagerului<\/a><\/p>\n<p>Chapter 3: <a href=\"\/the-message\/volume-1\/new-messenger\/lineage-messenger\">The Lineage of The Messenger<\/a><\/p>\n<p>Chapter 4: <a href=\"\/the-message\/volume-1\/new-messenger\/the-story-of-the-messenger\">The Story of The Messenger<\/a><\/p>\n<p>Capitolul 5: <a href=\"https:\/\/www.newmessage.org\/ro\/mesajul\/volumul-1\/noul-mesager\/cerintele-mesagerului\/\">Cerin\u021bele Mesagerului<\/a><\/p>\n<p>Chapter 6: <a href=\"\/the-message\/volume-1\/new-messenger\/the-veil-of-the-messenger\">The Veil of the Messenger<\/a><\/p>\n<p>Chapter 7: <a href=\"\/the-message\/volume-1\/new-messenger\/understanding-the-new-messenger\">Understanding the New Messenger<\/a><\/p>\n<p>Capitolul 8: <a href=\"https:\/\/www.newmessage.org\/ro\/mesajul\/volumul-1\/noul-mesager\/a-te-afla-in-lumina-revelatiei\/\">A te afla \u00een lumina Revela\u021biei<\/a><\/p>\n<p>Chapter 9: <a href=\"\/the-message\/volume-1\/new-messenger\/the-journey-of-the-messenger\">The Journey of the Messenger<\/a><\/p>\n<p>Chapter 10: <a href=\"\/the-message\/volume-1\/new-messenger\/the-prophet\">The Prophet<\/a><\/p>\n<p>Chapter 11: <a href=\"\/the-message\/volume-1\/new-messenger\/the-consequence-of-revelation\">The Consequence of Revelation<\/a><\/p>\n<p>Chapter 12: <a href=\"\/the-message\/volume-1\/new-messenger\/the-messengers-calling\">The Messenger&#8217;s Calling<\/a><\/p>\n<p>Chapter 13: <a href=\"\/the-message\/volume-1\/new-messenger\/walking-with-the-messenger\">Walking with the Messenger<\/a><br \/>\n<\/div><\/div><br \/>\n<\/div>\n<div class=\"one_third \" ><\/p>\n<div class=\"message-book-div\"><a class=\"message-book-link-to-post\" title=\"Marea Comunitate\" href=\"https:\/\/www.newmessage.org\/ro\/mesajul\/volumul-1\/marea-comunitate\/\" rel=\"bookmark\">Marea Comunitate<\/a><\/div>\n<div class=\"toggle toggle-gray\"><h4 class=\"trigger \"><span class=\"t_ico\"><\/span><a href=\"#\">Cuprins<\/a><\/h4><div class=\"toggle_container \"><\/p>\n<p><a href=\"https:\/\/www.newmessage.org\/the-message\/volume-1\/greater-community\/introduction-to-the-greater-community\">Introduction<\/a><\/p>\n<p>Capitolul 1: <a href=\"https:\/\/www.newmessage.org\/ro\/mesajul\/volumul-1\/marea-comunitate\/aparitia-umanitatii-in-marea-comunitate\/\">Apari\u021bia Umanit\u0103\u021bii \u00een Marea Comunitate<\/a><\/p>\n<p>Chapter 2: <a href=\"\/the-message\/volume-1\/greater-community\/intelligent-life-in-the-universe\">Contact with Intelligent Life in the Universe<\/a><\/p>\n<p>Chapter 3: <a href=\"\/the-message\/volume-1\/greater-community\/free-energy-alien-technologies\">Facing the Greater Community<\/a><\/p>\n<p>Chapter 4: <a title=\"Entering the Greater Community\" href=\"\/\/www.newmessage.org\/the-message\/volume-1\/greater-community\/human-unity\">Entering the Greater Community<\/a><\/p>\n<p>Capitolul 5: <a href=\"https:\/\/www.newmessage.org\/ro\/mesajul\/volumul-1\/marea-comunitate\/cine-sunt-aliatii-umanitatii\/\">Cine sunt Alia\u021bii Umanit\u0103\u021bii<\/a><\/p>\n<p>Chapter 6: <a href=\"\/\/www.newmessage.org\/the-message\/volume-1\/greater-community\/enemies-human-family\">The Enemies of Humanity<\/a><\/p>\n<p>Chapter 7: <a title=\"Humanity's Destiny in the Greater Community\" href=\"\/\/www.newmessage.org\/the-message\/volume-1\/greater-community\/humanitys-destiny-in-the-greater-community\">Humanity&#8217;s Destiny in the Greater Community<\/a><\/p>\n<p>Chapter 8: <a title=\"Preparing for the Greater Community\" href=\"\/\/www.newmessage.org\/the-message\/volume-1\/greater-community\/preparing-for-the-greater-community\">Preparing for the Greater Community<\/a><\/p>\n<p>Chapter 9: <a href=\"\/\/www.newmessage.org\/the-message\/volume-1\/greater-community\/protecting-the-world\">Protecting the World<\/a><\/p>\n<p>Chapter 10: <a title=\"The Importance of the Greater Community\" href=\"\/\/www.newmessage.org\/the-message\/volume-1\/greater-community\/importance-greater-community\">The Importance of the Greater Community<\/a><\/p>\n<p>Chapter 11: <a href=\"\/\/www.newmessage.org\/the-message\/volume-1\/greater-community\/uncertain-future\">The New Revelation<\/a><br \/>\n<\/div><\/div><br \/>\n<\/div>\n<div class=\"one_third \" ><\/p>\n<div class=\"message-book-div\"><a class=\"message-book-link-to-post\" title=\"Puterea Cunoa\u0219terii\" href=\"\/ro\/the-message\/volume-1\/puterea-cunoa\u0219terii\" rel=\"bookmark\">Puterea Cunoa\u0219terii<\/a><\/div>\n<div class=\"toggle toggle-gray\"><h4 class=\"trigger \"><span class=\"t_ico\"><\/span><a href=\"#\">Cuprins<\/a><\/h4><div class=\"toggle_container \"><\/p>\n<p><a><br \/>\n<\/div><\/div><br \/>\n<\/div>\n<div class=\"one_third last\" >\n<div class=\"message-book-div\"><a class=\"message-book-link-to-post\" title=\"C\u0103l\u0103toria c\u0103tre o via\u021b\u0103 nou\u0103\" href=\"https:\/\/www.newmessage.org\/ro\/mesajul\/volumul-1\/viata-cea-noua\/\" rel=\"bookmark\">C\u0103l\u0103toria c\u0103tre o via\u021b\u0103 nou\u0103<\/a><\/div>\n<div class=\"toggle toggle-gray\"><h4 class=\"trigger \"><span class=\"t_ico\"><\/span><a href=\"#\">Cuprins<\/a><\/h4><div class=\"toggle_container \"><br \/>\nCapitolul 1: Trezirea<br \/>\nCapitolul 2: C\u0103l\u0103toria c\u0103tre libertate<br \/>\nCapitolul 3: \u00cenchisoarea<br \/>\nCapitolul 4: Revolu\u021bia<br \/>\nCapitolul 5: Punctul de cotitur\u0103<br \/>\nCapitolul 6: <a href=\"https:\/\/www.newmessage.org\/ro\/mesajul\/volumul-1\/viata-cea-noua\/darul-unei-vieti-noi\/\">Darul unei Vie\u021bi Noi<\/a><br \/>\nCapitolul 7: C\u0103l\u0103toria c\u0103tre o via\u021b\u0103 nou\u0103<br \/>\nCapitolul 8: Scopul \u0219i destinul t\u0103u<br \/>\nCapitolul 9: Construirea pun\u021bii c\u0103tre o via\u021b\u0103 nou\u0103<br \/>\nCapitolul 10: Curajul \u0219i voin\u021ba de a te preg\u0103ti<br \/>\nCapitolul 11: Cultivarea t\u0103riei \u0219i a rezisten\u021bei<br \/>\nCapitolul 12: Preg\u0103tirea pentru un rol mai mare \u00een lume<br \/>\nCapitolul 13: Marele adev\u0103r<br \/>\nCapitolul 14: E\u0219ti aici cu un scop mai \u00eenalt<br \/>\n<\/div><\/div><br \/>\n<\/div><br \/>\n<div class=\"clearfix\"><\/div><\/a><\/p>\n<div class=\"one_third \" ><\/p>\n<div class=\"message-book-div\"><a class=\"message-book-link-to-post\" title=\"Lumea cea nou\u0103\" href=\"https:\/\/www.newmessage.org\/ro\/mesajul\/volumul-1\/lumea-cea-noua\/\" rel=\"bookmark\">Lumea cea nou\u0103<\/a><\/div>\n<div class=\"toggle toggle-gray\"><h4 class=\"trigger \"><span class=\"t_ico\"><\/span><a href=\"#\">Cuprins<\/a><\/h4><div class=\"toggle_container \"><\/p>\n<p><a href=\"https:\/\/www.newmessage.org\/ro\/mesajul\/volumul-1\/lumea-cea-noua\/lumea-cea-noua\/\">Lumea cea Nou\u0103<\/a><br \/>\nThe Great Warning<br \/>\n<a href=\"https:\/\/www.newmessage.org\/ro\/mesajul\/volumul-1\/lumea-cea-noua\/urgenta-globala\/\">Urgen\u021ba Global\u0103<\/a><br \/>\nThe Race To Save Human Civilization<br \/>\nPlanetary Instability<br \/>\nThe Fate of Nations<br \/>\n<a href=\"https:\/\/www.newmessage.org\/ro\/mesajul\/volumul-1\/lumea-cea-noua\/socul-viitorului\/\">\u0218ocul Viitorului<\/a><br \/>\n<\/div><\/div><br \/>\n<\/div>\n<div class=\"one_third \" ><\/p>\n<div class=\"message-book-div\"><a class=\"message-book-link-to-post\" title=\"Religia cea pur\u0103\" href=\"https:\/\/www.newmessage.org\/ro\/mesajul\/volumul-1\/religia-cea-pura\/\" rel=\"bookmark\">Religia cea pur\u0103<\/a><\/div>\n<div class=\"toggle toggle-gray\"><h4 class=\"trigger \"><span class=\"t_ico\"><\/span><a href=\"#\">Cuprins<\/a><\/h4><div class=\"toggle_container \"><br \/>\n<a class=\"text-align-center font-size-13 text-color-gray-2\"> <\/a><br \/>\nHeaven and Hell<br \/>\nThe Pure Religion<br \/>\n<a href=\"https:\/\/www.newmessage.org\/ro\/mesajul\/volumul-1\/religia-cea-pura\/the-great-faith\/\">Marea Credin\u021b\u0103<\/a><br \/>\nGod\u2019s Ancient Covenant with Humanity<br \/>\nGod\u2019s New Message for the World\u2019s Religions<br \/>\nReligious Fundamentalism<br \/>\n<a href=\"https:\/\/www.newmessage.org\/ro\/mesajul\/volumul-1\/religia-cea-pura\/violenta-religioasa\/\">Violen\u021ba Religioas\u0103<\/a><br \/>\n<\/div><\/div><br \/>\n<\/div>\n<div class=\"one_third last\" ><\/p>\n<div class=\"message-book-div more\"><a class=\"message-book-link-to-post\" title=\"More to Come\u2026\" href=\"https:\/\/www.newmessage.org\/ro\/mai-multe-pe-viitor\/\" rel=\"bookmark\">Mai multe pe viitor\u2026<\/a><\/div>\n<p><\/div>\n<\/div>\n","protected":false},"excerpt":{"rendered":"<p>Despre Volumul 1 Primul volum din Noul Mesaj de la Dumnezeu cuprinde Revela\u021bia esen\u021bial\u0103 a lui Dumnezeu pentru lumea de ast\u0103zi. Aici \u00eencepe o nou\u0103 comunicare din inima lui Dumnezeu pentru lumea umanit\u0103\u021bii. \u00cen cele \u0219apte c\u0103r\u021bi din Volumul 1, Dumnezeu proclam\u0103 Noua Revela\u021bie pentru lume \u0219i marea nevoie pentru Revela\u021bia Domnului \u00een aceste vremuri\u2026 <a class=\"read-more\" href=\"https:\/\/www.v6.newmessage.org\/ro\/about-volumes-shortcode\/\"><span>Read More<\/span><\/a><\/p>\n","protected":false},"author":1,"featured_media":0,"parent":26942,"menu_order":15,"comment_status":"closed","ping_status":"closed","template":"template-leftsidebar.php","meta":{"_monsterinsights_skip_tracking":false,"_monsterinsights_sitenote_active":false,"_monsterinsights_sitenote_note":"","_monsterinsights_sitenote_category":0,"footnotes":""},"categories":[],"tags":[599,627],"_links":{"self":[{"href":"https:\/\/www.v6.newmessage.org\/ro\/wp-json\/wp\/v2\/pages\/16287"}],"collection":[{"href":"https:\/\/www.v6.newmessage.org\/ro\/wp-json\/wp\/v2\/pages"}],"about":[{"href":"https:\/\/www.v6.newmessage.org\/ro\/wp-json\/wp\/v2\/types\/page"}],"author":[{"embeddable":true,"href":"https:\/\/www.v6.newmessage.org\/ro\/wp-json\/wp\/v2\/users\/1"}],"replies":[{"embeddable":true,"href":"https:\/\/www.v6.newmessage.org\/ro\/wp-json\/wp\/v2\/comments?post=16287"}],"version-history":[{"count":85,"href":"https:\/\/www.v6.newmessage.org\/ro\/wp-json\/wp\/v2\/pages\/16287\/revisions"}],"predecessor-version":[{"id":27944,"href":"https:\/\/www.v6.newmessage.org\/ro\/wp-json\/wp\/v2\/pages\/16287\/revisions\/27944"}],"up":[{"embeddable":true,"href":"https:\/\/www.v6.newmessage.org\/ro\/wp-json\/wp\/v2\/pages\/26942"}],"wp:attachment":[{"href":"https:\/\/www.v6.newmessage.org\/ro\/wp-json\/wp\/v2\/media?parent=16287"}],"wp:term":[{"taxonomy":"category","embeddable":true,"href":"https:\/\/www.v6.newmessage.org\/ro\/wp-json\/wp\/v2\/categories?post=16287"},{"taxonomy":"post_tag","embeddable":true,"href":"https:\/\/www.v6.newmessage.org\/ro\/wp-json\/wp\/v2\/tags?post=16287"}],"curies":[{"name":"wp","href":"https:\/\/api.w.org\/{rel}","templated":true}]}}