{"id":14756,"date":"2014-08-23T22:51:24","date_gmt":"2014-08-23T22:51:24","guid":{"rendered":"http:\/\/www.newmessage.org\/?page_id=14756"},"modified":"2017-11-07T09:48:03","modified_gmt":"2017-11-07T09:48:03","slug":"sustinerea-noului-mesaj","status":"publish","type":"page","link":"https:\/\/www.v6.newmessage.org\/ro\/despre-the-society\/sustinerea-noului-mesaj\/","title":{"rendered":"Sus\u021binerea Noului Mesaj"},"content":{"rendered":"<p>[vc_row][vc_column][vc_column_text]<div class=\"one_half \" ><\/p>\n<h2> Dona\u021bii individuale<\/h2>\n<p><img loading=\"lazy\" decoding=\"async\" class=\"aligncenter\" src=\"\/\/cdn2.bigcommerce.com\/server2100\/932c8\/products\/106\/images\/170\/productimage-frienddonation.001__48553.1405379429.1280.1280.jpg?c=2\" alt=\"Support the New Message with a Donation\" width=\"240\" height=\"240\" \/><\/p>\n<p>Dona\u021biile pot fi f\u0103cute online prin intermediul magazinului ce apar\u021bine de Biblioteca New Knowledge sau prin Paypal:<\/p>\n<p><a class='simple_button_link ' style='background-color: #4f8fd6' href='http:\/\/www.newknowledgelibrary.org\/products\/Donation-to-the-New-Message-%2410.html'   ><span>Doneaz\u0103 $10<\/span><\/a> <a class='simple_button_link ' style='background-color: #4f8fd6' href='http:\/\/www.newknowledgelibrary.org\/products\/Donation-to-the-New-Message-%2425.html'   ><span>Doneaz\u0103 $25<\/span><\/a> <a class='simple_button_link ' style='background-color: #4f8fd6' href='http:\/\/www.newknowledgelibrary.org\/products\/Donation-to-the-New-Message-%2450.html'   ><span>Doneaz\u0103 $50<\/span><\/a> <a class='simple_button_link ' style='background-color: #4f8fd6' href='http:\/\/www.newknowledgelibrary.org\/products\/Donation-to-the-New-Message-%24100.html'   ><span>Doneaz\u0103 $100<\/span><\/a> <a class='simple_button_link ' style='background-color: #4f8fd6' href='http:\/\/www.newknowledgelibrary.org\/products\/Donation-to-the-New-Message-%24500.html'   ><span>Doneaz\u0103 $500<\/span><\/a> <a class='simple_button_link ' style='background-color: #4f8fd6' href='http:\/\/www.newknowledgelibrary.org\/products\/Donation-to-the-New-Message-%241000.html'   ><span>Doneaz\u0103 $1,000<\/span><\/a> <a class='simple_button_link ' style='background-color: #4f8fd6' href='http:\/\/www.newknowledgelibrary.org\/products\/Donation-to-the-New-Message-%2410%2C000.html'   ><span>Doneaz\u0103 $10,000<\/span><\/a><\/p>\n<p><em> Toate dona\u021biile sunt \u00een dolari americani \u0219i sunt deductibile fiscal acolo unde permite legea.<\/em><\/p>\n<h2> Dona\u021bii lunare <\/h2>\n<p><strong>Prietenii Noului Mesaj<\/strong> contribuie \u00een fiecare lun\u0103 la lucrarea de esen\u021b\u0103 a organiza\u021biei The Society. Vreme de ani de zile, Prietenii au oferit o baz\u0103 solid\u0103 pentru eforturile cresc\u00e2nde ale organiza\u021biei. Prietenii Noului Mesaj sunt persoane care se dedic\u0103 s\u0103 ofere \u00een orice m\u0103sur\u0103 \u00ee\u0219i pot permite. <a href=\"\/\/newknowledgelibrary.org\/friends\/\">Devino un Prieten<\/a>.<\/p>\n<p style=\"text-align: center\"><a class='simple_button_link ' style='background-color: #4f8fd6' href='http:\/\/newknowledgelibrary.org\/donate\/friends-of-the-new-message-give-monthly-10\/'   ><span>Devino un Prieten al Noului Mesaj oferind $10\/lun\u0103<\/span><\/a><\/p>\n<p style=\"text-align: center\"><a class='simple_button_link ' style='background-color: #4f8fd6' href='http:\/\/newknowledgelibrary.org\/donate\/friends-of-the-new-message-give-monthly-25\/'   ><span>Devino un Prieten al Noului Mesaj oferind $25\/lun\u0103<\/span><\/a><\/p>\n<p style=\"text-align: center\"><a class='simple_button_link ' style='background-color: #4f8fd6' href='http:\/\/newknowledgelibrary.org\/donate\/friends-of-the-new-message-give-monthly-50\/'   ><span>Devino un Prieten al Noului Mesaj oferind $50\/lun\u0103<\/span><\/a><\/p>\n<p style=\"text-align: center\"><a class='simple_button_link ' style='background-color: #4f8fd6' href='http:\/\/newknowledgelibrary.org\/donate\/friends-of-the-new-message-give-monthly-75\/'   ><span>Devino un Prieten al Noului Mesaj oferind $75\/lun\u0103<\/span><\/a><\/p>\n<p><strong>Pilonii Noului Mesaj <\/strong> reprezint\u0103 o parte integral\u0103 a bazei pentru misiunea de educare \u0219i informare a organiza\u021biei The Society. Un Pilon al Noului Mesaj se dedic\u0103 s\u0103 ofere $100 sau mai mult \u00een fiecare lun\u0103. 300 de Piloni sunt necesari pentru a acoperi cheltuielile anuale. <\/p>\n<p>A fi Pilon este o expresie a rela\u021biei tale cu Noul Mesaj, cu Mesagerul s\u0103u \u0219i cu darul s\u0103u urgent pentru lume. Devino un pionier \u00een lume \u0219i o persoan\u0103 care le arat\u0103 calea altora ce doresc s\u0103 tr\u0103iasc\u0103 o via\u021b\u0103 inspirat\u0103 \u0219i s\u0103-\u0219i duc\u0103 la bun sf\u00e2r\u0219it menirea \u00eentr-o lume emergent\u0103. <a href=\"\/\/newknowledgelibrary.org\/pillars\/\">Devino un Pilon<\/a>.<\/p>\n<p style=\"text-align: center\"><a class='simple_button_link ' style='background-color: #4f8fd6' href='http:\/\/newknowledgelibrary.org\/donate\/a-pillar-of-the-new-message-give-monthly-100\/'   ><span>Devino un Pilon al Noului Mesaj oferind $100\/lun\u0103<\/span><\/a><\/p>\n<p style=\"text-align: center\"><a class='simple_button_link ' style='background-color: #4f8fd6' href='http:\/\/newknowledgelibrary.org\/donate\/a-pillar-of-the-new-message-give-monthly-150\/'   ><span>Devino un Pilon al Noului Mesaj oferind $150\/lun\u0103<\/span><\/a><\/p>\n<p style=\"text-align: center\"><a class='simple_button_link ' style='background-color: #4f8fd6' href='http:\/\/newknowledgelibrary.org\/donate\/a-pillar-of-the-new-message-give-monthly-200\/'   ><span>Devino un Pilon al Noului Mesaj oferind $200\/lun\u0103<\/span><\/a><\/p>\n<p style=\"text-align: center\"><a class='simple_button_link ' style='background-color: #4f8fd6' href='http:\/\/newknowledgelibrary.org\/donate\/a-pillar-of-the-new-message-give-monthly-300\/'   ><span>Devino un Pilon al Noului Mesaj oferind $300\/lun\u0103<\/span><\/a><\/p>\n<p>Al\u0103tur\u0103-te Comunit\u0103\u021bii Globale de oameni care con\u0219tientizeaz\u0103 valoarea imens\u0103 a Noului Mesaj de la Dumnezeu \u0219i care \u00ee\u0219i dedic\u0103 o por\u021biune din resurse pentru a sprijini munca continu\u0103 de a-i aduce aceast\u0103 Revela\u021bie umanit\u0103\u021bii.<\/p>\n<h3> Doneaz\u0103 Bitcoin&#8230;<a href=\"https:\/\/www.newmessage.org\/wp-content\/uploads\/2017\/07\/btc.png\"><img loading=\"lazy\" decoding=\"async\" class=\"alignright wp-image-33227\" src=\"https:\/\/www.newmessage.org\/wp-content\/uploads\/2017\/07\/btc-150x150.png\" alt=\"\" width=\"100\" height=\"95\" \/><\/a><\/h3>\n<p>Trimite dona\u021bii Bitcoin organiza\u021biei The Society for the New Message aici:<\/p>\n<p><span style=\"color: #000000\">12HE4k8erJBvd7zjCqzrFHQpmhUD4YKQ9h<\/span><\/p>\n<p>Pentru a primi un bon \u0219i o confirmare c\u0103 dona\u021bia a fost primit\u0103, v\u0103 rug\u0103m s\u0103 contacta\u021bi <strong><a href=\"mailto:society@greatercommunity.org\">The Society<\/a><\/strong> dup\u0103 ce a\u021bi trimis Bitcoini.<\/p>\n<p style=\"text-align: center\"><a href=\"https:\/\/www.newmessage.org\/wp-content\/uploads\/2017\/08\/btc-donations-icon.jpg\"><img loading=\"lazy\" decoding=\"async\" class=\"imgborder aligncenter wp-image-33218\" src=\"https:\/\/www.newmessage.org\/wp-content\/uploads\/2017\/08\/btc-donations-icon-298x300.jpg\" alt=\"\" width=\"200\" height=\"202\" \/><\/a><\/p>\n<h3><\/h3>\n<p>&nbsp;<\/p>\n<h3> Doneaz\u0103 Ethereum&#8230;<a href=\"https:\/\/www.newmessage.org\/wp-content\/uploads\/2017\/07\/ethereum-logo.png\"><img loading=\"lazy\" decoding=\"async\" class=\"alignright wp-image-33630\" src=\"https:\/\/www.newmessage.org\/wp-content\/uploads\/2017\/07\/ethereum-logo-150x150.png\" alt=\"\" width=\"100\" height=\"100\" \/><\/a><\/h3>\n<p>Trimite dona\u021bii Ethereum organiza\u021biei The Society for the New Message aici:<\/p>\n<p><span style=\"color: #000000\">0x2aBe894Dc922E9Bb5537f4bc31d5C01BA7f380c2<\/span><\/p>\n<p>Pentru a primi un bon \u0219i o confirmare c\u0103 dona\u021bia a fost primit\u0103, v\u0103 rug\u0103m s\u0103 contacta\u021bi <strong><a href=\"mailto:society@greatercommunity.org\">The Society<\/a><\/strong> dup\u0103 ce a\u021bi trimis Ethereum.<\/p>\n<p style=\"text-align: center\"><a href=\"https:\/\/www.newmessage.org\/wp-content\/uploads\/2017\/07\/eth-donations-icon.png\"><img loading=\"lazy\" decoding=\"async\" class=\"aligncenter wp-image-33631\" title=\"imgborder\" src=\"https:\/\/www.newmessage.org\/wp-content\/uploads\/2017\/07\/eth-donations-icon-150x150.png\" alt=\"\" width=\"200\" height=\"199\" \/><\/a><\/p>\n<p>&nbsp;<\/p>\n<h2>Dona\u021bii istorice<\/h2>\n<p>Dac\u0103 via\u021ba \u021bi-a oferit mijloacele financiare pentru a deveni un Binef\u0103c\u0103tor, poate ai rolul istoric de a asigura succesul \u0219i ocrotirea Noului Mesaj de la Dumnezeu \u00een viitorul \u00eendep\u0103rtat. Dona\u021biile Istorice se pot face progresiv prin dona\u021bii separate sau prin aceste mijloace de d\u0103ruire:<\/p>\n<ul class=\"list-vertical diamond\">\n<li>\u00cenfiin\u021barea unui Fond<\/li>\n<li>D\u0103ruirea unei burse sau a unei propriet\u0103\u021bi imobiliare<\/li>\n<li>Mo\u0219teniri caritabile \u00een testament<\/li>\n<li>Desemnarea organiza\u021biei The Society drept beneficiar al unei poli\u021be de asigurare sau al unui plan de pensionare<\/li>\n<\/ul>\n<p><strong>Pentru a discuta aceste op\u021biuni \u0219i altele pentru dona\u021bii binef\u0103c\u0103toare, v\u0103 rug\u0103m s\u0103-l contacta\u021bi pe Will Burrows la num\u0103rul (800) 938-3891.<\/strong><\/p>\n<p class=\"font-size-12\">The Society for The New Message from God este o organiza\u021bie religioas\u0103 nonprofit \u00eenregistrat\u0103 \u00een Statele Unite, dedicat\u0103 prezent\u0103rii \u0219i ocrotirii textelor \u0219i \u00eenregistr\u0103rilor sfinte ale Noului Mesaj de la Dumnezeu.<\/p>\n<h2>Ofer\u0103-\u021bi timpul \u00een mod voluntar<\/h2>\n<p>Misiunea Noului Mesaj este realizat\u0103 de c\u0103tre membrii organiza\u021biei The Society al\u0103turi de o echip\u0103 dedicat\u0103 de voluntari ce se \u00eentinde pe tot globul. Dac\u0103 dore\u0219ti s\u0103-\u021bi d\u0103ruie\u0219ti abilit\u0103\u021bile \u0219i s\u0103 te al\u0103turi acestui mare efort, te rug\u0103m s\u0103 completezi <a href=\"\/\/www.newmessage.org\/volunteer\">formularul de voluntariat<\/a>.<\/p>\n<h2>Str\u00e2ngere de fonduri comunitare<\/h2>\n<p>Faci cump\u0103r\u0103turi online \u0219i e\u0219ti interesat s\u0103 str\u00e2ngi fonduri pentru organiza\u021bia The Society for the New Message? Folose\u0219te urm\u0103toarele linkuri \u0219i The Society va primi \u00eentre 2%-12% din valoarea cump\u0103r\u0103turilor la urm\u0103toarele magazine \u0219i distribuitori. \u00cen acest fel, studen\u021bii Noului Mesaj pot aduce beneficii organiza\u021biei The Society prin activit\u0103\u021bile lor obi\u0219nuite de cump\u0103r\u0103turi.<\/p>\n<h4><strong>Viziteaz\u0103 <\/strong><a href=\"\/\/www.newmessage.org\/shop\"><strong>www.newmessage.org\/shop<\/strong><\/a> (\u00een englez\u0103)<\/h4>\n<h2>Alte modalit\u0103\u021bi de a str\u00e2nge fonduri<\/h2>\n<p>Doar prin intermediul navig\u0103rii tale obi\u0219nuite \u0219i al obiceiurilor tale de cump\u0103r\u0103turi online, po\u021bi oferi bani organiza\u021biei The Society f\u0103r\u0103 s\u0103 te coste nimic \u00een plus! Uite cum:<\/p>\n<table class=\" aligncenter\" style=\"height: 100%\" width=\"100%;\">\n<tbody>\n<tr>\n<td width=\"40%\"><\/td>\n<td width=\"60%\"><strong>AMAZON&#8217;S AFFILIATE PROGRAM<\/strong><br \/>\nD\u0103 click pe una din iconi\u021bele Amazon din st\u00e2nga pentru a intra pe Amazon.com, iar toate cump\u0103r\u0103turile pe care le faci \u00een urm\u0103toarele 24 de ore \u00eei va permite organiza\u021biei The Society s\u0103 c\u00e2\u0219tige 4%-7% comision.<\/td>\n<\/tr>\n<\/tbody>\n<\/table>\n<ul>\n<li style=\"list-style-type: none\">\n<ul>\n<li><a href=\"\/\/www.goodsearch.com\/nonprofit\/society-for-the-greater-community-way-of-knowledge.aspx\"><img loading=\"lazy\" decoding=\"async\" class=\"imgborder alignleft size-full\" src=\"\/\/www.newmessage.org\/wp-content\/uploads\/2014\/08\/goodsearch.png\" alt=\"GoodSearch\" width=\"207\" height=\"31\" \/><\/a>Folose\u0219te <a href=\"\/\/www.goodsearch.com\/nonprofit\/society-for-the-greater-community-way-of-knowledge.aspx\">motorul de c\u0103utare GoodSearch<\/a>. Fiecare c\u0103utare efectuat\u0103 \u00eei va oferi $0.01 organiza\u021biei The Society. Vezi <a href=\"\/\/www.goodsearch.com\/causes\/society-for-the-greater-community-way-of-knowledge\/supporters\"> lista cu to\u021bi sus\u021bin\u0103torii care folosesc GoodSearch<\/a>.<\/li>\n<\/ul>\n<\/li>\n<\/ul>\n<p>&nbsp;<\/p>\n<ul>\n<li style=\"list-style-type: none\">\n<ul>\n<li><a href=\"\/\/www.goodsearch.com\/goodshop.aspx\"><img loading=\"lazy\" decoding=\"async\" class=\"imgborder alignleft size-full\" src=\"\/\/www.newmessage.org\/wp-content\/uploads\/2014\/08\/goodshop.png\" alt=\"GoodShop\" width=\"207\" height=\"36\" \/><\/a><a href=\"\/\/www.goodsearch.com\/goodshop.aspx\"> F\u0103 cump\u0103r\u0103turi online pe site-ul goodshop<\/a> care \u00eei va oferi organiza\u021biei The Society un procent din multe cump\u0103r\u0103turi online.<\/li>\n<\/ul>\n<\/li>\n<\/ul>\n<p>&nbsp;<\/p>\n<ul>\n<li><a href=\"\/\/smile.amazon.com\"><img loading=\"lazy\" decoding=\"async\" class=\"alignleft size-full imgborder\" src=\"\/\/www.newmessage.org\/wp-content\/uploads\/2014\/08\/amazon-smile.jpg\" alt=\"amazon smile\" width=\"207\" height=\"51\" \/><\/a> Viziteaz\u0103 Amazon.com, aboneaz\u0103-te la programul SMILE \u0219i alege \u201cSOCIETY FOR THE GREATER COMMUNITY WAY OF KNOWLEDGE\u201d drept organiza\u021bia ta caritabil\u0103. Pentru mai multe informa\u021bii, vezi <a href=\"\/\/smile.amazon.com\/about\">Amazon Smile<\/a><\/li>\n<\/ul>\n<p>&nbsp;<\/p>\n<h2>Doneaz\u0103 prin telefon, po\u0219t\u0103 sau fax<\/h2>\n<p>Pentru a oferi detaliile cardului de credit prin telefon, v\u0103 rug\u0103m s\u0103 suna\u021bi la <strong> 1-800-938-3891<\/strong><\/p>\n<p>Pentru a dona prin cec, v\u0103 rug\u0103m s\u0103 trimite\u021bi cecul \u00eentr-un plic sigilat la adresa:<\/p>\n<p style=\"text-align: center\"><strong>THE SOCIETY FOR THE NEW MESSAGE FROM GOD<\/strong><br \/>\n<strong> P.O. Box 1724<\/strong><br \/>\n<strong> Boulder, CO 80306-1724<\/strong><\/p>\n<p>De asemenea, cecurile pot fi scrise pentru \u201cSociety for the GCWK.\u201d<\/p>\n<p>Dona\u021biile pot fi trimise <strong>prin fax la 303-938-1214<\/strong>. V\u0103 rug\u0103m s\u0103 include\u021bi numele, adresa \u0219i num\u0103rul de telefon, precum \u0219i suma pe care dori\u021bi s\u0103 o oferi\u021bi, num\u0103rul de card \u0219i data expir\u0103rii.<\/p>\n<p>Pentru informa\u021bii despre alte metode de a dona, v\u0103 rug\u0103m s\u0103 lua\u021bi leg\u0103tura cu organiza\u021bia The Society la <a href=\"mailto:society@greatercommunity.org?subject=\">society@greatercommunity.org<\/a> 303-938-8401.<\/p>\n<p class=\"font-size-12\"> Toate contribu\u021biile sunt deductibile fiscal acolo unde permite legea.<\/p>\n<h2>Multe binecuv\u00e2nt\u0103ri \u0219i mul\u021bumiri de la<\/h2>\n<p><span class=\"text-color-pirate-gold font-size-18 font-weight-bold\"><em>Marshall \u0219i Patricia Summers<\/em><br \/>\n<em> Reed Summers<\/em><br \/>\n<em> Ayesha Summers<\/em><br \/>\n<em> Darlene Mitchell<\/em><br \/>\n<em> Carol Coffey<\/em><br \/>\n<em> Jeanine Butler<\/em><br \/>\n<em> Ellen Mitchell<\/em><br \/>\n<em> Will Burrows<\/em><br \/>\n<em> Tyyne Andrews<\/em><br \/>\n<em> Robert Busbey<\/em><br \/>\n<\/span><br \/>\n<\/div><br \/>\n<div class=\"one_half last\" ><\/p>\n<div class=\"panel-10 background-color-spanish-white border-rounded-8\"><strong> Al\u0103tur\u0103-te unei comunit\u0103\u021bi globale<\/strong> de oameni care sprijin\u0103 financiar <a title=\"The Society\" href=\"\/\/www.newmessage.org\/worldwide-community\/society\">The Society<\/a> \u00een misiunea sa de a-i aduce umanit\u0103\u021bii Noul Mesaj de la Dumnezeu. Darul t\u0103u va crea baza pentru tot ce facem \u00een prezent \u0219i \u00een viitor.<\/div>\n<div class=\"panel-10 background-color-spanish-white border-rounded-8\">\n<h3>Cu sprijinul t\u0103u, putem:<\/h3>\n<ul class=\"list-vertical diamond\">\n<li>S\u0103 aducem Noul Mesaj sutelor de mii de oameni din \u00eentreaga lume prin intermediul ac\u021biunilor noastre de informare locale \u0219i prin lucrul cu mijloacele de comunicare \u00een mas\u0103.<\/li>\n<\/ul>\n<ul class=\"list -vertical diamond\">\n<li>S\u0103 public\u0103m \u0219i s\u0103 distribuim <a title=\"Sacred Texts\" href=\"\/the-message\"> textele sfinte <\/a> ale Noului Mesaj \u00een \u021b\u0103rile din \u00eentreaga lume.<\/li>\n<\/ul>\n<ul class=\"list-vertical diamond\">\n<li> S\u0103 oferim gratuit c\u0103r\u021bi, CD-uri \u0219i texte online prin <a title=\"Free Book Project\" href=\"\/the-message\/free-book-project\">Proiectul C\u0103r\u021bilor Gratuite<\/a>.<\/li>\n<\/ul>\n<ul class=\"list-vertical diamond\">\n<li>S\u0103 traducem mii de pagini din Noul Mesaj \u00een multe limbi.<\/li>\n<\/ul>\n<ul class=\"list-vertical diamond\">\n<li> S\u0103 le d\u0103m Mesagerului \u0219i celor ce i s-au al\u0103turat posibilitatea <a href=\"\/gods-messenger\/journeys-messenger\"> de a vizita locuri cu necesit\u0103\u021bi critice<\/a> pentru a aduce Noul Mesaj acolo \u0219i, de asemenea, pentru a-i \u00eent\u00e2lni pe acei indivizi care r\u0103spund la Mesaj \u00een \u00eentreaga lume.<\/li>\n<\/ul>\n<ul class=\"list-vertical diamond\">\n<li> S\u0103 ajungem la oamenii care sunt interesa\u021bi de Noul Mesaj al lui Dumnezeu prin intermediul evenimentelor educa\u021bionale.<\/li>\n<\/ul>\n<ul class=\"list-vertical diamond\">\n<li> S\u0103 preg\u0103tim sute de revela\u021bii audio, texte \u0219i videoclipuri pentru a fi puse la dispozi\u021bie online, gratuit.<\/li>\n<\/ul>\n<ul class=\"list-vertical diamond\">\n<li> S\u0103 cre\u0103m mediul <a title=\"The Free School\" href=\"\/\/www.newmessage.org\/free-school\"> \u0218colii Gratuite <\/a> \u0219i s\u0103 le aducem tuturor oamenilor educa\u021bia vital\u0103 a Noului Mesaj.<\/li>\n<\/ul>\n<ul class=\"list-vertical diamond\">\n<li> S\u0103 dezvolt\u0103m <a title=\"The Sanctuary\" href=\"\/\/www.newmessage.org\/worldwide-community\/society\/sanctuary\"> Sanctuarul<\/a> Noului Mesaj ca un loc \u00een care oamenii din toate categoriile sociale \u0219i din jurul lumii s\u0103 poat\u0103 studia, s\u0103 se poat\u0103 retrage \u0219i s\u0103 poat\u0103 experimenta ei \u00een\u0219i\u0219i Noul Mesaj \u0219i Mesagerul acestuia.<\/li>\n<\/ul>\n<p style=\"text-align: center\"><strong>Mul\u021bumit\u0103 darului t\u0103u financiar, noi putem aduce Noul Mesaj de la Dumnezeu \u00een lume, oamenilor din toate na\u021biunile \u0219i din toate culturile. Tu e\u0219ti elementul vital \u00een transmisiunea Revela\u021biei Domnului pentru umanitate.<\/strong><\/p>\n<p>Noul Mesaj este aici s\u0103 protejeze umanitatea \u00een vremurile dificile ce urmeaz\u0103 \u0219i s\u0103 evoce darurile spirituale pe care noi, familia uman\u0103, le posed\u0103m \u0219i pe care trebuie s\u0103 le scoatem la lumin\u0103 pentru a supravie\u021bui \u00eentr-o lume ce se schimb\u0103 radical. D\u0103ruirea ta le va permite \u00cen\u021belepciunii \u0219i <a href=\"\/\/www.newmessage.org\/ro\/mesajul\/termeni-importanti\/#knowledge\">Cunoa\u0219terii<\/a> Noului Mesaj s\u0103 insufle lumea noastr\u0103. \u00cen cele din urm\u0103, aceast\u0103 d\u0103ruire este chiar cea care va asigura puritatea \u0219i accesibilitatea Noului Mesaj al lui Dumnezeu de-a lungul timpului. <\/p>\n<p>Sprijinul t\u0103u financiar este o indicare vital\u0103 c\u0103 ai g\u0103sit Noul Mesaj \u0219i c\u0103 dore\u0219ti s\u0103 contribui la <a title=\"Our Work and Mission\" href=\"\/worldwide-community\/society\"> aceast\u0103 Misiune <\/a> \u00een prezent, pe m\u0103sur\u0103 ce ne \u00eendrept\u0103m c\u0103tre un viitor formidabil. <\/p>\n<p>Fie c\u0103 sprijinul t\u0103u va fi financiar, fie c\u0103 \u00ee\u021bi vei oferi timpul, energia, rug\u0103ciunile \u0219i\/sau studen\u021bia, tu e\u0219ti elementul vital ce ne ajut\u0103 s\u0103 realiz\u0103m ceea ce ne propunem s\u0103 facem. Te invit\u0103m s\u0103 ni te al\u0103turi \u00een aceast\u0103 mare ini\u021biativ\u0103 \u00een slujba Creatorului. Fie s\u0103 realiz\u0103m tot ceea ce ni s-a cerut s\u0103 facem.<\/p>\n<p><\/div>\n<\/div>\n<p>[\/vc_column_text][\/vc_column][\/vc_row]<\/p>\n","protected":false},"excerpt":{"rendered":"<p>[vc_row][vc_column][vc_column_text] [\/vc_column_text][\/vc_column][\/vc_row]<\/p>\n","protected":false},"author":1,"featured_media":0,"parent":12810,"menu_order":5,"comment_status":"closed","ping_status":"closed","template":"template-leftsidebar.php","meta":{"_monsterinsights_skip_tracking":false,"_monsterinsights_sitenote_active":false,"_monsterinsights_sitenote_note":"","_monsterinsights_sitenote_category":0,"footnotes":""},"categories":[],"tags":[739,743],"_links":{"self":[{"href":"https:\/\/www.v6.newmessage.org\/ro\/wp-json\/wp\/v2\/pages\/14756"}],"collection":[{"href":"https:\/\/www.v6.newmessage.org\/ro\/wp-json\/wp\/v2\/pages"}],"about":[{"href":"https:\/\/www.v6.newmessage.org\/ro\/wp-json\/wp\/v2\/types\/page"}],"author":[{"embeddable":true,"href":"https:\/\/www.v6.newmessage.org\/ro\/wp-json\/wp\/v2\/users\/1"}],"replies":[{"embeddable":true,"href":"https:\/\/www.v6.newmessage.org\/ro\/wp-json\/wp\/v2\/comments?post=14756"}],"version-history":[{"count":92,"href":"https:\/\/www.v6.newmessage.org\/ro\/wp-json\/wp\/v2\/pages\/14756\/revisions"}],"predecessor-version":[{"id":27775,"href":"https:\/\/www.v6.newmessage.org\/ro\/wp-json\/wp\/v2\/pages\/14756\/revisions\/27775"}],"up":[{"embeddable":true,"href":"https:\/\/www.v6.newmessage.org\/ro\/wp-json\/wp\/v2\/pages\/12810"}],"wp:attachment":[{"href":"https:\/\/www.v6.newmessage.org\/ro\/wp-json\/wp\/v2\/media?parent=14756"}],"wp:term":[{"taxonomy":"category","embeddable":true,"href":"https:\/\/www.v6.newmessage.org\/ro\/wp-json\/wp\/v2\/categories?post=14756"},{"taxonomy":"post_tag","embeddable":true,"href":"https:\/\/www.v6.newmessage.org\/ro\/wp-json\/wp\/v2\/tags?post=14756"}],"curies":[{"name":"wp","href":"https:\/\/api.w.org\/{rel}","templated":true}]}}