{"id":13081,"date":"2014-07-24T21:54:49","date_gmt":"2014-07-24T21:54:49","guid":{"rendered":"http:\/\/www.newmessage.org\/?page_id=13081"},"modified":"2017-11-26T03:09:46","modified_gmt":"2017-11-26T03:09:46","slug":"spiritualitatea-din-marea-comunitate","status":"publish","type":"page","link":"https:\/\/www.v6.newmessage.org\/ro\/mesajul\/volumul-2\/spiritualitatea-din-marea-comunitate\/","title":{"rendered":"Spiritualitatea din Marea Comunitate"},"content":{"rendered":"<div id=\"attachment_19351\" style=\"width: 244px\" class=\"wp-caption alignright\"><img loading=\"lazy\" decoding=\"async\" aria-describedby=\"caption-attachment-19351\" class=\"\" src=\"https:\/\/www.newmessage.org\/wp-content\/uploads\/2015\/07\/volum2_book1-200x300.jpg\" alt=\"\" width=\"234\" height=\"351\" \/><p id=\"caption-attachment-19351\" class=\"wp-caption-text\"><\/p>\n<p><\/p><\/div>\n<p><em>Spiritualitatea din Marea Comunitate<\/em> prezint\u0103 o \u00een\u021belegere nou\u0103 \u0219i o tr\u0103ire mai profund\u0103 legate de Dumnezeu \u0219i de spiritualitatea uman\u0103 \u00eentr-o sfer\u0103 mai cuprinz\u0103toare a vie\u021bii inteligente. Aceasta este o spiritualitate ce transcende toate barielele dintre rase, culturi, religii \u0219i limbi, oferind fundamentul pentru recunoa\u0219tere \u0219i rela\u021bii \u00eentre oameni, na\u021biuni \u0219i lumi.<\/p>\n<p><em>Spiritualitatea din Marea Comunitate<\/em> prezint\u0103 o parte din teologia \u0219i cosmologia Noului Mesaj. Deschide calea c\u0103tre o experien\u021b\u0103 mai profund\u0103 de Dumnezeu. Le este menit\u0103 acelor oameni care nu \u0219i-au g\u0103sit c\u0103minul spiritual \u00een tradi\u021biile religioase ale acestei lumi \u0219i care caut\u0103 o preg\u0103tire \u0219i direc\u021bie spiritual\u0103 \u00een aceste vremuri cu mari schimb\u0103ri \u0219i incertitudini \u00een lumea noastr\u0103.<\/p>\n<p><em>Spiritualitatea din Marea Comunitate<\/em> cuprinde 27 de capitole, fiecare r\u0103spunz\u00e2nd la o \u00eentrebare fundamental\u0103 legat\u0103 de \u00een\u021belesul vie\u021bii, de rela\u021bia noastr\u0103 cu Dumnezeu \u0219i destinul nostru \u00eentr-o Comunitate Mare a vie\u021bii din univers. De asemenea, aici este prezentat\u0103 realitatea C\u0103ii Cunoa\u0219terii din Marea Comunitate, ce reprezint\u0103 calea l\u0103untric\u0103 de preg\u0103tire \u0219i dezvoltare spiritual\u0103 cuprins\u0103 \u00een Noul Mesaj de la Dumnezeu. Aceasta este o preg\u0103tire spiritual\u0103 universal\u0103 care \u00eei este prezentat\u0103 acum lumii pentru prima dat\u0103. <\/p>\n<p><em>Spiritualitatea din Marea Comunitate<\/em> este prima carte din <a href=\"https:\/\/www.newmessage.org\/ro\/mesajul\/volumul-2\/\">Volumul 2<\/a> al Noului Mesaj de la Dumnezeu.<\/p>\n<div class=\"toggle toggle-white\"><h4 class=\"trigger \"><span class=\"t_ico\"><\/span><a href=\"#\">Exploreaz\u0103 mai multe din Biblioteca Noului Mesaj<\/a><\/h4><div class=\"toggle_container \"><br \/>\n<div data-post-id='more-about-the-volumes' class='insert-page insert-page-more-about-the-volumes '><\/div><br \/>\n<\/div><\/div>\n<div class=\"background-color-bridesmaid padding-20\">\n<h2 style=\"text-align: left\"><span style=\"color: #525252\">Table of Contents<\/span><\/h2>\n<p><a href=\"\/the-message\/volume-2\/greater-community-spirituality\/introduction-gcs\">Introduction<\/a><\/p>\n<p><span style=\"line-height: 1.5\">Chapter 1: <\/span><a style=\"line-height: 1.5\" href=\"\/the-message\/volume-2\/greater-community-spirituality\/what-is-god-3\">What is God?<\/a><\/p>\n<p>Chapter 2: <a href=\"\/the-message\/volume-2\/greater-community-spirituality\/what-is-the-world\">What is the World?<\/a><\/p>\n<p>Chapter 3: <a href=\"\/the-message\/volume-2\/greater-community-spirituality\/what-is-life-force\">What is Life Force?<\/a><\/p>\n<p>Capitolul 4: <a href=\"https:\/\/www.newmessage.org\/ro\/mesajul\/volumul-2\/spiritualitatea-din-marea-comunitate\/ce-este-cunoasterea\/\">Ce este Cunoa\u0219terea?<\/a><\/p>\n<p>Capitolul 5: <a href=\"https:\/\/www.newmessage.org\/ro\/mesajul\/volumul-2\/spiritualitatea-din-marea-comunitate\/care-este-scopul-uman\/\">Care este Scopul Uman?<\/a><\/p>\n<p>Chapter 6: <a href=\"\/the-message\/volume-2\/greater-community-spirituality\/what-is-the-greater-community\">What is the Greater Community?<\/a><\/p>\n<p>Chapter 7: <a href=\"\/the-message\/volume-2\/greater-community-spirituality\/how-is-wisdom-achieved-in-life\">How is Wisdom achieved in life?<\/a><\/p>\n<p>Chapter 8: <a href=\"\/the-message\/volume-2\/greater-community-spirituality\/who-is-wisdom-meant-for\">Who is Wisdom meant for?<\/a><\/p>\n<p>Chapter 9: <a href=\"\/the-message\/volume-2\/greater-community-spirituality\/false-expectations-of-god\">How does God participate in the world?<\/a><\/p>\n<p>Chapter 10: <a href=\"\/the-message\/volume-2\/greater-community-spirituality\/how-do-you-prepare\">How do you prepare?<\/a><\/p>\n<p>Chapter 11: <a href=\"\/the-message\/volume-2\/greater-community-spirituality\/what-is-your-preparation-for\">What is your preparation for?<\/a><\/p>\n<p>Chapter 12: <a href=\"\/the-message\/volume-2\/greater-community-spirituality\/whom-will-you-meet\">Whom will you meet?<\/a><\/p>\n<p>Chapter 13: <a href=\"\/the-message\/volume-2\/greater-community-spirituality\/what-must-be-unlearned\">What must be unlearned?<\/a><\/p>\n<p>Chapter 14: <a href=\"\/the-message\/volume-2\/greater-community-spirituality\/what-must-be-avoided\">What must be avoided?<\/a><\/p>\n<p>Chapter 15: <a href=\"\/the-message\/volume-2\/greater-community-spirituality\/who-serves-humanity\">Who serves humanity?<\/a><\/p>\n<p>Chapter 16: <a href=\"\/the-message\/volume-2\/greater-community-spirituality\/who-are-the-unseen-ones\">Who are the Unseen Ones?<\/a><\/p>\n<p>Chapter 17: <a href=\"\/the-message\/volume-2\/greater-community-spirituality\/how-does-revelation-occur-in-human-life\">How does revelation occur in human life?<\/a><\/p>\n<p>Chapter 18: <a href=\"\/the-message\/volume-2\/greater-community-spirituality\/what-is-human-destiny\">What is human destiny?<\/a><\/p>\n<p>Chapter 19: <a href=\"\/the-message\/volume-2\/greater-community-spirituality\/what-is-religion\">What is religion?<\/a><\/p>\n<p>Chapter 20: <a href=\"\/the-message\/volume-2\/greater-community-spirituality\/what-is-religious-education-and-who-is-it-for\">What is religious education and who is it for?<\/a><\/p>\n<p>Chapter 21: <a href=\"\/the-message\/volume-2\/greater-community-spirituality\/what-is-the-greater-community-way-of-knowledge\">What is The Greater Community Way of Knowledge?<\/a><\/p>\n<p>Chapter 22: <a href=\"\/the-message\/volume-2\/greater-community-spirituality\/where-can-knowledge-be-found\">Where can Knowledge be found?<\/a><\/p>\n<p>Chapter 23: <a href=\"\/the-message\/volume-2\/greater-community-spirituality\/how-is-knowledge-translated-in-the-greater-community\">How is Knowledge translated in the Greater Community?<\/a><\/p>\n<p>Chapter 24: <a href=\"\/the-message\/volume-2\/greater-community-spirituality\/what-is-steps-to-knowledge\">What is Steps to Knowledge?<\/a><\/p>\n<p>Chapter 25: <a href=\"\/the-message\/volume-2\/greater-community-spirituality\/what-is-grace\">What is grace?<\/a><\/p>\n<p>Chapter 26: <a href=\"\/the-message\/volume-2\/greater-community-spirituality\/who-is-jesus\">Who is Jesus?<\/a><\/p>\n<p>Chapter 27: <a href=\"\/the-message\/volume-2\/greater-community-spirituality\/what-is-the-evolution-of-religion-in-the-world\">What is the evolution of religion in the world?<\/a><\/p>\n<h4 class=\"text-color-gray-6\"><\/h4>\n<\/div>\n","protected":false},"excerpt":{"rendered":"<p>Spiritualitatea din Marea Comunitate prezint\u0103 o \u00een\u021belegere nou\u0103 \u0219i o tr\u0103ire mai profund\u0103 legate de Dumnezeu \u0219i de spiritualitatea uman\u0103 \u00eentr-o sfer\u0103 mai cuprinz\u0103toare a vie\u021bii inteligente. Aceasta este o spiritualitate ce transcende toate barielele dintre rase, culturi, religii \u0219i limbi, oferind fundamentul pentru recunoa\u0219tere \u0219i rela\u021bii \u00eentre oameni, na\u021biuni \u0219i lumi. Spiritualitatea din Marea\u2026 <a class=\"read-more\" href=\"https:\/\/www.v6.newmessage.org\/ro\/mesajul\/volumul-2\/spiritualitatea-din-marea-comunitate\/\"><span>Read More<\/span><\/a><\/p>\n","protected":false},"author":1,"featured_media":0,"parent":16312,"menu_order":0,"comment_status":"closed","ping_status":"closed","template":"template-leftsidebar.php","meta":{"_monsterinsights_skip_tracking":false,"_monsterinsights_sitenote_active":false,"_monsterinsights_sitenote_note":"","_monsterinsights_sitenote_category":0,"footnotes":""},"categories":[468,467],"tags":[174,700,701],"_links":{"self":[{"href":"https:\/\/www.v6.newmessage.org\/ro\/wp-json\/wp\/v2\/pages\/13081"}],"collection":[{"href":"https:\/\/www.v6.newmessage.org\/ro\/wp-json\/wp\/v2\/pages"}],"about":[{"href":"https:\/\/www.v6.newmessage.org\/ro\/wp-json\/wp\/v2\/types\/page"}],"author":[{"embeddable":true,"href":"https:\/\/www.v6.newmessage.org\/ro\/wp-json\/wp\/v2\/users\/1"}],"replies":[{"embeddable":true,"href":"https:\/\/www.v6.newmessage.org\/ro\/wp-json\/wp\/v2\/comments?post=13081"}],"version-history":[{"count":47,"href":"https:\/\/www.v6.newmessage.org\/ro\/wp-json\/wp\/v2\/pages\/13081\/revisions"}],"predecessor-version":[{"id":27829,"href":"https:\/\/www.v6.newmessage.org\/ro\/wp-json\/wp\/v2\/pages\/13081\/revisions\/27829"}],"up":[{"embeddable":true,"href":"https:\/\/www.v6.newmessage.org\/ro\/wp-json\/wp\/v2\/pages\/16312"}],"wp:attachment":[{"href":"https:\/\/www.v6.newmessage.org\/ro\/wp-json\/wp\/v2\/media?parent=13081"}],"wp:term":[{"taxonomy":"category","embeddable":true,"href":"https:\/\/www.v6.newmessage.org\/ro\/wp-json\/wp\/v2\/categories?post=13081"},{"taxonomy":"post_tag","embeddable":true,"href":"https:\/\/www.v6.newmessage.org\/ro\/wp-json\/wp\/v2\/tags?post=13081"}],"curies":[{"name":"wp","href":"https:\/\/api.w.org\/{rel}","templated":true}]}}