{"id":647,"date":"2011-08-19T14:11:37","date_gmt":"2011-08-19T21:11:37","guid":{"rendered":"http:\/\/wp.www.newmessage.org\/?p=647"},"modified":"2015-12-20T21:07:59","modified_gmt":"2015-12-20T21:07:59","slug":"voz-da-revelacao","status":"publish","type":"page","link":"https:\/\/www.v6.newmessage.org\/pt\/a-mensagem\/volume-1\/a-religiao-pura\/voz-da-revelacao","title":{"rendered":"A Voz da Revela\u00e7\u00e3o"},"content":{"rendered":"\n<div class=\"tabgroup \"><ul class=\"tabs\"><li><a href=\"#tabs-1\">Sobre<\/a><\/li>\n<li><a href=\"#tabs-2\">Mais<\/a><\/li><\/ul>\n <div id=\"tabs-1\"><\/p>\n<p><em>Assim como revelado a<br \/>\nMarshall Vian Summers<br \/>\nem 14 de abril de 2011<br \/>\nem Boulder, Colorado, EUA.<\/em><\/p>\n<p><\/div>\n<div id=\"tabs-2\"><br \/>\n<\/div>\n\t\t\t\t<div align=\"right\">\n\t\t\t<div class=\"fb-like\" data-href=\"\" data-layout=\"button_count\" data-action=\"like\" data-show-faces=\"false\" data-share=\"false\"><\/div>\n\t\t\t<div class=\"fb-share-button\" data-layout=\"button_count\"> <\/div>\n\t\t\t<div class=\"fb_iframe_widget\"><a href=\"https:\/\/twitter.com\/godsnewmessage?ref_src=twsrc%5Etfw\" class=\"twitter-follow-button\" data-show-count=\"false\">Follow @godsnewmessage<\/a><script async src=\"https:\/\/platform.twitter.com\/widgets.js\" charset=\"utf-8\"><\/script><\/div>\n\t\t\t<\/div> <\/div> \n\n<p>A Voz que voc\u00ea est\u00e1 ouvindo n\u00e3o \u00e9 de um indiv\u00edduo, mas das Hostes Ang\u00e9licas juntas, falando todas juntas, com uma Voz.<\/p>\n<p>Ela est\u00e1 passando atrav\u00e9s de um indiv\u00edduo, sim, mas em um n\u00edvel mais elevado a individualidade \u00e9 inteiramente diferente. De modo t\u00e3o diferente de como \u00e9 em seu mundo.<\/p>\n<p>\u00c9 por isto que a Nossa Voz \u00e9 t\u00e3o \u00fanica, porque esta \u00e9 a Voz de muitos.<\/p>\n<p>\u00c9 por isto que N\u00f3s falamos da forma como fazemos, porque \u00e9 a Voz de muitos.<\/p>\n<p>As pessoas no mundo s\u00f3 podem pensar em indiv\u00edduos. Elas perguntam \u201cBem, qual \u00e9 o nome deste Anjo, ou deste Ser?\u201d<\/p>\n<p>Mas nomes n\u00e3o s\u00e3o importantes em assuntos como este, exceto para aqueles que n\u00e3o conseguem pensar al\u00e9m dos limites de sua pr\u00f3pria separa\u00e7\u00e3o.<\/p>\n<p>De um modo, a Nossa Voz \u00e9 parte da Nova Mensagem para a sua consci\u00eancia, a fim de que voc\u00ea possa compreender o processo de Revela\u00e7\u00e3o e testemunhar isto.<\/p>\n<p>Nunca antes este processo foi realmente revelado, n\u00e3o para a pessoa comum, n\u00e3o para o p\u00fablico geral, nem mesmo para os estudiosos e especialistas, te\u00f3logos e filos\u00f3fos.<\/p>\n<p>Agora \u00e9 a hora para que a humanidade aprenda estas coisas, porque ela est\u00e1 vivendo em um tempo de Revela\u00e7\u00e3o.<\/p>\n<p>N\u00f3s somos a Revela\u00e7\u00e3o.<\/p>\n<p>Deus n\u00e3o fala porque Deus \u00e9 grande demais.<\/p>\n<p>Portanto, a Vontade de Deus \u00e9 expressada e comunicada \u00e0 Presen\u00e7a Ang\u00e9lica, que vigiam todos os mundos onde a vida inteligente evoluiu.<\/p>\n<p>A Vontade do Criador \u00e9 ent\u00e3o expressa nas palavras e na l\u00edngua daquele mundo, para aquele povo.<\/p>\n<p>Existe uma coisa que Deus n\u00e3o pode ser, e isto \u00e9 n\u00e3o ser Deus, o que \u00e9 uma coisa muito peculiar a respeito de sua exist\u00eancia, porque na verdade a Cria\u00e7\u00e3o n\u00e3o pode n\u00e3o ser realmente a Cria\u00e7\u00e3o, e voc\u00ea \u00e9 parte da Cria\u00e7\u00e3o.<\/p>\n<p>E este \u00e9 o enigma e a contradi\u00e7\u00e3o de sua exist\u00eancia.<\/p>\n<p>Voc\u00ea est\u00e1 fingindo ser o que voc\u00ea n\u00e3o \u00e9. Mas esta pretens\u00e3o \u00e9 o que significa se estar no mundo.<\/p>\n<p>Muitos de N\u00f3s estivemos em mundos como este. N\u00f3s entendemos estas coisas.<\/p>\n<p>\u00c9 por isto que N\u00f3s somos o intermedi\u00e1rio perfeito para expressar a Vontade e as inten\u00e7\u00f5es do Criador, e para trazer esta Vontade e inten\u00e7\u00e3o \u00e0 voc\u00ea, n\u00e3o somente em termos de ensinos definitivos, mas em termos de coment\u00e1rio e aplica\u00e7\u00e3o \u2013 explicando o que estas coisas significam, como elas podem ser experimentadas e aplicadas em sua vida e particularmente nas circunst\u00e2ncias vari\u00e1veis do mundo.<\/p>\n<p>Porque o mundo est\u00e1 enfrentando as Grandes Ondas de mudan\u00e7a, e o mundo est\u00e1 experimentando interven\u00e7\u00e3o de ra\u00e7as de al\u00e9m deste mundo.<\/p>\n<p>\u00c9 um momento grande e decisivo para a fam\u00edlia humana. Mas a humanidade n\u00e3o est\u00e1 ciente e est\u00e1 despreparada, e est\u00e1 muito vulner\u00e1vel ao engano e \u00e0 m\u00e1 compreens\u00e3o.<\/p>\n<p>Para o Mensageiro vir ao mundo neste tempo, o processo de Revela\u00e7\u00e3o em si precisa ser revelado, ou a presen\u00e7a e prop\u00f3sito dele aqui n\u00e3o ser\u00e3o entendidos, e ele ser\u00e1 confundido com outros que fazem grandes alega\u00e7\u00f5es mas eles mesmos n\u00e3o possuindo a grande Mensagem para entregar.<\/p>\n<p>As pessoas ficar\u00e3o confusas quanto \u00e0 quem escutar.<\/p>\n<p>Elas ficar\u00e3o confusas com a Voz da Revela\u00e7\u00e3o. Porque existem muitas vozes falando \u00e0 humanidade neste tempo \u2013 vozes da Comunidade Maior, vozes da Interven\u00e7\u00e3o, vozes em sua pr\u00f3pria mente, vozes que lhe assombram, vozes que lhe encantam.<\/p>\n<p>Mas s\u00f3 existe uma Voz da Revela\u00e7\u00e3o, e N\u00f3s somos esta \u00fanica Voz.<\/p>\n<p>Para voc\u00ea aceitar isto, significa que voc\u00ea precisa aceitar que voc\u00ea est\u00e1 recebendo a Revela\u00e7\u00e3o e come\u00e7ar a considerar as responsabilidades que isto pode colocar sobre voc\u00ea.<\/p>\n<p>Est\u00e1 sendo mostrado \u00e0 voc\u00ea como Deus fala ao mundo e que Deus falou de novo a fim de preparar a humanidade para um futuro que n\u00e3o se parecer\u00e1 com o passado, para um novo conjunto de realidades, para uma nova exist\u00eancia e para um desafio e dificuldade maiores.<\/p>\n<p>A evolu\u00e7\u00e3o da humanidade segue o padr\u00e3o de evolu\u00e7\u00e3o da maioria das ra\u00e7as no universo. Quando estas ra\u00e7as come\u00e7am a esgotar seus pr\u00f3prios planetas e enfrentar a realidade da Comunidade Maior de vida no universo, elas atingiram um limiar grande, dif\u00edcil e \u00edngreme.<\/p>\n<p>Elas atingiram um verdadeiro ponto decisivo onde o entendimento e suposi\u00e7\u00f5es de seu passado n\u00e3o v\u00e3o serv\u00ed-las e podem at\u00e9 as trair.<\/p>\n<p>A humanidade atingiu este limiar.<\/p>\n<p>Para voc\u00ea crescer tanto espiritualmente como fisicamente neste mundo, e se preparar para uma Comunidade Maior, voc\u00ea precisar\u00e1 de uma Nova Revela\u00e7\u00e3o de Deus, porque voc\u00ea n\u00e3o pode preparar a si mesmo para aquilo sobre o qual voc\u00ea n\u00e3o sabe nada a respeito.<\/p>\n<p>As pessoas ainda est\u00e3o fundamentadas demais no passado, identificadas com o passado, as suposi\u00e7\u00f5es delas baseadas no passado, ent\u00e3o elas n\u00e3o conseguem realmente ver o que est\u00e1 vindo atr\u00e1s do horizonte.<\/p>\n<p>Al\u00e9m disso \u00e9 claro, existe o problema da nega\u00e7\u00e3o humana, a fraqueza da mente em enfrentar a realidade e em se preparar para eventualidades.<\/p>\n<p>Todos estes s\u00e3o problemas inerentes \u00e0 fam\u00edlia humana, e na verdade todas as outras ra\u00e7as no universo t\u00eam que lidar com esses tipos de problemas tamb\u00e9m.<\/p>\n<p>Ent\u00e3o voc\u00eas n\u00e3o est\u00e3o sozinhos, e voc\u00eas est\u00e3o seguindo o caminho da evolu\u00e7\u00e3o, preparando a si mesmos para sair do isolamento no universo.<\/p>\n<p>Tal limiar requer um entendimento espiritual maior, um reconhecimento maior da Presen\u00e7a Divina no universo.<\/p>\n<p>Voc\u00ea n\u00e3o est\u00e1 mais lidando com um deus local, uma deidade local, um deus da montanha e da \u00e1rvore, um deus do oceano e do rio.<\/p>\n<p>Voc\u00ea n\u00e3o est\u00e1 nem mesmo lidando com o deus de um mundo e de um povo, como voc\u00ea est\u00e1 acostumado a pensar.<\/p>\n<p>Agora voc\u00ea est\u00e1 lidando com um Deus de todos os universos, e Cria\u00e7\u00e3o al\u00e9m dos universos, um Deus t\u00e3o grande que a sua mente s\u00f3 pode cair em louvor.<\/p>\n<p>N\u00e3o \u00e9 um Deus humano. N\u00e3o \u00e9 um Deus que voc\u00ea cria em sua pr\u00f3pria imagina\u00e7\u00e3o, mas um Deus que voc\u00ea deve experimentar em um n\u00edvel mais profundo, abaixo e al\u00e9m dos limites da sua mente superficial.<\/p>\n<p>Para voc\u00ea compreender o Deus da Comunidade Maior, ent\u00e3o voc\u00ea deve compreender a Voz da Revela\u00e7\u00e3o.<\/p>\n<p>Um mal-entendido aqui poderia ser muito prejudicial e perigoso.<\/p>\n<p>Porque voc\u00ea ouvir\u00e1 v\u00e1rias vozes, mas voc\u00ea n\u00e3o saber\u00e1 ao que escutar.<\/p>\n<p>Sem o Conhecimento mais profundo dentro de voc\u00ea, que Deus colocou ali para lhe guiar, como voc\u00ea pode distinguir a diferen\u00e7a?<\/p>\n<p>E se voc\u00ea n\u00e3o pode responder \u00e0 Revela\u00e7\u00e3o de Deus, como voc\u00ea responder\u00e1 \u00e0 verdade em alguma coisa?<\/p>\n<p>T\u00e3o limitado por cren\u00e7a e presun\u00e7\u00e3o, como voc\u00ea pode ouvir a verdade em alguma coisa?<\/p>\n<p>\u00c9 um grande teste e um grande testemunho, um grande desafio para o ouvinte.<\/p>\n<p>Mas n\u00e3o \u00e9 somente um desafio. \u00c9 uma chamada para despertar e para se preparar.<\/p>\n<p>Porque voc\u00eas est\u00e3o enfrentando um futuro arriscado, um futuro perigoso \u2013 uma passagem perigosa e dif\u00edcil para a Comunidade Maior, uma passagem perigosa e dif\u00edcil para um novo mundo, um mundo de recursos cada vez mais reduzidos e de perturba\u00e7\u00f5es pol\u00edticas e econ\u00f4micas cada vez maiores.<\/p>\n<p>N\u00e3o \u00e9 um tempo para teorias da antiguidade. Nem mesmo \u00e9 um tempo para religi\u00f5es da antiguidade falarem sobre estas coisas, sem a b\u00ean\u00e7\u00e3o e a orienta\u00e7\u00e3o do Criador.<\/p>\n<p>Deus falou novamente, e ningu\u00e9m no mundo pode alegar que Deus n\u00e3o pode falar novamente, e se eles fizerem assim, \u00e9 a ignor\u00e2ncia deles e a arrog\u00e2ncia deles que os faz falar disto.<\/p>\n<p>At\u00e9 mesmo os Mensageiros de Deus n\u00e3o podem determinar o que Deus far\u00e1 em seguida.<\/p>\n<p>At\u00e9 mesmo as Hostes Ang\u00e9licas n\u00e3o podem determinar o que Deus far\u00e1 em seguida.<\/p>\n<p>Dentro do tempo, este \u00e9 o caso. Fora do tempo, \u00e9 um assunto totalmente diferente, e estes problemas n\u00e3o s\u00e3o uma preocupa\u00e7\u00e3o.<\/p>\n<p>N\u00f3s somos a ponte entre a realidade de tempo e espa\u00e7o, e a realidade al\u00e9m do tempo e espa\u00e7o \u2013 duas realidades que s\u00e3o t\u00e3o diferentes.<\/p>\n<p>Voc\u00ea n\u00e3o pode imaginar esta Realidade Maior porque a sua imagina\u00e7\u00e3o s\u00f3 pode lidar com imagens e pensamentos deste mundo.<\/p>\n<p>\u00c9 por isto que o conceito que a humanidade tem do Para\u00edso ou C\u00e9u, \u00e9 completamente arranjado por imagens mundanas e preocupa\u00e7\u00f5es mundanas.<\/p>\n<p>Mas a realidade \u00e9 completamente diferente e al\u00e9m de tudo isto.<\/p>\n<p>Por\u00e9m esta n\u00e3o \u00e9 a sua preocupa\u00e7\u00e3o, porque voc\u00ea n\u00e3o foi enviado ao mundo para sonhar com o C\u00e9u.<\/p>\n<p>Voc\u00ea foi enviado ao mundo para estar a servi\u00e7o do mundo, para estar a servi\u00e7o agora de um mundo novo, um mundo em mudan\u00e7a, um mundo desafiador, e ainda um mundo que tem o poder para suscitar uma coopera\u00e7\u00e3o humana maior e para invocar um Conhecimento maior que cada pessoa carrega dentro de si.<\/p>\n<p>A Nova Revela\u00e7\u00e3o deve suscitar este Conhecimento.<\/p>\n<p>N\u00e3o \u00e9 um tempo para se acreditar em um grande l\u00edder, um emancipador, um salvador.<\/p>\n<p>A humanidade ter\u00e1 que salvar a si mesma agora.<\/p>\n<p>Um indiv\u00edduo somente iria polarizar a popula\u00e7\u00e3o, gerando um conflito humano maior, preparando o terreno para uma guerra contra os crentes e os n\u00e3o crentes.<\/p>\n<p>N\u00e3o, o chamado deve ser para o indiv\u00edduo agora, porque o mundo precisar\u00e1 de muitos salvadores, muitos indiv\u00edduos dirigidos e inspirados, ou a civiliza\u00e7\u00e3o humana poder\u00e1 falhar, e esta falha poderia ser a coisa mais terr\u00edvel que poderia acontecer \u00e0 fam\u00edlia humana.<\/p>\n<p>Voc\u00eas certamente cairiam sob o dom\u00ednio de poderes estrangeiros no universo.<\/p>\n<p>Tais poderes est\u00e3o observando voc\u00eas, escutando voc\u00eas, planejando conduzir as atividades deles atrav\u00e9s de meios desonestos e sutis.<\/p>\n<p>\u00c9 um momento perigoso, mas para voc\u00ea \u00e9 a hora certa de se estar no mundo, porque \u00e9 por isto que voc\u00ea veio \u2013 n\u00e3o para se esconder em fantasia, n\u00e3o para se enriquecer, n\u00e3o para fingir ser algo que voc\u00ea n\u00e3o \u00e9, n\u00e3o para viver uma vida de evasivas e irresponsabilidade, mas estar no mundo para estar a servi\u00e7o do mundo neste momento, n\u00e3o somente para atender as necessidades atuais da vida, mas para se preparar para o futuro em si.<\/p>\n<p>Somente o Conhecimento dentro de voc\u00ea, a intelig\u00eancia maior, sabe destas coisas, e ele deve lhe guiar nestes assuntos. Voc\u00ea deve aprender a ceder \u00e0 ele e a distingu\u00ed-lo de todas as outras vozes em sua mente e de todas as influ\u00eancias que impelem voc\u00ea do mundo ao seu redor.<\/p>\n<p>Para isto, aprender sobre a Voz da Revela\u00e7\u00e3o seria muito importante.<\/p>\n<p>E \u00e9 por isto que isto est\u00e1 sendo compartilhado com voc\u00ea.<\/p>\n<p>\u00c9 por isto que est\u00e1 sendo ensinado pela primeira vez em seu mundo emergente.<\/p>\n<p>Apesar da longa exist\u00eancia da humanidade neste mundo, voc\u00eas s\u00e3o uma ra\u00e7a jovem \u2013 imatura, incauta e n\u00e3o desconfiada.<\/p>\n<p>Voc\u00eas t\u00eam muitas grandes qualidades .<\/p>\n<p>Voc\u00eas mantiveram vivas a espiritualidade e a criatividade no mundo, aonde elas morreram em tantos outros mundos \u2013 mundos avan\u00e7ados tecnologicamente que s\u00e3o est\u00e9reis e seculares, onde a liberdade individual \u00e9 desconhecida.<\/p>\n<p>Voc\u00eas t\u00eam grande promessa. Mas voc\u00eas t\u00eam grandes problemas, e voc\u00eas t\u00eam algumas defici\u00eancias tamb\u00e9m \u2013 a tend\u00eancia para a nega\u00e7\u00e3o humana. E o seu tribalismo que lhes serviu no passado, pode ceg\u00e1-los agora.<\/p>\n<p>A Nova Revela\u00e7\u00e3o est\u00e1 convidando voc\u00ea a responder ao Conhecimento dentro de voc\u00ea e a escutar \u00e0 Voz da Revela\u00e7\u00e3o.<\/p>\n<p>Voc\u00ea ter\u00e1 muitas perguntas, naturalmente.<\/p>\n<p>Voc\u00ea pode ter medos e suspeitas.<\/p>\n<p>Voc\u00ea pode ter grandes d\u00favidas.<\/p>\n<p>Tudo isto \u00e9 de se esperar.<\/p>\n<p>Mas o desafio para voc\u00ea \u00e9, voc\u00ea pode responder \u00e0 Nova Revela\u00e7\u00e3o?<\/p>\n<p>Voc\u00ea pode ouvir a Voz da Revela\u00e7\u00e3o?<\/p>\n<p>Voc\u00ea pode ter a humildade e a responsabilidade para ver que voc\u00ea est\u00e1 vivendo em um tempo de Revela\u00e7\u00e3o, e o que isto pode significar para voc\u00ea?<\/p>\n<p>Qual \u00e9 a sua responsabilidade neste assunto?<\/p>\n<p>O que este chamado significa para voc\u00ea?<\/p>\n<p>N\u00e3o se preocupe com outras pessoas se o chamado \u00e9 para voc\u00ea.<\/p>\n<p>Isto \u00e9 entre voc\u00ea e Deus, entre voc\u00ea e N\u00f3s.<\/p>\n<p>N\u00f3s somos a \u00fanica Presen\u00e7a Ang\u00e9lica vigiando o mundo.<\/p>\n<p>Escolha outras vozes e voc\u00ea ir\u00e1 escolher vozes da Comunidade Maior, que v\u00e3o tirar proveito das suposi\u00e7\u00f5es religiosas da humanidade.<\/p>\n<p>Eles podem projetar vozes para o mundo tamb\u00e9m.<\/p>\n<p>Como voc\u00ea saber\u00e1 a diferen\u00e7a?<\/p>\n<p>Como voc\u00ea vai diferenciar o que \u00e9 verdadeiro daquilo que \u00e9 falso, o que \u00e9 bom daquilo que somente parece bom?<\/p>\n<p>O desafio est\u00e1 sobre o ouvinte.<\/p>\n<p>Deus est\u00e1 sendo real com voc\u00ea. Voc\u00ea pode ser real com Deus?<\/p>\n<p>Deus est\u00e1 sendo honesto com voc\u00ea. Voc\u00ea pode ser honesto com Deus?<\/p>\n<p>Deus est\u00e1 lhe servindo e auxiliando de maneiras que voc\u00ea n\u00e3o pode servir a si mesmo.<\/p>\n<p>Voc\u00ea pode aceitar isto e seguir a prepara\u00e7\u00e3o que Deus est\u00e1 dando para salvar a humanidade?<\/p>\n<p>O fardo est\u00e1 sobre o ouvinte.<\/p>\n<p>A prova est\u00e1 na natureza de sua resposta.<\/p>\n<p>A prova est\u00e1 no que ela demandar em voc\u00ea e a sua resson\u00e2ncia com a verdade da Revela\u00e7\u00e3o.<\/p>\n<p>Deus fala a verdade atrav\u00e9s da Presen\u00e7a Ang\u00e9lica.<\/p>\n<p>Voc\u00ea pode ouvir isto, sentir isto e responder \u00e0 isto?<\/p>\n<p>Ou a sua mente est\u00e1 t\u00e3o fixada, t\u00e3o limitada em suas cren\u00e7as, medos e suspeitas que ela n\u00e3o pode ouvir, ela n\u00e3o pode responder?<\/p>\n<p>Todos os grandes Mensageiros que foram enviados ao mundo em momentos grandes e decisivos para a humanidade, eles tiveram que enfrentar essa incapacidade dos outros de responder.<\/p>\n<p>Eles foram perseguidos por isto.<\/p>\n<p>\u00c9 isto quem voc\u00ea \u00e9?<\/p>\n<p>Voc\u00ea ser\u00e1 o perseguidor do Mensageiro, um negador da Revela\u00e7\u00e3o?<\/p>\n<p>Em caso afirmativo, voc\u00ea n\u00e3o estar\u00e1 sozinho, mas voc\u00ea ter\u00e1 falhado no teste, entende?<\/p>\n<p>Voc\u00ea ter\u00e1 desapontado o Criador.<\/p>\n<p>O Criador n\u00e3o vai lhe punir, mas voc\u00ea n\u00e3o poder\u00e1 receber as b\u00ean\u00e7\u00e3os, a orienta\u00e7\u00e3o e o poder da Nova Revela\u00e7\u00e3o.<\/p>\n<p>A grande capacita\u00e7\u00e3o ser\u00e1 dada a outras pessoas, e voc\u00ea n\u00e3o poder\u00e1 receber.<\/p>\n<p>Isto seria uma tremenda trag\u00e9dia para a sua vida.<\/p>\n<p>E seria tamb\u00e9m uma trag\u00e9dia para o mundo, porque um n\u00famero suficiente de pessoas precisa responder \u00e0 Revela\u00e7\u00e3o para ela ter for\u00e7a e ser eficaz no mundo, para dar \u00e0 humanidade um encorajamento maior, uma for\u00e7a e responsabilidade maiores, uma maior presta\u00e7\u00e3o de contas de uns para com os outros, uma maior coopera\u00e7\u00e3o entre na\u00e7\u00f5es, que precisam agora se unir para preservar o mundo e para se preparar para a Comunidade Maior em si.<\/p>\n<p>Tudo se baseia na resposta do indiv\u00edduo.<\/p>\n<p>Deus n\u00e3o est\u00e1 falando com os governos do mundo.<\/p>\n<p>N\u00e3o est\u00e1 falando exclusivamente com os ricos ou os privilegiados ou grupos secretos.<\/p>\n<p>Est\u00e1 falando com as pessoas.<\/p>\n<p>Est\u00e1 falando com voc\u00ea.<\/p>\n<p>Se as pessoas n\u00e3o puderem responder, o que pode um governo fazer?<\/p>\n<p>E se as pessoas responderem, o governo finalmente ter\u00e1 que mudar e responder \u00e0 isto.<\/p>\n<p>Voc\u00ea est\u00e1 ouvindo a Voz da Revela\u00e7\u00e3o.<\/p>\n<p>\u00c9 a Voz de muitos.<\/p>\n<p>\u00c9 a Voz de sabedoria e Conhecimento em uma escala que voc\u00ea n\u00e3o pode imaginar.<\/p>\n<p>O milagre estar\u00e1 na natureza de sua resposta.<\/p>\n<p>Podem os separados ser alcan\u00e7ados pelo Criador de toda a vida, ou eles ir\u00e3o permanecer na escurid\u00e3o da Separa\u00e7\u00e3o, com somente seus medos, desejos e suposi\u00e7\u00f5es para gui\u00e1-los?<\/p>\n<p>Ou eles ir\u00e3o responder e ser inflamados, habilitando eles a relembrar  as responsabilidades maiores que eles t\u00eam para estarem no mundo, dando a eles a coragem e a determina\u00e7\u00e3o para seguir um caminho muito diferente na vida?<\/p>\n<p>Eles ser\u00e3o capazes de receber o Conhecimento e sabedoria do universo, a fim de preparar a humanidade para o universo?<\/p>\n<p>Eles ser\u00e3o capazes de responder \u00e0 Revela\u00e7\u00e3o de Deus?<\/p>\n<p>\u00c9 isto!<\/p>\n<p>N\u00e3o haver\u00e1 outra.<\/p>\n<p>N\u00e3o haver\u00e1 outra.<\/p>\n<p>Esta \u00e9 a Revela\u00e7\u00e3o para este tempo e para os tempos por vir.<\/p>\n<p>Deus est\u00e1 enviando somente uma Revela\u00e7\u00e3o ao mundo.<\/p>\n<p>Qualquer outra revela\u00e7\u00e3o ou \u00e9 uma inven\u00e7\u00e3o humana ou \u00e9 uma manipula\u00e7\u00e3o daquelas ra\u00e7as que est\u00e3o intervindo no mundo hoje.<\/p>\n<p>Voc\u00ea n\u00e3o pode vir \u00e0 Deus segundo as suas condi\u00e7\u00f5es.<\/p>\n<p>Voc\u00ea n\u00e3o pode determinar a natureza e as regras do jogo.<\/p>\n<p>Voc\u00ea somente pode vir \u00e0 Deus segundo as condi\u00e7\u00f5es de Deus, e Deus est\u00e1 estabelecendo as condi\u00e7\u00f5es de tal maneira que as pessoas se tornar\u00e3o mais fortes, mais compassivas, mais poderosas, mais engajadas no mundo e mais cooperativas umas com as outras.<\/p>\n<p>Isso n\u00e3o pode ser do seu jeito.<\/p>\n<p>Precisa ser do jeito de Deus, porque Deus sabe e voc\u00ea n\u00e3o.<\/p>\n<p>Deus v\u00ea o que est\u00e1 vindo atr\u00e1s do horizonte, muito, muito distante ao mar.<\/p>\n<p>Voc\u00ea n\u00e3o v\u00ea estas coisas.<\/p>\n<p>Deus sabe o que \u00e9 o destino humano.<\/p>\n<p>Voc\u00ea n\u00e3o sabe o que \u00e9 o destino humano.<\/p>\n<p>Deus sabe porque voc\u00ea est\u00e1 no mundo e quem voc\u00ea precisa encontrar e onde voc\u00ea deve ir.<\/p>\n<p>Voc\u00ea n\u00e3o consegue ver isto, porque voc\u00ea s\u00f3 pode estar onde voc\u00ea est\u00e1.<\/p>\n<p>Voc\u00ea n\u00e3o pode compreender intelectualmente a Voz da Revela\u00e7\u00e3o.<\/p>\n<p>Isto n\u00e3o produzir\u00e1 reconhecimento real.<\/p>\n<p>O reconhecimento acontece em um n\u00edvel mais profundo, abaixo da superf\u00edcie da mente, no n\u00edvel de seu cora\u00e7\u00e3o e consci\u00eancia mais profunda \u2013 n\u00e3o da sua consci\u00eancia social, mas da consci\u00eancia que Deus criou, que lhe habilita a responder \u00e0 verdade e a ganhar imunidade contra aquilo que \u00e9 falso.<\/p>\n<p>Voc\u00ea s\u00f3 pode conhecer a N\u00f3s e ouvir a N\u00f3s com o seu cora\u00e7\u00e3o.<\/p>\n<p>Voc\u00ea s\u00f3 pode conhecer e apreciar o Mensageiro com o seu cora\u00e7\u00e3o.<\/p>\n<p>Pode ser confuso para a sua mente.<\/p>\n<p>Pode desafiar as suas cren\u00e7as e suposi\u00e7\u00f5es.<\/p>\n<p>Pode requerer que voc\u00ea reconsidere as suas religi\u00f5es, a sua filosofia, seja em qualquer medida que voc\u00ea tenha estas coisas. Mas a resposta est\u00e1 em um n\u00edvel mais profundo.<\/p>\n<p>Deus restaura e salva os separados atrav\u00e9s do Conhecimento.<\/p>\n<p>Se voc\u00ea pudesse entender isto, faria toda a diferen\u00e7a para voc\u00ea.<\/p>\n<p>Se voc\u00ea pudesse ouvir as Nossas Vozes, que \u00e9 uma Voz, isto faria toda a diferen\u00e7a para voc\u00ea e para o seu mundo.<\/p>\n","protected":false},"excerpt":{"rendered":"<p>A Voz que voc\u00ea est\u00e1 ouvindo n\u00e3o \u00e9 de um indiv\u00edduo, mas das Hostes Ang\u00e9licas juntas, falando todas juntas, com uma Voz. Ela est\u00e1 passando atrav\u00e9s de um indiv\u00edduo, sim, mas em um n\u00edvel mais elevado a individualidade \u00e9 inteiramente diferente. De modo t\u00e3o diferente de como \u00e9 em seu mundo. \u00c9 por isto que\u2026 <a class=\"read-more\" href=\"https:\/\/www.v6.newmessage.org\/pt\/a-mensagem\/volume-1\/a-religiao-pura\/voz-da-revelacao\"><span>Read More<\/span><\/a><\/p>\n","protected":false},"author":1,"featured_media":0,"parent":16492,"menu_order":9,"comment_status":"closed","ping_status":"closed","template":"template-leftsidebar.php","meta":{"_monsterinsights_skip_tracking":false,"_monsterinsights_sitenote_active":false,"_monsterinsights_sitenote_note":"","_monsterinsights_sitenote_category":0,"footnotes":""},"categories":[76,118,30,466,460],"tags":[127,248,349,404,405],"_links":{"self":[{"href":"https:\/\/www.v6.newmessage.org\/pt\/wp-json\/wp\/v2\/pages\/647"}],"collection":[{"href":"https:\/\/www.v6.newmessage.org\/pt\/wp-json\/wp\/v2\/pages"}],"about":[{"href":"https:\/\/www.v6.newmessage.org\/pt\/wp-json\/wp\/v2\/types\/page"}],"author":[{"embeddable":true,"href":"https:\/\/www.v6.newmessage.org\/pt\/wp-json\/wp\/v2\/users\/1"}],"replies":[{"embeddable":true,"href":"https:\/\/www.v6.newmessage.org\/pt\/wp-json\/wp\/v2\/comments?post=647"}],"version-history":[{"count":16,"href":"https:\/\/www.v6.newmessage.org\/pt\/wp-json\/wp\/v2\/pages\/647\/revisions"}],"predecessor-version":[{"id":26896,"href":"https:\/\/www.v6.newmessage.org\/pt\/wp-json\/wp\/v2\/pages\/647\/revisions\/26896"}],"up":[{"embeddable":true,"href":"https:\/\/www.v6.newmessage.org\/pt\/wp-json\/wp\/v2\/pages\/16492"}],"wp:attachment":[{"href":"https:\/\/www.v6.newmessage.org\/pt\/wp-json\/wp\/v2\/media?parent=647"}],"wp:term":[{"taxonomy":"category","embeddable":true,"href":"https:\/\/www.v6.newmessage.org\/pt\/wp-json\/wp\/v2\/categories?post=647"},{"taxonomy":"post_tag","embeddable":true,"href":"https:\/\/www.v6.newmessage.org\/pt\/wp-json\/wp\/v2\/tags?post=647"}],"curies":[{"name":"wp","href":"https:\/\/api.w.org\/{rel}","templated":true}]}}