{"id":548,"date":"2011-10-21T12:29:33","date_gmt":"2011-10-21T19:29:33","guid":{"rendered":"http:\/\/wp.www.newmessage.org\/?p=548"},"modified":"2017-01-06T01:13:16","modified_gmt":"2017-01-06T01:13:16","slug":"o-fardo-do-mensageiro","status":"publish","type":"page","link":"https:\/\/www.v6.newmessage.org\/pt\/a-mensagem\/outras-revelacoes\/o-fardo-do-mensageiro","title":{"rendered":"O fardo do Mensageiro"},"content":{"rendered":"\n<div class=\"tabgroup \"><ul class=\"tabs\"><li><a href=\"#tabs-1\">Sobre<\/a><\/li>\n<li><a href=\"#tabs-2\">Mais<\/a><\/li><\/ul>\n <div id=\"tabs-1\"><\/p>\n<p><em>Assim como revelado a<br \/>\nMarshall Vian Summers<br \/>\nem 5 de abril de 2011<br \/>\nem Boulder, Colorado, EUA.<\/em><\/p>\n<p><\/div>\n<div id=\"tabs-2\"><br \/>\n<\/div>\n\t\t\t\t<div align=\"right\">\n\t\t\t<div class=\"fb-like\" data-href=\"\" data-layout=\"button_count\" data-action=\"like\" data-show-faces=\"false\" data-share=\"false\"><\/div>\n\t\t\t<div class=\"fb-share-button\" data-layout=\"button_count\"> <\/div>\n\t\t\t<div class=\"fb_iframe_widget\"><a href=\"https:\/\/twitter.com\/godsnewmessage?ref_src=twsrc%5Etfw\" class=\"twitter-follow-button\" data-show-count=\"false\">Follow @godsnewmessage<\/a><script async src=\"https:\/\/platform.twitter.com\/widgets.js\" charset=\"utf-8\"><\/script><\/div>\n\t\t\t<\/div> <\/div> \n\n<p>Deus enviou uma Nova Mensagem ao mundo. Porque a humanidade est\u00e1 entrando em uma nova era, uma era dif\u00edcil, uma era de grande mudan\u00e7a ambiental e de grande instabilidade pol\u00edtica e econ\u00f4mica. A humanidade est\u00e1 enfrentando competi\u00e7\u00e3o de ra\u00e7as no universo que est\u00e3o no mundo para tirar vantagem do conflito humano para seus pr\u00f3prios prop\u00f3sitos.<\/p>\n<p>\u00c9 um limiar que vai determinar o destino e o futuro da civiliza\u00e7\u00e3o humana. O desafio ser\u00e1 imenso, mas tamb\u00e9m imenso ser\u00e1 o chamado para as pessoas cooperarem para a engenhosidade, a criatividade e a unidade humanas.<\/p>\n<p>\u00c9 uma \u00e9poca sem precedentes. \u00c9 uma \u00e9poca de Revela\u00e7\u00e3o.<\/p>\n<p>As Revela\u00e7\u00f5es pr\u00e9vias de Deus n\u00e3o podem preparar a humanidade para o que ela ter\u00e1 que enfrentar agora. Ent\u00e3o Deus falou novamente para a fam\u00edlia humana, enviando uma Nova Revela\u00e7\u00e3o ao mundo. Esta \u00e9 a Revela\u00e7\u00e3o.<\/p>\n<p>Um Mensageiro foi enviado aqui para receber a Nova Revela\u00e7\u00e3o, para lev\u00e1-la adiante ao mundo e para construir a sua comunidade essencial para que a sua pureza e efic\u00e1cia possam ser asseguradas.<\/p>\n<p>A Revela\u00e7\u00e3o \u00e9 maior do que qualquer coisa que jamais foi dada \u00e0 humanidade antes. Ela inclui seu pr\u00f3prio coment\u00e1rio. Ela n\u00e3o somente lhe d\u00e1 a verdade maior. Ela lhe diz o que ela significa, e como ela pode ser expressa e aplicada.<\/p>\n<p>A Revela\u00e7\u00e3o n\u00e3o ser\u00e1 deixada a cargo de indiv\u00edduos, n\u00e3o importa qu\u00e3o bem intencionados, para determinar o seu significado e o seu valor aqui na Terra. Naturalmente no passado, isso levou tanto a sabedoria quanto a erro.<\/p>\n<p>A Revela\u00e7\u00e3o agora \u00e9 de import\u00e2ncia cr\u00edtica demais, para ser deixada a cargo da compreens\u00e3o e inven\u00e7\u00e3o humanas.<\/p>\n<p>\u00c9 por isto que Mensageiro est\u00e1 aqui. \u00c9 por isto que a Nova Mensagem cont\u00e9m o seu pr\u00f3prio coment\u00e1rio e ensinamentos \u2013 mil ensinamentos para um mundo em mudan\u00e7a.<\/p>\n<p>O Mensageiro est\u00e1 levando um grande fardo. Ele passou d\u00e9cadas recebendo algo de imensa magnitude, um novo limiar de consci\u00eancia e entendimento para a fam\u00edlia humana.<\/p>\n<p>Ele trouxe sabedoria e Conhecimento do universo para aqui, a fim que a humanidade possa vir a estar preparada para o seu encontro com vida al\u00e9m de suas fronteiras.<\/p>\n<p>Ele trouxe uma Nova Revela\u00e7\u00e3o sobre Deus e a Cria\u00e7\u00e3o. Ele trouxe uma nova compreens\u00e3o sobre os relacionamentos humanos, e sobre a natureza e o prop\u00f3sito da espiritualidade humana.<\/p>\n<p>Ele est\u00e1 dando origem a uma Revela\u00e7\u00e3o que \u00e9 intocada pelo mundo, que tem estado inalterada pelo mundo. Ele est\u00e1 permitindo que as pessoas ou\u00e7am a Voz que falou a ele para que a pr\u00f3pria Mensagem possa ser muito clara.<\/p>\n<p>Ela \u00e9 uma Revela\u00e7\u00e3o distinta de qualquer coisa que j\u00e1 foi dada \u00e0 humanidade antes. Ela n\u00e3o \u00e9 meramente um coment\u00e1rio cont\u00ednuo sobre a espiritualidade humana. Ela n\u00e3o \u00e9 meramente um refinamento do que foi dado antes. Ela n\u00e3o \u00e9 uma rea\u00e7\u00e3o \u00e0s religi\u00f5es ou \u00e0s institui\u00e7\u00f5es religiosas.<\/p>\n<p>Ela \u00e9 um novo limiar para a humanidade. Porque voc\u00eas est\u00e3o emergindo em uma Comunidade Maior de vida agora, e voc\u00eas precisam aprender sobre esta Comunidade Maior, o que vai redefinir o seu entendimento sobre Divinidade, prop\u00f3sito e sentido na vida.<\/p>\n<p>A humanidade est\u00e1 entrando em um mundo mais dif\u00edcil, um novo mundo de instabilidade ambiental com o grande risco de conflito e guerra humanos.<\/p>\n<p>Voc\u00eas est\u00e3o funcionando agora em uma escala planet\u00e1ria, envolvendo todo mundo. N\u00e3o \u00e9 meramente um problema para uma na\u00e7\u00e3o, ou uma tribo ou um grupo.<\/p>\n<p>N\u00f3s falamos com a autoridade do Criador, e o Mensageiro deve falar com a autoridade do Criador.<\/p>\n<p>Far\u00e3o mal ju\u00edzo dele. Ele ser\u00e1 difamado. Ele ser\u00e1 negado. Porque isto sempre acontece na \u00e9poca de Revela\u00e7\u00e3o.<\/p>\n<p>Contudo ele \u00e9 um homem humilde. Ele est\u00e1 sem ambi\u00e7\u00e3o ou engano. De certo modo, ele \u00e9 bom demais para o mundo, mas a sua bondade \u00e9 necess\u00e1ria para representar a Revela\u00e7\u00e3o.<\/p>\n<p>\u00c9 um grande fardo para ele, e para comunicar algo desta magnitude se requer habilidade, clareza e determina\u00e7\u00e3o de sua parte, e da parte das numerosas pessoas que v\u00e3o testemunh\u00e1-lo no in\u00edcio de seu minist\u00e9rio maior.<\/p>\n<p>A Revela\u00e7\u00e3o n\u00e3o atende \u00e0s expectativas das pessoas. Ela n\u00e3o \u00e9 um cumprimento do passado. Ela n\u00e3o \u00e9 limitada ao entendimento humano, \u00e0s conven\u00e7\u00f5es humanas ou at\u00e9 mesmo ao entendimento teol\u00f3gico humano.<\/p>\n<p>Tudo isto o Mensageiro deve comunicar. V\u00e3o lhe fazer perguntas tolas. V\u00e3o lhe fazer perguntas maliciosas. D\u00favida,  culpa e associa\u00e7\u00f5es terr\u00edveis ser\u00e3o lan\u00e7adas sobre ele pelos insensatos e ignorantes.<\/p>\n<p>As pessoas se sentir\u00e3o amea\u00e7adas pelas suas declara\u00e7\u00f5es, n\u00e3o porque as declara\u00e7\u00f5es est\u00e3o incorretas, mas porque elas s\u00e3o relutantes ou incapazes de re-examinar as suas pr\u00f3prias id\u00e9ias. Elas n\u00e3o podem responder \u00e0 Nova Revela\u00e7\u00e3o. Elas n\u00e3o podem aceitar que Deus falou novamente. Elas t\u00eam medo demais e investimentos demais no passado, para serem capazes de reconsiderar suas cren\u00e7as, suas id\u00e9ias e suas associa\u00e7\u00f5es.<\/p>\n<p>Contudo existem muitas mentes no mundo que est\u00e3o abertas. Existem muitas pessoas que est\u00e3o procurando pela Nova Revela\u00e7\u00e3o. Seria a maior vantagem se elas pudessem saber do Mensageiro durante a vida dele. Ele \u00e9 um homem mais velho agora. Ele n\u00e3o tem muitos anos. Ent\u00e3o \u00e9 uma grande b\u00ean\u00e7\u00e3o encontrar-se com ele, saber dele e ouv\u00ed-lo falar, mesmo se voc\u00ea n\u00e3o puder estar com ele em pessoa.<\/p>\n<p>Pela primeira vez, a Revela\u00e7\u00e3o est\u00e1 sendo gravada acuradamente e completamente na \u00e9poca do Mensageiro. Isto n\u00e3o \u00e9 algo que ser\u00e1 formulado depois do Mensageiro ter ido embora, e lan\u00e7ado em um entendimento religioso por pessoas que na verdade n\u00e3o possuem o entendimento religioso.<\/p>\n<p>\u00c9 por isto que a Revela\u00e7\u00e3o tem levado tanto tempo. Ela est\u00e1 sendo entregue com grande cuidado. Ela est\u00e1 dando seu pr\u00f3prio coment\u00e1rio para limitar o grande risco de m\u00e1 compreens\u00e3o e m\u00e1 aplica\u00e7\u00e3o.<\/p>\n<p>O Mensageiro recebeu sabedoria e Conhecimento do universo, o que a humanidade ir\u00e1 precisar para enfrentar as suas dificuldades aqui na Terra e para enfrentar o imenso desafio de lidar com um universo n\u00e3o-humano, um universo competitivo, um universo sobre o qual a humanidade n\u00e3o sabe nada.<\/p>\n<p>O Mensageiro tem que falar da realidade e da espiritualidade desta Comunidade Maior de vida, pelo menos em termos gerais para que as pessoas possam entender com o que elas est\u00e3o lidando \u2013 as vantagens que a humanidade possui e as suas desvantagens tamb\u00e9m.<\/p>\n<p>O Mensageiro falar\u00e1 de coisas para o presente e para o futuro. Ele vai dar respostas para perguntas que ainda nem foram levantadas. Ele falar\u00e1 \u00e0s necessidades das pessoas no futuro, bem como das pessoas de hoje, porque a Revela\u00e7\u00e3o n\u00e3o \u00e9 somente para este tempo, mas para os tempos por vir.<\/p>\n<p>O Mensageiro tem uma esposa e filho devotos e um pequeno grupo de indiv\u00edduos que s\u00e3o compromissados e dedicados a ajud\u00e1-lo trazer a Nova Revela\u00e7\u00e3o de Deus ao mundo.<\/p>\n<p>Aqueles que s\u00e3o chamados a serem os primeiros respondentes em muitas na\u00e7\u00f5es e de muitas culturas, eles ter\u00e3o que testemunhar do Mensageiro porque eles est\u00e3o vivendo na \u00e9poca de Revela\u00e7\u00e3o e na \u00e9poca do Mensageiro.<\/p>\n<p>Muitas pessoas v\u00e3o querer muitas coisas do Mensageiro. Elas v\u00e3o querer que ele fa\u00e7a milagres, e que seja um curandeiro, e que tenha respostas para todos os problemas pol\u00edticos e sociais no mundo de hoje. Elas v\u00e3o querer que ele seja puro e imaculado possivelmente. Elas v\u00e3o querer que ele esteja presente \u00e0s suas necessidades. Elas v\u00e3o achar que ele deveria ser muitas coisas diferentes.<\/p>\n<p>Isto sempre confronta o Mensageiro trazendo uma Revela\u00e7\u00e3o, n\u00e3o somente para os tempos nos quais ela \u00e9 introduzida, mas para o futuro tamb\u00e9m.<\/p>\n<p>O Mensageiro ter\u00e1 que desapontar muitas destas expectativas, porque ele n\u00e3o pode ser todas as coisas para todas as pessoas. Ele n\u00e3o pode atender \u00e0s expectativas morais que muitas pessoas v\u00e3o ter. Porque elas n\u00e3o compreendem o Mensageiro. Elas n\u00e3o entendem os meios de Revela\u00e7\u00e3o.<\/p>\n<p>Muitas pessoas resistir\u00e3o ao Mensageiro porque elas n\u00e3o querem enfrentar o fato de que tal indiv\u00edduo est\u00e1 em sua presen\u00e7a, e o que isto possa significar para elas, e que tipo de responsabilidade isto possa provocar. Elas v\u00e3o dizer, \u201cAh, existem muitos mensageiros e muitos profetas e muitos ensinamentos. N\u00e3o pode ser s\u00f3 uma pessoa\u201d. As pessoas podem ficar indignadas sobre esta quest\u00e3o.<\/p>\n<p>Al\u00e9m disso, \u00e9 claro, existem muitas pessoas que acreditam que um novo profeta n\u00e3o pode vir ao mundo, que Deus j\u00e1 disse s\u00e9culos atr\u00e1s tudo o que Deus jamais vai dizer \u00e0 humanidade. Deus n\u00e3o tem mais nada a dizer para a humanidade. Deus n\u00e3o se importa mais. Deus deu as prescri\u00e7\u00f5es s\u00e9culos atr\u00e1s e isto \u00e9 suficiente para todo o sempre e sempre.<\/p>\n<p>Mas ningu\u00e9m pode dizer, at\u00e9 mesmo os Mensageiros de Deus n\u00e3o podem dizer, o que Deus ir\u00e1 fazer em seguida. Ningu\u00e9m pode afirmar honestamente que uma Nova Revela\u00e7\u00e3o n\u00e3o pode ser dada ao mundo, porque esta \u00e9 uma posi\u00e7\u00e3o de ignor\u00e2ncia e arrog\u00e2ncia. At\u00e9 mesmo os Mensageiros anteriores de Deus n\u00e3o podem fazer estas alega\u00e7\u00f5es.<\/p>\n<p>Ent\u00e3o as pessoas ter\u00e3o que encarar a realidade e o significado da Nova Revela\u00e7\u00e3o. Elas ter\u00e3o que encarar a sua resposta ao Mensageiro. Elas ter\u00e3o que encarar as consequ\u00eancias de serem bem sucedidas ou falharem neste encontro. Ser\u00e1 um grande teste, um teste de integridade, de honestidade, de clareza e de sabedoria.<\/p>\n<p>Se voc\u00ea for realmente honesto consigo mesmo, ent\u00e3o voc\u00ea vai perceber que voc\u00ea n\u00e3o pode dizer o que Deus vai ou n\u00e3o vai fazer. Voc\u00ea n\u00e3o pode alegar que a sua religi\u00e3o \u00e9 a \u00fanica religi\u00e3o, ou a grande religi\u00e3o, ou a \u00faltima religi\u00e3o, ou a religi\u00e3o final, porque isto \u00e9 alegar que voc\u00ea sabe o Plano e o Prop\u00f3sito de Deus, agora e no futuro; e ningu\u00e9m na Terra, ningu\u00e9m no universo f\u00edsico, pode fazer tal alega\u00e7\u00e3o.<\/p>\n<p>Aqui voc\u00ea come\u00e7a a ver o fardo do Mensageiro. Ele vai apontar para a Revela\u00e7\u00e3o \u2013 a capacita\u00e7\u00e3o dela para o indiv\u00edduo, a dire\u00e7\u00e3o dela para os l\u00edderes das na\u00e7\u00f5es, a sua mensagem de prop\u00f3sito, unidade e urg\u00eancia. Ele vai falar de grandes problemas que as pessoas n\u00e3o querem encarar. As suas palavras ir\u00e3o bater de frente com a nega\u00e7\u00e3o e presun\u00e7\u00e3o humanas.<\/p>\n<p>Contudo o Mensageiro n\u00e3o est\u00e1 aqui para condenar as na\u00e7\u00f5es, e os governos, e as institui\u00e7\u00f5es, mas para prover um esclarecimento do significado e prop\u00f3sito da espiritualidade humana e o que precisa ser feito para se preparar para as Grandes Ondas de mudan\u00e7a que est\u00e3o vindo ao mundo, e para o futuro e destino da humanidade dentro de uma Comunidade Maior de vida no universo.<\/p>\n<p>As coisas que ele vai falar somente podem ser ditas pelo Mensageiro, porque ningu\u00e9m na Terra poderia saber as coisas que ele est\u00e1 falando. Ningu\u00e9m na Terra viveu na Comunidade Maior em tempos recentes.<\/p>\n<p>Muitas pessoas est\u00e3o vendo grande perigo em termos do meio ambiente do mundo e do futuro da civiliza\u00e7\u00e3o, mas ningu\u00e9m tem o quadro completo, veja, porque somente Deus pode prover isto.<\/p>\n<p>Deus tem que se comunicar atrav\u00e9s de um Mensageiro. De outra forma, a Mensagem vai se tornar dividida, e em conflito, e em competi\u00e7\u00e3o, levando a grande confus\u00e3o e desilus\u00e3o.<\/p>\n<p>O Mensageiro est\u00e1 fornecendo um paradigma de entendimento totalmente novo, uma conscientiza\u00e7\u00e3o da Comunidade Maior, uma nova percep\u00e7\u00e3o sobre Deus, a natureza da Presen\u00e7a, da Vontade e influ\u00eancia Divinas no mundo.<\/p>\n<p>Este n\u00e3o \u00e9 um Deus de uma pessoa ou de um mundo. Este \u00e9 um Deus de todos os universos.<\/p>\n<p>Este n\u00e3o \u00e9 uma figura paternal de Deus que est\u00e1 preocupado com os assuntos humanos e todas as particularidades da vida de cada indiv\u00edduo.<\/p>\n<p>Este \u00e9 um Deus que colocou em movimento as for\u00e7as da evolu\u00e7\u00e3o, da mudan\u00e7a geol\u00f3gica e biol\u00f3gica, no in\u00edcio do tempo.<\/p>\n<p>Este \u00e9 um Deus que n\u00e3o vai sentar-se em julgamento e lan\u00e7ar pessoas no fogo do Inferno, porque Deus deu a cada pessoa o poder do Conhecimento. Elas podem afinal responder \u00e0 isto, porque esta \u00e9 a parte delas que nunca deixou Deus, a parte delas que nunca foi separada. \u00c9 o plano de reden\u00e7\u00e3o que muito poucas pessoas no mundo hoje realmente entendem.<\/p>\n<p>O Mensageiro ter\u00e1 que falar destas coisas, algumas das quais s\u00e3o t\u00e3o al\u00e9m do pensamento e entendimento convencionais, coisas que precisam ser respondidas a um n\u00edvel mais profundo \u2013 um n\u00edvel mais profundo de reconhecimento, um n\u00edvel mais profundo de honestidade. Ele n\u00e3o est\u00e1 meramente apresentando teorias ou perspectiva ou id\u00e9ias para serem consideradas e debatidas. Ele est\u00e1 entregando a Revela\u00e7\u00e3o.<\/p>\n<p>Levou d\u00e9cadas para ele receb\u00ea-la, ela \u00e9 t\u00e3o grande. Parte dela ser\u00e1 confusa para as pessoas, \u00e9 t\u00e3o al\u00e9m de suas preocupa\u00e7\u00f5es e entendimento atuais. E ainda a ess\u00eancia disto \u00e9 intr\u00ednseca e natural a cada pessoa, porque ela fala \u00e0 intelig\u00eancia mais profunda dentro de cada pessoa, uma intelig\u00eancia nascida do relacionamento desta pessoa com o Divino.<\/p>\n<p>Isto est\u00e1 al\u00e9m de debates filos\u00f3ficos e de argumentos teol\u00f3gicos. Isto est\u00e1 al\u00e9m de perspectivas nacionais ou de orgulho religioso. Isto est\u00e1 al\u00e9m de tudo que distingue as pessoas umas das outras, e as coloca em contraste e em conflito umas com as outras aqui no mundo.<\/p>\n<p>O Mensageiro apresentar\u00e1 a espiritualidade assim como ela tem sido praticada por ra\u00e7as avan\u00e7adas no universo. Isto n\u00e3o nasceu do entendimento dele mas da Revela\u00e7\u00e3o em si.<\/p>\n<p>O Mensageiro ir\u00e1 falar da Interven\u00e7\u00e3o que est\u00e1 ocorrendo no mundo hoje por pequenos grupos de exploradores e oportunistas estrangeiros que est\u00e3o aqui para tirar vantagem da fraqueza humana e da expectativa humana.<\/p>\n<p>O Mensageiro ir\u00e1 falar dos assuntos da Comunidade Maior, n\u00e3o porque ele pr\u00f3prio esteve l\u00e1, e viajou ao redor, e visitou incont\u00e1veis lugares, mas porque esta \u00e9 a Revela\u00e7\u00e3o.<\/p>\n<p>O Mensageiro ir\u00e1 falar dos relacionamentos de prop\u00f3sito maior. Isto ele tem experimentado e demonstrado em sua vida, mas o que ele vai dizer ser\u00e1 parte da Revela\u00e7\u00e3o. O que ele vai dizer ser\u00e1 parte da Revela\u00e7\u00e3o, porque a Revela\u00e7\u00e3o fala sobre muitas coisas.<\/p>\n<p>Este \u00e9 o fardo do Mensageiro. Isto est\u00e1 dentro dele. Isto tem sido revelado a ele.<\/p>\n<p>O processo de Revela\u00e7\u00e3o n\u00e3o \u00e9 entendido no mundo. As pessoas pensam que os Mensageiros s\u00e3o deuses, ou elas desconsideram eles completamente como sendo meramente professores, oferecendo perspectivas diferentes.<\/p>\n<p>As pessoas querem vir a Deus de acordo com as condi\u00e7\u00f5es delas, mas \u00e9 Deus que define as condi\u00e7\u00f5es de engajamento. Deus estabelece as condi\u00e7\u00f5es da aproxima\u00e7\u00e3o.<\/p>\n<p>Voc\u00ea n\u00e3o sabe o seu caminho at\u00e9 Deus, mas Deus sabe o caminho at\u00e9 voc\u00ea. Voc\u00ea n\u00e3o pode determinar sob quais circunst\u00e2ncias voc\u00ea vai aceitar ou acreditar e receber a Revela\u00e7\u00e3o, porque isto \u00e9 meramente estar cego e arrogante.<\/p>\n<p>Voc\u00ea n\u00e3o sabe o que a Revela\u00e7\u00e3o vai revelar. Ela n\u00e3o est\u00e1 aqui para lhe tornar rico, pregui\u00e7oso e feliz. Ela est\u00e1 aqui para lhe chamar para um servi\u00e7o maior e para lhe preparar para um mundo mais dif\u00edcil e desafiador, um mundo que ir\u00e1 agora envolver fatores e influ\u00eancias nunca antes vistas no mundo, influ\u00eancias do universo ao redor de voc\u00ea.<\/p>\n<p>Todas as pessoas foram enviadas ao mundo para estarem no mundo neste tempo, para enfrentar estas circunst\u00e2ncias grandes e emergentes. Ent\u00e3o alegar que ela  \u00e9 demais para voc\u00ea \u00e9 simplesmente admitir a sua fraqueza e n\u00e3o reconhecer a sua responsabilidade de se preparar.Todo mundo est\u00e1 fraco para come\u00e7ar, naturalmente. Voc\u00ea n\u00e3o se torna forte simplesmente porque voc\u00ea quer. Voc\u00ea se torna forte respondendo \u00e0s exig\u00eancias e \u00e0s circunst\u00e2ncias da vida.<\/p>\n<p>Este \u00e9 o significado da Revela\u00e7\u00e3o. Este \u00e9 o poder da Revela\u00e7\u00e3o. O tempo est\u00e1 correndo e marchando em frente. A humanidade n\u00e3o tem muito tempo para se adaptar a um novo mundo e para se preparar para a Comunidade Maior.<\/p>\n<p>Isto \u00e9 parte do fardo do Mensageiro.<\/p>\n<p>A humanidade n\u00e3o tem d\u00e9cadas e s\u00e9culos para considerar o significado e o valor da Revela\u00e7\u00e3o, porque a sorte e o futuro da humanidade est\u00e1 em um grande ponto decisivo. As decis\u00f5es tomadas hoje determinar\u00e3o o resultado de tant\u00edssimas coisas.<\/p>\n<p>A neglig\u00eancia humana, a irresponsabilidade humana, a nega\u00e7\u00e3o humana \u2013 todas estas coisas garantir\u00e3o um futuro muito mais dif\u00edcil para voc\u00ea, e para os seus filhos, e para as futuras gera\u00e7\u00f5es.<\/p>\n<p>A liberdade e soberania humanas neste mundo est\u00e3o sendo desafiadas. Voc\u00ea n\u00e3o pode supor que voc\u00ea as ter\u00e1 at\u00e9 o futuro sem uma grande prepara\u00e7\u00e3o e a\u00e7\u00e3o determinada.<\/p>\n<p>A liberdade \u00e9 rara no universo. Na\u00e7\u00f5es que s\u00e3o livres t\u00eam que se preparar e t\u00eam que exercitar grande discri\u00e7\u00e3o e discernimento. Todas essas coisas s\u00e3o para a humanidade aprender, para apreciar e para priorizar.<\/p>\n<p>Este \u00e9 o fardo do Mensageiro.<\/p>\n<p>Ele ser\u00e1 limitado pelas limita\u00e7\u00f5es da resposta das pessoas. Ele ser\u00e1 impedido de avan\u00e7ar pela ignor\u00e2ncia de outros. Ele ter\u00e1 que lutar com as proje\u00e7\u00f5es de culpa e condena\u00e7\u00e3o.<\/p>\n<p>Ele ter\u00e1 que seguir sua rota, muito cuidadosamente, com grande cuidado. Tudo que ele diz pode ser lembrado. Tudo que ele faz \u00e9 uma demonstra\u00e7\u00e3o.<\/p>\n<p>Aqueles que s\u00e3o enviados para estar perto dele t\u00eam que se tornar desenvolvidos, instru\u00eddos e fortes, fortes com o poder do Conhecimento, ou eles poderiam tra\u00ed-lo para aquelas for\u00e7as que v\u00e3o buscar minar e frustrar a sua presen\u00e7a no mundo.<\/p>\n<p>Grande responsabilidade cabe a todos que estar\u00e3o pr\u00f3ximos do Mensageiro e todos que receber\u00e3o a Revela\u00e7\u00e3o. Porque voc\u00ea recebe isto n\u00e3o somente para voc\u00ea mesmo, mas tamb\u00e9m para permitir que a Revela\u00e7\u00e3o se mova atrav\u00e9s de voc\u00ea para as outras pessoas.<\/p>\n<p>Ela tem que ser compartilhada de pessoa para pessoa. Isto lhe d\u00e1 a maior efic\u00e1cia. Mas para isto manter a clareza e a integridade da Nova Mensagem, a pureza da Mensagem tem que ser dada e gravada. De outra forma, o seu significado e valor ser\u00e3o perdidos na tradu\u00e7\u00e3o.<\/p>\n<p>Isto \u00e9 parte do fardo do Mensageiro.<\/p>\n<p>Pense sobre essas coisas. Considere estas coisas. E considere as suas responsabilidades em responder \u00e0 Revela\u00e7\u00e3o e em considerar o fato de que voc\u00ea est\u00e1 vivendo na \u00e9poca do Mensageiro.<\/p>\n<p>Pense nessas coisas seriamente agora. \u00c9 de grande import\u00e2ncia para a sua vida, e para o futuro e bem-estar da fam\u00edlia humana.<\/p>\n","protected":false},"excerpt":{"rendered":"<p>Deus enviou uma Nova Mensagem ao mundo. Porque a humanidade est\u00e1 entrando em uma nova era, uma era dif\u00edcil, uma era de grande mudan\u00e7a ambiental e de grande instabilidade pol\u00edtica e econ\u00f4mica. A humanidade est\u00e1 enfrentando competi\u00e7\u00e3o de ra\u00e7as no universo que est\u00e3o no mundo para tirar vantagem do conflito humano para seus pr\u00f3prios prop\u00f3sitos.\u2026 <a class=\"read-more\" href=\"https:\/\/www.v6.newmessage.org\/pt\/a-mensagem\/outras-revelacoes\/o-fardo-do-mensageiro\"><span>Read More<\/span><\/a><\/p>\n","protected":false},"author":1,"featured_media":0,"parent":16358,"menu_order":1,"comment_status":"closed","ping_status":"closed","template":"template-leftsidebar.php","meta":{"_monsterinsights_skip_tracking":false,"_monsterinsights_sitenote_active":false,"_monsterinsights_sitenote_note":"","_monsterinsights_sitenote_category":0,"footnotes":""},"categories":[501,76,119,30],"tags":[127,351,384,411],"_links":{"self":[{"href":"https:\/\/www.v6.newmessage.org\/pt\/wp-json\/wp\/v2\/pages\/548"}],"collection":[{"href":"https:\/\/www.v6.newmessage.org\/pt\/wp-json\/wp\/v2\/pages"}],"about":[{"href":"https:\/\/www.v6.newmessage.org\/pt\/wp-json\/wp\/v2\/types\/page"}],"author":[{"embeddable":true,"href":"https:\/\/www.v6.newmessage.org\/pt\/wp-json\/wp\/v2\/users\/1"}],"replies":[{"embeddable":true,"href":"https:\/\/www.v6.newmessage.org\/pt\/wp-json\/wp\/v2\/comments?post=548"}],"version-history":[{"count":21,"href":"https:\/\/www.v6.newmessage.org\/pt\/wp-json\/wp\/v2\/pages\/548\/revisions"}],"predecessor-version":[{"id":26879,"href":"https:\/\/www.v6.newmessage.org\/pt\/wp-json\/wp\/v2\/pages\/548\/revisions\/26879"}],"up":[{"embeddable":true,"href":"https:\/\/www.v6.newmessage.org\/pt\/wp-json\/wp\/v2\/pages\/16358"}],"wp:attachment":[{"href":"https:\/\/www.v6.newmessage.org\/pt\/wp-json\/wp\/v2\/media?parent=548"}],"wp:term":[{"taxonomy":"category","embeddable":true,"href":"https:\/\/www.v6.newmessage.org\/pt\/wp-json\/wp\/v2\/categories?post=548"},{"taxonomy":"post_tag","embeddable":true,"href":"https:\/\/www.v6.newmessage.org\/pt\/wp-json\/wp\/v2\/tags?post=548"}],"curies":[{"name":"wp","href":"https:\/\/api.w.org\/{rel}","templated":true}]}}