{"id":3707,"date":"2012-03-01T10:00:25","date_gmt":"2012-03-01T10:00:25","guid":{"rendered":"http:\/\/wp.www.newmessage.org\/?p=3707"},"modified":"2016-08-27T21:14:42","modified_gmt":"2016-08-27T21:14:42","slug":"a-dadiva-de-uma-nova-vida","status":"publish","type":"page","link":"https:\/\/www.v6.newmessage.org\/pt\/a-mensagem\/volume-1\/a-nova-vida\/a-dadiva-de-uma-nova-vida","title":{"rendered":"A d\u00e1diva de uma nova vida"},"content":{"rendered":"<div><!-- Version 3.4 Verse --><\/div>\n\n<div class=\"tabgroup \"><ul class=\"tabs\"><li><a href=\"#tabs-1\">Sobre<\/a><\/li>\n<li><a href=\"#tabs-2\">Mais<\/a><\/li><\/ul>\n <div id=\"tabs-1\"><\/p>\n<p>Ou\u00e7a a revela\u00e7\u00e3o falada original (em ingl\u00eas):<\/p>\n<div id=\"jquery_jplayer_1\" class=\"jp-jplayer\"><\/div>\n\t\t\t\t<div id=\"jp_container_1\" class=\"jp-audio\">\n\t\t\t\t<div class=\"jp-type-single\"><div class=\"jp-control\"><a href=\"javascript:;\" class=\"jp-play\" tabindex=\"1\">play<\/a><a href=\"javascript:;\" class=\"jp-pause\" tabindex=\"1\">pause<\/a><\/div> <div class=\"jp-gui jp-interface\"><div class=\"jp-volume\"><div class=\"jp-volume-bar\"><div class=\"jp-volume-bar-value\"><\/div><\/div><\/div><div class=\"jp-progress\"><div class=\"jp-seek-bar\"><div class=\"jp-play-bar\"><\/div><\/div><\/div><\/div>\t\t\t\t\t<div class=\"jp-no-solution\"><span>Update Required<\/span>To play the media you will need to either update your browser to a recent version or update your <a href=\"http:\/\/get.adobe.com\/flashplayer\/\" target=\"_blank\">Flash plugin<\/a>.<\/div><\/div><\/div>\n\t\t\t<script type='text\/javascript'>\n\t\t\t\tjQuery(document).ready(function() {\n\t\t\t\t\tif (typeof (sermonMedia) == 'function') {\n\t\t\t\t\t\tsermonMedia.addAudio('', \"jquery_jplayer_1\");\n\t\t\t\t\t}\n\t\t\t\t\tjQuery.jPlayer.timeFormat.showHour = true;\n\t\t\t\t\tjQuery(\"#jquery_jplayer_1\").jPlayer({\n\t\t\t\t\t\tready: function(event) {\n\t\t\t\t\t\t\tjQuery(this).jPlayer(\"setMedia\", {mp3: 'https:\/\/www.newmessage.org\/av\/the-gift-of-a-new-life.mp3'});\n\t\t\t\t\t\t},\n\t\t\t\t\t\tplay: function() {\n\t\t\t\t\t\t\tjQuery(this).jPlayer(\"pauseOthers\");\n\t\t\t\t\t\t},\n\t\t\t\t\t\tswfPath: ThemeData.directory_uri+\"\/swf\",\n\t\t\t\t\t\tsolution: \"html, flash\",\n\t\t\t\t\t\tpreload: \"metadata\",\n\t\t\t\t\t\twmode: \"window\",\n\t\t\t\t\t\tsupplied: \"mp3\",\n\t\t\t\t\t\tcssSelectorAncestor: '#jp_container_1'\n\t\t\t\t\t});\n\t\t\t\t});\n\t\t\t<\/script><\/p>\n<p><a title=\"The Gift of a New Life\" href=\"https:\/\/www.newmessage.org\/av\/the-gift-of-a-new-life.mp3\">Baixar<\/a> (clique com o bot\u00e3o direito para baixar)<\/p>\n<p><em>Assim como revelado a<br \/>\nMarshall Vian Summers<br \/>\nem 14 de maio de 2011<br \/>\nem Boulder, Colorado, EUA.<\/em><\/p>\n<div class=\"toggle toggle-white\"><h4 class=\"trigger \"><span class=\"t_ico\"><\/span><a href=\"#\">Sobre esta grava\u00e7\u00e3o<\/a><\/h4><div class=\"toggle_container \"><br \/>\n<p>Nesta grava\u00e7\u00e3o em \u00e1udio voc\u00ea est\u00e1 ouvindo a voz da <a href=\"\/a-mensagem\/termos-importantes#aa\">Assembleia Ang\u00e9lica<\/a> falando atrav\u00e9s do <a href=\"\/o-mensageiro-de-deus\/quem-e-marshallviansummers\">Mensageiro Marshall Vian Summers<\/a>.<\/p>\n<p>Aqui, a comunica\u00e7\u00e3o original de Deus, que existe al\u00e9m de palavras, \u00e9 traduzida em linguagem e entendimento humano pela <a href=\"\/a-mensagem\/termos-importantes#aa\">Assembleia Ang\u00e9lica<\/a> que supervisiona o mundo. A Assembleia em seguida entrega a Mensagem de Deus atrav\u00e9s do Mensageiro.<\/p>\n<p>Neste processo incr\u00edvel a <a href=\"\/a-mensagem\/termos-importantes#voz\">Voz da Revela\u00e7\u00e3o<\/a> est\u00e1 falando novamente. A Palavra e o Som est\u00e3o no mundo. Pela primeira vez na hist\u00f3ria, a grava\u00e7\u00e3o de uma revela\u00e7\u00e3o original falada est\u00e1 dispon\u00edvel a voc\u00ea e ao mundo para ser vivenciada.<\/p>\n<p>Que voc\u00ea seja o recipiente desta d\u00e1diva de Revela\u00e7\u00e3o e que voc\u00ea esteja aberto para receber a sua Mensagem \u00fanica para voc\u00ea e para a sua vida.<\/p>\n<br \/>\n<\/div><\/div>\n<p><\/div>\n<div id=\"tabs-2\"><\/p>\n<div class=\"text-align-center text font-size-12 margin-top-10\">Volume 1 &gt; A Nova Vida &gt; Cap\u00edtulo\u00a02<\/div>\n<p><\/div>\n\t\t\t\t<div align=\"right\">\n\t\t\t<div class=\"fb-like\" data-href=\"\" data-layout=\"button_count\" data-action=\"like\" data-show-faces=\"false\" data-share=\"false\"><\/div>\n\t\t\t<div class=\"fb-share-button\" data-layout=\"button_count\"> <\/div>\n\t\t\t<div class=\"fb_iframe_widget\"><a href=\"https:\/\/twitter.com\/godsnewmessage?ref_src=twsrc%5Etfw\" class=\"twitter-follow-button\" data-show-count=\"false\">Follow @godsnewmessage<\/a><script async src=\"https:\/\/platform.twitter.com\/widgets.js\" charset=\"utf-8\"><\/script><\/div>\n\t\t\t<\/div> <\/div> \n\n<p>A Nova Revela\u00e7\u00e3o de Deus n\u00e3o est\u00e1 aqui simplesmente para adicionar valor \u00e0 sua exist\u00eancia atual ou para validar as ideias e buscas correntes. Ela n\u00e3o est\u00e1 aqui para validar as religi\u00f5es do mundo ou para se adaptar \u00e0s suas cren\u00e7as ou expectativas, pois Deus n\u00e3o est\u00e1 limitado por estas coisas. Ela n\u00e3o est\u00e1 aqui para validar as suas expectativas, pois o Criador de todos os universos certamente n\u00e3o est\u00e1 limitado por isso.<\/p>\n<p>Na verdade, a Nova Mensagem de Deus est\u00e1 aqui para dar uma nova vida para aqueles que puderem responder verdadeiramente a ela, e para lhes dar uma funda\u00e7\u00e3o maior na qual construir uma vida significativa \u2013 uma vida inspirada, uma vida que \u00e9 guiada pelo Conhecimento, uma vida de relacionamentos verdadeiros e engajamento significativo com o mundo.<\/p>\n<p>Nisto, pap\u00e9is n\u00e3o s\u00e3o designados, mas as pessoas recebem a funda\u00e7\u00e3o para que o Conhecimento dentro delas, o poder maior que Deus deu para gui\u00e1-las, possa se tornar evidente para elas, para que elas possam aprender ao longo do tempo a confiar nisso e a seguir a isso, navegando as dificuldades da vida e as dificuldades maiores que ter\u00e3o que enfrentar em um mundo novo de instabilidade maior e onde os recursos est\u00e3o diminuindo.<\/p>\n<p>As pessoas v\u00eam \u00e0 Nova Mensagem para ver se ela se adapta \u00e0s suas cren\u00e7as, suas ideias e suas expectativas. \u00c9 claro que ela n\u00e3o faz isso. As pessoas v\u00eam \u00e0 Nova Mensagem de Deus querendo us\u00e1-la como um recurso para conseguir o que querem para si mesmas. Mas a Nova Revela\u00e7\u00e3o tem um plano e promessa maiores para elas.<\/p>\n<p>As pessoas v\u00eam \u00e0 Nova Mensagem esperando encontrar a sabedoria necess\u00e1ria para corrigir os seus erros e tornar seus investimentos atuais em algo vantajoso e significativo. Mas a Nova Mensagem est\u00e1 aqui para lhes dar uma nova vida \u2013 n\u00e3o simplesmente uma ideia nova colocada por cima de uma vida antiga, n\u00e3o simplesmente um ado\u00e7ante para tornar mais palat\u00e1vel e aceit\u00e1vel o gosto amargo da sua experi\u00eancia atual. As pessoas esperam pouco demais e querem pouco demais, e as suas expectativas n\u00e3o est\u00e3o de acordo com o significado e o poder da Revela\u00e7\u00e3o.<\/p>\n<p>As pessoas v\u00eam \u00e0 Nova Revela\u00e7\u00e3o de Deus querendo ver como elas podem us\u00e1-la imediatamente, como se fosse nada mais do que uma s\u00e9rie de ferramentas que as pessoas podem usar para tentar melhorar as suas vidas. Mas elas n\u00e3o podem melhorar as suas vidas porque elas n\u00e3o sabem o que est\u00e3o fazendo. Elas n\u00e3o sabem para onde est\u00e3o indo, e na maioria das vezes as suas suposi\u00e7\u00f5es e cren\u00e7as n\u00e3o est\u00e3o de acordo com o seu prop\u00f3sito maior e verdadeira dire\u00e7\u00e3o na vida.<\/p>\n<p>As pessoas podem pensar que Deus \u00e9 grande e inexplic\u00e1vel, mas elas tentam usar Deus como um tipo de servo, um garoto de recados para os seus desejos, suas vontades e suas dificuldades. Elas dizem, \u201cBem, o que Deus pode fazer por mim? O que a Nova Revela\u00e7\u00e3o de Deus vai fazer para mim?\u201d.<\/p>\n<p>Voc\u00ea pode ver por essas perguntas que a atitude e abordagem delas n\u00e3o s\u00e3o apropriadas. N\u00e3o existe rever\u00eancia. N\u00e3o existe respeito. N\u00e3o h\u00e1 compreens\u00e3o de que est\u00e3o lidando com algo muito maior do que o entendimento delas e que excede em muito as suas expectativas, seus valores e suas prefer\u00eancias. Ent\u00e3o o que Deus pode fazer por elas sen\u00e3o encoraj\u00e1-las, atrav\u00e9s das mudan\u00e7as e desapontamentos da vida, a virem a este grande engajamento com uma inten\u00e7\u00e3o mais n\u00edtida e com uma abordagem mais honesta?<\/p>\n<p>A Nova Mensagem est\u00e1 aqui para salvar a humanidade da calamidade e da subjuga\u00e7\u00e3o no universo, conforme voc\u00eas come\u00e7am a emergir em uma Comunidade Maior de vida, uma Comunidade Maior na qual voc\u00eas sempre viveram e com a qual voc\u00eas devem agora aprender a enfrentar.<\/p>\n<p>Ela tamb\u00e9m est\u00e1 aqui para dar aos indiv\u00edduos uma nova experi\u00eancia, uma nova funda\u00e7\u00e3o e a oportunidade de restaurar as suas vidas, a redimir a si mesmos e a utilizar as suas habilidades e o poder do Conhecimento dentro de si para servirem a um mundo cujas necessidades e dificuldades est\u00e3o crescendo a cada dia que passa.<\/p>\n<p>Muitas pessoas desistiram da busca por um significado maior, ou elas nunca o cultivaram em primeiro lugar. Para elas a Nova Revela\u00e7\u00e3o ser\u00e1 uma curiosidade ou um objeto de condena\u00e7\u00e3o, algo sobre o qual elas podem projetar os seus medos, os seus julgamentos e as suas queixas sem nunca realmente entender para o que elas est\u00e3o olhando.<\/p>\n<p>Haver\u00e1 todo tipo de rea\u00e7\u00e3o a isto, \u00e9 claro, mas para aqueles que est\u00e3o vindo para isto com uma inten\u00e7\u00e3o honesta e com humildade e sinceridade \u00e9 importante compreender o poder e a pot\u00eancia da Revela\u00e7\u00e3o de Deus e o que ela pode significar para eles \u2013 para restaur\u00e1-los, para lhes dar um prop\u00f3sito e dire\u00e7\u00e3o maiores, que j\u00e1 vivem dentro deles.<\/p>\n<p>Voc\u00ea n\u00e3o inventa prop\u00f3sito e dire\u00e7\u00e3o, porque isso \u00e9 algo j\u00e1 imbu\u00eddo em voc\u00ea, voc\u00ea entende? \u00c9 parte do modelo da sua natureza mais profunda, al\u00e9m da esfera do intelecto. Al\u00e9m de debate e especula\u00e7\u00e3o, isto \u00e9. Voc\u00ea pode argumentar com isso para sempre, mas s\u00f3 quer dizer que voc\u00ea n\u00e3o entende.<\/p>\n<p>\u00c9 importante que as pessoas venham \u00e0 Revela\u00e7\u00e3o com sinceridade e que elas tenham, desde o in\u00edcio, um entendimento de que elas est\u00e3o lidando com algo de uma magnitude maior. N\u00e3o \u00e9 meramente um ensinamento dentre outros ensinamentos. N\u00e3o \u00e9 simplesmente uma coisa promissora que lhes dar\u00e1 o que elas querem na vida. \u00c9 todo um outro n\u00edvel, por completo. \u00c9 por isso que isso \u00e9 uma Nova Mensagem de Deus, a \u00fanica Mensagem de Deus no mundo hoje.<\/p>\n<p>Isto n\u00e3o quer dizer que a Nova Mensagem vai criar uma nova vida para voc\u00ea e lhe dar um papel para cumprir, pois isso deve vir de dentro de voc\u00ea \u2013 entre voc\u00ea e voc\u00ea mesmo, entre voc\u00ea e o seu engajamento com a vida.<\/p>\n<p>Muitas pessoas precisar\u00e3o que a Nova Mensagem seja o centro da sua pr\u00e1tica e do seu foco, e algumas pessoas ser\u00e3o chamadas a servir a Nova Mensagem diretamente porque este \u00e9 o seu chamado. Mas para muitos outros, ela lhes dar\u00e1 a for\u00e7a para discernir uma dire\u00e7\u00e3o maior e para lhes dar um poder e for\u00e7a internos maior a fim de que tomem as decis\u00f5es necess\u00e1rias e dobrem as esquinas que precisam ser dobradas para come\u00e7arem a se mover em uma dire\u00e7\u00e3o positiva e significativa.<\/p>\n<p>Existem muitas pessoas no mundo hoje que sabem que elas devem se preparar para algo, que se sentem chamadas para uma participa\u00e7\u00e3o maior, que tem um senso de que a sua vida \u00e9 mais importante do que as atividades mundanas do dia. Algumas n\u00e3o encontrar\u00e3o o seu caminho nas tradi\u00e7\u00f5es religiosas do mundo porque elas est\u00e3o sendo preparadas e chamadas para algo novo no mundo. Elas est\u00e3o mais conectadas ao futuro do que ao passado, e o futuro est\u00e1 as chamando e lhes puxando para frente. Existem pessoas destinadas a receber a Revela\u00e7\u00e3o de Deus e a estud\u00e1-la e aplic\u00e1-la. Elas n\u00e3o encontrar\u00e3o o seu caminho em nenhum outro lugar.<\/p>\n<p>Se voc\u00ea est\u00e1 destinado para algo desta magnitude, voc\u00ea n\u00e3o encontrar\u00e1 satisfa\u00e7\u00e3o e realiza\u00e7\u00e3o em nenhum outro lugar \u2013 tente o que tentar, acredite o quanto puder. Tente alterar a sua vida como um tirano, voc\u00ea ainda n\u00e3o consegue fazer o seu engajamento prim\u00e1rio a menos que a sua vida esteja apontada na dire\u00e7\u00e3o certa e a menos que a natureza do engajamento que \u00e9 destinado a voc\u00ea possa ser claramente discernida e aceita.<\/p>\n<p>\u00c9 para estas pessoas que a Revela\u00e7\u00e3o dar\u00e1 uma nova vida, n\u00e3o simplesmente como uma melhoria da sua vida antiga, n\u00e3o simplesmente uma justifica\u00e7\u00e3o para o que elas fizeram ou n\u00e3o no passado. N\u00e3o \u00e9 simplesmente um conforto para lhes dizer \u201cBem, tudo est\u00e1 certo com voc\u00ea. O que voc\u00ea fez, est\u00e1 tudo certo. Tudo bem\u201d.<\/p>\n<p>N\u00e3o. A Revela\u00e7\u00e3o far\u00e1 os seus erros mais evidentes, os seus desapontamentos mais aparentes, a sua falta de dire\u00e7\u00e3o mais profundamente sentida. Ela pode at\u00e9 aumentar o seu sofrimento no in\u00edcio at\u00e9 que voc\u00ea possa discernir a d\u00e1diva real da Revela\u00e7\u00e3o e reconhecer que agora voc\u00ea est\u00e1 come\u00e7ando uma jornada maior, talvez uma jornada na qual voc\u00ea j\u00e1 tem estado por algum tempo e que agora est\u00e1 dando um grande passo adiante.<\/p>\n<p>Aqui n\u00e3o existe espa\u00e7o para concess\u00f5es. Voc\u00ea n\u00e3o pode fazer acordos com Deus. Voc\u00ea n\u00e3o pode fazer acordos com o seu pr\u00f3prio prop\u00f3sito e destino, porque voc\u00ea n\u00e3o pode mudar estas coisas. Voc\u00ea s\u00f3 pode evit\u00e1-las, neg\u00e1-las ou passar pelo processo de aceit\u00e1-las e reivindic\u00e1-las.<\/p>\n<p>Como o seu prop\u00f3sito ir\u00e1 se expressar depende das circunst\u00e2ncias em mudan\u00e7a do mundo. Portanto nisto, nem todas as coisas s\u00e3o pr\u00e9-determinadas, certamente que n\u00e3o. O seu sucesso ou fracasso n\u00e3o se baseia somente na sua participa\u00e7\u00e3o, mas na participa\u00e7\u00e3o e prontid\u00e3o de outros que est\u00e3o destinados a cumprir um papel significativo na sua vida. Se eles falharem nisto, isso afetar\u00e1 o resultado para voc\u00ea, pois o seu progresso depende do desenvolvimento de certas outras pessoas.<\/p>\n<p>Isto n\u00e3o \u00e9 uma busca individual onde voc\u00ea tenta se iluminar individualmente. \u00c9 uma jun\u00e7\u00e3o e uma uni\u00e3o com outros por um prop\u00f3sito maior. Se eles falharem, isso afetar\u00e1 o resultado para voc\u00ea. Se voc\u00ea falhar, isso afetar\u00e1 o resultado para eles. \u00c9 por isso que o fracasso aqui tem uma consequ\u00eancia t\u00e3o grande. Voc\u00ea ainda est\u00e1 pensando como se voc\u00ea estivesse vivendo em Separa\u00e7\u00e3o, ent\u00e3o voc\u00ea n\u00e3o consegue ver que o seu destino est\u00e1 amarrado com outros.<\/p>\n<p>Estes s\u00e3o outros que voc\u00ea ter\u00e1 que encontrar na vida. Eles n\u00e3o ser\u00e3o as personalidades encantadoras e os belos rostos, nem ter\u00e3o o comportamento social gracioso que atraem tantas pessoas. Eles nem mesmo ser\u00e3o pessoas as quais voc\u00ea poderia amar ou com as quais voc\u00ea teve uma associa\u00e7\u00e3o passada. A maioria destas pessoas n\u00e3o compartilhar\u00e3o o seu futuro mesmo se voc\u00ea teve uma associa\u00e7\u00e3o distante no passado com elas. Voc\u00ea precisar\u00e1 do Conhecimento agora, porque somente ele, dentro de voc\u00ea, saber\u00e1. Ele ver\u00e1. Ele responder\u00e1.<\/p>\n<p>Se aquela outra pessoa n\u00e3o estiver pronta, ser\u00e1 uma trag\u00e9dia para voc\u00ea. Isso n\u00e3o quer dizer que a sua vida acabou. S\u00f3 quer dizer que outro plano ter\u00e1 que ser estabelecido para voc\u00ea. Como resultado disso, a sua jornada ser\u00e1 mais longa e mais incerta.<\/p>\n<p>H\u00e1 muito para se desaprender. H\u00e1 muito condicionamento que n\u00e3o somente \u00e9 contraproducente, mas na verdade destrutivo para o indiv\u00edduo. Existe tanta expectativa motivadora que lhe leva a comprometer-se antes de voc\u00ea sequer saber o que voc\u00ea est\u00e1 fazendo na vida, antes de voc\u00ea fazer uma conex\u00e3o com o Conhecimento, que sozinho cont\u00e9m para voc\u00ea o seu prop\u00f3sito e destino maior.<\/p>\n<p>Deus nunca iria revelar estas coisas para o intelecto, uma parte da sua mente que \u00e9 condicionada pelo mundo e que \u00e9 t\u00e3o inst\u00e1vel e t\u00e3o fraca e t\u00e3o facimente persuadida por outras for\u00e7as. N\u00e3o, a d\u00e1diva \u00e9 dada a uma parte mais profunda de voc\u00ea que n\u00e3o \u00e9 influenciada pelo mundo, que n\u00e3o \u00e9 influenciada pelos seus sentimentos e atitudes inst\u00e1veis, pelas suas emo\u00e7\u00f5es inconstantes, sua esperan\u00e7a, seu medo, seu \u00eaxtase ou sua indig\u00eancia. Ela n\u00e3o \u00e9 afetada por nada disso. Ela vive no profundo do oceano da sua mente, n\u00e3o na superf\u00edcie turbulenta.<\/p>\n<p>Ent\u00e3o torna-se essencial tomar os Passos para o Conhecimento, do contr\u00e1rio a sua vida continuar\u00e1 a ser uma busca em v\u00e3o \u2013 perseguindo pessoas, perseguindo promessas, perseguindo ambi\u00e7\u00e3o, perseguindo sonhos, perseguindo esperan\u00e7a, em todos os casos fugindo do medo, amedrontado que voc\u00ea possa estar perdido e sozinho, amedrontado que a sua vida possa nunca se reconciliar.<\/p>\n<p>O Conhecimento existe al\u00e9m da esfera do desejo e do medo, e \u00e9 por isso que ele \u00e9 s\u00f3lido. \u00c9 por isso que ele \u00e9 forte. \u00c9 por isso que ele \u00e9 imut\u00e1vel, e que voc\u00ea n\u00e3o pode mud\u00e1-lo. No entanto, isso representa a sua reden\u00e7\u00e3o. N\u00e3o importa o que voc\u00ea pense ou fa\u00e7a ou tenha feito ou n\u00e3o tenha feito, o poder da reden\u00e7\u00e3o vive dentro de voc\u00ea.<\/p>\n<p>Deus n\u00e3o tem que desvendar a sua situa\u00e7\u00e3o. O Senhor do universo n\u00e3o est\u00e1 focado na sua vida. Mas Deus p\u00f4s o Conhecimento dentro de voc\u00ea, e ele cont\u00e9m o seu prop\u00f3sito e dire\u00e7\u00e3o. O Conhecimento encontrar\u00e1 as pessoas que voc\u00ea tem que encontrar. Ele trar\u00e1 corre\u00e7\u00e3o, harmonia e equil\u00edbrio \u00e0 sua vida se voc\u00ea puder discern\u00ed-lo, segu\u00ed-lo e aplic\u00e1-lo, seja onde for necess\u00e1rio.<\/p>\n<p>Isto \u00e9 o que cria uma nova vida \u2013 n\u00e3o uma vida antiga com algumas poucas melhorias; n\u00e3o uma vida antiga com um novo sistema de cren\u00e7a; n\u00e3o uma vida antiga com um novo conjunto de roupas ou uma elaborada explica\u00e7\u00e3o religiosa para tudo; n\u00e3o uma pessoa tr\u00e1gica vestida elegantemente para o sucesso; n\u00e3o uma pessoa solit\u00e1ria e isolada que agora se tornou aceit\u00e1vel socialmente porque voc\u00ea diz e faz todas as coisas certas. Voc\u00ea n\u00e3o \u00e9 simplesmente um cartaz para as cren\u00e7as de outra pessoa. Existe uma promessa maior para voc\u00ea.<\/p>\n<p>Deus importa-se com voc\u00ea porque Deus est\u00e1 lhe dando uma nova vida. De outra maneira, Deus deixaria todo mundo vacilar e falhar e n\u00e3o estaria preocupado. Isso \u00e9 o que as pessoas realmente acreditam porque se voc\u00ea pensa que as Revela\u00e7\u00f5es de Deus foram dadas s\u00e9culos atr\u00e1s e que Deus n\u00e3o tem mais nada para dizer para a humanidade, ent\u00e3o voc\u00ea tem que concluir que Deus realmente n\u00e3o se importa e n\u00e3o tem mais nada para dizer enquanto a humanidade enfrenta limiares agora que, coletivamente, nunca teve que enfrentar antes.<\/p>\n<p>Como voc\u00eas v\u00e3o lidar com um mundo em decl\u00ednio? Como voc\u00eas v\u00e3o lidar com a interven\u00e7\u00e3o de ra\u00e7as predat\u00f3rias do universo que est\u00e3o aqui para tirar proveito da fraqueza e divis\u00e3o humana? Como voc\u00eas v\u00e3o lidar com agita\u00e7\u00e3o pol\u00edtica e econ\u00f4mica numa escala nunca vista antes no mundo? Se voc\u00ea for honesto consigo mesmo, ter\u00e1 que admitir em algum momento que voc\u00ea nem sequer tem ideia. No entanto esta \u00e9 a condi\u00e7\u00e3o do mundo, e \u00e9 o que voc\u00ea e todos ao seu redor ter\u00e3o que enfrentar.<\/p>\n<p>Deus est\u00e1 enviando uma prepara\u00e7\u00e3o para o Novo Mundo como parte da Nova Mensagem. Deus est\u00e1 lhe enviando os planos e a prepara\u00e7\u00e3o para come\u00e7ar a estabelecer uma nova vida. H\u00e1 a Mensagem para o mundo e para todos nele. E tamb\u00e9m existe a Mensagem para o indiv\u00edduo que sente ter um prop\u00f3sito e destino maior no mundo. Voc\u00ea ter\u00e1 que decidir se isso refere-se a voc\u00ea.<\/p>\n<p>Deus n\u00e3o inventou as suas ideias e cren\u00e7as. Deus n\u00e3o criou as suas prefer\u00eancias e os seus medos. Deus n\u00e3o criou o mundo que \u00e9 um produto das prefer\u00eancias e medos de todos. Voc\u00ea n\u00e3o pode culpar a Deus pelas condi\u00e7\u00f5es sociais da humanidade. Voc\u00ea n\u00e3o pode culpar Deus pelas guerras e crueldade, explora\u00e7\u00e3o, escravid\u00e3o e pobreza. Isso tudo \u00e9 uma cria\u00e7\u00e3o humana baseada em gan\u00e2ncia e ignor\u00e2ncia, baseada na falta de pessoas o bastante, contribuindo o bastante, para o mundo ao redor delas.<\/p>\n<p>Mas Deus criou a presen\u00e7a do Conhecimento dentro de voc\u00ea, e somente a Nova Revela\u00e7\u00e3o de Deus torna isso muito claro, sem uma sobreposi\u00e7\u00e3o de hist\u00f3ria e interpreta\u00e7\u00e3o humana para obscurecer o seu entendimento. A corrente \u00e9 clara. A Mensagem \u00e9 pura. Voc\u00ea est\u00e1 recebendo-a de sua Fonte, ao inv\u00e9s de uma interpreta\u00e7\u00e3o que foi feita s\u00e9culos depois para o consumo humano.<\/p>\n<p>Para ter uma nova vida, voc\u00ea tem que fazer o trabalho. N\u00e3o \u00e9 uma magia que se coloca sobre voc\u00ea. N\u00e3o \u00e9 tomar alguma po\u00e7\u00e3o m\u00e1gica e tudo ficar diferente. N\u00e3o \u00e9 uma forma de v\u00edcio ou intoxica\u00e7\u00e3o.<\/p>\n<p>Voc\u00ea ter\u00e1 que fazer o trabalho. Voc\u00ea ter\u00e1 que assumir os riscos. Voc\u00ea ter\u00e1 que tomar as decis\u00f5es. Voc\u00ea ter\u00e1 que desapontar outras pessoas. Voc\u00ea ter\u00e1 que desapontar os seus pr\u00f3prios objetivos e ambi\u00e7\u00f5es. Voc\u00ea ter\u00e1 que mudar os seus planos.<\/p>\n<p>\u00c9 a\u00ed que voc\u00ea se torna forte. \u00c9 a\u00ed que voc\u00ea se torna unido dentro de si mesmo. \u00c9 a\u00ed que voc\u00ea segue uma voz ao inv\u00e9s de muitas vozes em sua mente. \u00c9 a\u00ed que a sua fidelidade verdadeira emerge dentre os seus outros compromissos e obriga\u00e7\u00f5es.<\/p>\n<p>\u00c9 a\u00ed que voc\u00ea reivindica a sua for\u00e7a e a sua autoconfian\u00e7a. \u00c9 a\u00ed que voc\u00ea para de se comportar insensatamente, entregado a sua vida para coisas tolas e sem sentido. \u00c9 a\u00ed que voc\u00ea sabe a quem escolher para se estar junto e como resistir \u00e0s tenta\u00e7\u00f5es que lhe levam para outro lugar na vida.<\/p>\n<p>Voc\u00ea se torna forte porque o Conhecimento est\u00e1 dentro de voc\u00ea. Voc\u00ea suporta dificuldade porque o Conhecimento est\u00e1 dentro de voc\u00ea. Voc\u00ea pode enfrentar dor e perda, doen\u00e7a e at\u00e9 mesmo rejei\u00e7\u00e3o de outros com os quais voc\u00ea se importa, porque o poder do Conhecimento est\u00e1 dentro de voc\u00ea. Quando voc\u00ea encontra outro que desenvolveu esse poder, o seu relacionamento ser\u00e1 em um n\u00edvel totalmente diferente \u2013 extraordin\u00e1rio no mundo \u2013 capaz de criar coisas muito maiores do que voc\u00ea jamais poderia produzir sozinho.<\/p>\n<p>Deus lhe d\u00e1 a fonte da sua for\u00e7a, mas voc\u00ea tem que exercitar essa orienta\u00e7\u00e3o, e voc\u00ea tem que desenvolver as habilidades pessoais que lhe permitem se tornar um ve\u00edculo para o Conhecimento \u2013 uma pessoa de poder e integridade, uma pessoa que pode inspirar outros e que pode trazer confian\u00e7a, conforto e dire\u00e7\u00e3o a outros.<\/p>\n<p>Esta \u00e9 a Nova Revela\u00e7\u00e3o de Deus. \u00c9 isto que ela foi projetada para produzir. Precisa haver muitos colaboradores fortes no mundo agora, do contr\u00e1rio a humanidade enfrenta um grande e \u00edngreme decl\u00ednio.<\/p>\n<p>Que este seja o seu entendimento.<\/p>\n<p>&nbsp;<\/p>\n","protected":false},"excerpt":{"rendered":"<p>A Nova Revela\u00e7\u00e3o de Deus n\u00e3o est\u00e1 aqui simplesmente para adicionar valor \u00e0 sua exist\u00eancia atual ou para validar as ideias e buscas correntes. Ela n\u00e3o est\u00e1 aqui para validar as religi\u00f5es do mundo ou para se adaptar \u00e0s suas cren\u00e7as ou expectativas, pois Deus n\u00e3o est\u00e1 limitado por estas coisas. Ela n\u00e3o est\u00e1 aqui\u2026 <a class=\"read-more\" href=\"https:\/\/www.v6.newmessage.org\/pt\/about-recording-shortcode\"><span>Read More<\/span><\/a><\/p>\n","protected":false},"author":1,"featured_media":0,"parent":16480,"menu_order":2,"comment_status":"closed","ping_status":"closed","template":"template-leftsidebar.php","meta":{"_monsterinsights_skip_tracking":false,"_monsterinsights_sitenote_active":false,"_monsterinsights_sitenote_note":"","_monsterinsights_sitenote_category":0,"footnotes":""},"categories":[76,117,30,462,460],"tags":[127,128,333,360],"_links":{"self":[{"href":"https:\/\/www.v6.newmessage.org\/pt\/wp-json\/wp\/v2\/pages\/3707"}],"collection":[{"href":"https:\/\/www.v6.newmessage.org\/pt\/wp-json\/wp\/v2\/pages"}],"about":[{"href":"https:\/\/www.v6.newmessage.org\/pt\/wp-json\/wp\/v2\/types\/page"}],"author":[{"embeddable":true,"href":"https:\/\/www.v6.newmessage.org\/pt\/wp-json\/wp\/v2\/users\/1"}],"replies":[{"embeddable":true,"href":"https:\/\/www.v6.newmessage.org\/pt\/wp-json\/wp\/v2\/comments?post=3707"}],"version-history":[{"count":20,"href":"https:\/\/www.v6.newmessage.org\/pt\/wp-json\/wp\/v2\/pages\/3707\/revisions"}],"predecessor-version":[{"id":27584,"href":"https:\/\/www.v6.newmessage.org\/pt\/wp-json\/wp\/v2\/pages\/3707\/revisions\/27584"}],"up":[{"embeddable":true,"href":"https:\/\/www.v6.newmessage.org\/pt\/wp-json\/wp\/v2\/pages\/16480"}],"wp:attachment":[{"href":"https:\/\/www.v6.newmessage.org\/pt\/wp-json\/wp\/v2\/media?parent=3707"}],"wp:term":[{"taxonomy":"category","embeddable":true,"href":"https:\/\/www.v6.newmessage.org\/pt\/wp-json\/wp\/v2\/categories?post=3707"},{"taxonomy":"post_tag","embeddable":true,"href":"https:\/\/www.v6.newmessage.org\/pt\/wp-json\/wp\/v2\/tags?post=3707"}],"curies":[{"name":"wp","href":"https:\/\/api.w.org\/{rel}","templated":true}]}}