{"id":27805,"date":"2018-07-07T21:13:03","date_gmt":"2018-07-07T21:13:03","guid":{"rendered":"http:\/\/www.newmessage.org\/pt\/?page_id=27805"},"modified":"2022-11-10T11:16:29","modified_gmt":"2022-11-10T11:16:29","slug":"sobre-o-processo-de-revelacao","status":"publish","type":"page","link":"https:\/\/www.v6.newmessage.org\/pt\/a-mensagem\/sobre-o-processo-de-revelacao","title":{"rendered":"Sobre o processo de Revela\u00e7\u00e3o"},"content":{"rendered":"<p><a href=\"\/\/www.newmessage.org\/wp-content\/uploads\/2015\/08\/Volume-1-CD-Cover1.jpg\"><img loading=\"lazy\" decoding=\"async\" class=\"imgborder alignright \" src=\"\/\/www.newmessage.org\/wp-content\/uploads\/2015\/08\/Volume-1-CD-Cover1-172x300.jpg\" alt=\"A Nova Mensagem de Deus\" width=\"250\" height=\"435\" \/><\/a><\/p>\n<p>Os textos da Nova Mensagem de Deus foram originalmente falados pela Voz da <a href=\"\/pt\/a-mensagem\/termos-importantes#aa\">Assembleia Ang\u00e9lica<\/a> atrav\u00e9s do Mensageiro, Marshall Vian Summers. Este processo de Revela\u00e7\u00e3o Divina ocorre desde 1983. A Revela\u00e7\u00e3o continua at\u00e9 hoje.<\/p>\n<p>Aqui, a comunica\u00e7\u00e3o original de Deus, que existe al\u00e9m de palavras, \u00e9 traduzida para a linguagem e entendimento humanos pela <a href=\"\/pt\/a-mensagem\/termos-importantes#aa\">Assembleia Ang\u00e9lica<\/a> que supervisiona o mundo. A Assembleia ent\u00e3o fala a Mensagem de Deus atrav\u00e9s do Mensageiro, cujo \u00e1udio \u00e9 gravado, transcrito e agora disponibilizado na vasta biblioteca das revela\u00e7\u00f5es em texto aqui em www.NovaMensagem.org.<\/p>\n<p>Al\u00e9m disso, pela primeira vez na hist\u00f3ria, voc\u00ea pode ouvir as grava\u00e7\u00f5es originais da <a href=\"\/pt\/a-mensagem\/termos-importantes#voz\">Voz da Revela\u00e7\u00e3o<\/a>, tal Voz como falou com os profetas e Mensageiros do passado, e que agora est\u00e1 falando novamente atrav\u00e9s de um Novo Mensageiro no mundo hoje. Nunca antes a grava\u00e7\u00e3o original da Revela\u00e7\u00e3o foi feita e disponibilizada em sua pura forma.<\/p>\n<p>A Palavra e o Som est\u00e3o no mundo. Pela primeira vez na hist\u00f3ria, voc\u00ea e todas as pessoas podem ouvir a grava\u00e7\u00e3o da <a href=\"\/pt\/a-mensagem\/termos-importantes#voz\">Voz original da Revela\u00e7\u00e3o<\/a>. Esta Voz n\u00e3o \u00e9 a voz de um indiv\u00edduo, mas de toda a <a href=\"\/pt\/a-mensagem\/termos-importantes#aa\">Assembleia Angelica<\/a> falando em conjunto, todos como um.<\/p>\n<p>Aqui a humanidade pode receber o testamento original da <a href=\"\/the-message\/the-revelation-continues-to-this-day\">Revela\u00e7\u00e3o de Deus<\/a>, que foi capturada em seu formato de \u00e1udio falado, transcrita, compilada pelo seu Mensageiro e agora \u00e9 apresentada ao mundo.<\/p>\n<p>Para ouvir a <a href=\"\/pt\/a-mensagem\/termos-importantes#voz\">Voz da Revela\u00e7\u00e3o<\/a>, que \u00e9 a fonte do texto contido em todos os livros da Nova Mensagem, por favor visite <a href=\"\/pt\/a-mensagem\">www.NovaMensagem.org\/a-mensagem<\/a>. As grava\u00e7\u00f5es originais da Voz em \u00e1udio est\u00e3o sendo disponibilizadas agora a todas as pessoas.<\/p>\n<p>Que voc\u00ea possa ser o recebedor deste presente de Revela\u00e7\u00e3o e que voc\u00ea possa estar aberto a receber sua poderosa Mensagem para voc\u00ea e para sua vida.<\/p>\n","protected":false},"excerpt":{"rendered":"<p>Os textos da Nova Mensagem de Deus foram originalmente falados pela Voz da Assembleia Ang\u00e9lica atrav\u00e9s do Mensageiro, Marshall Vian Summers. Este processo de Revela\u00e7\u00e3o Divina ocorre desde 1983. A Revela\u00e7\u00e3o continua at\u00e9 hoje. Aqui, a comunica\u00e7\u00e3o original de Deus, que existe al\u00e9m de palavras, \u00e9 traduzida para a linguagem e entendimento humanos pela Assembleia\u2026 <a class=\"read-more\" href=\"https:\/\/www.v6.newmessage.org\/pt\/a-mensagem\/sobre-o-processo-de-revelacao\"><span>Read More<\/span><\/a><\/p>\n","protected":false},"author":39,"featured_media":0,"parent":15090,"menu_order":0,"comment_status":"closed","ping_status":"closed","template":"template-leftsidebar.php","meta":{"_monsterinsights_skip_tracking":false,"_monsterinsights_sitenote_active":false,"_monsterinsights_sitenote_note":"","_monsterinsights_sitenote_category":0,"footnotes":""},"categories":[],"tags":[],"_links":{"self":[{"href":"https:\/\/www.v6.newmessage.org\/pt\/wp-json\/wp\/v2\/pages\/27805"}],"collection":[{"href":"https:\/\/www.v6.newmessage.org\/pt\/wp-json\/wp\/v2\/pages"}],"about":[{"href":"https:\/\/www.v6.newmessage.org\/pt\/wp-json\/wp\/v2\/types\/page"}],"author":[{"embeddable":true,"href":"https:\/\/www.v6.newmessage.org\/pt\/wp-json\/wp\/v2\/users\/39"}],"replies":[{"embeddable":true,"href":"https:\/\/www.v6.newmessage.org\/pt\/wp-json\/wp\/v2\/comments?post=27805"}],"version-history":[{"count":5,"href":"https:\/\/www.v6.newmessage.org\/pt\/wp-json\/wp\/v2\/pages\/27805\/revisions"}],"predecessor-version":[{"id":27954,"href":"https:\/\/www.v6.newmessage.org\/pt\/wp-json\/wp\/v2\/pages\/27805\/revisions\/27954"}],"up":[{"embeddable":true,"href":"https:\/\/www.v6.newmessage.org\/pt\/wp-json\/wp\/v2\/pages\/15090"}],"wp:attachment":[{"href":"https:\/\/www.v6.newmessage.org\/pt\/wp-json\/wp\/v2\/media?parent=27805"}],"wp:term":[{"taxonomy":"category","embeddable":true,"href":"https:\/\/www.v6.newmessage.org\/pt\/wp-json\/wp\/v2\/categories?post=27805"},{"taxonomy":"post_tag","embeddable":true,"href":"https:\/\/www.v6.newmessage.org\/pt\/wp-json\/wp\/v2\/tags?post=27805"}],"curies":[{"name":"wp","href":"https:\/\/api.w.org\/{rel}","templated":true}]}}