{"id":27685,"date":"2017-03-24T00:10:04","date_gmt":"2017-03-24T00:10:04","guid":{"rendered":"http:\/\/www.newmessage.org\/pt\/?page_id=27685"},"modified":"2017-04-13T01:44:08","modified_gmt":"2017-04-13T01:44:08","slug":"a-grande-fe","status":"publish","type":"page","link":"https:\/\/www.v6.newmessage.org\/pt\/a-mensagem\/volume-1\/a-religiao-pura\/a-grande-fe","title":{"rendered":"A grande f\u00e9"},"content":{"rendered":"\n<div class=\"tabgroup \"><ul class=\"tabs\"><li><a href=\"#tabs-1\">Sobre<\/a><\/li>\n<li><a href=\"#tabs-2\">Mais<\/a><\/li><\/ul>\n <div id=\"tabs-1\"><\/p>\n<p><em>Assim como revelado a<br \/>\nMarshall Vian Summers<br \/>\nem 25 de abril de 2007<br \/>\nna Cidade Antiga, Jerusal\u00e9m, Israel.<\/em><\/p>\n<p><\/div>\n<div id=\"tabs-2\"><br \/>\n<\/div>\n\t\t\t\t<div align=\"right\">\n\t\t\t<div class=\"fb-like\" data-href=\"\" data-layout=\"button_count\" data-action=\"like\" data-show-faces=\"false\" data-share=\"false\"><\/div>\n\t\t\t<div class=\"fb-share-button\" data-layout=\"button_count\"> <\/div>\n\t\t\t<div class=\"fb_iframe_widget\"><a href=\"https:\/\/twitter.com\/godsnewmessage?ref_src=twsrc%5Etfw\" class=\"twitter-follow-button\" data-show-count=\"false\">Follow @godsnewmessage<\/a><script async src=\"https:\/\/platform.twitter.com\/widgets.js\" charset=\"utf-8\"><\/script><\/div>\n\t\t\t<\/div> <\/div> \n\n<p>\u00c9 necess\u00e1rio agora considerar o que \u00e9 a f\u00e9 verdadeira \u00e0 luz de uma grande mudan\u00e7a no mundo, com a vinda das [Grandes] Ondas de mudan\u00e7a que ir\u00e3o varrer a face do mundo, com as Trevas Maiores que est\u00e3o no mundo, o seu entendimento sobre f\u00e9 deve mudar. Ele precisa chegar num n\u00edvel mais elevado, numa posi\u00e7\u00e3o mais segura e num entendimento e express\u00e3o mais aut\u00eanticos.<\/p>\n<p>Esta f\u00e9 ent\u00e3o tem que estar baseada naquilo que n\u00e3o se pode ver, n\u00e3o naquilo que se pode ver. Ela deve estar baseada naquilo que se sabe e naquilo que se sente mais profundamente. Ela n\u00e3o pode estar baseada em apar\u00eancias. Ela n\u00e3o pode estar baseada nas manifesta\u00e7\u00f5es dos pa\u00edses ou das religi\u00f5es, ou ela ir\u00e1 sofrer terrivelmente e falhar\u00e1 com voc\u00ea em tempos de crise e de grande necessidade.<\/p>\n<p>A sua f\u00e9 deve estar em algo maior do que aquilo que a humanidade criou. Ela deve ser algo maior do que aquilo que as institui\u00e7\u00f5es do mundo criaram.<\/p>\n<p>Veja, a sua f\u00e9 tem o prop\u00f3sito de manter a sua mente focada em um poder maior que reside dentro de voc\u00ea e nas mentes e cora\u00e7\u00f5es de todos aqueles que habitam aqui. \u00c9 este poder dentro de voc\u00ea e ao seu redor que deve ser o foco e a subst\u00e2ncia da sua f\u00e9.<\/p>\n<p>Pois considere, se a sua f\u00e9 baseia-se nas manifesta\u00e7\u00f5es da vida \u2013 as cria\u00e7\u00f5es da humanidade que as institui\u00e7\u00f5es humanas desenvolveram \u2013 ent\u00e3o como isto [a sua f\u00e9] se manter\u00e1 no futuro?<\/p>\n<p>O que acontecer\u00e1 com a sua f\u00e9 quando pa\u00edses entrarem em conflito, quando atos terr\u00edveis forem cometidos contra pessoas inocentes em nome de Deus e da religi\u00e3o? O que acontecer\u00e1 com a sua f\u00e9 quando as pessoas ficarem famintas, e a morte e o sofrimento por causa disso aumentar na medida em que diminuir o suprimento mundial de \u00e1gua doce e de alimentos devido \u00e0 degrada\u00e7\u00e3o ambiental e sua utiliza\u00e7\u00e3o excessiva? O que acontecer\u00e1 com a sua f\u00e9 quando os locais sagrados forem profanados, quando os lugares que as pessoas amam forem destru\u00eddos atrav\u00e9s do tumulto, atrav\u00e9s da competi\u00e7\u00e3o, do conflito e da guerra?<\/p>\n<p>O que acontecer\u00e1 com a sua f\u00e9 dentro desses cen\u00e1rios? Se voc\u00ea acredita que Deus \u00e9 o autor de tudo o que acontece, como voc\u00ea ir\u00e1 justificar essas coisas? Como voc\u00ea manter\u00e1 Deus sagrado, misericordioso e ben\u00e9fico se voc\u00ea pensa que Deus \u00e9 o autor do comportamento humano e dos conflitos humanos?<\/p>\n<p>Deve haver um esclarecimento aqui. Precisa existir um entendimento maior, ou a f\u00e9 ir\u00e1 falhar com voc\u00ea caso ela j\u00e1 n\u00e3o tenha falhado.<\/p>\n<p>Existem muitas pessoas hoje cuja f\u00e9 j\u00e1 foi abalada. Elas ficaram c\u00ednicas, e seus medos tornaram-se justificados. Elas n\u00e3o acreditam numa promessa maior para a humanidade. E caso elas sejam religiosas, elas pensar\u00e3o que a humanidade ir\u00e1 sofrer sob o peso da recrimina\u00e7\u00e3o e da puni\u00e7\u00e3o de Deus.<\/p>\n<p>Elas pensam essas coisas porque perderam a f\u00e9 naquilo que \u00e9 mais essencial na vida. Elas n\u00e3o est\u00e3o cientes do grande dom do Conhecimento \u2013 uma intelig\u00eancia maior que foi dada \u00e0 fam\u00edlia humana, que reside dentro de cada cora\u00e7\u00e3o como um potencial dentro de cada pessoa.<\/p>\n<p>Elas viram os seus sonhos serem abalados por meio do conflito, da corrup\u00e7\u00e3o e da degrada\u00e7\u00e3o humana. E agora seus cora\u00e7\u00f5es est\u00e3o fechados e suas mentes ficaram sombrias. Elas sucumbir\u00e3o facilmente \u00e0s Trevas Maiores no mundo, que pode falar ao medo delas e \u00e0 raiva delas e \u00e0 desconfian\u00e7a delas.<\/p>\n<p>Elas n\u00e3o est\u00e3o cientes do grande dom vindo do Criador de toda a vida. \u00c9 este dom \u2013 esta intelig\u00eancia mais profunda, este poder misterioso, esta for\u00e7a invis\u00edvel \u2013 que deve ser a fonte da sua f\u00e9.<\/p>\n<p>Tudo \u00e0 sua volta pode mudar. Tudo \u00e0 sua volta est\u00e1 sujeito a destrui\u00e7\u00e3o e a profana\u00e7\u00e3o. Mas o que Deus colocou dentro de voc\u00ea est\u00e1 al\u00e9m do alcance do engano e da corrup\u00e7\u00e3o humana. Est\u00e1 al\u00e9m do alcance da manipula\u00e7\u00e3o e da sedu\u00e7\u00e3o por qualquer for\u00e7a, seja esta uma for\u00e7a humana ou uma for\u00e7a vinda de fora do mundo.<\/p>\n<p>Este poder maior dentro de voc\u00ea est\u00e1 aqui para gui\u00e1-lo e para proteg\u00ea-lo, para gui\u00e1-lo para a maior de suas express\u00f5es na vida e para as suas maiores contribui\u00e7\u00f5es ao mundo e a toda a vida aqui. Ele est\u00e1 dentro de voc\u00ea neste momento. E estar\u00e1 dentro de voc\u00ea a cada momento, independentemente do que aconte\u00e7a no lado de fora.<\/p>\n<p>Se a sua f\u00e9 est\u00e1 nas coisas que se pode ver e tocar, voc\u00ea est\u00e1 se colocando em grande vulnerabilidade. Voc\u00ea est\u00e1 garantindo que o seu futuro ser\u00e1 preenchido com raiva e desapontamento, choque e trag\u00e9dia.<\/p>\n<p>Voc\u00eas est\u00e3o entrando em tempos muito turbulentos no mundo. O mundo est\u00e1 em decl\u00ednio. Os recursos do mundo est\u00e3o diminuindo. Por\u00e9m, as popula\u00e7\u00f5es humanas continuam a crescer. Houve grandes danos aos recursos sustentadores de vida deste mundo. O meio-ambiente foi comprometido em um grau muito alto. E existem for\u00e7as vindas de fora do mundo que est\u00e3o aqui para tirar vantagem de uma humanidade fraca e dividida.<\/p>\n<p>Onde vai ficar a sua f\u00e9 diante de todas essas dificuldades e desafios? Como voc\u00ea manter\u00e1 o seu foco na grande promessa para a humanidade? Como voc\u00ea vai evitar perder a f\u00e9 em si mesmo, nas outras pessoas, nos pa\u00edses, nos governos, e em Deus, conforme o seu mundo passa por uma mudan\u00e7a catacl\u00edsmica? A sua vida ent\u00e3o est\u00e1 destinada a imensos desapontamento, confus\u00e3o e desilus\u00e3o caso a sua f\u00e9 esteja nas coisas que se pode ver, ouvir e tocar.<\/p>\n<p>\u00c9 o poder maior do Conhecimento \u2013 o Mist\u00e9rio, a comprova\u00e7\u00e3o das coisas que n\u00e3o se pode ver \u2013 que deve ser o foco da sua f\u00e9; que deve ser o \u00e2mago da sua religi\u00e3o; que deve ser a fonte do seu encorajamento, da sua sabedoria e da sua orienta\u00e7\u00e3o.<\/p>\n<p>Esta \u00e9 a grande f\u00e9. Esta \u00e9 a f\u00e9 que exige refor\u00e7o. Esta \u00e9 a f\u00e9 que pedir\u00e1 para voc\u00ea colocar a sua confian\u00e7a em um poder maior que n\u00e3o se pode ver \u2013 um poder que voc\u00ea pode apenas experimentar de forma intermitente, ou mesmo raramente.<\/p>\n<p>Os verdadeiros praticantes da religi\u00e3o ao longo das eras conheceram este poder maior, mas ele segue irreconhecido por quase todas as pessoas [hoje] independentemente de seus pa\u00edses ou de suas tradi\u00e7\u00f5es de f\u00e9.<\/p>\n<p>\u00c9 por isso que h\u00e1 uma Nova Mensagem de Deus no mundo \u2013 uma Mensagem para restaurar esta f\u00e9, para enfatizar a import\u00e2ncia dela, para lhe mostrar como ela lhe d\u00e1 liberdade da vulnerabilidade, liberdade da raiva, liberdade do desapontamento e da desilus\u00e3o.<\/p>\n<p>Pois voc\u00ea pode perder a f\u00e9 em todas as coisas que se pode ver e tocar, mas a f\u00e9 no Conhecimento deve permanecer forte. Se este puder ser o caso, ent\u00e3o voc\u00ea ser\u00e1 capaz de suportar as Grandes Ondas de mudan\u00e7a sem perder a sua aprecia\u00e7\u00e3o pela sua natureza Divina ou a natureza Divina de outros que habitam aqui. Voc\u00ea ser\u00e1 capaz de praticar o perd\u00e3o, a toler\u00e2ncia e a modera\u00e7\u00e3o \u2013 coisas que de outra forma voc\u00ea perderia sem esta grande f\u00e9.<\/p>\n<p>Esta grande f\u00e9 garante que o Poder de Deus est\u00e1 ali para gui\u00e1-lo, para proteg\u00ea-lo e para conduz\u00ed-lo a grandes realiza\u00e7\u00f5es na vida. Sem tal f\u00e9, voc\u00ea n\u00e3o veria esta possibilidade maior. Voc\u00ea n\u00e3o reconheceria os sinais dentro de si mesmo. Voc\u00ea n\u00e3o prestaria aten\u00e7\u00e3o \u00e0 dire\u00e7\u00e3o que \u00e9 fornecida.<\/p>\n<p>Pois voc\u00ea seria suplantado pelo mundo ao seu redor \u2013 balan\u00e7ado pelas queixas, pela f\u00faria e pelo conflito que voc\u00ea v\u00ea e escuta a sua volta. Voc\u00ea ficaria perdido \u2013 arrastado pelas Grandes Ondas de mudan\u00e7a, suplantado pelo sofrimento humano, esmagado por um mundo que voc\u00ea n\u00e3o conseguiria entender. E a sua mente encheria-se com raiva, medo e vingan\u00e7a.<\/p>\n<p>Seu destino ent\u00e3o se torna n\u00edtido, pois sem esta f\u00e9 maior voc\u00ea cair\u00e1 na escurid\u00e3o. Voc\u00ea perder\u00e1 a sua conex\u00e3o com a Divindade. Voc\u00ea rezar\u00e1 para as coisas mudarem. Voc\u00ea rezar\u00e1 para as coisas melhorarem. Voc\u00ea rezar\u00e1 para a sua vida ser poupada. Mas todas as suas preces estar\u00e3o cheias de medo e incompreens\u00e3o. Elas n\u00e3o estar\u00e3o baseadas na grande f\u00e9 que voc\u00ea precisa ter se voc\u00ea quiser resistir \u00e0s Grandes Ondas de mudan\u00e7a e ser uma luz no mundo de escurid\u00e3o.<\/p>\n<p>Pois o Conhecimento n\u00e3o est\u00e1 aqui simplesmente para guiar e proteger voc\u00ea. Ele est\u00e1 aqui para capacit\u00e1-lo a descobrir e expressar as d\u00e1divas maiores que voc\u00ea trouxe para o mundo.<\/p>\n<p>Voc\u00ea veio para o mundo em uma \u00e9poca de grande mudan\u00e7a e agita\u00e7\u00e3o. Esta grande mudan\u00e7a e agita\u00e7\u00e3o \u2013 ao inv\u00e9s de derrot\u00e1-lo, ao inv\u00e9s de jog\u00e1-lo na confus\u00e3o e na escurid\u00e3o \u2013 na verdade vai suscitar em voc\u00ea as d\u00e1divas que voc\u00ea veio para dar. Pois este \u00e9 o mundo que voc\u00ea veio para servir. E as circunst\u00e2ncias dele dar\u00e3o uma defini\u00e7\u00e3o ao seu maior prop\u00f3sito e significado aqui.<\/p>\n<p>Talvez voc\u00ea comece a ver nisso que as pr\u00f3prias circunst\u00e2ncias que de outra forma o derrotariam, s\u00e3o as circunst\u00e2ncias que ir\u00e3o ilumin\u00e1-lo, que ir\u00e3o suscitar as suas maiores d\u00e1divas ao mundo. Esta \u00e9 uma resposta completamente diferente do que a resposta da maioria das pessoas ao seu redor. Esta \u00e9 uma resposta completamente diferente do que voc\u00ea daria se a grande f\u00e9 n\u00e3o estivesse sustentada dentro de voc\u00ea.<\/p>\n<p>Porque esteja a humanidade se elevando ou caindo, o poder do Conhecimento vive dentro de voc\u00ea. E voc\u00ea pode amplificar este poder nos outros ao compartilhar a grande f\u00e9 com eles, ao compartilhar a Nova Mensagem de Deus com eles, que fala desta grande f\u00e9 e enfatiza a import\u00e2ncia vital dela tanto agora como no futuro.<\/p>\n<p>Este \u00e9 o Poder de Deus dentro de voc\u00ea. Esta \u00e9 a sua conex\u00e3o [com Deus]. Isto \u00e9 o que ir\u00e1 satisfazer a necessidade mais profunda da sua Alma, que segue insatisfeita por todos os prazeres e excita\u00e7\u00f5es do mundo.<\/p>\n<p>Pois ela [a alma] precisa perceber o prop\u00f3sito dela e satisfaz\u00ea-lo aqui no mundo. Esta \u00e9 a grande necessidade da sua alma. E esta necessidade pode ser satisfeita mesmo se as civiliza\u00e7\u00f5es estiverem em conflito, mesmo se toda a esperan\u00e7a pare\u00e7a estar perdida nas mentes e nos cora\u00e7\u00f5es das pessoas a sua volta.<\/p>\n<p>Quem ent\u00e3o ir\u00e1 gui\u00e1-las, exceto quem possui esta grande f\u00e9? Quem ir\u00e1 restaur\u00e1-las e dar for\u00e7a, coragem e sabedoria a elas exceto aqueles que possuem esta grande f\u00e9? Quem ser\u00e1 uma luz para o mundo, e quem ser\u00e1 capaz de combater a Grande Escurid\u00e3o no mundo exceto aqueles que possuem esta grande f\u00e9?<\/p>\n<p>Quem ser\u00e1 capaz de ver al\u00e9m das divis\u00f5es da ideologia religiosa e da interpreta\u00e7\u00e3o hist\u00f3rica, e quem ser\u00e1 capaz de reparar os conflitos que existem entre as religi\u00f5es mundiais exceto aqueles que possuem esta grande f\u00e9? Quem ser\u00e3o os mantenedores e os patrocinadores da paz, que n\u00e3o se voltar\u00e3o para a viol\u00eancia, que n\u00e3o escolher\u00e3o lados e brigar\u00e3o exceto aqueles com esta grande f\u00e9?<\/p>\n<p>Voc\u00ea deve ent\u00e3o ter f\u00e9, no que o Criador de toda a vida colocou dentro de voc\u00ea para gui\u00e1-lo e proteg\u00ea-lo, e para conduz\u00ed-lo a sua express\u00e3o e realiza\u00e7\u00e3o maior no mundo.<\/p>\n<p>A sua confian\u00e7a em qualquer outra coisa tem que ser muito reservada e condicionada. Pois muitas coisas v\u00e3o mudar, e voc\u00ea deve permitir que esta mudan\u00e7a aconte\u00e7a. Voc\u00ea pode falar contra esta mudan\u00e7a e voc\u00ea pode tentar neutralizar suas consequ\u00eancias mais danosas, mas voc\u00ea deve permitir que esta mudan\u00e7a ocorra.<\/p>\n<p>O que voc\u00ea pode dar \u00e0s pessoas \u00e9 comida, \u00e1gua, abrigo e a grande f\u00e9. Cuidando das pessoas, alimentando as pessoas, auxiliando e dando \u00e0 elas a grande f\u00e9 \u2013 isto \u00e9 o que ser\u00e1 necess\u00e1rio. Pois \u00e9 somente a grande f\u00e9 que dar\u00e1 um futuro para a humanidade. \u00c9 somente a grande f\u00e9 que ir\u00e1 capacitar voc\u00ea e outros a navegarem as dif\u00edceis \u00e1guas \u00e0 frente. Ela ser\u00e1 a sua jangada nos mares turbulentos.<\/p>\n<p>Somente esta grande f\u00e9 ir\u00e1 mostrar a humanidade que ela tem um grande motivo para se unir em sua pr\u00f3pria defesa e para a prote\u00e7\u00e3o do mundo. \u00c9 isto, ent\u00e3o, que permitir\u00e1 que a humanidade tenha um futuro maior \u2013 um futuro maior do que seu passado. Mas este futuro n\u00e3o se basear\u00e1 em mandatos pol\u00edticos ou ideologias religiosas. Ele ser\u00e1 estabelecido e constru\u00eddo sobre uma grande f\u00e9.<\/p>\n<p>Pois somente o poder do Conhecimento dentro de voc\u00ea pode suportar as vicissitudes da vida e os conflitos do mundo. O Conhecimento est\u00e1 aqui em uma miss\u00e3o dentro de voc\u00ea e dentro de cada pessoa, para fazer uma contribui\u00e7\u00e3o espec\u00edfica e \u00fanica a um mundo em mudan\u00e7a. O Conhecimento dentro de voc\u00ea \u00e9 totalmente preparado para lidar com as dificuldades \u00e0 frente, muito embora voc\u00ea mesmo n\u00e3o seja.<\/p>\n<p>Somente este grande Conhecimento dentro de voc\u00ea pode permanecer puro e sem ser afetado, ainda que as pessoas ao seu redor fiquem enraivecidas, aterrorizadas e inseguras. Ent\u00e3o \u00e9 a certeza nascida do Conhecimento que ser\u00e1 o seu verdadeiro conselheiro e o seu verdadeiro guia, e ser\u00e1 a comprova\u00e7\u00e3o de um Poder Maior dentro de voc\u00ea e do mundo.<\/p>\n<p>Voc\u00ea trabalha para o bem. Voc\u00ea vai tentar aliviar o sofrimento. Mas voc\u00ea deve fazer isso sob a orienta\u00e7\u00e3o do Conhecimento, ou o mundo ir\u00e1 capturar voc\u00ea e lev\u00e1-lo embora. Voc\u00ea cair\u00e1 nas divis\u00f5es e nos conflitos do mundo. Voc\u00ea escolher\u00e1 lados, e voc\u00ea ir\u00e1 brigar e voc\u00ea lutar\u00e1.<\/p>\n<p>Mesmo o seu desejo de servir a humanidade deve ser guiado por este poder maior dentro de voc\u00ea. De outro modo, o seu desejo de dar ser\u00e1 constru\u00eddo em cima das suas pr\u00f3prias ambi\u00e7\u00f5es, seus pr\u00f3prios ideais, suas pr\u00f3prias queixas. Ele n\u00e3o ser\u00e1 puro e n\u00e3o ser\u00e1 eficaz. O seu desejo por um mundo melhor, e mesmo as suas ideias de estabelecer um mundo melhor em qualquer campo que voc\u00ea esteja interessado ou no qual voc\u00ea tenha experi\u00eancia, tamb\u00e9m deve ser guiado pelo Conhecimento, ou as suas ideias e as suas a\u00e7\u00f5es n\u00e3o ser\u00e3o eficazes.<\/p>\n<p>Pois somente Deus tem uma resposta para o futuro. Voc\u00ea n\u00e3o tem uma resposta. A mudan\u00e7a que est\u00e1 sobre a humanidade \u00e9 demasiadamente grande para o seu intelecto compreender. \u00c9 demasiadamente grande para o seu intelecto resolver sem esta grande f\u00e9 e sem este grande poder.<\/p>\n<p>De certa forma, voc\u00ea [como indiv\u00edduo] e a pr\u00f3pria humanidade [tem sido levados] a um ponto de desespero, aonde voc\u00ea precisa encontrar o poder do Conhecimento ou arriscar fracasso e colapso.<\/p>\n<p>\u00c9 por isso que h\u00e1 uma Nova Mensagem de Deus no mundo, porque \u00e9 somente esta Nova Mensagem que pode salvar a humanidade. \u00c9 somente esta Nova Mensagem agora que pode desconsiderar as divis\u00f5es da humanidade \u2013 as divis\u00f5es de cultura, as divis\u00f5es da religi\u00e3o, as divis\u00f5es de etnia e poder econ\u00f4mico. \u00c9 somente esta grande f\u00e9 que n\u00e3o \u00e9 afetada pelo passado \u2013 pela hist\u00f3ria turbulenta, violenta e grave da fam\u00edlia humana.<\/p>\n<p>Esta \u00e9 a necessidade da alma: a necessidade de encontrar e realizar a sua miss\u00e3o no mundo. Pois voc\u00ea n\u00e3o est\u00e1 aqui por acidente. Voc\u00ea n\u00e3o foi simplesmente trazido pela mar\u00e9. Voc\u00ea veio por um prop\u00f3sito. Voc\u00ea veio para servir um mundo em necessidade e para fazer uma contribui\u00e7\u00e3o \u00fanica e espec\u00edfica. Mas somente o Conhecimento dentro de voc\u00ea sabe realmente o que \u00e9.<\/p>\n<p>As pessoas s\u00e3o muito impacientes e querem ter a resposta imediatamente, assim elas criam uma resposta que lhes \u00e9 atraente, que as faz se sentirem bem e confort\u00e1vel, protegidas e seguras. Mas essas no\u00e7\u00f5es, essas ideias e essas propostas n\u00e3o t\u00eam poder algum em face das Grandes Ondas de mudan\u00e7a. Elas desmoronar\u00e3o sob o peso do destino humano. Elas s\u00e3o meros desejos. N\u00e3o cont\u00eam nenhuma for\u00e7a, nenhuma sabedoria, nenhuma seguran\u00e7a nelas.<\/p>\n<p>Voc\u00ea precisa ter um poder maior dentro de si no qual confiar. Voc\u00ea precisa ter uma f\u00e9 maior neste poder. Esta f\u00e9 n\u00e3o deve ser constru\u00edda sobre coisas que voc\u00ea pode ver e tocar, sobre ideias e sistemas de cren\u00e7a. Ela deve ter uma funda\u00e7\u00e3o maior. Pois as funda\u00e7\u00f5es da religi\u00e3o e as funda\u00e7\u00f5es do governo ser\u00e3o todas sacudidas e, em alguns casos, ir\u00e3o at\u00e9 entrar em colapso em face das Grandes Ondas de mudan\u00e7a.<\/p>\n<p>Voc\u00ea precisa ter uma funda\u00e7\u00e3o que \u00e9 maior do que o mundo. E voc\u00ea precisa fortalecer esta funda\u00e7\u00e3o dando os Passos para o Conhecimento, aprendendo o Caminho do Conhecimento, recebendo a Nova Mensagem de Deus e reconhecendo essa grande f\u00e9 em todas as grandes tradi\u00e7\u00f5es religiosas do mundo.<\/p>\n<p>Porque a grande f\u00e9 n\u00e3o \u00e9 nova. Ela foi apenas esquecida. Foi apenas obscurecida por rituais, pela hist\u00f3ria e por cren\u00e7as. Ela foi esquecida. As pessoas acreditam em institui\u00e7\u00f5es, em santu\u00e1rios, em rituais, em interpreta\u00e7\u00f5es hist\u00f3ricas. Elas seguem grandes l\u00edderes, avatares, salvadores ou santos. Mas esqueceram-se da coisa mais importante. E essa coisa \u00e9 a grande f\u00e9.<\/p>\n<p>Quando voc\u00ea rezar para a grande f\u00e9, pe\u00e7a para ele [o Conhecimento] tornar-se forte e para guiar voc\u00ea \u2013 para revelar-lhe os seus erros, para mostrar-lhe a sua fraqueza, para mostrar-lhe o que voc\u00ea precisa corrigir, o que voc\u00ea precisa fortalecer e o que voc\u00ea precisa deixar de lado. Pe\u00e7a pelo conselho e pela sabedoria dele, mas tamb\u00e9m pe\u00e7a a for\u00e7a para segu\u00ed-lo, a coragem para segu\u00ed-lo e a liberdade que ele dar\u00e1 para voc\u00ea de todas as outras obriga\u00e7\u00f5es.<\/p>\n<p>Se voc\u00ea for seguir o grande caminho, voc\u00ea precisa ter essa for\u00e7a, essa coragem e essa liberdade. [Isto] n\u00e3o acontece tudo de uma vez. Voc\u00ea as obt\u00eam progressivamente, passo a passo. Voc\u00ea constr\u00f3i a sua conex\u00e3o com o Conhecimento. Voc\u00ea se torna atento ao Conhecimento e sens\u00edvel a ele. Voc\u00ea come\u00e7a a prestar aten\u00e7\u00e3o \u00e0s mensagens e aos alertas dele. Voc\u00ea sente a modera\u00e7\u00e3o, e voc\u00ea permite que ele impulsione a sua vida em certas dire\u00e7\u00f5es.<\/p>\n<p>Voc\u00ea aprende com o tempo a distinguir o poder do Conhecimento de todas as outras for\u00e7as dentro da sua mente \u2013 de todas as outras compuls\u00f5es e impulsos, ideias e persuas\u00f5es. Isto leva tempo para que se aprenda e desenvolva.<\/p>\n<p>Voc\u00ea deve aprender essas coisas e desenvolver essas coisas se a grande f\u00e9 for se tornar significativa e verdadeira para voc\u00ea, e se o imenso servi\u00e7o dela a voc\u00ea e a humanidade for realizado.<\/p>\n<p>Portanto, reconhe\u00e7a o que merece a sua f\u00e9 e a sua devo\u00e7\u00e3o. Perceba que aquilo que n\u00e3o se pode ver possui todo o poder e que aquilo que se pode ver \u00e9 o que \u00e9 fraco e vulner\u00e1vel. Nisso voc\u00ea ver\u00e1 que Deus \u00e9 grande e o mundo \u00e9 pequeno, que os pa\u00edses e as religi\u00f5es s\u00e3o vulner\u00e1veis e que a fraqueza humana est\u00e1 em toda parte.<\/p>\n<p>E voc\u00ea ver\u00e1 que tudo o que ocorre com voc\u00ea na vida, ou ir\u00e1 lhe mostrar a evid\u00eancia do Conhecimento, ou a necessidade pelo Conhecimento, e que tudo que acontece fundamentar\u00e1 a sua grande f\u00e9, a maior f\u00e9 que voc\u00ea agora precisa ter. Pois este \u00e9 o seu futuro e esta \u00e9 a sua promessa. Este \u00e9 o seu chamado e esta \u00e9 a sua miss\u00e3o.<\/p>\n<p>Permita que a Nova Mensagem de Deus revele isso a voc\u00ea sem meios-termos, sem distor\u00e7\u00f5es do passado. Ent\u00e3o voc\u00ea ser\u00e1 capaz de ver a comprova\u00e7\u00e3o disso em todas as grandes tradi\u00e7\u00f5es religiosas. E voc\u00ea ver\u00e1 os grandes professores e os grandes Mensageiros do passado sob uma luz diferente. E voc\u00ea entender\u00e1 as a\u00e7\u00f5es deles e as miss\u00f5es deles muito mais claramente, pois a sua miss\u00e3o estar\u00e1 emergindo lentamente dentro de voc\u00ea enquanto voc\u00ea d\u00e1 os Passos para o Conhecimento.<\/p>\n<p>Que o poder e a presen\u00e7a do Conhecimento estejam com voc\u00ea neste dia. Que a sua mente se torne quieta. Que voc\u00ea aprenda a escutar e a discernir a comprova\u00e7\u00e3o do poder maior dentro de voc\u00ea. Que voc\u00ea permane\u00e7a com ele e que voc\u00ea deposite nele a sua grande f\u00e9, pois aqui a sua f\u00e9 encontra a sua verdadeira morada e a sua verdadeira express\u00e3o.<\/p>\n","protected":false},"excerpt":{"rendered":"<p>\u00c9 necess\u00e1rio agora considerar o que \u00e9 a f\u00e9 verdadeira \u00e0 luz de uma grande mudan\u00e7a no mundo, com a vinda das [Grandes] Ondas de mudan\u00e7a que ir\u00e3o varrer a face do mundo, com as Trevas Maiores que est\u00e3o no mundo, o seu entendimento sobre f\u00e9 deve mudar. Ele precisa chegar num n\u00edvel mais elevado,\u2026 <a class=\"read-more\" href=\"https:\/\/www.v6.newmessage.org\/pt\/a-mensagem\/volume-1\/a-religiao-pura\/a-grande-fe\"><span>Read More<\/span><\/a><\/p>\n","protected":false},"author":39,"featured_media":0,"parent":16492,"menu_order":0,"comment_status":"closed","ping_status":"closed","template":"template-leftsidebar.php","meta":{"_monsterinsights_skip_tracking":false,"_monsterinsights_sitenote_active":false,"_monsterinsights_sitenote_note":"","_monsterinsights_sitenote_category":0,"footnotes":""},"categories":[76,118,30,466,460],"tags":[127,248,349,404,405],"_links":{"self":[{"href":"https:\/\/www.v6.newmessage.org\/pt\/wp-json\/wp\/v2\/pages\/27685"}],"collection":[{"href":"https:\/\/www.v6.newmessage.org\/pt\/wp-json\/wp\/v2\/pages"}],"about":[{"href":"https:\/\/www.v6.newmessage.org\/pt\/wp-json\/wp\/v2\/types\/page"}],"author":[{"embeddable":true,"href":"https:\/\/www.v6.newmessage.org\/pt\/wp-json\/wp\/v2\/users\/39"}],"replies":[{"embeddable":true,"href":"https:\/\/www.v6.newmessage.org\/pt\/wp-json\/wp\/v2\/comments?post=27685"}],"version-history":[{"count":3,"href":"https:\/\/www.v6.newmessage.org\/pt\/wp-json\/wp\/v2\/pages\/27685\/revisions"}],"predecessor-version":[{"id":27689,"href":"https:\/\/www.v6.newmessage.org\/pt\/wp-json\/wp\/v2\/pages\/27685\/revisions\/27689"}],"up":[{"embeddable":true,"href":"https:\/\/www.v6.newmessage.org\/pt\/wp-json\/wp\/v2\/pages\/16492"}],"wp:attachment":[{"href":"https:\/\/www.v6.newmessage.org\/pt\/wp-json\/wp\/v2\/media?parent=27685"}],"wp:term":[{"taxonomy":"category","embeddable":true,"href":"https:\/\/www.v6.newmessage.org\/pt\/wp-json\/wp\/v2\/categories?post=27685"},{"taxonomy":"post_tag","embeddable":true,"href":"https:\/\/www.v6.newmessage.org\/pt\/wp-json\/wp\/v2\/tags?post=27685"}],"curies":[{"name":"wp","href":"https:\/\/api.w.org\/{rel}","templated":true}]}}