{"id":27617,"date":"2017-02-05T01:44:50","date_gmt":"2017-02-05T01:44:50","guid":{"rendered":"http:\/\/www.newmessage.org\/pt\/?page_id=27617"},"modified":"2017-02-05T01:48:13","modified_gmt":"2017-02-05T01:48:13","slug":"o-que-e-criacao","status":"publish","type":"page","link":"https:\/\/www.v6.newmessage.org\/pt\/a-mensagem\/volume-1\/o-unico-deus\/o-que-e-criacao","title":{"rendered":"O que \u00e9 a Cria\u00e7\u00e3o?"},"content":{"rendered":"\n<div class=\"tabgroup \"><ul class=\"tabs\"><li><a href=\"#tabs-1\">Sobre<\/a><\/li>\n<li><a href=\"#tabs-2\">Mais<\/a><\/li><\/ul>\n <div id=\"tabs-1\"><\/p>\n<p>Ou\u00e7a a revela\u00e7\u00e3o falada original (em ingl\u00eas):<\/p>\n<div id=\"jquery_jplayer_1\" class=\"jp-jplayer\"><\/div>\n\t\t\t\t<div id=\"jp_container_1\" class=\"jp-audio\">\n\t\t\t\t<div class=\"jp-type-single\"><div class=\"jp-control\"><a href=\"javascript:;\" class=\"jp-play\" tabindex=\"1\">play<\/a><a href=\"javascript:;\" class=\"jp-pause\" tabindex=\"1\">pause<\/a><\/div> <div class=\"jp-gui jp-interface\"><div class=\"jp-volume\"><div class=\"jp-volume-bar\"><div class=\"jp-volume-bar-value\"><\/div><\/div><\/div><div class=\"jp-progress\"><div class=\"jp-seek-bar\"><div class=\"jp-play-bar\"><\/div><\/div><\/div><\/div>\t\t\t\t\t<div class=\"jp-no-solution\"><span>Update Required<\/span>To play the media you will need to either update your browser to a recent version or update your <a href=\"http:\/\/get.adobe.com\/flashplayer\/\" target=\"_blank\">Flash plugin<\/a>.<\/div><\/div><\/div>\n\t\t\t<script type='text\/javascript'>\n\t\t\t\tjQuery(document).ready(function() {\n\t\t\t\t\tif (typeof (sermonMedia) == 'function') {\n\t\t\t\t\t\tsermonMedia.addAudio('', \"jquery_jplayer_1\");\n\t\t\t\t\t}\n\t\t\t\t\tjQuery.jPlayer.timeFormat.showHour = true;\n\t\t\t\t\tjQuery(\"#jquery_jplayer_1\").jPlayer({\n\t\t\t\t\t\tready: function(event) {\n\t\t\t\t\t\t\tjQuery(this).jPlayer(\"setMedia\", {mp3: 'https:\/\/newmessage.org\/av\/what-is-creation.mp3'});\n\t\t\t\t\t\t},\n\t\t\t\t\t\tplay: function() {\n\t\t\t\t\t\t\tjQuery(this).jPlayer(\"pauseOthers\");\n\t\t\t\t\t\t},\n\t\t\t\t\t\tswfPath: ThemeData.directory_uri+\"\/swf\",\n\t\t\t\t\t\tsolution: \"html, flash\",\n\t\t\t\t\t\tpreload: \"metadata\",\n\t\t\t\t\t\twmode: \"window\",\n\t\t\t\t\t\tsupplied: \"mp3\",\n\t\t\t\t\t\tcssSelectorAncestor: '#jp_container_1'\n\t\t\t\t\t});\n\t\t\t\t});\n\t\t\t<\/script><\/p>\n<p><a title=\"The Proclamation\" href=\"\/\/newmessage.org\/av\/what-is-creation.mp3\">Baixar<\/a> (clique com o bot\u00e3o direito para baixar)<\/p>\n<p><em>Assim como revelado a<br \/>\nMarshall Vian Summers<br \/>\nem 4 de fevereiro de 2008<br \/>\nem Boulder, Colorado, EUA.<\/em><\/p>\n<div class=\"toggle toggle-white\"><h4 class=\"trigger \"><span class=\"t_ico\"><\/span><a href=\"#\">Sobre esta grava\u00e7\u00e3o<\/a><\/h4><div class=\"toggle_container \"><br \/>\n<p>Nesta grava\u00e7\u00e3o em \u00e1udio voc\u00ea est\u00e1 ouvindo a voz da <a href=\"\/a-mensagem\/termos-importantes#aa\">Assembleia Ang\u00e9lica<\/a> falando atrav\u00e9s do <a href=\"\/o-mensageiro-de-deus\/quem-e-marshallviansummers\">Mensageiro Marshall Vian Summers<\/a>.<\/p>\n<p>Aqui, a comunica\u00e7\u00e3o original de Deus, que existe al\u00e9m de palavras, \u00e9 traduzida em linguagem e entendimento humano pela <a href=\"\/a-mensagem\/termos-importantes#aa\">Assembleia Ang\u00e9lica<\/a> que supervisiona o mundo. A Assembleia em seguida entrega a Mensagem de Deus atrav\u00e9s do Mensageiro.<\/p>\n<p>Neste processo incr\u00edvel a <a href=\"\/a-mensagem\/termos-importantes#voz\">Voz da Revela\u00e7\u00e3o<\/a> est\u00e1 falando novamente. A Palavra e o Som est\u00e3o no mundo. Pela primeira vez na hist\u00f3ria, a grava\u00e7\u00e3o de uma revela\u00e7\u00e3o original falada est\u00e1 dispon\u00edvel a voc\u00ea e ao mundo para ser vivenciada.<\/p>\n<p>Que voc\u00ea seja o recipiente desta d\u00e1diva de Revela\u00e7\u00e3o e que voc\u00ea esteja aberto para receber a sua Mensagem \u00fanica para voc\u00ea e para a sua vida.<\/p>\n<br \/>\n<\/div><\/div>\n<p><\/div>\n<div id=\"tabs-2\"><br \/>\n<\/div>\n\t\t\t\t<div align=\"right\">\n\t\t\t<div class=\"fb-like\" data-href=\"\" data-layout=\"button_count\" data-action=\"like\" data-show-faces=\"false\" data-share=\"false\"><\/div>\n\t\t\t<div class=\"fb-share-button\" data-layout=\"button_count\"> <\/div>\n\t\t\t<div class=\"fb_iframe_widget\"><a href=\"https:\/\/twitter.com\/godsnewmessage?ref_src=twsrc%5Etfw\" class=\"twitter-follow-button\" data-show-count=\"false\">Follow @godsnewmessage<\/a><script async src=\"https:\/\/platform.twitter.com\/widgets.js\" charset=\"utf-8\"><\/script><\/div>\n\t\t\t<\/div> <\/div> \n\n<p>Agora \u00e9 tempo da humanidade aprender sobre a espiritualidade na Comunidade Maior de vida na qual o seu mundo sempre existiu. Agora \u00e9 tempo de superar o foco tribal e a identifica\u00e7\u00e3o tribal para aprender um novo paradigma, para compreender a evolu\u00e7\u00e3o do entendimento religioso no universo onde ele tem sido expressado mais plenamente e onde ele tem sido alcan\u00e7ado mais excelentemente.<\/p>\n<p>A humanidade deve agora alcan\u00e7ar uma perspectiva maior a fim de estabelecer a uni\u00e3o e o entendimento humano, para conhecer e enfrentar as Grandes Ondas de mudan\u00e7a que est\u00e3o vindo ao mundo e para reconhecer e neutralizar as Trevas Maiores que est\u00e3o no mundo.<\/p>\n<p>Voc\u00ea n\u00e3o pode encontrar uma nova realidade com um entendimento antigo, e \u00e9 por isso que Deus enviou uma Nova Mensagem para o mundo, uma Mensagem para a prote\u00e7\u00e3o e o avan\u00e7o da humanidade.<\/p>\n<p>A primeira quest\u00e3o \u00e9: O que \u00e9 a Cria\u00e7\u00e3o? A Cria\u00e7\u00e3o \u00e9 tudo que Deus criou dentro do tempo e al\u00e9m do tempo. Voc\u00ea vive dentro do tempo, portanto voc\u00ea vive em uma parte da Cria\u00e7\u00e3o que est\u00e1 em movimento, que est\u00e1 em fluxo, que \u00e9 inst\u00e1vel e que est\u00e1 evoluindo e se expandindo. Esta parte da Cria\u00e7\u00e3o foi estabelecida para proporcionar um lar para os separados, onde eles poderiam ter uma experi\u00eancia da Separa\u00e7\u00e3o e ter a oportunidade de escolher um caminho para retornar para aquela parte da Cria\u00e7\u00e3o que n\u00e3o muda, que \u00e9 completa e eterna.<\/p>\n<p>A Cria\u00e7\u00e3o com a qual voc\u00ea deve se preocupar \u00e9 esta Cria\u00e7\u00e3o tempor\u00e1ria \u2013 um lugar de tempo e espa\u00e7o, uma realidade f\u00edsica, uma realidade de mudan\u00e7a constante, de sistemas em evolu\u00e7\u00e3o, uma realidade de contraste e conflito, uma realidade de vida e de morte.<\/p>\n<p>A Separa\u00e7\u00e3o criou esta realidade, pois Deus sabia que os separados deveriam ter uma funda\u00e7\u00e3o na qual eles poderiam existir. Isto colocou em a\u00e7\u00e3o o universo f\u00edsico que voc\u00ea est\u00e1 apenas come\u00e7ando a compreender e que voc\u00ea deve aprender a servir e reconhecer se voc\u00ea est\u00e1 preparado para superar as fascina\u00e7\u00f5es deste universo e perdoar suas trag\u00e9dias.<\/p>\n<p>A Cria\u00e7\u00e3o al\u00e9m disto est\u00e1 al\u00e9m da sua consci\u00eancia agora, embora voc\u00ea esteja de fato vivendo dentro dela. Pois a Cria\u00e7\u00e3o tempor\u00e1ria est\u00e1 acontecendo em outro n\u00edvel. Voc\u00ea j\u00e1 est\u00e1 envolto pela Cria\u00e7\u00e3o permanente, mas os seus olhos n\u00e3o podem v\u00ea-la, os seus ouvidos n\u00e3o podem ouv\u00ed-la e os seus dedos n\u00e3o podem toc\u00e1-la porque os seus sentidos foram estabelecidos somente para reconhecer coisas f\u00edsicas e coisas que se movem, objetos que est\u00e3o se movendo e sons que est\u00e3o mudando.<\/p>\n<p>A realidade maior na qual voc\u00ea vive est\u00e1 em todo lugar ao redor de voc\u00ea. Voc\u00ea nunca saiu dela, mas devido a confian\u00e7a que voc\u00ea d\u00e1 aos seus sentidos voc\u00ea n\u00e3o pode vivenciar esta realidade maior diretamente sem um certo tipo de prepara\u00e7\u00e3o.<\/p>\n<p>Isto \u00e9 inteiramente confuso para o seu entendimento humano, e isto \u00e9 inteiramente confuso para o entendimento das incont\u00e1veis ra\u00e7as de seres que vivem na Comunidade Maior de vida inteligente que abrange o universo f\u00edsico no qual voc\u00ea vive. Todas elas vivem em Separa\u00e7\u00e3o. Todas elas est\u00e3o tendo uma experi\u00eancia de evolu\u00e7\u00e3o. Elas representam a evolu\u00e7\u00e3o da consci\u00eancia, da tecnologia e do estabelecimento social em todos os n\u00edveis conceb\u00edveis.<\/p>\n<p>Tudo isto est\u00e1 acontecendo dentro da pr\u00f3pria Cria\u00e7\u00e3o permanente. Pois embora parece haver Separa\u00e7\u00e3o e voc\u00ea vive nesse estado de separa\u00e7\u00e3o \u2013 onde tudo parece ser distinto e \u00fanico; onde tudo est\u00e1 mudando e se movendo, nascendo e morrendo \u2013 voc\u00ea n\u00e3o deixou a Cria\u00e7\u00e3o permanente. Ela ainda est\u00e1 aqui.<\/p>\n<p>A Separa\u00e7\u00e3o \u00e9 fundamentalmente um problema de percep\u00e7\u00e3o, comunica\u00e7\u00e3o e consci\u00eancia. Houve muitos poucos indiv\u00edduos na hist\u00f3ria da humanidade que foram capazes de romper o v\u00e9u que parece separar esta realidade f\u00edsica, tempor\u00e1ria e em mudan\u00e7a, da sua realidade permanente que representa a sua Antiga Morada \u2013 onde Deus \u00e9 conhecido, onde voc\u00ea \u00e9 conhecido, onde n\u00e3o existem quest\u00f5es pois n\u00e3o existem conflitos, onde mudan\u00e7a n\u00e3o existe pois n\u00e3o \u00e9 necess\u00e1ria.<\/p>\n<p>Isto \u00e9 inconceb\u00edvel para voc\u00ea em seu estado atual, e n\u00e3o \u00e9 nem mesmo desej\u00e1vel dadas as suas prioridades e objetivos. Mas \u00e9 importante que voc\u00ea saiba que na verdade a Separa\u00e7\u00e3o n\u00e3o teve sucesso e que o rompimento para longe de Deus n\u00e3o foi realizado de fato. Ela \u00e9 real na sua experi\u00eancia atual da realidade, dentro desta Cria\u00e7\u00e3o parcial na qual voc\u00ea existe. Mas ela est\u00e1 separada. \u00c9 por isso que ela est\u00e1 mudando e \u00e9 por isso que ela est\u00e1 evoluindo.<\/p>\n<p>Se a vida no f\u00edsico n\u00e3o mudasse e evolu\u00edsse, seria um Inferno para voc\u00ea. Imagine estar em uma realidade que voc\u00ea n\u00e3o gostasse, uma realidade que nunca mudasse. Voc\u00ea n\u00e3o teria esperan\u00e7a. Voc\u00ea n\u00e3o faria progresso algum. E mesmo que aquela realidade f\u00edsica, a realidade f\u00edsica imut\u00e1vel, fosse perfeita em atender todas as necessidades que voc\u00ea acha que tem, depois de um tempo voc\u00ea perceberia que viver dentro de um corpo \u00e9 inerentemente desconfort\u00e1vel, problem\u00e1tico e dif\u00edcil, e voc\u00ea iria querer estar livre. Mas voc\u00ea n\u00e3o poderia estar livre, nesse caso, pois voc\u00ea teria estabelecido um tipo de [imortalidade] na sua realidade f\u00edsica imagin\u00e1vel, e voc\u00ea ficaria preso, entende?<\/p>\n<p>O Inferno \u00e9 um lugar lindo onde voc\u00ea nunca pode ser feliz. Isto que \u00e9 o Inferno. Se voc\u00ea estivesse em um lugar de tormento de verdade, voc\u00ea iria querer ir imediatamente para casa, para Deus. Mas aqui, nesse lindo Inferno, voc\u00ea est\u00e1 ambivalente; voc\u00ea est\u00e1 apegado. Isto lhe intriga; isto lhe seduz; isto lhe hipnotiza. E embora voc\u00ea tema os perigos, os terrores e as imprevisibilidades nessa realidade f\u00edsica atual, voc\u00ea ainda est\u00e1 obcecado com ela.<\/p>\n<p>Ent\u00e3o para voc\u00ea, a Cria\u00e7\u00e3o \u00e9 o universo f\u00edsico. Ele parece ser eterno, mas na verdade ele \u00e9 tempor\u00e1rio. Ele tem um come\u00e7o, um meio e um fim. Voc\u00ea n\u00e3o chegou nem mesmo na metade deste universo em expans\u00e3o, ent\u00e3o isto \u00e9 algo que \u00e9 confuso para o seu entendimento.<\/p>\n<p>\u00c9 importante para voc\u00ea saber, caso voc\u00ea pense que a imortalidade no reino f\u00edsico \u00e9 algo desej\u00e1vel, voc\u00ea deve reconhecer que tal estado seria o pr\u00f3prio Inferno. Estar em um lindo lugar onde voc\u00ea jamais poderia ser feliz seria extremamente infernal e voc\u00ea seria mantido ali por muito tempo porque voc\u00ea continuaria querendo aquilo, acreditando naquilo, tendo esperan\u00e7a e tentando fazer com que funcionasse.<\/p>\n<p>O fato de que a sua realidade f\u00edsica est\u00e1 mudando constantemente, se expandindo, evoluindo e passando por crescimento e decad\u00eancia lhe d\u00e1 esperan\u00e7a e promessa de que o seu prop\u00f3sito maior e a necessidade da alma possam ser realizadas aqui.<\/p>\n<p>Isto requer uma funda\u00e7\u00e3o teol\u00f3gica e filos\u00f3fica inteiramente diferente. Se voc\u00ea acredita que voc\u00ea est\u00e1 no mundo porque voc\u00ea pecou ou porque voc\u00ea foi condenado, voc\u00ea ent\u00e3o n\u00e3o reconhecer\u00e1 a grande oportunidade que existe dentro da sua realidade para a sua reden\u00e7\u00e3o. De fato, devido aos fundamentos filos\u00f3ficos de muitas das religi\u00f5es do mundo hoje em dia, esta situa\u00e7\u00e3o se torna incrivelmente complexa, obscura e dif\u00edcil de se discernir.<\/p>\n<p>Ainda assim Deus colocou o Conhecimento dentro de voc\u00ea, uma mente mais profunda, um entendimento mais profundo. E este Conhecimento cont\u00eam o seu prop\u00f3sito, dire\u00e7\u00e3o e a promessa das suas realiza\u00e7\u00f5es maiores no mundo.<\/p>\n<p>Porque voc\u00ea entrou na Separa\u00e7\u00e3o, agora voc\u00ea deve servir a Separa\u00e7\u00e3o. Voc\u00ea deve servir as pessoas e a vida existente neste estado de separa\u00e7\u00e3o. \u00c9 assim que voc\u00ea redescobre e tem novamente a experi\u00eancia da perman\u00eancia da sua Antiga Morada.<\/p>\n<p>A reden\u00e7\u00e3o n\u00e3o se trata simplesmente de agradar a Deus e ir para o C\u00e9u ou n\u00e3o agradar a Deus e ir para o Inferno. Isto \u00e9 rid\u00edculo. Isto representa puramente um estado de separa\u00e7\u00e3o da mente e da percep\u00e7\u00e3o humana. Voc\u00ea acredita que o justo deveria ser recompensado e o perverso deveria ser punido, e que Deus dar\u00e1 as recompensas e as puni\u00e7\u00f5es. Voc\u00ea imagina que Deus \u00e9 como voc\u00ea \u2013 tendo o seu temperamento, tendo os seus valores, defendendo o seu senso de justi\u00e7a e satisfazendo os seus crit\u00e9rios e expectativas. Isto \u00e9 insensato e arrogante, \u00e9 claro, mas esta \u00e9 a posi\u00e7\u00e3o de muitas pessoas.<\/p>\n<p>Mas n\u00e3o se preocupe, pois todos neste universo f\u00edsico, as incont\u00e1veis ra\u00e7as de seres em todos os est\u00e1gios de evolu\u00e7\u00e3o, t\u00eam os mesmos tipos de suposi\u00e7\u00f5es. \u00c9 de se esperar. Isto n\u00e3o engana a Deus. Deus n\u00e3o se chateia com isto. Isto \u00e9 simplesmente o resultado de se estar vivendo em um estado de separa\u00e7\u00e3o.<\/p>\n<p>At\u00e9 mesmo as suas no\u00e7\u00f5es de religi\u00e3o e espiritualidade est\u00e3o fundamentadas neste estado de separa\u00e7\u00e3o. As pessoas imaginam que o C\u00e9u seja um tipo de vis\u00e3o perfeita da realidade f\u00edsica delas sem perceber que se tal realidade jamais fosse criada, ela seria o pr\u00f3prio Inferno. Estar em um lindo lugar onde voc\u00ea nunca poderia ser feliz seria um tipo de Inferno cont\u00ednuo.<\/p>\n<p>Deus n\u00e3o pode lhe fazer feliz num simples tocar de uma varinha de cond\u00e3o ou por um encantamento. Voc\u00ea deve retornar ao seu estado permanente como Deus o criou, n\u00e3o como um individuo em conflito. Voc\u00ea n\u00e3o seria capaz nem de experimentar a sua realidade permanente como um individuo infeliz e em conflito. Voc\u00ea veria as proje\u00e7\u00f5es da sua pr\u00f3pria mente. Voc\u00ea iria querer estar em um ambiente que representasse o seu pr\u00f3prio estado conflituoso, e \u00e9 isso que lhe mantem aqui.<\/p>\n<p>Voc\u00ea poderia estar em um estado pior. Voc\u00ea poderia experimentar o Inferno mais completamente. Voc\u00ea poderia ser mais miser\u00e1vel, com certeza. Parece n\u00e3o haver fim para os n\u00edveis de mis\u00e9ria para os quais as pessoas est\u00e3o dispostas a se ajustar e se adaptar.<\/p>\n<p>Mas, no entanto, a Cria\u00e7\u00e3o \u00e9 completa, e a sua experi\u00eancia tempor\u00e1ria nessa realidade tempor\u00e1ria que voc\u00ea chama de universo f\u00edsico n\u00e3o \u00e9 nada mais do que um pedacinho da Cria\u00e7\u00e3o permanente de Deus \u2013 a Cria\u00e7\u00e3o que voc\u00ea ainda n\u00e3o pode vivenciar claramente por si mesmo, apesar de voc\u00ea poder ter vislumbres \u00e0s vezes.<\/p>\n<p>As cren\u00e7as e as suposi\u00e7\u00f5es das pessoas, as suas ideias metaf\u00edsicas, os seus valores religiosos e as suas especula\u00e7\u00f5es todas sofrem de uma certa confus\u00e3o de n\u00edveis. Elas tentam imaginar um estado de ben\u00e7\u00e3o permanente chamado de C\u00e9u, mas elas n\u00e3o conseguem enxergar como ele \u00e9 de verdade. Elas ainda n\u00e3o conseguem se identificar com ele da forma como ele realmente \u00e9, pois elas n\u00e3o est\u00e3o prontas para isto. Elas ainda n\u00e3o foram preparadas para o C\u00e9u, para retornar. Elas n\u00e3o completaram o seu servi\u00e7o aqui na realidade f\u00edsica. Elas n\u00e3o completaram a sua miss\u00e3o aqui.<\/p>\n<p>Quando a Separa\u00e7\u00e3o come\u00e7ou, antes de qualquer uma das suas estimativas de tempo ou hist\u00f3ria, a solu\u00e7\u00e3o foi criada instantaneamente. Por que enquanto a Separa\u00e7\u00e3o pode lhe enganar, pode lhe cativar, pode lhe hipnotizar, pode prender voc\u00ea e todas as entidades e seres que est\u00e3o na realidade f\u00edsica nesse momento, ela n\u00e3o enganou a Deus. Ela pode ser \u00e0 prova de falhas, mas ela n\u00e3o \u00e9 \u00e0 prova de Deus. Ent\u00e3o a solu\u00e7\u00e3o foi criada imediatamente. Mas no tempo, parece levar uma quantidade de experi\u00eancia muito grande para a solu\u00e7\u00e3o ser aceita, vivenciada e expressada.<\/p>\n<p>Voc\u00ea est\u00e1 se demorando no tempo. O tempo \u00e9 o intervalo entre o ponto no qual voc\u00ea saiu da sua Cria\u00e7\u00e3o permanente e o momento no qual voc\u00ea finalmente retorna para ela completamente. Este intervalo \u00e9 chamado de tempo. O tempo \u00e9 inconceb\u00edvel e desnecess\u00e1rio na sua realidade permanente porque o tempo est\u00e1 relacionado \u00e0 mudan\u00e7a. Est\u00e1 relacionado \u00e0 eventos que mudam. \u00c9 algo que marca a progress\u00e3o de eventos.<\/p>\n<p>A no\u00e7\u00e3o toda de tempo \u00e9 parte da adapta\u00e7\u00e3o de se estar vivendo dentro de uma realidade f\u00edsica. \u00c9 uma forma de medi\u00e7\u00e3o que foi estabelecida por necessidade para que voc\u00ea possa organizar os seus pensamentos e a\u00e7\u00f5es, para que voc\u00ea possa interagir com uma realidade f\u00edsica em mudan\u00e7a, para que voc\u00ea possa acompanhar o seu progresso e as suas conquistas, e para que voc\u00ea entenda a sua hist\u00f3ria e o seu passado e a hist\u00f3ria e o passado de outros que residiram aqui. O tempo \u00e9 desnecess\u00e1rio na sua realidade permanente. Ele \u00e9 irrelevante.<\/p>\n<p>Voc\u00ea pode ver aqui pelas Nossas palavras o quanto voc\u00ea est\u00e1 longe de ainda ser capaz de vivenciar ou ressoar com isto. Talvez isto lhe intrigue. Talvez isto possa avivar uma mem\u00f3ria antiga em voc\u00ea. Talvez haja aspectos disto pelos quais voc\u00ea anseie. Talvez lhe pare\u00e7a tedioso, desinteressante e pouco atraente viver em uma realidade imut\u00e1vel.<\/p>\n<p>Voc\u00ea est\u00e1 muito viciado em mudan\u00e7a. Voc\u00ea ama mudan\u00e7a e voc\u00ea odeia mudan\u00e7a. Voc\u00ea ama a sua exist\u00eancia f\u00edsica e voc\u00ea odeia a sua exist\u00eancia f\u00edsica. Ela lhe intriga. Ela lhe estimula. E ainda assim ela lhe machuca, lhe aterroriza e lhe desaponta.<\/p>\n<p>\u00c9 este problema, confus\u00e3o e dicotomia aparentemente irreconcili\u00e1veis que a resposta de Deus trata diretamente. Pois Deus colocou dentro de voc\u00ea uma intelig\u00eancia mais profunda que n\u00e3o se confunde com aquilo que confunde a sua mente que pensa, a sua mente mundana. Ela n\u00e3o fica atordoada com o mundo. Ela n\u00e3o se engana com as apar\u00eancias. Ela n\u00e3o \u00e9 atra\u00edda por todas as coisas que parecem lhe induzir, lhe seduzir e lhe fascinar. Ela n\u00e3o fica aterrorizada palas coisas que lhe aterrorizam. Ela n\u00e3o tem medo de mudan\u00e7a, perda ou morte. Pois ela \u00e9 a parte permanente de voc\u00ea. Ela \u00e9 a parte de voc\u00ea que nunca pode se separar de Deus.<\/p>\n<p>Este Conhecimento est\u00e1 dentro de voc\u00ea agora. Ele est\u00e1 aqui em uma miss\u00e3o para contribuir dentro de certas circunst\u00e2ncias, com certos indiv\u00edduos, para realizar certas coisas. O prop\u00f3sito final do Conhecimento est\u00e1 al\u00e9m da sua compreens\u00e3o, mas os passos que ele lhe fornece s\u00e3o acess\u00edveis imediatamente e podem ser discernidos se voc\u00ea estiver disposto, aberto e capacitado. Ele resolve o dilema porque ele expressa a realidade da sua Antiga Morada atrav\u00e9s de voc\u00ea enquanto voc\u00ea est\u00e1 aqui nesta realidade f\u00edsica tempor\u00e1ria. Ele demonstra um poder maior, uma resson\u00e2ncia maior e um relacionamento maior. E ele fornece um servi\u00e7o real e tang\u00edvel aqui nesse mundo onde as pessoas est\u00e3o sofrendo. Elas est\u00e3o se definhando no tempo. Elas est\u00e3o vivenciando desespero e desesperan\u00e7a. E o mundo enfrentar\u00e1 grande labuta no futuro pr\u00f3ximo.<\/p>\n<p>Deus n\u00e3o \u00e9 descuidado nessa quest\u00e3o. Deus envia para o mundo o que \u00e9 necess\u00e1rio para que todos aqui continuem se movendo numa dire\u00e7\u00e3o positiva. As pessoas nessa realidade t\u00eam a decis\u00e3o e o poder de fazer com que este mundo seja mais como uma reflex\u00e3o da sua Antiga Morada ou mais como um lugar infernal.<\/p>\n","protected":false},"excerpt":{"rendered":"<p>Agora \u00e9 tempo da humanidade aprender sobre a espiritualidade na Comunidade Maior de vida na qual o seu mundo sempre existiu. Agora \u00e9 tempo de superar o foco tribal e a identifica\u00e7\u00e3o tribal para aprender um novo paradigma, para compreender a evolu\u00e7\u00e3o do entendimento religioso no universo onde ele tem sido expressado mais plenamente e\u2026 <a class=\"read-more\" href=\"https:\/\/www.v6.newmessage.org\/pt\/about-recording-shortcode\"><span>Read More<\/span><\/a><\/p>\n","protected":false},"author":39,"featured_media":0,"parent":16297,"menu_order":0,"comment_status":"closed","ping_status":"closed","template":"template-leftsidebar.php","meta":{"_monsterinsights_skip_tracking":false,"_monsterinsights_sitenote_active":false,"_monsterinsights_sitenote_note":"","_monsterinsights_sitenote_category":0,"footnotes":""},"categories":[76,117,30,379,460],"tags":[],"_links":{"self":[{"href":"https:\/\/www.v6.newmessage.org\/pt\/wp-json\/wp\/v2\/pages\/27617"}],"collection":[{"href":"https:\/\/www.v6.newmessage.org\/pt\/wp-json\/wp\/v2\/pages"}],"about":[{"href":"https:\/\/www.v6.newmessage.org\/pt\/wp-json\/wp\/v2\/types\/page"}],"author":[{"embeddable":true,"href":"https:\/\/www.v6.newmessage.org\/pt\/wp-json\/wp\/v2\/users\/39"}],"replies":[{"embeddable":true,"href":"https:\/\/www.v6.newmessage.org\/pt\/wp-json\/wp\/v2\/comments?post=27617"}],"version-history":[{"count":2,"href":"https:\/\/www.v6.newmessage.org\/pt\/wp-json\/wp\/v2\/pages\/27617\/revisions"}],"predecessor-version":[{"id":27620,"href":"https:\/\/www.v6.newmessage.org\/pt\/wp-json\/wp\/v2\/pages\/27617\/revisions\/27620"}],"up":[{"embeddable":true,"href":"https:\/\/www.v6.newmessage.org\/pt\/wp-json\/wp\/v2\/pages\/16297"}],"wp:attachment":[{"href":"https:\/\/www.v6.newmessage.org\/pt\/wp-json\/wp\/v2\/media?parent=27617"}],"wp:term":[{"taxonomy":"category","embeddable":true,"href":"https:\/\/www.v6.newmessage.org\/pt\/wp-json\/wp\/v2\/categories?post=27617"},{"taxonomy":"post_tag","embeddable":true,"href":"https:\/\/www.v6.newmessage.org\/pt\/wp-json\/wp\/v2\/tags?post=27617"}],"curies":[{"name":"wp","href":"https:\/\/api.w.org\/{rel}","templated":true}]}}