{"id":27370,"date":"2016-02-18T15:11:24","date_gmt":"2016-02-18T15:11:24","guid":{"rendered":"http:\/\/www.newmessage.org\/pt\/?page_id=27370"},"modified":"2017-03-06T02:28:34","modified_gmt":"2017-03-06T02:28:34","slug":"a-emergencia-global","status":"publish","type":"page","link":"https:\/\/www.v6.newmessage.org\/pt\/a-mensagem\/volume-1\/o-novo-mundo\/a-emergencia-global","title":{"rendered":"A emerg\u00eancia global"},"content":{"rendered":"\n<div class=\"tabgroup \"><ul class=\"tabs\"><li><a href=\"#tabs-1\">Sobre<\/a><\/li>\n<li><a href=\"#tabs-2\">Mais<\/a><\/li><\/ul>\n <div id=\"tabs-1\"><\/p>\n<p><em>Assim como revelado a<br \/>\nMarshall Vian Summers<br \/>\nem 20 de outubro de 2015<br \/>\nem Boulder, CO, EUA.<\/em><\/p>\n<p><\/div>\n<div id=\"tabs-2\"><br \/>\n<\/div>\n\t\t\t\t<div align=\"right\">\n\t\t\t<div class=\"fb-like\" data-href=\"\" data-layout=\"button_count\" data-action=\"like\" data-show-faces=\"false\" data-share=\"false\"><\/div>\n\t\t\t<div class=\"fb-share-button\" data-layout=\"button_count\"> <\/div>\n\t\t\t<div class=\"fb_iframe_widget\"><a href=\"https:\/\/twitter.com\/godsnewmessage?ref_src=twsrc%5Etfw\" class=\"twitter-follow-button\" data-show-count=\"false\">Follow @godsnewmessage<\/a><script async src=\"https:\/\/platform.twitter.com\/widgets.js\" charset=\"utf-8\"><\/script><\/div>\n\t\t\t<\/div> <\/div> \n\n<p>A humanidade est\u00e1 no limiar de uma grande mudan\u00e7a global, uma mudan\u00e7a do mundo, em uma escala nunca vista antes, causada agora pelo mal uso e pelo uso excessivo do mundo pela humanidade, pela ignor\u00e2ncia humana e gan\u00e2ncia humana. \u00c9 agora uma condi\u00e7\u00e3o que ir\u00e1 afetar as vidas de todas as pessoas.<\/p>\n<p>Embora poucos estejam cientes disso por enquanto, esta \u00e9 uma emerg\u00eancia global. Voc\u00eas mudaram a composi\u00e7\u00e3o qu\u00edmica da atmosfera, das \u00e1guas e dos solos. E agora o mundo est\u00e1 mudando \u2013 mudando t\u00e3o rapidamente, t\u00e3o perigosamente, mudando agora em formas que ir\u00e3o lhes afetar mais do que voc\u00eas imaginam.<\/p>\n<p>A Mensagem de Deus para o mundo deve soar o alarme e deve prover a prepara\u00e7\u00e3o para uma nova realidade de mundo. \u00c9 um tempo e um limiar que ir\u00e1 convocar muitos a se levantarem para fora de sua vida centrada em si mesma, para fora de sua mis\u00e9ria e confus\u00e3o pessoal, para servir a um mundo em perigo.<\/p>\n<p>Esta \u00e9 uma das raz\u00f5es pela qual existe uma interven\u00e7\u00e3o vinda do universo al\u00e9m de voc\u00eas, porque aqueles [do universo] que valorizam este mundo para si mesmos reconhecem o que est\u00e1 acontecendo. Eles analisaram a atmosfera do mundo. Eles entendem o que a humanidade fez para poluir o ar, as \u00e1guas e os solos. Pois isto aconteceu in\u00fameras vezes no universo. \u00c9 algo bem compreendido ali.<\/p>\n<p>Ent\u00e3o agora existe uma corrida para se ganhar controle do mundo, para preserv\u00e1-lo para o uso daqueles que s\u00e3o de longe. Eles est\u00e3o diretamente conectados com isso, voc\u00ea entende?<\/p>\n<p>\u00c9 uma emerg\u00eancia global em uma escala que voc\u00eas ainda n\u00e3o compreenderam. Ela tem o poder de destruir a civiliza\u00e7\u00e3o humana. Ela tem o poder de gerar interven\u00e7\u00e3o que vem de longe. Ela tem o poder de criar caos em um n\u00edvel nunca visto antes aqui.<\/p>\n<p>Voc\u00eas ter\u00e3o que seguir um poder mais profundo dentro de si mesmos agora, porque cada vez mais haver\u00e1 atrito em tudo ao redor de voc\u00eas, e atrito em tudo ao redor do mundo \u00e0 medida que as comunidades humanas est\u00e3o sofrendo press\u00e3o at\u00e9 um ponto de quebra; \u00e0 medida que antigas animosidades agora come\u00e7am a transbordar e engolir na\u00e7\u00f5es e regi\u00f5es; \u00e0 medida que a competi\u00e7\u00e3o pelos recursos remanescentes fica mais feroz e perigosa, produzindo conflito e irrita\u00e7\u00e3o em uma escala nunca vista antes.<\/p>\n<p>Para alguns, isso ir\u00e1 se parecer com o fim do mundo, um cumprimento de uma profecia da antiguidade, como se isso fosse tudo uma obra de Deus. Mas Deus n\u00e3o \u00e9 o autor desta emerg\u00eancia global. Deus \u00e9 a testemunha. Isto \u00e9 o produto da ignor\u00e2ncia da humanidade, do ego\u00edsmo, da miopia e da falta de entendimento do futuro e das consequ\u00eancias dos seus atos.<\/p>\n<p>Deus deve agora alertar a fam\u00edlia humana sobre o grande perigo que ela criou, sobre a grande calamidade que ela colocou em movimento. Pois neste momento a humanidade pode se preparar e pode mitigar as consequ\u00eancias dos seus atos.<\/p>\n<p>Se ela fracassar em fazer isto, ent\u00e3o a civiliza\u00e7\u00e3o humana estar\u00e1 em perigo \u2013 em todos os lugares, em todas as na\u00e7\u00f5es. Economias ser\u00e3o arruinadas. Milh\u00f5es de pessoas n\u00e3o ter\u00e3o trabalho. Milh\u00f5es de pessoas ter\u00e3o que deixar a sua terras-natais, que se tornaram \u00e1ridas e inabit\u00e1veis.<\/p>\n<p>\u00c9 por isso que a Nova Revela\u00e7\u00e3o de Deus para o mundo deve soar esse alarme, deve dar esse aviso. Voc\u00eas mudaram o clima do mundo. Agora ele est\u00e1 mudando por si s\u00f3. Ele vai continuar a mudar. Ele vai produzir secas, inunda\u00e7\u00f5es e priva\u00e7\u00e3o. Ele ir\u00e1 arruinar as economias de na\u00e7\u00f5es que t\u00eam que lidar com as consequ\u00eancias e os acontecimentos \u2013 as calamidades que agora ser\u00e3o cada vez mais frequentes e cada mais vez mais destrutivas.<\/p>\n<p>\u00c9 um tempo em que a humanidade ter\u00e1 que se unir para proteger o mundo e para salvar a si mesma. Aqui Deus est\u00e1 lhes dando o Alerta, a B\u00ean\u00e7\u00e3o e a Prepara\u00e7\u00e3o para salvarem a si mesmos, para salvarem a sua na\u00e7\u00e3o, para salvarem as suas fam\u00edlias e as suas comunidades, para salvarem a civiliza\u00e7\u00e3o humana.<\/p>\n<p>Voc\u00eas n\u00e3o podem se permitir mergulhar no caos, porque isso iria consumir o restante dos recursos do mundo causando um grau de empobrecimento que voc\u00eas n\u00e3o podem imaginar.<\/p>\n<p>A Assembleia Ang\u00e9lica que supervisiona este mundo viu isto chegando. E isto est\u00e1 se aproximando t\u00e3o rapidamente agora, acelerando a si mesmo e sendo ainda mais acelerado pela humanidade que continua a contaminar o ar, as \u00e1guas e os solos \u2013 colocando em movimento for\u00e7as que voc\u00eas nem sequer entendem completamente; colocando em movimento for\u00e7as de mudan\u00e7a e turbul\u00eancia que ir\u00e3o trabalhar contra a humanidade, que ir\u00e3o amea\u00e7ar a humanidade agora.<\/p>\n<p>\u00c9 uma corrida para salvar a civiliza\u00e7\u00e3o humana. \u00c9 uma corrida inevit\u00e1vel. \u00c9 o chamado por uma coopera\u00e7\u00e3o e unidade humana para enfrentar uma realidade nunca vista antes aqui na Terra, durante o tempo da civiliza\u00e7\u00e3o humana.<\/p>\n<p>Deus sabe o que est\u00e1 vindo. A Assembleia sabe o que est\u00e1 vindo se a humanidade n\u00e3o se preparar. Pois isto aconteceu in\u00fameras vezes no universo onde mundos raros e belos como este s\u00e3o destru\u00eddos e arruinados pela ignor\u00e2ncia de sua popula\u00e7\u00e3o nativa, explorados e saqueados e contaminados a tal ponto em que o ambiente natural come\u00e7a a entrar em decl\u00ednio.<\/p>\n<p>Voc\u00eas n\u00e3o podem permitir que isto aconte\u00e7a. Voc\u00eas devem ver isto. Voc\u00eas devem enfrentar isto. Voc\u00eas devem ter a coragem, a honestidade e a humildade para enfrentar isto. Agora somente um grande perigo, somente uma grande tribula\u00e7\u00e3o, somente uma grande oportunidade para a unidade e a coopera\u00e7\u00e3o humana, agora nascida da necessidade, iria pedir para que Deus fale novamente ao mundo.<\/p>\n<p>A hora j\u00e1 vai tarde. A humanidade tem se atrasado por muito tempo j\u00e1. \u00c9 uma crise prevista por aqueles que s\u00e3o prescientes e bem informados. N\u00e3o pense que a humanidade tem outros problemas para encarar e que possam ser mais importantes do que N\u00f3s estamos dizendo hoje aqui. N\u00e3o pense que existe alguma outra grande necessidade ou exig\u00eancia que supere o que N\u00f3s estamos dizendo hoje aqui. \u00c9 um grande alerta. Est\u00e1 sobre voc\u00eas.<\/p>\n<p>As cidades costeiras e os portos do mundo poder\u00e3o estar inundados em 30 anos. As terras ir\u00e3o secar. As colheitas ir\u00e3o falhar. Haver\u00e1 migra\u00e7\u00e3o humana em uma escala nunca vista antes, surgindo com grande tribula\u00e7\u00e3o e conflito. Ser\u00e1 uma situa\u00e7\u00e3o esmagadora se a humanidade n\u00e3o se preparar.<\/p>\n<p>Isto \u00e9 a coisa mais importante no mundo. Isto ir\u00e1 exigir todos os recursos da humanidade, todos os talentos, habilidades e coopera\u00e7\u00e3o, para se lidar com isto e para assegurar o futuro da humanidade em um mundo que agora tem sido mudado e tornado mais dif\u00edcil e mais perigoso. Ser\u00e1 o maior esfor\u00e7o humano na hist\u00f3ria deste mundo.<\/p>\n<p>Mas a humanidade deve se unir. A humanidade deve terminar os seus conflitos intermin\u00e1veis e a sua competi\u00e7\u00e3o destrutiva para colaborar agora, caso contr\u00e1rio as na\u00e7\u00f5es ir\u00e3o cair assim como um efeito domin\u00f3. Se a humanidade n\u00e3o puder se preparar, a crise das na\u00e7\u00f5es ser\u00e1 t\u00e3o esmagadora que ir\u00e1 superar a capacidade da humanidade em lidar com a crise no futuro. N\u00f3s temos falado repetidamente sobre isto, mas a crise est\u00e1 crescendo. Ela est\u00e1 aumentando rapidamente.<\/p>\n<p>Deus ama a humanidade, caso contr\u00e1rio Deus olharia para o outro lado e deixaria que as consequ\u00eancias das suas a\u00e7\u00f5es confrontassem voc\u00eas e lhes derrotassem. Mas Deus ama este mundo e busca torn\u00e1-lo uma na\u00e7\u00e3o livre e que esteja progredindo no universo, onde a liberdade \u00e9 rara e onde mundos tais como este s\u00e3o raros e dif\u00edceis de encontrar.<\/p>\n<p>Ra\u00e7as de fora do mundo enfrentaram estas situa\u00e7\u00f5es. \u00c9 algo bem conhecido, e \u00e9 por isto que a explora\u00e7\u00e3o e interven\u00e7\u00e3o da Terra agora est\u00e3o sendo executadas com tanta determina\u00e7\u00e3o, executadas sem o uso de for\u00e7a. Pois estas poucas na\u00e7\u00f5es do universo que est\u00e3o envolvidas nisto n\u00e3o querem que o mundo seja ainda mais degradado atrav\u00e9s de conflito e ir\u00e3o depender de trabalho e coopera\u00e7\u00e3o humana para terem sucesso em ganhar controle aqui. Elas n\u00e3o querem destruir a humanidade, mas querem sim usar a humanidade para os seus pr\u00f3prios prop\u00f3sitos. E como a conquista militar n\u00e3o \u00e9 permitida nesta parte do universo, outros meios tem que ser buscados: manipula\u00e7\u00e3o e persuas\u00e3o \u2013 armas muito maiores do que voc\u00eas imaginam.<\/p>\n<p>As pessoas est\u00e3o consumidas consigo mesmas. Elas est\u00e3o centradas em si mesmas. Os ricos est\u00e3o presos em uma rede de gan\u00e2ncia, confus\u00e3o e desapontamento. Os pobres est\u00e3o lutando para sobreviver com dificuldades cada vez maiores. Os governos est\u00e3o compromissados em manter uma realidade que s\u00f3 pode degradar ainda mais o mundo.<\/p>\n<p>N\u00e3o pense que isso ser\u00e1 f\u00e1cil. N\u00e3o pense que isso s\u00f3 exigir\u00e1 algumas poucas coisas para alterar o curso que a humanidade est\u00e1 seguindo atualmente. N\u00e3o pense que existem solu\u00e7\u00f5es f\u00e1ceis e b\u00e1sicas. Ser\u00e3o necess\u00e1rias mil solu\u00e7\u00f5es, e voc\u00eas s\u00f3 possuem algumas poucas. Voc\u00eas ter\u00e3o que encontrar as outras solu\u00e7\u00f5es, e ser\u00e1 preciso grande esfor\u00e7o e colabora\u00e7\u00e3o humana para tornar isso uma realidade.<\/p>\n<p>Voc\u00eas est\u00e3o vivendo em uma emerg\u00eancia global. N\u00e3o pense que isto n\u00e3o afetar\u00e1 voc\u00ea e a sua vida de forma profunda e completa. Isto pode arruinar as economias do mundo. Isto pode levar \u00e0 fome e \u00e0 morte em massa. Isto pode levar \u00e0 guerra, guerra perp\u00e9tua, em uma escala que nunca foi vista antes aqui. Isto pode criar calamidades t\u00e3o violentas e cont\u00ednuas, como se a natureza estivesse expelindo a humanidade, agora em perigo por aquilo que a pr\u00f3pria humanidade criou \u2013 o mundo criado por ela, a mudan\u00e7a criada por ela, a destrui\u00e7\u00e3o criada por ela \u2013 feito sobre outras formas de vida e agora sobre si mesma.<\/p>\n<p>Isto \u00e9 um chamado para todas as na\u00e7\u00f5es, todas as religi\u00f5es. Deus proveu a prepara\u00e7\u00e3o central, que deve acontecer de fato se a humanidade ter\u00e1 a coragem, a determina\u00e7\u00e3o e a vis\u00e3o para ver o que deve ser feito, para tomar a a\u00e7\u00e3o que deve ser tomada e para construir a coopera\u00e7\u00e3o que deve ser constru\u00edda.<\/p>\n<p>N\u00e3o \u00e9 o bastante somente focar em acabar com a pobreza, ou com trazer uma maior justi\u00e7a social onde \u00e9 necess\u00e1ria, em tantos lugares. N\u00e3o \u00e9 o bastante somente usar o mundo de forma mais s\u00e1bia. N\u00e3o \u00e9 o bastante somente cessar a polui\u00e7\u00e3o.<\/p>\n<p>Voc\u00eas ter\u00e3o que esfriar o planeta \u2013 um empreendimento muito al\u00e9m do que j\u00e1 foi alcan\u00e7ado, mas ainda alcan\u00e7\u00e1vel. Mas isto ir\u00e1 exigir uma redistribui\u00e7\u00e3o radical de recursos, um redirecionamento da vontade e do prop\u00f3sito da humanidade, uma grande utiliza\u00e7\u00e3o de toda a ci\u00eancia e das capacidades da humanidade. Voc\u00eas ter\u00e3o que esfriar o planeta.<\/p>\n<p>A emerg\u00eancia global mudar\u00e1 tudo que a humanidade est\u00e1 fazendo neste exato momento. Voc\u00eas ter\u00e3o que replantar as florestas, restaurar os solos e limpar os rios. As pessoas ter\u00e3o que viver de forma muito simples, porque toda a riqueza do mundo ser\u00e1 gasta nisto.<\/p>\n<p>N\u00e3o existe nenhum lugar para os ricos se refugiarem. N\u00e3o existe uma prote\u00e7\u00e3o real para os privilegiados, porque tudo que eles possuem ser\u00e1 amea\u00e7ado pelas coisas que N\u00f3s estamos falando hoje aqui.<\/p>\n<p>\u00c9 o Grande Amor de Deus que est\u00e1 trazendo este alerta a voc\u00eas. N\u00e3o pense que este alerta est\u00e1 exagerando em alguma coisa, porque N\u00f3s nem estamos lhes contando tudo. E N\u00f3s n\u00e3o estamos lhes contando tudo porque voc\u00eas ainda n\u00e3o possuem a capacidade, a coragem ou a determina\u00e7\u00e3o para ouvir e enfrentar.<\/p>\n<p>Muitos ir\u00e3o ignorar o que N\u00f3s estamos lhes dizendo. Muitos n\u00e3o ir\u00e3o responder. E eles ser\u00e3o arrastados quando as Grandes Ondas quebrarem \u2013 inconscientes, despreparados \u2013 porque eles n\u00e3o viram isto chegando, e n\u00e3o prestavam aten\u00e7\u00e3o ao alerta, e n\u00e3o reconheciam os sinais.<\/p>\n<p>Mude a sua vida. Simplifique a sua vida. Use o m\u00ednimo que voc\u00ea puder dos recursos do mundo. Colabore. Perdoe. Saiba o que est\u00e1 acontecendo no seu mundo. Veja a grande crise vindo sobre o horizonte. Olhe de forma objetiva e honesta, com o m\u00e1ximo de coragem que voc\u00ea puder juntar.<\/p>\n<p>Deus lhes deu a grande for\u00e7a e determina\u00e7\u00e3o para estarem \u00e0 altura desta ocasi\u00e3o \u2013 a maior ocasi\u00e3o em toda a hist\u00f3ria humana, uma ocasi\u00e3o que ir\u00e1 determinar o futuro de todas as pessoas, e dos seus filhos e das suas futuras gera\u00e7\u00f5es. Deus lhes deu o poder e a determina\u00e7\u00e3o no n\u00edvel do Conhecimento, o Conhecimento que vive dentro de voc\u00ea al\u00e9m da superf\u00edcie da sua mente, al\u00e9m do seu intelecto e de todas as suas preocupa\u00e7\u00f5es e queixas.<\/p>\n<p>\u00c9 neste n\u00edvel que as pessoas devem ser inspiradas, do contr\u00e1rio elas n\u00e3o ter\u00e3o a coragem e a determina\u00e7\u00e3o, a coragem ou a honestidade ou a compaix\u00e3o para enfrentar algo desta magnitude. E \u00e9 por isto que Deus est\u00e1 lhes dando a chave, o ingrediente secreto, a \u00fanica coisa que far\u00e1 toda a diferen\u00e7a \u2013 toda a diferen\u00e7a na sua vida como indiv\u00edduo e toda a diferen\u00e7a na vida da humanidade como um todo. Pois Deus colocou um Conhecimento mais profundo dentro de voc\u00eas. E isto n\u00e3o \u00e9 corrompido ou contaminado pelo mundo e por todas as suas ilus\u00f5es e trag\u00e9dias, e pela sua mis\u00e9ria e degrada\u00e7\u00e3o.<\/p>\n<p>Deus lhe deu a for\u00e7a que voc\u00ea vai precisar, que \u00e9 provida na Nova Revela\u00e7\u00e3o de Deus para o mundo, talvez a Revela\u00e7\u00e3o mais importante j\u00e1 dada \u2013 dada agora para salvar a humanidade de si mesma; dada agora para salvar a civiliza\u00e7\u00e3o humana; dada agora para redimir todos aqueles que puderem responder \u00e0 ela; dada agora com grande urg\u00eancia, grande advert\u00eancia, mas tamb\u00e9m com a grande B\u00ean\u00e7\u00e3o do Criador.<\/p>\n<p>Pois Deus n\u00e3o quer ver voc\u00eas fracassarem na hora da maior das necessidades. N\u00e3o se retire indo para a sua vidinha medrosa. N\u00e3o volte para esconder-se na sombra. N\u00e3o se preocupe com coisas pequenas, ou romances tolos que n\u00e3o tem futuro em um mundo em mudan\u00e7a.<\/p>\n<p>Este \u00e9 um chamado para se levantar ao n\u00edvel da maior das ocasi\u00f5es na hist\u00f3ria. \u00c9 um chamado de uma necessidade t\u00e3o grande e t\u00e3o profunda que se voc\u00ea reconhecesse isso sequer parcialmente, isso iria alterar completamente as suas prioridades, as suas a\u00e7\u00f5es e as suas inten\u00e7\u00f5es.<\/p>\n<p>As Grandes Ondas de mudan\u00e7a ir\u00e3o revelar a corrup\u00e7\u00e3o humana, a ilus\u00e3o humana, a ignor\u00e2ncia e a estupidez humanas. Mas elas tamb\u00e9m t\u00eam o poder de gerar uma for\u00e7a t\u00e3o grande a ponto de que a maior for\u00e7a da humanidade, o maior prop\u00f3sito e o maior dom vindos do Criador, possam ser ativados e aplicados em um grande servi\u00e7o ao mundo.<\/p>\n<p>Mas para ver a solu\u00e7\u00e3o, voc\u00ea deve ver o desafio. Voc\u00ea deve ver a emerg\u00eancia global. E voc\u00ea deve ser parte dela, porque voc\u00ea \u00e9 parte dela. Voc\u00ea deve encontrar o seu lugar e o seu papel. Voc\u00ea deve estar preparado atrav\u00e9s da Revela\u00e7\u00e3o. Voc\u00ea deve ganhar os olhos para ver e os ouvidos para ouvir. Se voc\u00ea puder fazer isto, o seu papel individual ir\u00e1 come\u00e7ar a emergir lentamente conforme voc\u00ea p\u00f5e a sua vida em ordem e conforme voc\u00ea ganha a vis\u00e3o para ver o que est\u00e1 acontecendo no seu mundo e na sua vida.<\/p>\n<p>N\u00e3o busque ilumina\u00e7\u00e3o espiritual. N\u00e3o busque um escape, porque n\u00e3o h\u00e1 escape. S\u00f3 existe contribui\u00e7\u00e3o e colabora\u00e7\u00e3o, ou fracasso e cat\u00e1strofe.<\/p>\n<p>Que este seja o seu entendimento.<\/p>\n","protected":false},"excerpt":{"rendered":"<p>A humanidade est\u00e1 no limiar de uma grande mudan\u00e7a global, uma mudan\u00e7a do mundo, em uma escala nunca vista antes, causada agora pelo mal uso e pelo uso excessivo do mundo pela humanidade, pela ignor\u00e2ncia humana e gan\u00e2ncia humana. \u00c9 agora uma condi\u00e7\u00e3o que ir\u00e1 afetar as vidas de todas as pessoas. Embora poucos estejam\u2026 <a class=\"read-more\" href=\"https:\/\/www.v6.newmessage.org\/pt\/a-mensagem\/volume-1\/o-novo-mundo\/a-emergencia-global\"><span>Read More<\/span><\/a><\/p>\n","protected":false},"author":39,"featured_media":0,"parent":16482,"menu_order":5,"comment_status":"closed","ping_status":"closed","template":"template-leftsidebar.php","meta":{"_monsterinsights_skip_tracking":false,"_monsterinsights_sitenote_active":false,"_monsterinsights_sitenote_note":"","_monsterinsights_sitenote_category":0,"footnotes":""},"categories":[76,117,118,463,460],"tags":[],"_links":{"self":[{"href":"https:\/\/www.v6.newmessage.org\/pt\/wp-json\/wp\/v2\/pages\/27370"}],"collection":[{"href":"https:\/\/www.v6.newmessage.org\/pt\/wp-json\/wp\/v2\/pages"}],"about":[{"href":"https:\/\/www.v6.newmessage.org\/pt\/wp-json\/wp\/v2\/types\/page"}],"author":[{"embeddable":true,"href":"https:\/\/www.v6.newmessage.org\/pt\/wp-json\/wp\/v2\/users\/39"}],"replies":[{"embeddable":true,"href":"https:\/\/www.v6.newmessage.org\/pt\/wp-json\/wp\/v2\/comments?post=27370"}],"version-history":[{"count":5,"href":"https:\/\/www.v6.newmessage.org\/pt\/wp-json\/wp\/v2\/pages\/27370\/revisions"}],"predecessor-version":[{"id":27672,"href":"https:\/\/www.v6.newmessage.org\/pt\/wp-json\/wp\/v2\/pages\/27370\/revisions\/27672"}],"up":[{"embeddable":true,"href":"https:\/\/www.v6.newmessage.org\/pt\/wp-json\/wp\/v2\/pages\/16482"}],"wp:attachment":[{"href":"https:\/\/www.v6.newmessage.org\/pt\/wp-json\/wp\/v2\/media?parent=27370"}],"wp:term":[{"taxonomy":"category","embeddable":true,"href":"https:\/\/www.v6.newmessage.org\/pt\/wp-json\/wp\/v2\/categories?post=27370"},{"taxonomy":"post_tag","embeddable":true,"href":"https:\/\/www.v6.newmessage.org\/pt\/wp-json\/wp\/v2\/tags?post=27370"}],"curies":[{"name":"wp","href":"https:\/\/api.w.org\/{rel}","templated":true}]}}