{"id":27255,"date":"2016-02-13T02:58:06","date_gmt":"2016-02-13T02:58:06","guid":{"rendered":"http:\/\/www.newmessage.org\/barebone-top-menu-only\/?page_id=27255"},"modified":"2016-02-13T02:58:06","modified_gmt":"2016-02-13T02:58:06","slug":"ha-uma-nova-mensagem-de-deus-no-mundo","status":"publish","type":"page","link":"https:\/\/www.v6.newmessage.org\/pt\/a-mensagem\/outras-revelacoes\/ha-uma-nova-mensagem-de-deus-no-mundo","title":{"rendered":"H\u00e1 uma Nova Mensagem de Deus no mundo"},"content":{"rendered":"\n<div class=\"tabgroup \"><ul class=\"tabs\"><li><a href=\"#tabs-1\">Sobre<\/a><\/li>\n<li><a href=\"#tabs-2\">Mais<\/a><\/li><\/ul>\n <div id=\"tabs-1\"><\/p>\n<p><\/div>\n<div id=\"tabs-2\"><br \/>\n<\/div>\n\t\t\t\t<div align=\"right\">\n\t\t\t<div class=\"fb-like\" data-href=\"\" data-layout=\"button_count\" data-action=\"like\" data-show-faces=\"false\" data-share=\"false\"><\/div>\n\t\t\t<div class=\"fb-share-button\" data-layout=\"button_count\"> <\/div>\n\t\t\t<div class=\"fb_iframe_widget\"><a href=\"https:\/\/twitter.com\/godsnewmessage?ref_src=twsrc%5Etfw\" class=\"twitter-follow-button\" data-show-count=\"false\">Follow @godsnewmessage<\/a><script async src=\"https:\/\/platform.twitter.com\/widgets.js\" charset=\"utf-8\"><\/script><\/div>\n\t\t\t<\/div> <\/div> \n\n<p style=\"text-align: left\" align=\"center\"><em>\u201cOs povos e as na\u00e7\u00f5es do mundo est\u00e3o entrando num per\u00edodo de grandes dificuldades e muitas mudan\u00e7as. Os recursos do mundo est\u00e3o diminuindo. As popula\u00e7\u00f5es est\u00e3o crescendo.\u00a0<\/em><em>E enquanto isto ocorre, haver\u00e1 continuamente competi\u00e7\u00e3o\u00a0<\/em><em>e o grave perigo do conflito e da guerra\u2026\u00a0<\/em><em>\u00c9 por causa deste grave limiar que uma Nova Mensagem de Deus tem sido enviada pelo mundo, para a prote\u00e7\u00e3o e\u00a0<\/em><em>o progresso da humanidade.\u201d<\/em><\/p>\n<p>&nbsp;<\/p>\n<p><strong><em>O que \u00e9 a Nova Mensagem de Deus?<\/em><\/strong><\/p>\n<p><em>\u201cUma Nova Mensagem tem sido enviada pelo Criador\u00a0<\/em><em>de toda a vida. \u00c9 uma mensagem para preparar o indiv\u00edduo\u00a0<\/em><em>e para preparar os povos do mundo, a sobreviver e se desenvolver atrav\u00e9s dos grandes perigos que aguardem a humanidade. \u00c9 um grande presente diante de uma necessidade urgente.\u201d<\/em><\/p>\n<p>H\u00e1 uma Nova Mensagem de Deus no mundo. \u00c9 um presente\u00a0do Criador de toda a vida para a prote\u00e7\u00e3o e o progresso da humanidade. Ela contem um aviso, uma b\u00ean\u00e7\u00e3o e uma prepara\u00e7\u00e3o para todos os povos do mundo.<\/p>\n<p>A Nova Mensagem n\u00e3o se basea em qualquer tradi\u00e7\u00e3o religiosa ou em qualquer ensinamento espiritual existente. \u00c9 um presente para as pessoas de todas as na\u00e7\u00f5es e de todas as f\u00e9s. Ela honra a verdade duradora em todas as grandes Mensagens que o Criador jamais tem dado ao mundo, por\u00e9m ela difere de qualquer coisa que jamais tem sido revelada \u00e0 humanidade antes.<\/p>\n<p>A Nova Mensagem de Deus \u00e9 uma comunica\u00e7\u00e3o aut\u00eantica do Criador que tem sido enviada pelo mundo num tempo de grandes mudan\u00e7as, de muito conflito e muito transtorno. A Nova Mensagem providencia o conhecimento, a sabedoria e a dire\u00e7\u00e3o que a humanidade n\u00e3o pude se prover, para encarar os grandes desafios que a inteira fam\u00edlia humana enfrenta agora.<\/p>\n<p>A Nova Mensagem \u00e9 uma resposta \u00e0s ora\u00e7\u00f5es sinceras de pessoas de todas as na\u00e7\u00f5es e de todas as tradi\u00e7\u00f5es de f\u00e9 para a liberdade, a seguran\u00e7a e a reden\u00e7\u00e3o. \u00c9 uma nova revela\u00e7\u00e3o sobre a \u00danica Espiritualidade da humanidade, a preserva\u00e7\u00e3o do mundo, e sobre\u00a0 o futuro e o destino da humanidade dentro de uma Comunidade Maior de vida inteligente no universo.<\/p>\n<p>A Nova Mensagem de Deus \u00e9 contida dentro de uma s\u00e9rie de textos e ensinamentos sagrados. Ela tem sido revelada durante um per\u00edodo de vinte-e-cinco anos. A revela\u00e7\u00e3o continua at\u00e9 hoje.<\/p>\n<p><strong><em>\u00a0<\/em><\/strong><\/p>\n<p><strong><em>Porque est\u00e1 ela aqui?<\/em><\/strong><\/p>\n<p><em>\u201cVoc\u00eas est\u00e3o se dirigindo de cabe\u00e7a\u00a0<\/em><em>num futuro que ser\u00e1 diferente do passado,\u00a0<\/em><em>mas voc\u00eas n\u00e3o est\u00e3o preparados.\u00a0<\/em><em>Por isso h\u00e1 uma Nova Mensagem de Deus.\u201d<\/em><\/p>\n<p>A humanidade est\u00e1 na beira de grandes mudan\u00e7as\u00a0e de um futuro incerto\u2026<\/p>\n<p><strong>Com uma popula\u00e7\u00e3o crescente num mundo de recursos <\/strong>limitados,<strong> <\/strong>o perigo da difus\u00e3o do empobrecimento humano, da escala\u00e7\u00e3o de conflitos e da guerra \u00e9 maior que jamais antes.<\/p>\n<p>Por isso h\u00e1 uma Nova Mensagem de Deus.<\/p>\n<p><strong>A humanidade enfrenta o aumento dos efeitos destrutivos do\u00a0<\/strong>aquecimento global, de mudan\u00e7as do clima catast\u00f3ficas e da degrada\u00e7\u00e3o do meio ambiente.<\/p>\n<p>Por isso h\u00e1 uma Nova Mensagem de Deus.<\/p>\n<p><strong>Muitas das religi\u00f5es do mundo s\u00e3o divididas demais, orientadas\u00a0<\/strong>demais ao passado e ocupadas demais com a competi\u00e7\u00e3o entre-si para alertar e preparar a fam\u00edlia humana por aquilo que est\u00e1 vindo.<\/p>\n<p>Por isso h\u00e1 uma Nova Mensagem de Deus.<\/p>\n<p><strong>As pessoas est\u00e3o divididas e inconscientes da \u00danica\u00a0<\/strong>Espiritualidade humana e da \u00danica Fonte de todas as tradi\u00e7\u00f5es religiosas humanas.<\/p>\n<p>Por isso h\u00e1 uma Nova Mensagem de Deus.<\/p>\n<p><strong>As pessoas est\u00e3o usando Deus e a religi\u00e3o para justificar\u00a0<\/strong>atos terr\u00edveis de crueldade e de vingan\u00e7a contra os outros. Isto est\u00e1 fraturando a fam\u00edlia humana ainda mais num tempo quando a unidade e a cooprera\u00e7\u00e3o humanas s\u00e3o indispens\u00e1veis.<\/p>\n<p>Por isso h\u00e1 uma Nova Mensagem de Deus.<\/p>\n<p><strong>A humanidade est\u00e1 ao limiar do espa\u00e7o e do Contato com ra\u00e7as\u00a0<\/strong>inteligentes de fora do mundo. Este \u00e9 o nosso destino.<\/p>\n<p>Isto \u00e9 o maior acontecimento na hist\u00f3ria humana. Por\u00e9m a humanidade n\u00e3o est\u00e1 preparada.<\/p>\n<p>Por isso h\u00e1 uma Nova Mensagem de Deus.<\/p>\n<p><strong>Mesmo neste momento, as for\u00e7as de fora do mundo que\u00a0<\/strong>procuram se aproveitar de uma fam\u00edlia humana fraca e dividida, est\u00e3o realizando uma Interven\u00e7\u00e3o. Por\u00e9m a humanidade est\u00e1 inconsciente disto e \u00e9 despreparada.<\/p>\n<p>Por isso h\u00e1 uma Nova Mensagem de Deus.<\/p>\n<p><strong>Estas grandes ondas de mudan\u00e7a que est\u00e3o vindas ao mundo\u00a0<\/strong>p\u00f5em em perigo a sobreviv\u00eancia da humanidade, e sua capacidade de viver como uma ra\u00e7a livre no futuro.<\/p>\n<p>Por isso h\u00e1 uma Nova Mensagem de Deus.<\/p>\n<p><strong>As pessoas s\u00e3o inconscientes da realidade e do poder do\u00a0<\/strong>Conhecimento dentro delas, a grande dota\u00e7\u00e3o do Criador que tem sido dada para guiar e proteger cada pessoa.<\/p>\n<p>Por isso h\u00e1 uma Nova Mensagem de Deus.<\/p>\n<p><strong>H\u00e1 uma desejo profundo dentro das pessoas para um novo\u00a0<\/strong>relacionamento com o Divino.<\/p>\n<p>Por isso h\u00e1 uma Nova Mensagem de Deus.<\/p>\n<p><strong>Muitas pessoas est\u00e3o come\u00e7ando a despertar para a grande\u00a0<\/strong>necessidade de sua alma: a necessidade por objetivo, significado e dire\u00e7\u00e3o em suas vidas e a necessidade de fazer uma contribui\u00e7\u00e3o ao mundo.<\/p>\n<p>Por isso h\u00e1 uma Nova Mensagem de Deus.<\/p>\n<p>A Nova Mensagem de Deus tem sido enviada para alertar, para aben\u00e7oar e para preparar a fam\u00edlia humana inteira. A Nova Mensagem \u00e9 imensa e muito abrangente. Ela se dirige a quase cada aspecto de nossas vidas.<\/p>\n<p>Seu mensageiro est\u00e1 recebendo este presente para a humanidade por mais de 25 anos. E a revela\u00e7\u00e3o continua at\u00e9 hoje\u2026<\/p>\n<p><strong><em><br \/>\n<\/em><\/strong><\/p>\n<p><strong><em>Como a Nova Mensagem chegou a ser<\/em><\/strong><\/p>\n<p><em>\u201cUm grande amor tem trazido\u00a0<\/em><em>esta Nova Mensagem no mundo \u2013\u00a0<\/em><em>o amor do Criador pela Cria\u00e7\u00e3o,\u00a0<\/em><em>o amor do Criador para a fam\u00edlia humana \u2013\u00a0<\/em><em>mostrando \u00e0 humanidade sua grande oportunidade dentro deste mundo para se tornar uma ra\u00e7a unida e livre.\u201d<\/em><\/p>\n<p>A Nova Mensagem representa a vontade de Deus para a humanidade, ambos agora e para os pr\u00f3ximos tempos. A vontade de Deus tem sido traduzida em linguagem, numa prepara\u00e7\u00e3o e num ensinamento completo atrav\u00e9s da Presen\u00e7a Ang\u00e9lica que representam a vontade e o objetivo Divinos para a humanidade neste mundo.<\/p>\n<p>A Nova Mensagem de Deus foi entrega durante um per\u00edodo de mais de 25 anos. Ela foi recebida num estado de revela\u00e7\u00e3o pelo Marshall Vian Summers. Cada palavra da mensagem foi primeiro falada, registrada e depois transcrita. Isto tem preservado a integridade e a puridade da Nova Mensagem en sua forma original.<\/p>\n<p>O que se tornaria eventualmente livros inteiros foi recebido em dias ou mesmo em horas. Por exemplo, os sete cap\u00edtulos da introdu\u00e7\u00e3o, <em>H\u00e1 uma Nova Mensagem de Deus no Mundo,<\/em> foram recebidos num per\u00edodo de quatro horas, enquanto os 27 cap\u00edtulos de <em>A Espiritualidade da Comunidade Maior: Uma Nova Revela\u00e7\u00e3o <\/em>foram recebidos em apenas quatro dias. Este processo de revela\u00e7\u00e3o continua.<\/p>\n<p>\u00c9 assim que a Nova Mensagem de Deus tem chegado ao mundo, e a sua transmiss\u00e3o \u00e9 de acordo com todas as grandes Mensagens que j\u00e1 foram enviadas ao mundo para o progresso da humanidade. Deus comunica estas grandes Mensagens oportunas atrav\u00e9s da Presen\u00e7a Ang\u00e9lica, ambos a este mundo assim como a todos os mundos dentro do Universo. Tal \u00e9 a natureza da transmiss\u00e3o Divina. \u00c9 assim que Deus se comunica com indiv\u00edduos, e com ra\u00e7as e mundos inteiros.<\/p>\n<p>A Nova Mensagem de Deus pretende servir a humanidade agora e nos pr\u00f3ximos tempos. \u00c9 uma Mensagem grand\u00edssima. Seu presente, sua efic\u00e1cia e seu momento de chegada oportuno para a fam\u00edlia humana, nunca devem ser subestimados.<\/p>\n<p>Ela carrega grande Sabedoria e Conhecimento, Conhecimento e Sabedoria al\u00e9m de qualquer coisa que jamais tem sido dada para a humanidade. E exigir\u00e1 muita coragem, muita humildade e muita paci\u00eancia para receber todo o \u00e2mbito daquilo que a Nova Mensagem contem. Seu poder, sua verdade e a paz que ela oferece ultrapassam o entendimento humano.<\/p>\n<p>A Nova Mensagem de Deus contem a esperan\u00e7a e a promessa de guiar a fam\u00edlia humana ao futuro, para que a humanidade possa construir uma liberdade e uma justi\u00e7a maiores no mundo, e tomar seu lugar como uma ra\u00e7a livre e unida dentro da Comunidade Maior.<\/p>\n<p>&nbsp;<\/p>\n<p><strong><em>Como \u00e9 que Deus se comunica com voc\u00ea?<\/em><\/strong><\/p>\n<p><em>&#8220;Atrav\u00e9s do Conhecimento voc\u00ea pode sentir\u00a0<\/em><em>a presen\u00e7a de todos os relacionamentos.\u00a0<\/em><em>Esta \u00e9 a viv\u00eancia de Deus.<\/em><em>&#8220;<\/em><\/p>\n<p>Deus \u00e9 a Fonte do Conhecimento dentro de voc\u00ea, o Conhecimento sendo sua mente espiritual mais profunda com a qual o Criador tem dotado voc\u00ea e todos os seres cientes no Universo.<\/p>\n<p>Deus criou o Universo f\u00edsico, mas n\u00e3o na maneira que voc\u00ea talvez pensa. Deus tem posto um processo evolucion\u00e1rio em movimento no Universo f\u00edsico, para ocupar todo o espa\u00e7o e o tempo para aqueles que vivem dentro do espa\u00e7o e do tempo, para aqueles que s\u00e3o separados do Criador por sua pr\u00f3pria vontade e suas pr\u00f3prias inten\u00e7\u00f5es.\u201d<\/p>\n<p>Para compreender esta afirma\u00e7\u00e3o que Deus \u00e9 o Criador do Conhecimento dentro de voc\u00ea, voc\u00ea precisa compreender a diferen\u00e7a entre sua mente espiritual e sua mente mundana. Voc\u00ea precisa compreender a diferen\u00e7a entre seu Esp\u00edrito, sua mente e seu corpo.<\/p>\n<p>O Conhecimento dentro de voc\u00ea representa sua liga\u00e7\u00e3o a Deus e a sua vida al\u00e9m deste mundo. Esta liga\u00e7\u00e3o existe ambos dentro e al\u00e9m de todas as verdadeiras religi\u00f5es. O Conhecimento \u00e9 puro e permanente e est\u00e1 al\u00e9m do alcance de qualquer poder ou influ\u00eancia mundana.<\/p>\n<p>A Nova Mensagem ensinar\u00e1 voc\u00ea como compreender estas coisas na maneira mais clara poss\u00edvel. No entanto porque este \u00e9 um limiar novo e um novo entendimento para a humanidade, voc\u00ea necessitar\u00e1 tempo e o encorajamento dos outros, que est\u00e3o aprendendo com voc\u00ea.<\/p>\n<p>\u00c9 dif\u00edcil e desafiador aprender algo pela primeira vez quando cada um em sua volta tem um conjunto diferente de valores e suposi\u00e7\u00f5es. Se voc\u00ea pode ver que o Conhecimento dentro de voc\u00ea \u00e9 a parte de voc\u00ea que \u00e9 permanente, a parte de voce que tem sido criada por Deus e que ainda est\u00e1 ligada a Deus, a parte de voc\u00ea que tem sido impregnada com a sabedoria de Deus para guiar e proteger sua vida neste mundo e neste tempo, a\u00ed voc\u00ea pode come\u00e7ar a enxerguar a natureza desta autoria Divina, e porque \u00e9 t\u00e3o importante para voc\u00ea procurar achar o verdadeiro objetivo, significado e dire\u00e7\u00e3o em sua vida.<\/p>\n<p><em><a href=\"http:\/\/wp.www.newmessage.org\/wp-content\/uploads\/2012\/05\/Portuguese-NM-Intro-pages.pdf\">H\u00e1 uma Nova Mensagem de Deus no mundo em PDF<\/a><\/em><\/p>\n","protected":false},"excerpt":{"rendered":"<p>\u201cOs povos e as na\u00e7\u00f5es do mundo est\u00e3o entrando num per\u00edodo de grandes dificuldades e muitas mudan\u00e7as. Os recursos do mundo est\u00e3o diminuindo. As popula\u00e7\u00f5es est\u00e3o crescendo.\u00a0E enquanto isto ocorre, haver\u00e1 continuamente competi\u00e7\u00e3o\u00a0e o grave perigo do conflito e da guerra\u2026\u00a0\u00c9 por causa deste grave limiar que uma Nova Mensagem de Deus tem sido enviada\u2026 <a class=\"read-more\" href=\"https:\/\/www.v6.newmessage.org\/pt\/a-mensagem\/outras-revelacoes\/ha-uma-nova-mensagem-de-deus-no-mundo\"><span>Read More<\/span><\/a><\/p>\n","protected":false},"author":39,"featured_media":0,"parent":16358,"menu_order":0,"comment_status":"closed","ping_status":"closed","template":"template-leftsidebar.php","meta":{"_monsterinsights_skip_tracking":false,"_monsterinsights_sitenote_active":false,"_monsterinsights_sitenote_note":"","_monsterinsights_sitenote_category":0,"footnotes":""},"categories":[501],"tags":[],"_links":{"self":[{"href":"https:\/\/www.v6.newmessage.org\/pt\/wp-json\/wp\/v2\/pages\/27255"}],"collection":[{"href":"https:\/\/www.v6.newmessage.org\/pt\/wp-json\/wp\/v2\/pages"}],"about":[{"href":"https:\/\/www.v6.newmessage.org\/pt\/wp-json\/wp\/v2\/types\/page"}],"author":[{"embeddable":true,"href":"https:\/\/www.v6.newmessage.org\/pt\/wp-json\/wp\/v2\/users\/39"}],"replies":[{"embeddable":true,"href":"https:\/\/www.v6.newmessage.org\/pt\/wp-json\/wp\/v2\/comments?post=27255"}],"version-history":[{"count":1,"href":"https:\/\/www.v6.newmessage.org\/pt\/wp-json\/wp\/v2\/pages\/27255\/revisions"}],"predecessor-version":[{"id":27256,"href":"https:\/\/www.v6.newmessage.org\/pt\/wp-json\/wp\/v2\/pages\/27255\/revisions\/27256"}],"up":[{"embeddable":true,"href":"https:\/\/www.v6.newmessage.org\/pt\/wp-json\/wp\/v2\/pages\/16358"}],"wp:attachment":[{"href":"https:\/\/www.v6.newmessage.org\/pt\/wp-json\/wp\/v2\/media?parent=27255"}],"wp:term":[{"taxonomy":"category","embeddable":true,"href":"https:\/\/www.v6.newmessage.org\/pt\/wp-json\/wp\/v2\/categories?post=27255"},{"taxonomy":"post_tag","embeddable":true,"href":"https:\/\/www.v6.newmessage.org\/pt\/wp-json\/wp\/v2\/tags?post=27255"}],"curies":[{"name":"wp","href":"https:\/\/api.w.org\/{rel}","templated":true}]}}