{"id":26954,"date":"2015-12-27T20:47:05","date_gmt":"2015-12-27T20:47:05","guid":{"rendered":"http:\/\/www.newmessage.org\/barebone-top-menu-only\/?page_id=26954"},"modified":"2015-12-27T20:50:51","modified_gmt":"2015-12-27T20:50:51","slug":"as-grandes-ondas-de-mudanca-introducao","status":"publish","type":"page","link":"https:\/\/www.v6.newmessage.org\/pt\/a-mensagem\/volume-4\/as-grandes-ondas-de-mudanca\/as-grandes-ondas-de-mudanca-introducao","title":{"rendered":"Introdu\u00e7\u00e3o"},"content":{"rendered":"<p><img decoding=\"async\" src=\"https:\/\/www.newmessage.org\/barebone-top-menu-only\/wp-content\/uploads\/sites\/36\/2014\/07\/GWC-PT-Cover-e1451247004977.jpg\" alt=\"As Grandes Ondas de Mudan\u00e7a\" class=\"alignright size-full \" \/><\/p>\n<blockquote>\n<p style=\"text-align: center;\"><strong>Para aquele que tem percep\u00e7\u00e3o,<br \/>\num mero sinal \u00e9 o bastante.<br \/>\nPara aquele que n\u00e3o presta aten\u00e7\u00e3o,<br \/>\nmil explica\u00e7\u00f5es<br \/>\nn\u00e3o s\u00e3o o bastante.<\/strong><\/p>\n<p style=\"text-align: center;\"><strong>Hajji Bektash Wali<br \/>\nM\u00edstico Persa<br \/>\n1209-1271<\/strong><\/p>\n<\/blockquote>\n<p>A humanidade ultrapassou um limite cr\u00edtico onde ela ter\u00e1 que se adaptar a todo um novo conjunto de circunst\u00e2ncias. Isto vai exigir um esfor\u00e7o unido entre governos e povos para trazer novos n\u00edveis de habilidades, tecnologia e coopera\u00e7\u00e3o para atender aos requisitos de se viver em um mundo passando por mudan\u00e7as radicais.<\/p>\n<p>No cerne deste esfor\u00e7o unido est\u00e3o a coragem e a capacidade que existe dentro das pessoas, de ver o que est\u00e1 vindo, de saber o que fazer, e de agir sabiamente diante de incerteza e agita\u00e7\u00e3o crescentes. A natureza nos deu esta coragem e este conjunto de capacidades, mas elas se tornaram latentes e esquecidas dentro da fam\u00edlia humana. Mais do que qualquer coisa, s\u00e3o estas capacidades que ir\u00e3o determinar de que modo, e mesmo se, a humanidade ir\u00e1 se preparar para as Grandes Ondas de mudan\u00e7a, e o tipo de mundo que todos n\u00f3s teremos que enfrentar como resultado disto.<\/p>\n<p>Ao enfrentar as Grandes Ondas de mudan\u00e7a, prepara\u00e7\u00e3o \u00e9 a chave. A prepara\u00e7\u00e3o n\u00e3o se trata meramente de fortificar sua vida exterior ou tentar construir um estilo de vida sustent\u00e1vel. Ao inv\u00e9s disso, trata-se de se preparar para toda uma nova realidade. Esta nova realidade ir\u00e1 exigir que voc\u00eas se tornem auto-suficientes e que sejam capazes de recorrer a uma for\u00e7a mais profunda dentro de si mesmos e dentro de outros, uma for\u00e7a da qual muito poucas pessoas est\u00e3o cientes. Esta for\u00e7a est\u00e1 dentro de voc\u00ea agora e tem estado com voc\u00ea desde sempre. Este livro ir\u00e1 lhe revelar onde ela pode ser encontrada e como ela pode ser usada.<\/p>\n<p>A prepara\u00e7\u00e3o come\u00e7a com aquilo que voc\u00ea v\u00ea no mundo e aquilo que voc\u00ea est\u00e1 ciente dentro de si mesmo. \u00c0 medida que voc\u00ea prossegue, a prepara\u00e7\u00e3o fortalece a sua capacidade de ser perceptivo, engenhoso e s\u00e1bio ao responder \u00e0 circunst\u00e2ncias que est\u00e3o sofrendo mudan\u00e7as e que s\u00e3o imprevis\u00edveis.<\/p>\n<p>Se voc\u00ea puder reconhecer a realidade e o poder das Grandes Ondas em impactarem a sua vida, isto ir\u00e1 naturalmente come\u00e7ar um longo processo de reavalia\u00e7\u00e3o a respeito de como voc\u00ea vive, onde voc\u00ea vive, o seu uso de recursos, a for\u00e7a ou fraqueza de seus relacionamentos em lhe ajudar a se preparar, e a dire\u00e7\u00e3o que a sua vida realmente precisa seguir.<\/p>\n<p>Ao enfrentar grandes mudan\u00e7as e incertezas, particularmente se n\u00e3o for algo esperado, as pessoas n\u00e3o confiam na l\u00f3gica e bom senso, mas sim em suposi\u00e7\u00f5es, h\u00e1bitos e no comportamento das pessoas ao redor delas. \u00c9 por isto que a prepara\u00e7\u00e3o interior \u00e9 t\u00e3o importante. Sem esta prepara\u00e7\u00e3o interior, as pessoas tender\u00e3o a esperar at\u00e9 o \u00faltimo minuto para reagir, num momento em que suas op\u00e7\u00f5es ser\u00e3o poucas, se alguma houver. Quando muitas pessoas reagem desta maneira, surge o caos.<\/p>\n<p>Cada um de n\u00f3s tem uma intelig\u00eancia maior dentro de n\u00f3s chamada Conhecimento que n\u00e3o tem medo do futuro ou do desafio de mudar as nossas vidas. Esta intelig\u00eancia nativa tem o poder de nos mover ou de nos restringir quando necess\u00e1rio, e de nos capacitar a encontrar as pessoas e as oportunidades que cont\u00e9m a maior esperan\u00e7a para as nossas vidas. A import\u00e2ncia, poder e aplica\u00e7\u00e3o desta intelig\u00eancia maior v\u00e3o muito al\u00e9m das nossas id\u00e9ias a respeito de intui\u00e7\u00e3o e instinto. Aqui as Grandes Ondas de mudan\u00e7a, embora perigosas e grandemente inesperadas, cont\u00e9m a maior das oportunidades para aqueles que puderem se preparar para reivindicar esta intelig\u00eancia mais profunda, para proteger suas vidas e para encontrar sua contribui\u00e7\u00e3o \u00fanica para um mundo em necessidade.<\/p>\n<p>Aqui voc\u00ea encontrar\u00e1, apresentada da maneira mais clara e firme, a gravidade das Grandes Ondas de mudan\u00e7a e os tipos de decis\u00f5es fundamentais que cada um de n\u00f3s ter\u00e1 que enfrentar e tomar se n\u00f3s formos nos preparar sabiamente. Existem duas mentes dentro de n\u00f3s: uma mente mundana que \u00e9 formada pelas cren\u00e7as e atitudes predominantes de nossas fam\u00edlias e cultura, e uma mente mais profunda, mais poderosa, que \u00e9 livre destas influ\u00eancias. Qual destas vozes n\u00f3s decidirmos responder, escolher e seguir, ir\u00e1 fazer toda a diferen\u00e7a em nossa capacidade de ver, de saber e de agir sabiamente quando outros ao redor de n\u00f3s parecerem incapazes ou relutantes em agir assim.<\/p>\n<p>Este livro nos confronta com cen\u00e1rios perigosos que s\u00e3o a consequ\u00eancia l\u00f3gica de nosso fracasso coletivo em responder adequadamente \u00e0s Grandes Ondas de mudan\u00e7a que j\u00e1 est\u00e3o come\u00e7ando a impactar o nosso mundo. Ele fala da quest\u00e3o fundamental, \u201cComo voc\u00ea saber\u00e1 o que fazer nos tempos dif\u00edceis por vir?\u201d. Governos n\u00e3o podem lhe dizer. Cientistas n\u00e3o podem lhe dizer. L\u00edderes religiosos n\u00e3o podem lhe dizer. Como voc\u00ea responder\u00e1 esta quest\u00e3o para si mesmo? Este livro lhe mostra como.<\/p>\n<p>A mensagem das Grandes Ondas de mudan\u00e7a \u00e9 direta e desafiadora. O seu ataque sobre a ignor\u00e2ncia, as suposi\u00e7\u00f5es e a arrog\u00e2ncia humanas \u00e9 implac\u00e1vel. Contudo este livro nos d\u00e1 uma vis\u00e3o real sobre o tipo de mundo que n\u00f3s teremos que enfrentar e onde, acima de todas as outras coisas, n\u00f3s iremos encontrar a fonte de nossa for\u00e7a, sabedoria e coragem, para navegar os dif\u00edceis tempos por vir. Estes tempos dif\u00edceis come\u00e7aram agora. As Grandes Ondas de mudan\u00e7a est\u00e3o sobre n\u00f3s.<\/p>\n<p>Marshall Vian Summers<br \/>\nSeattle, 2009<\/p>\n","protected":false},"excerpt":{"rendered":"<p>Para aquele que tem percep\u00e7\u00e3o, um mero sinal \u00e9 o bastante. Para aquele que n\u00e3o presta aten\u00e7\u00e3o, mil explica\u00e7\u00f5es n\u00e3o s\u00e3o o bastante. Hajji Bektash Wali M\u00edstico Persa 1209-1271 A humanidade ultrapassou um limite cr\u00edtico onde ela ter\u00e1 que se adaptar a todo um novo conjunto de circunst\u00e2ncias. Isto vai exigir um esfor\u00e7o unido entre\u2026 <a class=\"read-more\" href=\"https:\/\/www.v6.newmessage.org\/pt\/a-mensagem\/volume-4\/as-grandes-ondas-de-mudanca\/as-grandes-ondas-de-mudanca-introducao\"><span>Read More<\/span><\/a><\/p>\n","protected":false},"author":39,"featured_media":0,"parent":13099,"menu_order":4,"comment_status":"closed","ping_status":"closed","template":"template-leftsidebar.php","meta":{"_monsterinsights_skip_tracking":false,"_monsterinsights_sitenote_active":false,"_monsterinsights_sitenote_note":"","_monsterinsights_sitenote_category":0,"footnotes":""},"categories":[473,114,76,117,77,471],"tags":[],"_links":{"self":[{"href":"https:\/\/www.v6.newmessage.org\/pt\/wp-json\/wp\/v2\/pages\/26954"}],"collection":[{"href":"https:\/\/www.v6.newmessage.org\/pt\/wp-json\/wp\/v2\/pages"}],"about":[{"href":"https:\/\/www.v6.newmessage.org\/pt\/wp-json\/wp\/v2\/types\/page"}],"author":[{"embeddable":true,"href":"https:\/\/www.v6.newmessage.org\/pt\/wp-json\/wp\/v2\/users\/39"}],"replies":[{"embeddable":true,"href":"https:\/\/www.v6.newmessage.org\/pt\/wp-json\/wp\/v2\/comments?post=26954"}],"version-history":[{"count":4,"href":"https:\/\/www.v6.newmessage.org\/pt\/wp-json\/wp\/v2\/pages\/26954\/revisions"}],"predecessor-version":[{"id":26958,"href":"https:\/\/www.v6.newmessage.org\/pt\/wp-json\/wp\/v2\/pages\/26954\/revisions\/26958"}],"up":[{"embeddable":true,"href":"https:\/\/www.v6.newmessage.org\/pt\/wp-json\/wp\/v2\/pages\/13099"}],"wp:attachment":[{"href":"https:\/\/www.v6.newmessage.org\/pt\/wp-json\/wp\/v2\/media?parent=26954"}],"wp:term":[{"taxonomy":"category","embeddable":true,"href":"https:\/\/www.v6.newmessage.org\/pt\/wp-json\/wp\/v2\/categories?post=26954"},{"taxonomy":"post_tag","embeddable":true,"href":"https:\/\/www.v6.newmessage.org\/pt\/wp-json\/wp\/v2\/tags?post=26954"}],"curies":[{"name":"wp","href":"https:\/\/api.w.org\/{rel}","templated":true}]}}