{"id":24627,"date":"2015-09-19T02:44:11","date_gmt":"2015-09-19T02:44:11","guid":{"rendered":"http:\/\/www.newmessage.org\/?page_id=24627"},"modified":"2017-03-06T02:33:16","modified_gmt":"2017-03-06T02:33:16","slug":"o-grande-alerta","status":"publish","type":"page","link":"https:\/\/www.v6.newmessage.org\/pt\/a-mensagem\/volume-1\/o-novo-mundo\/o-grande-alerta","title":{"rendered":"O Grande Alerta"},"content":{"rendered":"\n<div class=\"tabgroup \"><ul class=\"tabs\"><li><a href=\"#tabs-1\">Sobre<\/a><\/li>\n<li><a href=\"#tabs-2\">More<\/a><\/li><\/ul>\n <div id=\"tabs-1\"><\/p>\n<p><em>Assim como revelado a<br \/>\nMarshall Vian Summers<br \/>\nem 26 de abril de 2015<br \/>\nem Boulder, Colorado, EUA.<\/em><\/p>\n<p><\/div>\n<div id=\"tabs-2\"><br \/>\n<\/div>\n\t\t\t\t<div align=\"right\">\n\t\t\t<div class=\"fb-like\" data-href=\"\" data-layout=\"button_count\" data-action=\"like\" data-show-faces=\"false\" data-share=\"false\"><\/div>\n\t\t\t<div class=\"fb-share-button\" data-layout=\"button_count\"> <\/div>\n\t\t\t<div class=\"fb_iframe_widget\"><a href=\"https:\/\/twitter.com\/godsnewmessage?ref_src=twsrc%5Etfw\" class=\"twitter-follow-button\" data-show-count=\"false\">Follow @godsnewmessage<\/a><script async src=\"https:\/\/platform.twitter.com\/widgets.js\" charset=\"utf-8\"><\/script><\/div>\n\t\t\t<\/div> <\/div> \n\n<p>Deus enviou a Nova Mensagem ao mundo em um momento decisivo para a fam\u00edlia humana \u2013 um momento decisivo para o qual voc\u00eas est\u00e3o despreparados e do qual est\u00e3o sem conhecimento, um momento decisivo que \u00e9 t\u00e3o grande que ir\u00e1 alterar o curso da vida de todos aqui agora, e ir\u00e1 alterar o futuro de todos que vir\u00e3o neste mundo.<\/p>\n<p>\u00c9 um grande limiar, o maior que a fam\u00edlia humana j\u00e1 teve que enfrentar, em parte devido \u00e0 sua pilhagem do mundo e em parte devido \u00e0 sua evolu\u00e7\u00e3o, que trouxe-a at\u00e9 o limite do espa\u00e7o, uma Comunidade Maior de vida no universo, a respeito da qual voc\u00eas n\u00e3o sabem nada.<\/p>\n<p>As grandes revela\u00e7\u00f5es do passado e os Mensageiros que as trouxeram at\u00e9 aqui n\u00e3o lhes prepararam para isso, porque isto n\u00e3o era a necessidade naquela \u00e9poca.<\/p>\n<p>Mas voc\u00eas agora atingiram o ponto onde voc\u00eas est\u00e3o mudando o mundo de tal forma que isso criar\u00e1 um ambiente no qual se tornar\u00e1 cada vez mais dif\u00edcil para voc\u00eas sobreviverem. E voc\u00eas est\u00e3o enfrentando interven\u00e7\u00e3o de fora, do universo ao seu redor, por aquelas ra\u00e7as que procuram tirar proveito da sua fraqueza e divis\u00e3o, e das circunst\u00e2ncias em mudan\u00e7a, para atingir seus pr\u00f3prios interesses e vantagens.<\/p>\n<p>Enquanto isso a humanidade se consome em seus pr\u00f3prios problemas internos e seus conflitos entre na\u00e7\u00f5es, culturas e religi\u00f5es. Consumida \u00e9, ego\u00edsta \u00e9, cega e insensata no momento em que est\u00e1 no limiar da Comunidade Maior, despreparada para lidar com os resultados e efeitos da sua pilhagem deste mundo a tal ponto de estar mudando a atmosfera, as \u00e1guas e os solos \u2013 as mesmas coisas das quais voc\u00eas dependem a cada momento e a cada dia para viverem neste mundo, este mundo magn\u00edfico, uma verdadeira j\u00f3ia no universo.<\/p>\n<p>A sua destrui\u00e7\u00e3o do planeta trouxe outros at\u00e9 aqui para ganh\u00e1-lo para si pr\u00f3prios, para se tornarem a nova lideran\u00e7a deste mundo, se eles conseguirem a oportunidade.<\/p>\n<p>Muitas pessoas sentem uma grande ansiedade sobre o futuro e uma preocupa\u00e7\u00e3o com o que vir\u00e1, e isto \u00e9 bem fundamentado. N\u00e3o importa quais s\u00e3o as explica\u00e7\u00f5es que elas d\u00e3o para isso, ou o que elas acham que isso significa, \u00e9 tudo a mesma rea\u00e7\u00e3o a uma grande mudan\u00e7a em suas circunst\u00e2ncias e a um grande desafio para a sua liberdade e o seu bem-estar.<\/p>\n<p>Somente o Senhor do universo pode lhes alertar sobre essas coisas com uma clareza perfeita. E isso est\u00e1 sendo feito agora atrav\u00e9s da Assembleia Ang\u00e9lica, que fala com uma s\u00f3 Voz para trazer a Nova Revela\u00e7\u00e3o de Deus para o mundo.<\/p>\n<p>Porque Deus n\u00e3o falava com o mundo h\u00e1 1400 anos. Mensagens vieram para coisas espec\u00edficas, atrav\u00e9s de determinados agentes, mas nada para o mundo inteiro, nada para alterar o curso do comportamento imprudente e o destino da humanidade.<\/p>\n<p>Revela\u00e7\u00f5es desta natureza s\u00f3 v\u00eam talvez uma vez a cada mil\u00eanio. Voc\u00ea \u00e9 t\u00e3o privilegiado e desafiado por viver em tal tempo de Revela\u00e7\u00e3o. \u00c9 a maior das oportunidades se voc\u00ea puder entender isso, se voc\u00ea puder receber o que Deus quer dar \u00e0 humanidade, e n\u00e3o apenas us\u00e1-la para os seus pr\u00f3prios fins ego\u00edstas, mas sim aplic\u00e1-la para o bem-estar e o futuro da fam\u00edlia humana neste mundo, que agora est\u00e1 em perigo vindo de dentro e de fora.<\/p>\n<p>Pois voc\u00eas alteraram a composi\u00e7\u00e3o qu\u00edmica da atmosfera de tal maneira que o planeta se tornar\u00e1 mais quente e o n\u00edvel das \u00e1guas subir\u00e1. O n\u00edvel dos oceanos vai subir e vai continuar a subir, consumindo tudo ao seu alcance. Grandes secas e tempestades continuar\u00e3o a atacar o mundo, assim como j\u00e1 est\u00e3o come\u00e7ando a fazer agora.<\/p>\n<p>Ser\u00e1 um tempo de dificuldade e emerg\u00eancia crescentes. N\u00e3o se surpreendam com este acontecimento, pois voc\u00eas t\u00eam alterado as condi\u00e7\u00f5es de vida aqui de tal maneira que isso poderia ser previsto e de fato foi previsto por certos indiv\u00edduos.<\/p>\n<p>Mas o panorama \u00e9 maior do que isso, voc\u00ea entende? Pois a sua vulnerabilidade crescente trouxe interven\u00e7\u00e3o do universo, por ra\u00e7as exploradoras que podem apresentar-se como pacifistas em servi\u00e7o \u00e0 humanidade. Mas isso \u00e9 apenas uma manipula\u00e7\u00e3o.<\/p>\n<p>Este planeta tem grande valor no universo. Mas ningu\u00e9m vai atac\u00e1-lo, por que isso n\u00e3o \u00e9 permitido nesta regi\u00e3o do espa\u00e7o. Ningu\u00e9m quer destruir os grandes ativos deste planeta e ningu\u00e9m quer destruir a humanidade sendo a sua m\u00e3o-de-obra nativa.<\/p>\n<p>A cada dia que passa, voc\u00eas est\u00e3o perdendo a sua auto-sufici\u00eancia, tornando voc\u00eas cada vez mais vulner\u00e1veis \u00e0 persuas\u00e3o de fora, \u00e0s sedu\u00e7\u00f5es de fora e \u00e0 oferta de presentes de fora. Enquanto a condi\u00e7\u00e3o da humanidade continua em decl\u00ednio, quem dentre voc\u00eas ou seus l\u00edderes ter\u00e3o a sabedoria e a modera\u00e7\u00e3o para se conter e n\u00e3o aceitar essas coisas?<\/p>\n<p>O mundo est\u00e1 mudando muito rapidamente, e parte disso n\u00e3o ser\u00e1 poss\u00edvel alterar. Voc\u00eas s\u00f3 podem mitigar, e isso est\u00e1 sendo feito muito pouco no mundo hoje.<\/p>\n<p>Pois as pessoas n\u00e3o percebem que est\u00e3o vivendo em uma emerg\u00eancia global, na fase inicial quando muito ainda pode ser feito, quando muito poderia ser resolvido, e quando muita prepara\u00e7\u00e3o poderia estar em andamento.<\/p>\n<p>Mas quem entre aqueles que voc\u00ea conhece, entre a sua cultura e na\u00e7\u00e3o e fam\u00edlia, est\u00e1 preparando-se para as Grandes Ondas de mudan\u00e7a? Voc\u00ea est\u00e1 se preparando para as Grandes Ondas de mudan\u00e7a? Ou est\u00e1 imprudentemente vivendo no agora, cego, n\u00e3o percebendo para onde voc\u00ea est\u00e1 indo, e o que est\u00e1 vindo al\u00e9m do horizonte, e os grandes sinais que o mundo est\u00e1 dando agora para lhes alertar e preparar?<\/p>\n<p>Deus agora tem dado a prepara\u00e7\u00e3o para a grande mudan\u00e7a que est\u00e1 chegando \u2013 dada em um momento de m\u00e1xima import\u00e2ncia e celeridade, dada em um momento em que a humanidade ainda tem tempo para se preparar e para compensar uma boa parte do dano futuro caso voc\u00eas negligenciem os seus deveres e responsabilidades agora.<\/p>\n<p>S\u00f3 Deus sabe o que est\u00e1 vindo al\u00e9m do horizonte. Voc\u00eas est\u00e3o preocupados com as suas necessidades e os seus problemas, as suas queixas e os seus debates. Mas voc\u00eas n\u00e3o est\u00e3o nem olhando. Quem entre aqueles que voc\u00ea conhece est\u00e1 realmente de olho nisso? As pessoas est\u00e3o se escondendo atr\u00e1s de suas religi\u00f5es, suas escrituras, as pessoas est\u00e3o se escondendo atr\u00e1s de sua pol\u00edtica, as pessoas est\u00e3o se escondendo atr\u00e1s de seus problemas. Quem tem a coragem e a humildade de olhar para fora e de se perguntar, com toda a honestidade, \u201co que est\u00e1 vindo agora?\u201d<\/p>\n<p>As pessoas n\u00e3o querem saber. Elas n\u00e3o querem enxergar. Elas n\u00e3o querem enfrentar o desafio, embora se elas o enfrentarem, isso ir\u00e1 torn\u00e1-las mais fortes do que s\u00e3o hoje e ir\u00e1 lhes dar uma chance de fazer algo inteligente para si mesmas e para os seus entes queridos.<\/p>\n<p>N\u00e3o procure conforto. N\u00e3o procure um adiamento. N\u00e3o tente encontrar paz e serenidade em um mundo para onde voc\u00ea foi enviado para servir \u2013 um mundo agora enfrentando os seus maiores desafios e a sua maior oportunidade para atingir a unidade e coopera\u00e7\u00e3o, se um n\u00famero suficiente de pessoas puder reconhecer a grande necessidade deste tempo e dos tempos por vir.<\/p>\n<p>N\u00e3o importa se voc\u00ea ora a Deus. N\u00e3o importa se voc\u00ea prostra-se na igreja, no templo ou na mesquita, se voc\u00ea n\u00e3o estiver disposto a realmente fazer a tarefa que Deus lhe enviou para fazer aqui, que \u00e9 fazer a sua parte, pequena mas importante, na prepara\u00e7\u00e3o de si mesmo e da sua na\u00e7\u00e3o para os dois grandes desafios que a humanidade enfrenta hoje e enfrentar\u00e1 cada vez mais com o passar do tempo.<\/p>\n<p>N\u00e3o h\u00e1 problema maior do que isso. Porque, se voc\u00eas falharem em qualquer um desses desafios, se voc\u00eas deixarem de se preparar para as Grandes Ondas de mudan\u00e7a, se voc\u00eas deixarem de neutralizar a interven\u00e7\u00e3o que est\u00e1 ocorrendo no mundo atualmente, algo que voc\u00eas t\u00eam a capacidade de fazer, ent\u00e3o a liberdade humana ser\u00e1 perdida, e voc\u00eas acabar\u00e3o em um conjunto de circunst\u00e2ncias mais dif\u00edceis e desafiadoras do que podem imaginar agora.<\/p>\n<p>Este \u00e9 um desafio t\u00e3o grande e t\u00e3o importante que Deus falou novamente, abordando-o diretamente, para lhes preparar, para trazer prop\u00f3sito, serenidade e coopera\u00e7\u00e3o entre as religi\u00f5es do mundo, todas as quais agora devem ajudar a preparar a humanidade para a grande mudan\u00e7a que est\u00e1 chegando. N\u00e3o deve haver nenhum conflito entre elas, porque Deus iniciou todas elas. Apesar de terem sido alteradas pelo homem ao longo do tempo, elas ainda t\u00eam um grande prop\u00f3sito para com a sua Fonte e um grande servi\u00e7o para ser dado ao mundo em coopera\u00e7\u00e3o umas com as outras.<\/p>\n<p>Agora voc\u00eas devem come\u00e7ar a pensar em coisas que voc\u00eas n\u00e3o pensaram antes, a considerar o desfecho e as consequ\u00eancias de grandes eventos no mundo em vez de apenas pensar em seus pr\u00f3prios interesses, necessidades ou distra\u00e7\u00f5es pessoais.<\/p>\n<p>Voc\u00ea deve se tornar respons\u00e1vel \u2013 ou seja, capaz de responder, disposto a olhar, reconhecendo as suas limita\u00e7\u00f5es, as suas fraquezas e os seus pontos fortes. Uma avalia\u00e7\u00e3o profunda da sua vida deve ser realizada em tal tempo, do contr\u00e1rio as Grandes Ondas v\u00e3o consumir voc\u00ea e tudo que voc\u00ea tem. E quando isso ocorrer, voc\u00ea vai reconhecer que voc\u00ea n\u00e3o viu a chegada disso porque voc\u00ea n\u00e3o estava olhando ou prestando aten\u00e7\u00e3o.<\/p>\n<p>O n\u00edvel dos mares subir\u00e1. Dentro do pr\u00f3ximo s\u00e9culo e meio, o n\u00edvel dos mares subir\u00e1 mais de 30 metros. Onde voc\u00eas v\u00e3o morar? O qu\u00ea acontecer\u00e1 com os seus portos e as suas cidades e as suas melhores terras cultiv\u00e1veis? O qu\u00ea acontecer\u00e1 com os deltas do mundo e as milh\u00f5es de pessoas que moram ali? Quem vai abrig\u00e1-las quando elas tiverem que fugir de sua na\u00e7\u00e3o, onde n\u00e3o dar\u00e1 mais para sobreviver?<\/p>\n<p>\u00c9 isso que voc\u00eas devem considerar. Olhem para um mapa do mundo e vejam o que ser\u00e1 perdido. A maioria das cidades mais importantes do mundo ser\u00e1 inundada e n\u00e3o poder\u00e1 ser protegida. O que acontecer\u00e1 com todas as pessoas que ter\u00e3o que fugir, at\u00e9 nas na\u00e7\u00f5es ricas, e nas suas cidades e nas suas costas? Para onde elas ir\u00e3o? O que elas v\u00e3o fazer, aqueles que juntamente com voc\u00ea e seus ancestrais recentes, t\u00eam mudado o clima do mundo? O derretimento das calotas polares e das geleiras, a crescente escassez de \u00e1gua doce tornando-se cada vez mais preciosa e o aumento das secas em todo o mundo, estas s\u00e3o as coisas que deve-se mitigar agora, enquanto voc\u00eas ainda t\u00eam chance. N\u00e3o pensem que existem outros problemas mais importantes do que estes. N\u00e3o ignorem isso.<\/p>\n<p>Voc\u00ea deve construir a sua arca \u2013 para si mesmo, para a sua fam\u00edlia e para a sua comunidade \u2013 n\u00e3o apenas para as suas pr\u00f3prias necessidades, mas para as necessidades de todos ao seu redor. Se voc\u00eas demorarem muito tempo, ser\u00e1 tarde demais para se preparar, e todo mundo vai estar em p\u00e2nico \u2013 todos aqueles que n\u00e3o queriam ver e n\u00e3o podiam ver, ou que estavam fracos, idosos ou doentes demais para se prepararem \u2013 ser\u00e1 um grande p\u00e2nico, um p\u00e2nico crescente, um p\u00e2nico entre as na\u00e7\u00f5es, um p\u00e2nico dentro das na\u00e7\u00f5es.<\/p>\n<p>Devemos dizer-lhes estas coisas para que voc\u00eas entendam a import\u00e2ncia da Nova Revela\u00e7\u00e3o de Deus para o mundo e a import\u00e2ncia de voc\u00ea estar no mundo, neste momento, que n\u00e3o \u00e9 simplesmente para perder-se em passatempos, fantasias e objetivos pessoais. Voc\u00ea tem uma responsabilidade para com aqueles que lhe enviaram e para aqueles que se esfor\u00e7aram grandemente para lhe trazer aqui, neste momento, sob essas circunst\u00e2ncias, para servir a um mundo enfrentando a sua maior prova\u00e7\u00e3o e crise.<\/p>\n<p>Saia da sombra. Afaste-se do v\u00edcio e da obsess\u00e3o. Afaste-se dos seus romances sem esperan\u00e7a e dos seus objetivos tolos, que n\u00e3o ter\u00e3o promessa nenhuma em um futuro como este. Este \u00e9 o desafio da sua vida, voc\u00ea entende? Ignore-o por sua conta e risco. Negligencie-o por sua conta e risco. Argumente com isso por sua conta e risco.<\/p>\n<p>Pois a tecnologia n\u00e3o vai lhes salvar. Uma ra\u00e7a alien\u00edgena n\u00e3o vai lhes salvar. Eles fazem parte do seu problema, voc\u00ea entende? \u00c9 s\u00f3 a for\u00e7a de vontade, a determina\u00e7\u00e3o e a coopera\u00e7\u00e3o humana que vai fortalecer a fam\u00edlia humana nas grandes mudan\u00e7as que vir\u00e3o. \u00c9 a sua responsabilidade moral. \u00c9 o seu maior prop\u00f3sito em estar aqui. \u00c9 o verdadeiro significado da sua vida.<\/p>\n<p>O seu servi\u00e7o n\u00e3o ser\u00e1 grandioso. N\u00e3o chamar\u00e1 muita aten\u00e7\u00e3o. Ser\u00e1 s\u00f3 para ajudar algu\u00e9m, ou um grupo de pessoas ou uma cidade ou um povoado, onde quer que voc\u00ea esteja destinado a servir. O servi\u00e7o \u00e9 necess\u00e1rio em todos os n\u00edveis da sociedade, em todas as formas, por um n\u00famero de pessoas cada vez mais crescente.<\/p>\n<p>N\u00e3o espere at\u00e9 o c\u00e9u escurecer e as \u00e1guas subirem, at\u00e9 as terras secarem e as pessoas se desesperarem. Porque ent\u00e3o, ser\u00e1 tarde demais para se fazer muita coisa, para si mesmo ou para os outros.<\/p>\n<p>Deus est\u00e1 lhe dando agora os olhos para ver e os ouvidos para ouvir. Voc\u00ea j\u00e1 tem isso dentro de voc\u00ea, uma intelig\u00eancia mais profunda dentro de voc\u00ea chamada de Conhecimento. Ela fica muito al\u00e9m do seu intelecto. Ela \u00e9 mais poderosa do que o seu intelecto. Ela \u00e9 maior do que as suas id\u00e9ias, as suas suposi\u00e7\u00f5es, as suas cren\u00e7as e as suas prefer\u00eancias.<\/p>\n<p>Voc\u00ea deve enfrentar esta realidade maior. Se voc\u00ea n\u00e3o fizer isso, a sua vida ser\u00e1 desperdi\u00e7ada e perdida, e o seu prop\u00f3sito n\u00e3o ser\u00e1 reconhecido nem cumprido.<\/p>\n<p>Se voc\u00ea enfrentar isto, a princ\u00edpio voc\u00ea ficar\u00e1 amedrontado, mas voc\u00ea ganhar\u00e1 for\u00e7a \u00e0 medida que voc\u00ea continua a reconhecer a grande necessidade que est\u00e1 surgindo. Isso ir\u00e1 ajudar voc\u00ea a reavaliar a sua vida e a largar das coisas pequenas, perigosas e nocivas. Isso ser\u00e1 o impulso e a inspira\u00e7\u00e3o perfeitos para voc\u00ea p\u00f4r a sua vida e a sua mente em ordem, e para aprender a seguir o Conhecimento, pois esse \u00e9 o significado de toda a verdadeira espiritualidade e toda a verdadeira religi\u00e3o.<\/p>\n<p>Deus lhe deu uma intelig\u00eancia orientadora perfeita. Ela n\u00e3o tem medo do mundo. Ela n\u00e3o pode ser corrompida pelo mundo. Existe alguma outra parte de voc\u00ea que voc\u00ea possa reivindicar isso, com toda a sinceridade? Aquilo que \u00e9 fraco dentro de voc\u00ea deve seguir o que \u00e9 forte. Aquilo que \u00e9 fraco dentro de voc\u00ea deve seguir as outras pessoas que s\u00e3o fortes da maneira em que estamos falando.<\/p>\n<p>A humanidade tem encurralado a si mesma. N\u00e3o h\u00e1 sa\u00edda f\u00e1cil. N\u00e3o h\u00e1 uma solu\u00e7\u00e3o simples. N\u00e3o h\u00e1 uma \u00fanica tecnologia que vai resolver tudo isso sozinha. A humanidade n\u00e3o sabe como se preparar. Ela s\u00f3 tem alguns pedacinhos para solucionar tudo isso e a maior parte deles nunca foi testada de verdade.<\/p>\n<p>Se voc\u00ea der aten\u00e7\u00e3o a esta intelig\u00eancia, ela lhe ajudar\u00e1 a entender. Se voc\u00ea entender que voc\u00ea foi enviado at\u00e9 aqui para este prop\u00f3sito, isso ir\u00e1 p\u00f4r a sua vida em um maior equil\u00edbrio e, em seguida uma for\u00e7a maior poder\u00e1 come\u00e7ar a surgir dentro de voc\u00ea.<\/p>\n<p>Pela primeira vez na hist\u00f3ria humana, o Senhor de todo o universo proveu os Passos Para o Conhecimento \u00e0 fam\u00edlia humana, um ensinamento antiqu\u00edssimo que tem sido dado a outras ra\u00e7as no universo ao longo de in\u00fameras eras. \u00c9 isso que deve ser estudado, pois isso ir\u00e1 engaj\u00e1-lo com o maior poder dentro de voc\u00ea, que \u00e9 ligado a Deus. Seja voc\u00ea religioso ou n\u00e3o, n\u00e3o importa a sua tradi\u00e7\u00e3o de f\u00e9, ou se voc\u00ea n\u00e3o tem nenhuma tradi\u00e7\u00e3o de f\u00e9. \u00c9 tudo a mesma coisa. O presente \u00e9 o mesmo. A necessidade \u00e9 a mesma. A verdade \u00e9 a mesma.<\/p>\n<p>Discutir com isto teologicamente, psicologicamente, politicamente, economicamente \u2014 n\u00e3o importa. Qualquer uma destas coisas \u00e9 falhar em responder. N\u00e3o defenda a sua fraqueza assim, mas entenda que Deus est\u00e1 chamando voc\u00ea atrav\u00e9s da Revela\u00e7\u00e3o para reconhecer a condi\u00e7\u00e3o do mundo e da sua vida, e para reconhecer o seu futuro e o seu destino aqui.<\/p>\n<p>Fa\u00e7a isso por si mesmo. Fa\u00e7a isso por seus filhos. Fa\u00e7a isso por tudo o que voc\u00ea ama e aprecia sobre o mundo. Mas al\u00e9m disso, fa\u00e7a isso por aqueles que enviaram voc\u00ea at\u00e9 aqui, que est\u00e3o observando para ver se voc\u00ea pode responder.<\/p>\n<p>O Mensageiro est\u00e1 no mundo. Ele \u00e9 um homem mais velho agora. Ele n\u00e3o estar\u00e1 aqui para sempre. Ele det\u00e9m parte do presente dentro de si mesmo, pois ele foi enviado pela Assembleia Angelica, assim como foram todos os Mensageiros pr\u00e9vios.<\/p>\n<p>Este \u00e9 o tempo. Este \u00e9 o momento. Esta \u00e9 a crise. S\u00f3 quando voc\u00ea vir que voc\u00ea n\u00e3o tem uma resposta para essas coisas, voc\u00ea vai ent\u00e3o se virar para o que tem a resposta e que pode lhe guiar, passo a passo para redirecionar a sua vida e mente corretamente para que voc\u00ea possa ter sabedoria e clareza, em vez de medo e admoesta\u00e7\u00e3o.<\/p>\n<p>Este \u00e9 o amor que Deus est\u00e1 lhe dando. \u00c9 dif\u00edcil. \u00c9 um desafio. \u00c9 desconfort\u00e1vel. N\u00e3o \u00e9 apenas para lhe confortar e tranquilizar. \u00c9 para lhe chamar ao servi\u00e7o, a um servi\u00e7o e reconhecimento maior, a uma maior coopera\u00e7\u00e3o entre voc\u00ea e outras pessoas, entre grupos, entre as religi\u00f5es, entre as na\u00e7\u00f5es, para a preserva\u00e7\u00e3o e o avan\u00e7o da humanidade.<\/p>\n<p>Muitas pessoas v\u00e3o recusar. Elas se agarrar\u00e3o \u00e0s suas antigas cren\u00e7as, id\u00e9ias e investimentos. Elas ir\u00e3o rejeitar isto cegamente, achando ser imposs\u00edvel, ou pensando que \u00e9 o fim dos tempos para a humanidade, e que tudo que deveriam fazer \u00e9 orar, quando de fato devem se preparar.<\/p>\n<p>Eis a grande transi\u00e7\u00e3o. Mas grandes transi\u00e7\u00f5es, pela sua pr\u00f3pria natureza, s\u00e3o dif\u00edceis e perigosas. As pessoas podem falhar em tais grandes momentos decisivos. E o fracasso aqui seria mais custoso do que qualquer coisa que voc\u00eas j\u00e1 experimentaram neste mundo. Voc\u00eas n\u00e3o podem permitir que tal coisa aconte\u00e7a.<\/p>\n<p>O C\u00e9u est\u00e1 observando para ver quem pode responder, quem se preparar\u00e1, quem por\u00e1 a sua vida em ordem e dar\u00e1 os Passos Para o Conhecimento e construir\u00e1 os quatro pilares da sua vida: o Pilar dos Relacionamentos, o Pilar do Trabalho, o Pilar da Sa\u00fade, o Pilar do Desenvolvimento Espiritual. S\u00e3o os quatros pilares sobre os quais qualquer vida verdadeira deve ser edificada para poder ser est\u00e1vel em uma \u00e9poca turbulenta e incerta.<\/p>\n<p>Eis o chamado. Isto \u00e9 o amor verdadeiro. Se n\u00e3o houvesse o amor verdadeiro, o Criador de toda a vida olharia para o outro lado e deixaria a humanidade cair em caos e dissolu\u00e7\u00e3o, s\u00f3 para ser dominada por pot\u00eancias estrangeiras, que s\u00e3o muito mais cru\u00e9is e duras do que qualquer coisa que voc\u00eas podem imaginar.<\/p>\n<p>N\u00e3o desista. N\u00e3o se entregue. N\u00e3o se renda perante os seus pr\u00f3prios medos e os desafios ao seu redor. N\u00e3o seja uma v\u00edtima. Seja um colaborador. Aqui voc\u00ea vai ganhar for\u00e7a, prop\u00f3sito e renova\u00e7\u00e3o. Pois agora s\u00f3 uma situa\u00e7\u00e3o maior pode restaurar, renovar e preparar a humanidade para enfrentar os grandes desafios que est\u00e3o por vir.<\/p>\n<p>A Nova Revela\u00e7\u00e3o de Deus para o mundo \u00e9 a maior revela\u00e7\u00e3o j\u00e1 dada, dada agora a uma comunidade mundial, uma comunidade alfabetizada, um mundo de com\u00e9rcio global, um mundo de crescente consci\u00eancia global, um mundo de comunica\u00e7\u00e3o global.<\/p>\n<p>\u00c9 a maior oportunidade antes que as coisas realmente comecem a desmoronar. \u00c9 o maior tempo, voc\u00ea entende? \u00c9 o seu momento decisivo. Responda a isto e voc\u00ea vai come\u00e7ar o seu grande retorno \u00e0 sua Fonte, ao seu maior prop\u00f3sito e destino que lhe trouxeram at\u00e9 aqui sob as mesmas circunst\u00e2ncias de que estamos falando.<\/p>\n<p>O Mensageiro est\u00e1 no mundo. Aprenda sobre ele. Ajude-o se voc\u00ea puder. Receba dele. Ele \u00e9 a \u00fanica pessoa que pode trazer A Revela\u00e7\u00e3o de Deus ao mundo. Quando ele terminar, o Selo dos Profetas fechar\u00e1 ap\u00f3s ele, e nada mais ser\u00e1 dado por muito tempo.<\/p>\n<p>\u00c9 por isso que a Mensagem dele \u00e9 t\u00e3o grande e t\u00e3o detalhada, t\u00e3o repetitiva, t\u00e3o ampla, t\u00e3o abrangente, t\u00e3o diretamente importante para todos os aspectos da sua vida, dada ao longo de um grande per\u00edodo, dada com o seu pr\u00f3prio coment\u00e1rio, para que a sua verdade n\u00e3o seja deixada para comentaristas futuros, que n\u00e3o conheceram o Mensageiro e que provavelmente n\u00e3o entenderam a Revela\u00e7\u00e3o. N\u00e3o pode haver confus\u00e3o agora. Os erros do passado, a respeito da forma como as grandes revela\u00e7\u00f5es s\u00e3o mal utilizadas e usurpadas, n\u00e3o podem se repetir<\/p>\n<p>Tudo \u00e9 importante agora. Cada dia \u00e9 importante. Cada decis\u00e3o \u00e9 importante. A sua decis\u00e3o, as decis\u00f5es dos outros, o seu comportamento, o comportamento dos outros \u2013 tudo \u00e9 importante agora. A sua vida \u00e9 importante agora, mas somente dentro deste contexto maior.<\/p>\n<p>O fracasso deve ser evitado e resistido a todo custo, porque vai custar tudo para se enfrentar as Grandes Ondas de mudan\u00e7a. Em vez de construir grandes ex\u00e9rcitos e enriquecer alguns poucos indiv\u00edduos, todos os recursos das suas sociedades e na\u00e7\u00f5es ter\u00e3o de ser aplicados.<\/p>\n<p>Enfrente o Poder e a Presen\u00e7a, e a Gra\u00e7a lhe atender\u00e1. Voc\u00ea pode superar a sua fraqueza e o seu medo porque h\u00e1 um poder maior dentro de voc\u00ea. Na Nova Revela\u00e7\u00e3o de Deus para o mundo, este Poder \u00e9 revelado como algo muito evidente e indispens\u00e1vel.<\/p>\n","protected":false},"excerpt":{"rendered":"<p>Deus enviou a Nova Mensagem ao mundo em um momento decisivo para a fam\u00edlia humana \u2013 um momento decisivo para o qual voc\u00eas est\u00e3o despreparados e do qual est\u00e3o sem conhecimento, um momento decisivo que \u00e9 t\u00e3o grande que ir\u00e1 alterar o curso da vida de todos aqui agora, e ir\u00e1 alterar o futuro de\u2026 <a class=\"read-more\" href=\"https:\/\/www.v6.newmessage.org\/pt\/a-mensagem\/volume-1\/o-novo-mundo\/o-grande-alerta\"><span>Read More<\/span><\/a><\/p>\n","protected":false},"author":32,"featured_media":0,"parent":16482,"menu_order":3,"comment_status":"closed","ping_status":"closed","template":"template-leftsidebar.php","meta":{"_monsterinsights_skip_tracking":false,"_monsterinsights_sitenote_active":false,"_monsterinsights_sitenote_note":"","_monsterinsights_sitenote_category":0,"footnotes":""},"categories":[76,117,118,463,460],"tags":[],"_links":{"self":[{"href":"https:\/\/www.v6.newmessage.org\/pt\/wp-json\/wp\/v2\/pages\/24627"}],"collection":[{"href":"https:\/\/www.v6.newmessage.org\/pt\/wp-json\/wp\/v2\/pages"}],"about":[{"href":"https:\/\/www.v6.newmessage.org\/pt\/wp-json\/wp\/v2\/types\/page"}],"author":[{"embeddable":true,"href":"https:\/\/www.v6.newmessage.org\/pt\/wp-json\/wp\/v2\/users\/32"}],"replies":[{"embeddable":true,"href":"https:\/\/www.v6.newmessage.org\/pt\/wp-json\/wp\/v2\/comments?post=24627"}],"version-history":[{"count":11,"href":"https:\/\/www.v6.newmessage.org\/pt\/wp-json\/wp\/v2\/pages\/24627\/revisions"}],"predecessor-version":[{"id":27675,"href":"https:\/\/www.v6.newmessage.org\/pt\/wp-json\/wp\/v2\/pages\/24627\/revisions\/27675"}],"up":[{"embeddable":true,"href":"https:\/\/www.v6.newmessage.org\/pt\/wp-json\/wp\/v2\/pages\/16482"}],"wp:attachment":[{"href":"https:\/\/www.v6.newmessage.org\/pt\/wp-json\/wp\/v2\/media?parent=24627"}],"wp:term":[{"taxonomy":"category","embeddable":true,"href":"https:\/\/www.v6.newmessage.org\/pt\/wp-json\/wp\/v2\/categories?post=24627"},{"taxonomy":"post_tag","embeddable":true,"href":"https:\/\/www.v6.newmessage.org\/pt\/wp-json\/wp\/v2\/tags?post=24627"}],"curies":[{"name":"wp","href":"https:\/\/api.w.org\/{rel}","templated":true}]}}