{"id":20842,"date":"2015-08-11T01:43:51","date_gmt":"2015-08-11T01:43:51","guid":{"rendered":"http:\/\/www.newmessage.org\/?page_id=20842"},"modified":"2015-12-28T22:38:38","modified_gmt":"2015-12-28T22:38:38","slug":"a-vida-no-universo-introducao","status":"publish","type":"page","link":"https:\/\/www.v6.newmessage.org\/pt\/a-mensagem\/volume-4\/a-vida-no-universo\/a-vida-no-universo-introducao","title":{"rendered":"A Vida no Universo &#8211; Introdu\u00e7\u00e3o"},"content":{"rendered":"<p>Qu\u00e3o freq\u00fcentemente vemos chegar na Terra um livro que poderia mudar o curso da hist\u00f3ria humana? Como a B\u00edblia e o Alcor\u00e3o fizeram, que nova revela\u00e7\u00e3o poderia mudar a maneira como enxergamos a n\u00f3s mesmos, nosso mundo e nosso destino?<\/p>\n<p>O que voc\u00ea tem em m\u00e3os \u00e9 muito mais que um livro. <em>A Vida no Universo<\/em> \u00e9 uma revela\u00e7\u00e3o. Atrav\u00e9s de 173 p\u00e1ginas e 4.749 linhas de texto, esta revela\u00e7\u00e3o detalha as intera\u00e7\u00f5es de civiliza\u00e7\u00f5es em nossa regi\u00e3o do espa\u00e7o, detalha o desafio de se encarar um universo que n\u00e3o \u00e9 humano e detalha as dimens\u00f5es espirituais de toda a vida inteligente que evoluiu desde o in\u00edcio do tempo.<\/p>\n<p>Como poderia qualquer escritor, pensador, cientista ou fil\u00f3sofo afirmar ter qualquer conhecimento direto destas coisas? Deixando de lado a especula\u00e7\u00e3o, os instrumentos da ci\u00eancia e as m\u00e1quinas de escrever da fic\u00e7\u00e3o cient\u00edfica, o que n\u00f3s realmente sabemos sobre a vida no universo?<\/p>\n<p>Na verdade, muito pouco. Assim como homens tribais olhando para o horizonte escuro al\u00e9m de uma ilha isolada no oceano, n\u00e3o sabemos nada sobre a vida al\u00e9m de nossas costas. N\u00f3s olhamos para as estrelas, espiando a escurid\u00e3o profunda do espa\u00e7o, imaginando quem est\u00e1 l\u00e1. N\u00f3s simplesmente n\u00e3o sabemos. E como este livro ir\u00e1 revelar, o nosso desconhecimento \u00e9 um dos grandes perigos de nosso tempo moderno.<\/p>\n<p>Constru\u00edmos estaleiros de r\u00e1diotelesc\u00f3pios, esperando ouvir mensagens do espa\u00e7o. Aperfei\u00e7oamos nossos instrumentos \u00f3ticos, esperando descobrir mundos semelhantes a Terra. Mas e se n\u00f3s formos aqueles a serem descobertos? E se o contato com vida extraterrestre j\u00e1 est\u00e1 acontecendo em nossas costas? E se o contato est\u00e1 acontecendo nos termos deles e n\u00e3o nos nossos? A hist\u00f3ria nos d\u00e1 um terr\u00edvel alerta. \u00c9 uma posi\u00e7\u00e3o desvantajosa ser a ra\u00e7a descoberta, \u00e9 uma posi\u00e7\u00e3o desvantajosa ser os nativos de um novo mundo.<\/p>\n<p>Assim como alguns nos corredores dos governos e com\u00e9rcio est\u00e3o bem cientes, n\u00f3s fomos descobertos. O nosso encontro com vida extraterrestre j\u00e1 est\u00e1 bem adiantado. O contato j\u00e1 come\u00e7ou, mas \u00e9 com uma inten\u00e7\u00e3o sombria e ego\u00edsta, ocorrendo sem o consentimento ou conhecimento da humanidade.<\/p>\n<p>\u00c9 por isto que voc\u00ea tem em m\u00e3os um livro chamado <em>A Vida no Universo<\/em>. Este livro \u00e9 a resposta de Deus para a grande vulnerabilidade da civiliza\u00e7\u00e3o humana enquanto ela se encontra no limiar do espa\u00e7o. Pode o lento avan\u00e7o cient\u00edfico nos preparar para o nosso encontro atual com a vida no universo? Para isto, uma nova revela\u00e7\u00e3o \u00e9 necess\u00e1ria.<\/p>\n<p><em>A Vida no Universo<\/em> \u00e9 parte de uma vasta instru\u00e7\u00e3o e prepara\u00e7\u00e3o para a humanidade chamada \u201cA Nova Mensagem\u201d. Com mais de 9.000 p\u00e1ginas de tamanho, a Nova Mensagem \u00e9 uma resposta Divina para a gama de problemas globais enfrentando a humanidade: a destrui\u00e7\u00e3o de nosso ambiente natural, o esgotamento da energia e dos recursos da Terra que sustentam a vida, cada vez maiores conflitos religiosos e pol\u00edticos, e interven\u00e7\u00e3o por certas ra\u00e7as em nossa regi\u00e3o do espa\u00e7o.<\/p>\n<p>Se Deus fala ao mundo em tempos em que as necessidades da humanidade s\u00e3o mais urgentes, ent\u00e3o este pode ser o momento da hist\u00f3ria mais apropriado para Deus falar novamente.<\/p>\n<p><em>A Vida no Universo<\/em> \u00e9 a exata representa\u00e7\u00e3o da um evento revelat\u00f3rio. As 173 p\u00e1ginas desta revela\u00e7\u00e3o foram recebidas ao longo de um per\u00edodo de tr\u00eas dias em 2008, por um homem chamado Marshall Vian Summers. Depois de deixar seu trabalho como professor para cegos, Marshall embarcou em um misterioso caminho de prepara\u00e7\u00e3o que durou mais de um quarto de s\u00e9culo. Marshall passou mais de 30 anos em isolamento relativo, se preparando para receber uma Nova Mensagem para a humanidade, da qual <em>A Vida no Universo<\/em> \u00e9 uma parte.<\/p>\n<p>O evento revelat\u00f3rio come\u00e7ou na manh\u00e3 do dia 11 de maio. E terminou na tarde de 13 de maio. Onze horas de fala, separadas por duas noites, gravando em fita digital as palavras de uma revela\u00e7\u00e3o destinada para o mundo. Dentro de poucos dias, as grava\u00e7\u00f5es originais foram transcritas e ent\u00e3o impressas em papel simples. Nestas meras 11 horas, sem revis\u00e3o, edi\u00e7\u00e3o ou autoria de uma palavra sequer, um livro chegou na Terra, com o poder de mudar o curso da conscientiza\u00e7\u00e3o e entendimento da humanidade.<\/p>\n<p>O leitor deve estar preparado para a experi\u00eancia de ler este livro. Sua mensagem \u00e9 firmemente direta. Ela diz o que \u00e9, n\u00e3o o que poderia ser. E ela desafia as muitas suposi\u00e7\u00f5es e fantasias sobre a vida no universo que s\u00e3o populares e que s\u00e3o o lugar comum na cultura humana. O que n\u00f3s podemos querer deste livro, ou do universo como um todo, parece ter sido deixado de fora deste livro ou totalmente e completamente refutado.<\/p>\n<p>\u00c0s vezes ao ler este livro, voc\u00ea pode se ver experimentando um tipo de \u201castro-depress\u00e3o\u201d. Como pode o universo ser assim t\u00e3o mundano? Onde est\u00e3o as ra\u00e7as iluminadas, as hist\u00f3rias de grandes imp\u00e9rios, her\u00f3is, energia livre e aventuras no espa\u00e7o? Porque o universo n\u00e3o pode ser melhor do que a vida aqui na Terra?<\/p>\n<p>\u00c9 natural que queiramos estas coisas, at\u00e9 mesmo exigindo-as da \u00faltima e remanescente fronteira de exist\u00eancia. Por toda a hist\u00f3ria humana, o universo permaneceu confortavelmente desconhecido, permitindo que nossas fantasias e mitologias crescessem sem o tempero da realidade. O universo se tornou a tela sobre a qual n\u00f3s expressamos nossos desejos e nosso descontentamento com a vida aqui na Terra. Visto o nosso isolamento no universo, isto \u00e9 compreens\u00edvel.<\/p>\n<p>Contudo agora \u00e9 tempo de encarar o universo vivo. E fazer isto \u00e9 um ato corajoso. Aqui precisamos estar dispostos a se arriscar al\u00e9m do conforto de nossas cren\u00e7as e suposi\u00e7\u00f5es e bravamente olhar para um universo do qual sabemos pouco a respeito. Este \u00e9 o grande passo evolucion\u00e1rio diante de n\u00f3s.<\/p>\n<p>As palavras de <em>A Vida no Universo<\/em> s\u00e3o simples e sem adornos. Sua mensagem pode ser brusca e ao ponto. Isto \u00e9 especialmente o caso na Parte 1: A Realidade. Pode ser que achar que algumas de suas frases sejam embara\u00e7osas e nos perguntar por que Deus n\u00e3o fala de forma mais majestosa, mais perfeita, mais espiritual. E talvez revela\u00e7\u00f5es realmente se parecem com isto. Os textos da B\u00edblia e do Alcor\u00e3o que n\u00f3s associamos com revela\u00e7\u00e3o passaram atrav\u00e9s do tempo, tradu\u00e7\u00f5es e governantes. Sabemos n\u00f3s como uma revela\u00e7\u00e3o original realmente se parece no momento que \u00e9 dada?<\/p>\n<p>Al\u00e9m do mais, temos que ter em mente que <em>A Vida no Universo<\/em> n\u00e3o foi escrita para ser lida. Ela foi falada para ser ouvida. \u00c9 um documento falado e n\u00e3o foi ajustado para os gostos liter\u00e1rios de ningu\u00e9m. \u00c9 pura, n\u00e3o corrompida por nenhuma m\u00e3o ou intelecto humano, depositada em papel exatamente como capturada pelo gravador no momento da revela\u00e7\u00e3o.<\/p>\n<p>Embora <em>A Vida no Universo<\/em> possa desapontar algumas de nossas expectativas e estragar os planos das prefer\u00eancias e suposi\u00e7\u00f5es da humanidade, apesar disso ela \u00e9 uma linda revela\u00e7\u00e3o de escopo arrebatador. Ela abre uma vis\u00e3o vasta e panor\u00e2mica de vida, na escala mais grandiosa. \u00c9 verdadeiramente um porta para a hist\u00f3ria viva de nosso universo.<\/p>\n<p>Est\u00e1 na linhagem dos grandes Mensageiros que meu pai trouxe a n\u00f3s algo nunca antes visto na Terra. No entanto n\u00e3o \u00e9 somente uma necessidade social, moral ou metaf\u00edsica, que impeliu Deus a falar novamente. <em>A Vida no Universo<\/em> veio atender a uma necessidade maior da humanidade: veio para restaurar o nosso mundo, para unir nossas tribos da Terra e para nos preparar para o nosso emergir no universo, a vasta arena de vida que abrange os outros 99,999&#8230; por cento da Cria\u00e7\u00e3o.<\/p>\n<p>\u00c9 nesta nova fronteira de vida que n\u00f3s devemos construir o nosso futuro. \u00c9 aqui que o nosso sucesso e sobreviv\u00eancia ser\u00e3o determinados. Esta \u00e9 a maior das encruzilhadas que n\u00f3s jamais enfrentamos. Mas n\u00e3o estamos preparados.<\/p>\n<p>A instru\u00e7\u00e3o e prepara\u00e7\u00e3o foram dadas. A porta para a vida no universo se encontra diante de n\u00f3s. N\u00e3o mais precisamos olhar atrav\u00e9s do buraco da fechadura, imaginando o que existe al\u00e9m. Em nossas m\u00e3os agora temos a pr\u00f3pria chave: um simples livro, cuja autoria n\u00e3o \u00e9 de nenhum humano na Terra, com o poder de preparar a humanidade para o nosso futuro e destino no universo.<\/p>\n<p>Junte-se a mim em usar esta chave para abrir a porta de um novo cap\u00edtulo na experi\u00eancia humana. Passemos por ela juntos, deixando as nossas suposi\u00e7\u00f5es e expectativas na porta, para nos preparar para a vida dentre a Comunidade Maior de mundos.<\/p>\n<p>Reed Summers<\/p>\n<p>Boulder, Colorado, EUA, 2012.<\/p>\n","protected":false},"excerpt":{"rendered":"<p>Qu\u00e3o freq\u00fcentemente vemos chegar na Terra um livro que poderia mudar o curso da hist\u00f3ria humana? Como a B\u00edblia e o Alcor\u00e3o fizeram, que nova revela\u00e7\u00e3o poderia mudar a maneira como enxergamos a n\u00f3s mesmos, nosso mundo e nosso destino? O que voc\u00ea tem em m\u00e3os \u00e9 muito mais que um livro. A Vida no\u2026 <a class=\"read-more\" href=\"https:\/\/www.v6.newmessage.org\/pt\/a-mensagem\/volume-4\/a-vida-no-universo\/a-vida-no-universo-introducao\"><span>Read More<\/span><\/a><\/p>\n","protected":false},"author":32,"featured_media":0,"parent":13079,"menu_order":2,"comment_status":"closed","ping_status":"closed","template":"template-leftsidebar.php","meta":{"_monsterinsights_skip_tracking":false,"_monsterinsights_sitenote_active":false,"_monsterinsights_sitenote_note":"","_monsterinsights_sitenote_category":0,"footnotes":""},"categories":[472,471],"tags":[],"_links":{"self":[{"href":"https:\/\/www.v6.newmessage.org\/pt\/wp-json\/wp\/v2\/pages\/20842"}],"collection":[{"href":"https:\/\/www.v6.newmessage.org\/pt\/wp-json\/wp\/v2\/pages"}],"about":[{"href":"https:\/\/www.v6.newmessage.org\/pt\/wp-json\/wp\/v2\/types\/page"}],"author":[{"embeddable":true,"href":"https:\/\/www.v6.newmessage.org\/pt\/wp-json\/wp\/v2\/users\/32"}],"replies":[{"embeddable":true,"href":"https:\/\/www.v6.newmessage.org\/pt\/wp-json\/wp\/v2\/comments?post=20842"}],"version-history":[{"count":5,"href":"https:\/\/www.v6.newmessage.org\/pt\/wp-json\/wp\/v2\/pages\/20842\/revisions"}],"predecessor-version":[{"id":26975,"href":"https:\/\/www.v6.newmessage.org\/pt\/wp-json\/wp\/v2\/pages\/20842\/revisions\/26975"}],"up":[{"embeddable":true,"href":"https:\/\/www.v6.newmessage.org\/pt\/wp-json\/wp\/v2\/pages\/13079"}],"wp:attachment":[{"href":"https:\/\/www.v6.newmessage.org\/pt\/wp-json\/wp\/v2\/media?parent=20842"}],"wp:term":[{"taxonomy":"category","embeddable":true,"href":"https:\/\/www.v6.newmessage.org\/pt\/wp-json\/wp\/v2\/categories?post=20842"},{"taxonomy":"post_tag","embeddable":true,"href":"https:\/\/www.v6.newmessage.org\/pt\/wp-json\/wp\/v2\/tags?post=20842"}],"curies":[{"name":"wp","href":"https:\/\/api.w.org\/{rel}","templated":true}]}}