{"id":18695,"date":"2015-02-20T20:43:22","date_gmt":"2015-02-20T20:43:22","guid":{"rendered":"http:\/\/www.newmessage.org\/?page_id=18695"},"modified":"2015-12-20T19:51:06","modified_gmt":"2015-12-20T19:51:06","slug":"a-pobreza","status":"publish","type":"page","link":"https:\/\/www.v6.newmessage.org\/pt\/a-mensagem\/volume-1\/o-novo-mundo\/a-pobreza","title":{"rendered":"A pobreza"},"content":{"rendered":"\n<div class=\"tabgroup \"><ul class=\"tabs\"><li><a href=\"#tabs-1\">Sobre<\/a><\/li>\n<li><a href=\"#tabs-2\">Mais<\/a><\/li><\/ul>\n <div id=\"tabs-1\"><\/p>\n<p><em>Assim como revelado<br \/>\na Marshall Vian Summers,<br \/>\nem 10 de setembro de 2014<br \/>\nem Boulder, Colorado, EUA.<\/em><\/p>\n<p><\/div>\n<div id=\"tabs-2\"><br \/>\n<\/div>\n\t\t\t\t<div align=\"right\">\n\t\t\t<div class=\"fb-like\" data-href=\"\" data-layout=\"button_count\" data-action=\"like\" data-show-faces=\"false\" data-share=\"false\"><\/div>\n\t\t\t<div class=\"fb-share-button\" data-layout=\"button_count\"> <\/div>\n\t\t\t<div class=\"fb_iframe_widget\"><a href=\"https:\/\/twitter.com\/godsnewmessage?ref_src=twsrc%5Etfw\" class=\"twitter-follow-button\" data-show-count=\"false\">Follow @godsnewmessage<\/a><script async src=\"https:\/\/platform.twitter.com\/widgets.js\" charset=\"utf-8\"><\/script><\/div>\n\t\t\t<\/div> <\/div> \n\n<p>A pobreza \u2013 a pobreza da Alma, a pobreza do corpo, a pobreza do isolamento, a pobreza do afastamento dos outros. A pobreza assume v\u00e1rias formas \u2013 algumas vis\u00edveis, outras invis\u00edveis, algumas aparentes, outras n\u00e3o aparentes.<\/p>\n<p>\u00c9 a condi\u00e7\u00e3o de se viver em separa\u00e7\u00e3o. Pois a pobreza n\u00e3o \u00e9 apenas uma condi\u00e7\u00e3o de quem tem pouco para o pr\u00f3prio sustento. \u00c9 a condi\u00e7\u00e3o de se viver em Separa\u00e7\u00e3o.<\/p>\n<p>Enquanto voc\u00ea n\u00e3o conseguir encontrar a maior voz que Deus p\u00f4s dentro de voc\u00ea para voc\u00ea seguir, voc\u00ea sofrer\u00e1 a pobreza. Mesmo que voc\u00ea tenha todas as coisas que voc\u00ea precisa materialmente, voc\u00ea ainda ser\u00e1 pobre. Mesmo se voc\u00ea viver em esplendor, a sua vida ser\u00e1 vazia, sem sentido verdadeiro, sem rumo.<\/p>\n<p>Essa pobreza predomina e afeta as pessoas de todos os n\u00edveis de bem-estar material. Infelizmente para os ricos, a pobreza deles agora torna-se bem escondida, mascarada por todas as suas ambi\u00e7\u00f5es, aquisi\u00e7\u00f5es, indulg\u00eancias, e as fantasias, dando uma apar\u00eancia de riqueza, conforto e esplendor, mas na verdade essas disfar\u00e7am a pobreza. Os ricos se acham aben\u00e7oados por Deus, aqueles que se enriquecem em detrimento de outros, aqueles que n\u00e3o retribuem o suficiente ao mundo.<\/p>\n<p>Mas Deus tem pena dos ricos que n\u00e3o conseguem encontrar o dom que a sua relativa liberdade proporcionaria. Eles podem acabar at\u00e9 mais tr\u00e1gicos do que os pobres, cujas necessidades s\u00e3o evidentes e mais facilmente atendidas.<\/p>\n<p>\u00c9 uma jornada para a liberdade, ao longo do caminho inteiro, em todos os n\u00edveis da sociedade, em todos os n\u00edveis de bem-estar pessoal, em todos os n\u00edveis de aflu\u00eancia. Porque muitos que sa\u00edram da pobreza f\u00edsica total entrar\u00e3o ent\u00e3o em uma vida de indulg\u00eancia e explora\u00e7\u00e3o pessoal, um escape pessoal da severidade da vida. Eles viver\u00e3o em um mundo de aquisi\u00e7\u00e3o, um mundo de busca de romance, um mundo de fantasia e auto-indulg\u00eancia.<\/p>\n<p>Ent\u00e3o, como sua riqueza rec\u00e9m-descoberta os beneficiou, al\u00e9m de aprofundar o seu dilema? Pois agora a sua pobreza tornou-se mais disfar\u00e7ada, embora ainda os assombre. Assim, eles tornam-se ainda menos capazes de estar consigo mesmos e com os outros de mente e cora\u00e7\u00e3o abertos, porque a sua pobreza permanece. Eles agora t\u00eam encontrado novas maneiras de buscar escape, sempre tentando fugir da sua experi\u00eancia essencial. Isto \u00e9 a pobreza.<\/p>\n<p>Os povos do mundo que n\u00e3o podem obter abrigo e comida, seguran\u00e7a e saneamento, todos eles precisam de assist\u00eancia. \u00c9 o chamado para os ricos, para aliviarem a pobreza neste n\u00edvel.<\/p>\n<p>Voc\u00ea n\u00e3o precisa de uma segunda casa ou um quinto carro ou de j\u00f3ias ou roupas ou rel\u00f3gios caros, enquanto que aqueles sendo cuidados por voc\u00ea est\u00e3o passando fome e lutando para sobreviver. Sua riqueza agora \u00e9 principalmente um recurso para devolver ao mundo.<\/p>\n<p>D\u00ea a si mesmo alguns confortos de uma vida modesta. D\u00ea a si mesmo a liberdade de explorar o verdadeiro sentido da sua vida, j\u00e1 que voc\u00ea n\u00e3o tem que lutar diariamente pela sobreviv\u00eancia.<\/p>\n<p>Aproveite esta oportunidade para receber a Nova Revela\u00e7\u00e3o de Deus dada ao mundo, que ampliar\u00e1 todas as Revela\u00e7\u00f5es anteriores de Deus, as quais \u2013individualmente e juntamente \u2013 lhe chamam de volta \u00e0 sua mais profunda responsabilidade e prop\u00f3sito por voc\u00ea estar no mundo.<\/p>\n<p>Os ricos devem cuidar dos pobres, e os pobres devem ajudar uns aos outros o quanto for poss\u00edvel.<\/p>\n<p>N\u00e3o pense que voc\u00ea ganhar\u00e1 favor no C\u00e9u caso voc\u00ea evite esta sua responsabilidade. Principalmente para os ricos, esta \u00e9 uma grande responsabilidade.<\/p>\n<p>Voc\u00ea ser\u00e1 capaz de fazer muitas obras boas no mundo com o que voc\u00ea tem, e assim restaurar\u00e1 a si mesmo a sua integridade e auto-estima. Isso devolver\u00e1 a voc\u00ea um sentido de valor e significado, e lhe dar\u00e1 a experi\u00eancia de que voc\u00ea foi realmente enviado do C\u00e9u para fornecer essas coisas a uma humanidade em dificuldade.<\/p>\n<p>Todo mundo mora na mesma grande espa\u00e7onave que chamamos de Terra. Se parte da nave cair em neglig\u00eancia, se parte da tripula\u00e7\u00e3o n\u00e3o for alimentada e sustentada, ent\u00e3o toda a nave entra em perigo.<\/p>\n<p>Voc\u00ea n\u00e3o pode simplesmente pensar como se fosse uma pessoa regional, nem pode assumir uma identidade local, j\u00e1 que agora voc\u00ea depende de coisas de toda parte do mundo. E as condi\u00e7\u00f5es nas na\u00e7\u00f5es longe de voc\u00ea ir\u00e3o determinar como ser\u00e1 a sua vida, tanto hoje em dia como nos tempos por vir, com toda a certeza.<\/p>\n<p>O caminho para a liberdade \u00e9 sair da pobreza. No come\u00e7o \u00e9 simplesmente a liberdade de ter comida, \u00e1gua, abrigo, seguran\u00e7a e saneamento, bem como a oportunidade de ter educa\u00e7\u00e3o b\u00e1sica, um grande objetivo para tamanha porcentagem da fam\u00edlia humana. E essa porcentagem aumentar\u00e1 ainda mais no futuro, \u00e0 medida que as Grandes Ondas de Mudan\u00e7a que v\u00eam sobre o mundo, a grande mudan\u00e7a que poucas pessoas entendem nem podem perceber mesmo hoje em dia.<\/p>\n<p>Depois de alcan\u00e7ar o suficiente destas exig\u00eancias, voc\u00ea poder\u00e1 perceber em qual maneira a sua educa\u00e7\u00e3o lhe possibilitar\u00e1 tornar-se um contribuinte verdadeiro no mundo e como parte de sua crescente aflu\u00eancia poder\u00e1 ajudar os outros e proporcion\u00e1-los a oportunidade de alcan\u00e7ar as exig\u00eancias b\u00e1sicas da vida.<\/p>\n<p>\u00c9 preciso compreender que a pobreza \u00e9, em grande parte, o que mant\u00e9m a humanidade em um estado primitivo e divisionista. \u00c9 o que a rouba de seu grande avan\u00e7o progressivo que ser\u00e1 necess\u00e1rio em uma \u00e9poca de decl\u00ednio, de escassez de recursos, de aumento das cat\u00e1strofes clim\u00e1ticas e de perturba\u00e7\u00f5es socioecon\u00f4micas.<\/p>\n<p>Os grandes m\u00e9dicos, educadores, pol\u00edticos, e servidores da humanidade n\u00e3o podem surgir da pobreza extrema, por que eles ficam presos l\u00e1, voc\u00ea entende?<\/p>\n<p>\u00c9 o mesmo problema para as mulheres pelo mundo, a maioria das quais ficam presas em circunst\u00e2ncias dom\u00e9sticas sem sa\u00edda. Elas n\u00e3o poder\u00e3o avan\u00e7ar e progredir, e assim toda a fam\u00edlia humana sofrer\u00e1 como conseq\u00fc\u00eancia. O brilhantismo, a for\u00e7a, o talento, a dedica\u00e7\u00e3o a objetivos superiores e prop\u00f3sitos maiores n\u00e3o ser\u00e3o realizados se as pessoas n\u00e3o puderem escapar destas condi\u00e7\u00f5es.<\/p>\n<p>O futuro do mundo n\u00e3o pode ficar nas m\u00e3os de alguns poucos ricos inspirados. Desviar do curso da desintegra\u00e7\u00e3o e do fracasso da civiliza\u00e7\u00e3o humana exigir\u00e1 um grande n\u00famero de pessoas.<\/p>\n<p>A caridade ter\u00e1 que aumentar, mas antes de poder compartilhar \u00e9 preciso receber as necessidades b\u00e1sicas para sobreviver. Al\u00e9m disso \u00e9 preciso receber uma forma\u00e7\u00e3o mais aprofundada. Todos devem aceitar o fato de que o mundo n\u00e3o existe simplesmente para dot\u00e1-los de seus prazeres e indulg\u00eancias, mas para dar-lhes a oportunidade de fazer uma verdadeira diferen\u00e7a no mundo, pois s\u00f3 isto satisfar\u00e1 o anseio profundo da Alma.<\/p>\n<p>Se a Alma n\u00e3o estiver satisfeita, nada lhe satisfar\u00e1. Voc\u00ea pode possuir tanto quanto voc\u00ea conseguir e muito mais, mas n\u00e3o lhe satisfar\u00e1. Voc\u00ea sempre vai querer ainda mais, indefinidamente. Sempre querendo mais, sem fim, porque a sua Alma n\u00e3o estar\u00e1 satisfeita.<\/p>\n<p>\u00c9 um vazio que voc\u00ea n\u00e3o pode preencher com coisas ou com romance ou com aventuras emocionantes ou com a variedade infind\u00e1vel de experi\u00eancias do mundo. Ela s\u00f3 pode ser satisfeita ao reconhecer a intelig\u00eancia mais profunda que Deus lhe deu, que por si s\u00f3 pode dar-lhe a for\u00e7a e o prop\u00f3sito para elevar a sua vida e levar a uma vida maior de servi\u00e7o e de satisfa\u00e7\u00e3o no mundo.<\/p>\n<p>Voc\u00ea s\u00f3 poder\u00e1 satisfazer a sua alma tornando-se um contribuinte verdadeiro ao inv\u00e9s de ser apenas um gafanhoto sobre a terra, devorando tudo ao redor, devorando os recursos, devorando experi\u00eancias, devorando a terra, esgotando tudo hoje at\u00e9 haver muito pouco para o futuro.<\/p>\n<p>Voc\u00ea n\u00e3o s\u00f3 se sentir\u00e1 vazio, mas fundamentalmente culpado dentro de si mesmo se a aquisi\u00e7\u00e3o infind\u00e1vel for a sua busca, sua \u00eanfase na vida.<\/p>\n<p>Voc\u00ea sente uma profunda culpa porque voc\u00ea n\u00e3o est\u00e1 realmente vivendo a vida que voc\u00ea veio aqui para viver. Voc\u00ea n\u00e3o est\u00e1 realmente fazendo o que voc\u00ea sabe que voc\u00ea deve. Voc\u00ea n\u00e3o est\u00e1 servindo Aqueles que lhe enviaram aqui.<\/p>\n<p>N\u00e3o se esconda atr\u00e1s da religi\u00e3o, pensando que a cren\u00e7a nos editais da sua religi\u00e3o ganhar\u00e1 gra\u00e7a aos olhos do C\u00e9u, pois Eles est\u00e3o observando o que voc\u00ea realmente far\u00e1 no mundo e o quanto voc\u00ea vai servir os outros e ser uma for\u00e7a para o bem aqui uma vez que voc\u00ea tenha alcan\u00e7ado as exig\u00eancias b\u00e1sicas da vida.<\/p>\n<p>Eles n\u00e3o se importam com o que voc\u00ea adquirir, nem sequer com a suas cren\u00e7as religiosas se elas n\u00e3o conseguirem levar voc\u00ea a um maior servi\u00e7o e compaix\u00e3o pelos outros.<\/p>\n<p>Voc\u00ea ainda est\u00e1 empobrecido, alardeando como um rico com seus s\u00edmbolos de poder e aflu\u00eancia. N\u00e3o importar\u00e1 quantos adornos de beleza e de charme voc\u00ea adquirir para se enfeitar, eles n\u00e3o esconder\u00e3o o fato de que voc\u00ea continua pobre, falhando a sua miss\u00e3o aqui.<\/p>\n<p>A pobreza est\u00e1 dentro de voc\u00ea. Ela se encontra em todo lugar ao seu redor. Olhe os rostos dos ricos que vivem com tanta seguran\u00e7a e prote\u00e7\u00e3o em suas na\u00e7\u00f5es, com acesso a bastante comida e \u00e1gua e assist\u00eancia social. Olhe para seus rostos. S\u00e3o estes os rostos de pessoas inspiradas? Pessoas que est\u00e3o vivas com alegria e prop\u00f3sito e sentido?<\/p>\n<p>Olhe para os pobres que vivem em trapos, os quais n\u00e3o t\u00eam nada, nem esperan\u00e7a de ter alguma coisa. N\u00e3o os condene. N\u00e3o pense que \u00e9 a Vontade de Deus que eles subsistam em tais condi\u00e7\u00f5es. N\u00e3o pense que \u00e9 o resultado de experi\u00eancias em vidas passadas. N\u00e3o pense que merecem ser pobres. N\u00e3o. Voc\u00ea deve olhar com compaix\u00e3o e imaginar como seria viver a vida deles.<\/p>\n<p>Se voc\u00ea servir os pobres, voc\u00ea deixaria de queixar-se de todas as coisas das quais se queixa hoje, e come\u00e7aria a contar as suas b\u00ean\u00e7\u00e3os, as quais s\u00e3o mais numerosas do que voc\u00ea mesmo pode contar no momento.<\/p>\n<p>A religi\u00e3o trata-se de servi\u00e7o. Trata-se de cuidar das pessoas. Trata-se de curar feridas. N\u00e3o se trata de ganhar poder ou fazer a guerra ou condenar outros. Se a sua religi\u00e3o n\u00e3o leva voc\u00ea para um servi\u00e7o maior e para a compaix\u00e3o, ent\u00e3o voc\u00ea n\u00e3o est\u00e1 cumprindo a ess\u00eancia dela.<\/p>\n<p>Mesmo que voc\u00ea seja devoto e siga todos os preceitos e todas as pr\u00e1ticas da sua f\u00e9, se ela n\u00e3o est\u00e1 lhe dando um grande \u00edmpeto para o servi\u00e7o maior, para a compaix\u00e3o e o perd\u00e3o, ent\u00e3o voc\u00ea est\u00e1 falhando com ela.<\/p>\n<p>O C\u00e9u n\u00e3o est\u00e1 impressionado. E quanto mais rico voc\u00ea for, tanto maior \u00e9 o seu fracasso. A sua aflu\u00eancia ent\u00e3o \u00e9 um recurso para ajudar outros. Esse \u00e9 seu verdadeiro valor, al\u00e9m de proporcionar-lhe um pouco mais de conforto e um pouco mais de liberdade pessoal. Na verdade, a riqueza serve a este fim.<\/p>\n<p>Os ricos deveriam ser os grandes benfeitores na vida, todos eles, sem exce\u00e7\u00e3o, alimentando o povo, cuidando deles, garantindo que todos tenham as necessidades essenciais atendidas, e al\u00e9m disso, a oportunidade para uma educa\u00e7\u00e3o e um servi\u00e7o maiores.<\/p>\n<p>Usar a religi\u00e3o como um pretexto para a guerra ou matan\u00e7a \u00e9 uma abomina\u00e7\u00e3o. Quem faz isso serve as for\u00e7as das trevas. Independentemente da sua afirma\u00e7\u00e3o de f\u00e9 ou da sua fidelidade \u00e0s escrituras, quem faz isto serve as for\u00e7as das trevas.<\/p>\n<p>O que N\u00f3s estamos falando aqui hoje \u00e9 daquilo que o C\u00e9u valoriza. Mas o que o C\u00e9u valoriza n\u00e3o \u00e9 o que as pessoas valorizam, nem querem, exceto muito poucas.<\/p>\n<p>N\u00e3o importa em qual ponto da sua jornada de vida voc\u00ea esteja, nem as suas circunst\u00e2ncias, voc\u00ea tem que arrancar a pobreza dentro de si mesmo. Depois de obter as necessidades b\u00e1sicas de sobreviv\u00eancia voc\u00ea deve dedicar a sua vida ao servi\u00e7o e \u00e0 contribui\u00e7\u00e3o.<\/p>\n<p>Fa\u00e7a assim por sua pr\u00f3pria reden\u00e7\u00e3o. Fa\u00e7a assim para o bem-estar da sua comunidade e da sua na\u00e7\u00e3o. Mas voc\u00ea tamb\u00e9m deve fazer assim porque \u00e9 o que ser\u00e1 exigido dos cidad\u00e3os em toda parte para fornecer \u00e0 humanidade a resili\u00eancia e a estabilidade para navegar os tempos dif\u00edceis por vir, para evitar o colapso da civiliza\u00e7\u00e3o humana com o decl\u00ednio dos recursos e com o aumento de fracasso das colheitas.<\/p>\n<p>Voc\u00ea vai fazer isso para o mundo inteiro, mesmo que o seu servi\u00e7o for local, imediato e muito espec\u00edfico, e trar\u00e1 nem sequer grande gl\u00f3ria, nem aplausos.<\/p>\n<p>Isto \u00e9 o que lhe restaurar\u00e1 a sua auto-estima, o seu senso de integridade, a sua inspira\u00e7\u00e3o na vida, a sua alegria: desfrutando os benef\u00edcios do que voc\u00ea tem e do sentido de prop\u00f3sito da sua presen\u00e7a aqui na Terra, que s\u00f3 podem ser encontrados ao seguir o que N\u00f3s instru\u00edmos hoje aqui.<\/p>\n<p>Se voc\u00ea quer agradar a Deus, ent\u00e3o alimente o povo, proteja-os das Grandes Ondas de Mudan\u00e7a, eduque-os. Se voc\u00ea quer que o C\u00e9u lhe ap\u00f3ie, adquira apenas o necess\u00e1rio e n\u00e3o muito mais. D\u00ea o resto a quem mais precisa. O seu cora\u00e7\u00e3o e o Conhecimento dentro de voc\u00ea, o Conhecimento que Deus colocou dentro de voc\u00ea, lhe indicar\u00e3o onde isto pode ser dado com o maior efeito.<\/p>\n<p>Isto lhe dar\u00e1 for\u00e7a. Isto lhe dar\u00e1 prop\u00f3sito. Isto far\u00e1 a sua vida resiliente e eficaz. Isso tirar\u00e1 voc\u00ea da depress\u00e3o e auto-condena\u00e7\u00e3o, e da condena\u00e7\u00e3o por outros. Pois elas s\u00e3o apenas as manifesta\u00e7\u00f5es da pobreza profunda de que falamos.<\/p>\n<p>L\u00e1 no fundo do cora\u00e7\u00e3o, voc\u00ea j\u00e1 sabe que voc\u00ea veio aqui para um prop\u00f3sito maior. L\u00e1, voc\u00ea mesmo sabe que voc\u00ea n\u00e3o est\u00e1 vivendo a vida que voc\u00ea foi destinado a viver. No seu cora\u00e7\u00e3o, voc\u00ea sabe que voc\u00ea deve ser fiel ao que \u00e9 permanente e real dentro de voc\u00ea.<\/p>\n<p>Tudo isso voc\u00ea tem que enfrentar. Voc\u00ea tem que enfrentar aquelas coisas que impedem que voc\u00ea avance, que lhe mant\u00eam pequeno, fraco e perdido no mundo, lhe escravizando pelas provoca\u00e7\u00f5es e sedu\u00e7\u00f5es mundanas, pelos seus pr\u00f3prios medos e impulsos. Voc\u00ea precisa enfrentar essas coisas, sen\u00e3o voc\u00ea n\u00e3o ser\u00e1 capaz de super\u00e1-las.<\/p>\n<p>O C\u00e9u lhe deu o poder do Conhecimento que pode gui\u00e1-lo para fora do labirinto infind\u00e1vel de dificuldade, mas primeiro, voc\u00ea deve aprender a diferenciar entre o Conhecimento e as outras vozes em sua mente. Voc\u00ea deve aprender a senti-lo e conhec\u00ea-lo e confiar nele o suficiente para segui-lo, para deix\u00e1-lo se revelar a voc\u00ea ao longo do tempo.<\/p>\n<p>Deus providenciou os Passos para o Conhecimento, o grande Ensinamento em reden\u00e7\u00e3o e pr\u00e1ticas para ajudar voc\u00ea a atingir isto, dado na linguagem mais simples poss\u00edvel, com muita repeti\u00e7\u00e3o e elucida\u00e7\u00e3o. Ele pode orient\u00e1-lo e lev\u00e1-lo em dire\u00e7\u00e3o a esta capacidade maior que Deus colocou dentro de voc\u00ea, que por si s\u00f3 sabe do seu destino e da dire\u00e7\u00e3o que voc\u00ea deve seguir que, no momento, voc\u00ea n\u00e3o consegue perceber.<\/p>\n<p>O seu prop\u00f3sito \u00e9 acabar com a pobreza dentro de si mesmo e ajudar com a erradica\u00e7\u00e3o da pobreza em outros. N\u00e3o apenas a pobreza f\u00edsica, mas a pobreza espiritual, que \u00e9 a raiz de todo o sofrimento humano, dos ricos e dos pobres.<\/p>\n<p>Nisso todo mundo tem um prop\u00f3sito comum, apesar de seus dons serem destinados a certas pessoas em certos lugares, todo mundo tem um prop\u00f3sito comum, sejam pessoas religiosas ou n\u00e3o, n\u00e3o importa de qual pa\u00eds ou quais circunst\u00e2ncias elas venham.<\/p>\n<p>A restaura\u00e7\u00e3o deve realizar-se em um n\u00famero suficiente de pessoas, inclusive em voc\u00ea. Enfrente a sua pobreza. Assim voc\u00ea ter\u00e1 o est\u00edmulo e a determina\u00e7\u00e3o para prosseguir.<\/p>\n","protected":false},"excerpt":{"rendered":"<p>A pobreza \u2013 a pobreza da Alma, a pobreza do corpo, a pobreza do isolamento, a pobreza do afastamento dos outros. A pobreza assume v\u00e1rias formas \u2013 algumas vis\u00edveis, outras invis\u00edveis, algumas aparentes, outras n\u00e3o aparentes. \u00c9 a condi\u00e7\u00e3o de se viver em separa\u00e7\u00e3o. Pois a pobreza n\u00e3o \u00e9 apenas uma condi\u00e7\u00e3o de quem tem\u2026 <a class=\"read-more\" href=\"https:\/\/www.v6.newmessage.org\/pt\/a-mensagem\/volume-1\/o-novo-mundo\/a-pobreza\"><span>Read More<\/span><\/a><\/p>\n","protected":false},"author":32,"featured_media":0,"parent":16482,"menu_order":1,"comment_status":"closed","ping_status":"closed","template":"template-leftsidebar.php","meta":{"_monsterinsights_skip_tracking":false,"_monsterinsights_sitenote_active":false,"_monsterinsights_sitenote_note":"","_monsterinsights_sitenote_category":0,"footnotes":""},"categories":[76,118,30,463,460],"tags":[],"_links":{"self":[{"href":"https:\/\/www.v6.newmessage.org\/pt\/wp-json\/wp\/v2\/pages\/18695"}],"collection":[{"href":"https:\/\/www.v6.newmessage.org\/pt\/wp-json\/wp\/v2\/pages"}],"about":[{"href":"https:\/\/www.v6.newmessage.org\/pt\/wp-json\/wp\/v2\/types\/page"}],"author":[{"embeddable":true,"href":"https:\/\/www.v6.newmessage.org\/pt\/wp-json\/wp\/v2\/users\/32"}],"replies":[{"embeddable":true,"href":"https:\/\/www.v6.newmessage.org\/pt\/wp-json\/wp\/v2\/comments?post=18695"}],"version-history":[{"count":9,"href":"https:\/\/www.v6.newmessage.org\/pt\/wp-json\/wp\/v2\/pages\/18695\/revisions"}],"predecessor-version":[{"id":26869,"href":"https:\/\/www.v6.newmessage.org\/pt\/wp-json\/wp\/v2\/pages\/18695\/revisions\/26869"}],"up":[{"embeddable":true,"href":"https:\/\/www.v6.newmessage.org\/pt\/wp-json\/wp\/v2\/pages\/16482"}],"wp:attachment":[{"href":"https:\/\/www.v6.newmessage.org\/pt\/wp-json\/wp\/v2\/media?parent=18695"}],"wp:term":[{"taxonomy":"category","embeddable":true,"href":"https:\/\/www.v6.newmessage.org\/pt\/wp-json\/wp\/v2\/categories?post=18695"},{"taxonomy":"post_tag","embeddable":true,"href":"https:\/\/www.v6.newmessage.org\/pt\/wp-json\/wp\/v2\/tags?post=18695"}],"curies":[{"name":"wp","href":"https:\/\/api.w.org\/{rel}","templated":true}]}}