{"id":17072,"date":"2014-12-21T16:43:23","date_gmt":"2014-12-21T16:43:23","guid":{"rendered":"http:\/\/www.newmessage.org\/?page_id=17072"},"modified":"2017-03-06T02:13:16","modified_gmt":"2017-03-06T02:13:16","slug":"o-plano-de-deus-e-salvar-a-todos","status":"publish","type":"page","link":"https:\/\/www.v6.newmessage.org\/pt\/a-mensagem\/volume-1\/o-unico-deus\/o-plano-de-deus-e-salvar-a-todos","title":{"rendered":"O Plano de Deus \u00e9 salvar a todos"},"content":{"rendered":"\n<div class=\"tabgroup \"><ul class=\"tabs\"><li><a href=\"#tabs-1\">Sobre<\/a><\/li>\n<li><a href=\"#tabs-2\">Mais<\/a><\/li><\/ul>\n <div id=\"tabs-1\"><\/p>\n<p>Ou\u00e7a a revela\u00e7\u00e3o falada original (em ingl\u00eas):<\/p>\n<div id=\"jquery_jplayer_1\" class=\"jp-jplayer\"><\/div>\n\t\t\t\t<div id=\"jp_container_1\" class=\"jp-audio\">\n\t\t\t\t<div class=\"jp-type-single\"><div class=\"jp-control\"><a href=\"javascript:;\" class=\"jp-play\" tabindex=\"1\">play<\/a><a href=\"javascript:;\" class=\"jp-pause\" tabindex=\"1\">pause<\/a><\/div> <div class=\"jp-gui jp-interface\"><div class=\"jp-volume\"><div class=\"jp-volume-bar\"><div class=\"jp-volume-bar-value\"><\/div><\/div><\/div><div class=\"jp-progress\"><div class=\"jp-seek-bar\"><div class=\"jp-play-bar\"><\/div><\/div><\/div><\/div>\t\t\t\t\t<div class=\"jp-no-solution\"><span>Update Required<\/span>To play the media you will need to either update your browser to a recent version or update your <a href=\"http:\/\/get.adobe.com\/flashplayer\/\" target=\"_blank\">Flash plugin<\/a>.<\/div><\/div><\/div>\n\t\t\t<script type='text\/javascript'>\n\t\t\t\tjQuery(document).ready(function() {\n\t\t\t\t\tif (typeof (sermonMedia) == 'function') {\n\t\t\t\t\t\tsermonMedia.addAudio('', \"jquery_jplayer_1\");\n\t\t\t\t\t}\n\t\t\t\t\tjQuery.jPlayer.timeFormat.showHour = true;\n\t\t\t\t\tjQuery(\"#jquery_jplayer_1\").jPlayer({\n\t\t\t\t\t\tready: function(event) {\n\t\t\t\t\t\t\tjQuery(this).jPlayer(\"setMedia\", {mp3: 'https:\/\/newmessage.org\/av\/gods-plan-is-to-save-everyone.mp3'});\n\t\t\t\t\t\t},\n\t\t\t\t\t\tplay: function() {\n\t\t\t\t\t\t\tjQuery(this).jPlayer(\"pauseOthers\");\n\t\t\t\t\t\t},\n\t\t\t\t\t\tswfPath: ThemeData.directory_uri+\"\/swf\",\n\t\t\t\t\t\tsolution: \"html, flash\",\n\t\t\t\t\t\tpreload: \"metadata\",\n\t\t\t\t\t\twmode: \"window\",\n\t\t\t\t\t\tsupplied: \"mp3\",\n\t\t\t\t\t\tcssSelectorAncestor: '#jp_container_1'\n\t\t\t\t\t});\n\t\t\t\t});\n\t\t\t<\/script><\/p>\n<p><a title=\"O Plano de Deus \u00e9 salvar a todos\" href=\"\/\/www.newmessage.org\/av\/gods-plan-is-to-save-everyone.mp3\">Baixar<\/a> (clique com o bot\u00e3o direito para baixar)<\/p>\n<p><em>Assim como revelado a<br \/>\nMarshall Vian Summers<br \/>\nem 14 de outubro de 2014<br \/>\nem Boulder, Colorado, EUA.<\/em><\/p>\n<div class=\"toggle toggle-white\"><h4 class=\"trigger \"><span class=\"t_ico\"><\/span><a href=\"#\">Sobre esta grava\u00e7\u00e3o<\/a><\/h4><div class=\"toggle_container \"><br \/>\n<p>Nesta grava\u00e7\u00e3o em \u00e1udio voc\u00ea est\u00e1 ouvindo a voz da <a href=\"\/a-mensagem\/termos-importantes#aa\">Assembleia Ang\u00e9lica<\/a> falando atrav\u00e9s do <a href=\"\/o-mensageiro-de-deus\/quem-e-marshallviansummers\">Mensageiro Marshall Vian Summers<\/a>.<\/p>\n<p>Aqui, a comunica\u00e7\u00e3o original de Deus, que existe al\u00e9m de palavras, \u00e9 traduzida em linguagem e entendimento humano pela <a href=\"\/a-mensagem\/termos-importantes#aa\">Assembleia Ang\u00e9lica<\/a> que supervisiona o mundo. A Assembleia em seguida entrega a Mensagem de Deus atrav\u00e9s do Mensageiro.<\/p>\n<p>Neste processo incr\u00edvel a <a href=\"\/a-mensagem\/termos-importantes#voz\">Voz da Revela\u00e7\u00e3o<\/a> est\u00e1 falando novamente. A Palavra e o Som est\u00e3o no mundo. Pela primeira vez na hist\u00f3ria, a grava\u00e7\u00e3o de uma revela\u00e7\u00e3o original falada est\u00e1 dispon\u00edvel a voc\u00ea e ao mundo para ser vivenciada.<\/p>\n<p>Que voc\u00ea seja o recipiente desta d\u00e1diva de Revela\u00e7\u00e3o e que voc\u00ea esteja aberto para receber a sua Mensagem \u00fanica para voc\u00ea e para a sua vida.<\/p>\n<br \/>\n<\/div><\/div>\n<p><\/div>\n<div id=\"tabs-2\"><br \/>\n<\/div>\n\t\t\t\t<div align=\"right\">\n\t\t\t<div class=\"fb-like\" data-href=\"\" data-layout=\"button_count\" data-action=\"like\" data-show-faces=\"false\" data-share=\"false\"><\/div>\n\t\t\t<div class=\"fb-share-button\" data-layout=\"button_count\"> <\/div>\n\t\t\t<div class=\"fb_iframe_widget\"><a href=\"https:\/\/twitter.com\/godsnewmessage?ref_src=twsrc%5Etfw\" class=\"twitter-follow-button\" data-show-count=\"false\">Follow @godsnewmessage<\/a><script async src=\"https:\/\/platform.twitter.com\/widgets.js\" charset=\"utf-8\"><\/script><\/div>\n\t\t\t<\/div> <\/div> \n\n<p>Hoje N\u00f3s falaremos do Grande Amor de Deus pelo mundo.<\/p>\n<p>Vivendo em Separa\u00e7\u00e3o, as pessoas escolheram vir para um mundo de dificuldades, um mundo de mudan\u00e7as, um mundo que requer adapta\u00e7\u00e3o constante, um mundo de competi\u00e7\u00e3o por recursos, um mundo de beleza, mas tamb\u00e9m um mundo de adversidade.<\/p>\n<p>Esse \u00e9 o mundo natural, que voc\u00ea pode admirar, mas no qual voc\u00ea precisa aprender a sobreviver. N\u00e3o \u00e9 uma tarefa f\u00e1cil.<\/p>\n<p>O C\u00e9u criou este ambiente por toda parte no universo como um lugar para os separados viverem, para aqueles que escolheram vir para uma forma e para serem individualizados desta maneira. \u00c9 um ambiente de crescimento e expans\u00e3o, um ambiente que poucos neste mundo realmente entendem.<\/p>\n<p>Escolhendo a Separa\u00e7\u00e3o, voc\u00ea teve que vir para um ambiente muito diferente daquele que voc\u00ea deixou. E diferente ele \u00e9, verdadeiramente. Voc\u00ea n\u00e3o consegue imaginar a sua Antiga Morada, vivendo em Separa\u00e7\u00e3o. E, de fato, \u00e9 dif\u00edcil imaginar como \u00e9 viver num ambiente f\u00edsico quando voc\u00ea est\u00e1 habitando na sua Antiga Morada, para a qual voc\u00ea retornar\u00e1 eventualmente.<\/p>\n<p>Pois o Plano de Deus \u00e9 salvar a todos. \u00c9 um plano t\u00e3o requintado, t\u00e3o perfeito, voc\u00ea dificilmente pode imagin\u00e1-lo \u2013 um Plano n\u00e3o apenas para a fam\u00edlia humana, somente para este pequeno mundo, mas para o universo inteiro e os universos al\u00e9m dele e todas as dimens\u00f5es de exist\u00eancia e manifesta\u00e7\u00e3o f\u00edsicas.<\/p>\n<p>\u00c9 por isso que as religi\u00f5es antigas realmente n\u00e3o podem lhe dar o quadro completo, pois elas n\u00e3o falam da vida al\u00e9m deste mundo. Mas o que Deus est\u00e1 fazendo al\u00e9m deste mundo \u00e9 o que Deus est\u00e1 fazendo aqui.<\/p>\n<p>Ent\u00e3o pela primeira vez na hist\u00f3ria, o grande entendimento est\u00e1 sendo dado \u00e0 fam\u00edlia humana enquanto voc\u00eas est\u00e3o no limiar do espa\u00e7o, enquanto voc\u00eas est\u00e3o no limiar de encontrar vida inteligente no universo \u2013 vida inteligente que j\u00e1 est\u00e1 no mundo.<\/p>\n<p>Pela primeira vez na hist\u00f3ria, voc\u00ea est\u00e1 recebendo um panorama maior de vida para entender a si pr\u00f3prio, a sua vida e o seu prop\u00f3sito por estar no mundo neste momento. Mas para ver isso e entender isso, voc\u00ea precisa ter um entendimento e compreens\u00e3o maiores, n\u00e3o vinculados em filosofias e teologia antigas, mas vinculados num entendimento maior da obra de Deus no universo.<\/p>\n<p>Pela primeira vez em toda a hist\u00f3ria, isso est\u00e1 sendo dado \u00e0 fam\u00edlia humana, n\u00e3o como uma grande jornada para umas poucas pessoas fazerem e experimentarem, mas para a seguran\u00e7a da humanidade, para a preserva\u00e7\u00e3o da civiliza\u00e7\u00e3o humana e para o cultivo de uma liberdade maior no mundo, maior do que qualquer coisa que j\u00e1 tenha sido estabelecida antes aqui.<\/p>\n<p>O prop\u00f3sito ent\u00e3o \u00e9 de import\u00e2ncia cr\u00edtica. N\u00e3o pense que isso \u00e9 uma jornada pessoal de entusiasmo. \u00c9 um modelo para a sobreviv\u00eancia na Comunidade Maior de vida no universo. \u00c9 um modelo para unir suficientemente as religi\u00f5es do mundo para que elas cessem sua oposi\u00e7\u00e3o umas as outras e comecem a apoiar-se mutuamente, cada uma proporcionando caracter\u00edsticas, pr\u00e1ticas e entendimento \u00fanicos para a fam\u00edlia humana. Pois Deus iniciou todas elas, e todas est\u00e3o aqui para servir ao crescimento e a preserva\u00e7\u00e3o da fam\u00edlia humana.<\/p>\n<p>Mas voc\u00eas ainda n\u00e3o conseguem enxergar isso, pois voc\u00eas est\u00e3o atolados em conflitos e controv\u00e9rsias. Voc\u00eas est\u00e3o atolados em julgamento e condena\u00e7\u00e3o. Voc\u00eas est\u00e3o atolados no sectarismo e na oposi\u00e7\u00e3o aos outros. A vossa no\u00e7\u00e3o de Deus \u00e9 particularmente carente a este respeito.<\/p>\n<p>Deus \u00e9 a Fonte de todas as religi\u00f5es do mundo, e mesmo assim elas lutam veementemente umas contra as outras e de fato o fazem por s\u00e9culos. Estando no limiar de uma Comunidade Maior de vida, voc\u00eas n\u00e3o podem permitir esta atividade tr\u00e1gica e destrutiva por mais tempo.<\/p>\n<p>Deus sabe o que a humanidade precisa ter. Deus sabe o que est\u00e1 vindo no horizonte. Deus n\u00e3o quer ver a humanidade fracassar enquanto destr\u00f3i sua funda\u00e7\u00e3o no mundo e enquanto enfrenta, despreparada, um universo, um ambiente competitivo, maior do que qualquer coisa que voc\u00ea pode ver aqui na Terra.<\/p>\n<p>Este \u00e9 o amor de Deus. Voc\u00ea \u00e9 livre para ficar vivendo em Separa\u00e7\u00e3o, pois voc\u00ea foi feito para ser livre. Voc\u00ea \u00e9 livre at\u00e9 mesmo para deixar sua Antiga Morada. Voc\u00ea \u00e9 livre para viver em Separa\u00e7\u00e3o, mas a sua conex\u00e3o com Deus nunca cessou.<\/p>\n<p>Parte de sua mente ainda est\u00e1 conectada a Deus. Parte de sua mente pode responder \u00e0 Orienta\u00e7\u00e3o, ao Poder e \u00e0 Presen\u00e7a de Deus. Parte de sua mente, al\u00e9m do dom\u00ednio e do alcance do intelecto, ainda \u00e9 conectada a sua Antiga Morada e a toda a Cria\u00e7\u00e3o que existe al\u00e9m do reino f\u00edsico.<\/p>\n<p>N\u00e3o pense que isto \u00e9 grande demais para voc\u00ea entender, pois \u00e9 sobre o seu estado natural que N\u00f3s falamos aqui hoje. Tem tudo a ver com o porqu\u00ea de voc\u00ea estar no mundo, quem voc\u00ea precisa encontrar, o que voc\u00ea precisa fazer e o que voc\u00ea precisa evitar se for fazer a sua parte no Plano Maior de Deus para a humanidade e para toda a vida no universo.<\/p>\n<p>Deus \u00e9 maior do que qualquer religi\u00e3o jamais concebeu ou possa conceber, neste mundo ou em qualquer mundo \u2013 um Deus de bilh\u00f5es, bilh\u00f5es, bilh\u00f5es de ra\u00e7as e mais, um Deus de gal\u00e1xias al\u00e9m desta aqui, um Deus da Cria\u00e7\u00e3o al\u00e9m de toda a manifesta\u00e7\u00e3o f\u00edsica. Nenhuma teologia ou filosofia pode abranger este panorama de vida, sabedoria, poder e inten\u00e7\u00e3o.<\/p>\n<p>Ent\u00e3o entenda que todas as suas cren\u00e7as religiosas s\u00e3o relativas em ess\u00eancia, relativas ao tempo, espa\u00e7o e mudan\u00e7a. S\u00e3o todas aproxima\u00e7\u00f5es.<\/p>\n<p>Se elas forem compreendidas de modo correto, elas o auxiliar\u00e3o a progredir. Elas o auxiliar\u00e3o a organizar a sua vida e a viver corretamente para que voc\u00ea n\u00e3o gere vergonha e indignidade para si mesmo.<\/p>\n<p>Mas a religi\u00e3o n\u00e3o \u00e9 concebida corretamente. O amor de Deus agora est\u00e1 revestido de peti\u00e7\u00f5es por milagres e dispensa\u00e7\u00f5es. E Deus ainda \u00e9 retratado como irado, vingativo e castigador no cerne da maioria das teologias do mundo.<\/p>\n<p>Portanto, para entender o amor de Deus, para entender o Plano de Deus para salvar a todos, voc\u00ea deve ter olhos para ver al\u00e9m do que voc\u00ea est\u00e1 acostumado, al\u00e9m, talvez, daquilo que lhe foi ensinado. Al\u00e9m de seu condicionamento religioso e social, at\u00e9 um certo grau, voc\u00ea deve ver.<\/p>\n<p>E quando o fizer, o significado da sua vida come\u00e7ar\u00e1 a se tornar evidente. Voc\u00ea sentir\u00e1 como se tivesse sido libertado de uma pris\u00e3o, uma pris\u00e3o dentro da sua mente, uma pris\u00e3o de condicionamento e de cren\u00e7a religiosa.<\/p>\n<p>Pois voc\u00ea n\u00e3o chega ao C\u00e9u baseado em cren\u00e7as. O seu caminho ao C\u00e9u tem a ver com contribui\u00e7\u00e3o no mundo, baseada em toler\u00e2ncia, perd\u00e3o e servi\u00e7o aos outros. Seja voc\u00ea de qualquer tradi\u00e7\u00e3o de f\u00e9, seja voc\u00ea de nenhuma tradi\u00e7\u00e3o de f\u00e9, sua vida ou \u00e9 intencional em rela\u00e7\u00e3o a isso ou n\u00e3o. Curvar-se a Deus n\u00e3o significa nada se voc\u00ea n\u00e3o vai seguir o que Deus lhe deu para seguir dentro de si mesmo.<\/p>\n<p>Pois Deus n\u00e3o est\u00e1 limitado pelas escrituras, e o que Deus colocou dentro de voc\u00ea est\u00e1 al\u00e9m das escrituras. Deixe as escrituras prepar\u00e1-lo para este engajamento mais profundo, mas n\u00e3o as deixe substituir este engajamento mais profundo.<\/p>\n<p>Pois parte de voc\u00ea ainda est\u00e1 conectada a Deus, e esta \u00e9 a parte que voc\u00ea precisa aprender a reconhecer, a discernir dentre as outras vozes e impulsos na sua mente, a parte que voc\u00ea precisa aprender a seguir, a parte que voc\u00ea tem em comum com todos os outros que habitam aqui.<\/p>\n<p>Todos est\u00e3o no mundo por um prop\u00f3sito, mas apenas essa parte de voc\u00ea sabe qual \u00e9 esse prop\u00f3sito, e ela \u00e9 obrigada a gui\u00e1-lo, se poss\u00edvel, a cumprir o seu encontro com outros, e a prepar\u00e1-lo para uma vida maior de servi\u00e7o e realiza\u00e7\u00e3o aqui.<\/p>\n<p>Tudo o que N\u00f3s estamos lhe dizendo aqui hoje ir\u00e1 prepar\u00e1-lo para a compreens\u00e3o do Plano de Deus de salvar a todos.<\/p>\n<p>Deus n\u00e3o fica chocado com seus erros, Deus n\u00e3o fica chocado com todas as trag\u00e9dias da humanidade aqui na Terra \u2013 sua crueldade, sua destrui\u00e7\u00e3o. Deus n\u00e3o fica chocado com seus erros, sua insensatez, sua auto-deprecia\u00e7\u00e3o, sua deprecia\u00e7\u00e3o de outros porque Deus sabe que sem este Conhecimento para gui\u00e1-lo, voc\u00ea viver\u00e1 em confus\u00e3o, e da confus\u00e3o vir\u00e1 o erro, e do erro vir\u00e1 a crueldade e a viol\u00eancia com respeito a si e aos outros.<\/p>\n<p>Deus n\u00e3o ir\u00e1 pun\u00ed-lo por isto, pois Deus sabe que se voc\u00ea n\u00e3o est\u00e1 conectado ao Conhecimento mais profundo que Deus colocou dentro de voc\u00ea, a parte de voc\u00ea que nunca deixou Deus, seus erros ser\u00e3o inevit\u00e1veis. Mesmo se tentar viver uma vida muito boa e \u00edntegra, voc\u00ea ainda ficar\u00e1 confuso e constantemente perseguido pelas suas incertezas e mis\u00e9rias e em julgamento do mundo ao seu redor.<\/p>\n<p>As pessoas tentam se adaptar a isto de todas as maneiras poss\u00edveis, seja positiva ou negativamente, mas na verdade tudo acaba sendo o mesmo. Pois sem o Conhecimento, voc\u00ea n\u00e3o sabe de onde veio. Voc\u00ea n\u00e3o sabe o que est\u00e1 fazendo. Voc\u00ea n\u00e3o sabe onde necessita verdadeiramente ir na vida. E o tempo todo voc\u00ea sente um vazio por dentro, reconhecendo, ao menos momentaneamente aqui e ali, que voc\u00ea n\u00e3o est\u00e1 vivendo a vida que voc\u00ea est\u00e1 destinado a viver.<\/p>\n<p>Mesmo se voc\u00ea possuir riqueza e esplendor, mesmo que voc\u00ea pare\u00e7a ter tudo o que a sociedade acumula como valioso, este vazio ainda residir\u00e1 dentro de si a menos que esteja seguindo aquilo que voc\u00ea deve seguir, o que est\u00e1 al\u00e9m da compreens\u00e3o, mas que \u00e9 a experi\u00eancia mais poderosa que voc\u00ea pode ter na vida, uma vez que voc\u00ea inicie este engajamento.<\/p>\n<p>Deus sabe que voc\u00ea n\u00e3o pode se separar completamente do C\u00e9u e da Cria\u00e7\u00e3o. E em sua jornada aqui na realidade f\u00edsica, voc\u00ea perderia isto de vista porque \u00e9 muito dif\u00edcil viver neste ambiente.<\/p>\n<p>O seu estado natural, a sua resson\u00e2ncia natural com a Cria\u00e7\u00e3o seria substitu\u00edda por todas as impress\u00f5es do mundo, pela dor do mundo; pelas loucuras do mundo; pelas indu\u00e7\u00f5es de outros for\u00e7ando voc\u00ea a se adaptar, muitas vezes de forma muito antinatural, \u00e0s suas circunst\u00e2ncias, \u00e0 sua fam\u00edlia, \u00e0 sua cultura, \u00e0 sua religi\u00e3o at\u00e9 que voc\u00ea se torne t\u00e3o distorcido que n\u00e3o possua mais no\u00e7\u00e3o de si mesmo. Voc\u00ea \u00e9 um estranho para si mesmo. Voc\u00ea julga a si como julga a todos os outros, baseado em impress\u00f5es e valores que lhe foram incutidos pela sua cultura, que n\u00e3o s\u00e3o inatos a quem voc\u00ea \u00e9.<\/p>\n<p>Deus compreende essas coisas. Deus colocou o Conhecimento dentro de voc\u00ea para gui\u00e1-lo, para proteg\u00ea-lo, para conduz\u00ed-lo a uma vida maior de servi\u00e7o no mundo.<\/p>\n<p>Mas isto requer uma abordagem nova. Embora o Caminho do Conhecimento tenha sido parte de cada religi\u00e3o mundial, ele foi contido, assim as pessoas do mundo n\u00e3o podiam t\u00ea-lo, n\u00e3o podiam encontr\u00e1-lo, n\u00e3o podiam ouvir falar disso. Contido, pelos poderes dominantes. Contido, pelos corpos eclesi\u00e1sticos. Contido, pelos governantes das na\u00e7\u00f5es.<\/p>\n<p>Este tipo de liberdade era desconhecido no mundo antigo exceto em muito raras exce\u00e7\u00f5es e \u00e9 desconhecido hoje em grande parte do mundo. Aquela pessoa que pode se guiar internamente parece ser uma amea\u00e7a \u00e0 sociedade, ao governo, \u00e0 estabilidade, \u00e0 cultura.<\/p>\n<p>Mas se voc\u00ea pudesse entender o que N\u00f3s estamos dizendo hoje, voc\u00ea entenderia que o Conhecimento dentro de si n\u00e3o pode estar em oposi\u00e7\u00e3o ao Conhecimento dentro de outro. E este \u00e9 o grande pacificador no mundo.<\/p>\n<p>Voc\u00eas podem fazer acordos de paz. Voc\u00eas podem conter a agress\u00e3o da guerra. Voc\u00eas podem restringir na\u00e7\u00f5es e pessoas de atacarem umas \u00e0s outras, mas voc\u00eas ainda n\u00e3o alcan\u00e7aram o que realmente ser\u00e1 exigido para estabelecer uma sociedade igualit\u00e1ria e justa aqui.<\/p>\n<p>Deus colocou uma consci\u00eancia mais profunda dentro de todas as pessoas. Se isto for coberto por outras coisas, as pessoas n\u00e3o a experimentar\u00e3o, exceto talvez aqui e ali, em momentos de medo ou culpa ou confus\u00e3o.<\/p>\n<p>A parte de voc\u00ea que nunca deixou Deus \u00e9 justa. N\u00e3o est\u00e1 em oposi\u00e7\u00e3o a outros. Pontos-de-vista ir\u00e3o diferir. Abordagens ir\u00e3o diferir. O entendimento n\u00e3o ser\u00e1 o mesmo neste mundo. Mas o Conhecimento pode superar todas essas coisas entre pessoas de na\u00e7\u00f5es diferentes, religi\u00f5es diferentes, culturas diferentes, orienta\u00e7\u00f5es diferentes.<\/p>\n<p>Todas estas coisas que ficam entre as pessoas, que separam as pessoas, que colocam as pessoas em conflito entre si podem ser superadas por aquilo que N\u00f3s falamos aqui hoje.<\/p>\n<p>Pois o Plano de Deus \u00e9 salvar a todos. Mas o Plano de Deus n\u00e3o \u00e9 o que as pessoas pensam ou entendem. Isto levar\u00e1 tempo, mas tempo n\u00e3o \u00e9 nada para Deus. Tempo \u00e9 tudo para voc\u00eas, que vivem no tempo e precisam se preocupar em n\u00e3o desperdi\u00e7ar o tempo \u2013 o tempo da sua vida, o valor da sua vida, o tempo que lhe foi dado aqui.<\/p>\n<p>O Plano de Deus \u00e9 salvar a todos. Isto mudar\u00e1 as cren\u00e7as religiosas e as filosofias das religi\u00f5es mundiais. Mas isto precisa ser dado com toda uma Nova Mensagem de Deus, pois n\u00e3o \u00e9 simplesmente uma ideia isolada. \u00c9 criar todo um entendimento novo, um entendimento que \u00e9 inato a quem voc\u00ea \u00e9, que se aplica a todos, que se aplica a outras ra\u00e7as no universo, que se aplica a todo o universo. Pois Deus n\u00e3o tem um Plano diferente para cada pequeno mundo.<\/p>\n<p>O Deus que N\u00f3s falamos \u00e9 t\u00e3o vasto, e ainda assim Deus fala a voc\u00ea em sua parte mais \u00edntima \u2013 um lugar sagrado, um lugar eterno, um lugar muito profundo. Voc\u00ea precisa ir a esta profundidade se quiser entender e ter a experi\u00eancia aut\u00eantica de engajamento da qual N\u00f3s falamos hoje aqui.<\/p>\n<p>O Plano de Deus \u00e9 recuperar todos os separados em toda parte, pois voc\u00ea nunca realmente poder\u00e1 estar completamente separado de Deus. Ent\u00e3o, mesmo se voc\u00ea cria o Inferno na Terra para si mesmo, voc\u00ea ainda est\u00e1 conectado a Deus.<\/p>\n<p>O Conhecimento est\u00e1 com voc\u00ea \u2013 aqui, ali e em todos os lugares. Voc\u00ea nunca poder\u00e1 perd\u00ea-lo. Ele nunca poder\u00e1 ser tirado de voc\u00ea. Voc\u00ea pode esquec\u00ea-lo. Voc\u00ea pode neg\u00e1-lo. Voc\u00ea pode fugir dele. Voc\u00ea pode viver uma vida separado dele. Mas ele est\u00e1 sempre com voc\u00ea.<\/p>\n<p>Voc\u00ea est\u00e1 amarrado ao C\u00e9u, entende? N\u00e3o importa qu\u00e3o degradante a sua vida no mundo, n\u00e3o importa qu\u00e3o brutais as suas circunst\u00e2ncias, n\u00e3o importa qu\u00e3o terr\u00edveis as opress\u00f5es pol\u00edticas ou religiosas sob as quais voc\u00ea vive, voc\u00ea ainda est\u00e1 conectado desta maneira, e \u00e9 assim que Deus ir\u00e1 salv\u00e1-lo.<\/p>\n<p>Deus n\u00e3o est\u00e1 preocupado com suas cren\u00e7as religiosas. O valor delas \u00e9 somente at\u00e9 o grau em que conseguem conect\u00e1-lo com esta intelig\u00eancia mais profunda, esta parte mais profunda de voc\u00ea da qual N\u00f3s falamos.<\/p>\n<p>Possuir uma cren\u00e7a maravilhosa ou correta n\u00e3o ir\u00e1 criar uma ponte entre voc\u00ea e a sua Fonte. Acreditar em um professor n\u00e3o far\u00e1 uma diferen\u00e7a aqui. Acreditar em um dos grandes Mensageiros que vieram da Assembleia Ang\u00e9lica para a Terra n\u00e3o \u00e9 suficiente.<\/p>\n<p>Voc\u00ea precisa seguir aquilo que lhe foi dado para seguir. Voc\u00ea precisa viver sua vida de acordo com isso, dentro da religi\u00e3o ou al\u00e9m da religi\u00e3o, onde quer que voc\u00ea esteja destinado a estar. \u00c9 assim que Deus ir\u00e1 salv\u00e1-lo.<\/p>\n<p>Quando voc\u00ea tiver completado seu aprendizado aqui no mundo, voc\u00ea se juntar\u00e1 a uma Assembleia maior que supervisiona a vida neste mundo para ajudar aqueles que ficaram para tr\u00e1s. As suas realiza\u00e7\u00f5es n\u00e3o ser\u00e3o desperdi\u00e7adas.<\/p>\n<p>Quando voc\u00ea n\u00e3o precisar mais estar neste mundo ou viver na realidade f\u00edsica, o seu treinamento ainda n\u00e3o estar\u00e1 completo. Voc\u00ea entrar\u00e1 num n\u00edvel de servi\u00e7o para auxiliar aqueles que ficaram para tr\u00e1s. \u00c9 assim que Deus coloca todos que vivem em Separa\u00e7\u00e3o em servi\u00e7o para a salva\u00e7\u00e3o de todos. Um Plano t\u00e3o belo que voc\u00ea n\u00e3o pode nem mesmo imaginar como ele funciona. Um Plano t\u00e3o completo que n\u00e3o pode falhar no tempo.<\/p>\n<p>Mas tempo \u00e9 o seu problema, entende? Pois voc\u00ea est\u00e1 definhando no tempo. Voc\u00ea est\u00e1 sofrendo no tempo. A sua vida tem sido mal gasta. Voc\u00ea n\u00e3o est\u00e1 indo a lugar algum. Voc\u00ea n\u00e3o est\u00e1 encontrando aquilo que precisa encontrar e fazendo aquilo que precisa fazer. Ainda n\u00e3o. Talvez voc\u00ea esteja perto. Talvez esteja longe.<\/p>\n<p>Este \u00e9 o Chamado do C\u00e9u. \u00c9 assim que Deus ir\u00e1 salvar a todos. Para aceitar isso, voc\u00ea precisa aprender a ter considera\u00e7\u00e3o para consigo e com os outros. Voc\u00ea precisa ver que seus erros s\u00e3o o resultado de viver sem o Conhecimento. Voc\u00ea precisa ver que as trag\u00e9dias, os erros e os conflitos da humanidade s\u00e3o todos resultantes de as pessoas n\u00e3o estarem cientes destas coisas que N\u00f3s estamos falando.<\/p>\n<p>Sem o Conhecimento, as pessoas se identificar\u00e3o com suas ideias e suas cren\u00e7as, sua agenda pol\u00edtica, sua agenda religiosa, muito do qual baseia-se em conflitos e oposi\u00e7\u00e3o aos outros.<\/p>\n<p>\u00c9 uma situa\u00e7\u00e3o desesperan\u00e7osa. Mas existe uma sa\u00edda desta selva, e Deus colocou o poder dentro de voc\u00ea para conduz\u00ed-lo para fora, passo a passo. Voc\u00ea n\u00e3o entender\u00e1 \u00e0 medida que avan\u00e7a. Voc\u00ea necessita apenas dar o pr\u00f3ximo passo. Voc\u00ea ainda n\u00e3o entende o que realmente est\u00e1 acontecendo em sua vida. Mas voc\u00ea precisa confiar em si o bastante, e precisa parar de condenar os outros para que sua mente possa se abrir, para que voc\u00ea possa come\u00e7ar a responder.<\/p>\n<p>A Nova Revela\u00e7\u00e3o de Deus no mundo est\u00e1 chamando ao mundo inteiro e fornecendo o caminho que est\u00e1 no cora\u00e7\u00e3o de todas as religi\u00f5es mundiais, mas que nunca foi disponibilizado antes. Pois o Plano de Deus \u00e9 salvar a todos. E a sua estada no mundo \u00e9 parte deste Plano.<\/p>\n","protected":false},"excerpt":{"rendered":"<p>Hoje N\u00f3s falaremos do Grande Amor de Deus pelo mundo. Vivendo em Separa\u00e7\u00e3o, as pessoas escolheram vir para um mundo de dificuldades, um mundo de mudan\u00e7as, um mundo que requer adapta\u00e7\u00e3o constante, um mundo de competi\u00e7\u00e3o por recursos, um mundo de beleza, mas tamb\u00e9m um mundo de adversidade. Esse \u00e9 o mundo natural, que voc\u00ea\u2026 <a class=\"read-more\" href=\"https:\/\/www.v6.newmessage.org\/pt\/about-recording-shortcode\"><span>Read More<\/span><\/a><\/p>\n","protected":false},"author":1,"featured_media":0,"parent":16297,"menu_order":3,"comment_status":"closed","ping_status":"closed","template":"template-leftsidebar.php","meta":{"_monsterinsights_skip_tracking":false,"_monsterinsights_sitenote_active":false,"_monsterinsights_sitenote_note":"","_monsterinsights_sitenote_category":0,"footnotes":""},"categories":[76,118,30,379,460],"tags":[],"_links":{"self":[{"href":"https:\/\/www.v6.newmessage.org\/pt\/wp-json\/wp\/v2\/pages\/17072"}],"collection":[{"href":"https:\/\/www.v6.newmessage.org\/pt\/wp-json\/wp\/v2\/pages"}],"about":[{"href":"https:\/\/www.v6.newmessage.org\/pt\/wp-json\/wp\/v2\/types\/page"}],"author":[{"embeddable":true,"href":"https:\/\/www.v6.newmessage.org\/pt\/wp-json\/wp\/v2\/users\/1"}],"replies":[{"embeddable":true,"href":"https:\/\/www.v6.newmessage.org\/pt\/wp-json\/wp\/v2\/comments?post=17072"}],"version-history":[{"count":20,"href":"https:\/\/www.v6.newmessage.org\/pt\/wp-json\/wp\/v2\/pages\/17072\/revisions"}],"predecessor-version":[{"id":27659,"href":"https:\/\/www.v6.newmessage.org\/pt\/wp-json\/wp\/v2\/pages\/17072\/revisions\/27659"}],"up":[{"embeddable":true,"href":"https:\/\/www.v6.newmessage.org\/pt\/wp-json\/wp\/v2\/pages\/16297"}],"wp:attachment":[{"href":"https:\/\/www.v6.newmessage.org\/pt\/wp-json\/wp\/v2\/media?parent=17072"}],"wp:term":[{"taxonomy":"category","embeddable":true,"href":"https:\/\/www.v6.newmessage.org\/pt\/wp-json\/wp\/v2\/categories?post=17072"},{"taxonomy":"post_tag","embeddable":true,"href":"https:\/\/www.v6.newmessage.org\/pt\/wp-json\/wp\/v2\/tags?post=17072"}],"curies":[{"name":"wp","href":"https:\/\/api.w.org\/{rel}","templated":true}]}}