{"id":16492,"date":"2014-10-29T23:53:02","date_gmt":"2014-10-29T23:53:02","guid":{"rendered":"http:\/\/www.newmessage.org\/?page_id=16492"},"modified":"2022-11-02T20:59:14","modified_gmt":"2022-11-02T20:59:14","slug":"a-religiao-pura","status":"publish","type":"page","link":"https:\/\/www.v6.newmessage.org\/pt\/a-mensagem\/volume-1\/a-religiao-pura","title":{"rendered":"A Religi\u00e3o Pura"},"content":{"rendered":"<p><img decoding=\"async\" class=\"alignright size-large wp-image-43970 imgborder\" src=\"https:\/\/www.newmessage.org\/pt\/wp-content\/uploads\/sites\/36\/2020\/04\/TPR-front-cover-Portuguese.jpeg\" alt=\"The Pure Religion\" \/><br \/>\n<em>A Religi\u00e3o Pura<\/em> \u00e9 um livro de revela\u00e7\u00e3o dado por Deus para revelar de uma nova forma o cora\u00e7\u00e3o e significado mais profundos das religi\u00f5es do mundo, e o Poder e Presen\u00e7a de Deus, que busca falar a todas as pessoas de todas as tradi\u00e7\u00f5es de f\u00e9 no mundo nesta \u00e9poca.<\/p>\n<p><em>A Religi\u00e3o Pura<\/em> \u00e9 o caminho atemporal de despertar, de reden\u00e7\u00e3o e de retorno ao Criador, iniciado por Deus no in\u00edcio da Separa\u00e7\u00e3o e ent\u00e3o introduzido em todos os mundos no universo onde existe vida inteligente. <em>A Religi\u00e3o Pura<\/em> \u00e9 a resposta de Deus para a trag\u00e9dia e sofrimento que o viver em um estado de Separa\u00e7\u00e3o de Deus criou na hist\u00f3ria da religi\u00e3o neste mundo. \u00c9 a comunica\u00e7\u00e3o viva de Deus para toda a vida, chamando todos aqueles ainda vivendo em Separa\u00e7\u00e3o para retornar \u00e0 unidade de Deus, oferecendo um caminho de retorno.<\/p>\n<p>Deus falou novamente, entregando uma nova Revela\u00e7\u00e3o \u00e0 humanidade. Esta Revela\u00e7\u00e3o \u00e9 uma reflex\u00e3o direta da espiritualidade pura que est\u00e1 no cora\u00e7\u00e3o de todas as religi\u00f5es do mundo.<\/p>\n<p>A Nova Mensagem proclama que ningu\u00e9m pode afirmar que a sua religi\u00e3o \u00e9 a \u00fanica religi\u00e3o verdadeira. Ao inv\u00e9s disto, existe a chamada pura e misteriosa de Deus para cada pessoa no mundo. Este chamado soa a todas as pessoas, sejam elas crist\u00e3s, mu\u00e7ulmanas, judeus, budistas, uma pessoa de outra f\u00e9 ou uma pessoa com nenhuma f\u00e9 em particular. Este \u00e9 um chamado interior, chamando a cada pessoa para ir al\u00e9m do confinamento da cren\u00e7a e para entrar uma vida de experi\u00eancia mais profunda, relacionamentos mais profundos e prop\u00f3sito maior no mundo.<\/p>\n<p>Uma Nova Mensagem de Deus chegou ao mundo. Ela \u00e9 uma express\u00e3o da conex\u00e3o atemporal pura com Deus assim como ela existiu atrav\u00e9s da hist\u00f3ria humana e desde o come\u00e7o do universo manifesto. A humanidade agora tem acesso direto a esta experi\u00eancia pura, n\u00e3o obstru\u00edda<\/p>\n<p>A New Message from God has come into the world. It is an expression of the timeless pure connection with God as it has existed throughout human history and since the beginning of the manifest universe. Humanity now has direct access to this pure experience, desobstru\u00edda da m\u00e1 compreens\u00e3o, autoridade e corrup\u00e7\u00e3o humanas. Ela entrou agora no mundo de forma nova.<\/p>\n<div class=\"background-color-bridesmaid padding-20\">\n<h2 style=\"text-align: left;\"><span style=\"color: #525252;\">\u00cdndice<\/span><\/h2>\n<span class=\"hdark\" ><em>A Religi\u00e3o Pura<\/em> estar\u00e1 dispon\u00edvel online e em vers\u00e3o impressa em 2018 <a href=\"https:\/\/www.newmessage.org\/the-message\/volume-1\/pure-religion\">em ingl\u00eas<\/a>. Alguns cap\u00edtulos de <em>A Religi\u00e3o Pura<\/em> j\u00e1 est\u00e3o traduzidos abaixo.<\/span>\n<p><\/p>\n<p><a title=\"A Religi\u00e3o Pura\" href=\"\/pt\/a-mensagem\/volume-1\/a-religiao-pura\/a-religiao-pura\">A religi\u00e3o pura<\/a><\/p>\n<p>A Nova Mensagem de Deus para as religi\u00f5es do mundo (n\u00e3o dispon\u00edvel)<\/p>\n<p>O Poder e Presen\u00e7a de Deus no mundo (n\u00e3o dispon\u00edvel)<\/p>\n<p><a title=\"A Voz da Revela\u00e7\u00e3o\" href=\"\/pt\/a-mensagem\/volume-1\/a-religiao-pura\/voz-da-revelacao\">A Voz da Revela\u00e7\u00e3o<\/a><\/p>\n<p>Fundamentalismo religioso (n\u00e3o dispon\u00edvel)<\/p>\n<p>Viol\u00eancia religiosa (n\u00e3o dispon\u00edvel)<\/p>\n<p>Jesus e a Nova Mensagem de Deus (n\u00e3o dispon\u00edvel)<\/p>\n<p>Muhammad e a Nova Mensagem de Deus (n\u00e3o dispon\u00edvel)<\/p>\n<p>Buda e a Nova Mensagem de Deus (n\u00e3o dispon\u00edvel)<\/p>\n<p>A Nova Mensagem de Deus para o mundo isl\u00e2mico (n\u00e3o dispon\u00edvel)<\/p>\n<p><a title=\"A grande f\u00e9\" href=\"\/pt\/a-mensagem\/volume-1\/a-religiao-pura\/a-grande-fe\">A grande f\u00e9<\/a><\/p>\n<\/div>\n","protected":false},"excerpt":{"rendered":"<p>A Religi\u00e3o Pura \u00e9 um livro de revela\u00e7\u00e3o dado por Deus para revelar de uma nova forma o cora\u00e7\u00e3o e significado mais profundos das religi\u00f5es do mundo, e o Poder e Presen\u00e7a de Deus, que busca falar a todas as pessoas de todas as tradi\u00e7\u00f5es de f\u00e9 no mundo nesta \u00e9poca. A Religi\u00e3o Pura \u00e9\u2026 <a class=\"read-more\" href=\"https:\/\/www.v6.newmessage.org\/pt\/a-mensagem\/volume-1\/a-religiao-pura\"><span>Read More<\/span><\/a><\/p>\n","protected":false},"author":1,"featured_media":0,"parent":16287,"menu_order":4,"comment_status":"closed","ping_status":"closed","template":"template-leftsidebar.php","meta":{"_monsterinsights_skip_tracking":false,"_monsterinsights_sitenote_active":false,"_monsterinsights_sitenote_note":"","_monsterinsights_sitenote_category":0,"footnotes":""},"categories":[466,460],"tags":[],"_links":{"self":[{"href":"https:\/\/www.v6.newmessage.org\/pt\/wp-json\/wp\/v2\/pages\/16492"}],"collection":[{"href":"https:\/\/www.v6.newmessage.org\/pt\/wp-json\/wp\/v2\/pages"}],"about":[{"href":"https:\/\/www.v6.newmessage.org\/pt\/wp-json\/wp\/v2\/types\/page"}],"author":[{"embeddable":true,"href":"https:\/\/www.v6.newmessage.org\/pt\/wp-json\/wp\/v2\/users\/1"}],"replies":[{"embeddable":true,"href":"https:\/\/www.v6.newmessage.org\/pt\/wp-json\/wp\/v2\/comments?post=16492"}],"version-history":[{"count":53,"href":"https:\/\/www.v6.newmessage.org\/pt\/wp-json\/wp\/v2\/pages\/16492\/revisions"}],"predecessor-version":[{"id":27929,"href":"https:\/\/www.v6.newmessage.org\/pt\/wp-json\/wp\/v2\/pages\/16492\/revisions\/27929"}],"up":[{"embeddable":true,"href":"https:\/\/www.v6.newmessage.org\/pt\/wp-json\/wp\/v2\/pages\/16287"}],"wp:attachment":[{"href":"https:\/\/www.v6.newmessage.org\/pt\/wp-json\/wp\/v2\/media?parent=16492"}],"wp:term":[{"taxonomy":"category","embeddable":true,"href":"https:\/\/www.v6.newmessage.org\/pt\/wp-json\/wp\/v2\/categories?post=16492"},{"taxonomy":"post_tag","embeddable":true,"href":"https:\/\/www.v6.newmessage.org\/pt\/wp-json\/wp\/v2\/tags?post=16492"}],"curies":[{"name":"wp","href":"https:\/\/api.w.org\/{rel}","templated":true}]}}